{"id":3191,"date":"2023-11-10T18:42:50","date_gmt":"2023-11-10T18:42:50","guid":{"rendered":"https:\/\/exceladvisor.org\/de\/fugen-sie-eine-horizontale-linie-hinzu\/"},"modified":"2023-12-03T11:20:45","modified_gmt":"2023-12-03T11:20:45","slug":"fugen-sie-eine-horizontale-linie-hinzu","status":"publish","type":"page","link":"https:\/\/exceladvisor.org\/de\/fugen-sie-eine-horizontale-linie-hinzu\/","title":{"rendered":"Wie f\u00fcge ich einem diagramm eine horizontale linie hinzu?"},"content":{"rendered":"<div class=\"excel-vor-dem-inhalt\" id=\"excel-1391307008\"><script type=\"text\/javascript\">\r\n\tatOptions = {\r\n\t\t'key' : 'c1158f160081d6540a8409e6925dab94',\r\n\t\t'format' : 'iframe',\r\n\t\t'height' : 250,\r\n\t\t'width' : 300,\r\n\t\t'params' : {}\r\n\t};\r\n<\/script>\r\n<script type=\"text\/javascript\" src=\"\/\/www.highperformanceformat.com\/c1158f160081d6540a8409e6925dab94\/invoke.js\"><\/script><\/div> <p>Beim Erstellen eines Diagramms in Excel k\u00f6nnen Sie eine horizontale Linie als Ziellinie oder Durchschnittslinie verwenden. Dies kann Ihnen helfen, den Erfolg mit dem Ziel zu vergleichen. Schauen Sie sich einfach die Tabelle unten an. <\/p><div class=\"wp-block-image\"><figure class=\"aligncenter\"><img decoding=\"async\" src=\"https:\/\/exceladvisor.org\/wp-content\/uploads\/2023\/08\/comment-ajouter-une-ligne-horizontale-au-graphique-Excel-en-utilisant-les-meilleures-pratiques-1.gif\" sizes=\"\" srcset=\"\" alt=\"So f\u00fcgen Sie mithilfe von Best Practices horizontale Linien zu einem Excel-Diagramm hinzu\"><\/figure><\/div><p> Dir gef\u00e4llt es, oder? Sagen Sie im Kommentarbereich \u201eJa\u201c, wenn es Ihnen gef\u00e4llt. Okay, also h\u00f6ren Sie zu: Nehmen wir an, Sie haben einen Durchschnittswert, den Sie bei Ihren Verk\u00e4ufen das ganze Jahr \u00fcber beibehalten m\u00f6chten. Oder ein konstantes Ziel, das Sie f\u00fcr alle Monate in einem Diagramm anzeigen m\u00f6chten.<\/p><p> In diesem Fall k\u00f6nnen Sie eine gerade horizontale Linie einf\u00fcgen, um diesen Wert darzustellen. Hier liegt das Problem: Diese horizontale Linie kann eine dynamische Linie sein, deren Wert sich \u00e4ndert, oder eine Linie mit einem festen Wert. Und im heutigen Beitrag zeige ich Ihnen genau, wie das geht.<\/p><p> Ich werde Ihnen zeigen, wie Sie eine feste und dynamische horizontale Linie in ein Diagramm einf\u00fcgen k\u00f6nnen.<\/p><h2 class=\"wp-block-heading\"> F\u00fcgen Sie einem Diagramm eine durchschnittliche [horizontale] Linie hinzu<\/h2><p> Eine Durchschnittslinie spielt immer dann eine wichtige Rolle, wenn Sie <a href=\"http:\/\/www.investopedia.com\/articles\/technical\/052201.asp\" target=\"_blank\" rel=\"noreferrer noopener nofollow\">bestimmte Trendlinien und die Auswirkungen verschiedener Faktoren auf den Trend untersuchen<\/a> m\u00fcssen. Und bevor Sie ein Diagramm mit einer horizontalen Linie erstellen, m\u00fcssen Sie die Daten daf\u00fcr vorbereiten.<\/p><p> Bevor ich Ihnen diese Schritte erz\u00e4hle, m\u00f6chte ich Ihnen zeigen, wie ich die Daten konfiguriere. Hier verwende ich ein dynamisches Diagramm, um Ihnen zu zeigen, wie es Ihnen dabei helfen wird, Ihre Pr\u00e4sentation supercool zu machen. <a style=\"outline: none;\" href=\"https:\/\/exceladvisor.org\/wp-content\/uploads\/2023\/11\/donnees-dynamiques-pour-ajouter-une-ligne-dans-un-graphique.xlsx\" rel=\"nofollow\">(Laden Sie diese dynamische Datentabelle hier herunter),<\/a> um mitzumachen. <\/p><div class=\"wp-block-image\"><figure class=\"aligncenter\"><img decoding=\"async\" src=\"https:\/\/exceladvisor.org\/wp-content\/uploads\/2023\/08\/Utiliser-le-tableau-de-donnees-pour-ajouter-une-ligne-horizontale-au-graphique-Excel-1.png\" sizes=\"\" srcset=\"\" alt=\"Verwenden Sie die Datentabelle, um dem Excel-Diagramm eine horizontale Linie hinzuzuf\u00fcgen\"><\/figure><\/div><p> In den obigen Datentabellen erhalte ich mithilfe eines <a href=\"https:\/\/exceladvisor.org\/de\/vsearch-ubereinstimmung\/\">VLOOKUP MATCH<\/a> Daten von der Rohtabelle in die dynamische Tabelle. Jedes Mal, wenn ich in der dynamischen Tabelle das Jahr \u00e4ndere, \u00e4ndern sich automatisch die Verkaufswerte und der Durchschnitt wird \u00fcber diese Verkaufszahlen berechnet.<\/p><p> Nachfolgend finden Sie die Schritte zum Erstellen eines Diagramms mit einer horizontalen Linie.<\/p><ol><li> W\u00e4hlen Sie zun\u00e4chst die Datentabelle aus und f\u00fcgen Sie ein Histogramm ein.<\/li><li> Gehen Sie zu Einf\u00fcgen \u279c Diagramme \u279c Histogramme \u279c 2D-Cluster-Histogramm. Alternativ k\u00f6nnen Sie auch Alt + F1 verwenden, um ein Diagramm einzuf\u00fcgen.<\/li><li> Jetzt haben Sie also ein Histogramm wie unten in Ihrer Tabelle. <br><img loading=\"lazy\" decoding=\"async\" title=\"F\u00fcgen Sie A ein, um dem Excel-Diagramm eine horizontale Linie hinzuzuf\u00fcgen\" src=\"https:\/\/exceladvisor.org\/wp-content\/uploads\/2023\/08\/Inserer-A-pour-ajouter-une-ligne-horizontale-au-graphique-Excel.png\" sizes=\"auto, \" srcset=\"\" alt=\"Insert A To Add Horizontal Line To Excel Chart\" width=\"454\" height=\"272\"><\/li><li> Der n\u00e4chste Schritt besteht darin, diese Durchschnittsbalken in eine horizontale Linie umzuwandeln.<\/li><li> W\u00e4hlen Sie dazu die mittlere Spaltenleiste aus und gehen Sie zu \u2192 Design \u2192 Typ \u2192 Diagrammtyp \u00e4ndern. <br><img loading=\"lazy\" decoding=\"async\" title=\"Gehen Sie zur Registerkarte \u201eDesign\u201c und f\u00fcgen Sie \u201ehorizontale Linien\u201c zu \u201eExcel-Diagramm\u201c hinzu\" src=\"https:\/\/exceladvisor.org\/wp-content\/uploads\/2023\/08\/Aller-a-longlet-Conception-Ajouter-une-ligne-horizontale-au-graphique-Excel-1.png\" sizes=\"auto, \" srcset=\"\" alt=\"Go To Design Tab Add Horizontal Line To Excel Chart\" width=\"280\" height=\"131\"><\/li><li> Sobald Sie auf die Option \u201eDiagrammtyp \u00e4ndern\u201c klicken, wird ein Dialogfeld zur Formatierung angezeigt.<\/li><li> \u00c4ndern Sie den Durchschnittsdiagrammtyp von \u201eS\u00e4ulendiagramm\u201c in \u201eLiniendiagramm mit Markierung\u201c. <br><img loading=\"lazy\" decoding=\"async\" title=\"\u00c4ndern Sie den Diagrammtyp, um dem Excel-Diagramm 1 eine horizontale Linie hinzuzuf\u00fcgen\" src=\"https:\/\/exceladvisor.org\/wp-content\/uploads\/2023\/08\/Modifier-le-type-de-graphique-pour-ajouter-une-ligne-horizontale-au-graphique-Excel-1.png\" sizes=\"auto, \" srcset=\"\" alt=\"Change Chart Type To Add Horizontal Line To Excel Chart\" width=\"560\" height=\"530\"><\/li><li> OK klicken.<\/li><\/ol><p> Hier ist Ihr Histogramm mit einer durchschnittlichen Linie und laden Sie <a href=\"https:\/\/exceladvisor.org\/wp-content\/uploads\/2023\/11\/ajouter-une-ligne-horizontale-au-graphique-excel.xlsx\" rel=\"nofollow\">diese Beispieldatei unbedingt hier herunter<\/a> . <\/p><div class=\"wp-block-image\"><figure class=\"aligncenter\"><img decoding=\"async\" src=\"https:\/\/exceladvisor.org\/wp-content\/uploads\/2023\/08\/Comment-ajouter-une-ligne-horizontale-au-graphique-Excel-en-utilisant-les-meilleures-pratiques-3.gif\" sizes=\"\" srcset=\"\" alt=\"So f\u00fcgen Sie mithilfe von Best Practices eine horizontale Linie zu einem Excel-Diagramm hinzu\"><\/figure><\/div><p> Ein Kollege von mir verwendet dieselbe Methode, um eine Mittellinie hinzuzuf\u00fcgen. Mit dieser Methode k\u00f6nnen Sie auch eine Durchschnittslinie zu einem Liniendiagramm hinzuf\u00fcgen. Die Schritte sind v\u00f6llig gleich, Sie m\u00fcssen lediglich ein Liniendiagramm anstelle eines S\u00e4ulendiagramms einf\u00fcgen. Und Sie werden so etwas bekommen. <\/p><div class=\"wp-block-image\"><figure class=\"aligncenter\"><img decoding=\"async\" src=\"https:\/\/exceladvisor.org\/wp-content\/uploads\/2023\/08\/Ajouter-une-ligne-horizontale-au-graphique-Excel-dans-un-graphique-lineaire-2.gif\" sizes=\"\" srcset=\"\" alt=\"F\u00fcgen Sie im Liniendiagramm eine horizontale Linie zum Excel-Diagramm hinzu\"><\/figure><\/div><h2 class=\"wp-block-heading\"> F\u00fcgen Sie im Histogramm eine horizontale Ziellinie hinzu<\/h2><p> Dies ist eine weitere Methode, die ich in meinen Diagrammen h\u00e4ufig verwende, indem ich eine Ziellinie hinzuf\u00fcge. Es gibt mehrere andere M\u00f6glichkeiten, ein Ziel-Ergebnis-Diagramm zu erstellen, aber die Ziellinienmethode ist einfach und effektiv. Lassen Sie mich Ihnen zun\u00e4chst die Daten zeigen, die ich zum Erstellen einer Ziellinie im Diagramm verwende. <\/p><div class=\"wp-block-image\"><figure class=\"aligncenter\"><img decoding=\"async\" src=\"https:\/\/exceladvisor.org\/wp-content\/uploads\/2023\/08\/Ajouter-une-ligne-horizontale-au-graphique-Excel-pour-presenter-une-ligne-horizontale-1.png\" sizes=\"\" srcset=\"\" alt=\"F\u00fcgen Sie dem Excel-Diagramm eine horizontale Linie hinzu, um eine horizontale Linie darzustellen\"><\/figure><\/div><p> Ich habe die obige Tabelle verwendet, um die Soll- und Ist-Zahlen aus den Monatstabellen abzurufen. Laden Sie die <a href=\"https:\/\/exceladvisor.org\/wp-content\/uploads\/2023\/11\/tableau-de-donnees-dynamique-pour-ajouter-une-ligne-horizontale-comme-ligne-cible.xlsx\" rel=\"nofollow\">Beispieldatei unbedingt hier<\/a> herunter. Beginnen wir nun mit den Schritten.<\/p><ol><li> W\u00e4hlen Sie die oben erw\u00e4hnte dynamische Tabelle aus.<\/li><li> F\u00fcgen Sie ein Histogramm ein. Gehen Sie zu Einf\u00fcgen \u2192 Diagramme \u2192 S\u00e4ulendiagramme \u2192 2D-Cluster-S\u00e4ulendiagramm.<\/li><li> Sie erhalten eine Tabelle wie unten. <br><img loading=\"lazy\" decoding=\"async\" title=\"F\u00fcgen Sie einem Excel-Diagramm eine horizontale Linie hinzu, um eine Ziellinie einzuf\u00fcgen\" src=\"https:\/\/exceladvisor.org\/wp-content\/uploads\/2023\/08\/Ajouter-une-ligne-horizontale-au-graphique-Excel-pour-inserer-une-ligne-cible-1.png\" sizes=\"auto, \" srcset=\"\" alt=\"Add Horizontal Line To Excel Chart To Insert A Target Line\" width=\"444\" height=\"264\"><\/li><li> Jetzt m\u00fcssen Sie den Zieltyp des Balkendiagramms von \u201e <span data-id=\"0\" data-type=\"true\">S\u00e4ulendiagramm<\/span> \u201c in \u201eLiniendiagramm mit Markierungen\u201c \u00e4ndern <span data-id=\"0\" data-type=\"false\">.<\/span> Um den Diagrammtyp zu \u00e4ndern, befolgen Sie bitte die gleichen Schritte, die ich in der vorherigen Methode verwendet habe.<\/li><li> Nachdem Sie den Diagrammtyp ge\u00e4ndert haben, sieht Ihr Diagramm folgenderma\u00dfen aus. <br><img loading=\"lazy\" decoding=\"async\" title=\"Horizontale Linie zu Excel-Diagramm im Ziellinien-in-Linien-Diagramm hinzuf\u00fcgen\" src=\"https:\/\/exceladvisor.org\/wp-content\/uploads\/2023\/08\/Ajouter-une-ligne-horizontale-au-graphique-Excel-dans-TargetLine-dans-le-graphique-lineaire.png\" sizes=\"auto, \" srcset=\"\" alt=\"Add Horizontal Line To Excel Chart In Target Line In Line Chart\" width=\"443\" height=\"266\"><\/li><li> Jetzt m\u00fcssen wir einige \u00c4nderungen an diesem Liniendiagramm vornehmen.<\/li><li> Anschlie\u00dfend <a href=\"https:\/\/exceladvisor.org\/de\/beratung\/\" data-wpil=\"url\">doppelklicken Sie<\/a> auf die Zeile, um die Formatierungsoption zu \u00f6ffnen. Sobald Sie fertig sind, wird ein Dialogfeld mit Formatierungsoptionen angezeigt.<\/li><li> Nehmen Sie die folgenden \u00c4nderungen an der Formatierung vor.<ol><li> Gehen Sie zu \u2192 F\u00fcllen &amp; Linie \u2192 Linie.<\/li><li> \u00c4ndern Sie den Linienstil in \u201eKeine Linie\u201c. <\/li><\/ol><br><img loading=\"lazy\" decoding=\"async\" title=\"\u00c4ndern Sie den Linientyp im Liniendiagramm, um dem Excel-Diagramm eine horizontale Linie hinzuzuf\u00fcgen\" src=\"https:\/\/exceladvisor.org\/wp-content\/uploads\/2023\/08\/Modifier-le-type-de-ligne-dans-le-graphique-lineaire-pour-ajouter-une-ligne-horizontale-au-graphique-Excel.png\" sizes=\"auto, \" srcset=\"\" alt=\"Change Line Type In Line Chart To Add Horizontal Line To Excel Chart\" width=\"261\" height=\"271\"><\/li><li> Gehen Sie nun zum Abschnitt \u201eMarkierungen\u201c und nehmen Sie die folgenden \u00c4nderungen vor.<ol><li> \u00c4ndern Sie den Markierungstyp in \u201eIntegriert\u201c, einen horizontalen Balken und die Gr\u00f6\u00dfe 25.<\/li><li> Feste F\u00fcllmarkierungsf\u00fcllung.<\/li><li> Verwenden Sie Wei\u00df als F\u00fcllfarbe.<\/li><li> Erstellen Sie einen Rahmenstil mit einer Volltonfarbe.<\/li><li> Und schwarze Farbe f\u00fcr die R\u00e4nder. <\/li><\/ol><br><img loading=\"lazy\" decoding=\"async\" title=\"Nehmen Sie \u00c4nderungen vor und f\u00fcgen Sie eine horizontale Linie zum Excel-Diagramm hinzu\" src=\"https:\/\/exceladvisor.org\/wp-content\/uploads\/2023\/08\/Apporter-des-modifications-Ajouter-une-ligne-horizontale-au-graphique-Excel-1.png\" sizes=\"auto, \" srcset=\"\" alt=\"Make Changes Add Horizontal Line To Excel Chart\" width=\"288\" height=\"633\"><\/li><li> Sobald Sie alle \u00c4nderungen an der Zeile vorgenommen haben, erhalten Sie eine Tabelle wie die, die ich unten habe. <br><img loading=\"lazy\" decoding=\"async\" title=\"Add-Horizontal-Line-To-Excel-Chart-With-Target-Line.gif\" src=\"https:\/\/exceladvisor.org\/wp-content\/uploads\/2023\/08\/Ajouter-une-ligne-horizontale-au-graphique-Excel-avec-une-ligne-cible-1.gif\" sizes=\"auto, \" srcset=\"\" alt=\"Add Horizontal Line To Excel Chart With Target Line\" width=\"454\" height=\"258\"><\/li><\/ol><p> Gl\u00fcckwunsch! Ihre Karte ist fertig.<\/p><h2 id=\"tab-con-5\" class=\"wp-block-heading\"> Beispieldatei<\/h2><p> <a href=\"https:\/\/exceladvisor.org\/wp-content\/uploads\/2023\/11\/ajouter-une-ligne-horizontale-au-tableau-excel-1.xlsx\" rel=\"nofollow\">Laden Sie diese Beispieldatei hier herunter,<\/a> um mitzumachen <\/p><div id=\"ub-content-toggle-a1a9fc47-96f9-47b5-a85f-4b5f770b9c6a\" class=\"wp-block-ub-content-toggle\" data-mobilecollapse=\"false\" data-desktopcollapse=\"true\"><div class=\"wp-block-ub-content-toggle-accordion\"><div class=\"wp-block-ub-content-toggle-accordion-title-wrap\" tabindex=\"0\" aria-expanded=\"false\" aria-controls=\"ub-content-toggle-panel-0-a1a9fc47-96f9-47b5-a85f-4b5f770b9c6a\"><h2 class=\"wp-block-ub-content-toggle-accordion-title ub-content-toggle-title-a1a9fc47-96f9-47b5-a85f-4b5f770b9c6a\"> Weitere Diagramm-Tutorials <\/h2><\/div><div id=\"ub-content-toggle-panel-0-a1a9fc47-96f9-47b5-a85f-4b5f770b9c6a\" class=\"wp-block-ub-content-toggle-accordion-content-wrap ub-hide\" role=\"region\"><ol><li> <a href=\"https:\/\/exceladvisor.org\/de\/fugen-sie-eine-vertikale-linie-hinzu\/\">So f\u00fcgen Sie einem Diagramm in Excel eine vertikale Linie hinzu<\/a><\/li><li> <a href=\"https:\/\/exceladvisor.org\/de\/schwarzes-brett\/\">So erstellen Sie ein Bullet-Diagramm in Excel<\/a><\/li><li> <a href=\"https:\/\/exceladvisor.org\/de\/dynamischer-diagrammbereich\/\">So erstellen Sie einen dynamischen Diagrammbereich in Excel<\/a><\/li><li> <a href=\"https:\/\/exceladvisor.org\/de\/dynamischer-diagrammtitel\/\">So erstellen Sie einen dynamischen Diagrammtitel in Excel<\/a><\/li><li> <a href=\"https:\/\/exceladvisor.org\/de\/interaktive-grafiken\/\">So erstellen Sie interaktive Diagramme in Excel<\/a><\/li><\/ol><\/div><\/div><\/div>","protected":false},"excerpt":{"rendered":"","protected":false},"author":1,"featured_media":0,"parent":0,"menu_order":0,"comment_status":"open","ping_status":"closed","template":"","meta":{"ub_ctt_via":"","footnotes":""},"class_list":["post-3191","page","type-page","status-publish","hentry"],"featured_image_src":null,"yoast_head":"<!-- This site is optimized with the Yoast SEO plugin v25.4 - https:\/\/yoast.com\/wordpress\/plugins\/seo\/ -->\n<title>Wie f\u00fcge ich in Excel eine horizontale Linie zu einem Diagramm hinzu?<\/title>\n<meta name=\"description\" content=\"Beim Erstellen eines Diagramms in Excel k\u00f6nnen Sie eine horizontale Linie als Ziellinie oder Durchschnittslinie verwenden. Diese Linie\" \/>\n<meta name=\"robots\" content=\"index, follow, max-snippet:-1, max-image-preview:large, max-video-preview:-1\" \/>\n<link rel=\"canonical\" href=\"https:\/\/exceladvisor.org\/de\/fugen-sie-eine-horizontale-linie-hinzu\/\" \/>\n<meta property=\"og:locale\" content=\"de_DE\" \/>\n<meta property=\"og:type\" content=\"article\" \/>\n<meta property=\"og:title\" content=\"Wie f\u00fcge ich in Excel eine horizontale Linie zu einem Diagramm hinzu?\" \/>\n<meta property=\"og:description\" content=\"Beim Erstellen eines Diagramms in Excel k\u00f6nnen Sie eine horizontale Linie als Ziellinie oder Durchschnittslinie verwenden. Diese Linie\" \/>\n<meta property=\"og:url\" content=\"https:\/\/exceladvisor.org\/de\/fugen-sie-eine-horizontale-linie-hinzu\/\" \/>\n<meta property=\"og:site_name\" content=\"Excel Advisor\" \/>\n<meta property=\"article:modified_time\" content=\"2023-12-03T11:20:45+00:00\" \/>\n<meta property=\"og:image\" content=\"https:\/\/exceladvisor.org\/wp-content\/uploads\/2023\/08\/comment-ajouter-une-ligne-horizontale-au-graphique-Excel-en-utilisant-les-meilleures-pratiques-1.gif\" \/>\n<meta name=\"twitter:card\" content=\"summary_large_image\" \/>\n<meta name=\"twitter:label1\" content=\"Gesch\u00e4tzte Lesezeit\" \/>\n\t<meta name=\"twitter:data1\" content=\"4\u00a0Minuten\" \/>\n<script type=\"application\/ld+json\" class=\"yoast-schema-graph\">{\"@context\":\"https:\/\/schema.org\",\"@graph\":[{\"@type\":\"WebPage\",\"@id\":\"https:\/\/exceladvisor.org\/de\/fugen-sie-eine-horizontale-linie-hinzu\/\",\"url\":\"https:\/\/exceladvisor.org\/de\/fugen-sie-eine-horizontale-linie-hinzu\/\",\"name\":\"Wie f\u00fcge ich in Excel eine horizontale Linie zu einem Diagramm hinzu?\",\"isPartOf\":{\"@id\":\"https:\/\/exceladvisor.org\/de\/#website\"},\"primaryImageOfPage\":{\"@id\":\"https:\/\/exceladvisor.org\/de\/fugen-sie-eine-horizontale-linie-hinzu\/#primaryimage\"},\"image\":{\"@id\":\"https:\/\/exceladvisor.org\/de\/fugen-sie-eine-horizontale-linie-hinzu\/#primaryimage\"},\"thumbnailUrl\":\"https:\/\/exceladvisor.org\/wp-content\/uploads\/2023\/08\/comment-ajouter-une-ligne-horizontale-au-graphique-Excel-en-utilisant-les-meilleures-pratiques-1.gif\",\"datePublished\":\"2023-11-10T18:42:50+00:00\",\"dateModified\":\"2023-12-03T11:20:45+00:00\",\"description\":\"Beim Erstellen eines Diagramms in Excel k\u00f6nnen Sie eine horizontale Linie als Ziellinie oder Durchschnittslinie verwenden. Diese Linie\",\"breadcrumb\":{\"@id\":\"https:\/\/exceladvisor.org\/de\/fugen-sie-eine-horizontale-linie-hinzu\/#breadcrumb\"},\"inLanguage\":\"de\",\"potentialAction\":[{\"@type\":\"ReadAction\",\"target\":[\"https:\/\/exceladvisor.org\/de\/fugen-sie-eine-horizontale-linie-hinzu\/\"]}]},{\"@type\":\"ImageObject\",\"inLanguage\":\"de\",\"@id\":\"https:\/\/exceladvisor.org\/de\/fugen-sie-eine-horizontale-linie-hinzu\/#primaryimage\",\"url\":\"https:\/\/exceladvisor.org\/wp-content\/uploads\/2023\/08\/comment-ajouter-une-ligne-horizontale-au-graphique-Excel-en-utilisant-les-meilleures-pratiques-1.gif\",\"contentUrl\":\"https:\/\/exceladvisor.org\/wp-content\/uploads\/2023\/08\/comment-ajouter-une-ligne-horizontale-au-graphique-Excel-en-utilisant-les-meilleures-pratiques-1.gif\"},{\"@type\":\"BreadcrumbList\",\"@id\":\"https:\/\/exceladvisor.org\/de\/fugen-sie-eine-horizontale-linie-hinzu\/#breadcrumb\",\"itemListElement\":[{\"@type\":\"ListItem\",\"position\":1,\"name\":\"Accueil\",\"item\":\"https:\/\/exceladvisor.org\/de\/\"},{\"@type\":\"ListItem\",\"position\":2,\"name\":\"Wie f\u00fcge ich einem diagramm eine horizontale linie hinzu?\"}]},{\"@type\":\"WebSite\",\"@id\":\"https:\/\/exceladvisor.org\/de\/#website\",\"url\":\"https:\/\/exceladvisor.org\/de\/\",\"name\":\"Excel Advisor\",\"description\":\"Ihr Leitfaden zur Datendominanz\",\"publisher\":{\"@id\":\"https:\/\/exceladvisor.org\/de\/#organization\"},\"potentialAction\":[{\"@type\":\"SearchAction\",\"target\":{\"@type\":\"EntryPoint\",\"urlTemplate\":\"https:\/\/exceladvisor.org\/de\/?s={search_term_string}\"},\"query-input\":{\"@type\":\"PropertyValueSpecification\",\"valueRequired\":true,\"valueName\":\"search_term_string\"}}],\"inLanguage\":\"de\"},{\"@type\":\"Organization\",\"@id\":\"https:\/\/exceladvisor.org\/de\/#organization\",\"name\":\"Excel Advisor\",\"url\":\"https:\/\/exceladvisor.org\/de\/\",\"logo\":{\"@type\":\"ImageObject\",\"inLanguage\":\"de\",\"@id\":\"https:\/\/exceladvisor.org\/de\/#\/schema\/logo\/image\/\",\"url\":\"https:\/\/exceladvisor.org\/de\/wp-content\/uploads\/2023\/11\/exceladvisor.org_.png\",\"contentUrl\":\"https:\/\/exceladvisor.org\/de\/wp-content\/uploads\/2023\/11\/exceladvisor.org_.png\",\"width\":105,\"height\":36,\"caption\":\"Excel Advisor\"},\"image\":{\"@id\":\"https:\/\/exceladvisor.org\/de\/#\/schema\/logo\/image\/\"}}]}<\/script>\n<!-- \/ Yoast SEO plugin. -->","yoast_head_json":{"title":"Wie f\u00fcge ich in Excel eine horizontale Linie zu einem Diagramm hinzu?","description":"Beim Erstellen eines Diagramms in Excel k\u00f6nnen Sie eine horizontale Linie als Ziellinie oder Durchschnittslinie verwenden. Diese Linie","robots":{"index":"index","follow":"follow","max-snippet":"max-snippet:-1","max-image-preview":"max-image-preview:large","max-video-preview":"max-video-preview:-1"},"canonical":"https:\/\/exceladvisor.org\/de\/fugen-sie-eine-horizontale-linie-hinzu\/","og_locale":"de_DE","og_type":"article","og_title":"Wie f\u00fcge ich in Excel eine horizontale Linie zu einem Diagramm hinzu?","og_description":"Beim Erstellen eines Diagramms in Excel k\u00f6nnen Sie eine horizontale Linie als Ziellinie oder Durchschnittslinie verwenden. Diese Linie","og_url":"https:\/\/exceladvisor.org\/de\/fugen-sie-eine-horizontale-linie-hinzu\/","og_site_name":"Excel Advisor","article_modified_time":"2023-12-03T11:20:45+00:00","og_image":[{"url":"https:\/\/exceladvisor.org\/wp-content\/uploads\/2023\/08\/comment-ajouter-une-ligne-horizontale-au-graphique-Excel-en-utilisant-les-meilleures-pratiques-1.gif","type":"","width":"","height":""}],"twitter_card":"summary_large_image","twitter_misc":{"Gesch\u00e4tzte Lesezeit":"4\u00a0Minuten"},"schema":{"@context":"https:\/\/schema.org","@graph":[{"@type":"WebPage","@id":"https:\/\/exceladvisor.org\/de\/fugen-sie-eine-horizontale-linie-hinzu\/","url":"https:\/\/exceladvisor.org\/de\/fugen-sie-eine-horizontale-linie-hinzu\/","name":"Wie f\u00fcge ich in Excel eine horizontale Linie zu einem Diagramm hinzu?","isPartOf":{"@id":"https:\/\/exceladvisor.org\/de\/#website"},"primaryImageOfPage":{"@id":"https:\/\/exceladvisor.org\/de\/fugen-sie-eine-horizontale-linie-hinzu\/#primaryimage"},"image":{"@id":"https:\/\/exceladvisor.org\/de\/fugen-sie-eine-horizontale-linie-hinzu\/#primaryimage"},"thumbnailUrl":"https:\/\/exceladvisor.org\/wp-content\/uploads\/2023\/08\/comment-ajouter-une-ligne-horizontale-au-graphique-Excel-en-utilisant-les-meilleures-pratiques-1.gif","datePublished":"2023-11-10T18:42:50+00:00","dateModified":"2023-12-03T11:20:45+00:00","description":"Beim Erstellen eines Diagramms in Excel k\u00f6nnen Sie eine horizontale Linie als Ziellinie oder Durchschnittslinie verwenden. Diese Linie","breadcrumb":{"@id":"https:\/\/exceladvisor.org\/de\/fugen-sie-eine-horizontale-linie-hinzu\/#breadcrumb"},"inLanguage":"de","potentialAction":[{"@type":"ReadAction","target":["https:\/\/exceladvisor.org\/de\/fugen-sie-eine-horizontale-linie-hinzu\/"]}]},{"@type":"ImageObject","inLanguage":"de","@id":"https:\/\/exceladvisor.org\/de\/fugen-sie-eine-horizontale-linie-hinzu\/#primaryimage","url":"https:\/\/exceladvisor.org\/wp-content\/uploads\/2023\/08\/comment-ajouter-une-ligne-horizontale-au-graphique-Excel-en-utilisant-les-meilleures-pratiques-1.gif","contentUrl":"https:\/\/exceladvisor.org\/wp-content\/uploads\/2023\/08\/comment-ajouter-une-ligne-horizontale-au-graphique-Excel-en-utilisant-les-meilleures-pratiques-1.gif"},{"@type":"BreadcrumbList","@id":"https:\/\/exceladvisor.org\/de\/fugen-sie-eine-horizontale-linie-hinzu\/#breadcrumb","itemListElement":[{"@type":"ListItem","position":1,"name":"Accueil","item":"https:\/\/exceladvisor.org\/de\/"},{"@type":"ListItem","position":2,"name":"Wie f\u00fcge ich einem diagramm eine horizontale linie hinzu?"}]},{"@type":"WebSite","@id":"https:\/\/exceladvisor.org\/de\/#website","url":"https:\/\/exceladvisor.org\/de\/","name":"Excel Advisor","description":"Ihr Leitfaden zur Datendominanz","publisher":{"@id":"https:\/\/exceladvisor.org\/de\/#organization"},"potentialAction":[{"@type":"SearchAction","target":{"@type":"EntryPoint","urlTemplate":"https:\/\/exceladvisor.org\/de\/?s={search_term_string}"},"query-input":{"@type":"PropertyValueSpecification","valueRequired":true,"valueName":"search_term_string"}}],"inLanguage":"de"},{"@type":"Organization","@id":"https:\/\/exceladvisor.org\/de\/#organization","name":"Excel Advisor","url":"https:\/\/exceladvisor.org\/de\/","logo":{"@type":"ImageObject","inLanguage":"de","@id":"https:\/\/exceladvisor.org\/de\/#\/schema\/logo\/image\/","url":"https:\/\/exceladvisor.org\/de\/wp-content\/uploads\/2023\/11\/exceladvisor.org_.png","contentUrl":"https:\/\/exceladvisor.org\/de\/wp-content\/uploads\/2023\/11\/exceladvisor.org_.png","width":105,"height":36,"caption":"Excel Advisor"},"image":{"@id":"https:\/\/exceladvisor.org\/de\/#\/schema\/logo\/image\/"}}]}},"yoast_meta":{"yoast_wpseo_title":"","yoast_wpseo_metadesc":"","yoast_wpseo_canonical":""},"_links":{"self":[{"href":"https:\/\/exceladvisor.org\/de\/wp-json\/wp\/v2\/pages\/3191","targetHints":{"allow":["GET"]}}],"collection":[{"href":"https:\/\/exceladvisor.org\/de\/wp-json\/wp\/v2\/pages"}],"about":[{"href":"https:\/\/exceladvisor.org\/de\/wp-json\/wp\/v2\/types\/page"}],"author":[{"embeddable":true,"href":"https:\/\/exceladvisor.org\/de\/wp-json\/wp\/v2\/users\/1"}],"replies":[{"embeddable":true,"href":"https:\/\/exceladvisor.org\/de\/wp-json\/wp\/v2\/comments?post=3191"}],"version-history":[{"count":1,"href":"https:\/\/exceladvisor.org\/de\/wp-json\/wp\/v2\/pages\/3191\/revisions"}],"predecessor-version":[{"id":4025,"href":"https:\/\/exceladvisor.org\/de\/wp-json\/wp\/v2\/pages\/3191\/revisions\/4025"}],"wp:attachment":[{"href":"https:\/\/exceladvisor.org\/de\/wp-json\/wp\/v2\/media?parent=3191"}],"curies":[{"name":"wp","href":"https:\/\/api.w.org\/{rel}","templated":true}]}}