{"id":3192,"date":"2023-11-10T18:31:38","date_gmt":"2023-11-10T18:31:38","guid":{"rendered":"https:\/\/exceladvisor.org\/de\/zinseszins\/"},"modified":"2023-12-03T11:14:10","modified_gmt":"2023-12-03T11:14:10","slug":"zinseszins","status":"publish","type":"page","link":"https:\/\/exceladvisor.org\/de\/zinseszins\/","title":{"rendered":"Wie berechnet man den zinseszins in excel?"},"content":{"rendered":"<div class=\"excel-vor-dem-inhalt\" id=\"excel-3956824139\"><script type=\"text\/javascript\">\r\n\tatOptions = {\r\n\t\t'key' : 'c1158f160081d6540a8409e6925dab94',\r\n\t\t'format' : 'iframe',\r\n\t\t'height' : 250,\r\n\t\t'width' : 300,\r\n\t\t'params' : {}\r\n\t};\r\n<\/script>\r\n<script type=\"text\/javascript\" src=\"\/\/www.highperformanceformat.com\/c1158f160081d6540a8409e6925dab94\/invoke.js\"><\/script><\/div> <p>Der Zinseszins ist eine der wichtigsten Finanzberechnungen, die die meisten von uns h\u00e4ufig verwenden, und es ist ein Muss, zu lernen, wie man ihn in Excel berechnet.<\/p><p> Aber bevor Sie das tun, m\u00fcssen Sie verstehen, was Zinseszins eigentlich ist.<\/p><blockquote class=\"wp-block-quote\"><p> Zinseszinsen sind Zinsen, die auf das Anfangskapital und auch auf die aus fr\u00fcheren Perioden einer Einlage oder eines Darlehens erh\u00f6hten Zinsen berechnet werden.<\/p><p> <cite><em><a href=\"http:\/\/www.investopedia.com\/terms\/c\/compoundinterest.asp\" target=\"_blank\" rel=\"noreferrer noopener nofollow\">Investopedia<\/a><\/em><\/cite><\/p><\/blockquote><p> In Excel ist die Methode zur Berechnung des Zinseszinses einfach.<\/p><p> Jetzt ist die Sache so. Nutzen Sie einfach eine Berechnungsmethode und geben Sie den Zeitraum an, f\u00fcr den Sie berechnen m\u00f6chten. <\/p><div class=\"wp-block-image\"><figure class=\"aligncenter\"><img decoding=\"async\" src=\"https:\/\/exceladvisor.org\/wp-content\/uploads\/2023\/08\/un-modele-simple-pour-calculer-les-interets-composes-dans-excel.gif\" sizes=\"\" srcset=\"\" alt=\"Ein einfaches Modell zur Berechnung des Zinseszinses in Excel\"><\/figure><\/div><p> Deshalb m\u00f6chte ich Ihnen heute in diesem Artikel zeigen, wie Sie den Zinseszins in Excel anhand verschiedener Zeitr\u00e4ume berechnen. Also lasst uns anfangen.<\/p><h2 id=\"tab-con-1\" class=\"wp-block-heading\"> J\u00e4hrliche Zinseszinsformel<\/h2><p> Um den j\u00e4hrlichen Zinseszins zu berechnen, addieren Sie einfach die Zinsen eines Jahres zum Kapitalbetrag des n\u00e4chsten Jahres, um die Zinsen des folgenden Jahres zu berechnen.<\/p><p> Und die Formel in Excel f\u00fcr den j\u00e4hrlichen Zinseszins lautet.<\/p><pre class=\"wp-block-code\"> <code class=\"language-excel-formula\" lang=\"excel-formula\">=Principal Amount*((1+Annual Interest Rate\/1)^(Total Years of Investment*1)))<\/code><\/pre><p> Lassen Sie mich Ihnen ein Beispiel zeigen. <\/p><div class=\"wp-block-image\"><figure class=\"aligncenter\"><img decoding=\"async\" src=\"https:\/\/exceladvisor.org\/wp-content\/uploads\/2023\/08\/calculer-linteret-compose-dans-excel-chaque-annee.png\" sizes=\"\" srcset=\"\" alt=\"Berechnen Sie jedes Jahr den Zinseszins in Excel\"><\/figure><\/div><p> Im obigen Beispiel w\u00fcrden Sie mit 10.000 $ Kapital und 10 % Zinsen f\u00fcr 5 Jahre 16.105 $ erhalten.<\/p><p> Im ersten Jahr erhalten Sie 10.000 $ * 10 %, also 1.000 $, und im zweiten Jahr (10.000 $ + 1.000 $) * 10 % = 1.100 $ und so weiter.<\/p><h2 id=\"tab-con-2\" class=\"wp-block-heading\"> Viertelj\u00e4hrliche Zinseszinsformel<\/h2><p> Die Berechnung des viertelj\u00e4hrlichen Zinseszinses \u00e4hnelt der Berechnung des j\u00e4hrlichen Zinseszinses.<\/p><p> Allerdings m\u00fcssen Sie hier die Zinsen viermal im Jahr berechnen. Der Zinsbetrag f\u00fcr jedes Quartal wird zum Kapitalbetrag f\u00fcr das folgende Quartal addiert. Um den viertelj\u00e4hrlichen Zinseszins zu berechnen, k\u00f6nnen Sie die folgende Formel verwenden.<\/p><pre class=\"wp-block-code\"> <code class=\"language-excel-formula\" lang=\"excel-formula\">=Principal Amount*((1+Annual Interest Rate\/4)^(Total Years of Investment*4)))<\/code><\/pre><p> Hier ist ein Beispiel. <\/p><div class=\"wp-block-image\"><figure class=\"aligncenter\"><img decoding=\"async\" src=\"https:\/\/exceladvisor.org\/wp-content\/uploads\/2023\/08\/calculer-les-interets-composes-dans-excel-trimestriel.png\" sizes=\"\" srcset=\"\" alt=\"Berechnen Sie den Zinseszins viertelj\u00e4hrlich in Excel\"><\/figure><\/div><p> Im obigen Beispiel w\u00fcrden wir mit 10.000 US-Dollar Kapital und 10 % Zinsen f\u00fcr 5 Jahre 16.386 US-Dollar erhalten.<\/p><p> Im ersten Quartal erhalten wir 10000*(10 %\/4) oder 250 $ und im zweiten Quartal (10000 $+250 $)*(10 %\/4) = 256 $ und die gleiche Berechnungsmethode f\u00fcr 20 Quartale (5 Jahre).<\/p><h2 id=\"tab-con-3\" class=\"wp-block-heading\"> Monatliche Zinseszinsformel<\/h2><p> Bei der Berechnung des monatlichen Zinseszinses m\u00fcssen Sie die Basis verwenden, die Sie in anderen Zeitr\u00e4umen verwendet haben.<\/p><p> Sie m\u00fcssen die Zinsen am Ende jedes Monats berechnen. Bei dieser Methode wird der Zinssatz f\u00fcr einen monatlichen Zinssatz durch 12 geteilt. Um den monatlichen Zinseszins in Excel zu berechnen, k\u00f6nnen Sie die folgende Formel verwenden. <\/p><pre class=\"wp-block-code\"> <code class=\"language-excel-formula\" lang=\"excel-formula\">=Principal Amount*((1+Annual Interest Rate\/12)^(Total Years of Investment*12)))<\/code><\/pre><div class=\"wp-block-image\"><figure class=\"aligncenter\"><img decoding=\"async\" src=\"https:\/\/exceladvisor.org\/wp-content\/uploads\/2023\/08\/calculer-mensuellement-les-interets-composes-dans-excel.png\" sizes=\"\" srcset=\"\" alt=\"Berechnen Sie den Zinseszins monatlich in Excel\"><\/figure><\/div><p> Im obigen Beispiel w\u00fcrden wir mit 10.000 US-Dollar Kapital und 10 % Zinsen f\u00fcr 5 Jahre 16.453 US-Dollar erhalten.<\/p><p> Im ersten Monat erhalten wir 10.000 * (10 %\/12), was 83,33 $ entspricht, und im zweiten Monat (10.000 $ + 83,33 $) * (10 %\/12) = 84,02 $ und das Gleiche gilt f\u00fcr 60 Monate (5 Jahre).<\/p><h2 id=\"tab-con-4\" class=\"wp-block-heading\"> T\u00e4gliche Zinseszinsformel<\/h2><p> Bei der Berechnung des t\u00e4glichen Zinseszinses m\u00fcssen wir dieselbe Methode mit der unten stehenden Berechnungsformel verwenden. Wir m\u00fcssen den Zinssatz durch 365 dividieren, um einen Tageszinssatz zu erhalten.<\/p><p> Sie k\u00f6nnen also die folgende Formel verwenden, um den t\u00e4glichen Zinseszins zu berechnen. <\/p><pre class=\"wp-block-code\"> <code class=\"language-excel-formula\" lang=\"excel-formula\">=Principal Amount*((1+Annual Interest Rate\/365)^(Total Years of Investment*365)))<\/code><\/pre><div class=\"wp-block-image\"><figure class=\"aligncenter\"><img decoding=\"async\" src=\"https:\/\/exceladvisor.org\/wp-content\/uploads\/2023\/08\/calculer-linteret-compose-sur-excel-day.png\" sizes=\"\" srcset=\"\" alt=\"Berechnen Sie den Zinseszins am Excel-Tag\"><\/figure><\/div><p> Im obigen Beispiel w\u00fcrden wir mit 10.000 US-Dollar Kapital und 10 % Zinsen f\u00fcr 5 Jahre 16.486 US-Dollar erhalten.<\/p><p> Am ersten Tag erhalten wir 10000*(10%\/365) = 4$ und am zweiten Tag (10000$+4$)*(10%\/365) = 4$, und das Gleiche gilt f\u00fcr alle Tage seit 5 Jahren.<\/p><h2 id=\"tab-con-5\" class=\"wp-block-heading\"> Beispieldatei<\/h2><p> Mit den oben genannten Methoden habe ich einen Akkumulationszinsrechner [Vorlage] erstellt, um alle oben genannten Zinsberechnungen in einer einzigen Tabelle zu berechnen. <\/p><div class=\"gb-container gb-container-bafb25cc gb-container-download-2\"><div class=\"gb-grid-wrapper gb-grid-wrapper-91201309\"><div class=\"gb-grid-column gb-grid-column-15a917ef\"><div class=\"gb-container gb-container-15a917ef\"><h2 class=\"gb-headline gb-headline-f2deb261 gb-headline-text gb-headline-download-2\"> Holen Sie sich die Excel-Datei <\/h2><\/div><\/div><div class=\"gb-grid-column gb-grid-column-18357188\"><div class=\"gb-container gb-container-18357188\"><div class=\"gb-container gb-container-76cbe15e\"> <a class=\"gb-button gb-button-cb63d00a gb-button-text gb-button-download-2\" href=\"https:\/\/exceladvisor.org\/wp-content\/uploads\/2023\/11\/excel-interet-compose.xlsx\" rel=\"nofollow\">Herunterladen<\/a><\/div><\/div><\/div><\/div><\/div><div class=\"gb-container gb-container-0df56012 gb-container-mt\"> <a class=\"gb-button gb-button-f9f432f4 gb-button-text gb-button-mt-button\" href=\"https:\/\/exceladvisor.org\/de\/formeln\/\">Liste der Excel-Formeln<\/a><h2 class=\"gb-headline gb-headline-233444e8 gb-headline-text gb-headline-mt-heading\"> Verwandte Formeln <\/h2><div class=\"gb-grid-wrapper gb-grid-wrapper-a16fa65c gb-grid-wrapper-mt-grid\"><div class=\"gb-grid-column gb-grid-column-50d07e0d\"><div class=\"gb-container gb-container-50d07e0d\"><ul><li> <a href=\"https:\/\/exceladvisor.org\/de\/einfaches-interesse\/\">Berechnen Sie den einfachen Zinssatz in Excel<\/a><\/li><li> <a href=\"https:\/\/exceladvisor.org\/de\/gewinnspanne\/\">Bruttogewinn (Marge und Verh\u00e4ltnis)<\/a><\/li><li> <a href=\"https:\/\/exceladvisor.org\/de\/mwst\/\">Berechnen Sie die Mehrwertsteuer<\/a> <\/li><\/ul><\/div><\/div><div class=\"gb-grid-column gb-grid-column-5b4a0cf9\"><div class=\"gb-container gb-container-5b4a0cf9\"><\/div><\/div><\/div><\/div>","protected":false},"excerpt":{"rendered":"","protected":false},"author":1,"featured_media":0,"parent":0,"menu_order":0,"comment_status":"open","ping_status":"closed","template":"","meta":{"ub_ctt_via":"","footnotes":""},"class_list":["post-3192","page","type-page","status-publish","hentry"],"featured_image_src":null,"yoast_head":"<!-- This site is optimized with the Yoast SEO plugin v25.4 - https:\/\/yoast.com\/wordpress\/plugins\/seo\/ -->\n<title>\u25b7 Wie berechnet man den Zinseszins? - Excel-Berater<\/title>\n<meta name=\"description\" content=\"In diesem Artikel erfahren Sie, wie Sie den Zinseszins in Excel berechnen. Sie k\u00f6nnen t\u00e4glich, monatlich oder getrimmt verwenden\" \/>\n<meta name=\"robots\" content=\"index, follow, max-snippet:-1, max-image-preview:large, max-video-preview:-1\" \/>\n<link rel=\"canonical\" href=\"https:\/\/exceladvisor.org\/de\/zinseszins\/\" \/>\n<meta property=\"og:locale\" content=\"de_DE\" \/>\n<meta property=\"og:type\" content=\"article\" \/>\n<meta property=\"og:title\" content=\"\u25b7 Wie berechnet man den Zinseszins? - Excel-Berater\" \/>\n<meta property=\"og:description\" content=\"In diesem Artikel erfahren Sie, wie Sie den Zinseszins in Excel berechnen. Sie k\u00f6nnen t\u00e4glich, monatlich oder getrimmt verwenden\" \/>\n<meta property=\"og:url\" content=\"https:\/\/exceladvisor.org\/de\/zinseszins\/\" \/>\n<meta property=\"og:site_name\" content=\"Excel Advisor\" \/>\n<meta property=\"article:modified_time\" content=\"2023-12-03T11:14:10+00:00\" \/>\n<meta property=\"og:image\" content=\"https:\/\/exceladvisor.org\/wp-content\/uploads\/2023\/08\/un-modele-simple-pour-calculer-les-interets-composes-dans-excel.gif\" \/>\n<meta name=\"twitter:card\" content=\"summary_large_image\" \/>\n<meta name=\"twitter:label1\" content=\"Gesch\u00e4tzte Lesezeit\" \/>\n\t<meta name=\"twitter:data1\" content=\"3\u00a0Minuten\" \/>\n<script type=\"application\/ld+json\" class=\"yoast-schema-graph\">{\"@context\":\"https:\/\/schema.org\",\"@graph\":[{\"@type\":\"WebPage\",\"@id\":\"https:\/\/exceladvisor.org\/de\/zinseszins\/\",\"url\":\"https:\/\/exceladvisor.org\/de\/zinseszins\/\",\"name\":\"\u25b7 Wie berechnet man den Zinseszins? - Excel-Berater\",\"isPartOf\":{\"@id\":\"https:\/\/exceladvisor.org\/de\/#website\"},\"primaryImageOfPage\":{\"@id\":\"https:\/\/exceladvisor.org\/de\/zinseszins\/#primaryimage\"},\"image\":{\"@id\":\"https:\/\/exceladvisor.org\/de\/zinseszins\/#primaryimage\"},\"thumbnailUrl\":\"https:\/\/exceladvisor.org\/wp-content\/uploads\/2023\/08\/un-modele-simple-pour-calculer-les-interets-composes-dans-excel.gif\",\"datePublished\":\"2023-11-10T18:31:38+00:00\",\"dateModified\":\"2023-12-03T11:14:10+00:00\",\"description\":\"In diesem Artikel erfahren Sie, wie Sie den Zinseszins in Excel berechnen. Sie k\u00f6nnen t\u00e4glich, monatlich oder getrimmt verwenden\",\"breadcrumb\":{\"@id\":\"https:\/\/exceladvisor.org\/de\/zinseszins\/#breadcrumb\"},\"inLanguage\":\"de\",\"potentialAction\":[{\"@type\":\"ReadAction\",\"target\":[\"https:\/\/exceladvisor.org\/de\/zinseszins\/\"]}]},{\"@type\":\"ImageObject\",\"inLanguage\":\"de\",\"@id\":\"https:\/\/exceladvisor.org\/de\/zinseszins\/#primaryimage\",\"url\":\"https:\/\/exceladvisor.org\/wp-content\/uploads\/2023\/08\/un-modele-simple-pour-calculer-les-interets-composes-dans-excel.gif\",\"contentUrl\":\"https:\/\/exceladvisor.org\/wp-content\/uploads\/2023\/08\/un-modele-simple-pour-calculer-les-interets-composes-dans-excel.gif\"},{\"@type\":\"BreadcrumbList\",\"@id\":\"https:\/\/exceladvisor.org\/de\/zinseszins\/#breadcrumb\",\"itemListElement\":[{\"@type\":\"ListItem\",\"position\":1,\"name\":\"Accueil\",\"item\":\"https:\/\/exceladvisor.org\/de\/\"},{\"@type\":\"ListItem\",\"position\":2,\"name\":\"Wie berechnet man den zinseszins in excel?\"}]},{\"@type\":\"WebSite\",\"@id\":\"https:\/\/exceladvisor.org\/de\/#website\",\"url\":\"https:\/\/exceladvisor.org\/de\/\",\"name\":\"Excel Advisor\",\"description\":\"Ihr Leitfaden zur Datendominanz\",\"publisher\":{\"@id\":\"https:\/\/exceladvisor.org\/de\/#organization\"},\"potentialAction\":[{\"@type\":\"SearchAction\",\"target\":{\"@type\":\"EntryPoint\",\"urlTemplate\":\"https:\/\/exceladvisor.org\/de\/?s={search_term_string}\"},\"query-input\":{\"@type\":\"PropertyValueSpecification\",\"valueRequired\":true,\"valueName\":\"search_term_string\"}}],\"inLanguage\":\"de\"},{\"@type\":\"Organization\",\"@id\":\"https:\/\/exceladvisor.org\/de\/#organization\",\"name\":\"Excel Advisor\",\"url\":\"https:\/\/exceladvisor.org\/de\/\",\"logo\":{\"@type\":\"ImageObject\",\"inLanguage\":\"de\",\"@id\":\"https:\/\/exceladvisor.org\/de\/#\/schema\/logo\/image\/\",\"url\":\"https:\/\/exceladvisor.org\/de\/wp-content\/uploads\/2023\/11\/exceladvisor.org_.png\",\"contentUrl\":\"https:\/\/exceladvisor.org\/de\/wp-content\/uploads\/2023\/11\/exceladvisor.org_.png\",\"width\":105,\"height\":36,\"caption\":\"Excel Advisor\"},\"image\":{\"@id\":\"https:\/\/exceladvisor.org\/de\/#\/schema\/logo\/image\/\"}}]}<\/script>\n<!-- \/ Yoast SEO plugin. -->","yoast_head_json":{"title":"\u25b7 Wie berechnet man den Zinseszins? - Excel-Berater","description":"In diesem Artikel erfahren Sie, wie Sie den Zinseszins in Excel berechnen. Sie k\u00f6nnen t\u00e4glich, monatlich oder getrimmt verwenden","robots":{"index":"index","follow":"follow","max-snippet":"max-snippet:-1","max-image-preview":"max-image-preview:large","max-video-preview":"max-video-preview:-1"},"canonical":"https:\/\/exceladvisor.org\/de\/zinseszins\/","og_locale":"de_DE","og_type":"article","og_title":"\u25b7 Wie berechnet man den Zinseszins? - Excel-Berater","og_description":"In diesem Artikel erfahren Sie, wie Sie den Zinseszins in Excel berechnen. Sie k\u00f6nnen t\u00e4glich, monatlich oder getrimmt verwenden","og_url":"https:\/\/exceladvisor.org\/de\/zinseszins\/","og_site_name":"Excel Advisor","article_modified_time":"2023-12-03T11:14:10+00:00","og_image":[{"url":"https:\/\/exceladvisor.org\/wp-content\/uploads\/2023\/08\/un-modele-simple-pour-calculer-les-interets-composes-dans-excel.gif","type":"","width":"","height":""}],"twitter_card":"summary_large_image","twitter_misc":{"Gesch\u00e4tzte Lesezeit":"3\u00a0Minuten"},"schema":{"@context":"https:\/\/schema.org","@graph":[{"@type":"WebPage","@id":"https:\/\/exceladvisor.org\/de\/zinseszins\/","url":"https:\/\/exceladvisor.org\/de\/zinseszins\/","name":"\u25b7 Wie berechnet man den Zinseszins? - Excel-Berater","isPartOf":{"@id":"https:\/\/exceladvisor.org\/de\/#website"},"primaryImageOfPage":{"@id":"https:\/\/exceladvisor.org\/de\/zinseszins\/#primaryimage"},"image":{"@id":"https:\/\/exceladvisor.org\/de\/zinseszins\/#primaryimage"},"thumbnailUrl":"https:\/\/exceladvisor.org\/wp-content\/uploads\/2023\/08\/un-modele-simple-pour-calculer-les-interets-composes-dans-excel.gif","datePublished":"2023-11-10T18:31:38+00:00","dateModified":"2023-12-03T11:14:10+00:00","description":"In diesem Artikel erfahren Sie, wie Sie den Zinseszins in Excel berechnen. Sie k\u00f6nnen t\u00e4glich, monatlich oder getrimmt verwenden","breadcrumb":{"@id":"https:\/\/exceladvisor.org\/de\/zinseszins\/#breadcrumb"},"inLanguage":"de","potentialAction":[{"@type":"ReadAction","target":["https:\/\/exceladvisor.org\/de\/zinseszins\/"]}]},{"@type":"ImageObject","inLanguage":"de","@id":"https:\/\/exceladvisor.org\/de\/zinseszins\/#primaryimage","url":"https:\/\/exceladvisor.org\/wp-content\/uploads\/2023\/08\/un-modele-simple-pour-calculer-les-interets-composes-dans-excel.gif","contentUrl":"https:\/\/exceladvisor.org\/wp-content\/uploads\/2023\/08\/un-modele-simple-pour-calculer-les-interets-composes-dans-excel.gif"},{"@type":"BreadcrumbList","@id":"https:\/\/exceladvisor.org\/de\/zinseszins\/#breadcrumb","itemListElement":[{"@type":"ListItem","position":1,"name":"Accueil","item":"https:\/\/exceladvisor.org\/de\/"},{"@type":"ListItem","position":2,"name":"Wie berechnet man den zinseszins in excel?"}]},{"@type":"WebSite","@id":"https:\/\/exceladvisor.org\/de\/#website","url":"https:\/\/exceladvisor.org\/de\/","name":"Excel Advisor","description":"Ihr Leitfaden zur Datendominanz","publisher":{"@id":"https:\/\/exceladvisor.org\/de\/#organization"},"potentialAction":[{"@type":"SearchAction","target":{"@type":"EntryPoint","urlTemplate":"https:\/\/exceladvisor.org\/de\/?s={search_term_string}"},"query-input":{"@type":"PropertyValueSpecification","valueRequired":true,"valueName":"search_term_string"}}],"inLanguage":"de"},{"@type":"Organization","@id":"https:\/\/exceladvisor.org\/de\/#organization","name":"Excel Advisor","url":"https:\/\/exceladvisor.org\/de\/","logo":{"@type":"ImageObject","inLanguage":"de","@id":"https:\/\/exceladvisor.org\/de\/#\/schema\/logo\/image\/","url":"https:\/\/exceladvisor.org\/de\/wp-content\/uploads\/2023\/11\/exceladvisor.org_.png","contentUrl":"https:\/\/exceladvisor.org\/de\/wp-content\/uploads\/2023\/11\/exceladvisor.org_.png","width":105,"height":36,"caption":"Excel Advisor"},"image":{"@id":"https:\/\/exceladvisor.org\/de\/#\/schema\/logo\/image\/"}}]}},"yoast_meta":{"yoast_wpseo_title":"","yoast_wpseo_metadesc":"","yoast_wpseo_canonical":""},"_links":{"self":[{"href":"https:\/\/exceladvisor.org\/de\/wp-json\/wp\/v2\/pages\/3192","targetHints":{"allow":["GET"]}}],"collection":[{"href":"https:\/\/exceladvisor.org\/de\/wp-json\/wp\/v2\/pages"}],"about":[{"href":"https:\/\/exceladvisor.org\/de\/wp-json\/wp\/v2\/types\/page"}],"author":[{"embeddable":true,"href":"https:\/\/exceladvisor.org\/de\/wp-json\/wp\/v2\/users\/1"}],"replies":[{"embeddable":true,"href":"https:\/\/exceladvisor.org\/de\/wp-json\/wp\/v2\/comments?post=3192"}],"version-history":[{"count":1,"href":"https:\/\/exceladvisor.org\/de\/wp-json\/wp\/v2\/pages\/3192\/revisions"}],"predecessor-version":[{"id":3888,"href":"https:\/\/exceladvisor.org\/de\/wp-json\/wp\/v2\/pages\/3192\/revisions\/3888"}],"wp:attachment":[{"href":"https:\/\/exceladvisor.org\/de\/wp-json\/wp\/v2\/media?parent=3192"}],"curies":[{"name":"wp","href":"https:\/\/api.w.org\/{rel}","templated":true}]}}