{"id":3193,"date":"2023-11-10T18:13:57","date_gmt":"2023-11-10T18:13:57","guid":{"rendered":"https:\/\/exceladvisor.org\/de\/maximal-wenn\/"},"modified":"2023-12-03T13:05:05","modified_gmt":"2023-12-03T13:05:05","slug":"maximal-wenn","status":"publish","type":"page","link":"https:\/\/exceladvisor.org\/de\/maximal-wenn\/","title":{"rendered":"Wie verwende ich max if in excel?"},"content":{"rendered":"<div class=\"excel-vor-dem-inhalt\" id=\"excel-420724409\"><script type=\"text\/javascript\">\r\n\tatOptions = {\r\n\t\t'key' : 'c1158f160081d6540a8409e6925dab94',\r\n\t\t'format' : 'iframe',\r\n\t\t'height' : 250,\r\n\t\t'width' : 300,\r\n\t\t'params' : {}\r\n\t};\r\n<\/script>\r\n<script type=\"text\/javascript\" src=\"\/\/www.highperformanceformat.com\/c1158f160081d6540a8409e6925dab94\/invoke.js\"><\/script><\/div> <p>In Excel k\u00f6nnen wir nicht einfach die Standard-MAX-Funktion mit einer Bedingung verwenden (es sei denn, Sie verwenden Microsoft Office 365).<\/p><p> Aber die Sache ist die: Wenn Sie den Maximalwert eines Bereichs unter Verwendung einer bestimmten Bedingung erhalten m\u00f6chten, ben\u00f6tigen Sie eine MAX-IF-Formel.<\/p><p> Also, was ist der Punkt?<\/p><p> Sie k\u00f6nnen MAX und IF kombinieren, um eine Formel zu erstellen, die Ihnen dabei helfen kann, anhand bestimmter Kriterien den Maximalwert eines Bereichs zu ermitteln.<\/p><p> Kurz gesagt: MAXIF ist eine Matrixformel, mit der Sie anhand von Kriterien den Maximalwert eines Bereichs ermitteln k\u00f6nnen. Aber hier ist der Clou: In diesem Artikel werde ich Ihnen verschiedene M\u00f6glichkeiten vorstellen, die MAXIF-Formel zu verwenden.<\/p><h2 id=\"tab-con-1\" class=\"wp-block-heading\"> Wenden Sie die MAX IF-Formel an<\/h2><p> Nehmen wir ein Beispiel f\u00fcr die folgenden Daten, in denen Sie die Verkaufsmenge pro Monat, pro Woche und pro Datum haben. <\/p><div class=\"wp-block-image\"><figure class=\"aligncenter\"><img decoding=\"async\" src=\"https:\/\/exceladvisor.org\/wp-content\/uploads\/2023\/08\/donnees-de-quantite-de-ventes-a-utiliser-max-si-formule-min-1.png\" sizes=\"\" srcset=\"\" alt=\"Verkaufsmengendaten zur Verwendung der Max-If-Formel\"><\/figure><\/div><p> Aus diesen Daten m\u00fcssen Sie nun die maximale Verkaufsmenge f\u00fcr einen bestimmten Monat ermitteln. Zum Beispiel \u201eJan\u201c und daf\u00fcr lautet die Formel:<\/p><pre class=\"wp-block-code\"> <code class=\"language-excel-formula\" lang=\"excel-formula\">=MAX(IF(A2:A367=\"Jan\",D2:D367))<\/code><\/pre><p> Und Sie m\u00fcssen es als Array-Formel mit Strg + Umschalt + Eingabetaste eingeben. <\/p><pre class=\"wp-block-code\"> <code class=\"language-excel-formula\" lang=\"excel-formula\">{=MAX(IF(A2:A367=\"Jan\",D2:D367))}<\/code><\/pre><div class=\"wp-block-image\"><figure class=\"aligncenter\"><img decoding=\"async\" src=\"https:\/\/exceladvisor.org\/wp-content\/uploads\/2023\/08\/max-si-formule-appliquee-min-1.png\" sizes=\"\" srcset=\"\" alt=\"max, wenn die Formel angewendet wird\"><\/figure><\/div><p> Wenn Sie es eingeben, wird 200 zur\u00fcckgegeben, was dem h\u00f6chsten Verkaufswert des Monats Januar am 7. Januar 2016 entspricht.<\/p><h3 class=\"wp-block-heading\"> Wie funktioniert das<\/h3><p id=\"tab-con-2\"> Um zu verstehen, wie Max funktioniert, m\u00fcssen Sie es in drei Teile aufteilen. <\/p><div class=\"wp-block-image\"><figure class=\"aligncenter\"><img decoding=\"async\" src=\"https:\/\/exceladvisor.org\/wp-content\/uploads\/2023\/08\/comprendre-max-si-la-formule-dans-excel-1.png\" sizes=\"\" srcset=\"\" alt=\"Verstehe die Max-I-Formel in Excel\"><\/figure><\/div><p> Bitte beachten Sie, dass <strong><span style=\"color: #000000;\">Sie dies als Matrixformel eingegeben haben<\/span><\/strong> .<\/p><p> <span style=\"color: #000000;\">Zun\u00e4chst<\/span> haben Sie in der IF-Funktion einen Logiktest erstellt, um die gesamte Monatsspalte mit den Kriterien abzugleichen. Und es wurde ein Array zur\u00fcckgegeben, in dem die \u00dcbereinstimmungswerte TRUE und alle anderen FALSE sind. <\/p><div class=\"wp-block-image\"><figure class=\"aligncenter\"><img decoding=\"async\" src=\"https:\/\/exceladvisor.org\/wp-content\/uploads\/2023\/08\/premier-tableau-avec-max-si-formule-avec-tableau-min-1.png\" sizes=\"\" srcset=\"\" alt=\"Erstes Array mit Max-If-Formel mit Array\"><\/figure><\/div><p> <span style=\"color: #000000;\">Zweitens<\/span> haben Sie in der IF-Funktion die Verkaufsmengenspalte f\u00fcr TRUE-Werte angegeben und deshalb wurde die Verkaufsmenge nur f\u00fcr TRUE zur\u00fcckgegeben. <\/p><div class=\"wp-block-image\"><figure class=\"aligncenter\"><img decoding=\"async\" src=\"https:\/\/exceladvisor.org\/wp-content\/uploads\/2023\/08\/deuxieme-tableau-de-max-si-formule-avec-tableau-min-1.png\" sizes=\"\" srcset=\"\" alt=\"zweites Array der Max-If-Formel mit Array\"><\/figure><\/div><p> <span style=\"color: #000000;\">Drittens<\/span> gibt die MAX-Funktion einfach die h\u00f6chste Zahl in diesem Array zur\u00fcck, die der h\u00f6chsten Verkaufsmenge f\u00fcr den Monat Januar entspricht. Genau wie diesen Formel-Hack hier habe ich einige der anderen aufgelistet, die Sie lesen und lernen m\u00fcssen.<\/p><ol><li> <a href=\"https:\/\/exceladvisor.org\/de\/sumif-sumifs-oder-logik\/\">SUMIFOR in Excel<\/a><\/li><li> <a href=\"https:\/\/exceladvisor.org\/de\/bedingtes-ranking-summenproduktrang-wenn\/\">RANKIF in Excel<\/a><\/li><\/ol><h2 id=\"tab-con-3\" class=\"wp-block-heading\"> MAX IF mit mehreren Kriterien<\/h2><p> Ich bin mir sicher, dass Sie an dieser Stelle dar\u00fcber nachdenken, wie wir in max if mehr als eine Bedingung verwenden k\u00f6nnen. Und das ist kluges Denken.<\/p><p> In der realen Welt der Daten ist es sehr wahrscheinlich, dass wir mehrere Kriterien verwenden m\u00fcssen, um den h\u00f6chsten Wert zu erzielen. Fahren wir mit dem vorherigen Beispiel fort.<\/p><p> Nehmen wir an, Sie m\u00fcssen statt des h\u00f6chsten Umsatzwerts f\u00fcr Januar den h\u00f6chsten Umsatz f\u00fcr die zweite Januarwoche erzielen.<\/p><p> Hier haben Sie also zwei verschiedene Bedingungen: Der Monat ist Januar und die Woche ist der 2.. Und die Formel wird sein:<\/p><pre class=\"wp-block-code\"> <code class=\"language-excel-formula\" lang=\"excel-formula\">=MAX(IF(A2:A367=F5,IF(B2:B367=G5,D2:D367),))<\/code><\/pre><p> Und wenn Sie es als Tabelle eingeben: <\/p><pre class=\"wp-block-code\"> <code class=\"language-excel-formula\" lang=\"excel-formula\">{=MAX(IF(A2:A367=F5,IF(B2:B367=G5,D2:D367),))}<\/code><\/pre><div class=\"wp-block-image\"><figure class=\"aligncenter\"><img decoding=\"async\" src=\"https:\/\/exceladvisor.org\/wp-content\/uploads\/2023\/08\/plusieurs-criteres-avec-max-si-formule-min-1.png\" sizes=\"\" srcset=\"\" alt=\"Mehrere Kriterien mit Max-If-Formel\"><\/figure><\/div><h3 id=\"tab-con-4\" class=\"wp-block-heading\"> Wie funktioniert das<\/h3><p> Hier haben wir verschachteltes IF verwendet, um mehr als eine Logik zu testen. Einer ist f\u00fcr den Monat und der zweite f\u00fcr die Woche.<\/p><p> Es wird also eine Tabelle zur\u00fcckgegeben, in der Sie die Verkaufsmenge nur dann haben, wenn der Monat Januar und die Woche der 2. ist. <\/p><div class=\"wp-block-image\"><figure class=\"aligncenter\"><img decoding=\"async\" src=\"https:\/\/exceladvisor.org\/wp-content\/uploads\/2023\/08\/criteres-multiples-avec-max-si-formule-premier-tableau-min-1.png\" sizes=\"\" srcset=\"\" alt=\"Mehrere Kriterien mit Max-If-Formel, erste Tabelle\"><\/figure><\/div><p> Und am Ende gibt max den Maximalwert dieses Arrays zur\u00fcck.<\/p><h2 id=\"tab-con-5\" class=\"wp-block-heading\"> MAX IF ohne Tabelle<\/h2><p> Tabellen sind leistungsstark, aber nicht jeder m\u00f6chte sie verwenden. Und Sie haben die M\u00f6glichkeit, in max if kein Array zu verwenden.<\/p><p> Hierf\u00fcr k\u00f6nnen Sie also die SUMPRODUCT-Funktion verwenden, da sie Ihnen dabei helfen kann, ein Array zu verwenden, ohne die eigentliche Array-Formel anzuwenden. Und die Formel wird sein:<\/p><pre class=\"wp-block-code\"> <code class=\"language-excel-formula\" lang=\"excel-formula\">=SUMPRODUCT(MAX((A2:A367=\"Jan\")*D2:D367))<\/code><\/pre><p> Wenn Sie diese Formel einf\u00fcgen, m\u00fcssen Sie also nicht Strg + Umschalt + Eingabetaste verwenden. <\/p><div class=\"wp-block-image\"><figure class=\"aligncenter\"><img decoding=\"async\" src=\"https:\/\/exceladvisor.org\/wp-content\/uploads\/2023\/08\/max-si-formule-sans-tableaux-utilisant-sumproduct-min-1.png\" sizes=\"\" srcset=\"\" alt=\"max wenn Formel ohne Arrays mit Summenprodukt\"><\/figure><\/div><h3 id=\"tab-con-6\" class=\"wp-block-heading\"> Wie funktioniert das<\/h3><p> Auch hier m\u00fcssen wir diese Formel in drei verschiedene Teile unterteilen, um sie zu verstehen. Im ersten Teil haben Sie die Monatsspalte mit den Kriterien verglichen und es wurde ein Array mit TRUE zur\u00fcckgegeben, wenn die Kriterien \u00fcbereinstimmten, andernfalls FALSE. <\/p><div class=\"wp-block-image\"><figure class=\"aligncenter\"><img decoding=\"async\" src=\"https:\/\/exceladvisor.org\/wp-content\/uploads\/2023\/08\/comparer-mois-max-si-formule-avec-sumproduct-min-1.png\" sizes=\"\" srcset=\"\" alt=\"Vergleichen Sie die maximale Monats-IF-Formel mit dem Summenprodukt\"><\/figure><\/div><p> Anschlie\u00dfend multiplizieren Sie diese Tabelle mit der Spalte \u201eVerkaufsmenge\u201c, was eine Tabelle zur\u00fcckgibt, in der Sie die Verkaufsmenge anstelle von TRUE haben. Letztendlich hat die MAX-Funktion den h\u00f6chsten Wert in diesem Array zur\u00fcckgegeben, der Ihrer h\u00f6chsten Verkaufsmenge entspricht.<\/p><p> Die Hauptaufgabe dieser gesamten Formel, sumproduct, besteht darin, Ihnen die Verwendung eines Arrays zu erm\u00f6glichen, ohne eine tats\u00e4chliche Array-Formel eingeben zu m\u00fcssen.<\/p><h2 class=\"wp-block-heading\"> Abschluss<\/h2><p> Das, was wir oft tun m\u00fcssen, ist es, anhand von Kriterien den gr\u00f6\u00dftm\u00f6glichen Wert zu erzielen. Und mit dieser Technik der Max-If-Formel k\u00f6nnen Sie dies m\u00fchelos tun.<\/p><p> Alle oben erlernten Methoden haben je nach Situation unterschiedliche Anwendungen. Ich hoffe, dieser Formeltipp hilft Ihnen, Ihre Excel-Kenntnisse zu verbessern. Aber jetzt sag mir eins.<\/p><p> Was gef\u00e4llt Ihnen wirklich, ein Gem\u00e4lde oder ohne Gem\u00e4lde?<\/p><p> Bitte teilen Sie mir Ihre Meinung im Kommentarbereich mit. Ich w\u00fcrde gerne von Ihnen h\u00f6ren und vergessen Sie bitte nicht, diesen Beitrag mit Ihren Freunden zu teilen. Ich bin sicher, sie werden es zu sch\u00e4tzen wissen. <\/p><div class=\"gb-container gb-container-52dfcee1 gb-container-sample-file\"><h2 class=\"gb-headline gb-headline-e289c143 gb-headline-text gb-headline-4f7959c2\"> Holen Sie sich die Excel-Datei<\/h2><p> <a class=\"gb-button gb-button-e88d6bee gb-button-text gb-button-button1\" href=\"https:\/\/exceladvisor.org\/wp-content\/uploads\/2023\/08\/max-si-3.xlsx\" rel=\"nofollow\">Herunterladen<\/a><\/p><\/div><div class=\"gb-container gb-container-0df56012 gb-container-mt\"> <a class=\"gb-button gb-button-f9f432f4 gb-button-text gb-button-mt-button\" href=\"https:\/\/exceladvisor.org\/de\/formeln\/\">Liste der Excel-Formeln<\/a><h2 class=\"gb-headline gb-headline-233444e8 gb-headline-text gb-headline-mt-heading\"> Verwandte Formeln <\/h2><div class=\"gb-grid-wrapper gb-grid-wrapper-a16fa65c gb-grid-wrapper-mt-grid\"><div class=\"gb-grid-column gb-grid-column-50d07e0d\"><div class=\"gb-container gb-container-50d07e0d\"><ul><li> <a href=\"https:\/\/exceladvisor.org\/de\/variationskoeffizient\/\">Berechnen Sie den Variationskoeffizienten (CV) in Excel<\/a><\/li><li> <a href=\"https:\/\/exceladvisor.org\/de\/bericht\/\">Berechnen Sie schnell das Verh\u00e4ltnis in Excel<\/a><\/li><li> <a href=\"https:\/\/exceladvisor.org\/de\/niedrigster-wert\/\">Finden Sie den niedrigsten Wert aus einer Liste von Zahlen (N).<\/a><\/li><li> <a href=\"https:\/\/exceladvisor.org\/de\/kleinster-wert-2\/\">Finden Sie den kleinsten Wert in einem Zellbereich (kleinste Zahl).<\/a><\/li><li> <a href=\"https:\/\/exceladvisor.org\/de\/n-te-wurzel-2\/\">Berechnen Sie die n-te Wurzel<\/a> <\/li><\/ul><\/div><\/div><div class=\"gb-grid-column gb-grid-column-5b4a0cf9\"><div class=\"gb-container gb-container-5b4a0cf9\"><\/div><\/div><\/div><\/div>","protected":false},"excerpt":{"rendered":"","protected":false},"author":1,"featured_media":0,"parent":0,"menu_order":0,"comment_status":"open","ping_status":"closed","template":"","meta":{"ub_ctt_via":"","footnotes":""},"class_list":["post-3193","page","type-page","status-publish","hentry"],"featured_image_src":null,"yoast_head":"<!-- This site is optimized with the Yoast SEO plugin v25.4 - https:\/\/yoast.com\/wordpress\/plugins\/seo\/ -->\n<title>Wie verwende ich MAX IF in Excel? [Komplette Anleitung 2023]<\/title>\n<meta name=\"description\" content=\"In Excel gibt es hierf\u00fcr keine spezielle Funktion. Sie k\u00f6nnen jedoch MAX und IF kombinieren, um eine Formel zu erstellen, mit der Sie Folgendes erhalten:\" \/>\n<meta name=\"robots\" content=\"index, follow, max-snippet:-1, max-image-preview:large, max-video-preview:-1\" \/>\n<link rel=\"canonical\" href=\"https:\/\/exceladvisor.org\/de\/maximal-wenn\/\" \/>\n<meta property=\"og:locale\" content=\"de_DE\" \/>\n<meta property=\"og:type\" content=\"article\" \/>\n<meta property=\"og:title\" content=\"Wie verwende ich MAX IF in Excel? [Komplette Anleitung 2023]\" \/>\n<meta property=\"og:description\" content=\"In Excel gibt es hierf\u00fcr keine spezielle Funktion. Sie k\u00f6nnen jedoch MAX und IF kombinieren, um eine Formel zu erstellen, mit der Sie Folgendes erhalten:\" \/>\n<meta property=\"og:url\" content=\"https:\/\/exceladvisor.org\/de\/maximal-wenn\/\" \/>\n<meta property=\"og:site_name\" content=\"Excel Advisor\" \/>\n<meta property=\"article:modified_time\" content=\"2023-12-03T13:05:05+00:00\" \/>\n<meta property=\"og:image\" content=\"https:\/\/exceladvisor.org\/wp-content\/uploads\/2023\/08\/donnees-de-quantite-de-ventes-a-utiliser-max-si-formule-min-1.png\" \/>\n<meta name=\"twitter:card\" content=\"summary_large_image\" \/>\n<meta name=\"twitter:label1\" content=\"Gesch\u00e4tzte Lesezeit\" \/>\n\t<meta name=\"twitter:data1\" content=\"4\u00a0Minuten\" \/>\n<script type=\"application\/ld+json\" class=\"yoast-schema-graph\">{\"@context\":\"https:\/\/schema.org\",\"@graph\":[{\"@type\":\"WebPage\",\"@id\":\"https:\/\/exceladvisor.org\/de\/maximal-wenn\/\",\"url\":\"https:\/\/exceladvisor.org\/de\/maximal-wenn\/\",\"name\":\"Wie verwende ich MAX IF in Excel? [Komplette Anleitung 2023]\",\"isPartOf\":{\"@id\":\"https:\/\/exceladvisor.org\/de\/#website\"},\"primaryImageOfPage\":{\"@id\":\"https:\/\/exceladvisor.org\/de\/maximal-wenn\/#primaryimage\"},\"image\":{\"@id\":\"https:\/\/exceladvisor.org\/de\/maximal-wenn\/#primaryimage\"},\"thumbnailUrl\":\"https:\/\/exceladvisor.org\/wp-content\/uploads\/2023\/08\/donnees-de-quantite-de-ventes-a-utiliser-max-si-formule-min-1.png\",\"datePublished\":\"2023-11-10T18:13:57+00:00\",\"dateModified\":\"2023-12-03T13:05:05+00:00\",\"description\":\"In Excel gibt es hierf\u00fcr keine spezielle Funktion. Sie k\u00f6nnen jedoch MAX und IF kombinieren, um eine Formel zu erstellen, mit der Sie Folgendes erhalten:\",\"breadcrumb\":{\"@id\":\"https:\/\/exceladvisor.org\/de\/maximal-wenn\/#breadcrumb\"},\"inLanguage\":\"de\",\"potentialAction\":[{\"@type\":\"ReadAction\",\"target\":[\"https:\/\/exceladvisor.org\/de\/maximal-wenn\/\"]}]},{\"@type\":\"ImageObject\",\"inLanguage\":\"de\",\"@id\":\"https:\/\/exceladvisor.org\/de\/maximal-wenn\/#primaryimage\",\"url\":\"https:\/\/exceladvisor.org\/wp-content\/uploads\/2023\/08\/donnees-de-quantite-de-ventes-a-utiliser-max-si-formule-min-1.png\",\"contentUrl\":\"https:\/\/exceladvisor.org\/wp-content\/uploads\/2023\/08\/donnees-de-quantite-de-ventes-a-utiliser-max-si-formule-min-1.png\"},{\"@type\":\"BreadcrumbList\",\"@id\":\"https:\/\/exceladvisor.org\/de\/maximal-wenn\/#breadcrumb\",\"itemListElement\":[{\"@type\":\"ListItem\",\"position\":1,\"name\":\"Accueil\",\"item\":\"https:\/\/exceladvisor.org\/de\/\"},{\"@type\":\"ListItem\",\"position\":2,\"name\":\"Wie verwende ich max if in excel?\"}]},{\"@type\":\"WebSite\",\"@id\":\"https:\/\/exceladvisor.org\/de\/#website\",\"url\":\"https:\/\/exceladvisor.org\/de\/\",\"name\":\"Excel Advisor\",\"description\":\"Ihr Leitfaden zur Datendominanz\",\"publisher\":{\"@id\":\"https:\/\/exceladvisor.org\/de\/#organization\"},\"potentialAction\":[{\"@type\":\"SearchAction\",\"target\":{\"@type\":\"EntryPoint\",\"urlTemplate\":\"https:\/\/exceladvisor.org\/de\/?s={search_term_string}\"},\"query-input\":{\"@type\":\"PropertyValueSpecification\",\"valueRequired\":true,\"valueName\":\"search_term_string\"}}],\"inLanguage\":\"de\"},{\"@type\":\"Organization\",\"@id\":\"https:\/\/exceladvisor.org\/de\/#organization\",\"name\":\"Excel Advisor\",\"url\":\"https:\/\/exceladvisor.org\/de\/\",\"logo\":{\"@type\":\"ImageObject\",\"inLanguage\":\"de\",\"@id\":\"https:\/\/exceladvisor.org\/de\/#\/schema\/logo\/image\/\",\"url\":\"https:\/\/exceladvisor.org\/de\/wp-content\/uploads\/2023\/11\/exceladvisor.org_.png\",\"contentUrl\":\"https:\/\/exceladvisor.org\/de\/wp-content\/uploads\/2023\/11\/exceladvisor.org_.png\",\"width\":105,\"height\":36,\"caption\":\"Excel Advisor\"},\"image\":{\"@id\":\"https:\/\/exceladvisor.org\/de\/#\/schema\/logo\/image\/\"}}]}<\/script>\n<!-- \/ Yoast SEO plugin. -->","yoast_head_json":{"title":"Wie verwende ich MAX IF in Excel? [Komplette Anleitung 2023]","description":"In Excel gibt es hierf\u00fcr keine spezielle Funktion. Sie k\u00f6nnen jedoch MAX und IF kombinieren, um eine Formel zu erstellen, mit der Sie Folgendes erhalten:","robots":{"index":"index","follow":"follow","max-snippet":"max-snippet:-1","max-image-preview":"max-image-preview:large","max-video-preview":"max-video-preview:-1"},"canonical":"https:\/\/exceladvisor.org\/de\/maximal-wenn\/","og_locale":"de_DE","og_type":"article","og_title":"Wie verwende ich MAX IF in Excel? [Komplette Anleitung 2023]","og_description":"In Excel gibt es hierf\u00fcr keine spezielle Funktion. Sie k\u00f6nnen jedoch MAX und IF kombinieren, um eine Formel zu erstellen, mit der Sie Folgendes erhalten:","og_url":"https:\/\/exceladvisor.org\/de\/maximal-wenn\/","og_site_name":"Excel Advisor","article_modified_time":"2023-12-03T13:05:05+00:00","og_image":[{"url":"https:\/\/exceladvisor.org\/wp-content\/uploads\/2023\/08\/donnees-de-quantite-de-ventes-a-utiliser-max-si-formule-min-1.png","type":"","width":"","height":""}],"twitter_card":"summary_large_image","twitter_misc":{"Gesch\u00e4tzte Lesezeit":"4\u00a0Minuten"},"schema":{"@context":"https:\/\/schema.org","@graph":[{"@type":"WebPage","@id":"https:\/\/exceladvisor.org\/de\/maximal-wenn\/","url":"https:\/\/exceladvisor.org\/de\/maximal-wenn\/","name":"Wie verwende ich MAX IF in Excel? [Komplette Anleitung 2023]","isPartOf":{"@id":"https:\/\/exceladvisor.org\/de\/#website"},"primaryImageOfPage":{"@id":"https:\/\/exceladvisor.org\/de\/maximal-wenn\/#primaryimage"},"image":{"@id":"https:\/\/exceladvisor.org\/de\/maximal-wenn\/#primaryimage"},"thumbnailUrl":"https:\/\/exceladvisor.org\/wp-content\/uploads\/2023\/08\/donnees-de-quantite-de-ventes-a-utiliser-max-si-formule-min-1.png","datePublished":"2023-11-10T18:13:57+00:00","dateModified":"2023-12-03T13:05:05+00:00","description":"In Excel gibt es hierf\u00fcr keine spezielle Funktion. Sie k\u00f6nnen jedoch MAX und IF kombinieren, um eine Formel zu erstellen, mit der Sie Folgendes erhalten:","breadcrumb":{"@id":"https:\/\/exceladvisor.org\/de\/maximal-wenn\/#breadcrumb"},"inLanguage":"de","potentialAction":[{"@type":"ReadAction","target":["https:\/\/exceladvisor.org\/de\/maximal-wenn\/"]}]},{"@type":"ImageObject","inLanguage":"de","@id":"https:\/\/exceladvisor.org\/de\/maximal-wenn\/#primaryimage","url":"https:\/\/exceladvisor.org\/wp-content\/uploads\/2023\/08\/donnees-de-quantite-de-ventes-a-utiliser-max-si-formule-min-1.png","contentUrl":"https:\/\/exceladvisor.org\/wp-content\/uploads\/2023\/08\/donnees-de-quantite-de-ventes-a-utiliser-max-si-formule-min-1.png"},{"@type":"BreadcrumbList","@id":"https:\/\/exceladvisor.org\/de\/maximal-wenn\/#breadcrumb","itemListElement":[{"@type":"ListItem","position":1,"name":"Accueil","item":"https:\/\/exceladvisor.org\/de\/"},{"@type":"ListItem","position":2,"name":"Wie verwende ich max if in excel?"}]},{"@type":"WebSite","@id":"https:\/\/exceladvisor.org\/de\/#website","url":"https:\/\/exceladvisor.org\/de\/","name":"Excel Advisor","description":"Ihr Leitfaden zur Datendominanz","publisher":{"@id":"https:\/\/exceladvisor.org\/de\/#organization"},"potentialAction":[{"@type":"SearchAction","target":{"@type":"EntryPoint","urlTemplate":"https:\/\/exceladvisor.org\/de\/?s={search_term_string}"},"query-input":{"@type":"PropertyValueSpecification","valueRequired":true,"valueName":"search_term_string"}}],"inLanguage":"de"},{"@type":"Organization","@id":"https:\/\/exceladvisor.org\/de\/#organization","name":"Excel Advisor","url":"https:\/\/exceladvisor.org\/de\/","logo":{"@type":"ImageObject","inLanguage":"de","@id":"https:\/\/exceladvisor.org\/de\/#\/schema\/logo\/image\/","url":"https:\/\/exceladvisor.org\/de\/wp-content\/uploads\/2023\/11\/exceladvisor.org_.png","contentUrl":"https:\/\/exceladvisor.org\/de\/wp-content\/uploads\/2023\/11\/exceladvisor.org_.png","width":105,"height":36,"caption":"Excel Advisor"},"image":{"@id":"https:\/\/exceladvisor.org\/de\/#\/schema\/logo\/image\/"}}]}},"yoast_meta":{"yoast_wpseo_title":"","yoast_wpseo_metadesc":"","yoast_wpseo_canonical":""},"_links":{"self":[{"href":"https:\/\/exceladvisor.org\/de\/wp-json\/wp\/v2\/pages\/3193","targetHints":{"allow":["GET"]}}],"collection":[{"href":"https:\/\/exceladvisor.org\/de\/wp-json\/wp\/v2\/pages"}],"about":[{"href":"https:\/\/exceladvisor.org\/de\/wp-json\/wp\/v2\/types\/page"}],"author":[{"embeddable":true,"href":"https:\/\/exceladvisor.org\/de\/wp-json\/wp\/v2\/users\/1"}],"replies":[{"embeddable":true,"href":"https:\/\/exceladvisor.org\/de\/wp-json\/wp\/v2\/comments?post=3193"}],"version-history":[{"count":1,"href":"https:\/\/exceladvisor.org\/de\/wp-json\/wp\/v2\/pages\/3193\/revisions"}],"predecessor-version":[{"id":4373,"href":"https:\/\/exceladvisor.org\/de\/wp-json\/wp\/v2\/pages\/3193\/revisions\/4373"}],"wp:attachment":[{"href":"https:\/\/exceladvisor.org\/de\/wp-json\/wp\/v2\/media?parent=3193"}],"curies":[{"name":"wp","href":"https:\/\/api.w.org\/{rel}","templated":true}]}}