{"id":3194,"date":"2023-11-10T17:43:55","date_gmt":"2023-11-10T17:43:55","guid":{"rendered":"https:\/\/exceladvisor.org\/de\/durchschnittlich-ignorierte-fehler-2\/"},"modified":"2023-12-03T11:13:57","modified_gmt":"2023-12-03T11:13:57","slug":"durchschnittlich-ignorierte-fehler-2","status":"publish","type":"page","link":"https:\/\/exceladvisor.org\/de\/durchschnittlich-ignorierte-fehler-2\/","title":{"rendered":"Wie behebe ich durchschnittsfehler in excel?"},"content":{"rendered":"<div class=\"excel-vor-dem-inhalt\" id=\"excel-4059157550\"><script type=\"text\/javascript\">\r\n\tatOptions = {\r\n\t\t'key' : 'c1158f160081d6540a8409e6925dab94',\r\n\t\t'format' : 'iframe',\r\n\t\t'height' : 250,\r\n\t\t'width' : 300,\r\n\t\t'params' : {}\r\n\t};\r\n<\/script>\r\n<script type=\"text\/javascript\" src=\"\/\/www.highperformanceformat.com\/c1158f160081d6540a8409e6925dab94\/invoke.js\"><\/script><\/div> <p>Wenn Sie in Excel versuchen, die Werte in einem Bereich zu mitteln, aber in einer oder mehreren Zellen ein Fehler vorliegt, gibt Ihre Formel einen Fehler im Ergebnis zur\u00fcck. In diesem Tutorial erfahren Sie, wie Sie den Durchschnitt der Werte in einem Bereich berechnen und dabei Fehlerwerte ignorieren.<\/p><h2 class=\"wp-block-heading\"> Fehler #N\/A ignorieren<\/h2><p> Im folgenden Beispiel haben wir einen #N\/A-Fehler im Zellbereich, und wenn Sie die Funktion AVERAGE verwenden, werden auch #N\/A-Fehler im Ergebnis zur\u00fcckgegeben. <\/p><div class=\"wp-block-image\"><figure class=\"aligncenter size-full is-resized\"><img loading=\"lazy\" decoding=\"async\" class=\"wp-image-79256\" src=\"https:\/\/exceladvisor.org\/wp-content\/uploads\/2023\/08\/1-na-erreur-dans-la-cellule.png\" sizes=\"auto, \" srcset=\"\" alt=\"#na-error-in-cell\" width=\"616\" height=\"417\"><\/figure><\/div><p> Um mit dieser Situation umzugehen, k\u00f6nnen Sie die AVERAGEIF-Funktion wie folgt verwenden. <\/p><div class=\"wp-block-image\"><figure class=\"aligncenter size-full is-resized\"><img loading=\"lazy\" decoding=\"async\" class=\"wp-image-79257\" src=\"https:\/\/exceladvisor.org\/wp-content\/uploads\/2023\/08\/2-fonction-moyenne-si.png\" sizes=\"auto, \" srcset=\"\" alt=\"durchschnittliche Funktioni\" width=\"514\" height=\"417\"><\/figure><\/div><pre class=\"wp-block-code\"> <code class=\"language-excel-formula line-numbers\" lang=\"excel-formula\">=AVERAGEIF(A1:A10,\"&lt;&gt;#N\/A\")<\/code><\/pre><p> Mit AVERAGEIF k\u00f6nnen Sie eine Bedingung erstellen, um Werte in einem Bereich zu mitteln. Und in dieser Formel haben wir uns auf den Bereich A1:A10 bezogen und danach eine Bedingung verwendet, die die Werte mittelt, die nicht gleich #N\/A sind.<\/p><h2 class=\"wp-block-heading\"> Verwenden Sie AVERAGEIF, um alle Fehler zu ignorieren<\/h2><p> Wenn Sie alle Fehler ignorieren m\u00f6chten, k\u00f6nnen Sie immer AVERAGEIF verwenden. Sie m\u00fcssen lediglich die Kriterien in der Funktion \u00e4ndern. <\/p><div class=\"wp-block-image\"><figure class=\"aligncenter size-full is-resized\"><img loading=\"lazy\" decoding=\"async\" class=\"wp-image-79258\" src=\"https:\/\/exceladvisor.org\/wp-content\/uploads\/2023\/08\/3-moyensi-pour-ignorer-les-erreurs.png\" sizes=\"auto, \" srcset=\"\" alt=\"Averagesi-to-ignore-errors\" width=\"576\" height=\"413\"><\/figure><\/div><p> In dieser Formel haben wir als Kriterien einen Wert gr\u00f6\u00dfer als 0 verwendet. Wenn Sie dies tun, bezieht sich Excel nur auf die Zahlen im Bereich und ermittelt nur den Durchschnitt der Zellen mit Zahlen.<\/p><h2 class=\"wp-block-heading\"> Verwenden Sie AGGREGATE, um Fehler bei der Mittelwertbildung zu ignorieren<\/h2><p> AGGREGATE ist eine neue Funktion, die Ihnen dabei helfen kann, Werte zu mitteln. Mit dieser Funktion haben Sie jedoch die M\u00f6glichkeit, Bereichsfehler zu ignorieren. <\/p><div class=\"wp-block-image\"><figure class=\"aligncenter size-full is-resized\"><img loading=\"lazy\" decoding=\"async\" class=\"wp-image-79259\" src=\"https:\/\/exceladvisor.org\/wp-content\/uploads\/2023\/08\/4-agregat-pour-ignorer-les-erreurs.png\" sizes=\"auto, \" srcset=\"\" alt=\"aggregieren, um Fehler zu ignorieren\" width=\"459\" height=\"433\"><\/figure><\/div><p> Im ersten Argument der Funktion m\u00fcssen Sie die Funktionsnummer verwenden. Das hei\u00dft, wenn Sie die Werte mitteln m\u00f6chten, w\u00e4hlen Sie die Funktion aus der Liste aus. <\/p><div class=\"wp-block-image\"><figure class=\"aligncenter size-full is-resized\"><img loading=\"lazy\" decoding=\"async\" class=\"wp-image-79260\" src=\"https:\/\/exceladvisor.org\/wp-content\/uploads\/2023\/08\/5-premier-argument-de-la-fonction-dagregation.png\" sizes=\"auto, \" srcset=\"\" alt=\"erstes-argument-der-aggregate-funktion\" width=\"597\" height=\"370\"><\/figure><\/div><p> W\u00e4hlen Sie anschlie\u00dfend im zweiten Argument die Option zum Ignorieren von Fehlern aus oder geben Sie einfach 6 ein. <\/p><div class=\"wp-block-image\"><figure class=\"aligncenter size-full is-resized\"><img loading=\"lazy\" decoding=\"async\" class=\"wp-image-79261\" src=\"https:\/\/exceladvisor.org\/wp-content\/uploads\/2023\/08\/6-options-de-selection-pour-ignorer-les-erreurs.png\" sizes=\"auto, \" srcset=\"\" alt=\"W\u00e4hlen Sie Optionen zum Ignorieren von Fehlern aus\" width=\"739\" height=\"295\"><\/figure><\/div><p> Beziehen Sie sich nun im dritten Argument auf den Bereich, in dem Sie Durchschnittswerte haben. <\/p><div class=\"wp-block-image\"><figure class=\"aligncenter size-full is-resized\"><img loading=\"lazy\" decoding=\"async\" class=\"wp-image-79262\" src=\"https:\/\/exceladvisor.org\/wp-content\/uploads\/2023\/08\/7-se-referer-a-la-gamme.png\" sizes=\"auto, \" srcset=\"\" alt=\"siehe Sortiment\" width=\"579\" height=\"387\"><\/figure><\/div><p> Dr\u00fccken Sie am Ende die Eingabetaste, um das Ergebnis in der Zelle anzuzeigen. <\/p><div class=\"gb-container gb-container-52dfcee1 gb-container-sample-file\"><h2 class=\"gb-headline gb-headline-e289c143 gb-headline-text gb-headline-4f7959c2\"> Holen Sie sich die Excel-Datei<\/h2><p> <a class=\"gb-button gb-button-e88d6bee gb-button-text gb-button-button1\" href=\"https:\/\/exceladvisor.org\/wp-content\/uploads\/2023\/08\/moyenne-des-erreurs-ignorees.xlsx\" rel=\"nofollow\">Herunterladen<\/a><\/p><\/div><div class=\"gb-container gb-container-0df56012 gb-container-mt\"> <a class=\"gb-button gb-button-f9f432f4 gb-button-text gb-button-mt-button\" href=\"https:\/\/exceladvisor.org\/de\/formeln\/\">Liste der Excel-Formeln<\/a><h2 class=\"gb-headline gb-headline-233444e8 gb-headline-text gb-headline-mt-heading\"> Verwandte Formeln <\/h2><div class=\"gb-grid-wrapper gb-grid-wrapper-a16fa65c gb-grid-wrapper-mt-grid\"><div class=\"gb-grid-column gb-grid-column-50d07e0d\"><div class=\"gb-container gb-container-50d07e0d\"><ul><li> <a href=\"https:\/\/exceladvisor.org\/de\/durchschnittliche-maximalwerte\/\">Durchschnitt der 5 h\u00f6chsten Werte in Excel<\/a><\/li><li> <a href=\"https:\/\/exceladvisor.org\/de\/gewichteter-durchschnitt\/\">Berechnen Sie den gewichteten Durchschnitt in Excel<\/a><\/li><li> <a href=\"https:\/\/exceladvisor.org\/de\/der-durchschnitt-schliesst-nullen-aus-2\/\">Durchschnittliche Zahl, jedoch ohne Nullen<\/a><\/li><li> <a href=\"https:\/\/exceladvisor.org\/de\/durchschnitt-nicht-leerer-zellen-2\/\">Durchschnittlich nur nicht leere Zellen<\/a><\/li><li> <a href=\"https:\/\/exceladvisor.org\/de\/durchschnittlicher-prozentsatz-2\/\">Berechnen Sie den Durchschnitt der Prozentwerte<\/a> <\/li><\/ul><\/div><\/div><div class=\"gb-grid-column gb-grid-column-5b4a0cf9\"><div class=\"gb-container gb-container-5b4a0cf9\"><\/div><\/div><\/div><\/div>","protected":false},"excerpt":{"rendered":"","protected":false},"author":1,"featured_media":0,"parent":0,"menu_order":0,"comment_status":"open","ping_status":"closed","template":"","meta":{"ub_ctt_via":"","footnotes":""},"class_list":["post-3194","page","type-page","status-publish","hentry"],"featured_image_src":null,"yoast_head":"<!-- This site is optimized with the Yoast SEO plugin v25.4 - https:\/\/yoast.com\/wordpress\/plugins\/seo\/ -->\n<title>\u25b7 Wie behebe ich durchschnittliche Fehler in Excel?<\/title>\n<meta name=\"description\" content=\"In diesem Tutorial lernen wir, wie man eine Formel zur Berechnung des Durchschnitts schreibt, aber auch Fehler bei der Berechnung ignoriert.\" \/>\n<meta name=\"robots\" content=\"index, follow, max-snippet:-1, max-image-preview:large, max-video-preview:-1\" \/>\n<link rel=\"canonical\" href=\"https:\/\/exceladvisor.org\/de\/durchschnittlich-ignorierte-fehler-2\/\" \/>\n<meta property=\"og:locale\" content=\"de_DE\" \/>\n<meta property=\"og:type\" content=\"article\" \/>\n<meta property=\"og:title\" content=\"\u25b7 Wie behebe ich durchschnittliche Fehler in Excel?\" \/>\n<meta property=\"og:description\" content=\"In diesem Tutorial lernen wir, wie man eine Formel zur Berechnung des Durchschnitts schreibt, aber auch Fehler bei der Berechnung ignoriert.\" \/>\n<meta property=\"og:url\" content=\"https:\/\/exceladvisor.org\/de\/durchschnittlich-ignorierte-fehler-2\/\" \/>\n<meta property=\"og:site_name\" content=\"Excel Advisor\" \/>\n<meta property=\"article:modified_time\" content=\"2023-12-03T11:13:57+00:00\" \/>\n<meta property=\"og:image\" content=\"https:\/\/exceladvisor.org\/wp-content\/uploads\/2023\/08\/1-na-erreur-dans-la-cellule.png\" \/>\n<meta name=\"twitter:card\" content=\"summary_large_image\" \/>\n<meta name=\"twitter:label1\" content=\"Gesch\u00e4tzte Lesezeit\" \/>\n\t<meta name=\"twitter:data1\" content=\"2\u00a0Minuten\" \/>\n<script type=\"application\/ld+json\" class=\"yoast-schema-graph\">{\"@context\":\"https:\/\/schema.org\",\"@graph\":[{\"@type\":\"WebPage\",\"@id\":\"https:\/\/exceladvisor.org\/de\/durchschnittlich-ignorierte-fehler-2\/\",\"url\":\"https:\/\/exceladvisor.org\/de\/durchschnittlich-ignorierte-fehler-2\/\",\"name\":\"\u25b7 Wie behebe ich durchschnittliche Fehler in Excel?\",\"isPartOf\":{\"@id\":\"https:\/\/exceladvisor.org\/de\/#website\"},\"primaryImageOfPage\":{\"@id\":\"https:\/\/exceladvisor.org\/de\/durchschnittlich-ignorierte-fehler-2\/#primaryimage\"},\"image\":{\"@id\":\"https:\/\/exceladvisor.org\/de\/durchschnittlich-ignorierte-fehler-2\/#primaryimage\"},\"thumbnailUrl\":\"https:\/\/exceladvisor.org\/wp-content\/uploads\/2023\/08\/1-na-erreur-dans-la-cellule.png\",\"datePublished\":\"2023-11-10T17:43:55+00:00\",\"dateModified\":\"2023-12-03T11:13:57+00:00\",\"description\":\"In diesem Tutorial lernen wir, wie man eine Formel zur Berechnung des Durchschnitts schreibt, aber auch Fehler bei der Berechnung ignoriert.\",\"breadcrumb\":{\"@id\":\"https:\/\/exceladvisor.org\/de\/durchschnittlich-ignorierte-fehler-2\/#breadcrumb\"},\"inLanguage\":\"de\",\"potentialAction\":[{\"@type\":\"ReadAction\",\"target\":[\"https:\/\/exceladvisor.org\/de\/durchschnittlich-ignorierte-fehler-2\/\"]}]},{\"@type\":\"ImageObject\",\"inLanguage\":\"de\",\"@id\":\"https:\/\/exceladvisor.org\/de\/durchschnittlich-ignorierte-fehler-2\/#primaryimage\",\"url\":\"https:\/\/exceladvisor.org\/wp-content\/uploads\/2023\/08\/1-na-erreur-dans-la-cellule.png\",\"contentUrl\":\"https:\/\/exceladvisor.org\/wp-content\/uploads\/2023\/08\/1-na-erreur-dans-la-cellule.png\"},{\"@type\":\"BreadcrumbList\",\"@id\":\"https:\/\/exceladvisor.org\/de\/durchschnittlich-ignorierte-fehler-2\/#breadcrumb\",\"itemListElement\":[{\"@type\":\"ListItem\",\"position\":1,\"name\":\"Accueil\",\"item\":\"https:\/\/exceladvisor.org\/de\/\"},{\"@type\":\"ListItem\",\"position\":2,\"name\":\"Wie behebe ich durchschnittsfehler in excel?\"}]},{\"@type\":\"WebSite\",\"@id\":\"https:\/\/exceladvisor.org\/de\/#website\",\"url\":\"https:\/\/exceladvisor.org\/de\/\",\"name\":\"Excel Advisor\",\"description\":\"Ihr Leitfaden zur Datendominanz\",\"publisher\":{\"@id\":\"https:\/\/exceladvisor.org\/de\/#organization\"},\"potentialAction\":[{\"@type\":\"SearchAction\",\"target\":{\"@type\":\"EntryPoint\",\"urlTemplate\":\"https:\/\/exceladvisor.org\/de\/?s={search_term_string}\"},\"query-input\":{\"@type\":\"PropertyValueSpecification\",\"valueRequired\":true,\"valueName\":\"search_term_string\"}}],\"inLanguage\":\"de\"},{\"@type\":\"Organization\",\"@id\":\"https:\/\/exceladvisor.org\/de\/#organization\",\"name\":\"Excel Advisor\",\"url\":\"https:\/\/exceladvisor.org\/de\/\",\"logo\":{\"@type\":\"ImageObject\",\"inLanguage\":\"de\",\"@id\":\"https:\/\/exceladvisor.org\/de\/#\/schema\/logo\/image\/\",\"url\":\"https:\/\/exceladvisor.org\/de\/wp-content\/uploads\/2023\/11\/exceladvisor.org_.png\",\"contentUrl\":\"https:\/\/exceladvisor.org\/de\/wp-content\/uploads\/2023\/11\/exceladvisor.org_.png\",\"width\":105,\"height\":36,\"caption\":\"Excel Advisor\"},\"image\":{\"@id\":\"https:\/\/exceladvisor.org\/de\/#\/schema\/logo\/image\/\"}}]}<\/script>\n<!-- \/ Yoast SEO plugin. -->","yoast_head_json":{"title":"\u25b7 Wie behebe ich durchschnittliche Fehler in Excel?","description":"In diesem Tutorial lernen wir, wie man eine Formel zur Berechnung des Durchschnitts schreibt, aber auch Fehler bei der Berechnung ignoriert.","robots":{"index":"index","follow":"follow","max-snippet":"max-snippet:-1","max-image-preview":"max-image-preview:large","max-video-preview":"max-video-preview:-1"},"canonical":"https:\/\/exceladvisor.org\/de\/durchschnittlich-ignorierte-fehler-2\/","og_locale":"de_DE","og_type":"article","og_title":"\u25b7 Wie behebe ich durchschnittliche Fehler in Excel?","og_description":"In diesem Tutorial lernen wir, wie man eine Formel zur Berechnung des Durchschnitts schreibt, aber auch Fehler bei der Berechnung ignoriert.","og_url":"https:\/\/exceladvisor.org\/de\/durchschnittlich-ignorierte-fehler-2\/","og_site_name":"Excel Advisor","article_modified_time":"2023-12-03T11:13:57+00:00","og_image":[{"url":"https:\/\/exceladvisor.org\/wp-content\/uploads\/2023\/08\/1-na-erreur-dans-la-cellule.png","type":"","width":"","height":""}],"twitter_card":"summary_large_image","twitter_misc":{"Gesch\u00e4tzte Lesezeit":"2\u00a0Minuten"},"schema":{"@context":"https:\/\/schema.org","@graph":[{"@type":"WebPage","@id":"https:\/\/exceladvisor.org\/de\/durchschnittlich-ignorierte-fehler-2\/","url":"https:\/\/exceladvisor.org\/de\/durchschnittlich-ignorierte-fehler-2\/","name":"\u25b7 Wie behebe ich durchschnittliche Fehler in Excel?","isPartOf":{"@id":"https:\/\/exceladvisor.org\/de\/#website"},"primaryImageOfPage":{"@id":"https:\/\/exceladvisor.org\/de\/durchschnittlich-ignorierte-fehler-2\/#primaryimage"},"image":{"@id":"https:\/\/exceladvisor.org\/de\/durchschnittlich-ignorierte-fehler-2\/#primaryimage"},"thumbnailUrl":"https:\/\/exceladvisor.org\/wp-content\/uploads\/2023\/08\/1-na-erreur-dans-la-cellule.png","datePublished":"2023-11-10T17:43:55+00:00","dateModified":"2023-12-03T11:13:57+00:00","description":"In diesem Tutorial lernen wir, wie man eine Formel zur Berechnung des Durchschnitts schreibt, aber auch Fehler bei der Berechnung ignoriert.","breadcrumb":{"@id":"https:\/\/exceladvisor.org\/de\/durchschnittlich-ignorierte-fehler-2\/#breadcrumb"},"inLanguage":"de","potentialAction":[{"@type":"ReadAction","target":["https:\/\/exceladvisor.org\/de\/durchschnittlich-ignorierte-fehler-2\/"]}]},{"@type":"ImageObject","inLanguage":"de","@id":"https:\/\/exceladvisor.org\/de\/durchschnittlich-ignorierte-fehler-2\/#primaryimage","url":"https:\/\/exceladvisor.org\/wp-content\/uploads\/2023\/08\/1-na-erreur-dans-la-cellule.png","contentUrl":"https:\/\/exceladvisor.org\/wp-content\/uploads\/2023\/08\/1-na-erreur-dans-la-cellule.png"},{"@type":"BreadcrumbList","@id":"https:\/\/exceladvisor.org\/de\/durchschnittlich-ignorierte-fehler-2\/#breadcrumb","itemListElement":[{"@type":"ListItem","position":1,"name":"Accueil","item":"https:\/\/exceladvisor.org\/de\/"},{"@type":"ListItem","position":2,"name":"Wie behebe ich durchschnittsfehler in excel?"}]},{"@type":"WebSite","@id":"https:\/\/exceladvisor.org\/de\/#website","url":"https:\/\/exceladvisor.org\/de\/","name":"Excel Advisor","description":"Ihr Leitfaden zur Datendominanz","publisher":{"@id":"https:\/\/exceladvisor.org\/de\/#organization"},"potentialAction":[{"@type":"SearchAction","target":{"@type":"EntryPoint","urlTemplate":"https:\/\/exceladvisor.org\/de\/?s={search_term_string}"},"query-input":{"@type":"PropertyValueSpecification","valueRequired":true,"valueName":"search_term_string"}}],"inLanguage":"de"},{"@type":"Organization","@id":"https:\/\/exceladvisor.org\/de\/#organization","name":"Excel Advisor","url":"https:\/\/exceladvisor.org\/de\/","logo":{"@type":"ImageObject","inLanguage":"de","@id":"https:\/\/exceladvisor.org\/de\/#\/schema\/logo\/image\/","url":"https:\/\/exceladvisor.org\/de\/wp-content\/uploads\/2023\/11\/exceladvisor.org_.png","contentUrl":"https:\/\/exceladvisor.org\/de\/wp-content\/uploads\/2023\/11\/exceladvisor.org_.png","width":105,"height":36,"caption":"Excel Advisor"},"image":{"@id":"https:\/\/exceladvisor.org\/de\/#\/schema\/logo\/image\/"}}]}},"yoast_meta":{"yoast_wpseo_title":"","yoast_wpseo_metadesc":"","yoast_wpseo_canonical":""},"_links":{"self":[{"href":"https:\/\/exceladvisor.org\/de\/wp-json\/wp\/v2\/pages\/3194","targetHints":{"allow":["GET"]}}],"collection":[{"href":"https:\/\/exceladvisor.org\/de\/wp-json\/wp\/v2\/pages"}],"about":[{"href":"https:\/\/exceladvisor.org\/de\/wp-json\/wp\/v2\/types\/page"}],"author":[{"embeddable":true,"href":"https:\/\/exceladvisor.org\/de\/wp-json\/wp\/v2\/users\/1"}],"replies":[{"embeddable":true,"href":"https:\/\/exceladvisor.org\/de\/wp-json\/wp\/v2\/comments?post=3194"}],"version-history":[{"count":1,"href":"https:\/\/exceladvisor.org\/de\/wp-json\/wp\/v2\/pages\/3194\/revisions"}],"predecessor-version":[{"id":3870,"href":"https:\/\/exceladvisor.org\/de\/wp-json\/wp\/v2\/pages\/3194\/revisions\/3870"}],"wp:attachment":[{"href":"https:\/\/exceladvisor.org\/de\/wp-json\/wp\/v2\/media?parent=3194"}],"curies":[{"name":"wp","href":"https:\/\/api.w.org\/{rel}","templated":true}]}}