{"id":3199,"date":"2023-11-10T10:28:08","date_gmt":"2023-11-10T10:28:08","guid":{"rendered":"https:\/\/exceladvisor.org\/de\/zeichen-zahlen-2\/"},"modified":"2023-12-03T13:05:53","modified_gmt":"2023-12-03T13:05:53","slug":"zeichen-zahlen-2","status":"publish","type":"page","link":"https:\/\/exceladvisor.org\/de\/zeichen-zahlen-2\/","title":{"rendered":"Wie z\u00e4hle ich zeichen in excel?"},"content":{"rendered":"<div class=\"excel-vor-dem-inhalt\" id=\"excel-2824393107\"><script type=\"text\/javascript\">\r\n\tatOptions = {\r\n\t\t'key' : 'c1158f160081d6540a8409e6925dab94',\r\n\t\t'format' : 'iframe',\r\n\t\t'height' : 250,\r\n\t\t'width' : 300,\r\n\t\t'params' : {}\r\n\t};\r\n<\/script>\r\n<script type=\"text\/javascript\" src=\"\/\/www.highperformanceformat.com\/c1158f160081d6540a8409e6925dab94\/invoke.js\"><\/script><\/div> <p>In diesem Tutorial lernen wir, wie man in Excel verschiedene Formeln schreibt, um die Anzahl der Zeichen in einer Zelle oder einem Zellbereich zu z\u00e4hlen.<\/p><h2 class=\"wp-block-heading\"> Z\u00e4hlen Sie Zeichen in einer einzelnen Zelle<\/h2><p> Um die Zeichen in einer Zelle zu z\u00e4hlen, m\u00fcssen Sie die LEN-Funktion in die Zelle eingeben, in der Sie die Zahl erhalten m\u00f6chten. Beziehen Sie sich danach auf Zelle (A1). Dr\u00fccken Sie am Ende die Eingabetaste, um die Anzahl zu erhalten. Wenn Sie \u00fcber mehrere Zellen verf\u00fcgen, k\u00f6nnen Sie dieselbe Formel auch auf diese Zellen anwenden.<\/p><pre class=\"wp-block-code\"> <code class=\"language-excel-formula\" lang=\"excel-formula\">=LEN(B1)<\/code><\/pre><h2 class=\"wp-block-heading\"> Z\u00e4hlen Sie Zeichen ohne Leerzeichen<\/h2><p> Wenn eine Zelle ein oder mehrere Leerzeichen enth\u00e4lt, k\u00f6nnen Sie in diesem Fall die folgende Formel verwenden, bei der wir eine Kombination aus LEN und SUBSTITUTE verwendet haben. <\/p><div class=\"wp-block-image\"><figure class=\"aligncenter size-full is-resized\"><img loading=\"lazy\" decoding=\"async\" class=\"wp-image-79309\" src=\"https:\/\/exceladvisor.org\/wp-content\/uploads\/2023\/08\/2-chiffres-sans-espaces.png\" sizes=\"auto, \" srcset=\"\" alt=\"Z\u00e4hle-Zeichen-ohne-Leerzeichen\" width=\"525\" height=\"269\"><\/figure><\/div><pre class=\"wp-block-code\"> <code class=\"language-excel-formula\" lang=\"excel-formula\">=LEN(SUBSTITUTE(A1,\" \",\"\"))<\/code><\/pre><p> In dieser Formel haben wir SUBSTITUTE verwendet, um das Leerzeichen zwischen \u201eHello\u201c und \u201eWorld!\u201c zu ersetzen. \u00bb mit einem leeren Wert.<\/p><h2 class=\"wp-block-heading\"> Z\u00e4hlen Sie Zeichen in einem Bereich<\/h2><p> Wenn Sie \u00fcber einen Zellbereich verf\u00fcgen und die Zeichen in diesem gesamten Bereich z\u00e4hlen m\u00f6chten, k\u00f6nnen Sie eine Kombination aus SUMPRODUCT und LEN verwenden.<\/p><pre class=\"wp-block-code\"> <code class=\"language-excel-formula\" lang=\"excel-formula\">=SUMPRODUCT(LEN(A1:A3))<\/code><\/pre><p> Wenn Sie SUMPRODUCT verwenden, kann es eine Tabelle in einer einzelnen Zelle aufnehmen. Auf diese Weise wird der Wert aller Zellen (3) im Bereich \u00fcbernommen. Und zwischen SUMPRODUCT erh\u00e4lt LEN die Anzahl der Zeichen.<\/p><p> Wenn in einer oder mehreren Zellen ein Leerzeichen im Wert enthalten ist und Sie dieses Leerzeichen beim Z\u00e4hlen der Zeichen nicht mitz\u00e4hlen m\u00f6chten. Sie m\u00fcssen eine Kombination aus SUMPRODUCT, LEN und SUBSTITUTE erstellen.<\/p><p> Im obigen Beispiel haben wir die Zahl 36, wenn Sie beim Ermitteln der Anzahl der Zeichen das Leerzeichen einbeziehen. Aber wenn wir die Formel (SUMPRODUCT, SUBSTITUTE und LEN) verwenden.<\/p><pre class=\"wp-block-code\"> <code class=\"language-excel-formula\" lang=\"excel-formula\">=SUMPRODUCT(LEN(SUBSTITUTE(A1:A3,\" \",\"\")))<\/code><\/pre><h2 class=\"wp-block-heading\"> Z\u00e4hlen Sie ein bestimmtes Zeichen aus einer Zelle oder einem Bereich<\/h2><p> Angenommen, Sie m\u00f6chten die Anzahl eines bestimmten Zeichens aus einer Zelle ermitteln. Dies k\u00f6nnen Sie durch die Kombination von LEN und SUBSTITUTE erreichen. <\/p><div class=\"wp-block-image\"><figure class=\"aligncenter size-full is-resized\"><img loading=\"lazy\" decoding=\"async\" class=\"wp-image-79312\" src=\"https:\/\/exceladvisor.org\/wp-content\/uploads\/2023\/08\/5-compter-un-caractere-specifique.png\" sizes=\"auto, \" srcset=\"\" alt=\"z\u00e4hle ein bestimmtes Zeichen\" width=\"593\" height=\"302\"><\/figure><\/div><p> Im obigen Beispiel haben wir die Formel verwendet, um das Sternchen (*) aus der Zelle zu z\u00e4hlen. <\/p><pre class=\"wp-block-code\"> <code class=\"language-excel-formula\" lang=\"excel-formula\">=LEN(A1)-LEN(SUBSTITUTE(A1,\"*\",\"\"))<\/code><\/pre><div class=\"wp-block-image\"><figure class=\"aligncenter size-full is-resized\"><img loading=\"lazy\" decoding=\"async\" class=\"wp-image-79313\" src=\"https:\/\/exceladvisor.org\/wp-content\/uploads\/2023\/08\/6-comprendre-len-et-remplacer-la-fonction.png\" sizes=\"auto, \" srcset=\"\" alt=\"Len-and-Substitute-Funktion verstehen\" width=\"549\" height=\"118\"><\/figure><\/div><p> Diese Funktion besteht aus zwei Teilen:<\/p><ul><li> Im ersten Teil haben Sie die LEN-Funktion, die die Gesamtzahl der Zeichen in der Zelle ermittelt.<\/li><li> Im zweiten Teil haben Sie SUBSTITUTE, das das (*) durch keinen Wert ersetzt. Danach gibt LEN die Anzahl der Zeichen ohne Sternchen zur\u00fcck.<\/li><\/ul><p> Am Ende haben Sie zwei Konten, eines mit (*) und das andere ohne (*). Und wenn man die beiden abzieht, erh\u00e4lt man im Ergebnis die Zahl (*).<\/p><p> Und \u00e4hnlich verh\u00e4lt es sich, wenn Sie ein bestimmtes Zeichen aus einem Zellbereich z\u00e4hlen m\u00f6chten und die obige Formel in die SUMPRODUCT-Funktion einbinden und sich auf den gesamten Bereich statt auf eine einzelne Zelle beziehen m\u00fcssen. <\/p><pre class=\"wp-block-code\"> <code class=\"language-excel-formula\" lang=\"excel-formula\">=SUMPRODUCT(LEN(A1:A7)-LEN(SUBSTITUTE(A1:A7,\"*\",\"\")))<\/code><\/pre><div class=\"wp-block-image\"><figure class=\"aligncenter size-full is-resized\"><img loading=\"lazy\" decoding=\"async\" class=\"wp-image-79314\" src=\"https:\/\/exceladvisor.org\/wp-content\/uploads\/2023\/08\/7-sumproduct-et-fonction-len.png\" sizes=\"auto, \" srcset=\"\" alt=\"Summenprodukt-und-Len-Funktion\" width=\"574\" height=\"402\"><\/figure><\/div><p> Wenn Sie SUMPRODUCT verwenden, wird der gesamte Bereich als Tabelle verwendet und die Formel f\u00fcr den gesamten Bereich anstelle nur einer Zelle verwendet. Das bedeutet:<\/p><p> Im ersten Teil erhalten Sie die Gesamtzahl der Zeichen des gesamten Bereichs, und im zweiten Teil, SUBSTITUTE, entfernen Sie das (*) und LEN erh\u00e4lt die Zahl. Wenn Sie anschlie\u00dfend beide Zahlen abziehen, erhalten Sie die Nummer des jeweiligen Zeichens im Ergebnis. <\/p><div class=\"gb-container gb-container-52dfcee1 gb-container-sample-file\"><h2 class=\"gb-headline gb-headline-e289c143 gb-headline-text gb-headline-4f7959c2\"> Holen Sie sich die Excel-Datei<\/h2><p> <a class=\"gb-button gb-button-e88d6bee gb-button-text gb-button-button1\" href=\"https:\/\/exceladvisor.org\/wp-content\/uploads\/2023\/11\/compter-les-caracteres.xlsx\" rel=\"nofollow\">Herunterladen<\/a><\/p><\/div><div class=\"gb-container gb-container-0df56012 gb-container-mt\"> <a class=\"gb-button gb-button-f9f432f4 gb-button-text gb-button-mt-button\" href=\"https:\/\/exceladvisor.org\/de\/formeln\/\">Liste der Excel-Formeln<\/a><h2 class=\"gb-headline gb-headline-233444e8 gb-headline-text gb-headline-mt-heading\"> Verwandte Formeln <\/h2><div class=\"gb-grid-wrapper gb-grid-wrapper-a16fa65c gb-grid-wrapper-mt-grid\"><div class=\"gb-grid-column gb-grid-column-5b4a0cf9\"><div class=\"gb-container gb-container-5b4a0cf9\"><ul><li> <a href=\"https:\/\/exceladvisor.org\/de\/generieren-sie-zufallige-gruppen\/\">Generieren Sie zuf\u00e4llige Gruppen<\/a><\/li><li> <a href=\"https:\/\/exceladvisor.org\/de\/vergleiche-kanale-2\/\">Vergleichen Sie zwei Zeichenfolgen (Text)<\/a><\/li><li> <a href=\"https:\/\/exceladvisor.org\/de\/domain-bekommen\/\">Holen Sie sich die Domain von der E-Mail-ID<\/a><\/li><li> <a href=\"https:\/\/exceladvisor.org\/de\/nur-zahlen-extrahieren\/\">Nur Zahlen aus einem Text (String) extrahieren<\/a><\/li><li> <a href=\"https:\/\/exceladvisor.org\/de\/text-nachher-vorher\/\">Extrahieren Sie Text nach und vor einem Zeichen in Excel<\/a><\/li><\/ul><\/div><\/div><\/div><\/div>","protected":false},"excerpt":{"rendered":"","protected":false},"author":1,"featured_media":0,"parent":0,"menu_order":0,"comment_status":"open","ping_status":"closed","template":"","meta":{"ub_ctt_via":"","footnotes":""},"class_list":["post-3199","page","type-page","status-publish","hentry"],"featured_image_src":null,"yoast_head":"<!-- This site is optimized with the Yoast SEO plugin v25.4 - https:\/\/yoast.com\/wordpress\/plugins\/seo\/ -->\n<title>Wie z\u00e4hle ich Zeichen in Excel? (Tutorial 2023)<\/title>\n<meta name=\"description\" content=\"In diesem Tutorial erfahren Sie, wie Sie eine Excel-Formel schreiben, um die Zeichen in einer Zelle oder einem Zellbereich zu z\u00e4hlen.\" \/>\n<meta name=\"robots\" content=\"index, follow, max-snippet:-1, max-image-preview:large, max-video-preview:-1\" \/>\n<link rel=\"canonical\" href=\"https:\/\/exceladvisor.org\/de\/zeichen-zahlen-2\/\" \/>\n<meta property=\"og:locale\" content=\"de_DE\" \/>\n<meta property=\"og:type\" content=\"article\" \/>\n<meta property=\"og:title\" content=\"Wie z\u00e4hle ich Zeichen in Excel? (Tutorial 2023)\" \/>\n<meta property=\"og:description\" content=\"In diesem Tutorial erfahren Sie, wie Sie eine Excel-Formel schreiben, um die Zeichen in einer Zelle oder einem Zellbereich zu z\u00e4hlen.\" \/>\n<meta property=\"og:url\" content=\"https:\/\/exceladvisor.org\/de\/zeichen-zahlen-2\/\" \/>\n<meta property=\"og:site_name\" content=\"Excel Advisor\" \/>\n<meta property=\"article:modified_time\" content=\"2023-12-03T13:05:53+00:00\" \/>\n<meta property=\"og:image\" content=\"https:\/\/exceladvisor.org\/wp-content\/uploads\/2023\/08\/2-chiffres-sans-espaces.png\" \/>\n<meta name=\"twitter:card\" content=\"summary_large_image\" \/>\n<meta name=\"twitter:label1\" content=\"Gesch\u00e4tzte Lesezeit\" \/>\n\t<meta name=\"twitter:data1\" content=\"3\u00a0Minuten\" \/>\n<script type=\"application\/ld+json\" class=\"yoast-schema-graph\">{\"@context\":\"https:\/\/schema.org\",\"@graph\":[{\"@type\":\"WebPage\",\"@id\":\"https:\/\/exceladvisor.org\/de\/zeichen-zahlen-2\/\",\"url\":\"https:\/\/exceladvisor.org\/de\/zeichen-zahlen-2\/\",\"name\":\"Wie z\u00e4hle ich Zeichen in Excel? (Tutorial 2023)\",\"isPartOf\":{\"@id\":\"https:\/\/exceladvisor.org\/de\/#website\"},\"primaryImageOfPage\":{\"@id\":\"https:\/\/exceladvisor.org\/de\/zeichen-zahlen-2\/#primaryimage\"},\"image\":{\"@id\":\"https:\/\/exceladvisor.org\/de\/zeichen-zahlen-2\/#primaryimage\"},\"thumbnailUrl\":\"https:\/\/exceladvisor.org\/wp-content\/uploads\/2023\/08\/2-chiffres-sans-espaces.png\",\"datePublished\":\"2023-11-10T10:28:08+00:00\",\"dateModified\":\"2023-12-03T13:05:53+00:00\",\"description\":\"In diesem Tutorial erfahren Sie, wie Sie eine Excel-Formel schreiben, um die Zeichen in einer Zelle oder einem Zellbereich zu z\u00e4hlen.\",\"breadcrumb\":{\"@id\":\"https:\/\/exceladvisor.org\/de\/zeichen-zahlen-2\/#breadcrumb\"},\"inLanguage\":\"de\",\"potentialAction\":[{\"@type\":\"ReadAction\",\"target\":[\"https:\/\/exceladvisor.org\/de\/zeichen-zahlen-2\/\"]}]},{\"@type\":\"ImageObject\",\"inLanguage\":\"de\",\"@id\":\"https:\/\/exceladvisor.org\/de\/zeichen-zahlen-2\/#primaryimage\",\"url\":\"https:\/\/exceladvisor.org\/wp-content\/uploads\/2023\/08\/2-chiffres-sans-espaces.png\",\"contentUrl\":\"https:\/\/exceladvisor.org\/wp-content\/uploads\/2023\/08\/2-chiffres-sans-espaces.png\"},{\"@type\":\"BreadcrumbList\",\"@id\":\"https:\/\/exceladvisor.org\/de\/zeichen-zahlen-2\/#breadcrumb\",\"itemListElement\":[{\"@type\":\"ListItem\",\"position\":1,\"name\":\"Accueil\",\"item\":\"https:\/\/exceladvisor.org\/de\/\"},{\"@type\":\"ListItem\",\"position\":2,\"name\":\"Wie z\u00e4hle ich zeichen in excel?\"}]},{\"@type\":\"WebSite\",\"@id\":\"https:\/\/exceladvisor.org\/de\/#website\",\"url\":\"https:\/\/exceladvisor.org\/de\/\",\"name\":\"Excel Advisor\",\"description\":\"Ihr Leitfaden zur Datendominanz\",\"publisher\":{\"@id\":\"https:\/\/exceladvisor.org\/de\/#organization\"},\"potentialAction\":[{\"@type\":\"SearchAction\",\"target\":{\"@type\":\"EntryPoint\",\"urlTemplate\":\"https:\/\/exceladvisor.org\/de\/?s={search_term_string}\"},\"query-input\":{\"@type\":\"PropertyValueSpecification\",\"valueRequired\":true,\"valueName\":\"search_term_string\"}}],\"inLanguage\":\"de\"},{\"@type\":\"Organization\",\"@id\":\"https:\/\/exceladvisor.org\/de\/#organization\",\"name\":\"Excel Advisor\",\"url\":\"https:\/\/exceladvisor.org\/de\/\",\"logo\":{\"@type\":\"ImageObject\",\"inLanguage\":\"de\",\"@id\":\"https:\/\/exceladvisor.org\/de\/#\/schema\/logo\/image\/\",\"url\":\"https:\/\/exceladvisor.org\/de\/wp-content\/uploads\/2023\/11\/exceladvisor.org_.png\",\"contentUrl\":\"https:\/\/exceladvisor.org\/de\/wp-content\/uploads\/2023\/11\/exceladvisor.org_.png\",\"width\":105,\"height\":36,\"caption\":\"Excel Advisor\"},\"image\":{\"@id\":\"https:\/\/exceladvisor.org\/de\/#\/schema\/logo\/image\/\"}}]}<\/script>\n<!-- \/ Yoast SEO plugin. -->","yoast_head_json":{"title":"Wie z\u00e4hle ich Zeichen in Excel? (Tutorial 2023)","description":"In diesem Tutorial erfahren Sie, wie Sie eine Excel-Formel schreiben, um die Zeichen in einer Zelle oder einem Zellbereich zu z\u00e4hlen.","robots":{"index":"index","follow":"follow","max-snippet":"max-snippet:-1","max-image-preview":"max-image-preview:large","max-video-preview":"max-video-preview:-1"},"canonical":"https:\/\/exceladvisor.org\/de\/zeichen-zahlen-2\/","og_locale":"de_DE","og_type":"article","og_title":"Wie z\u00e4hle ich Zeichen in Excel? (Tutorial 2023)","og_description":"In diesem Tutorial erfahren Sie, wie Sie eine Excel-Formel schreiben, um die Zeichen in einer Zelle oder einem Zellbereich zu z\u00e4hlen.","og_url":"https:\/\/exceladvisor.org\/de\/zeichen-zahlen-2\/","og_site_name":"Excel Advisor","article_modified_time":"2023-12-03T13:05:53+00:00","og_image":[{"url":"https:\/\/exceladvisor.org\/wp-content\/uploads\/2023\/08\/2-chiffres-sans-espaces.png","type":"","width":"","height":""}],"twitter_card":"summary_large_image","twitter_misc":{"Gesch\u00e4tzte Lesezeit":"3\u00a0Minuten"},"schema":{"@context":"https:\/\/schema.org","@graph":[{"@type":"WebPage","@id":"https:\/\/exceladvisor.org\/de\/zeichen-zahlen-2\/","url":"https:\/\/exceladvisor.org\/de\/zeichen-zahlen-2\/","name":"Wie z\u00e4hle ich Zeichen in Excel? (Tutorial 2023)","isPartOf":{"@id":"https:\/\/exceladvisor.org\/de\/#website"},"primaryImageOfPage":{"@id":"https:\/\/exceladvisor.org\/de\/zeichen-zahlen-2\/#primaryimage"},"image":{"@id":"https:\/\/exceladvisor.org\/de\/zeichen-zahlen-2\/#primaryimage"},"thumbnailUrl":"https:\/\/exceladvisor.org\/wp-content\/uploads\/2023\/08\/2-chiffres-sans-espaces.png","datePublished":"2023-11-10T10:28:08+00:00","dateModified":"2023-12-03T13:05:53+00:00","description":"In diesem Tutorial erfahren Sie, wie Sie eine Excel-Formel schreiben, um die Zeichen in einer Zelle oder einem Zellbereich zu z\u00e4hlen.","breadcrumb":{"@id":"https:\/\/exceladvisor.org\/de\/zeichen-zahlen-2\/#breadcrumb"},"inLanguage":"de","potentialAction":[{"@type":"ReadAction","target":["https:\/\/exceladvisor.org\/de\/zeichen-zahlen-2\/"]}]},{"@type":"ImageObject","inLanguage":"de","@id":"https:\/\/exceladvisor.org\/de\/zeichen-zahlen-2\/#primaryimage","url":"https:\/\/exceladvisor.org\/wp-content\/uploads\/2023\/08\/2-chiffres-sans-espaces.png","contentUrl":"https:\/\/exceladvisor.org\/wp-content\/uploads\/2023\/08\/2-chiffres-sans-espaces.png"},{"@type":"BreadcrumbList","@id":"https:\/\/exceladvisor.org\/de\/zeichen-zahlen-2\/#breadcrumb","itemListElement":[{"@type":"ListItem","position":1,"name":"Accueil","item":"https:\/\/exceladvisor.org\/de\/"},{"@type":"ListItem","position":2,"name":"Wie z\u00e4hle ich zeichen in excel?"}]},{"@type":"WebSite","@id":"https:\/\/exceladvisor.org\/de\/#website","url":"https:\/\/exceladvisor.org\/de\/","name":"Excel Advisor","description":"Ihr Leitfaden zur Datendominanz","publisher":{"@id":"https:\/\/exceladvisor.org\/de\/#organization"},"potentialAction":[{"@type":"SearchAction","target":{"@type":"EntryPoint","urlTemplate":"https:\/\/exceladvisor.org\/de\/?s={search_term_string}"},"query-input":{"@type":"PropertyValueSpecification","valueRequired":true,"valueName":"search_term_string"}}],"inLanguage":"de"},{"@type":"Organization","@id":"https:\/\/exceladvisor.org\/de\/#organization","name":"Excel Advisor","url":"https:\/\/exceladvisor.org\/de\/","logo":{"@type":"ImageObject","inLanguage":"de","@id":"https:\/\/exceladvisor.org\/de\/#\/schema\/logo\/image\/","url":"https:\/\/exceladvisor.org\/de\/wp-content\/uploads\/2023\/11\/exceladvisor.org_.png","contentUrl":"https:\/\/exceladvisor.org\/de\/wp-content\/uploads\/2023\/11\/exceladvisor.org_.png","width":105,"height":36,"caption":"Excel Advisor"},"image":{"@id":"https:\/\/exceladvisor.org\/de\/#\/schema\/logo\/image\/"}}]}},"yoast_meta":{"yoast_wpseo_title":"","yoast_wpseo_metadesc":"","yoast_wpseo_canonical":""},"_links":{"self":[{"href":"https:\/\/exceladvisor.org\/de\/wp-json\/wp\/v2\/pages\/3199","targetHints":{"allow":["GET"]}}],"collection":[{"href":"https:\/\/exceladvisor.org\/de\/wp-json\/wp\/v2\/pages"}],"about":[{"href":"https:\/\/exceladvisor.org\/de\/wp-json\/wp\/v2\/types\/page"}],"author":[{"embeddable":true,"href":"https:\/\/exceladvisor.org\/de\/wp-json\/wp\/v2\/users\/1"}],"replies":[{"embeddable":true,"href":"https:\/\/exceladvisor.org\/de\/wp-json\/wp\/v2\/comments?post=3199"}],"version-history":[{"count":1,"href":"https:\/\/exceladvisor.org\/de\/wp-json\/wp\/v2\/pages\/3199\/revisions"}],"predecessor-version":[{"id":4421,"href":"https:\/\/exceladvisor.org\/de\/wp-json\/wp\/v2\/pages\/3199\/revisions\/4421"}],"wp:attachment":[{"href":"https:\/\/exceladvisor.org\/de\/wp-json\/wp\/v2\/media?parent=3199"}],"curies":[{"name":"wp","href":"https:\/\/api.w.org\/{rel}","templated":true}]}}