{"id":3200,"date":"2023-11-10T10:05:13","date_gmt":"2023-11-10T10:05:13","guid":{"rendered":"https:\/\/exceladvisor.org\/de\/datum-zu-text-2\/"},"modified":"2023-12-03T13:03:45","modified_gmt":"2023-12-03T13:03:45","slug":"datum-zu-text-2","status":"publish","type":"page","link":"https:\/\/exceladvisor.org\/de\/datum-zu-text-2\/","title":{"rendered":"Wie konvertiere ich ein datum in text in excel?"},"content":{"rendered":"<div class=\"excel-vor-dem-inhalt\" id=\"excel-2945405912\"><script type=\"text\/javascript\">\r\n\tatOptions = {\r\n\t\t'key' : 'c1158f160081d6540a8409e6925dab94',\r\n\t\t'format' : 'iframe',\r\n\t\t'height' : 250,\r\n\t\t'width' : 300,\r\n\t\t'params' : {}\r\n\t};\r\n<\/script>\r\n<script type=\"text\/javascript\" src=\"\/\/www.highperformanceformat.com\/c1158f160081d6540a8409e6925dab94\/invoke.js\"><\/script><\/div> <p>Wie Sie wissen, speichert Excel ein Datum als Zahl und Sie verf\u00fcgen \u00fcber das Datumsformat in der Zelle, um es als Datum anzuzeigen. Durch die Umwandlung des Datums in Text k\u00f6nnen Sie den Namen des Tages, die Nummer des Tages, den Namen des Monats und die Nummer des Jahres erhalten. <\/p><div class=\"wp-block-image\"><figure class=\"aligncenter size-full is-resized\"><img loading=\"lazy\" decoding=\"async\" class=\"wp-image-79828\" src=\"https:\/\/exceladvisor.org\/wp-content\/uploads\/2023\/08\/1-convertir-la-date-en-texte.png\" sizes=\"auto, \" srcset=\"\" alt=\"Datum-in-Text konvertieren\" width=\"799\" height=\"218\"><\/figure><\/div><p> Hierzu nutzen Sie am besten die TEXT-Funktion. Mit dieser Funktion k\u00f6nnen Sie einen Teil (Tag, Monat und Jahr) eines Datums in Textform extrahieren. In diesem Tutorial sehen wir uns einige Beispiele an, um zu verstehen, wie diese Methode verwendet wird.<\/p><h2 class=\"wp-block-heading\"> Konvertieren Sie ein Datum mit der TEXT-Funktion in Text<\/h2><p> Sie k\u00f6nnen die folgenden Schritte ausf\u00fchren:<\/p><ol type=\"1\"><li> Geben Sie zun\u00e4chst die TEXT-Funktion in eine Zelle ein.<\/li><li> Beziehen Sie sich anschlie\u00dfend im ersten Argument auf das urspr\u00fcngliche Datum.<\/li><li> Geben Sie dann im dritten Argument das Format des Datums ein, das Sie im Ergebnis erhalten m\u00f6chten.<\/li><li> Geben Sie am Ende schlie\u00dfende Klammern ein und dr\u00fccken Sie die Eingabetaste, um das Ergebnis zu erhalten. <\/li><\/ol><div class=\"wp-block-image\"><figure class=\"aligncenter size-full is-resized\"><img loading=\"lazy\" decoding=\"async\" class=\"wp-image-79829\" src=\"https:\/\/exceladvisor.org\/wp-content\/uploads\/2023\/08\/2-convertir-la-date-en-utilisant-la-fonction-de-texte.png\" sizes=\"auto, \" srcset=\"\" alt=\"Konvertieren Sie das Datum mithilfe der Textfunktion\" width=\"482\" height=\"269\"><\/figure><\/div><pre class=\"wp-block-code\"> <code class=\"language-excel-formula\" lang=\"excel-formula\">=TEXT(A1,\"dd-mmm-yy\")<\/code><\/pre><h2 class=\"wp-block-heading\"> Holen Sie sich den Monatsnamen als Text aus einem Datum<\/h2><p> In der TEXT-Funktion m\u00fcssen Sie sich im ersten Argument auf das tats\u00e4chliche Datum beziehen, dann m\u00fcssen Sie im zweiten Argument das Format des Datums angeben, das Sie im Ergebnis erhalten m\u00f6chten. <\/p><div class=\"wp-block-image\"><figure class=\"aligncenter size-full is-resized\"><img loading=\"lazy\" decoding=\"async\" class=\"wp-image-79830\" src=\"https:\/\/exceladvisor.org\/wp-content\/uploads\/2023\/08\/3-obtenir-le-nom-du-mois-sous-forme-de-texte.png\" sizes=\"auto, \" srcset=\"\" alt=\"Monatsnamen als Text abrufen\" width=\"487\" height=\"228\"><\/figure><\/div><p> In dieser Formel haben wir das Format \u201eMMMM\u201c verwendet. Dieses Format weist die TEXT-Funktion an, nur den vollst\u00e4ndigen Monatsnamen aus dem Datum als Text abzurufen.<\/p><pre class=\"wp-block-code\"> <code class=\"language-excel-formula\" lang=\"excel-formula\">=TEXT(A1,\"MMMM\")<\/code><\/pre><p> Und wenn Sie den Kurznamen des Monats erhalten m\u00f6chten, m\u00fcssen Sie nur das Format von \u201eMMMM\u201c in \u201eMMM\u201c \u00e4ndern. <\/p><div class=\"wp-block-image\"><figure class=\"aligncenter size-full is-resized\"><img loading=\"lazy\" decoding=\"async\" class=\"wp-image-79831\" src=\"https:\/\/exceladvisor.org\/wp-content\/uploads\/2023\/08\/4-obtenir-le-nom-court-du-mois-sous-forme-de-texte.png\" sizes=\"auto, \" srcset=\"\" alt=\"get-short-month-name-as-text\" width=\"494\" height=\"259\"><\/figure><\/div><pre class=\"wp-block-code\"> <code class=\"language-excel-formula\" lang=\"excel-formula\">=TEXT(A1,\"MMM\")<\/code><\/pre><h2 class=\"wp-block-heading\"> Holen Sie sich den Namen des Tages als Text aus einem Datum<\/h2><p> Und wenn Sie den Tagesnamen als Text aus dem Datum erhalten m\u00f6chten, m\u00fcssen Sie dieselbe Funktion verwenden, also TEXT. <\/p><div class=\"wp-block-image\"><figure class=\"aligncenter size-full is-resized\"><img loading=\"lazy\" decoding=\"async\" class=\"wp-image-79832\" src=\"https:\/\/exceladvisor.org\/wp-content\/uploads\/2023\/08\/5-obtenir-le-nom-du-jour-sous-forme-de-texte.png\" sizes=\"auto, \" srcset=\"\" alt=\"Get-Day-Name-as-Text\" width=\"509\" height=\"276\"><\/figure><\/div><p> Hier haben Sie dieselbe Funktion mit Format verwendet, um den vollst\u00e4ndigen Tagesnamen zu erhalten.<\/p><pre class=\"wp-block-code\"> <code class=\"language-excel-formula\" lang=\"excel-formula\">=TEXT(A1,\"DDDD\")<\/code><\/pre><p> Um den kurzen Tagesnamen zu erhalten, k\u00f6nnen Sie die folgende Formel verwenden. <\/p><pre class=\"wp-block-code\"> <code class=\"language-excel-formula\" lang=\"excel-formula\">=TEXT(A1,\"DDD\")<\/code><\/pre><div class=\"wp-block-image\"><figure class=\"aligncenter size-full is-resized\"><img loading=\"lazy\" decoding=\"async\" class=\"wp-image-79833\" src=\"https:\/\/exceladvisor.org\/wp-content\/uploads\/2023\/08\/6-obtenir-le-nom-du-jour-court-sous-forme-de-texte.png\" sizes=\"auto, \" srcset=\"\" alt=\"Get-Short-Day-Name-as-Text\" width=\"513\" height=\"279\"><\/figure><\/div><h2 class=\"wp-block-heading\"> Erhalten Sie ein Datum in einem vollst\u00e4ndigen Textsatz<\/h2><p> In der folgenden Formel haben wir die TEXT-Funktion verwendet, um einen Textsatz zu erstellen, um den Namen des Datums und des Tages als langen Satz zu definieren. <\/p><pre class=\"wp-block-code\"> <code class=\"language-excel-formula\" lang=\"excel-formula\">=\"The date is \"&amp;TEXT(A1,\"DD, MMMM'YY\")&amp;\" and day is \"&amp;TEXT(A1,\"DDDD\")&amp;\".\"<\/code><\/pre><div class=\"wp-block-image\"><figure class=\"aligncenter size-full is-resized\"><img loading=\"lazy\" decoding=\"async\" class=\"wp-image-79834\" src=\"https:\/\/exceladvisor.org\/wp-content\/uploads\/2023\/08\/7-obtenir-la-date-en-texte-complet.png\" sizes=\"auto, \" srcset=\"\" alt=\"Datum im Volltext abrufen\" width=\"793\" height=\"216\"><\/figure><\/div><div class=\"gb-container gb-container-52dfcee1 gb-container-sample-file\"><h2 class=\"gb-headline gb-headline-e289c143 gb-headline-text gb-headline-4f7959c2\"> Holen Sie sich die Excel-Datei<\/h2><p> <a class=\"gb-button gb-button-e88d6bee gb-button-text gb-button-button1\" href=\"https:\/\/exceladvisor.org\/wp-content\/uploads\/2023\/08\/date-au-texte.xlsx\" rel=\"nofollow\">Herunterladen<\/a><\/p><\/div><div class=\"gb-container gb-container-0df56012 gb-container-mt\"> <a class=\"gb-button gb-button-f9f432f4 gb-button-text gb-button-mt-button\" href=\"https:\/\/exceladvisor.org\/de\/formeln\/\">Liste der Excel-Formeln<\/a><h2 class=\"gb-headline gb-headline-233444e8 gb-headline-text gb-headline-mt-heading\"> Verwandte Formeln <\/h2><div class=\"gb-grid-wrapper gb-grid-wrapper-a16fa65c gb-grid-wrapper-mt-grid\"><div class=\"gb-grid-column gb-grid-column-50d07e0d\"><div class=\"gb-container gb-container-50d07e0d\"><ul><li> <a href=\"https:\/\/exceladvisor.org\/de\/monate-arbeitstage\/\">Arbeitstage im Monat<\/a><\/li><li> <a href=\"https:\/\/exceladvisor.org\/de\/countdown-tage\/\">Countdown-Tage<\/a><\/li><li> <a href=\"https:\/\/exceladvisor.org\/de\/tage-zwischen-zwei-daten\/\">Z\u00e4hlen Sie die Tage zwischen zwei Daten<\/a><\/li><li> <a href=\"https:\/\/exceladvisor.org\/de\/julienne-datum-2\/\">In julianisches Datum umrechnen<\/a><\/li><li> <a href=\"https:\/\/exceladvisor.org\/de\/vergangenen-sonntag-2\/\">Holen Sie sich den letzten Sonntag<\/a> <\/li><\/ul><\/div><\/div><div class=\"gb-grid-column gb-grid-column-5b4a0cf9\"><div class=\"gb-container gb-container-5b4a0cf9\"><\/div><\/div><\/div><\/div>","protected":false},"excerpt":{"rendered":"","protected":false},"author":1,"featured_media":0,"parent":0,"menu_order":0,"comment_status":"open","ping_status":"closed","template":"","meta":{"ub_ctt_via":"","footnotes":""},"class_list":["post-3200","page","type-page","status-publish","hentry"],"featured_image_src":null,"yoast_head":"<!-- This site is optimized with the Yoast SEO plugin v25.4 - https:\/\/yoast.com\/wordpress\/plugins\/seo\/ -->\n<title>Wie konvertiere ich ein Datum in Text in Excel? (Tutorial 2023)<\/title>\n<meta name=\"description\" content=\"In diesem Tutorial erfahren Sie, wie Sie eine Excel-Formel schreiben, um ein Datum in Text umzuwandeln. Lassen Sie uns das \u00fcberpr\u00fcfen ...\" \/>\n<meta name=\"robots\" content=\"index, follow, max-snippet:-1, max-image-preview:large, max-video-preview:-1\" \/>\n<link rel=\"canonical\" href=\"https:\/\/exceladvisor.org\/de\/datum-zu-text-2\/\" \/>\n<meta property=\"og:locale\" content=\"de_DE\" \/>\n<meta property=\"og:type\" content=\"article\" \/>\n<meta property=\"og:title\" content=\"Wie konvertiere ich ein Datum in Text in Excel? (Tutorial 2023)\" \/>\n<meta property=\"og:description\" content=\"In diesem Tutorial erfahren Sie, wie Sie eine Excel-Formel schreiben, um ein Datum in Text umzuwandeln. Lassen Sie uns das \u00fcberpr\u00fcfen ...\" \/>\n<meta property=\"og:url\" content=\"https:\/\/exceladvisor.org\/de\/datum-zu-text-2\/\" \/>\n<meta property=\"og:site_name\" content=\"Excel Advisor\" \/>\n<meta property=\"article:modified_time\" content=\"2023-12-03T13:03:45+00:00\" \/>\n<meta property=\"og:image\" content=\"https:\/\/exceladvisor.org\/wp-content\/uploads\/2023\/08\/1-convertir-la-date-en-texte.png\" \/>\n<meta name=\"twitter:card\" content=\"summary_large_image\" \/>\n<meta name=\"twitter:label1\" content=\"Gesch\u00e4tzte Lesezeit\" \/>\n\t<meta name=\"twitter:data1\" content=\"2\u00a0Minuten\" \/>\n<script type=\"application\/ld+json\" class=\"yoast-schema-graph\">{\"@context\":\"https:\/\/schema.org\",\"@graph\":[{\"@type\":\"WebPage\",\"@id\":\"https:\/\/exceladvisor.org\/de\/datum-zu-text-2\/\",\"url\":\"https:\/\/exceladvisor.org\/de\/datum-zu-text-2\/\",\"name\":\"Wie konvertiere ich ein Datum in Text in Excel? (Tutorial 2023)\",\"isPartOf\":{\"@id\":\"https:\/\/exceladvisor.org\/de\/#website\"},\"primaryImageOfPage\":{\"@id\":\"https:\/\/exceladvisor.org\/de\/datum-zu-text-2\/#primaryimage\"},\"image\":{\"@id\":\"https:\/\/exceladvisor.org\/de\/datum-zu-text-2\/#primaryimage\"},\"thumbnailUrl\":\"https:\/\/exceladvisor.org\/wp-content\/uploads\/2023\/08\/1-convertir-la-date-en-texte.png\",\"datePublished\":\"2023-11-10T10:05:13+00:00\",\"dateModified\":\"2023-12-03T13:03:45+00:00\",\"description\":\"In diesem Tutorial erfahren Sie, wie Sie eine Excel-Formel schreiben, um ein Datum in Text umzuwandeln. Lassen Sie uns das \u00fcberpr\u00fcfen ...\",\"breadcrumb\":{\"@id\":\"https:\/\/exceladvisor.org\/de\/datum-zu-text-2\/#breadcrumb\"},\"inLanguage\":\"de\",\"potentialAction\":[{\"@type\":\"ReadAction\",\"target\":[\"https:\/\/exceladvisor.org\/de\/datum-zu-text-2\/\"]}]},{\"@type\":\"ImageObject\",\"inLanguage\":\"de\",\"@id\":\"https:\/\/exceladvisor.org\/de\/datum-zu-text-2\/#primaryimage\",\"url\":\"https:\/\/exceladvisor.org\/wp-content\/uploads\/2023\/08\/1-convertir-la-date-en-texte.png\",\"contentUrl\":\"https:\/\/exceladvisor.org\/wp-content\/uploads\/2023\/08\/1-convertir-la-date-en-texte.png\"},{\"@type\":\"BreadcrumbList\",\"@id\":\"https:\/\/exceladvisor.org\/de\/datum-zu-text-2\/#breadcrumb\",\"itemListElement\":[{\"@type\":\"ListItem\",\"position\":1,\"name\":\"Accueil\",\"item\":\"https:\/\/exceladvisor.org\/de\/\"},{\"@type\":\"ListItem\",\"position\":2,\"name\":\"Wie konvertiere ich ein datum in text in excel?\"}]},{\"@type\":\"WebSite\",\"@id\":\"https:\/\/exceladvisor.org\/de\/#website\",\"url\":\"https:\/\/exceladvisor.org\/de\/\",\"name\":\"Excel Advisor\",\"description\":\"Ihr Leitfaden zur Datendominanz\",\"publisher\":{\"@id\":\"https:\/\/exceladvisor.org\/de\/#organization\"},\"potentialAction\":[{\"@type\":\"SearchAction\",\"target\":{\"@type\":\"EntryPoint\",\"urlTemplate\":\"https:\/\/exceladvisor.org\/de\/?s={search_term_string}\"},\"query-input\":{\"@type\":\"PropertyValueSpecification\",\"valueRequired\":true,\"valueName\":\"search_term_string\"}}],\"inLanguage\":\"de\"},{\"@type\":\"Organization\",\"@id\":\"https:\/\/exceladvisor.org\/de\/#organization\",\"name\":\"Excel Advisor\",\"url\":\"https:\/\/exceladvisor.org\/de\/\",\"logo\":{\"@type\":\"ImageObject\",\"inLanguage\":\"de\",\"@id\":\"https:\/\/exceladvisor.org\/de\/#\/schema\/logo\/image\/\",\"url\":\"https:\/\/exceladvisor.org\/de\/wp-content\/uploads\/2023\/11\/exceladvisor.org_.png\",\"contentUrl\":\"https:\/\/exceladvisor.org\/de\/wp-content\/uploads\/2023\/11\/exceladvisor.org_.png\",\"width\":105,\"height\":36,\"caption\":\"Excel Advisor\"},\"image\":{\"@id\":\"https:\/\/exceladvisor.org\/de\/#\/schema\/logo\/image\/\"}}]}<\/script>\n<!-- \/ Yoast SEO plugin. -->","yoast_head_json":{"title":"Wie konvertiere ich ein Datum in Text in Excel? (Tutorial 2023)","description":"In diesem Tutorial erfahren Sie, wie Sie eine Excel-Formel schreiben, um ein Datum in Text umzuwandeln. Lassen Sie uns das \u00fcberpr\u00fcfen ...","robots":{"index":"index","follow":"follow","max-snippet":"max-snippet:-1","max-image-preview":"max-image-preview:large","max-video-preview":"max-video-preview:-1"},"canonical":"https:\/\/exceladvisor.org\/de\/datum-zu-text-2\/","og_locale":"de_DE","og_type":"article","og_title":"Wie konvertiere ich ein Datum in Text in Excel? (Tutorial 2023)","og_description":"In diesem Tutorial erfahren Sie, wie Sie eine Excel-Formel schreiben, um ein Datum in Text umzuwandeln. Lassen Sie uns das \u00fcberpr\u00fcfen ...","og_url":"https:\/\/exceladvisor.org\/de\/datum-zu-text-2\/","og_site_name":"Excel Advisor","article_modified_time":"2023-12-03T13:03:45+00:00","og_image":[{"url":"https:\/\/exceladvisor.org\/wp-content\/uploads\/2023\/08\/1-convertir-la-date-en-texte.png","type":"","width":"","height":""}],"twitter_card":"summary_large_image","twitter_misc":{"Gesch\u00e4tzte Lesezeit":"2\u00a0Minuten"},"schema":{"@context":"https:\/\/schema.org","@graph":[{"@type":"WebPage","@id":"https:\/\/exceladvisor.org\/de\/datum-zu-text-2\/","url":"https:\/\/exceladvisor.org\/de\/datum-zu-text-2\/","name":"Wie konvertiere ich ein Datum in Text in Excel? (Tutorial 2023)","isPartOf":{"@id":"https:\/\/exceladvisor.org\/de\/#website"},"primaryImageOfPage":{"@id":"https:\/\/exceladvisor.org\/de\/datum-zu-text-2\/#primaryimage"},"image":{"@id":"https:\/\/exceladvisor.org\/de\/datum-zu-text-2\/#primaryimage"},"thumbnailUrl":"https:\/\/exceladvisor.org\/wp-content\/uploads\/2023\/08\/1-convertir-la-date-en-texte.png","datePublished":"2023-11-10T10:05:13+00:00","dateModified":"2023-12-03T13:03:45+00:00","description":"In diesem Tutorial erfahren Sie, wie Sie eine Excel-Formel schreiben, um ein Datum in Text umzuwandeln. Lassen Sie uns das \u00fcberpr\u00fcfen ...","breadcrumb":{"@id":"https:\/\/exceladvisor.org\/de\/datum-zu-text-2\/#breadcrumb"},"inLanguage":"de","potentialAction":[{"@type":"ReadAction","target":["https:\/\/exceladvisor.org\/de\/datum-zu-text-2\/"]}]},{"@type":"ImageObject","inLanguage":"de","@id":"https:\/\/exceladvisor.org\/de\/datum-zu-text-2\/#primaryimage","url":"https:\/\/exceladvisor.org\/wp-content\/uploads\/2023\/08\/1-convertir-la-date-en-texte.png","contentUrl":"https:\/\/exceladvisor.org\/wp-content\/uploads\/2023\/08\/1-convertir-la-date-en-texte.png"},{"@type":"BreadcrumbList","@id":"https:\/\/exceladvisor.org\/de\/datum-zu-text-2\/#breadcrumb","itemListElement":[{"@type":"ListItem","position":1,"name":"Accueil","item":"https:\/\/exceladvisor.org\/de\/"},{"@type":"ListItem","position":2,"name":"Wie konvertiere ich ein datum in text in excel?"}]},{"@type":"WebSite","@id":"https:\/\/exceladvisor.org\/de\/#website","url":"https:\/\/exceladvisor.org\/de\/","name":"Excel Advisor","description":"Ihr Leitfaden zur Datendominanz","publisher":{"@id":"https:\/\/exceladvisor.org\/de\/#organization"},"potentialAction":[{"@type":"SearchAction","target":{"@type":"EntryPoint","urlTemplate":"https:\/\/exceladvisor.org\/de\/?s={search_term_string}"},"query-input":{"@type":"PropertyValueSpecification","valueRequired":true,"valueName":"search_term_string"}}],"inLanguage":"de"},{"@type":"Organization","@id":"https:\/\/exceladvisor.org\/de\/#organization","name":"Excel Advisor","url":"https:\/\/exceladvisor.org\/de\/","logo":{"@type":"ImageObject","inLanguage":"de","@id":"https:\/\/exceladvisor.org\/de\/#\/schema\/logo\/image\/","url":"https:\/\/exceladvisor.org\/de\/wp-content\/uploads\/2023\/11\/exceladvisor.org_.png","contentUrl":"https:\/\/exceladvisor.org\/de\/wp-content\/uploads\/2023\/11\/exceladvisor.org_.png","width":105,"height":36,"caption":"Excel Advisor"},"image":{"@id":"https:\/\/exceladvisor.org\/de\/#\/schema\/logo\/image\/"}}]}},"yoast_meta":{"yoast_wpseo_title":"","yoast_wpseo_metadesc":"","yoast_wpseo_canonical":""},"_links":{"self":[{"href":"https:\/\/exceladvisor.org\/de\/wp-json\/wp\/v2\/pages\/3200","targetHints":{"allow":["GET"]}}],"collection":[{"href":"https:\/\/exceladvisor.org\/de\/wp-json\/wp\/v2\/pages"}],"about":[{"href":"https:\/\/exceladvisor.org\/de\/wp-json\/wp\/v2\/types\/page"}],"author":[{"embeddable":true,"href":"https:\/\/exceladvisor.org\/de\/wp-json\/wp\/v2\/users\/1"}],"replies":[{"embeddable":true,"href":"https:\/\/exceladvisor.org\/de\/wp-json\/wp\/v2\/comments?post=3200"}],"version-history":[{"count":1,"href":"https:\/\/exceladvisor.org\/de\/wp-json\/wp\/v2\/pages\/3200\/revisions"}],"predecessor-version":[{"id":4119,"href":"https:\/\/exceladvisor.org\/de\/wp-json\/wp\/v2\/pages\/3200\/revisions\/4119"}],"wp:attachment":[{"href":"https:\/\/exceladvisor.org\/de\/wp-json\/wp\/v2\/media?parent=3200"}],"curies":[{"name":"wp","href":"https:\/\/api.w.org\/{rel}","templated":true}]}}