{"id":3202,"date":"2023-11-10T09:45:03","date_gmt":"2023-11-10T09:45:03","guid":{"rendered":"https:\/\/exceladvisor.org\/de\/sekunden-bis-stunden-minuten\/"},"modified":"2023-12-03T13:04:45","modified_gmt":"2023-12-03T13:04:45","slug":"sekunden-bis-stunden-minuten","status":"publish","type":"page","link":"https:\/\/exceladvisor.org\/de\/sekunden-bis-stunden-minuten\/","title":{"rendered":"Wie rechnet man sekunden in stunden und minuten um?"},"content":{"rendered":"<div class=\"excel-vor-dem-inhalt\" id=\"excel-1125469433\"><script type=\"text\/javascript\">\r\n\tatOptions = {\r\n\t\t'key' : 'c1158f160081d6540a8409e6925dab94',\r\n\t\t'format' : 'iframe',\r\n\t\t'height' : 250,\r\n\t\t'width' : 300,\r\n\t\t'params' : {}\r\n\t};\r\n<\/script>\r\n<script type=\"text\/javascript\" src=\"\/\/www.highperformanceformat.com\/c1158f160081d6540a8409e6925dab94\/invoke.js\"><\/script><\/div> <p>Um in Excel Sekunden in Stunden oder Minuten umzuwandeln, m\u00fcssen Sie den Wert Ihrer Sekunden durch die Gesamtzahl der Sekunden eines einzelnen Tages dividieren. Danach m\u00fcssen Sie das Format auf Stunden und Minuten \u00e4ndern. <\/p><div class=\"wp-block-image\"><figure class=\"aligncenter size-full is-resized\"><img loading=\"lazy\" decoding=\"async\" class=\"wp-image-80514\" src=\"https:\/\/exceladvisor.org\/wp-content\/uploads\/2023\/08\/1-convertir-les-secondes-en-heures-et-minutes.png\" sizes=\"auto, \" srcset=\"\" alt=\"Konvertieren Sie Sekunden in Stunden und Minuten\" width=\"583\" height=\"268\"><\/figure><\/div><p> In diesem Tutorial erfahren Sie, wie Sie diese Formeln im Detail schreiben und verstehen. Als Referenz: Im Beispiel unten haben Sie 10.000 Sekunden in Zelle A1. <\/p><div class=\"wp-block-image\"><figure class=\"aligncenter size-full is-resized\"><img loading=\"lazy\" decoding=\"async\" class=\"wp-image-80515\" src=\"https:\/\/exceladvisor.org\/wp-content\/uploads\/2023\/08\/2-secondes-comme-valeurs.png\" sizes=\"auto, \" srcset=\"\" alt=\"Zweit-als-Werte\" width=\"433\" height=\"194\"><\/figure><\/div><h2 class=\"wp-block-heading\"> Sekunden in Stunden umrechnen (hh:mm:ss)<\/h2><p> Hier sind die Schritte zum Schreiben dieser Formel:<\/p><ol><li> Geben Sie zun\u00e4chst in einer Zelle die Formel ein, um Sekunden durch 86400 (die Gesamtzahl der Sekunden an einem Tag) zu dividieren. <br><img loading=\"lazy\" decoding=\"async\" title=\"3-teilt-die-sekunden\" src=\"https:\/\/exceladvisor.org\/wp-content\/uploads\/2023\/08\/3-diviser-les-secondes.png\" sizes=\"auto, \" srcset=\"\" alt=\"divide-the-seconds\" width=\"515\" height=\"262\"><\/li><li> \u00d6ffnen Sie anschlie\u00dfend <a href=\"https:\/\/exceladvisor.org\/de\/optionen-zum-offnen-von-zellenformaten\/\">die Formatoptionen (Strg+1)<\/a> . <br><img loading=\"lazy\" decoding=\"async\" title=\"4-Zellen-Open-Format\" src=\"https:\/\/exceladvisor.org\/wp-content\/uploads\/2023\/08\/4-cellules-au-format-ouvert.png\" sizes=\"auto, \" srcset=\"\" alt=\"open-format-cells\" width=\"513\" height=\"358\"><\/li><li> Klicken Sie nun in der Kategorienliste auf \u201eBenutzerdefiniert\u201c. <br><img loading=\"lazy\" decoding=\"async\" title=\"5-benutzerdefinierte Kategorie ausw\u00e4hlen\" src=\"https:\/\/exceladvisor.org\/wp-content\/uploads\/2023\/08\/5-selectionnez-la-categorie-personnalisee.png\" sizes=\"auto, \" srcset=\"\" alt=\"select-custom-category\" width=\"596\" height=\"323\"><\/li><li> Geben Sie dann in der Eingabeleiste f\u00fcr den Typ [hh]:mm oder [hh]:mm:ss ein. <br><img loading=\"lazy\" decoding=\"async\" title=\"6-Geben Sie einen benutzerdefinierten Wert ein\" src=\"https:\/\/exceladvisor.org\/wp-content\/uploads\/2023\/08\/6-entrez-la-valeur-personnalisee.png\" sizes=\"auto, \" srcset=\"\" alt=\"enter-custom-value\" width=\"593\" height=\"290\"><\/li><li> Klicken Sie abschlie\u00dfend auf OK, um die Formatierung anzuwenden.<\/li><\/ol><p> Wenn Sie OK dr\u00fccken, wird Ihnen die Gesamtzahl der Stunden und Minuten angezeigt. <\/p><div class=\"wp-block-image\"><figure class=\"aligncenter size-full is-resized\"><img loading=\"lazy\" decoding=\"async\" class=\"wp-image-80520\" src=\"https:\/\/exceladvisor.org\/wp-content\/uploads\/2023\/08\/8-nombre-total-dheures-et-de-minutes.png\" sizes=\"auto, \" srcset=\"\" alt=\"Gesamtzahl der Stunden und Minuten\" width=\"475\" height=\"238\"><\/figure><\/div><p class=\"grey-note\"> <strong>Anstelle von hh:mm:ss verwenden wir hier [hh]:mm oder [hh]:mm:ss.<\/strong><\/p><p class=\"grey-note\"> Denn wenn Sie hh:mm verwenden und die Anzahl der Sekunden gr\u00f6\u00dfer ist als die Gesamtzahl der Sekunden an einem Tag, erhalten Sie ein schlechtes Ergebnis.<\/p><p class=\"grey-note\"> Wenn Sie 27 Stunden Zeit haben, werden Ihnen nach den 24 Stunden t\u00e4glich 3 Stunden angezeigt. Aus diesem Grund sollten Sie [hh]:mm:ss und [hh]:mm verwenden.<\/p><h2 class=\"wp-block-heading\"> Konvertieren Sie Sekunden in Minuten<\/h2><p> Auf die gleiche Weise k\u00f6nnen Sie Sekunden in Minuten umwandeln. Sie m\u00fcssen die gleichen Schritte ausf\u00fchren, aber Sie m\u00fcssen ein anderes benutzerdefiniertes Format verwenden. Nachdem Sie die Formel in die Zelle eingegeben haben, \u00e4ndern Sie das Format in [mm]:ss und klicken Sie auf OK. <\/p><div class=\"wp-block-image\"><figure class=\"aligncenter size-full is-resized\"><img loading=\"lazy\" decoding=\"async\" class=\"wp-image-80521\" src=\"https:\/\/exceladvisor.org\/wp-content\/uploads\/2023\/08\/9-convertir-des-secondes-en-minutes.png\" sizes=\"auto, \" srcset=\"\" alt=\"Sekunden in Minuten umrechnen\" width=\"782\" height=\"338\"><\/figure><\/div><h2 class=\"wp-block-heading\"> Verwenden der Textfunktion zum Umrechnen von Sekunden in Stunden und Minuten<\/h2><p> Ja, Sie k\u00f6nnen auch die TEXT-Funktion nutzen. Dies erm\u00f6glicht die Umrechnung von Sekunden in das gew\u00fcnschte Ergebnis, ohne das Zellenformat zu \u00e4ndern. In der TEXT-Funktion k\u00f6nnen Sie das Format innerhalb der Funktion angeben. <\/p><div class=\"wp-block-image\"><figure class=\"aligncenter size-full is-resized\"><img loading=\"lazy\" decoding=\"async\" class=\"wp-image-80522\" src=\"https:\/\/exceladvisor.org\/wp-content\/uploads\/2023\/08\/10-fonctions-de-texte-pour-convertir-les-secondes.png\" sizes=\"auto, \" srcset=\"\" alt=\"Textfunktion zum Konvertieren von Sekunden\" width=\"606\" height=\"228\"><\/figure><\/div><p> Im ersten Argument von TEXT m\u00fcssen Sie die gleiche Formel Sekunden\/Gesamtsekunden pro Tag eingeben. Geben Sie anschlie\u00dfend im zweiten Argument (text_format) das gew\u00fcnschte Format ein.<\/p><pre class=\"wp-block-code\"> <code class=\"language-excel-formula\" lang=\"excel-formula\">=TEXT(A1\/86400,\"[hh]:mm\") =TEXT(A1\/86400,\"[mm]:ss\")<\/code><\/pre><div class=\"gb-container gb-container-52dfcee1 gb-container-sample-file\"><h2 class=\"gb-headline gb-headline-e289c143 gb-headline-text gb-headline-4f7959c2\"> Holen Sie sich die Excel-Datei<\/h2><p> <a class=\"gb-button gb-button-e88d6bee gb-button-text gb-button-button1\" href=\"https:\/\/exceladvisor.org\/wp-content\/uploads\/2023\/08\/convertir-les-secondes.xlsx\" rel=\"nofollow\">Herunterladen<\/a> <\/p><\/div><div class=\"wp-block-group more-tutorials is-layout-flow\"><div class=\"wp-block-group__inner-container\"><h2 class=\"wp-block-heading\"> Weitere Formeln<\/h2><ul><li> <a href=\"https:\/\/exceladvisor.org\/de\/zeit-in-minuten-2\/\">Zeitwert in Minuten umrechnen (Excel-Formel)<\/a><\/li><li> <a href=\"https:\/\/exceladvisor.org\/de\/zeit-in-sekunden-2\/\">Konvertieren Sie den Zeitwert in Sekunden<\/a><\/li><li> <a href=\"https:\/\/exceladvisor.org\/de\/aktuelle-uhrzeit-2\/\">Aktuelle Uhrzeit abrufen (Excel-Formel)<\/a><\/li><li> <a href=\"https:\/\/exceladvisor.org\/de\/mittagsschlaf-2\/\">Summenzeit in Excel (Excel-Formel)<\/a><\/li><li> <a href=\"https:\/\/exceladvisor.org\/de\/fugen-sie-der-zeit-sekunden-hinzu\/\">F\u00fcgen Sie der Zeit Sekunden hinzu<\/a><\/li><\/ul><\/div><\/div>","protected":false},"excerpt":{"rendered":"","protected":false},"author":1,"featured_media":0,"parent":0,"menu_order":0,"comment_status":"open","ping_status":"closed","template":"","meta":{"ub_ctt_via":"","footnotes":""},"class_list":["post-3202","page","type-page","status-publish","hentry"],"featured_image_src":null,"yoast_head":"<!-- This site is optimized with the Yoast SEO plugin v25.4 - https:\/\/yoast.com\/wordpress\/plugins\/seo\/ -->\n<title>So konvertieren Sie Sekunden in Stunden und Minuten in Excel<\/title>\n<meta name=\"description\" content=\"In diesem Tutorial erfahren Sie, wie Sie eine Excel-Formel schreiben, um Sekunden in Stunden und Minuten umzurechnen. Lassen Sie uns das \u00fcberpr\u00fcfen ...\" \/>\n<meta name=\"robots\" content=\"index, follow, max-snippet:-1, max-image-preview:large, max-video-preview:-1\" \/>\n<link rel=\"canonical\" href=\"https:\/\/exceladvisor.org\/de\/sekunden-bis-stunden-minuten\/\" \/>\n<meta property=\"og:locale\" content=\"de_DE\" \/>\n<meta property=\"og:type\" content=\"article\" \/>\n<meta property=\"og:title\" content=\"So konvertieren Sie Sekunden in Stunden und Minuten in Excel\" \/>\n<meta property=\"og:description\" content=\"In diesem Tutorial erfahren Sie, wie Sie eine Excel-Formel schreiben, um Sekunden in Stunden und Minuten umzurechnen. Lassen Sie uns das \u00fcberpr\u00fcfen ...\" \/>\n<meta property=\"og:url\" content=\"https:\/\/exceladvisor.org\/de\/sekunden-bis-stunden-minuten\/\" \/>\n<meta property=\"og:site_name\" content=\"Excel Advisor\" \/>\n<meta property=\"article:modified_time\" content=\"2023-12-03T13:04:45+00:00\" \/>\n<meta property=\"og:image\" content=\"https:\/\/exceladvisor.org\/wp-content\/uploads\/2023\/08\/1-convertir-les-secondes-en-heures-et-minutes.png\" \/>\n<meta name=\"twitter:card\" content=\"summary_large_image\" \/>\n<meta name=\"twitter:label1\" content=\"Gesch\u00e4tzte Lesezeit\" \/>\n\t<meta name=\"twitter:data1\" content=\"2\u00a0Minuten\" \/>\n<script type=\"application\/ld+json\" class=\"yoast-schema-graph\">{\"@context\":\"https:\/\/schema.org\",\"@graph\":[{\"@type\":\"WebPage\",\"@id\":\"https:\/\/exceladvisor.org\/de\/sekunden-bis-stunden-minuten\/\",\"url\":\"https:\/\/exceladvisor.org\/de\/sekunden-bis-stunden-minuten\/\",\"name\":\"So konvertieren Sie Sekunden in Stunden und Minuten in Excel\",\"isPartOf\":{\"@id\":\"https:\/\/exceladvisor.org\/de\/#website\"},\"primaryImageOfPage\":{\"@id\":\"https:\/\/exceladvisor.org\/de\/sekunden-bis-stunden-minuten\/#primaryimage\"},\"image\":{\"@id\":\"https:\/\/exceladvisor.org\/de\/sekunden-bis-stunden-minuten\/#primaryimage\"},\"thumbnailUrl\":\"https:\/\/exceladvisor.org\/wp-content\/uploads\/2023\/08\/1-convertir-les-secondes-en-heures-et-minutes.png\",\"datePublished\":\"2023-11-10T09:45:03+00:00\",\"dateModified\":\"2023-12-03T13:04:45+00:00\",\"description\":\"In diesem Tutorial erfahren Sie, wie Sie eine Excel-Formel schreiben, um Sekunden in Stunden und Minuten umzurechnen. Lassen Sie uns das \u00fcberpr\u00fcfen ...\",\"breadcrumb\":{\"@id\":\"https:\/\/exceladvisor.org\/de\/sekunden-bis-stunden-minuten\/#breadcrumb\"},\"inLanguage\":\"de\",\"potentialAction\":[{\"@type\":\"ReadAction\",\"target\":[\"https:\/\/exceladvisor.org\/de\/sekunden-bis-stunden-minuten\/\"]}]},{\"@type\":\"ImageObject\",\"inLanguage\":\"de\",\"@id\":\"https:\/\/exceladvisor.org\/de\/sekunden-bis-stunden-minuten\/#primaryimage\",\"url\":\"https:\/\/exceladvisor.org\/wp-content\/uploads\/2023\/08\/1-convertir-les-secondes-en-heures-et-minutes.png\",\"contentUrl\":\"https:\/\/exceladvisor.org\/wp-content\/uploads\/2023\/08\/1-convertir-les-secondes-en-heures-et-minutes.png\"},{\"@type\":\"BreadcrumbList\",\"@id\":\"https:\/\/exceladvisor.org\/de\/sekunden-bis-stunden-minuten\/#breadcrumb\",\"itemListElement\":[{\"@type\":\"ListItem\",\"position\":1,\"name\":\"Accueil\",\"item\":\"https:\/\/exceladvisor.org\/de\/\"},{\"@type\":\"ListItem\",\"position\":2,\"name\":\"Wie rechnet man sekunden in stunden und minuten um?\"}]},{\"@type\":\"WebSite\",\"@id\":\"https:\/\/exceladvisor.org\/de\/#website\",\"url\":\"https:\/\/exceladvisor.org\/de\/\",\"name\":\"Excel Advisor\",\"description\":\"Ihr Leitfaden zur Datendominanz\",\"publisher\":{\"@id\":\"https:\/\/exceladvisor.org\/de\/#organization\"},\"potentialAction\":[{\"@type\":\"SearchAction\",\"target\":{\"@type\":\"EntryPoint\",\"urlTemplate\":\"https:\/\/exceladvisor.org\/de\/?s={search_term_string}\"},\"query-input\":{\"@type\":\"PropertyValueSpecification\",\"valueRequired\":true,\"valueName\":\"search_term_string\"}}],\"inLanguage\":\"de\"},{\"@type\":\"Organization\",\"@id\":\"https:\/\/exceladvisor.org\/de\/#organization\",\"name\":\"Excel Advisor\",\"url\":\"https:\/\/exceladvisor.org\/de\/\",\"logo\":{\"@type\":\"ImageObject\",\"inLanguage\":\"de\",\"@id\":\"https:\/\/exceladvisor.org\/de\/#\/schema\/logo\/image\/\",\"url\":\"https:\/\/exceladvisor.org\/de\/wp-content\/uploads\/2023\/11\/exceladvisor.org_.png\",\"contentUrl\":\"https:\/\/exceladvisor.org\/de\/wp-content\/uploads\/2023\/11\/exceladvisor.org_.png\",\"width\":105,\"height\":36,\"caption\":\"Excel Advisor\"},\"image\":{\"@id\":\"https:\/\/exceladvisor.org\/de\/#\/schema\/logo\/image\/\"}}]}<\/script>\n<!-- \/ Yoast SEO plugin. -->","yoast_head_json":{"title":"So konvertieren Sie Sekunden in Stunden und Minuten in Excel","description":"In diesem Tutorial erfahren Sie, wie Sie eine Excel-Formel schreiben, um Sekunden in Stunden und Minuten umzurechnen. Lassen Sie uns das \u00fcberpr\u00fcfen ...","robots":{"index":"index","follow":"follow","max-snippet":"max-snippet:-1","max-image-preview":"max-image-preview:large","max-video-preview":"max-video-preview:-1"},"canonical":"https:\/\/exceladvisor.org\/de\/sekunden-bis-stunden-minuten\/","og_locale":"de_DE","og_type":"article","og_title":"So konvertieren Sie Sekunden in Stunden und Minuten in Excel","og_description":"In diesem Tutorial erfahren Sie, wie Sie eine Excel-Formel schreiben, um Sekunden in Stunden und Minuten umzurechnen. Lassen Sie uns das \u00fcberpr\u00fcfen ...","og_url":"https:\/\/exceladvisor.org\/de\/sekunden-bis-stunden-minuten\/","og_site_name":"Excel Advisor","article_modified_time":"2023-12-03T13:04:45+00:00","og_image":[{"url":"https:\/\/exceladvisor.org\/wp-content\/uploads\/2023\/08\/1-convertir-les-secondes-en-heures-et-minutes.png","type":"","width":"","height":""}],"twitter_card":"summary_large_image","twitter_misc":{"Gesch\u00e4tzte Lesezeit":"2\u00a0Minuten"},"schema":{"@context":"https:\/\/schema.org","@graph":[{"@type":"WebPage","@id":"https:\/\/exceladvisor.org\/de\/sekunden-bis-stunden-minuten\/","url":"https:\/\/exceladvisor.org\/de\/sekunden-bis-stunden-minuten\/","name":"So konvertieren Sie Sekunden in Stunden und Minuten in Excel","isPartOf":{"@id":"https:\/\/exceladvisor.org\/de\/#website"},"primaryImageOfPage":{"@id":"https:\/\/exceladvisor.org\/de\/sekunden-bis-stunden-minuten\/#primaryimage"},"image":{"@id":"https:\/\/exceladvisor.org\/de\/sekunden-bis-stunden-minuten\/#primaryimage"},"thumbnailUrl":"https:\/\/exceladvisor.org\/wp-content\/uploads\/2023\/08\/1-convertir-les-secondes-en-heures-et-minutes.png","datePublished":"2023-11-10T09:45:03+00:00","dateModified":"2023-12-03T13:04:45+00:00","description":"In diesem Tutorial erfahren Sie, wie Sie eine Excel-Formel schreiben, um Sekunden in Stunden und Minuten umzurechnen. Lassen Sie uns das \u00fcberpr\u00fcfen ...","breadcrumb":{"@id":"https:\/\/exceladvisor.org\/de\/sekunden-bis-stunden-minuten\/#breadcrumb"},"inLanguage":"de","potentialAction":[{"@type":"ReadAction","target":["https:\/\/exceladvisor.org\/de\/sekunden-bis-stunden-minuten\/"]}]},{"@type":"ImageObject","inLanguage":"de","@id":"https:\/\/exceladvisor.org\/de\/sekunden-bis-stunden-minuten\/#primaryimage","url":"https:\/\/exceladvisor.org\/wp-content\/uploads\/2023\/08\/1-convertir-les-secondes-en-heures-et-minutes.png","contentUrl":"https:\/\/exceladvisor.org\/wp-content\/uploads\/2023\/08\/1-convertir-les-secondes-en-heures-et-minutes.png"},{"@type":"BreadcrumbList","@id":"https:\/\/exceladvisor.org\/de\/sekunden-bis-stunden-minuten\/#breadcrumb","itemListElement":[{"@type":"ListItem","position":1,"name":"Accueil","item":"https:\/\/exceladvisor.org\/de\/"},{"@type":"ListItem","position":2,"name":"Wie rechnet man sekunden in stunden und minuten um?"}]},{"@type":"WebSite","@id":"https:\/\/exceladvisor.org\/de\/#website","url":"https:\/\/exceladvisor.org\/de\/","name":"Excel Advisor","description":"Ihr Leitfaden zur Datendominanz","publisher":{"@id":"https:\/\/exceladvisor.org\/de\/#organization"},"potentialAction":[{"@type":"SearchAction","target":{"@type":"EntryPoint","urlTemplate":"https:\/\/exceladvisor.org\/de\/?s={search_term_string}"},"query-input":{"@type":"PropertyValueSpecification","valueRequired":true,"valueName":"search_term_string"}}],"inLanguage":"de"},{"@type":"Organization","@id":"https:\/\/exceladvisor.org\/de\/#organization","name":"Excel Advisor","url":"https:\/\/exceladvisor.org\/de\/","logo":{"@type":"ImageObject","inLanguage":"de","@id":"https:\/\/exceladvisor.org\/de\/#\/schema\/logo\/image\/","url":"https:\/\/exceladvisor.org\/de\/wp-content\/uploads\/2023\/11\/exceladvisor.org_.png","contentUrl":"https:\/\/exceladvisor.org\/de\/wp-content\/uploads\/2023\/11\/exceladvisor.org_.png","width":105,"height":36,"caption":"Excel Advisor"},"image":{"@id":"https:\/\/exceladvisor.org\/de\/#\/schema\/logo\/image\/"}}]}},"yoast_meta":{"yoast_wpseo_title":"","yoast_wpseo_metadesc":"","yoast_wpseo_canonical":""},"_links":{"self":[{"href":"https:\/\/exceladvisor.org\/de\/wp-json\/wp\/v2\/pages\/3202","targetHints":{"allow":["GET"]}}],"collection":[{"href":"https:\/\/exceladvisor.org\/de\/wp-json\/wp\/v2\/pages"}],"about":[{"href":"https:\/\/exceladvisor.org\/de\/wp-json\/wp\/v2\/types\/page"}],"author":[{"embeddable":true,"href":"https:\/\/exceladvisor.org\/de\/wp-json\/wp\/v2\/users\/1"}],"replies":[{"embeddable":true,"href":"https:\/\/exceladvisor.org\/de\/wp-json\/wp\/v2\/comments?post=3202"}],"version-history":[{"count":1,"href":"https:\/\/exceladvisor.org\/de\/wp-json\/wp\/v2\/pages\/3202\/revisions"}],"predecessor-version":[{"id":4175,"href":"https:\/\/exceladvisor.org\/de\/wp-json\/wp\/v2\/pages\/3202\/revisions\/4175"}],"wp:attachment":[{"href":"https:\/\/exceladvisor.org\/de\/wp-json\/wp\/v2\/media?parent=3202"}],"curies":[{"name":"wp","href":"https:\/\/api.w.org\/{rel}","templated":true}]}}