{"id":3203,"date":"2023-11-10T09:22:44","date_gmt":"2023-11-10T09:22:44","guid":{"rendered":"https:\/\/exceladvisor.org\/de\/klammern-entfernen-2\/"},"modified":"2023-12-03T11:19:10","modified_gmt":"2023-12-03T11:19:10","slug":"klammern-entfernen-2","status":"publish","type":"page","link":"https:\/\/exceladvisor.org\/de\/klammern-entfernen-2\/","title":{"rendered":"Wie entferne ich klammern in excel?"},"content":{"rendered":"<div class=\"excel-vor-dem-inhalt\" id=\"excel-3720369605\"><script type=\"text\/javascript\">\r\n\tatOptions = {\r\n\t\t'key' : 'c1158f160081d6540a8409e6925dab94',\r\n\t\t'format' : 'iframe',\r\n\t\t'height' : 250,\r\n\t\t'width' : 300,\r\n\t\t'params' : {}\r\n\t};\r\n<\/script>\r\n<script type=\"text\/javascript\" src=\"\/\/www.highperformanceformat.com\/c1158f160081d6540a8409e6925dab94\/invoke.js\"><\/script><\/div> <p>Sie k\u00f6nnen das Dialogfeld <a href=\"https:\/\/exceladvisor.org\/de\/ersatz-finden\/\">\u201eSuchen und Ersetzen\u201c<\/a> verwenden, um Klammern aus einem Zellbereich oder sogar einer einzelnen Zelle in Excel zu entfernen. Sie k\u00f6nnen die zu ersetzende Klammer und die zu ersetzenden leeren Werte angeben. <\/p><div class=\"wp-block-image\"><figure class=\"aligncenter size-full is-resized\"><img loading=\"lazy\" decoding=\"async\" class=\"wp-image-79447\" src=\"https:\/\/exceladvisor.org\/wp-content\/uploads\/2023\/08\/1-supprimer-les-parentheses.png\" sizes=\"auto, \" srcset=\"\" alt=\"Klammern entfernen\" width=\"496\" height=\"430\"><\/figure><\/div><p> In diesem Tutorial werden wir uns einige M\u00f6glichkeiten ansehen, Klammern aus Werten in Excel zu entfernen.<\/p><h2 class=\"wp-block-heading\"> Schritte zum Entfernen von Klammern in Excel (Suchen und Ersetzen)<\/h2><p> Sie k\u00f6nnen die folgenden Schritte verwenden:<\/p><ol><li> W\u00e4hlen Sie zun\u00e4chst den Zellbereich aus, aus dem Sie die Klammern entfernen m\u00f6chten. <br><img loading=\"lazy\" decoding=\"async\" title=\"2-entfernen-die Haken\" src=\"https:\/\/exceladvisor.org\/wp-content\/uploads\/2023\/08\/2-supprimer-les-crochets.png\" sizes=\"auto, \" srcset=\"\" alt=\"remove-brackets\" width=\"333\" height=\"358\"><\/li><li> Verwenden Sie anschlie\u00dfend die Tastenkombination Strg + H, um die <a href=\"https:\/\/exceladvisor.org\/de\/ersatz-finden\/\">Option \u201eSuchen und Ersetzen\u201c<\/a> zu \u00f6ffnen. <br><img loading=\"lazy\" decoding=\"async\" title=\"3-Suchen-und-Ersetzen-Option\" src=\"https:\/\/exceladvisor.org\/wp-content\/uploads\/2023\/08\/3-option-de-recherche-et-de-remplacement.png\" sizes=\"auto, \" srcset=\"\" alt=\"find-and-replace-option\" width=\"648\" height=\"275\"><\/li><li> Geben Sie nun die erste Klammer \u201e(\u201c in die Eingabeleiste \u201eSuchen\u201c ein, lassen Sie die Leiste \u201eErsetzen\u201c mit einem leeren Eintrag und klicken Sie dann auf \u201eAlle ersetzen\u201c. <br><img loading=\"lazy\" decoding=\"async\" title=\"4-in-die-Klammern-Anf\u00e4nger\" src=\"https:\/\/exceladvisor.org\/wp-content\/uploads\/2023\/08\/4-entrez-les-parentheses-de-depart.png\" sizes=\"auto, \" srcset=\"\" alt=\"enter-the-starting-parentheses\" width=\"647\" height=\"276\"><\/li><li> Dadurch werden die Startklammern durch einen leeren Wert ersetzt. <br><img loading=\"lazy\" decoding=\"async\" title=\"5-Ersetzen Sie die beginnenden Klammern durch ein Leerzeichen\" src=\"https:\/\/exceladvisor.org\/wp-content\/uploads\/2023\/08\/5-remplacer-les-parentheses-de-depart-par-un-blanc.png\" sizes=\"auto, \" srcset=\"\" alt=\"replace-starting-parentheses-with-blank\" width=\"606\" height=\"287\"><\/li><li> Von dort aus m\u00fcssen Sie auch die abschlie\u00dfenden Klammern entfernen. Geben Sie also die abschlie\u00dfenden Klammern in die Eingabeleiste \u201eSuchen\u201c ein und belassen Sie \u201eErsetzen\u201c durch die leere Eingabeleiste. <br><img loading=\"lazy\" decoding=\"async\" title=\"6-Endklammern eingeben\" src=\"https:\/\/exceladvisor.org\/wp-content\/uploads\/2023\/08\/6-entrez-les-parentheses-de-fin.png\" sizes=\"auto, \" srcset=\"\" alt=\"enter-ending-parentheses\" width=\"646\" height=\"313\"><\/li><li> Klicken Sie am Ende auf \u201eAlle ersetzen\u201c, um es zu ersetzen. <br><img loading=\"lazy\" decoding=\"async\" title=\"7-ersetzen-ersetzende-Klammern\" src=\"https:\/\/exceladvisor.org\/wp-content\/uploads\/2023\/08\/7-remplacer-les-parentheses-de-fin.png\" sizes=\"auto, \" srcset=\"\" alt=\"replace-ending-parentheses\" width=\"650\" height=\"304\"><\/li><\/ol><p> Dies ist eine zweistufige Methode, bei der Sie die f\u00fchrende Klammer und die letzte Klammer entfernen.<\/p><h2 class=\"wp-block-heading\"> Formel zum Entfernen von Klammern in Excel<\/h2><p> Sie k\u00f6nnen die Formel auch verwenden, um Klammern aus einer Zelle oder einem Zellbereich zu entfernen. Und daf\u00fcr m\u00fcssen Sie die Excel-Funktion SUBSTITUTE verwenden. <\/p><div class=\"wp-block-image\"><figure class=\"aligncenter size-full is-resized\"><img loading=\"lazy\" decoding=\"async\" class=\"wp-image-79454\" src=\"https:\/\/exceladvisor.org\/wp-content\/uploads\/2023\/08\/8-formules-pour-supprimer-les-parentheses.png\" sizes=\"auto, \" srcset=\"\" alt=\"Formel zum Entfernen von Klammern\" width=\"546\" height=\"416\"><\/figure><\/div><p class=\"formula\"> =SUBSTITUTE(SUBSTITUTE(A1\u201c,(\u201e\u201c,\u201c),\u201c)\u201c\u201c\u201c)<\/p><p> Mit REPLACE k\u00f6nnen Sie auf eine Zelle verweisen, einen zu ersetzenden Wert und einen neuen zu ersetzenden Wert angeben. Hier haben Sie zwei SUBSTITUTE-Funktionen; einer umh\u00fcllt den anderen. Der erste entfernt die Anfangsklammer: <\/p><div class=\"wp-block-image\"><figure class=\"aligncenter size-full is-resized\"><img loading=\"lazy\" decoding=\"async\" class=\"wp-image-79455\" src=\"https:\/\/exceladvisor.org\/wp-content\/uploads\/2023\/08\/9-font-reference-a-une-cellule.png\" sizes=\"auto, \" srcset=\"\" alt=\"beziehen sich auf eine Zelle\" width=\"548\" height=\"187\"><\/figure><\/div><p> Und dann entfernt der zweite SUBSTITUTE die abschlie\u00dfende Klammer unter Verwendung des vom ersten SUBSTITUTE zur\u00fcckgegebenen Werts. <\/p><div class=\"wp-block-image\"><figure class=\"aligncenter size-full is-resized\"><img loading=\"lazy\" decoding=\"async\" class=\"wp-image-79456\" src=\"https:\/\/exceladvisor.org\/wp-content\/uploads\/2023\/08\/Le-substitut-de-10-secondes-supprime-les-parentheses-de-fin.png\" sizes=\"auto, \" srcset=\"\" alt=\"Der zweite Ersatz entfernt die Endklammern\" width=\"528\" height=\"241\"><\/figure><\/div><h2 class=\"wp-block-heading\"> VBA-Code<\/h2><p> Sie k\u00f6nnen auch VBA-Code verwenden, um Klammern aus ausgew\u00e4hlten Zellen zu entfernen.<\/p><pre class=\"wp-block-code\"> <code class=\"language-visual-basic\" lang=\"visual-basic\"><strong>Sub<\/strong> remove_parenthese() 'this will replace the starting parentheses. Selection.Replace What:=\"(\", Replacement:=\"\", LookAt:=xlPart, _ SearchOrder:=xlByRows, MatchCase:=False, SearchFormat:=False, _ ReplaceFormat:=False 'this will replace the ending parentheses. Selection.Replace What:=\")\", Replacement:=\"\", LookAt:=xlPart, _ SearchOrder:=xlByRows, MatchCase:=False, SearchFormat:=False, _ ReplaceFormat:=False <strong>End<\/strong> <strong>Sub<\/strong><\/code><\/pre><p> Sie m\u00fcssen die Zellen ausw\u00e4hlen und dann diesen Code ausf\u00fchren. <\/p><div class=\"gb-container gb-container-52dfcee1 gb-container-sample-file\"><h2 class=\"gb-headline gb-headline-e289c143 gb-headline-text gb-headline-4f7959c2\"> Holen Sie sich die Excel-Datei<\/h2><p> <a class=\"gb-button gb-button-e88d6bee gb-button-text gb-button-button1\" href=\"https:\/\/exceladvisor.org\/wp-content\/uploads\/2023\/08\/supprimer-les-parentheses.xlsx\" rel=\"nofollow\">Herunterladen<\/a><\/p><\/div><div class=\"gb-container gb-container-4db6181c gb-container-mt\"> <a class=\"gb-button gb-button-c5897111 gb-button-text gb-button-mt-button\" href=\"https:\/\/exceladvisor.org\/de\/vba\/\">Was ist VBA<\/a><h2 class=\"gb-headline gb-headline-665e5f6b gb-headline-text gb-headline-mt-heading\"> Verwandte Tutorials <\/h2><div class=\"gb-grid-wrapper gb-grid-wrapper-a20baf7c gb-grid-wrapper-mt-grid\"><div class=\"gb-grid-column gb-grid-column-65ddf67e\"><div class=\"gb-container gb-container-65ddf67e\"><ul><li> Entfernen Sie das erste Zeichen aus einer Zelle in Excel<\/li><li> <a href=\"https:\/\/exceladvisor.org\/de\/entfernen-sie-zusatzliche-leerzeichen\/\">Entfernen Sie zus\u00e4tzliche Leerzeichen in Excel<\/a><\/li><li> <a href=\"https:\/\/exceladvisor.org\/de\/das-erste-letzte-wort-bekommen\/\">Separate Namen in Excel \u2013 (Vor- und Nachname)<\/a><\/li><li> <a href=\"https:\/\/exceladvisor.org\/de\/extrahiere-das-letzte-wort-2\/\">Extrahieren Sie das letzte Wort aus einer Zelle<\/a><\/li><li> <a href=\"https:\/\/exceladvisor.org\/de\/zeilenumbruch-2-entfernen\/\">Zeilenumbruch aus einer Zelle entfernen<\/a> <\/li><\/ul><\/div><\/div><div class=\"gb-grid-column gb-grid-column-50067b57\"><div class=\"gb-container gb-container-50067b57\"><\/div><\/div><\/div><\/div>","protected":false},"excerpt":{"rendered":"","protected":false},"author":1,"featured_media":0,"parent":0,"menu_order":0,"comment_status":"open","ping_status":"closed","template":"","meta":{"ub_ctt_via":"","footnotes":""},"class_list":["post-3203","page","type-page","status-publish","hentry"],"featured_image_src":null,"yoast_head":"<!-- This site is optimized with the Yoast SEO plugin v25.4 - https:\/\/yoast.com\/wordpress\/plugins\/seo\/ -->\n<title>\u25b7 Wie entferne ich Klammern (eckige Klammern) in Excel?<\/title>\n<meta name=\"description\" content=\"In diesem Tutorial erfahren Sie, wie Sie eine Excel-Formel schreiben, um Klammern aus einem Textwert zu entfernen. Lassen Sie uns das \u00fcberpr\u00fcfen ...\" \/>\n<meta name=\"robots\" content=\"index, follow, max-snippet:-1, max-image-preview:large, max-video-preview:-1\" \/>\n<link rel=\"canonical\" href=\"https:\/\/exceladvisor.org\/de\/klammern-entfernen-2\/\" \/>\n<meta property=\"og:locale\" content=\"de_DE\" \/>\n<meta property=\"og:type\" content=\"article\" \/>\n<meta property=\"og:title\" content=\"\u25b7 Wie entferne ich Klammern (eckige Klammern) in Excel?\" \/>\n<meta property=\"og:description\" content=\"In diesem Tutorial erfahren Sie, wie Sie eine Excel-Formel schreiben, um Klammern aus einem Textwert zu entfernen. Lassen Sie uns das \u00fcberpr\u00fcfen ...\" \/>\n<meta property=\"og:url\" content=\"https:\/\/exceladvisor.org\/de\/klammern-entfernen-2\/\" \/>\n<meta property=\"og:site_name\" content=\"Excel Advisor\" \/>\n<meta property=\"article:modified_time\" content=\"2023-12-03T11:19:10+00:00\" \/>\n<meta property=\"og:image\" content=\"https:\/\/exceladvisor.org\/wp-content\/uploads\/2023\/08\/1-supprimer-les-parentheses.png\" \/>\n<meta name=\"twitter:card\" content=\"summary_large_image\" \/>\n<meta name=\"twitter:label1\" content=\"Gesch\u00e4tzte Lesezeit\" \/>\n\t<meta name=\"twitter:data1\" content=\"2\u00a0Minuten\" \/>\n<script type=\"application\/ld+json\" class=\"yoast-schema-graph\">{\"@context\":\"https:\/\/schema.org\",\"@graph\":[{\"@type\":\"WebPage\",\"@id\":\"https:\/\/exceladvisor.org\/de\/klammern-entfernen-2\/\",\"url\":\"https:\/\/exceladvisor.org\/de\/klammern-entfernen-2\/\",\"name\":\"\u25b7 Wie entferne ich Klammern (eckige Klammern) in Excel?\",\"isPartOf\":{\"@id\":\"https:\/\/exceladvisor.org\/de\/#website\"},\"primaryImageOfPage\":{\"@id\":\"https:\/\/exceladvisor.org\/de\/klammern-entfernen-2\/#primaryimage\"},\"image\":{\"@id\":\"https:\/\/exceladvisor.org\/de\/klammern-entfernen-2\/#primaryimage\"},\"thumbnailUrl\":\"https:\/\/exceladvisor.org\/wp-content\/uploads\/2023\/08\/1-supprimer-les-parentheses.png\",\"datePublished\":\"2023-11-10T09:22:44+00:00\",\"dateModified\":\"2023-12-03T11:19:10+00:00\",\"description\":\"In diesem Tutorial erfahren Sie, wie Sie eine Excel-Formel schreiben, um Klammern aus einem Textwert zu entfernen. Lassen Sie uns das \u00fcberpr\u00fcfen ...\",\"breadcrumb\":{\"@id\":\"https:\/\/exceladvisor.org\/de\/klammern-entfernen-2\/#breadcrumb\"},\"inLanguage\":\"de\",\"potentialAction\":[{\"@type\":\"ReadAction\",\"target\":[\"https:\/\/exceladvisor.org\/de\/klammern-entfernen-2\/\"]}]},{\"@type\":\"ImageObject\",\"inLanguage\":\"de\",\"@id\":\"https:\/\/exceladvisor.org\/de\/klammern-entfernen-2\/#primaryimage\",\"url\":\"https:\/\/exceladvisor.org\/wp-content\/uploads\/2023\/08\/1-supprimer-les-parentheses.png\",\"contentUrl\":\"https:\/\/exceladvisor.org\/wp-content\/uploads\/2023\/08\/1-supprimer-les-parentheses.png\"},{\"@type\":\"BreadcrumbList\",\"@id\":\"https:\/\/exceladvisor.org\/de\/klammern-entfernen-2\/#breadcrumb\",\"itemListElement\":[{\"@type\":\"ListItem\",\"position\":1,\"name\":\"Accueil\",\"item\":\"https:\/\/exceladvisor.org\/de\/\"},{\"@type\":\"ListItem\",\"position\":2,\"name\":\"Wie entferne ich klammern in excel?\"}]},{\"@type\":\"WebSite\",\"@id\":\"https:\/\/exceladvisor.org\/de\/#website\",\"url\":\"https:\/\/exceladvisor.org\/de\/\",\"name\":\"Excel Advisor\",\"description\":\"Ihr Leitfaden zur Datendominanz\",\"publisher\":{\"@id\":\"https:\/\/exceladvisor.org\/de\/#organization\"},\"potentialAction\":[{\"@type\":\"SearchAction\",\"target\":{\"@type\":\"EntryPoint\",\"urlTemplate\":\"https:\/\/exceladvisor.org\/de\/?s={search_term_string}\"},\"query-input\":{\"@type\":\"PropertyValueSpecification\",\"valueRequired\":true,\"valueName\":\"search_term_string\"}}],\"inLanguage\":\"de\"},{\"@type\":\"Organization\",\"@id\":\"https:\/\/exceladvisor.org\/de\/#organization\",\"name\":\"Excel Advisor\",\"url\":\"https:\/\/exceladvisor.org\/de\/\",\"logo\":{\"@type\":\"ImageObject\",\"inLanguage\":\"de\",\"@id\":\"https:\/\/exceladvisor.org\/de\/#\/schema\/logo\/image\/\",\"url\":\"https:\/\/exceladvisor.org\/de\/wp-content\/uploads\/2023\/11\/exceladvisor.org_.png\",\"contentUrl\":\"https:\/\/exceladvisor.org\/de\/wp-content\/uploads\/2023\/11\/exceladvisor.org_.png\",\"width\":105,\"height\":36,\"caption\":\"Excel Advisor\"},\"image\":{\"@id\":\"https:\/\/exceladvisor.org\/de\/#\/schema\/logo\/image\/\"}}]}<\/script>\n<!-- \/ Yoast SEO plugin. -->","yoast_head_json":{"title":"\u25b7 Wie entferne ich Klammern (eckige Klammern) in Excel?","description":"In diesem Tutorial erfahren Sie, wie Sie eine Excel-Formel schreiben, um Klammern aus einem Textwert zu entfernen. Lassen Sie uns das \u00fcberpr\u00fcfen ...","robots":{"index":"index","follow":"follow","max-snippet":"max-snippet:-1","max-image-preview":"max-image-preview:large","max-video-preview":"max-video-preview:-1"},"canonical":"https:\/\/exceladvisor.org\/de\/klammern-entfernen-2\/","og_locale":"de_DE","og_type":"article","og_title":"\u25b7 Wie entferne ich Klammern (eckige Klammern) in Excel?","og_description":"In diesem Tutorial erfahren Sie, wie Sie eine Excel-Formel schreiben, um Klammern aus einem Textwert zu entfernen. Lassen Sie uns das \u00fcberpr\u00fcfen ...","og_url":"https:\/\/exceladvisor.org\/de\/klammern-entfernen-2\/","og_site_name":"Excel Advisor","article_modified_time":"2023-12-03T11:19:10+00:00","og_image":[{"url":"https:\/\/exceladvisor.org\/wp-content\/uploads\/2023\/08\/1-supprimer-les-parentheses.png","type":"","width":"","height":""}],"twitter_card":"summary_large_image","twitter_misc":{"Gesch\u00e4tzte Lesezeit":"2\u00a0Minuten"},"schema":{"@context":"https:\/\/schema.org","@graph":[{"@type":"WebPage","@id":"https:\/\/exceladvisor.org\/de\/klammern-entfernen-2\/","url":"https:\/\/exceladvisor.org\/de\/klammern-entfernen-2\/","name":"\u25b7 Wie entferne ich Klammern (eckige Klammern) in Excel?","isPartOf":{"@id":"https:\/\/exceladvisor.org\/de\/#website"},"primaryImageOfPage":{"@id":"https:\/\/exceladvisor.org\/de\/klammern-entfernen-2\/#primaryimage"},"image":{"@id":"https:\/\/exceladvisor.org\/de\/klammern-entfernen-2\/#primaryimage"},"thumbnailUrl":"https:\/\/exceladvisor.org\/wp-content\/uploads\/2023\/08\/1-supprimer-les-parentheses.png","datePublished":"2023-11-10T09:22:44+00:00","dateModified":"2023-12-03T11:19:10+00:00","description":"In diesem Tutorial erfahren Sie, wie Sie eine Excel-Formel schreiben, um Klammern aus einem Textwert zu entfernen. Lassen Sie uns das \u00fcberpr\u00fcfen ...","breadcrumb":{"@id":"https:\/\/exceladvisor.org\/de\/klammern-entfernen-2\/#breadcrumb"},"inLanguage":"de","potentialAction":[{"@type":"ReadAction","target":["https:\/\/exceladvisor.org\/de\/klammern-entfernen-2\/"]}]},{"@type":"ImageObject","inLanguage":"de","@id":"https:\/\/exceladvisor.org\/de\/klammern-entfernen-2\/#primaryimage","url":"https:\/\/exceladvisor.org\/wp-content\/uploads\/2023\/08\/1-supprimer-les-parentheses.png","contentUrl":"https:\/\/exceladvisor.org\/wp-content\/uploads\/2023\/08\/1-supprimer-les-parentheses.png"},{"@type":"BreadcrumbList","@id":"https:\/\/exceladvisor.org\/de\/klammern-entfernen-2\/#breadcrumb","itemListElement":[{"@type":"ListItem","position":1,"name":"Accueil","item":"https:\/\/exceladvisor.org\/de\/"},{"@type":"ListItem","position":2,"name":"Wie entferne ich klammern in excel?"}]},{"@type":"WebSite","@id":"https:\/\/exceladvisor.org\/de\/#website","url":"https:\/\/exceladvisor.org\/de\/","name":"Excel Advisor","description":"Ihr Leitfaden zur Datendominanz","publisher":{"@id":"https:\/\/exceladvisor.org\/de\/#organization"},"potentialAction":[{"@type":"SearchAction","target":{"@type":"EntryPoint","urlTemplate":"https:\/\/exceladvisor.org\/de\/?s={search_term_string}"},"query-input":{"@type":"PropertyValueSpecification","valueRequired":true,"valueName":"search_term_string"}}],"inLanguage":"de"},{"@type":"Organization","@id":"https:\/\/exceladvisor.org\/de\/#organization","name":"Excel Advisor","url":"https:\/\/exceladvisor.org\/de\/","logo":{"@type":"ImageObject","inLanguage":"de","@id":"https:\/\/exceladvisor.org\/de\/#\/schema\/logo\/image\/","url":"https:\/\/exceladvisor.org\/de\/wp-content\/uploads\/2023\/11\/exceladvisor.org_.png","contentUrl":"https:\/\/exceladvisor.org\/de\/wp-content\/uploads\/2023\/11\/exceladvisor.org_.png","width":105,"height":36,"caption":"Excel Advisor"},"image":{"@id":"https:\/\/exceladvisor.org\/de\/#\/schema\/logo\/image\/"}}]}},"yoast_meta":{"yoast_wpseo_title":"","yoast_wpseo_metadesc":"","yoast_wpseo_canonical":""},"_links":{"self":[{"href":"https:\/\/exceladvisor.org\/de\/wp-json\/wp\/v2\/pages\/3203","targetHints":{"allow":["GET"]}}],"collection":[{"href":"https:\/\/exceladvisor.org\/de\/wp-json\/wp\/v2\/pages"}],"about":[{"href":"https:\/\/exceladvisor.org\/de\/wp-json\/wp\/v2\/types\/page"}],"author":[{"embeddable":true,"href":"https:\/\/exceladvisor.org\/de\/wp-json\/wp\/v2\/users\/1"}],"replies":[{"embeddable":true,"href":"https:\/\/exceladvisor.org\/de\/wp-json\/wp\/v2\/comments?post=3203"}],"version-history":[{"count":1,"href":"https:\/\/exceladvisor.org\/de\/wp-json\/wp\/v2\/pages\/3203\/revisions"}],"predecessor-version":[{"id":3914,"href":"https:\/\/exceladvisor.org\/de\/wp-json\/wp\/v2\/pages\/3203\/revisions\/3914"}],"wp:attachment":[{"href":"https:\/\/exceladvisor.org\/de\/wp-json\/wp\/v2\/media?parent=3203"}],"curies":[{"name":"wp","href":"https:\/\/api.w.org\/{rel}","templated":true}]}}