{"id":3204,"date":"2023-11-10T09:08:34","date_gmt":"2023-11-10T09:08:34","guid":{"rendered":"https:\/\/exceladvisor.org\/de\/die-haufigsten-zahlen\/"},"modified":"2023-12-03T11:12:16","modified_gmt":"2023-12-03T11:12:16","slug":"die-haufigsten-zahlen","status":"publish","type":"page","link":"https:\/\/exceladvisor.org\/de\/die-haufigsten-zahlen\/","title":{"rendered":"Ermitteln sie die h\u00e4ufigste(n) zahl(en) eines arrays"},"content":{"rendered":"<div class=\"excel-vor-dem-inhalt\" id=\"excel-1565907205\"><script type=\"text\/javascript\">\r\n\tatOptions = {\r\n\t\t'key' : 'c1158f160081d6540a8409e6925dab94',\r\n\t\t'format' : 'iframe',\r\n\t\t'height' : 250,\r\n\t\t'width' : 300,\r\n\t\t'params' : {}\r\n\t};\r\n<\/script>\r\n<script type=\"text\/javascript\" src=\"\/\/www.highperformanceformat.com\/c1158f160081d6540a8409e6925dab94\/invoke.js\"><\/script><\/div> <p>In Excel gibt es zwei Funktionen, mit denen Sie die h\u00e4ufigste(n) Zahl(en) aus einer Zahlenliste ermitteln k\u00f6nnen. Der erste ist MODE und der zweite ist MODE.MULT. Die erste Funktion hilft Ihnen, die h\u00e4ufigste Zahl zu ermitteln, und die zweite hilft Ihnen, mehr als eine zu ermitteln. <\/p><div class=\"wp-block-image\"><figure class=\"aligncenter size-full is-resized\"><img loading=\"lazy\" decoding=\"async\" class=\"wp-image-79886\" src=\"https:\/\/exceladvisor.org\/wp-content\/uploads\/2023\/08\/1-obtenir-les-numeros-les-plus-frequents.png\" sizes=\"auto, \" srcset=\"\" alt=\"Holen Sie sich die h\u00e4ufigsten Zahlen\" width=\"577\" height=\"418\"><\/figure><\/div><p> Lassen Sie uns beide Formeln nacheinander lernen.<\/p><h2 class=\"wp-block-heading\"> Formel zum Ermitteln der h\u00e4ufigsten Zahl (MODE)<\/h2><p> Sie k\u00f6nnen die folgenden Schritte ausf\u00fchren:<\/p><ol type=\"1\"><li> Geben Sie zun\u00e4chst die MODE-Funktion in eine Zelle ein.<\/li><li> Geben Sie anschlie\u00dfend die Anfangsklammern ein.<\/li><li> Sehen Sie sich dann den Bereich an, in dem Sie die Nummernliste haben.<\/li><li> Geben Sie am Ende die schlie\u00dfenden Klammern ein und dr\u00fccken Sie die Eingabetaste, um das Ergebnis zu erhalten. <\/li><\/ol><div class=\"wp-block-image\"><figure class=\"aligncenter size-full is-resized\"><img loading=\"lazy\" decoding=\"async\" class=\"wp-image-79887\" src=\"https:\/\/exceladvisor.org\/wp-content\/uploads\/2023\/08\/2-mode-pour-obtenir-le-numero-le-plus-frequent.png\" sizes=\"auto, \" srcset=\"\" alt=\"Modus, um die am h\u00e4ufigsten vorkommende eindeutige Nummer zu erhalten\" width=\"363\" height=\"474\"><\/figure><\/div><pre class=\"wp-block-code\"> <code class=\"language-excel-formula\" lang=\"excel-formula\">=MODE(A1:A9)<\/code><\/pre><p> MODE ist eine alte Funktion, die jedoch aus Gr\u00fcnden der Abw\u00e4rtskompatibilit\u00e4t weiterhin verf\u00fcgbar ist. Es gibt jedoch einen Fehler in dieser Funktion. Wenn Sie zwei Zahlen in einer Liste haben, die in der Liste gleicherma\u00dfen vorkommen, kann MODE Ihnen nicht beide Zahlen im Ergebnis liefern. <\/p><div class=\"wp-block-image\"><figure class=\"aligncenter size-full is-resized\"><img loading=\"lazy\" decoding=\"async\" class=\"wp-image-79888\" src=\"https:\/\/exceladvisor.org\/wp-content\/uploads\/2023\/08\/3-modes-de-resultat.png\" sizes=\"auto, \" srcset=\"\" alt=\"Ergebnismodus\" width=\"371\" height=\"505\"><\/figure><\/div><p> Im obigen Beispiel haben Sie 30 und 10; Beide Zahlen erscheinen viermal in der Liste, aber MODE gibt im Ergebnis 30 zur\u00fcck, nicht 10 oder sowohl 10 als auch 30.<\/p><h2 class=\"wp-block-heading\"> Formel zum Erhalten mehrerer h\u00e4ufiger Zahlen (MODE.MULT)<\/h2><p> Sie k\u00f6nnen die folgenden Schritte ausf\u00fchren:<\/p><ol type=\"1\"><li> Geben Sie zun\u00e4chst die MODE.MULT-Funktion von Excel in eine Zelle ein.<\/li><li> Geben Sie anschlie\u00dfend die Anfangsklammern ein.<\/li><li> Schauen Sie sich als N\u00e4chstes den Zellbereich an, in dem Sie die Zahlenliste haben.<\/li><li> Geben Sie am Ende die schlie\u00dfenden Klammern ein und dr\u00fccken Sie die Eingabetaste, um das Ergebnis zu erhalten. <\/li><\/ol><div class=\"wp-block-image\"><figure class=\"aligncenter size-full is-resized\"><img loading=\"lazy\" decoding=\"async\" class=\"wp-image-79889\" src=\"https:\/\/exceladvisor.org\/wp-content\/uploads\/2023\/08\/4-obtenir-plusieurs-numeros-frequents.png\" sizes=\"auto, \" srcset=\"\" alt=\"Erhalten Sie mehrere h\u00e4ufige Zahlen\" width=\"377\" height=\"457\"><\/figure><\/div><p> MODE.MULT ist eine dynamische Array-Funktion, die Ergebnisse in mehreren Zellen zur\u00fcckgeben kann. Deshalb werden im Ergebnis 30 und 10 zur\u00fcckgegeben, da beide Zahlen in der Liste gleicherma\u00dfen vorkommen.<\/p><pre class=\"wp-block-code\"> <code class=\"language-excel-formula\" lang=\"excel-formula\">=MODE.MULT(A1:A9)<\/code><\/pre><p> Und wenn Sie das Ergebnis in horizontaler Form innerhalb eines Bereichs erhalten m\u00f6chten, k\u00f6nnen Sie die Funktion TRANSPOSE verwenden. <\/p><div class=\"wp-block-image\"><figure class=\"aligncenter size-full is-resized\"><img loading=\"lazy\" decoding=\"async\" class=\"wp-image-79890\" src=\"https:\/\/exceladvisor.org\/wp-content\/uploads\/2023\/08\/5-modes-de-transposition-multi-resultats.png\" sizes=\"auto, \" srcset=\"\" alt=\"transpose-mode.mult-result\" width=\"606\" height=\"271\"><\/figure><\/div><pre class=\"wp-block-code\"> <code class=\"language-excel-formula\" lang=\"excel-formula\">=TRANSPOSE(MODE.MULT(A1:A9))<\/code><\/pre><div class=\"gb-container gb-container-52dfcee1 gb-container-sample-file\"><h2 class=\"gb-headline gb-headline-e289c143 gb-headline-text gb-headline-4f7959c2\"> Holen Sie sich die Excel-Datei<\/h2> <a class=\"gb-button gb-button-e88d6bee gb-button-text gb-button-button1\" href=\"https:\/\/exceladvisor.org\/wp-content\/uploads\/2023\/08\/numero-le-plus-frequent.xlsx\" rel=\"nofollow\">Herunterladen<\/a><\/div><div class=\"gb-container gb-container-0df56012 gb-container-mt\"> <a class=\"gb-button gb-button-f9f432f4 gb-button-text gb-button-mt-button\" href=\"https:\/\/exceladvisor.org\/de\/formeln\/\">Liste der Excel-Formeln<\/a><h2 class=\"gb-headline gb-headline-233444e8 gb-headline-text gb-headline-mt-heading\"> Verwandte Formeln <\/h2><div class=\"gb-grid-wrapper gb-grid-wrapper-a16fa65c gb-grid-wrapper-mt-grid\"><div class=\"gb-grid-column gb-grid-column-50d07e0d\"><div class=\"gb-container gb-container-50d07e0d\"><ul><li> <a href=\"https:\/\/exceladvisor.org\/de\/variationskoeffizient\/\">Berechnen Sie den Variationskoeffizienten (CV) in Excel<\/a><\/li><li> <a href=\"https:\/\/exceladvisor.org\/de\/maximal-wenn\/\">MAX IF in Excel<\/a><\/li><li> <a href=\"https:\/\/exceladvisor.org\/de\/bericht\/\">Berechnen Sie schnell das Verh\u00e4ltnis in Excel<\/a><\/li><li> <a href=\"https:\/\/exceladvisor.org\/de\/niedrigster-wert\/\">Finden Sie den niedrigsten Wert aus einer Liste von Zahlen (N).<\/a> <\/li><\/ul><\/div><\/div><div class=\"gb-grid-column gb-grid-column-5b4a0cf9\"><div class=\"gb-container gb-container-5b4a0cf9\"><\/div><\/div><\/div><\/div>","protected":false},"excerpt":{"rendered":"","protected":false},"author":1,"featured_media":0,"parent":0,"menu_order":0,"comment_status":"open","ping_status":"closed","template":"","meta":{"ub_ctt_via":"","footnotes":""},"class_list":["post-3204","page","type-page","status-publish","hentry"],"featured_image_src":null,"yoast_head":"<!-- This site is optimized with the Yoast SEO plugin v25.4 - https:\/\/yoast.com\/wordpress\/plugins\/seo\/ -->\n<title>Holen Sie sich die h\u00e4ufigste(n) Zahl(en) aus einem Array<\/title>\n<meta name=\"description\" content=\"In diesem Tutorial erfahren Sie, wie Sie eine Excel-Formel schreiben, um die h\u00e4ufigste Zahl aus der Zahlenliste zu ermitteln. Lassen Sie uns das \u00fcberpr\u00fcfen ...\" \/>\n<meta name=\"robots\" content=\"index, follow, max-snippet:-1, max-image-preview:large, max-video-preview:-1\" \/>\n<link rel=\"canonical\" href=\"https:\/\/exceladvisor.org\/de\/die-haufigsten-zahlen\/\" \/>\n<meta property=\"og:locale\" content=\"de_DE\" \/>\n<meta property=\"og:type\" content=\"article\" \/>\n<meta property=\"og:title\" content=\"Holen Sie sich die h\u00e4ufigste(n) Zahl(en) aus einem Array\" \/>\n<meta property=\"og:description\" content=\"In diesem Tutorial erfahren Sie, wie Sie eine Excel-Formel schreiben, um die h\u00e4ufigste Zahl aus der Zahlenliste zu ermitteln. Lassen Sie uns das \u00fcberpr\u00fcfen ...\" \/>\n<meta property=\"og:url\" content=\"https:\/\/exceladvisor.org\/de\/die-haufigsten-zahlen\/\" \/>\n<meta property=\"og:site_name\" content=\"Excel Advisor\" \/>\n<meta property=\"article:modified_time\" content=\"2023-12-03T11:12:16+00:00\" \/>\n<meta property=\"og:image\" content=\"https:\/\/exceladvisor.org\/wp-content\/uploads\/2023\/08\/1-obtenir-les-numeros-les-plus-frequents.png\" \/>\n<meta name=\"twitter:card\" content=\"summary_large_image\" \/>\n<meta name=\"twitter:label1\" content=\"Gesch\u00e4tzte Lesezeit\" \/>\n\t<meta name=\"twitter:data1\" content=\"2\u00a0Minuten\" \/>\n<script type=\"application\/ld+json\" class=\"yoast-schema-graph\">{\"@context\":\"https:\/\/schema.org\",\"@graph\":[{\"@type\":\"WebPage\",\"@id\":\"https:\/\/exceladvisor.org\/de\/die-haufigsten-zahlen\/\",\"url\":\"https:\/\/exceladvisor.org\/de\/die-haufigsten-zahlen\/\",\"name\":\"Holen Sie sich die h\u00e4ufigste(n) Zahl(en) aus einem Array\",\"isPartOf\":{\"@id\":\"https:\/\/exceladvisor.org\/de\/#website\"},\"primaryImageOfPage\":{\"@id\":\"https:\/\/exceladvisor.org\/de\/die-haufigsten-zahlen\/#primaryimage\"},\"image\":{\"@id\":\"https:\/\/exceladvisor.org\/de\/die-haufigsten-zahlen\/#primaryimage\"},\"thumbnailUrl\":\"https:\/\/exceladvisor.org\/wp-content\/uploads\/2023\/08\/1-obtenir-les-numeros-les-plus-frequents.png\",\"datePublished\":\"2023-11-10T09:08:34+00:00\",\"dateModified\":\"2023-12-03T11:12:16+00:00\",\"description\":\"In diesem Tutorial erfahren Sie, wie Sie eine Excel-Formel schreiben, um die h\u00e4ufigste Zahl aus der Zahlenliste zu ermitteln. Lassen Sie uns das \u00fcberpr\u00fcfen ...\",\"breadcrumb\":{\"@id\":\"https:\/\/exceladvisor.org\/de\/die-haufigsten-zahlen\/#breadcrumb\"},\"inLanguage\":\"de\",\"potentialAction\":[{\"@type\":\"ReadAction\",\"target\":[\"https:\/\/exceladvisor.org\/de\/die-haufigsten-zahlen\/\"]}]},{\"@type\":\"ImageObject\",\"inLanguage\":\"de\",\"@id\":\"https:\/\/exceladvisor.org\/de\/die-haufigsten-zahlen\/#primaryimage\",\"url\":\"https:\/\/exceladvisor.org\/wp-content\/uploads\/2023\/08\/1-obtenir-les-numeros-les-plus-frequents.png\",\"contentUrl\":\"https:\/\/exceladvisor.org\/wp-content\/uploads\/2023\/08\/1-obtenir-les-numeros-les-plus-frequents.png\"},{\"@type\":\"BreadcrumbList\",\"@id\":\"https:\/\/exceladvisor.org\/de\/die-haufigsten-zahlen\/#breadcrumb\",\"itemListElement\":[{\"@type\":\"ListItem\",\"position\":1,\"name\":\"Accueil\",\"item\":\"https:\/\/exceladvisor.org\/de\/\"},{\"@type\":\"ListItem\",\"position\":2,\"name\":\"Ermitteln sie die h\u00e4ufigste(n) zahl(en) eines arrays\"}]},{\"@type\":\"WebSite\",\"@id\":\"https:\/\/exceladvisor.org\/de\/#website\",\"url\":\"https:\/\/exceladvisor.org\/de\/\",\"name\":\"Excel Advisor\",\"description\":\"Ihr Leitfaden zur Datendominanz\",\"publisher\":{\"@id\":\"https:\/\/exceladvisor.org\/de\/#organization\"},\"potentialAction\":[{\"@type\":\"SearchAction\",\"target\":{\"@type\":\"EntryPoint\",\"urlTemplate\":\"https:\/\/exceladvisor.org\/de\/?s={search_term_string}\"},\"query-input\":{\"@type\":\"PropertyValueSpecification\",\"valueRequired\":true,\"valueName\":\"search_term_string\"}}],\"inLanguage\":\"de\"},{\"@type\":\"Organization\",\"@id\":\"https:\/\/exceladvisor.org\/de\/#organization\",\"name\":\"Excel Advisor\",\"url\":\"https:\/\/exceladvisor.org\/de\/\",\"logo\":{\"@type\":\"ImageObject\",\"inLanguage\":\"de\",\"@id\":\"https:\/\/exceladvisor.org\/de\/#\/schema\/logo\/image\/\",\"url\":\"https:\/\/exceladvisor.org\/de\/wp-content\/uploads\/2023\/11\/exceladvisor.org_.png\",\"contentUrl\":\"https:\/\/exceladvisor.org\/de\/wp-content\/uploads\/2023\/11\/exceladvisor.org_.png\",\"width\":105,\"height\":36,\"caption\":\"Excel Advisor\"},\"image\":{\"@id\":\"https:\/\/exceladvisor.org\/de\/#\/schema\/logo\/image\/\"}}]}<\/script>\n<!-- \/ Yoast SEO plugin. -->","yoast_head_json":{"title":"Holen Sie sich die h\u00e4ufigste(n) Zahl(en) aus einem Array","description":"In diesem Tutorial erfahren Sie, wie Sie eine Excel-Formel schreiben, um die h\u00e4ufigste Zahl aus der Zahlenliste zu ermitteln. Lassen Sie uns das \u00fcberpr\u00fcfen ...","robots":{"index":"index","follow":"follow","max-snippet":"max-snippet:-1","max-image-preview":"max-image-preview:large","max-video-preview":"max-video-preview:-1"},"canonical":"https:\/\/exceladvisor.org\/de\/die-haufigsten-zahlen\/","og_locale":"de_DE","og_type":"article","og_title":"Holen Sie sich die h\u00e4ufigste(n) Zahl(en) aus einem Array","og_description":"In diesem Tutorial erfahren Sie, wie Sie eine Excel-Formel schreiben, um die h\u00e4ufigste Zahl aus der Zahlenliste zu ermitteln. Lassen Sie uns das \u00fcberpr\u00fcfen ...","og_url":"https:\/\/exceladvisor.org\/de\/die-haufigsten-zahlen\/","og_site_name":"Excel Advisor","article_modified_time":"2023-12-03T11:12:16+00:00","og_image":[{"url":"https:\/\/exceladvisor.org\/wp-content\/uploads\/2023\/08\/1-obtenir-les-numeros-les-plus-frequents.png","type":"","width":"","height":""}],"twitter_card":"summary_large_image","twitter_misc":{"Gesch\u00e4tzte Lesezeit":"2\u00a0Minuten"},"schema":{"@context":"https:\/\/schema.org","@graph":[{"@type":"WebPage","@id":"https:\/\/exceladvisor.org\/de\/die-haufigsten-zahlen\/","url":"https:\/\/exceladvisor.org\/de\/die-haufigsten-zahlen\/","name":"Holen Sie sich die h\u00e4ufigste(n) Zahl(en) aus einem Array","isPartOf":{"@id":"https:\/\/exceladvisor.org\/de\/#website"},"primaryImageOfPage":{"@id":"https:\/\/exceladvisor.org\/de\/die-haufigsten-zahlen\/#primaryimage"},"image":{"@id":"https:\/\/exceladvisor.org\/de\/die-haufigsten-zahlen\/#primaryimage"},"thumbnailUrl":"https:\/\/exceladvisor.org\/wp-content\/uploads\/2023\/08\/1-obtenir-les-numeros-les-plus-frequents.png","datePublished":"2023-11-10T09:08:34+00:00","dateModified":"2023-12-03T11:12:16+00:00","description":"In diesem Tutorial erfahren Sie, wie Sie eine Excel-Formel schreiben, um die h\u00e4ufigste Zahl aus der Zahlenliste zu ermitteln. Lassen Sie uns das \u00fcberpr\u00fcfen ...","breadcrumb":{"@id":"https:\/\/exceladvisor.org\/de\/die-haufigsten-zahlen\/#breadcrumb"},"inLanguage":"de","potentialAction":[{"@type":"ReadAction","target":["https:\/\/exceladvisor.org\/de\/die-haufigsten-zahlen\/"]}]},{"@type":"ImageObject","inLanguage":"de","@id":"https:\/\/exceladvisor.org\/de\/die-haufigsten-zahlen\/#primaryimage","url":"https:\/\/exceladvisor.org\/wp-content\/uploads\/2023\/08\/1-obtenir-les-numeros-les-plus-frequents.png","contentUrl":"https:\/\/exceladvisor.org\/wp-content\/uploads\/2023\/08\/1-obtenir-les-numeros-les-plus-frequents.png"},{"@type":"BreadcrumbList","@id":"https:\/\/exceladvisor.org\/de\/die-haufigsten-zahlen\/#breadcrumb","itemListElement":[{"@type":"ListItem","position":1,"name":"Accueil","item":"https:\/\/exceladvisor.org\/de\/"},{"@type":"ListItem","position":2,"name":"Ermitteln sie die h\u00e4ufigste(n) zahl(en) eines arrays"}]},{"@type":"WebSite","@id":"https:\/\/exceladvisor.org\/de\/#website","url":"https:\/\/exceladvisor.org\/de\/","name":"Excel Advisor","description":"Ihr Leitfaden zur Datendominanz","publisher":{"@id":"https:\/\/exceladvisor.org\/de\/#organization"},"potentialAction":[{"@type":"SearchAction","target":{"@type":"EntryPoint","urlTemplate":"https:\/\/exceladvisor.org\/de\/?s={search_term_string}"},"query-input":{"@type":"PropertyValueSpecification","valueRequired":true,"valueName":"search_term_string"}}],"inLanguage":"de"},{"@type":"Organization","@id":"https:\/\/exceladvisor.org\/de\/#organization","name":"Excel Advisor","url":"https:\/\/exceladvisor.org\/de\/","logo":{"@type":"ImageObject","inLanguage":"de","@id":"https:\/\/exceladvisor.org\/de\/#\/schema\/logo\/image\/","url":"https:\/\/exceladvisor.org\/de\/wp-content\/uploads\/2023\/11\/exceladvisor.org_.png","contentUrl":"https:\/\/exceladvisor.org\/de\/wp-content\/uploads\/2023\/11\/exceladvisor.org_.png","width":105,"height":36,"caption":"Excel Advisor"},"image":{"@id":"https:\/\/exceladvisor.org\/de\/#\/schema\/logo\/image\/"}}]}},"yoast_meta":{"yoast_wpseo_title":"","yoast_wpseo_metadesc":"","yoast_wpseo_canonical":""},"_links":{"self":[{"href":"https:\/\/exceladvisor.org\/de\/wp-json\/wp\/v2\/pages\/3204","targetHints":{"allow":["GET"]}}],"collection":[{"href":"https:\/\/exceladvisor.org\/de\/wp-json\/wp\/v2\/pages"}],"about":[{"href":"https:\/\/exceladvisor.org\/de\/wp-json\/wp\/v2\/types\/page"}],"author":[{"embeddable":true,"href":"https:\/\/exceladvisor.org\/de\/wp-json\/wp\/v2\/users\/1"}],"replies":[{"embeddable":true,"href":"https:\/\/exceladvisor.org\/de\/wp-json\/wp\/v2\/comments?post=3204"}],"version-history":[{"count":1,"href":"https:\/\/exceladvisor.org\/de\/wp-json\/wp\/v2\/pages\/3204\/revisions"}],"predecessor-version":[{"id":3744,"href":"https:\/\/exceladvisor.org\/de\/wp-json\/wp\/v2\/pages\/3204\/revisions\/3744"}],"wp:attachment":[{"href":"https:\/\/exceladvisor.org\/de\/wp-json\/wp\/v2\/media?parent=3204"}],"curies":[{"name":"wp","href":"https:\/\/api.w.org\/{rel}","templated":true}]}}