{"id":3205,"date":"2023-11-10T09:01:18","date_gmt":"2023-11-10T09:01:18","guid":{"rendered":"https:\/\/exceladvisor.org\/de\/tage-zwischen-zwei-daten\/"},"modified":"2023-12-03T13:06:02","modified_gmt":"2023-12-03T13:06:02","slug":"tage-zwischen-zwei-daten","status":"publish","type":"page","link":"https:\/\/exceladvisor.org\/de\/tage-zwischen-zwei-daten\/","title":{"rendered":"Wie z\u00e4hlt man die tage zwischen zwei daten?"},"content":{"rendered":"<div class=\"excel-vor-dem-inhalt\" id=\"excel-2711597114\"><script type=\"text\/javascript\">\r\n\tatOptions = {\r\n\t\t'key' : 'c1158f160081d6540a8409e6925dab94',\r\n\t\t'format' : 'iframe',\r\n\t\t'height' : 250,\r\n\t\t'width' : 300,\r\n\t\t'params' : {}\r\n\t};\r\n<\/script>\r\n<script type=\"text\/javascript\" src=\"\/\/www.highperformanceformat.com\/c1158f160081d6540a8409e6925dab94\/invoke.js\"><\/script><\/div> <p>Um die Tage zwischen zwei Datumsangaben (einem Datumsbereich) zu z\u00e4hlen, m\u00fcssen Sie die COUNTIFS-Funktion anstelle von COUNTIF verwenden. Um einen Datumsbereich zu erstellen, m\u00fcssen Sie ein unteres und ein oberes Datum angeben. Dadurch wird Excel angewiesen, nur die Tage zwischen dem Tagesbereich zu z\u00e4hlen. <\/p><div class=\"wp-block-image\"><figure class=\"aligncenter size-full is-resized\"><img loading=\"lazy\" decoding=\"async\" class=\"wp-image-79385\" src=\"https:\/\/exceladvisor.org\/wp-content\/uploads\/2023\/08\/1-jours-entre-deux-dates.png\" sizes=\"auto, \" srcset=\"\" alt=\"Tage zwischen zwei Daten\" width=\"664\" height=\"506\"><\/figure><\/div><h2 id=\"h-formula-to-count-days-between-two-dates\" class=\"wp-block-heading\"> Formel zum Z\u00e4hlen der Tage zwischen zwei Daten<\/h2><p> Sie k\u00f6nnen die folgenden Schritte verwenden:<\/p><ol type=\"1\"><li> Geben Sie zun\u00e4chst die Z\u00c4HLENWENN-Funktion in eine Zelle ein.<\/li><li> Beziehen Sie sich anschlie\u00dfend im Argument \u201ecriteria_range1\u201c auf den Bereich, in dem Sie Datumsangaben haben.<\/li><li> Geben Sie dann im Argument Kriterienl1 das Gr\u00f6\u00dfer-als-Zeichen (&gt;) und das Gleichheitszeichen (=) ein und schlie\u00dfen Sie es in doppelte Anf\u00fchrungszeichen ein. Beziehen Sie sich dann auf die Zelle, in der Sie das niedrigste Datum haben.<\/li><li> Beziehen Sie sich nun im Kriterienbereich 2 erneut auf den Datumsbereich.<\/li><li> Geben Sie anschlie\u00dfend in Kriterium2 das Kleiner- (&lt;) und das Gleichheitszeichen (=) ein und schlie\u00dfen Sie es in doppelte Anf\u00fchrungszeichen ein. Schauen Sie sich dann die Zelle an, in der Sie das obere Datum haben.<\/li><li> Schlie\u00dfen Sie am Ende die Funktion und dr\u00fccken Sie die Eingabetaste, um das Ergebnis zu erhalten. <\/li><\/ol><div class=\"wp-block-image\"><figure class=\"aligncenter size-full is-resized\"><img loading=\"lazy\" decoding=\"async\" class=\"wp-image-79386\" src=\"https:\/\/exceladvisor.org\/wp-content\/uploads\/2023\/08\/2-countif-pour-compter-les-jours-entre-les-dates.png\" sizes=\"auto, \" srcset=\"\" alt=\"Z\u00e4hlen, um die Tage zwischen den Daten zu z\u00e4hlen\" width=\"751\" height=\"494\"><\/figure><\/div><pre class=\"wp-block-code\"> <code class=\"language-excel-formula\" lang=\"excel-formula\">=COUNTIFS(A2:A17,\"&gt;=\"&amp;E2,A2:A17,\"&lt;=\"&amp;F2)<\/code><\/pre><h2 id=\"h-how-this-formula-works\" class=\"wp-block-heading\"> Wie funktioniert diese Formel?<\/h2><p> Um diese Formel zu verstehen, k\u00f6nnen Sie sie in zwei Teile zerlegen. <\/p><div class=\"wp-block-image\"><figure class=\"aligncenter size-full is-resized\"><img loading=\"lazy\" decoding=\"async\" class=\"wp-image-79387\" src=\"https:\/\/exceladvisor.org\/wp-content\/uploads\/2023\/08\/3-comment-fonctionne-la-formule-countif.png\" sizes=\"auto, \" srcset=\"\" alt=\"Wie funktioniert die Countif-Formel?\" width=\"524\" height=\"158\"><\/figure><\/div><ul><li> Im ersten Teil haben Sie die Bedingung, Zellen zu testen, die gr\u00f6\u00dfer oder gleich dem Datum in Zelle E2 sind. d.h. 4. November 2022.<\/li><li> Im zweiten Teil haben Sie die Bedingung, Zellen zu testen, die kleiner und gleich dem Datum in Zelle F2 sind. d.h. 4. Dezember 2022.<\/li><\/ul><p> Somit haben 15 Zellen Daten zwischen dem 4. November 2022 und dem 4. Dezember 2022.<\/p><p class=\"qt-tip\"> <strong>Hinweis:<\/strong> Stellen Sie sicher, dass Sie die Operatoren \u201eGr\u00f6\u00dfer als\u201c (&gt;), \u201eKleiner als\u201c (&lt;) und \u201eGleich\u201c (=) als Text eingeben und in doppelte Anf\u00fchrungszeichen setzen.<\/p><h2 id=\"h-use-sumproduct-to-count-between-dates\" class=\"wp-block-heading\"> Verwenden Sie SUMPRODUCT, um zwischen Daten zu z\u00e4hlen<\/h2><p> Sie k\u00f6nnen SUMPRODUCT auch verwenden, um Daten zwischen zwei Daten zu z\u00e4hlen, wie im folgenden Beispiel: <\/p><div class=\"wp-block-image\"><figure class=\"aligncenter size-full is-resized\"><img loading=\"lazy\" decoding=\"async\" class=\"wp-image-79388\" src=\"https:\/\/exceladvisor.org\/wp-content\/uploads\/2023\/08\/4-sumproduct-pour-compter-les-jours.png\" sizes=\"auto, \" srcset=\"\" alt=\"sumproduct-count-days\" width=\"567\" height=\"568\"><\/figure><\/div><pre class=\"wp-block-code\"> <code class=\"language-excel-formula\" lang=\"excel-formula\">=SUMPRODUCT(--(A2:A17&lt;=F2),--(A2:A17&gt;=E2))<\/code><\/pre><p> Lassen Sie uns nun diese Formel Schritt f\u00fcr Schritt verstehen. Zuvor m\u00fcssen Sie jedoch wissen, dass SUMPRODUCT ein Array in einer einzelnen Zelle aufnehmen kann.<\/p><p> Im ersten Teil der Formel haben Sie die Bedingung, alle Daten im Bereich zu \u00fcberpr\u00fcfen. Es wird gepr\u00fcft, welches Datum kleiner und gleich dem angegebenen Datum ist. Sie k\u00f6nnen sehen, dass TRUE und FALSE zur\u00fcckgegeben werden. <\/p><div class=\"wp-block-image\"><figure class=\"aligncenter size-full is-resized\"><img loading=\"lazy\" decoding=\"async\" class=\"wp-image-79389\" src=\"https:\/\/exceladvisor.org\/wp-content\/uploads\/2023\/08\/5-comprendre-sumproduct-pour-compter-les-jours.png\" sizes=\"auto, \" srcset=\"\" alt=\"verstehen-produzierte-summe-zu-z\u00e4hlen-tage\" width=\"390\" height=\"169\"><\/figure><\/div><p> Danach haben Sie ein doppeltes Minuszeichen, das WAHR und FALSCH in 1 und 0 umwandelt. <\/p><div class=\"wp-block-image\"><figure class=\"aligncenter size-full is-resized\"><img loading=\"lazy\" decoding=\"async\" class=\"wp-image-79390\" src=\"https:\/\/exceladvisor.org\/wp-content\/uploads\/2023\/08\/6-double-signe-moins-convertira-vrai-ou-faux.png\" sizes=\"auto, \" srcset=\"\" alt=\"Doppeltes Minuszeichen wird in \u201ewahr\u201c oder \u201efalsch\u201c umgewandelt\" width=\"422\" height=\"139\"><\/figure><\/div><p> Im zweiten Teil der Formel m\u00fcssen Sie erneut die Bedingung testen. Und es gibt TRUE zur\u00fcck, wenn diese Bedingung erf\u00fcllt ist, andernfalls FALSE. <\/p><div class=\"wp-block-image\"><figure class=\"aligncenter size-full is-resized\"><img loading=\"lazy\" decoding=\"async\" class=\"wp-image-79391\" src=\"https:\/\/exceladvisor.org\/wp-content\/uploads\/2023\/08\/7-renvoie-vrai-si-la-condition-est-remplie.png\" sizes=\"auto, \" srcset=\"\" alt=\"Gibt \u201etrue\u201c zur\u00fcck, wenn die Bedingung erf\u00fcllt ist\" width=\"423\" height=\"152\"><\/figure><\/div><p> Danach wandelt das doppelte Minuszeichen TRUE und FALSE in 1 und 0 um. <\/p><div class=\"wp-block-image\"><figure class=\"aligncenter size-full is-resized\"><img loading=\"lazy\" decoding=\"async\" class=\"wp-image-79392\" src=\"https:\/\/exceladvisor.org\/wp-content\/uploads\/2023\/08\/8-vrai-et-faux-en-zero-et-un.png\" sizes=\"auto, \" srcset=\"\" alt=\"wahr und falsch in null und eins\" width=\"435\" height=\"125\"><\/figure><\/div><p> Zu diesem Zeitpunkt haben Sie zwei Tabellen. 1 bedeutet, dass das Datum im Bereich zwischen dem angegebenen Datumsbereich liegt.<\/p><p> SUMPRODUCT erstellt ein Produkt dieser Arrays und gibt ein einzelnes Array zur\u00fcck. Anschlie\u00dfend summiert es die Werte dieses Arrays, was der Anzahl der Daten zwischen dem Bereich entspricht. <\/p><div class=\"gb-container gb-container-52dfcee1 gb-container-sample-file\"><h2 class=\"gb-headline gb-headline-e289c143 gb-headline-text gb-headline-4f7959c2\"> Holen Sie sich die Excel-Datei<\/h2><p> <a class=\"gb-button gb-button-e88d6bee gb-button-text gb-button-button1\" href=\"https:\/\/exceladvisor.org\/wp-content\/uploads\/2023\/08\/jours-entre-les-dates.xlsx\" rel=\"nofollow\">Herunterladen<\/a><\/p><\/div><div class=\"gb-container gb-container-0df56012 gb-container-mt\"> <a class=\"gb-button gb-button-f9f432f4 gb-button-text gb-button-mt-button\" href=\"https:\/\/exceladvisor.org\/de\/formeln\/\">Liste der Excel-Formeln<\/a><h2 class=\"gb-headline gb-headline-233444e8 gb-headline-text gb-headline-mt-heading\"> Verwandte Formeln <\/h2><div class=\"gb-grid-wrapper gb-grid-wrapper-a16fa65c gb-grid-wrapper-mt-grid\"><div class=\"gb-grid-column gb-grid-column-50d07e0d\"><div class=\"gb-container gb-container-50d07e0d\"><ul><li> <a href=\"https:\/\/exceladvisor.org\/de\/fugen-sie-das-wochendatum-hinzu\/\">Addiere\/subtrahiere eine Woche von einem Datum in Excel<\/a><\/li><li> <a href=\"https:\/\/exceladvisor.org\/de\/holen-sie-sich-den-namen-des-tages\/\">Erhalten Sie den Tagesnamen aus einem Datum in Excel<\/a><\/li><li> <a href=\"https:\/\/exceladvisor.org\/de\/tage-des-monats\/\">Ermitteln Sie die Gesamtzahl der Tage oder Monate in Excel<\/a><\/li><li> <a href=\"https:\/\/exceladvisor.org\/de\/monate-arbeitstage\/\">Arbeitstage im Monat<\/a><\/li><li> <a href=\"https:\/\/exceladvisor.org\/de\/datum-zu-text-2\/\">Datum in Text umwandeln<\/a> <\/li><\/ul><\/div><\/div><div class=\"gb-grid-column gb-grid-column-5b4a0cf9\"><div class=\"gb-container gb-container-5b4a0cf9\"><\/div><\/div><\/div><\/div>","protected":false},"excerpt":{"rendered":"","protected":false},"author":1,"featured_media":0,"parent":0,"menu_order":0,"comment_status":"open","ping_status":"closed","template":"","meta":{"ub_ctt_via":"","footnotes":""},"class_list":["post-3205","page","type-page","status-publish","hentry"],"featured_image_src":null,"yoast_head":"<!-- This site is optimized with the Yoast SEO plugin v25.4 - https:\/\/yoast.com\/wordpress\/plugins\/seo\/ -->\n<title>Wie z\u00e4hlt man die Tage zwischen zwei Daten? (Tutorial 2023)<\/title>\n<meta name=\"description\" content=\"In diesem Tutorial erfahren Sie, wie Sie eine Excel-Formel schreiben, um die Gesamtzahl der Tage zwischen zwei Daten zu z\u00e4hlen. Lassen Sie uns das \u00fcberpr\u00fcfen ...\" \/>\n<meta name=\"robots\" content=\"index, follow, max-snippet:-1, max-image-preview:large, max-video-preview:-1\" \/>\n<link rel=\"canonical\" href=\"https:\/\/exceladvisor.org\/de\/tage-zwischen-zwei-daten\/\" \/>\n<meta property=\"og:locale\" content=\"de_DE\" \/>\n<meta property=\"og:type\" content=\"article\" \/>\n<meta property=\"og:title\" content=\"Wie z\u00e4hlt man die Tage zwischen zwei Daten? (Tutorial 2023)\" \/>\n<meta property=\"og:description\" content=\"In diesem Tutorial erfahren Sie, wie Sie eine Excel-Formel schreiben, um die Gesamtzahl der Tage zwischen zwei Daten zu z\u00e4hlen. Lassen Sie uns das \u00fcberpr\u00fcfen ...\" \/>\n<meta property=\"og:url\" content=\"https:\/\/exceladvisor.org\/de\/tage-zwischen-zwei-daten\/\" \/>\n<meta property=\"og:site_name\" content=\"Excel Advisor\" \/>\n<meta property=\"article:modified_time\" content=\"2023-12-03T13:06:02+00:00\" \/>\n<meta property=\"og:image\" content=\"https:\/\/exceladvisor.org\/wp-content\/uploads\/2023\/08\/1-jours-entre-deux-dates.png\" \/>\n<meta name=\"twitter:card\" content=\"summary_large_image\" \/>\n<meta name=\"twitter:label1\" content=\"Gesch\u00e4tzte Lesezeit\" \/>\n\t<meta name=\"twitter:data1\" content=\"3\u00a0Minuten\" \/>\n<script type=\"application\/ld+json\" class=\"yoast-schema-graph\">{\"@context\":\"https:\/\/schema.org\",\"@graph\":[{\"@type\":\"WebPage\",\"@id\":\"https:\/\/exceladvisor.org\/de\/tage-zwischen-zwei-daten\/\",\"url\":\"https:\/\/exceladvisor.org\/de\/tage-zwischen-zwei-daten\/\",\"name\":\"Wie z\u00e4hlt man die Tage zwischen zwei Daten? (Tutorial 2023)\",\"isPartOf\":{\"@id\":\"https:\/\/exceladvisor.org\/de\/#website\"},\"primaryImageOfPage\":{\"@id\":\"https:\/\/exceladvisor.org\/de\/tage-zwischen-zwei-daten\/#primaryimage\"},\"image\":{\"@id\":\"https:\/\/exceladvisor.org\/de\/tage-zwischen-zwei-daten\/#primaryimage\"},\"thumbnailUrl\":\"https:\/\/exceladvisor.org\/wp-content\/uploads\/2023\/08\/1-jours-entre-deux-dates.png\",\"datePublished\":\"2023-11-10T09:01:18+00:00\",\"dateModified\":\"2023-12-03T13:06:02+00:00\",\"description\":\"In diesem Tutorial erfahren Sie, wie Sie eine Excel-Formel schreiben, um die Gesamtzahl der Tage zwischen zwei Daten zu z\u00e4hlen. Lassen Sie uns das \u00fcberpr\u00fcfen ...\",\"breadcrumb\":{\"@id\":\"https:\/\/exceladvisor.org\/de\/tage-zwischen-zwei-daten\/#breadcrumb\"},\"inLanguage\":\"de\",\"potentialAction\":[{\"@type\":\"ReadAction\",\"target\":[\"https:\/\/exceladvisor.org\/de\/tage-zwischen-zwei-daten\/\"]}]},{\"@type\":\"ImageObject\",\"inLanguage\":\"de\",\"@id\":\"https:\/\/exceladvisor.org\/de\/tage-zwischen-zwei-daten\/#primaryimage\",\"url\":\"https:\/\/exceladvisor.org\/wp-content\/uploads\/2023\/08\/1-jours-entre-deux-dates.png\",\"contentUrl\":\"https:\/\/exceladvisor.org\/wp-content\/uploads\/2023\/08\/1-jours-entre-deux-dates.png\"},{\"@type\":\"BreadcrumbList\",\"@id\":\"https:\/\/exceladvisor.org\/de\/tage-zwischen-zwei-daten\/#breadcrumb\",\"itemListElement\":[{\"@type\":\"ListItem\",\"position\":1,\"name\":\"Accueil\",\"item\":\"https:\/\/exceladvisor.org\/de\/\"},{\"@type\":\"ListItem\",\"position\":2,\"name\":\"Wie z\u00e4hlt man die tage zwischen zwei daten?\"}]},{\"@type\":\"WebSite\",\"@id\":\"https:\/\/exceladvisor.org\/de\/#website\",\"url\":\"https:\/\/exceladvisor.org\/de\/\",\"name\":\"Excel Advisor\",\"description\":\"Ihr Leitfaden zur Datendominanz\",\"publisher\":{\"@id\":\"https:\/\/exceladvisor.org\/de\/#organization\"},\"potentialAction\":[{\"@type\":\"SearchAction\",\"target\":{\"@type\":\"EntryPoint\",\"urlTemplate\":\"https:\/\/exceladvisor.org\/de\/?s={search_term_string}\"},\"query-input\":{\"@type\":\"PropertyValueSpecification\",\"valueRequired\":true,\"valueName\":\"search_term_string\"}}],\"inLanguage\":\"de\"},{\"@type\":\"Organization\",\"@id\":\"https:\/\/exceladvisor.org\/de\/#organization\",\"name\":\"Excel Advisor\",\"url\":\"https:\/\/exceladvisor.org\/de\/\",\"logo\":{\"@type\":\"ImageObject\",\"inLanguage\":\"de\",\"@id\":\"https:\/\/exceladvisor.org\/de\/#\/schema\/logo\/image\/\",\"url\":\"https:\/\/exceladvisor.org\/de\/wp-content\/uploads\/2023\/11\/exceladvisor.org_.png\",\"contentUrl\":\"https:\/\/exceladvisor.org\/de\/wp-content\/uploads\/2023\/11\/exceladvisor.org_.png\",\"width\":105,\"height\":36,\"caption\":\"Excel Advisor\"},\"image\":{\"@id\":\"https:\/\/exceladvisor.org\/de\/#\/schema\/logo\/image\/\"}}]}<\/script>\n<!-- \/ Yoast SEO plugin. -->","yoast_head_json":{"title":"Wie z\u00e4hlt man die Tage zwischen zwei Daten? (Tutorial 2023)","description":"In diesem Tutorial erfahren Sie, wie Sie eine Excel-Formel schreiben, um die Gesamtzahl der Tage zwischen zwei Daten zu z\u00e4hlen. Lassen Sie uns das \u00fcberpr\u00fcfen ...","robots":{"index":"index","follow":"follow","max-snippet":"max-snippet:-1","max-image-preview":"max-image-preview:large","max-video-preview":"max-video-preview:-1"},"canonical":"https:\/\/exceladvisor.org\/de\/tage-zwischen-zwei-daten\/","og_locale":"de_DE","og_type":"article","og_title":"Wie z\u00e4hlt man die Tage zwischen zwei Daten? (Tutorial 2023)","og_description":"In diesem Tutorial erfahren Sie, wie Sie eine Excel-Formel schreiben, um die Gesamtzahl der Tage zwischen zwei Daten zu z\u00e4hlen. Lassen Sie uns das \u00fcberpr\u00fcfen ...","og_url":"https:\/\/exceladvisor.org\/de\/tage-zwischen-zwei-daten\/","og_site_name":"Excel Advisor","article_modified_time":"2023-12-03T13:06:02+00:00","og_image":[{"url":"https:\/\/exceladvisor.org\/wp-content\/uploads\/2023\/08\/1-jours-entre-deux-dates.png","type":"","width":"","height":""}],"twitter_card":"summary_large_image","twitter_misc":{"Gesch\u00e4tzte Lesezeit":"3\u00a0Minuten"},"schema":{"@context":"https:\/\/schema.org","@graph":[{"@type":"WebPage","@id":"https:\/\/exceladvisor.org\/de\/tage-zwischen-zwei-daten\/","url":"https:\/\/exceladvisor.org\/de\/tage-zwischen-zwei-daten\/","name":"Wie z\u00e4hlt man die Tage zwischen zwei Daten? (Tutorial 2023)","isPartOf":{"@id":"https:\/\/exceladvisor.org\/de\/#website"},"primaryImageOfPage":{"@id":"https:\/\/exceladvisor.org\/de\/tage-zwischen-zwei-daten\/#primaryimage"},"image":{"@id":"https:\/\/exceladvisor.org\/de\/tage-zwischen-zwei-daten\/#primaryimage"},"thumbnailUrl":"https:\/\/exceladvisor.org\/wp-content\/uploads\/2023\/08\/1-jours-entre-deux-dates.png","datePublished":"2023-11-10T09:01:18+00:00","dateModified":"2023-12-03T13:06:02+00:00","description":"In diesem Tutorial erfahren Sie, wie Sie eine Excel-Formel schreiben, um die Gesamtzahl der Tage zwischen zwei Daten zu z\u00e4hlen. Lassen Sie uns das \u00fcberpr\u00fcfen ...","breadcrumb":{"@id":"https:\/\/exceladvisor.org\/de\/tage-zwischen-zwei-daten\/#breadcrumb"},"inLanguage":"de","potentialAction":[{"@type":"ReadAction","target":["https:\/\/exceladvisor.org\/de\/tage-zwischen-zwei-daten\/"]}]},{"@type":"ImageObject","inLanguage":"de","@id":"https:\/\/exceladvisor.org\/de\/tage-zwischen-zwei-daten\/#primaryimage","url":"https:\/\/exceladvisor.org\/wp-content\/uploads\/2023\/08\/1-jours-entre-deux-dates.png","contentUrl":"https:\/\/exceladvisor.org\/wp-content\/uploads\/2023\/08\/1-jours-entre-deux-dates.png"},{"@type":"BreadcrumbList","@id":"https:\/\/exceladvisor.org\/de\/tage-zwischen-zwei-daten\/#breadcrumb","itemListElement":[{"@type":"ListItem","position":1,"name":"Accueil","item":"https:\/\/exceladvisor.org\/de\/"},{"@type":"ListItem","position":2,"name":"Wie z\u00e4hlt man die tage zwischen zwei daten?"}]},{"@type":"WebSite","@id":"https:\/\/exceladvisor.org\/de\/#website","url":"https:\/\/exceladvisor.org\/de\/","name":"Excel Advisor","description":"Ihr Leitfaden zur Datendominanz","publisher":{"@id":"https:\/\/exceladvisor.org\/de\/#organization"},"potentialAction":[{"@type":"SearchAction","target":{"@type":"EntryPoint","urlTemplate":"https:\/\/exceladvisor.org\/de\/?s={search_term_string}"},"query-input":{"@type":"PropertyValueSpecification","valueRequired":true,"valueName":"search_term_string"}}],"inLanguage":"de"},{"@type":"Organization","@id":"https:\/\/exceladvisor.org\/de\/#organization","name":"Excel Advisor","url":"https:\/\/exceladvisor.org\/de\/","logo":{"@type":"ImageObject","inLanguage":"de","@id":"https:\/\/exceladvisor.org\/de\/#\/schema\/logo\/image\/","url":"https:\/\/exceladvisor.org\/de\/wp-content\/uploads\/2023\/11\/exceladvisor.org_.png","contentUrl":"https:\/\/exceladvisor.org\/de\/wp-content\/uploads\/2023\/11\/exceladvisor.org_.png","width":105,"height":36,"caption":"Excel Advisor"},"image":{"@id":"https:\/\/exceladvisor.org\/de\/#\/schema\/logo\/image\/"}}]}},"yoast_meta":{"yoast_wpseo_title":"","yoast_wpseo_metadesc":"","yoast_wpseo_canonical":""},"_links":{"self":[{"href":"https:\/\/exceladvisor.org\/de\/wp-json\/wp\/v2\/pages\/3205","targetHints":{"allow":["GET"]}}],"collection":[{"href":"https:\/\/exceladvisor.org\/de\/wp-json\/wp\/v2\/pages"}],"about":[{"href":"https:\/\/exceladvisor.org\/de\/wp-json\/wp\/v2\/types\/page"}],"author":[{"embeddable":true,"href":"https:\/\/exceladvisor.org\/de\/wp-json\/wp\/v2\/users\/1"}],"replies":[{"embeddable":true,"href":"https:\/\/exceladvisor.org\/de\/wp-json\/wp\/v2\/comments?post=3205"}],"version-history":[{"count":1,"href":"https:\/\/exceladvisor.org\/de\/wp-json\/wp\/v2\/pages\/3205\/revisions"}],"predecessor-version":[{"id":4429,"href":"https:\/\/exceladvisor.org\/de\/wp-json\/wp\/v2\/pages\/3205\/revisions\/4429"}],"wp:attachment":[{"href":"https:\/\/exceladvisor.org\/de\/wp-json\/wp\/v2\/media?parent=3205"}],"curies":[{"name":"wp","href":"https:\/\/api.w.org\/{rel}","templated":true}]}}