{"id":3206,"date":"2023-11-10T08:21:20","date_gmt":"2023-11-10T08:21:20","guid":{"rendered":"https:\/\/exceladvisor.org\/de\/extrahiere-das-letzte-wort-2\/"},"modified":"2023-12-03T11:12:32","modified_gmt":"2023-12-03T11:12:32","slug":"extrahiere-das-letzte-wort-2","status":"publish","type":"page","link":"https:\/\/exceladvisor.org\/de\/extrahiere-das-letzte-wort-2\/","title":{"rendered":"Extrahieren sie das letzte wort aus einer zelle in excel"},"content":{"rendered":"<div class=\"excel-vor-dem-inhalt\" id=\"excel-535293918\"><script type=\"text\/javascript\">\r\n\tatOptions = {\r\n\t\t'key' : 'c1158f160081d6540a8409e6925dab94',\r\n\t\t'format' : 'iframe',\r\n\t\t'height' : 250,\r\n\t\t'width' : 300,\r\n\t\t'params' : {}\r\n\t};\r\n<\/script>\r\n<script type=\"text\/javascript\" src=\"\/\/www.highperformanceformat.com\/c1158f160081d6540a8409e6925dab94\/invoke.js\"><\/script><\/div> <p>Um das letzte Wort einer Zelle zu erhalten, m\u00fcssen Sie die Funktionen TRIM, RIGHT, LEN, REPT und SUBSTITUTE in Excel kombinieren.<\/p><p> Diese Funktionen helfen Ihnen, das letzte Leerzeichen in der Zelle zu finden und dann, basierend auf diesem Leerzeichen; Sie k\u00f6nnen die Ausnahme des letzten Wortes erhalten. Excel verf\u00fcgt nicht \u00fcber eine genaue Formel zur Vervollst\u00e4ndigung, daher m\u00fcssen Sie eine benutzerdefinierte Formel erstellen. <\/p><div class=\"wp-block-image\"><figure class=\"aligncenter size-full is-resized\"><img loading=\"lazy\" decoding=\"async\" class=\"wp-image-79400\" src=\"https:\/\/exceladvisor.org\/wp-content\/uploads\/2023\/08\/1-extrait-le-dernier-mot-dune-cellule.png\" sizes=\"auto, \" srcset=\"\" alt=\"Extrahieren Sie das letzte Wort aus einer Zelle\" width=\"583\" height=\"511\"><\/figure><\/div><h2 class=\"wp-block-heading\"> Excel-Formel, um das letzte Wort eines Datums zu erhalten<\/h2><p> Hier ist die Formel, die Sie verwenden sollten:<\/p><pre class=\"wp-block-code\"> <code class=\"language-excel-formula\" lang=\"excel-formula\">=TRIM(RIGHT(SUBSTITUTE(A1,\" \",REPT(\" \",LEN(A1))),LEN(A1)))<\/code><\/pre><p> Um zu verstehen, wie diese Formel funktioniert, m\u00fcssen wir sie in mehrere Teile unterteilen.<\/p><p> <strong>In diesem ersten Teil<\/strong> haben wir die Funktionen REPT und LEN. Die LEN-Funktion gibt die Anzahl der Zeichen im Originalwert zur\u00fcck und die REPT-Funktion gibt Leerzeichen basierend auf dieser Zahl (Anzahl der Zeichen) zur\u00fcck. <\/p><div class=\"wp-block-image\"><figure class=\"aligncenter size-full is-resized\"><img loading=\"lazy\" decoding=\"async\" class=\"wp-image-79401\" src=\"https:\/\/exceladvisor.org\/wp-content\/uploads\/2023\/08\/2-fonctions-rept-et-len.png\" sizes=\"auto, \" srcset=\"\" alt=\"rept-and-len-Funktionen\" width=\"542\" height=\"112\"><\/figure><\/div><p> Wenn der urspr\u00fcngliche Wert 59 Zeichen enth\u00e4lt, gibt REPT 59 Leerzeichen zur\u00fcck. Siehe Screenshot unten. <\/p><div class=\"wp-block-image\"><figure class=\"aligncenter size-full is-resized\"><img loading=\"lazy\" decoding=\"async\" class=\"wp-image-79402\" src=\"https:\/\/exceladvisor.org\/wp-content\/uploads\/2023\/08\/3-rept-renvoie-des-valeurs.png\" sizes=\"auto, \" srcset=\"\" alt=\"rept-return-values\" width=\"586\" height=\"111\"><\/figure><\/div><p> <strong>Dann haben wir im zweiten Teil<\/strong> die SUBSTITUTE-Funktion, die jedes Leerzeichen in der Zelle durch die von der REPT-Funktion zur\u00fcckgegebenen Leerzeichen ersetzt. <\/p><div class=\"wp-block-image\"><figure class=\"aligncenter size-full is-resized\"><img loading=\"lazy\" decoding=\"async\" class=\"wp-image-79403\" src=\"https:\/\/exceladvisor.org\/wp-content\/uploads\/2023\/08\/4-substituts-remplacent-chaque-espace.png\" sizes=\"auto, \" srcset=\"\" alt=\"ersetzen-ersetzen-jedes-Leerzeichen\" width=\"618\" height=\"116\"><\/figure><\/div><p> Wenn die Zelle 10 Leerzeichen enth\u00e4lt, gibt der von SUBSTITUTE zur\u00fcckgegebene Wert 10 x 59 Leerzeichen zur\u00fcck. <strong>59 Leerzeichen zwischen jedem Wort statt 1<\/strong> . Siehe Screenshot unten. <\/p><div class=\"wp-block-image\"><figure class=\"aligncenter size-full is-resized\"><img loading=\"lazy\" decoding=\"async\" class=\"wp-image-79404\" src=\"https:\/\/exceladvisor.org\/wp-content\/uploads\/2023\/08\/5-valeur-retournee-par-substitut.png\" sizes=\"auto, \" srcset=\"\" alt=\"Wert, der durch Ersatz zur\u00fcckgegeben wird\" width=\"779\" height=\"176\"><\/figure><\/div><p> <strong>Danach haben wir im dritten Teil<\/strong> die RIGHT-Funktion, die die Zeichen (entspricht der Anzahl der Zeichen des urspr\u00fcnglichen Werts) aus dem oben erhaltenen Wert extrahiert. <\/p><div class=\"wp-block-image\"><figure class=\"aligncenter size-full is-resized\"><img loading=\"lazy\" decoding=\"async\" class=\"wp-image-79405\" src=\"https:\/\/exceladvisor.org\/wp-content\/uploads\/2023\/08\/6-caracteres-extraits-de-la-fonction-droite.png\" sizes=\"auto, \" srcset=\"\" alt=\"Rechte-Funktion-Extrakt-Zeichen\" width=\"312\" height=\"353\"><\/figure><\/div><p> Und unten ist der Wert, den es zur\u00fcckgibt. <\/p><div class=\"wp-block-image\"><figure class=\"aligncenter size-full is-resized\"><img loading=\"lazy\" decoding=\"async\" class=\"wp-image-79406\" src=\"https:\/\/exceladvisor.org\/wp-content\/uploads\/2023\/08\/7-valeur-de-trim-en-retour.png\" sizes=\"auto, \" srcset=\"\" alt=\"Trimmwert im Gegenzug\" width=\"388\" height=\"124\"><\/figure><\/div><p> Da der urspr\u00fcngliche Wert 59 Zeichen umfasst, werden 59 Zeichen aus den neuen Werten extrahiert. In diesem extrahierten Wert haben wir 6 Zeichen des letzten Wortes <strong>(Anleitung)<\/strong> und der Rest sind Leerzeichen.<\/p><p> <strong>Jetzt im vierten Teil<\/strong> haben wir die TRIM-Funktion, die zus\u00e4tzliche Leerzeichen aus dem Wert entfernt und nur das letzte Wort (Anleitung) zur\u00fcckgibt. <\/p><div class=\"wp-block-image\"><figure class=\"aligncenter size-full is-resized\"><img loading=\"lazy\" decoding=\"async\" class=\"wp-image-79407\" src=\"https:\/\/exceladvisor.org\/wp-content\/uploads\/2023\/08\/8-garnitures-remplacent-les-espaces-supplementaires.png\" sizes=\"auto, \" srcset=\"\" alt=\"Trim ersetzt zus\u00e4tzliche Leerzeichen\" width=\"678\" height=\"275\"><\/figure><\/div><div class=\"gb-container gb-container-52dfcee1 gb-container-sample-file\"><h2 class=\"gb-headline gb-headline-e289c143 gb-headline-text gb-headline-4f7959c2\"> Holen Sie sich die Excel-Datei<\/h2><p> <a class=\"gb-button gb-button-e88d6bee gb-button-text gb-button-button1\" href=\"https:\/\/exceladvisor.org\/wp-content\/uploads\/2023\/08\/extraire-le-dernier-mot.xlsx\" rel=\"nofollow\">Herunterladen<\/a><\/p><\/div><div class=\"gb-container gb-container-4db6181c gb-container-mt\"> <a class=\"gb-button gb-button-c5897111 gb-button-text gb-button-mt-button\" href=\"https:\/\/exceladvisor.org\/de\/vba\/\">Was ist VBA<\/a><h2 class=\"gb-headline gb-headline-665e5f6b gb-headline-text gb-headline-mt-heading\"> Verwandte Tutorials <\/h2><div class=\"gb-grid-wrapper gb-grid-wrapper-a20baf7c gb-grid-wrapper-mt-grid\"><div class=\"gb-grid-column gb-grid-column-65ddf67e\"><div class=\"gb-container gb-container-65ddf67e\"><ul><li> Entfernen Sie das erste Zeichen aus einer Zelle in Excel<\/li><li> <a href=\"https:\/\/exceladvisor.org\/de\/entfernen-sie-zusatzliche-leerzeichen\/\">Entfernen Sie zus\u00e4tzliche Leerzeichen in Excel<\/a><\/li><li> <a href=\"https:\/\/exceladvisor.org\/de\/das-erste-letzte-wort-bekommen\/\">Separate Namen in Excel \u2013 (Vor- und Nachname)<\/a><\/li><li> <a href=\"https:\/\/exceladvisor.org\/de\/zeilenumbruch-2-entfernen\/\">Zeilenumbruch aus einer Zelle entfernen<\/a><\/li><li> <a href=\"https:\/\/exceladvisor.org\/de\/klammern-entfernen-2\/\">Klammern in Excel entfernen (Klammern)<\/a> <\/li><\/ul><\/div><\/div><div class=\"gb-grid-column gb-grid-column-50067b57\"><div class=\"gb-container gb-container-50067b57\"><\/div><\/div><\/div><\/div>","protected":false},"excerpt":{"rendered":"","protected":false},"author":1,"featured_media":0,"parent":0,"menu_order":0,"comment_status":"open","ping_status":"closed","template":"","meta":{"ub_ctt_via":"","footnotes":""},"class_list":["post-3206","page","type-page","status-publish","hentry"],"featured_image_src":null,"yoast_head":"<!-- This site is optimized with the Yoast SEO plugin v25.4 - https:\/\/yoast.com\/wordpress\/plugins\/seo\/ -->\n<title>Extrahieren Sie das letzte Wort aus einer Zelle in Excel<\/title>\n<meta name=\"description\" content=\"In diesem Tutorial erfahren Sie, wie Sie eine Excel-Formel schreiben, um das letzte Wort aus einer Zelle zu extrahieren. Lassen Sie uns das \u00fcberpr\u00fcfen ...\" \/>\n<meta name=\"robots\" content=\"index, follow, max-snippet:-1, max-image-preview:large, max-video-preview:-1\" \/>\n<link rel=\"canonical\" href=\"https:\/\/exceladvisor.org\/de\/extrahiere-das-letzte-wort-2\/\" \/>\n<meta property=\"og:locale\" content=\"de_DE\" \/>\n<meta property=\"og:type\" content=\"article\" \/>\n<meta property=\"og:title\" content=\"Extrahieren Sie das letzte Wort aus einer Zelle in Excel\" \/>\n<meta property=\"og:description\" content=\"In diesem Tutorial erfahren Sie, wie Sie eine Excel-Formel schreiben, um das letzte Wort aus einer Zelle zu extrahieren. Lassen Sie uns das \u00fcberpr\u00fcfen ...\" \/>\n<meta property=\"og:url\" content=\"https:\/\/exceladvisor.org\/de\/extrahiere-das-letzte-wort-2\/\" \/>\n<meta property=\"og:site_name\" content=\"Excel Advisor\" \/>\n<meta property=\"article:modified_time\" content=\"2023-12-03T11:12:32+00:00\" \/>\n<meta property=\"og:image\" content=\"https:\/\/exceladvisor.org\/wp-content\/uploads\/2023\/08\/1-extrait-le-dernier-mot-dune-cellule.png\" \/>\n<meta name=\"twitter:card\" content=\"summary_large_image\" \/>\n<meta name=\"twitter:label1\" content=\"Gesch\u00e4tzte Lesezeit\" \/>\n\t<meta name=\"twitter:data1\" content=\"2\u00a0Minuten\" \/>\n<script type=\"application\/ld+json\" class=\"yoast-schema-graph\">{\"@context\":\"https:\/\/schema.org\",\"@graph\":[{\"@type\":\"WebPage\",\"@id\":\"https:\/\/exceladvisor.org\/de\/extrahiere-das-letzte-wort-2\/\",\"url\":\"https:\/\/exceladvisor.org\/de\/extrahiere-das-letzte-wort-2\/\",\"name\":\"Extrahieren Sie das letzte Wort aus einer Zelle in Excel\",\"isPartOf\":{\"@id\":\"https:\/\/exceladvisor.org\/de\/#website\"},\"primaryImageOfPage\":{\"@id\":\"https:\/\/exceladvisor.org\/de\/extrahiere-das-letzte-wort-2\/#primaryimage\"},\"image\":{\"@id\":\"https:\/\/exceladvisor.org\/de\/extrahiere-das-letzte-wort-2\/#primaryimage\"},\"thumbnailUrl\":\"https:\/\/exceladvisor.org\/wp-content\/uploads\/2023\/08\/1-extrait-le-dernier-mot-dune-cellule.png\",\"datePublished\":\"2023-11-10T08:21:20+00:00\",\"dateModified\":\"2023-12-03T11:12:32+00:00\",\"description\":\"In diesem Tutorial erfahren Sie, wie Sie eine Excel-Formel schreiben, um das letzte Wort aus einer Zelle zu extrahieren. Lassen Sie uns das \u00fcberpr\u00fcfen ...\",\"breadcrumb\":{\"@id\":\"https:\/\/exceladvisor.org\/de\/extrahiere-das-letzte-wort-2\/#breadcrumb\"},\"inLanguage\":\"de\",\"potentialAction\":[{\"@type\":\"ReadAction\",\"target\":[\"https:\/\/exceladvisor.org\/de\/extrahiere-das-letzte-wort-2\/\"]}]},{\"@type\":\"ImageObject\",\"inLanguage\":\"de\",\"@id\":\"https:\/\/exceladvisor.org\/de\/extrahiere-das-letzte-wort-2\/#primaryimage\",\"url\":\"https:\/\/exceladvisor.org\/wp-content\/uploads\/2023\/08\/1-extrait-le-dernier-mot-dune-cellule.png\",\"contentUrl\":\"https:\/\/exceladvisor.org\/wp-content\/uploads\/2023\/08\/1-extrait-le-dernier-mot-dune-cellule.png\"},{\"@type\":\"BreadcrumbList\",\"@id\":\"https:\/\/exceladvisor.org\/de\/extrahiere-das-letzte-wort-2\/#breadcrumb\",\"itemListElement\":[{\"@type\":\"ListItem\",\"position\":1,\"name\":\"Accueil\",\"item\":\"https:\/\/exceladvisor.org\/de\/\"},{\"@type\":\"ListItem\",\"position\":2,\"name\":\"Extrahieren sie das letzte wort aus einer zelle in excel\"}]},{\"@type\":\"WebSite\",\"@id\":\"https:\/\/exceladvisor.org\/de\/#website\",\"url\":\"https:\/\/exceladvisor.org\/de\/\",\"name\":\"Excel Advisor\",\"description\":\"Ihr Leitfaden zur Datendominanz\",\"publisher\":{\"@id\":\"https:\/\/exceladvisor.org\/de\/#organization\"},\"potentialAction\":[{\"@type\":\"SearchAction\",\"target\":{\"@type\":\"EntryPoint\",\"urlTemplate\":\"https:\/\/exceladvisor.org\/de\/?s={search_term_string}\"},\"query-input\":{\"@type\":\"PropertyValueSpecification\",\"valueRequired\":true,\"valueName\":\"search_term_string\"}}],\"inLanguage\":\"de\"},{\"@type\":\"Organization\",\"@id\":\"https:\/\/exceladvisor.org\/de\/#organization\",\"name\":\"Excel Advisor\",\"url\":\"https:\/\/exceladvisor.org\/de\/\",\"logo\":{\"@type\":\"ImageObject\",\"inLanguage\":\"de\",\"@id\":\"https:\/\/exceladvisor.org\/de\/#\/schema\/logo\/image\/\",\"url\":\"https:\/\/exceladvisor.org\/de\/wp-content\/uploads\/2023\/11\/exceladvisor.org_.png\",\"contentUrl\":\"https:\/\/exceladvisor.org\/de\/wp-content\/uploads\/2023\/11\/exceladvisor.org_.png\",\"width\":105,\"height\":36,\"caption\":\"Excel Advisor\"},\"image\":{\"@id\":\"https:\/\/exceladvisor.org\/de\/#\/schema\/logo\/image\/\"}}]}<\/script>\n<!-- \/ Yoast SEO plugin. -->","yoast_head_json":{"title":"Extrahieren Sie das letzte Wort aus einer Zelle in Excel","description":"In diesem Tutorial erfahren Sie, wie Sie eine Excel-Formel schreiben, um das letzte Wort aus einer Zelle zu extrahieren. Lassen Sie uns das \u00fcberpr\u00fcfen ...","robots":{"index":"index","follow":"follow","max-snippet":"max-snippet:-1","max-image-preview":"max-image-preview:large","max-video-preview":"max-video-preview:-1"},"canonical":"https:\/\/exceladvisor.org\/de\/extrahiere-das-letzte-wort-2\/","og_locale":"de_DE","og_type":"article","og_title":"Extrahieren Sie das letzte Wort aus einer Zelle in Excel","og_description":"In diesem Tutorial erfahren Sie, wie Sie eine Excel-Formel schreiben, um das letzte Wort aus einer Zelle zu extrahieren. Lassen Sie uns das \u00fcberpr\u00fcfen ...","og_url":"https:\/\/exceladvisor.org\/de\/extrahiere-das-letzte-wort-2\/","og_site_name":"Excel Advisor","article_modified_time":"2023-12-03T11:12:32+00:00","og_image":[{"url":"https:\/\/exceladvisor.org\/wp-content\/uploads\/2023\/08\/1-extrait-le-dernier-mot-dune-cellule.png","type":"","width":"","height":""}],"twitter_card":"summary_large_image","twitter_misc":{"Gesch\u00e4tzte Lesezeit":"2\u00a0Minuten"},"schema":{"@context":"https:\/\/schema.org","@graph":[{"@type":"WebPage","@id":"https:\/\/exceladvisor.org\/de\/extrahiere-das-letzte-wort-2\/","url":"https:\/\/exceladvisor.org\/de\/extrahiere-das-letzte-wort-2\/","name":"Extrahieren Sie das letzte Wort aus einer Zelle in Excel","isPartOf":{"@id":"https:\/\/exceladvisor.org\/de\/#website"},"primaryImageOfPage":{"@id":"https:\/\/exceladvisor.org\/de\/extrahiere-das-letzte-wort-2\/#primaryimage"},"image":{"@id":"https:\/\/exceladvisor.org\/de\/extrahiere-das-letzte-wort-2\/#primaryimage"},"thumbnailUrl":"https:\/\/exceladvisor.org\/wp-content\/uploads\/2023\/08\/1-extrait-le-dernier-mot-dune-cellule.png","datePublished":"2023-11-10T08:21:20+00:00","dateModified":"2023-12-03T11:12:32+00:00","description":"In diesem Tutorial erfahren Sie, wie Sie eine Excel-Formel schreiben, um das letzte Wort aus einer Zelle zu extrahieren. Lassen Sie uns das \u00fcberpr\u00fcfen ...","breadcrumb":{"@id":"https:\/\/exceladvisor.org\/de\/extrahiere-das-letzte-wort-2\/#breadcrumb"},"inLanguage":"de","potentialAction":[{"@type":"ReadAction","target":["https:\/\/exceladvisor.org\/de\/extrahiere-das-letzte-wort-2\/"]}]},{"@type":"ImageObject","inLanguage":"de","@id":"https:\/\/exceladvisor.org\/de\/extrahiere-das-letzte-wort-2\/#primaryimage","url":"https:\/\/exceladvisor.org\/wp-content\/uploads\/2023\/08\/1-extrait-le-dernier-mot-dune-cellule.png","contentUrl":"https:\/\/exceladvisor.org\/wp-content\/uploads\/2023\/08\/1-extrait-le-dernier-mot-dune-cellule.png"},{"@type":"BreadcrumbList","@id":"https:\/\/exceladvisor.org\/de\/extrahiere-das-letzte-wort-2\/#breadcrumb","itemListElement":[{"@type":"ListItem","position":1,"name":"Accueil","item":"https:\/\/exceladvisor.org\/de\/"},{"@type":"ListItem","position":2,"name":"Extrahieren sie das letzte wort aus einer zelle in excel"}]},{"@type":"WebSite","@id":"https:\/\/exceladvisor.org\/de\/#website","url":"https:\/\/exceladvisor.org\/de\/","name":"Excel Advisor","description":"Ihr Leitfaden zur Datendominanz","publisher":{"@id":"https:\/\/exceladvisor.org\/de\/#organization"},"potentialAction":[{"@type":"SearchAction","target":{"@type":"EntryPoint","urlTemplate":"https:\/\/exceladvisor.org\/de\/?s={search_term_string}"},"query-input":{"@type":"PropertyValueSpecification","valueRequired":true,"valueName":"search_term_string"}}],"inLanguage":"de"},{"@type":"Organization","@id":"https:\/\/exceladvisor.org\/de\/#organization","name":"Excel Advisor","url":"https:\/\/exceladvisor.org\/de\/","logo":{"@type":"ImageObject","inLanguage":"de","@id":"https:\/\/exceladvisor.org\/de\/#\/schema\/logo\/image\/","url":"https:\/\/exceladvisor.org\/de\/wp-content\/uploads\/2023\/11\/exceladvisor.org_.png","contentUrl":"https:\/\/exceladvisor.org\/de\/wp-content\/uploads\/2023\/11\/exceladvisor.org_.png","width":105,"height":36,"caption":"Excel Advisor"},"image":{"@id":"https:\/\/exceladvisor.org\/de\/#\/schema\/logo\/image\/"}}]}},"yoast_meta":{"yoast_wpseo_title":"","yoast_wpseo_metadesc":"","yoast_wpseo_canonical":""},"_links":{"self":[{"href":"https:\/\/exceladvisor.org\/de\/wp-json\/wp\/v2\/pages\/3206","targetHints":{"allow":["GET"]}}],"collection":[{"href":"https:\/\/exceladvisor.org\/de\/wp-json\/wp\/v2\/pages"}],"about":[{"href":"https:\/\/exceladvisor.org\/de\/wp-json\/wp\/v2\/types\/page"}],"author":[{"embeddable":true,"href":"https:\/\/exceladvisor.org\/de\/wp-json\/wp\/v2\/users\/1"}],"replies":[{"embeddable":true,"href":"https:\/\/exceladvisor.org\/de\/wp-json\/wp\/v2\/comments?post=3206"}],"version-history":[{"count":1,"href":"https:\/\/exceladvisor.org\/de\/wp-json\/wp\/v2\/pages\/3206\/revisions"}],"predecessor-version":[{"id":3766,"href":"https:\/\/exceladvisor.org\/de\/wp-json\/wp\/v2\/pages\/3206\/revisions\/3766"}],"wp:attachment":[{"href":"https:\/\/exceladvisor.org\/de\/wp-json\/wp\/v2\/media?parent=3206"}],"curies":[{"name":"wp","href":"https:\/\/api.w.org\/{rel}","templated":true}]}}