{"id":3208,"date":"2023-11-09T23:32:00","date_gmt":"2023-11-09T23:32:00","guid":{"rendered":"https:\/\/exceladvisor.org\/de\/datei-einbetten\/"},"modified":"2023-12-03T11:14:18","modified_gmt":"2023-12-03T11:14:18","slug":"datei-einbetten","status":"publish","type":"page","link":"https:\/\/exceladvisor.org\/de\/datei-einbetten\/","title":{"rendered":"Wie bette ich eine datei in excel ein?"},"content":{"rendered":"<div class=\"excel-vor-dem-inhalt\" id=\"excel-3807135936\"><script type=\"text\/javascript\">\r\n\tatOptions = {\r\n\t\t'key' : 'c1158f160081d6540a8409e6925dab94',\r\n\t\t'format' : 'iframe',\r\n\t\t'height' : 250,\r\n\t\t'width' : 300,\r\n\t\t'params' : {}\r\n\t};\r\n<\/script>\r\n<script type=\"text\/javascript\" src=\"\/\/www.highperformanceformat.com\/c1158f160081d6540a8409e6925dab94\/invoke.js\"><\/script><\/div> <p>Im Allgemeinen bedeutet Einbetten das Einf\u00fcgen eines beliebigen Objekts in das aktuelle Dokument. Excel verf\u00fcgt \u00fcber die integrierte Funktion, die Dateien als Anhang in die Tabelle einzubetten.<\/p><p> Mit dieser Funktion k\u00f6nnen Sie neue und externe Dokumente wie .xlsx, doc, ppt, pdf usw. einbetten. um sie in das aktuelle Arbeitsblatt zur\u00fcckzugeben, ohne dass sich dies auf den Datensatz auswirkt.<\/p><p> In diesem Tutorial zeigen wir Ihnen, wie Sie Dateien in die Tabelle einbetten.<\/p><h2 id=\"h-steps-to-embed-a-new-file-in-excel\" class=\"wp-block-heading\"> Schritte zum Einbetten einer neuen Datei in Excel<\/h2><p> Manchmal m\u00fcssen Benutzer eine neue leere Datei anstelle einer vorhandenen Datei in die Tabelle einbetten und befolgen dazu die folgenden Schritte:<\/p><ol><li> Gehen Sie zun\u00e4chst zur Registerkarte \u201eEinf\u00fcgen\u201c und klicken Sie auf das Symbol \u201eText\u201c und dann auf die Option \u201eObjekt\u201c. <br><img loading=\"lazy\" decoding=\"async\" title=\"-Text-Icon-Optionen\" src=\"https:\/\/exceladvisor.org\/wp-content\/uploads\/2023\/08\/1-options-dicone-de-texte.png\" sizes=\"auto, \" srcset=\"\" alt=\"text-icon-options\" width=\"639\" height=\"178\"><\/li><li> Klicken Sie anschlie\u00dfend im Dialogfeld \u201eObjekt\u201c auf die Registerkarte \u201eNeu erstellen\u201c und w\u00e4hlen Sie dann im Feld \u201eObjekttyp\u201c den Dokumenttyp aus, den Sie einbetten m\u00f6chten.<\/li><li> Aktivieren Sie nach der Auswahl die Option \u201eAls Symbol anzeigen\u201c und klicken Sie dann auf \u201eOK\u201c. <br><img loading=\"lazy\" decoding=\"async\" title=\"-Dialogobjekt\" src=\"https:\/\/exceladvisor.org\/wp-content\/uploads\/2023\/08\/Boite-de-dialogue-2-objets.png\" sizes=\"auto, \" srcset=\"\" alt=\"object-dialog-box\" width=\"501\" height=\"386\"><\/li><\/ol><p class=\"qt-tip\"> <strong>Hinweis:<\/strong> Sie k\u00f6nnen nur neue Dateitypen einchecken, die Teil der angegebenen Objekttypen sind.<\/p><h2 id=\"h-embed-external-files-in-excel\" class=\"wp-block-heading\"> Betten Sie externe Dateien in Excel ein<\/h2><ol><li> Gehen Sie zun\u00e4chst zur Registerkarte \u201eEinf\u00fcgen\u201c und klicken Sie auf das Symbol \u201eText\u201c und dann auf die Option \u201eObjekt\u201c. <br><img loading=\"lazy\" decoding=\"async\" title=\"-Tab-und-Text-Symbol einf\u00fcgen\" src=\"https:\/\/exceladvisor.org\/wp-content\/uploads\/2023\/08\/3-inserer-un-onglet-et-une-icone-de-texte.png\" sizes=\"auto, \" srcset=\"\" alt=\"insert-tab-and-text-icon\" width=\"610\" height=\"170\"><\/li><li> Klicken Sie anschlie\u00dfend im Dialogfeld \u201eObjekt\u201c auf die Registerkarte \u201eAus Datei erstellen\u201c und dann auf die Schaltfl\u00e4che \u201eDurchsuchen\u201c, um die Datei aus Ihrem lokalen System auszuw\u00e4hlen. <br><img loading=\"lazy\" decoding=\"async\" title=\"-Create-from-File-Tab\" src=\"https:\/\/exceladvisor.org\/wp-content\/uploads\/2023\/08\/4-creer-a-partir-de-longlet-fichier.png\" sizes=\"auto, \" srcset=\"\" alt=\"create-from-file-tab\" width=\"472\" height=\"410\"><\/li><li> Aktivieren Sie nach Auswahl der Datei die Option \u201eAls Symbol anzeigen\u201c, damit die Datei als Objekt eingebettet wird, und klicken Sie auf \u201eOK\u201c. <br><img loading=\"lazy\" decoding=\"async\" title=\"-select-show-as-icon\" src=\"https:\/\/exceladvisor.org\/wp-content\/uploads\/2023\/08\/5-selectionner-laffichage-sous-forme-dicone.png\" sizes=\"auto, \" srcset=\"\" alt=\"select-display-as-icon\" width=\"473\" height=\"365\"><\/li><li> Sobald die ausgew\u00e4hlte Datei in die Tabelle eingebettet ist, k\u00f6nnen Sie ihre Gr\u00f6\u00dfe \u00e4ndern, indem Sie den Mauszeiger \u00fcber einen der runden R\u00e4nder platzieren und ihn dann ziehen und verkleinern, um ihn an eine Zelle anzupassen. <br><img loading=\"lazy\" decoding=\"async\" title=\"-resize-eingebettete-Datei\" src=\"https:\/\/exceladvisor.org\/wp-content\/uploads\/2023\/08\/6-redimensionner-le-fichier-integre.png\" sizes=\"auto, \" srcset=\"\" alt=\"resize-the-embedded-file\" width=\"281\" height=\"174\"><\/li><li> Um nun das eingebettete Dateisymbol in der Zelle zu sperren, klicken Sie mit der rechten Maustaste darauf und klicken Sie auf die Option \u201eObjekt formatieren\u201c. <br><img loading=\"lazy\" decoding=\"async\" title=\"-lock-embedded-file\" src=\"https:\/\/exceladvisor.org\/wp-content\/uploads\/2023\/08\/7-verrouiller-le-fichier-integre.png\" sizes=\"auto, \" srcset=\"\" alt=\"lock-the-embedded-file\" width=\"306\" height=\"262\"><\/li><li> Gehen Sie am Ende im Dialogfeld \u201eObjekt formatieren\u201c zur Registerkarte \u201eEigenschaften\u201c, w\u00e4hlen Sie dann die Option \u201eVerschieben und Gr\u00f6\u00dfe mit Zellen anpassen\u201c, damit das Symbol gesperrt ist und sich nur innerhalb der Zelle bewegt, und klicken Sie dann auf \u201eOK\u201c. <img loading=\"lazy\" decoding=\"async\" title=\"-Dialogobjektformat\" src=\"https:\/\/exceladvisor.org\/wp-content\/uploads\/2023\/08\/Boite-de-dialogue-dobjet-au-format-8.png\" sizes=\"auto, \" srcset=\"\" alt=\"format-object-dialog-box\" width=\"448\" height=\"429\"><\/li><\/ol><h2 id=\"h-points-to-remember\" class=\"wp-block-heading\"> Imbissbuden<\/h2><ul><li> Wenn Sie die Datei einbetten, indem Sie nur die Option \u201eAls Symbol anzeigen\u201c aktivieren, wird diese eingebettete Datei Teil der aktuellen Arbeitsmappe und von der Quelldatei getrennt. Das hei\u00dft, wenn Sie etwas in der Quelldatei aktualisieren, wird dieses Update nicht in der eingebetteten Datei aktualisiert. Um etwas in der eingebetteten Datei zu bearbeiten oder zu aktualisieren, \u00f6ffnen Sie die eingebettete Datei immer in der Tabelle, in die sie eingebettet wurde, indem Sie darauf doppelklicken.<\/li><li> Wenn Sie au\u00dferdem die Option \u201eMit Datei verkn\u00fcpfen\u201c aktivieren, wird die eingebettete Datei nur verlinkt und nicht zu einer von der Quelldatei getrennten Datei. Das bedeutet, dass in diesem Fall, wenn Sie etwas in der Originaldatei aktualisieren, das Update auch in der eingebetteten Datei aktualisiert wird und umgekehrt.<\/li><li> Wenn Sie die Datei durch Aktivieren der Option \u201eMit Datei verkn\u00fcpfen\u201c eingebettet haben, k\u00f6nnen andere Personen nicht auf diese verkn\u00fcpfte Datei zugreifen und erhalten beim Zugriff auf diese verkn\u00fcpfte Datei die folgende Fehlermeldung. <\/li><\/ul><div class=\"wp-block-image\"><figure class=\"aligncenter size-full is-resized\"><img loading=\"lazy\" decoding=\"async\" class=\"wp-image-82901\" src=\"https:\/\/exceladvisor.org\/wp-content\/uploads\/2023\/08\/9-erreur-dacces-au-fichier-lie.png\" sizes=\"auto, \" srcset=\"\" alt=\"Fehler beim Zugriff auf die verkn\u00fcpfte Datei\" width=\"523\" height=\"160\"><\/figure><\/div><div class=\"gb-container gb-container-4db6181c gb-container-mt\"> <a class=\"gb-button gb-button-c5897111 gb-button-text gb-button-mt-button\" href=\"https:\/\/exceladvisor.org\/de\/excel-fortschritt\/\">Erweiterte Excel-Tutorials<\/a><h2 class=\"gb-headline gb-headline-665e5f6b gb-headline-text gb-headline-mt-heading\"> Verwandte Tutorials <\/h2><div class=\"gb-grid-wrapper gb-grid-wrapper-a20baf7c gb-grid-wrapper-mt-grid\"><div class=\"gb-grid-column gb-grid-column-65ddf67e\"><div class=\"gb-container gb-container-65ddf67e\"><ul><li> <a href=\"https:\/\/exceladvisor.org\/de\/kamera-tool\/\">Excel-Kamera-Tool<\/a><\/li><li> <a href=\"https:\/\/exceladvisor.org\/de\/ziel-suchen\/\">Zielfinder in Excel<\/a><\/li><li> <a href=\"https:\/\/exceladvisor.org\/de\/uhrfenster\/\">Beobachtungsfenster in Excel<\/a><\/li><li> <a href=\"https:\/\/exceladvisor.org\/de\/excel-slicer\/\">Excel Slicer (vollst\u00e4ndige Anleitung)<\/a> <\/li><\/ul><\/div><\/div><div class=\"gb-grid-column gb-grid-column-50067b57\"><div class=\"gb-container gb-container-50067b57\"><ul><li> <a href=\"https:\/\/exceladvisor.org\/de\/personalisierte-listen\/\">Benutzerdefinierte Liste in Excel<\/a><\/li><li> <a href=\"https:\/\/exceladvisor.org\/de\/pdf-in-excel\/\">F\u00fcgen Sie ein PDF in Excel ein<\/a><\/li><li> <a href=\"https:\/\/exceladvisor.org\/de\/autokorrektur\/\">Autokorrektur in Excel<\/a><\/li><li> <a href=\"https:\/\/exceladvisor.org\/de\/ein-bild-einfugen\/\">F\u00fcgen Sie ein Bild in eine Zelle in Excel ein<\/a><\/li><\/ul><\/div><\/div><\/div><\/div>","protected":false},"excerpt":{"rendered":"","protected":false},"author":1,"featured_media":0,"parent":0,"menu_order":0,"comment_status":"open","ping_status":"closed","template":"","meta":{"ub_ctt_via":"","footnotes":""},"class_list":["post-3208","page","type-page","status-publish","hentry"],"featured_image_src":null,"yoast_head":"<!-- This site is optimized with the Yoast SEO plugin v25.4 - https:\/\/yoast.com\/wordpress\/plugins\/seo\/ -->\n<title>\u25b7 Wie integriere ich eine Datei in Excel? (Leitfaden 2023)<\/title>\n<meta name=\"description\" content=\"In diesem Tutorial erfahren Sie, wie Sie eine Datei in eine Excel-Tabelle einbetten. Au\u00dferdem einige wichtige Punkte, die Sie wissen m\u00fcssen.\" \/>\n<meta name=\"robots\" content=\"index, follow, max-snippet:-1, max-image-preview:large, max-video-preview:-1\" \/>\n<link rel=\"canonical\" href=\"https:\/\/exceladvisor.org\/de\/datei-einbetten\/\" \/>\n<meta property=\"og:locale\" content=\"de_DE\" \/>\n<meta property=\"og:type\" content=\"article\" \/>\n<meta property=\"og:title\" content=\"\u25b7 Wie integriere ich eine Datei in Excel? (Leitfaden 2023)\" \/>\n<meta property=\"og:description\" content=\"In diesem Tutorial erfahren Sie, wie Sie eine Datei in eine Excel-Tabelle einbetten. Au\u00dferdem einige wichtige Punkte, die Sie wissen m\u00fcssen.\" \/>\n<meta property=\"og:url\" content=\"https:\/\/exceladvisor.org\/de\/datei-einbetten\/\" \/>\n<meta property=\"og:site_name\" content=\"Excel Advisor\" \/>\n<meta property=\"article:modified_time\" content=\"2023-12-03T11:14:18+00:00\" \/>\n<meta property=\"og:image\" content=\"https:\/\/exceladvisor.org\/wp-content\/uploads\/2023\/08\/1-options-dicone-de-texte.png\" \/>\n<meta name=\"twitter:card\" content=\"summary_large_image\" \/>\n<meta name=\"twitter:label1\" content=\"Gesch\u00e4tzte Lesezeit\" \/>\n\t<meta name=\"twitter:data1\" content=\"3\u00a0Minuten\" \/>\n<script type=\"application\/ld+json\" class=\"yoast-schema-graph\">{\"@context\":\"https:\/\/schema.org\",\"@graph\":[{\"@type\":\"WebPage\",\"@id\":\"https:\/\/exceladvisor.org\/de\/datei-einbetten\/\",\"url\":\"https:\/\/exceladvisor.org\/de\/datei-einbetten\/\",\"name\":\"\u25b7 Wie integriere ich eine Datei in Excel? (Leitfaden 2023)\",\"isPartOf\":{\"@id\":\"https:\/\/exceladvisor.org\/de\/#website\"},\"primaryImageOfPage\":{\"@id\":\"https:\/\/exceladvisor.org\/de\/datei-einbetten\/#primaryimage\"},\"image\":{\"@id\":\"https:\/\/exceladvisor.org\/de\/datei-einbetten\/#primaryimage\"},\"thumbnailUrl\":\"https:\/\/exceladvisor.org\/wp-content\/uploads\/2023\/08\/1-options-dicone-de-texte.png\",\"datePublished\":\"2023-11-09T23:32:00+00:00\",\"dateModified\":\"2023-12-03T11:14:18+00:00\",\"description\":\"In diesem Tutorial erfahren Sie, wie Sie eine Datei in eine Excel-Tabelle einbetten. Au\u00dferdem einige wichtige Punkte, die Sie wissen m\u00fcssen.\",\"breadcrumb\":{\"@id\":\"https:\/\/exceladvisor.org\/de\/datei-einbetten\/#breadcrumb\"},\"inLanguage\":\"de\",\"potentialAction\":[{\"@type\":\"ReadAction\",\"target\":[\"https:\/\/exceladvisor.org\/de\/datei-einbetten\/\"]}]},{\"@type\":\"ImageObject\",\"inLanguage\":\"de\",\"@id\":\"https:\/\/exceladvisor.org\/de\/datei-einbetten\/#primaryimage\",\"url\":\"https:\/\/exceladvisor.org\/wp-content\/uploads\/2023\/08\/1-options-dicone-de-texte.png\",\"contentUrl\":\"https:\/\/exceladvisor.org\/wp-content\/uploads\/2023\/08\/1-options-dicone-de-texte.png\"},{\"@type\":\"BreadcrumbList\",\"@id\":\"https:\/\/exceladvisor.org\/de\/datei-einbetten\/#breadcrumb\",\"itemListElement\":[{\"@type\":\"ListItem\",\"position\":1,\"name\":\"Accueil\",\"item\":\"https:\/\/exceladvisor.org\/de\/\"},{\"@type\":\"ListItem\",\"position\":2,\"name\":\"Wie bette ich eine datei in excel ein?\"}]},{\"@type\":\"WebSite\",\"@id\":\"https:\/\/exceladvisor.org\/de\/#website\",\"url\":\"https:\/\/exceladvisor.org\/de\/\",\"name\":\"Excel Advisor\",\"description\":\"Ihr Leitfaden zur Datendominanz\",\"publisher\":{\"@id\":\"https:\/\/exceladvisor.org\/de\/#organization\"},\"potentialAction\":[{\"@type\":\"SearchAction\",\"target\":{\"@type\":\"EntryPoint\",\"urlTemplate\":\"https:\/\/exceladvisor.org\/de\/?s={search_term_string}\"},\"query-input\":{\"@type\":\"PropertyValueSpecification\",\"valueRequired\":true,\"valueName\":\"search_term_string\"}}],\"inLanguage\":\"de\"},{\"@type\":\"Organization\",\"@id\":\"https:\/\/exceladvisor.org\/de\/#organization\",\"name\":\"Excel Advisor\",\"url\":\"https:\/\/exceladvisor.org\/de\/\",\"logo\":{\"@type\":\"ImageObject\",\"inLanguage\":\"de\",\"@id\":\"https:\/\/exceladvisor.org\/de\/#\/schema\/logo\/image\/\",\"url\":\"https:\/\/exceladvisor.org\/de\/wp-content\/uploads\/2023\/11\/exceladvisor.org_.png\",\"contentUrl\":\"https:\/\/exceladvisor.org\/de\/wp-content\/uploads\/2023\/11\/exceladvisor.org_.png\",\"width\":105,\"height\":36,\"caption\":\"Excel Advisor\"},\"image\":{\"@id\":\"https:\/\/exceladvisor.org\/de\/#\/schema\/logo\/image\/\"}}]}<\/script>\n<!-- \/ Yoast SEO plugin. -->","yoast_head_json":{"title":"\u25b7 Wie integriere ich eine Datei in Excel? (Leitfaden 2023)","description":"In diesem Tutorial erfahren Sie, wie Sie eine Datei in eine Excel-Tabelle einbetten. Au\u00dferdem einige wichtige Punkte, die Sie wissen m\u00fcssen.","robots":{"index":"index","follow":"follow","max-snippet":"max-snippet:-1","max-image-preview":"max-image-preview:large","max-video-preview":"max-video-preview:-1"},"canonical":"https:\/\/exceladvisor.org\/de\/datei-einbetten\/","og_locale":"de_DE","og_type":"article","og_title":"\u25b7 Wie integriere ich eine Datei in Excel? (Leitfaden 2023)","og_description":"In diesem Tutorial erfahren Sie, wie Sie eine Datei in eine Excel-Tabelle einbetten. Au\u00dferdem einige wichtige Punkte, die Sie wissen m\u00fcssen.","og_url":"https:\/\/exceladvisor.org\/de\/datei-einbetten\/","og_site_name":"Excel Advisor","article_modified_time":"2023-12-03T11:14:18+00:00","og_image":[{"url":"https:\/\/exceladvisor.org\/wp-content\/uploads\/2023\/08\/1-options-dicone-de-texte.png","type":"","width":"","height":""}],"twitter_card":"summary_large_image","twitter_misc":{"Gesch\u00e4tzte Lesezeit":"3\u00a0Minuten"},"schema":{"@context":"https:\/\/schema.org","@graph":[{"@type":"WebPage","@id":"https:\/\/exceladvisor.org\/de\/datei-einbetten\/","url":"https:\/\/exceladvisor.org\/de\/datei-einbetten\/","name":"\u25b7 Wie integriere ich eine Datei in Excel? (Leitfaden 2023)","isPartOf":{"@id":"https:\/\/exceladvisor.org\/de\/#website"},"primaryImageOfPage":{"@id":"https:\/\/exceladvisor.org\/de\/datei-einbetten\/#primaryimage"},"image":{"@id":"https:\/\/exceladvisor.org\/de\/datei-einbetten\/#primaryimage"},"thumbnailUrl":"https:\/\/exceladvisor.org\/wp-content\/uploads\/2023\/08\/1-options-dicone-de-texte.png","datePublished":"2023-11-09T23:32:00+00:00","dateModified":"2023-12-03T11:14:18+00:00","description":"In diesem Tutorial erfahren Sie, wie Sie eine Datei in eine Excel-Tabelle einbetten. Au\u00dferdem einige wichtige Punkte, die Sie wissen m\u00fcssen.","breadcrumb":{"@id":"https:\/\/exceladvisor.org\/de\/datei-einbetten\/#breadcrumb"},"inLanguage":"de","potentialAction":[{"@type":"ReadAction","target":["https:\/\/exceladvisor.org\/de\/datei-einbetten\/"]}]},{"@type":"ImageObject","inLanguage":"de","@id":"https:\/\/exceladvisor.org\/de\/datei-einbetten\/#primaryimage","url":"https:\/\/exceladvisor.org\/wp-content\/uploads\/2023\/08\/1-options-dicone-de-texte.png","contentUrl":"https:\/\/exceladvisor.org\/wp-content\/uploads\/2023\/08\/1-options-dicone-de-texte.png"},{"@type":"BreadcrumbList","@id":"https:\/\/exceladvisor.org\/de\/datei-einbetten\/#breadcrumb","itemListElement":[{"@type":"ListItem","position":1,"name":"Accueil","item":"https:\/\/exceladvisor.org\/de\/"},{"@type":"ListItem","position":2,"name":"Wie bette ich eine datei in excel ein?"}]},{"@type":"WebSite","@id":"https:\/\/exceladvisor.org\/de\/#website","url":"https:\/\/exceladvisor.org\/de\/","name":"Excel Advisor","description":"Ihr Leitfaden zur Datendominanz","publisher":{"@id":"https:\/\/exceladvisor.org\/de\/#organization"},"potentialAction":[{"@type":"SearchAction","target":{"@type":"EntryPoint","urlTemplate":"https:\/\/exceladvisor.org\/de\/?s={search_term_string}"},"query-input":{"@type":"PropertyValueSpecification","valueRequired":true,"valueName":"search_term_string"}}],"inLanguage":"de"},{"@type":"Organization","@id":"https:\/\/exceladvisor.org\/de\/#organization","name":"Excel Advisor","url":"https:\/\/exceladvisor.org\/de\/","logo":{"@type":"ImageObject","inLanguage":"de","@id":"https:\/\/exceladvisor.org\/de\/#\/schema\/logo\/image\/","url":"https:\/\/exceladvisor.org\/de\/wp-content\/uploads\/2023\/11\/exceladvisor.org_.png","contentUrl":"https:\/\/exceladvisor.org\/de\/wp-content\/uploads\/2023\/11\/exceladvisor.org_.png","width":105,"height":36,"caption":"Excel Advisor"},"image":{"@id":"https:\/\/exceladvisor.org\/de\/#\/schema\/logo\/image\/"}}]}},"yoast_meta":{"yoast_wpseo_title":"","yoast_wpseo_metadesc":"","yoast_wpseo_canonical":""},"_links":{"self":[{"href":"https:\/\/exceladvisor.org\/de\/wp-json\/wp\/v2\/pages\/3208","targetHints":{"allow":["GET"]}}],"collection":[{"href":"https:\/\/exceladvisor.org\/de\/wp-json\/wp\/v2\/pages"}],"about":[{"href":"https:\/\/exceladvisor.org\/de\/wp-json\/wp\/v2\/types\/page"}],"author":[{"embeddable":true,"href":"https:\/\/exceladvisor.org\/de\/wp-json\/wp\/v2\/users\/1"}],"replies":[{"embeddable":true,"href":"https:\/\/exceladvisor.org\/de\/wp-json\/wp\/v2\/comments?post=3208"}],"version-history":[{"count":1,"href":"https:\/\/exceladvisor.org\/de\/wp-json\/wp\/v2\/pages\/3208\/revisions"}],"predecessor-version":[{"id":3899,"href":"https:\/\/exceladvisor.org\/de\/wp-json\/wp\/v2\/pages\/3208\/revisions\/3899"}],"wp:attachment":[{"href":"https:\/\/exceladvisor.org\/de\/wp-json\/wp\/v2\/media?parent=3208"}],"curies":[{"name":"wp","href":"https:\/\/api.w.org\/{rel}","templated":true}]}}