{"id":3209,"date":"2023-11-09T23:20:25","date_gmt":"2023-11-09T23:20:25","guid":{"rendered":"https:\/\/exceladvisor.org\/de\/kommas-entfernen-2\/"},"modified":"2023-12-03T11:19:10","modified_gmt":"2023-12-03T11:19:10","slug":"kommas-entfernen-2","status":"publish","type":"page","link":"https:\/\/exceladvisor.org\/de\/kommas-entfernen-2\/","title":{"rendered":"Wie entferne ich kommas in excel?"},"content":{"rendered":"<div class=\"excel-vor-dem-inhalt\" id=\"excel-1316606448\"><script type=\"text\/javascript\">\r\n\tatOptions = {\r\n\t\t'key' : 'c1158f160081d6540a8409e6925dab94',\r\n\t\t'format' : 'iframe',\r\n\t\t'height' : 250,\r\n\t\t'width' : 300,\r\n\t\t'params' : {}\r\n\t};\r\n<\/script>\r\n<script type=\"text\/javascript\" src=\"\/\/www.highperformanceformat.com\/c1158f160081d6540a8409e6925dab94\/invoke.js\"><\/script><\/div> <p>In Excel ist die Verwendung von SUBSTITUTE\/NUMBERVALUE eine einfache und effektive M\u00f6glichkeit, ein oder mehrere Kommas aus einem Wert zu entfernen. Mit diesen Funktionen k\u00f6nnen Sie Formeln schreiben, um Kommas loszuwerden. <\/p><div class=\"wp-block-image\"><figure class=\"aligncenter size-full is-resized\"><img loading=\"lazy\" decoding=\"async\" class=\"wp-image-85914\" src=\"https:\/\/exceladvisor.org\/wp-content\/uploads\/2023\/08\/1-supprimer-les-virgules.png\" sizes=\"auto, \" srcset=\"\" alt=\"Kommas entfernen\" width=\"580\" height=\"123\"><\/figure><\/div><h2 class=\"wp-block-heading\"> Formeln zum Entfernen von Kommas aus einem Wert<\/h2><p> Sie k\u00f6nnen die folgenden Schritte verwenden, um diese Formel zu schreiben:<\/p><ol type=\"1\"><li> Geben Sie SUBSTITUTE in eine Zelle ein.<\/li><li> Verweisen Sie auf die Zelle mit dem Wert, aus dem Sie Kommas entfernen m\u00f6chten.<\/li><li> Geben Sie einen Befehl mit doppelten Anf\u00fchrungszeichen an.<\/li><li> Geben Sie auch hier Leerzeichen in doppelten Anf\u00fchrungszeichen an.<\/li><li> Dr\u00fccken Sie am Ende die Eingabetaste, um das Ergebnis zu erhalten. <\/li><\/ol><div class=\"wp-block-image\"><figure class=\"aligncenter size-full is-resized\"><img loading=\"lazy\" decoding=\"async\" class=\"wp-image-85915\" src=\"https:\/\/exceladvisor.org\/wp-content\/uploads\/2023\/08\/2-substitut-pour-supprimer-les-virgules.png\" sizes=\"auto, \" srcset=\"\" alt=\"Ersetzen-zu-Entfernen-Kommas\" width=\"518\" height=\"266\"><\/figure><\/div><p> Wie Sie im obigen Beispiel sehen k\u00f6nnen, hatten Sie nach jeder Zahl in Zelle A1 ein Komma. Aber mit dem Ersatz hat das Ergebnis, das Sie erhalten haben, nur Ziffern ohne Kommas.<\/p><pre class=\"wp-block-code\"> <code class=\"language-excel-formula\" lang=\"excel-formula\">=SUBSTITUTE(A1,\",\",\"\")<\/code><\/pre><p> Diese Methode eignet sich perfekt f\u00fcr den Umgang mit Zahlen und Zeichenfolgen. Und wenn Sie nur eine Zahl haben, k\u00f6nnen Sie in diesem Fall die Funktion NUMERICVALUE verwenden.<\/p><ol type=\"1\"><li> Geben Sie die Funktion ein.<\/li><li> Beziehen Sie sich auf die Zelle mit dem Wert.<\/li><li> Dr\u00fccken Sie die Eingabetaste, um das Ergebnis zu erhalten. <\/li><\/ol><div class=\"wp-block-image\"><figure class=\"aligncenter size-full is-resized\"><img loading=\"lazy\" decoding=\"async\" class=\"wp-image-85916\" src=\"https:\/\/exceladvisor.org\/wp-content\/uploads\/2023\/08\/3-valeurs-numeriques-pour-supprimer-les-virgules.png\" sizes=\"auto, \" srcset=\"\" alt=\"ZahlWert-zu-entfernende Kommas\" width=\"536\" height=\"277\"><\/figure><\/div><pre class=\"wp-block-code\"> <code class=\"language-excel-formula\" lang=\"excel-formula\">=NUMBERVALUE(A1)<\/code><\/pre><p> Diese Funktion wandelt den Wert in eine Zahl um und entfernt Kommas und andere unerw\u00fcnschte Zeichen.<\/p><h2 class=\"wp-block-heading\"> Kommas ohne Formel entfernen<\/h2><p> Und wenn Sie keine Formel verwenden m\u00f6chten, k\u00f6nnen Sie die Option \u201eSuchen und Ersetzen\u201c verwenden. <\/p><div class=\"wp-block-image\"><figure class=\"aligncenter size-full is-resized\"><img loading=\"lazy\" decoding=\"async\" class=\"wp-image-85917\" src=\"https:\/\/exceladvisor.org\/wp-content\/uploads\/2023\/08\/4-rechercher-et-remplacer-pour-supprimer-les-virgules.png\" sizes=\"auto, \" srcset=\"\" alt=\"Suchen und Ersetzen zum Entfernen von Kommas\" width=\"628\" height=\"265\"><\/figure><\/div><ol type=\"1\"><li> Markieren Sie den Zellbereich, in dem Sie die Werte haben, mit Kommas und \u00f6ffnen Sie Suchen und Ersetzen mit Strg + H.<\/li><li> Geben Sie unter \u201eSuchen nach\u201c einen Befehl ein.<\/li><li> Lassen Sie das Feld \u201eErsetzen durch\u201c jedoch leer.<\/li><li> Klicken Sie abschlie\u00dfend auf \u201eAlle ersetzen\u201c. <\/li><\/ol><div class=\"wp-block-image\"><figure class=\"aligncenter size-full is-resized\"><img loading=\"lazy\" decoding=\"async\" class=\"wp-image-85918\" src=\"https:\/\/exceladvisor.org\/wp-content\/uploads\/2023\/08\/5-remplacer-les-virgules-par-un-blanc.png\" sizes=\"auto, \" srcset=\"\" alt=\"Ersetzen Sie Kommas durch ein Leerzeichen\" width=\"652\" height=\"249\"><\/figure><\/div><p> Sobald Sie auf \u201eAlle ersetzen\u201c klicken, werden alle Kommas in den ausgew\u00e4hlten Zellen durch einen leeren Wert (also nichts) ersetzt und Sie entfernen alle Kommas. Diese Methode ist n\u00fctzlich, wenn Sie sie nicht nur einmal durchf\u00fchren m\u00fcssen. <\/p><div class=\"gb-container gb-container-52dfcee1 gb-container-sample-file\"><h2 class=\"gb-headline gb-headline-e289c143 gb-headline-text gb-headline-4f7959c2\"> Holen Sie sich die Excel-Datei<\/h2><p> <a class=\"gb-button gb-button-e88d6bee gb-button-text gb-button-button1\" href=\"https:\/\/exceladvisor.org\/wp-content\/uploads\/2023\/08\/supprimer-les-virgules.xlsx\" rel=\"nofollow\">Herunterladen<\/a><\/p><\/div><div class=\"gb-container gb-container-4db6181c gb-container-mt\"> <a class=\"gb-button gb-button-c5897111 gb-button-text gb-button-mt-button\" href=\"https:\/\/exceladvisor.org\/de\/vba\/\">Was ist VBA<\/a><h2 class=\"gb-headline gb-headline-665e5f6b gb-headline-text gb-headline-mt-heading\"> Verwandte Tutorials <\/h2><div class=\"gb-grid-wrapper gb-grid-wrapper-a20baf7c gb-grid-wrapper-mt-grid\"><div class=\"gb-grid-column gb-grid-column-65ddf67e\"><div class=\"gb-container gb-container-65ddf67e\"><ul><li> Entfernen Sie das erste Zeichen aus einer Zelle in Excel<\/li><li> <a href=\"https:\/\/exceladvisor.org\/de\/entfernen-sie-zusatzliche-leerzeichen\/\">Entfernen Sie zus\u00e4tzliche Leerzeichen in Excel<\/a><\/li><li> <a href=\"https:\/\/exceladvisor.org\/de\/das-erste-letzte-wort-bekommen\/\">Separate Namen in Excel \u2013 (Vor- und Nachname)<\/a><\/li><li> <a href=\"https:\/\/exceladvisor.org\/de\/extrahiere-das-letzte-wort-2\/\">Extrahieren Sie das letzte Wort aus einer Zelle<\/a><\/li><li> <a href=\"https:\/\/exceladvisor.org\/de\/zeilenumbruch-2-entfernen\/\">Zeilenumbruch aus einer Zelle entfernen<\/a><\/li><\/ul><\/div><\/div><\/div><\/div>","protected":false},"excerpt":{"rendered":"","protected":false},"author":1,"featured_media":0,"parent":0,"menu_order":0,"comment_status":"open","ping_status":"closed","template":"","meta":{"ub_ctt_via":"","footnotes":""},"class_list":["post-3209","page","type-page","status-publish","hentry"],"featured_image_src":null,"yoast_head":"<!-- This site is optimized with the Yoast SEO plugin v25.4 - https:\/\/yoast.com\/wordpress\/plugins\/seo\/ -->\n<title>\u25b7 Wie entferne ich schnell Kommas in Excel?<\/title>\n<meta name=\"description\" content=\"In diesem Tutorial erfahren Sie, wie Sie ein oder mehrere Kommas aus einem Wert in Excel-Formeln entfernen. Schauen wir uns das also einmal an.\" \/>\n<meta name=\"robots\" content=\"index, follow, max-snippet:-1, max-image-preview:large, max-video-preview:-1\" \/>\n<link rel=\"canonical\" href=\"https:\/\/exceladvisor.org\/de\/kommas-entfernen-2\/\" \/>\n<meta property=\"og:locale\" content=\"de_DE\" \/>\n<meta property=\"og:type\" content=\"article\" \/>\n<meta property=\"og:title\" content=\"\u25b7 Wie entferne ich schnell Kommas in Excel?\" \/>\n<meta property=\"og:description\" content=\"In diesem Tutorial erfahren Sie, wie Sie ein oder mehrere Kommas aus einem Wert in Excel-Formeln entfernen. Schauen wir uns das also einmal an.\" \/>\n<meta property=\"og:url\" content=\"https:\/\/exceladvisor.org\/de\/kommas-entfernen-2\/\" \/>\n<meta property=\"og:site_name\" content=\"Excel Advisor\" \/>\n<meta property=\"article:modified_time\" content=\"2023-12-03T11:19:10+00:00\" \/>\n<meta property=\"og:image\" content=\"https:\/\/exceladvisor.org\/wp-content\/uploads\/2023\/08\/1-supprimer-les-virgules.png\" \/>\n<meta name=\"twitter:card\" content=\"summary_large_image\" \/>\n<meta name=\"twitter:label1\" content=\"Gesch\u00e4tzte Lesezeit\" \/>\n\t<meta name=\"twitter:data1\" content=\"2\u00a0Minuten\" \/>\n<script type=\"application\/ld+json\" class=\"yoast-schema-graph\">{\"@context\":\"https:\/\/schema.org\",\"@graph\":[{\"@type\":\"WebPage\",\"@id\":\"https:\/\/exceladvisor.org\/de\/kommas-entfernen-2\/\",\"url\":\"https:\/\/exceladvisor.org\/de\/kommas-entfernen-2\/\",\"name\":\"\u25b7 Wie entferne ich schnell Kommas in Excel?\",\"isPartOf\":{\"@id\":\"https:\/\/exceladvisor.org\/de\/#website\"},\"primaryImageOfPage\":{\"@id\":\"https:\/\/exceladvisor.org\/de\/kommas-entfernen-2\/#primaryimage\"},\"image\":{\"@id\":\"https:\/\/exceladvisor.org\/de\/kommas-entfernen-2\/#primaryimage\"},\"thumbnailUrl\":\"https:\/\/exceladvisor.org\/wp-content\/uploads\/2023\/08\/1-supprimer-les-virgules.png\",\"datePublished\":\"2023-11-09T23:20:25+00:00\",\"dateModified\":\"2023-12-03T11:19:10+00:00\",\"description\":\"In diesem Tutorial erfahren Sie, wie Sie ein oder mehrere Kommas aus einem Wert in Excel-Formeln entfernen. Schauen wir uns das also einmal an.\",\"breadcrumb\":{\"@id\":\"https:\/\/exceladvisor.org\/de\/kommas-entfernen-2\/#breadcrumb\"},\"inLanguage\":\"de\",\"potentialAction\":[{\"@type\":\"ReadAction\",\"target\":[\"https:\/\/exceladvisor.org\/de\/kommas-entfernen-2\/\"]}]},{\"@type\":\"ImageObject\",\"inLanguage\":\"de\",\"@id\":\"https:\/\/exceladvisor.org\/de\/kommas-entfernen-2\/#primaryimage\",\"url\":\"https:\/\/exceladvisor.org\/wp-content\/uploads\/2023\/08\/1-supprimer-les-virgules.png\",\"contentUrl\":\"https:\/\/exceladvisor.org\/wp-content\/uploads\/2023\/08\/1-supprimer-les-virgules.png\"},{\"@type\":\"BreadcrumbList\",\"@id\":\"https:\/\/exceladvisor.org\/de\/kommas-entfernen-2\/#breadcrumb\",\"itemListElement\":[{\"@type\":\"ListItem\",\"position\":1,\"name\":\"Accueil\",\"item\":\"https:\/\/exceladvisor.org\/de\/\"},{\"@type\":\"ListItem\",\"position\":2,\"name\":\"Wie entferne ich kommas in excel?\"}]},{\"@type\":\"WebSite\",\"@id\":\"https:\/\/exceladvisor.org\/de\/#website\",\"url\":\"https:\/\/exceladvisor.org\/de\/\",\"name\":\"Excel Advisor\",\"description\":\"Ihr Leitfaden zur Datendominanz\",\"publisher\":{\"@id\":\"https:\/\/exceladvisor.org\/de\/#organization\"},\"potentialAction\":[{\"@type\":\"SearchAction\",\"target\":{\"@type\":\"EntryPoint\",\"urlTemplate\":\"https:\/\/exceladvisor.org\/de\/?s={search_term_string}\"},\"query-input\":{\"@type\":\"PropertyValueSpecification\",\"valueRequired\":true,\"valueName\":\"search_term_string\"}}],\"inLanguage\":\"de\"},{\"@type\":\"Organization\",\"@id\":\"https:\/\/exceladvisor.org\/de\/#organization\",\"name\":\"Excel Advisor\",\"url\":\"https:\/\/exceladvisor.org\/de\/\",\"logo\":{\"@type\":\"ImageObject\",\"inLanguage\":\"de\",\"@id\":\"https:\/\/exceladvisor.org\/de\/#\/schema\/logo\/image\/\",\"url\":\"https:\/\/exceladvisor.org\/de\/wp-content\/uploads\/2023\/11\/exceladvisor.org_.png\",\"contentUrl\":\"https:\/\/exceladvisor.org\/de\/wp-content\/uploads\/2023\/11\/exceladvisor.org_.png\",\"width\":105,\"height\":36,\"caption\":\"Excel Advisor\"},\"image\":{\"@id\":\"https:\/\/exceladvisor.org\/de\/#\/schema\/logo\/image\/\"}}]}<\/script>\n<!-- \/ Yoast SEO plugin. -->","yoast_head_json":{"title":"\u25b7 Wie entferne ich schnell Kommas in Excel?","description":"In diesem Tutorial erfahren Sie, wie Sie ein oder mehrere Kommas aus einem Wert in Excel-Formeln entfernen. Schauen wir uns das also einmal an.","robots":{"index":"index","follow":"follow","max-snippet":"max-snippet:-1","max-image-preview":"max-image-preview:large","max-video-preview":"max-video-preview:-1"},"canonical":"https:\/\/exceladvisor.org\/de\/kommas-entfernen-2\/","og_locale":"de_DE","og_type":"article","og_title":"\u25b7 Wie entferne ich schnell Kommas in Excel?","og_description":"In diesem Tutorial erfahren Sie, wie Sie ein oder mehrere Kommas aus einem Wert in Excel-Formeln entfernen. Schauen wir uns das also einmal an.","og_url":"https:\/\/exceladvisor.org\/de\/kommas-entfernen-2\/","og_site_name":"Excel Advisor","article_modified_time":"2023-12-03T11:19:10+00:00","og_image":[{"url":"https:\/\/exceladvisor.org\/wp-content\/uploads\/2023\/08\/1-supprimer-les-virgules.png","type":"","width":"","height":""}],"twitter_card":"summary_large_image","twitter_misc":{"Gesch\u00e4tzte Lesezeit":"2\u00a0Minuten"},"schema":{"@context":"https:\/\/schema.org","@graph":[{"@type":"WebPage","@id":"https:\/\/exceladvisor.org\/de\/kommas-entfernen-2\/","url":"https:\/\/exceladvisor.org\/de\/kommas-entfernen-2\/","name":"\u25b7 Wie entferne ich schnell Kommas in Excel?","isPartOf":{"@id":"https:\/\/exceladvisor.org\/de\/#website"},"primaryImageOfPage":{"@id":"https:\/\/exceladvisor.org\/de\/kommas-entfernen-2\/#primaryimage"},"image":{"@id":"https:\/\/exceladvisor.org\/de\/kommas-entfernen-2\/#primaryimage"},"thumbnailUrl":"https:\/\/exceladvisor.org\/wp-content\/uploads\/2023\/08\/1-supprimer-les-virgules.png","datePublished":"2023-11-09T23:20:25+00:00","dateModified":"2023-12-03T11:19:10+00:00","description":"In diesem Tutorial erfahren Sie, wie Sie ein oder mehrere Kommas aus einem Wert in Excel-Formeln entfernen. Schauen wir uns das also einmal an.","breadcrumb":{"@id":"https:\/\/exceladvisor.org\/de\/kommas-entfernen-2\/#breadcrumb"},"inLanguage":"de","potentialAction":[{"@type":"ReadAction","target":["https:\/\/exceladvisor.org\/de\/kommas-entfernen-2\/"]}]},{"@type":"ImageObject","inLanguage":"de","@id":"https:\/\/exceladvisor.org\/de\/kommas-entfernen-2\/#primaryimage","url":"https:\/\/exceladvisor.org\/wp-content\/uploads\/2023\/08\/1-supprimer-les-virgules.png","contentUrl":"https:\/\/exceladvisor.org\/wp-content\/uploads\/2023\/08\/1-supprimer-les-virgules.png"},{"@type":"BreadcrumbList","@id":"https:\/\/exceladvisor.org\/de\/kommas-entfernen-2\/#breadcrumb","itemListElement":[{"@type":"ListItem","position":1,"name":"Accueil","item":"https:\/\/exceladvisor.org\/de\/"},{"@type":"ListItem","position":2,"name":"Wie entferne ich kommas in excel?"}]},{"@type":"WebSite","@id":"https:\/\/exceladvisor.org\/de\/#website","url":"https:\/\/exceladvisor.org\/de\/","name":"Excel Advisor","description":"Ihr Leitfaden zur Datendominanz","publisher":{"@id":"https:\/\/exceladvisor.org\/de\/#organization"},"potentialAction":[{"@type":"SearchAction","target":{"@type":"EntryPoint","urlTemplate":"https:\/\/exceladvisor.org\/de\/?s={search_term_string}"},"query-input":{"@type":"PropertyValueSpecification","valueRequired":true,"valueName":"search_term_string"}}],"inLanguage":"de"},{"@type":"Organization","@id":"https:\/\/exceladvisor.org\/de\/#organization","name":"Excel Advisor","url":"https:\/\/exceladvisor.org\/de\/","logo":{"@type":"ImageObject","inLanguage":"de","@id":"https:\/\/exceladvisor.org\/de\/#\/schema\/logo\/image\/","url":"https:\/\/exceladvisor.org\/de\/wp-content\/uploads\/2023\/11\/exceladvisor.org_.png","contentUrl":"https:\/\/exceladvisor.org\/de\/wp-content\/uploads\/2023\/11\/exceladvisor.org_.png","width":105,"height":36,"caption":"Excel Advisor"},"image":{"@id":"https:\/\/exceladvisor.org\/de\/#\/schema\/logo\/image\/"}}]}},"yoast_meta":{"yoast_wpseo_title":"","yoast_wpseo_metadesc":"","yoast_wpseo_canonical":""},"_links":{"self":[{"href":"https:\/\/exceladvisor.org\/de\/wp-json\/wp\/v2\/pages\/3209","targetHints":{"allow":["GET"]}}],"collection":[{"href":"https:\/\/exceladvisor.org\/de\/wp-json\/wp\/v2\/pages"}],"about":[{"href":"https:\/\/exceladvisor.org\/de\/wp-json\/wp\/v2\/types\/page"}],"author":[{"embeddable":true,"href":"https:\/\/exceladvisor.org\/de\/wp-json\/wp\/v2\/users\/1"}],"replies":[{"embeddable":true,"href":"https:\/\/exceladvisor.org\/de\/wp-json\/wp\/v2\/comments?post=3209"}],"version-history":[{"count":1,"href":"https:\/\/exceladvisor.org\/de\/wp-json\/wp\/v2\/pages\/3209\/revisions"}],"predecessor-version":[{"id":3915,"href":"https:\/\/exceladvisor.org\/de\/wp-json\/wp\/v2\/pages\/3209\/revisions\/3915"}],"wp:attachment":[{"href":"https:\/\/exceladvisor.org\/de\/wp-json\/wp\/v2\/media?parent=3209"}],"curies":[{"name":"wp","href":"https:\/\/api.w.org\/{rel}","templated":true}]}}