{"id":3214,"date":"2023-11-09T19:39:01","date_gmt":"2023-11-09T19:39:01","guid":{"rendered":"https:\/\/exceladvisor.org\/de\/gefilterte-zeilen-zahlen\/"},"modified":"2023-12-03T13:05:51","modified_gmt":"2023-12-03T13:05:51","slug":"gefilterte-zeilen-zahlen","status":"publish","type":"page","link":"https:\/\/exceladvisor.org\/de\/gefilterte-zeilen-zahlen\/","title":{"rendered":"Wie z\u00e4hle ich gefilterte zeilen in excel?"},"content":{"rendered":"<div class=\"excel-vor-dem-inhalt\" id=\"excel-2771123264\"><script type=\"text\/javascript\">\r\n\tatOptions = {\r\n\t\t'key' : 'c1158f160081d6540a8409e6925dab94',\r\n\t\t'format' : 'iframe',\r\n\t\t'height' : 250,\r\n\t\t'width' : 300,\r\n\t\t'params' : {}\r\n\t};\r\n<\/script>\r\n<script type=\"text\/javascript\" src=\"\/\/www.highperformanceformat.com\/c1158f160081d6540a8409e6925dab94\/invoke.js\"><\/script><\/div> <p>Um gefilterte Zeilen in Excel zu z\u00e4hlen, k\u00f6nnen Sie die Funktion ZWISCHENSUMME verwenden, mit der Sie ihre Z\u00e4hlfunktion im ersten Argument und den Bereich ausw\u00e4hlen k\u00f6nnen, aus dem Sie gefilterte Zeilen z\u00e4hlen m\u00f6chten. Wenn Sie nach Verwendung dieser Formel einen Filter auf diesen Bereich anwenden und die Zellen filtern, werden nur sichtbare Zeilen gez\u00e4hlt.<\/p><pre class=\"wp-block-code\"> <code class=\"language-excel-formula\" lang=\"excel-formula\">=SUBTOTAL(3,A2:A101) =SUBTOTAL(103,A2:A101)<\/code><\/pre><p> Im obigen Beispiel haben wir 100 Zellen mit Werten in Spalte A. Jetzt m\u00fcssen Sie die Zeilen z\u00e4hlen, nachdem Sie die Filterzellen angewendet haben. <\/p><div class=\"wp-block-image\"><figure class=\"aligncenter size-full is-resized\"><img loading=\"lazy\" decoding=\"async\" class=\"wp-image-77694\" src=\"https:\/\/exceladvisor.org\/wp-content\/uploads\/2023\/08\/1-nombre-de-lignes-filtrees.png\" sizes=\"auto, \" srcset=\"\" alt=\"Anzahl der gefilterten Zeilen\" width=\"384\" height=\"319\"><\/figure><\/div><h2 id=\"h-steps-to-count-filtered-rows\" class=\"wp-block-heading\"> Schritte zum Z\u00e4hlen gefilterter Zeilen<\/h2><ol type=\"1\"><li> Geben Sie zun\u00e4chst in Zelle B2 die Funktion ZWISCHENSUMME ein.<\/li><li> W\u00e4hlen Sie nun im ersten Argument function_num COUNTA aus oder geben Sie 3 ein.<\/li><li> Beziehen Sie sich anschlie\u00dfend im zweiten Argument auf den Bereich A1:A101.<\/li><li> Geben Sie dann die schlie\u00dfenden Klammern ein, um die Funktion zu schlie\u00dfen und einzugeben.<\/li><li> Filtern Sie am Ende Spalte A, um zu sehen, dass Ihre Formel Ihnen die Anzahl der im Ergebnis gefilterten Zeilen anzeigt. <\/li><\/ol><div class=\"wp-block-image\"><figure class=\"aligncenter size-full is-resized\"><img loading=\"lazy\" decoding=\"async\" class=\"wp-image-77695\" src=\"https:\/\/exceladvisor.org\/wp-content\/uploads\/2023\/08\/2-utiliser-la-fonction-de-sous-total.png\" sizes=\"auto, \" srcset=\"\" alt=\"Verwenden Sie die Zwischensummenfunktion\" width=\"568\" height=\"235\"><\/figure><\/div><pre class=\"wp-block-code\"> <code class=\"language-excel-formula\" lang=\"excel-formula\">=SUBTOTAL(3,A2:A101)<\/code><\/pre><p> Die Verwendung dieser ZWISCHENSUMME-Funktion hilft Ihnen auch auf andere Weise. Nehmen wir an, Sie haben einige verdeckte Linien. In diesem Fall erhalten Sie auch eine Z\u00e4hlung ohne diese verdeckten Linien. <\/p><div class=\"wp-block-image\"><figure class=\"aligncenter size-full is-resized\"><img loading=\"lazy\" decoding=\"async\" class=\"wp-image-77697\" src=\"https:\/\/exceladvisor.org\/wp-content\/uploads\/2023\/08\/3-comptes-sans-lignes-cachees.png\" sizes=\"auto, \" srcset=\"\" alt=\"ohne verdeckte Linien z\u00e4hlen\" width=\"510\" height=\"360\"><\/figure><\/div><p> Im obigen Beispiel haben wir vier ausgeblendete Zeilen und als Ergebnis wurde 96 zur\u00fcckgegeben.<\/p><pre class=\"wp-block-code\"> <code class=\"language-excel-formula\" lang=\"excel-formula\">=SUBTOTAL(103,A2:A101)<\/code><\/pre><p> Denken Sie daran, dass es nach der Anwendung des Filters zwei verschiedene M\u00f6glichkeiten gibt, Zeilen zu z\u00e4hlen.<\/p><ul><li> Z\u00e4hlen mit verdeckten Linien<\/li><li> Z\u00e4hlen Sie ohne verdeckte Linien <\/li><\/ul><div class=\"wp-block-image\"><figure class=\"aligncenter size-full is-resized\"><img loading=\"lazy\" decoding=\"async\" class=\"wp-image-77698\" src=\"https:\/\/exceladvisor.org\/wp-content\/uploads\/2023\/08\/4-sous-total-avec-lignes-masquees-et-non-masquees.png\" sizes=\"auto, \" srcset=\"\" alt=\"Zwischensumme mit ausgeblendeten und nicht maskierten Zeilen\" width=\"328\" height=\"344\"><\/figure><\/div><div class=\"gb-container gb-container-52dfcee1 gb-container-sample-file\"><h2 class=\"gb-headline gb-headline-e289c143 gb-headline-text gb-headline-4f7959c2\"> Holen Sie sich die Excel-Datei<\/h2> <a class=\"gb-button gb-button-e88d6bee gb-button-text gb-button-button1\" href=\"https:\/\/exceladvisor.org\/wp-content\/uploads\/2023\/11\/compter-les-lignes-filtrees-2.xlsx\" rel=\"nofollow\">Herunterladen<\/a><\/div><div class=\"gb-container gb-container-0df56012 gb-container-mt\"> <a class=\"gb-button gb-button-f9f432f4 gb-button-text gb-button-mt-button\" href=\"https:\/\/exceladvisor.org\/de\/formeln\/\">Liste der Excel-Formeln<\/a><h2 class=\"gb-headline gb-headline-233444e8 gb-headline-text gb-headline-mt-heading\"> Verwandte Formeln <\/h2><div class=\"gb-grid-wrapper gb-grid-wrapper-a16fa65c gb-grid-wrapper-mt-grid\"><div class=\"gb-grid-column gb-grid-column-50d07e0d\"><div class=\"gb-container gb-container-50d07e0d\"><ul><li> <a href=\"https:\/\/exceladvisor.org\/de\/zellen-mit-text-zahlen\/\">Z\u00e4hlen Sie Zellen mit Text in Excel<\/a><\/li><li> <a href=\"https:\/\/exceladvisor.org\/de\/zahlen-sie-bestimmte-zeichen\/\">Z\u00e4hlen Sie bestimmte Zeichen in Excel<\/a><\/li><li> <a href=\"https:\/\/exceladvisor.org\/de\/zahlen-sie-die-gesamtzahl-der-zellen\/\">Z\u00e4hlen Sie die Gesamtzahl der Zellen in einem Bereich in Excel<\/a><\/li><li> <a href=\"https:\/\/exceladvisor.org\/de\/eindeutige-werte-zahlen-1\/\">Z\u00e4hlen Sie eindeutige Werte in Excel<\/a><\/li><li> <a href=\"https:\/\/exceladvisor.org\/de\/zahle-gegen-zahlung\/\">GRAF vs. GRAF<\/a> <\/li><\/ul><\/div><\/div><div class=\"gb-grid-column gb-grid-column-5b4a0cf9\"><div class=\"gb-container gb-container-5b4a0cf9\"><\/div><\/div><\/div><\/div>","protected":false},"excerpt":{"rendered":"","protected":false},"author":1,"featured_media":0,"parent":0,"menu_order":0,"comment_status":"open","ping_status":"closed","template":"","meta":{"ub_ctt_via":"","footnotes":""},"class_list":["post-3214","page","type-page","status-publish","hentry"],"featured_image_src":null,"yoast_head":"<!-- This site is optimized with the Yoast SEO plugin v25.4 - https:\/\/yoast.com\/wordpress\/plugins\/seo\/ -->\n<title>Wie z\u00e4hle ich gefilterte Zeilen in Excel? (Leitfaden 2023)<\/title>\n<meta name=\"description\" content=\"In diesem Tutorial lernen wir, wie man eine Formel zum Z\u00e4hlen gefilterter Zeilen in Excel schreibt. Sie k\u00f6nnen die Funktion nutzen\" \/>\n<meta name=\"robots\" content=\"index, follow, max-snippet:-1, max-image-preview:large, max-video-preview:-1\" \/>\n<link rel=\"canonical\" href=\"https:\/\/exceladvisor.org\/de\/gefilterte-zeilen-zahlen\/\" \/>\n<meta property=\"og:locale\" content=\"de_DE\" \/>\n<meta property=\"og:type\" content=\"article\" \/>\n<meta property=\"og:title\" content=\"Wie z\u00e4hle ich gefilterte Zeilen in Excel? (Leitfaden 2023)\" \/>\n<meta property=\"og:description\" content=\"In diesem Tutorial lernen wir, wie man eine Formel zum Z\u00e4hlen gefilterter Zeilen in Excel schreibt. Sie k\u00f6nnen die Funktion nutzen\" \/>\n<meta property=\"og:url\" content=\"https:\/\/exceladvisor.org\/de\/gefilterte-zeilen-zahlen\/\" \/>\n<meta property=\"og:site_name\" content=\"Excel Advisor\" \/>\n<meta property=\"article:modified_time\" content=\"2023-12-03T13:05:51+00:00\" \/>\n<meta property=\"og:image\" content=\"https:\/\/exceladvisor.org\/wp-content\/uploads\/2023\/08\/1-nombre-de-lignes-filtrees.png\" \/>\n<meta name=\"twitter:card\" content=\"summary_large_image\" \/>\n<meta name=\"twitter:label1\" content=\"Gesch\u00e4tzte Lesezeit\" \/>\n\t<meta name=\"twitter:data1\" content=\"2\u00a0Minuten\" \/>\n<script type=\"application\/ld+json\" class=\"yoast-schema-graph\">{\"@context\":\"https:\/\/schema.org\",\"@graph\":[{\"@type\":\"WebPage\",\"@id\":\"https:\/\/exceladvisor.org\/de\/gefilterte-zeilen-zahlen\/\",\"url\":\"https:\/\/exceladvisor.org\/de\/gefilterte-zeilen-zahlen\/\",\"name\":\"Wie z\u00e4hle ich gefilterte Zeilen in Excel? (Leitfaden 2023)\",\"isPartOf\":{\"@id\":\"https:\/\/exceladvisor.org\/de\/#website\"},\"primaryImageOfPage\":{\"@id\":\"https:\/\/exceladvisor.org\/de\/gefilterte-zeilen-zahlen\/#primaryimage\"},\"image\":{\"@id\":\"https:\/\/exceladvisor.org\/de\/gefilterte-zeilen-zahlen\/#primaryimage\"},\"thumbnailUrl\":\"https:\/\/exceladvisor.org\/wp-content\/uploads\/2023\/08\/1-nombre-de-lignes-filtrees.png\",\"datePublished\":\"2023-11-09T19:39:01+00:00\",\"dateModified\":\"2023-12-03T13:05:51+00:00\",\"description\":\"In diesem Tutorial lernen wir, wie man eine Formel zum Z\u00e4hlen gefilterter Zeilen in Excel schreibt. Sie k\u00f6nnen die Funktion nutzen\",\"breadcrumb\":{\"@id\":\"https:\/\/exceladvisor.org\/de\/gefilterte-zeilen-zahlen\/#breadcrumb\"},\"inLanguage\":\"de\",\"potentialAction\":[{\"@type\":\"ReadAction\",\"target\":[\"https:\/\/exceladvisor.org\/de\/gefilterte-zeilen-zahlen\/\"]}]},{\"@type\":\"ImageObject\",\"inLanguage\":\"de\",\"@id\":\"https:\/\/exceladvisor.org\/de\/gefilterte-zeilen-zahlen\/#primaryimage\",\"url\":\"https:\/\/exceladvisor.org\/wp-content\/uploads\/2023\/08\/1-nombre-de-lignes-filtrees.png\",\"contentUrl\":\"https:\/\/exceladvisor.org\/wp-content\/uploads\/2023\/08\/1-nombre-de-lignes-filtrees.png\"},{\"@type\":\"BreadcrumbList\",\"@id\":\"https:\/\/exceladvisor.org\/de\/gefilterte-zeilen-zahlen\/#breadcrumb\",\"itemListElement\":[{\"@type\":\"ListItem\",\"position\":1,\"name\":\"Accueil\",\"item\":\"https:\/\/exceladvisor.org\/de\/\"},{\"@type\":\"ListItem\",\"position\":2,\"name\":\"Wie z\u00e4hle ich gefilterte zeilen in excel?\"}]},{\"@type\":\"WebSite\",\"@id\":\"https:\/\/exceladvisor.org\/de\/#website\",\"url\":\"https:\/\/exceladvisor.org\/de\/\",\"name\":\"Excel Advisor\",\"description\":\"Ihr Leitfaden zur Datendominanz\",\"publisher\":{\"@id\":\"https:\/\/exceladvisor.org\/de\/#organization\"},\"potentialAction\":[{\"@type\":\"SearchAction\",\"target\":{\"@type\":\"EntryPoint\",\"urlTemplate\":\"https:\/\/exceladvisor.org\/de\/?s={search_term_string}\"},\"query-input\":{\"@type\":\"PropertyValueSpecification\",\"valueRequired\":true,\"valueName\":\"search_term_string\"}}],\"inLanguage\":\"de\"},{\"@type\":\"Organization\",\"@id\":\"https:\/\/exceladvisor.org\/de\/#organization\",\"name\":\"Excel Advisor\",\"url\":\"https:\/\/exceladvisor.org\/de\/\",\"logo\":{\"@type\":\"ImageObject\",\"inLanguage\":\"de\",\"@id\":\"https:\/\/exceladvisor.org\/de\/#\/schema\/logo\/image\/\",\"url\":\"https:\/\/exceladvisor.org\/de\/wp-content\/uploads\/2023\/11\/exceladvisor.org_.png\",\"contentUrl\":\"https:\/\/exceladvisor.org\/de\/wp-content\/uploads\/2023\/11\/exceladvisor.org_.png\",\"width\":105,\"height\":36,\"caption\":\"Excel Advisor\"},\"image\":{\"@id\":\"https:\/\/exceladvisor.org\/de\/#\/schema\/logo\/image\/\"}}]}<\/script>\n<!-- \/ Yoast SEO plugin. -->","yoast_head_json":{"title":"Wie z\u00e4hle ich gefilterte Zeilen in Excel? (Leitfaden 2023)","description":"In diesem Tutorial lernen wir, wie man eine Formel zum Z\u00e4hlen gefilterter Zeilen in Excel schreibt. Sie k\u00f6nnen die Funktion nutzen","robots":{"index":"index","follow":"follow","max-snippet":"max-snippet:-1","max-image-preview":"max-image-preview:large","max-video-preview":"max-video-preview:-1"},"canonical":"https:\/\/exceladvisor.org\/de\/gefilterte-zeilen-zahlen\/","og_locale":"de_DE","og_type":"article","og_title":"Wie z\u00e4hle ich gefilterte Zeilen in Excel? (Leitfaden 2023)","og_description":"In diesem Tutorial lernen wir, wie man eine Formel zum Z\u00e4hlen gefilterter Zeilen in Excel schreibt. Sie k\u00f6nnen die Funktion nutzen","og_url":"https:\/\/exceladvisor.org\/de\/gefilterte-zeilen-zahlen\/","og_site_name":"Excel Advisor","article_modified_time":"2023-12-03T13:05:51+00:00","og_image":[{"url":"https:\/\/exceladvisor.org\/wp-content\/uploads\/2023\/08\/1-nombre-de-lignes-filtrees.png","type":"","width":"","height":""}],"twitter_card":"summary_large_image","twitter_misc":{"Gesch\u00e4tzte Lesezeit":"2\u00a0Minuten"},"schema":{"@context":"https:\/\/schema.org","@graph":[{"@type":"WebPage","@id":"https:\/\/exceladvisor.org\/de\/gefilterte-zeilen-zahlen\/","url":"https:\/\/exceladvisor.org\/de\/gefilterte-zeilen-zahlen\/","name":"Wie z\u00e4hle ich gefilterte Zeilen in Excel? (Leitfaden 2023)","isPartOf":{"@id":"https:\/\/exceladvisor.org\/de\/#website"},"primaryImageOfPage":{"@id":"https:\/\/exceladvisor.org\/de\/gefilterte-zeilen-zahlen\/#primaryimage"},"image":{"@id":"https:\/\/exceladvisor.org\/de\/gefilterte-zeilen-zahlen\/#primaryimage"},"thumbnailUrl":"https:\/\/exceladvisor.org\/wp-content\/uploads\/2023\/08\/1-nombre-de-lignes-filtrees.png","datePublished":"2023-11-09T19:39:01+00:00","dateModified":"2023-12-03T13:05:51+00:00","description":"In diesem Tutorial lernen wir, wie man eine Formel zum Z\u00e4hlen gefilterter Zeilen in Excel schreibt. Sie k\u00f6nnen die Funktion nutzen","breadcrumb":{"@id":"https:\/\/exceladvisor.org\/de\/gefilterte-zeilen-zahlen\/#breadcrumb"},"inLanguage":"de","potentialAction":[{"@type":"ReadAction","target":["https:\/\/exceladvisor.org\/de\/gefilterte-zeilen-zahlen\/"]}]},{"@type":"ImageObject","inLanguage":"de","@id":"https:\/\/exceladvisor.org\/de\/gefilterte-zeilen-zahlen\/#primaryimage","url":"https:\/\/exceladvisor.org\/wp-content\/uploads\/2023\/08\/1-nombre-de-lignes-filtrees.png","contentUrl":"https:\/\/exceladvisor.org\/wp-content\/uploads\/2023\/08\/1-nombre-de-lignes-filtrees.png"},{"@type":"BreadcrumbList","@id":"https:\/\/exceladvisor.org\/de\/gefilterte-zeilen-zahlen\/#breadcrumb","itemListElement":[{"@type":"ListItem","position":1,"name":"Accueil","item":"https:\/\/exceladvisor.org\/de\/"},{"@type":"ListItem","position":2,"name":"Wie z\u00e4hle ich gefilterte zeilen in excel?"}]},{"@type":"WebSite","@id":"https:\/\/exceladvisor.org\/de\/#website","url":"https:\/\/exceladvisor.org\/de\/","name":"Excel Advisor","description":"Ihr Leitfaden zur Datendominanz","publisher":{"@id":"https:\/\/exceladvisor.org\/de\/#organization"},"potentialAction":[{"@type":"SearchAction","target":{"@type":"EntryPoint","urlTemplate":"https:\/\/exceladvisor.org\/de\/?s={search_term_string}"},"query-input":{"@type":"PropertyValueSpecification","valueRequired":true,"valueName":"search_term_string"}}],"inLanguage":"de"},{"@type":"Organization","@id":"https:\/\/exceladvisor.org\/de\/#organization","name":"Excel Advisor","url":"https:\/\/exceladvisor.org\/de\/","logo":{"@type":"ImageObject","inLanguage":"de","@id":"https:\/\/exceladvisor.org\/de\/#\/schema\/logo\/image\/","url":"https:\/\/exceladvisor.org\/de\/wp-content\/uploads\/2023\/11\/exceladvisor.org_.png","contentUrl":"https:\/\/exceladvisor.org\/de\/wp-content\/uploads\/2023\/11\/exceladvisor.org_.png","width":105,"height":36,"caption":"Excel Advisor"},"image":{"@id":"https:\/\/exceladvisor.org\/de\/#\/schema\/logo\/image\/"}}]}},"yoast_meta":{"yoast_wpseo_title":"","yoast_wpseo_metadesc":"","yoast_wpseo_canonical":""},"_links":{"self":[{"href":"https:\/\/exceladvisor.org\/de\/wp-json\/wp\/v2\/pages\/3214","targetHints":{"allow":["GET"]}}],"collection":[{"href":"https:\/\/exceladvisor.org\/de\/wp-json\/wp\/v2\/pages"}],"about":[{"href":"https:\/\/exceladvisor.org\/de\/wp-json\/wp\/v2\/types\/page"}],"author":[{"embeddable":true,"href":"https:\/\/exceladvisor.org\/de\/wp-json\/wp\/v2\/users\/1"}],"replies":[{"embeddable":true,"href":"https:\/\/exceladvisor.org\/de\/wp-json\/wp\/v2\/comments?post=3214"}],"version-history":[{"count":1,"href":"https:\/\/exceladvisor.org\/de\/wp-json\/wp\/v2\/pages\/3214\/revisions"}],"predecessor-version":[{"id":4418,"href":"https:\/\/exceladvisor.org\/de\/wp-json\/wp\/v2\/pages\/3214\/revisions\/4418"}],"wp:attachment":[{"href":"https:\/\/exceladvisor.org\/de\/wp-json\/wp\/v2\/media?parent=3214"}],"curies":[{"name":"wp","href":"https:\/\/api.w.org\/{rel}","templated":true}]}}