{"id":3215,"date":"2023-11-09T19:18:18","date_gmt":"2023-11-09T19:18:18","guid":{"rendered":"https:\/\/exceladvisor.org\/de\/sumif-jahr-2\/"},"modified":"2023-12-03T11:13:24","modified_gmt":"2023-12-03T11:13:24","slug":"sumif-jahr-2","status":"publish","type":"page","link":"https:\/\/exceladvisor.org\/de\/sumif-jahr-2\/","title":{"rendered":"Wie addiere ich die werte nach jahr?"},"content":{"rendered":"<div class=\"excel-vor-dem-inhalt\" id=\"excel-2087657603\"><script type=\"text\/javascript\">\r\n\tatOptions = {\r\n\t\t'key' : 'c1158f160081d6540a8409e6925dab94',\r\n\t\t'format' : 'iframe',\r\n\t\t'height' : 250,\r\n\t\t'width' : 300,\r\n\t\t'params' : {}\r\n\t};\r\n<\/script>\r\n<script type=\"text\/javascript\" src=\"\/\/www.highperformanceformat.com\/c1158f160081d6540a8409e6925dab94\/invoke.js\"><\/script><\/div> <p>Um Werte basierend auf einem bestimmten Jahr in Excel zu addieren, haben wir zwei Methoden angegeben, denen Sie folgen k\u00f6nnen. Die erste Methode verwendet eine Hilfsspalte, in der Sie eine Spalte mit der Jahreszahl und Summenwerten basierend auf dem Monat dieser Spalte hinzuf\u00fcgen m\u00fcssen.<\/p><p> Die zweite Methode verwendet einen anderen Ansatz. Um eine Tabelle zu erstellen, indem Sie die Monate aus der Datumsspalte extrahieren, summieren Sie dann die jahresbasierten Werte aus dieser Tabelle.<\/p><p> In diesem Tutorial lernen wir beide Methoden zum Addieren von Werten basierend auf einem Jahr kennen.<\/p><h2 class=\"wp-block-heading\"> SUMIF-Jahr mit einer Hilfsspalte<\/h2><ol><li> F\u00fcgen Sie zun\u00e4chst eine neue Spalte hinzu und geben Sie die Funktion YEAR ein, um die Jahreszahl aus den Datumsangaben zu ermitteln. <br><img loading=\"lazy\" decoding=\"async\" title=\"1 Jahr im Amt\" src=\"https:\/\/exceladvisor.org\/wp-content\/uploads\/2023\/08\/1-an-de-fonction.png\" sizes=\"auto, \" srcset=\"\" alt=\"year-function\" width=\"436\" height=\"327\"><\/li><li> Gehen Sie nun in die n\u00e4chste Spalte und geben Sie dort die SUMIFS-Funktion ein.<\/li><li> Beziehen Sie sich in der SUMIF-Funktion auf die Jahresspalte f\u00fcr das Bereichsargument. <br><img loading=\"lazy\" decoding=\"async\" title=\"2-Refer-Year-Spalte-in-Summe\" src=\"https:\/\/exceladvisor.org\/wp-content\/uploads\/2023\/08\/2-referez-vous-a-la-colonne-de-lannee-dans-sumif.png\" sizes=\"auto, \" srcset=\"\" alt=\"refer-year-column-in-sumif\" width=\"546\" height=\"256\"><\/li><li> Geben Sie dann im Kriterienargument das Jahr ein, das Sie zum Hinzuf\u00fcgen der Werte verwenden m\u00f6chten. <br><img loading=\"lazy\" decoding=\"async\" title=\"3-Geben Sie das Jahr im Argument ein\" src=\"https:\/\/exceladvisor.org\/wp-content\/uploads\/2023\/08\/3-entrer-lannee-en-argument.png\" sizes=\"auto, \" srcset=\"\" alt=\"enter-year-in-argument\" width=\"544\" height=\"260\"><\/li><li> Sehen Sie sich am Ende die Mengenspalte f\u00fcr \u201esum_range\u201c an, geben Sie die schlie\u00dfenden Klammern ein und dr\u00fccken Sie die Eingabetaste, um das Ergebnis zu erhalten. <br><img loading=\"lazy\" decoding=\"async\" title=\"4-Referenzmengen-Spalte\" src=\"https:\/\/exceladvisor.org\/wp-content\/uploads\/2023\/08\/4-colonne-de-quantite-de-reference.png\" sizes=\"auto, \" srcset=\"\" alt=\"refer-quantity-column\" width=\"549\" height=\"263\"><\/li><\/ol><p> Sobald Sie die Eingabetaste dr\u00fccken, wird die Summe der Werte f\u00fcr das Jahr 2021 angezeigt, wie Sie sie in den Kriterien erw\u00e4hnt haben. <\/p><div class=\"wp-block-image\"><figure class=\"aligncenter size-full is-resized\"><img loading=\"lazy\" decoding=\"async\" class=\"wp-image-77859\" src=\"https:\/\/exceladvisor.org\/wp-content\/uploads\/2023\/08\/5-valeurs-de-somme-pour-lannee-en-argument.png\" sizes=\"auto, \" srcset=\"\" alt=\"Summenwerte f\u00fcr das Jahr im Argument\" width=\"509\" height=\"432\"><\/figure><\/div><p class=\"formula\"> =SUMMEWENN(C1:C16,2021,B1:B16)<\/p><h2 class=\"wp-block-heading\"> Verwenden Sie SUMPRODUCT, um Werte basierend auf dem Jahr hinzuzuf\u00fcgen<\/h2><p> Das Erstellen einer Formel mit SUMPRODUCT ist viel leistungsf\u00e4higer. Mit dieser Formel m\u00fcssen Sie keine Hilfsspalte hinzuf\u00fcgen.<\/p><ol><li> Geben Sie zun\u00e4chst die Funktion SUMMENPRODUKT ein und geben Sie das doppelte Minuszeichen \u201e-\u201c ein.<\/li><li> Geben Sie anschlie\u00dfend die Jahresfunktion ein und beziehen Sie sich auf den gesamten Bereich, in dem Sie Datumsangaben haben.<\/li><li> Als n\u00e4chstes verwenden Sie ein Gleichheitszeichen und geben den Jahreswert ein, den Sie f\u00fcr die Summe verwenden m\u00f6chten.<\/li><li> Ab hier ist die Jahreszahl in Klammern angegeben.<\/li><li> Beziehen Sie sich nun im zweiten Argument von SUMPRODUCT auf den Bereich, in dem Sie die Werte haben, die Sie hinzuf\u00fcgen m\u00f6chten.<\/li><li> Dr\u00fccken Sie am Ende die Eingabetaste, um das Ergebnis zu erhalten. <\/li><\/ol><div class=\"wp-block-image\"><figure class=\"aligncenter size-full is-resized\"><img loading=\"lazy\" decoding=\"async\" class=\"wp-image-77860\" src=\"https:\/\/exceladvisor.org\/wp-content\/uploads\/2023\/08\/6-sommeproduit-a-somme-basee-sur-lannee.png\" sizes=\"auto, \" srcset=\"\" alt=\"summierte sich zu einer Summe basierend auf dem Jahr\" width=\"539\" height=\"430\"><\/figure><\/div><pre class=\"wp-block-code\"> <code class=\"language-excel-formula\" lang=\"excel-formula\">=SUMPRODUCT(--(YEAR(A2:A16)=2021),B2:B16)<\/code><\/pre><p> Um diese Formel zu verstehen, m\u00fcssen Sie sie in drei Teile teilen. <\/p><div class=\"wp-block-image\"><figure class=\"aligncenter size-full is-resized\"><img loading=\"lazy\" decoding=\"async\" class=\"wp-image-77861\" src=\"https:\/\/exceladvisor.org\/wp-content\/uploads\/2023\/08\/7-comprendre-la-formule-du-produit-somme.png\" sizes=\"auto, \" srcset=\"\" alt=\"Verstehen Sie die Formel f\u00fcr das Produkt der Summe\" width=\"558\" height=\"279\"><\/figure><\/div><p> Im ersten Teil haben Sie die Jahresfunktion mit einer Bedingung, um in der Datumsfunktion nach dem Jahr 2021 zu suchen. Diese Bedingung gibt ein Array von TRUE und FALSE zur\u00fcck, je nachdem, welches Jahr Sie f\u00fcr das Datum haben. Wenn ein Datum das Jahr 2021 hat, gibt es TRUE zur\u00fcck, andernfalls FALSE. <\/p><div class=\"wp-block-image\"><figure class=\"aligncenter size-full is-resized\"><img loading=\"lazy\" decoding=\"async\" class=\"wp-image-77862\" src=\"https:\/\/exceladvisor.org\/wp-content\/uploads\/2023\/08\/Condition-de-fonctionnement-de-8-ans-en-premiere-partie.png\" sizes=\"auto, \" srcset=\"\" alt=\"Jahr-Funktionszustand-im-ersten-Teil\" width=\"576\" height=\"355\"><\/figure><\/div><p> Im zweiten Teil haben Sie zwei Minuszeichen (\u2013), die die WAHR- und FALSCH-Werte in 1 bzw. 0 umwandeln. <\/p><div class=\"wp-block-image\"><figure class=\"aligncenter size-full is-resized\"><img loading=\"lazy\" decoding=\"async\" class=\"wp-image-77863\" src=\"https:\/\/exceladvisor.org\/wp-content\/uploads\/2023\/08\/9-deuxieme-partie-a-deux-signes-moins.png\" sizes=\"auto, \" srcset=\"\" alt=\"Der-zweite-Teil-hat-zwei-Minuszeichen\" width=\"602\" height=\"344\"><\/figure><\/div><p> Im dritten Teil haben Sie die beiden Tabellen, eine mit den Werten 0 (f\u00fcr das Jahr 2021) und 1 (f\u00fcr andere Jahre als 2021) und die zweite Tabelle mit den Summenwerten des Bereichs. SUMPRODUCT multipliziert die beiden Arrays miteinander und addiert diese Werte.<\/p><p> Hier ist eine Sache, die Sie verstehen m\u00fcssen: Wenn Sie Null mit einem beliebigen Wert multiplizieren, wird 0 zur\u00fcckgegeben. Ihnen bleiben also nur die Werte \u00fcbrig, bei denen Sie im ersten Array eine 1 haben. <\/p><div class=\"wp-block-image\"><figure class=\"aligncenter size-full is-resized\"><img loading=\"lazy\" decoding=\"async\" class=\"wp-image-77864\" src=\"https:\/\/exceladvisor.org\/wp-content\/uploads\/2023\/08\/10-troisieme-partie-a-deux-fleches.png\" sizes=\"auto, \" srcset=\"\" alt=\"dritter-teil-mit-zwei-pfeilen\" width=\"474\" height=\"182\"><\/figure><\/div><div class=\"gb-container gb-container-52dfcee1 gb-container-sample-file\"><h2 class=\"gb-headline gb-headline-e289c143 gb-headline-text gb-headline-4f7959c2\"> Holen Sie sich die Excel-Datei<\/h2><p> <a class=\"gb-button gb-button-e88d6bee gb-button-text gb-button-button1\" href=\"https:\/\/exceladvisor.org\/wp-content\/uploads\/2023\/08\/annee-sumif.xlsx\" rel=\"nofollow\">Herunterladen<\/a><\/p><\/div><div class=\"gb-container gb-container-0df56012 gb-container-mt\"> <a class=\"gb-button gb-button-f9f432f4 gb-button-text gb-button-mt-button\" href=\"https:\/\/exceladvisor.org\/de\/formeln\/\">Liste der Excel-Formeln<\/a><h2 class=\"gb-headline gb-headline-233444e8 gb-headline-text gb-headline-mt-heading\"> Verwandte Formeln <\/h2><div class=\"gb-grid-wrapper gb-grid-wrapper-a16fa65c gb-grid-wrapper-mt-grid\"><div class=\"gb-grid-column gb-grid-column-50d07e0d\"><div class=\"gb-container gb-container-50d07e0d\"><ul><li> <a href=\"https:\/\/exceladvisor.org\/de\/summe-wenn-grosser-als\/\">Summe gr\u00f6\u00dfer als Werte mit SUMIF<\/a><\/li><li> <a href=\"https:\/\/exceladvisor.org\/de\/summen-nicht-gleich\/\">Summe ungleicher Werte (SUMIFS) in Excel<\/a><\/li><li> <a href=\"https:\/\/exceladvisor.org\/de\/sumif-sumifs-oder-logik\/\">SUMIF\/SUMIFS mit ODER-Logik in Excel<\/a><\/li><li> <a href=\"https:\/\/exceladvisor.org\/de\/sumif-mit-platzhaltern\/\">SUMIF mit Platzhaltern in Excel<\/a><\/li><li> <a href=\"https:\/\/exceladvisor.org\/de\/summe-der-werte-zwischen-zwei-daten\/\">SUMIFS-Datumsbereich (Summe der Werte zwischen zwei Datumsfeldern)<\/a><\/li><li> <a href=\"https:\/\/exceladvisor.org\/de\/sumif-suche\/\">Kombinieren Sie VLOOKUP mit SUMIF<\/a><\/li><li> <a href=\"https:\/\/exceladvisor.org\/de\/summe-falls-enthalten\/\">Summe, WENN die Zelle einen bestimmten Text enth\u00e4lt (SUMIF-Teiltext)<\/a><\/li><li> <a href=\"https:\/\/exceladvisor.org\/de\/summe-nach-datum\/\">SUMIF nach Datum (Summe der Werte basierend auf einem Datum)<\/a> <\/li><\/ul><\/div><\/div><div class=\"gb-grid-column gb-grid-column-5b4a0cf9\"><div class=\"gb-container gb-container-5b4a0cf9\"><ul><li> <a href=\"https:\/\/exceladvisor.org\/de\/summe-wenn-nicht-leer-2\/\">Nicht leere SUMIF (Summenwerte f\u00fcr nicht leere Zellen)<\/a><\/li><li> <a href=\"https:\/\/exceladvisor.org\/de\/summe-falls-leer-2\/\">Verwenden Sie SUMIF, um leere Werte oder leere Zellen zu summieren<\/a><\/li><li> <a href=\"https:\/\/exceladvisor.org\/de\/summe-wenn-kleiner-als\/\">Summe von Werten kleiner als ein bestimmter Wert (SUMIF kleiner als)<\/a><\/li><li> <a href=\"https:\/\/exceladvisor.org\/de\/summe-wenn-grosser-als-null-2\/\">Summe der Werte gr\u00f6\u00dfer Null (SUMIF)<\/a><\/li><li> <a href=\"https:\/\/exceladvisor.org\/de\/betrag-pro-monat\/\">Summe der Werte basierend auf Monat (SUMIF)<\/a><\/li><li> <a href=\"https:\/\/exceladvisor.org\/de\/summe-pro-gruppe-2\/\">Summe der Werte pro Gruppe<\/a><\/li><\/ul><\/div><\/div><\/div><\/div>","protected":false},"excerpt":{"rendered":"","protected":false},"author":1,"featured_media":0,"parent":0,"menu_order":0,"comment_status":"open","ping_status":"closed","template":"","meta":{"ub_ctt_via":"","footnotes":""},"class_list":["post-3215","page","type-page","status-publish","hentry"],"featured_image_src":null,"yoast_head":"<!-- This site is optimized with the Yoast SEO plugin v25.4 - https:\/\/yoast.com\/wordpress\/plugins\/seo\/ -->\n<title>Wie addiere ich die Werte nach Jahr? (Leitfaden 2023)<\/title>\n<meta name=\"description\" content=\"In diesem Tutorial lernen wir, wie man eine Formel schreibt, um Werte basierend auf dem Jahr zu addieren. Daf\u00fcr haben wir\" \/>\n<meta name=\"robots\" content=\"index, follow, max-snippet:-1, max-image-preview:large, max-video-preview:-1\" \/>\n<link rel=\"canonical\" href=\"https:\/\/exceladvisor.org\/de\/sumif-jahr-2\/\" \/>\n<meta property=\"og:locale\" content=\"de_DE\" \/>\n<meta property=\"og:type\" content=\"article\" \/>\n<meta property=\"og:title\" content=\"Wie addiere ich die Werte nach Jahr? (Leitfaden 2023)\" \/>\n<meta property=\"og:description\" content=\"In diesem Tutorial lernen wir, wie man eine Formel schreibt, um Werte basierend auf dem Jahr zu addieren. Daf\u00fcr haben wir\" \/>\n<meta property=\"og:url\" content=\"https:\/\/exceladvisor.org\/de\/sumif-jahr-2\/\" \/>\n<meta property=\"og:site_name\" content=\"Excel Advisor\" \/>\n<meta property=\"article:modified_time\" content=\"2023-12-03T11:13:24+00:00\" \/>\n<meta property=\"og:image\" content=\"https:\/\/exceladvisor.org\/wp-content\/uploads\/2023\/08\/1-an-de-fonction.png\" \/>\n<meta name=\"twitter:card\" content=\"summary_large_image\" \/>\n<meta name=\"twitter:label1\" content=\"Gesch\u00e4tzte Lesezeit\" \/>\n\t<meta name=\"twitter:data1\" content=\"3\u00a0Minuten\" \/>\n<script type=\"application\/ld+json\" class=\"yoast-schema-graph\">{\"@context\":\"https:\/\/schema.org\",\"@graph\":[{\"@type\":\"WebPage\",\"@id\":\"https:\/\/exceladvisor.org\/de\/sumif-jahr-2\/\",\"url\":\"https:\/\/exceladvisor.org\/de\/sumif-jahr-2\/\",\"name\":\"Wie addiere ich die Werte nach Jahr? (Leitfaden 2023)\",\"isPartOf\":{\"@id\":\"https:\/\/exceladvisor.org\/de\/#website\"},\"primaryImageOfPage\":{\"@id\":\"https:\/\/exceladvisor.org\/de\/sumif-jahr-2\/#primaryimage\"},\"image\":{\"@id\":\"https:\/\/exceladvisor.org\/de\/sumif-jahr-2\/#primaryimage\"},\"thumbnailUrl\":\"https:\/\/exceladvisor.org\/wp-content\/uploads\/2023\/08\/1-an-de-fonction.png\",\"datePublished\":\"2023-11-09T19:18:18+00:00\",\"dateModified\":\"2023-12-03T11:13:24+00:00\",\"description\":\"In diesem Tutorial lernen wir, wie man eine Formel schreibt, um Werte basierend auf dem Jahr zu addieren. Daf\u00fcr haben wir\",\"breadcrumb\":{\"@id\":\"https:\/\/exceladvisor.org\/de\/sumif-jahr-2\/#breadcrumb\"},\"inLanguage\":\"de\",\"potentialAction\":[{\"@type\":\"ReadAction\",\"target\":[\"https:\/\/exceladvisor.org\/de\/sumif-jahr-2\/\"]}]},{\"@type\":\"ImageObject\",\"inLanguage\":\"de\",\"@id\":\"https:\/\/exceladvisor.org\/de\/sumif-jahr-2\/#primaryimage\",\"url\":\"https:\/\/exceladvisor.org\/wp-content\/uploads\/2023\/08\/1-an-de-fonction.png\",\"contentUrl\":\"https:\/\/exceladvisor.org\/wp-content\/uploads\/2023\/08\/1-an-de-fonction.png\"},{\"@type\":\"BreadcrumbList\",\"@id\":\"https:\/\/exceladvisor.org\/de\/sumif-jahr-2\/#breadcrumb\",\"itemListElement\":[{\"@type\":\"ListItem\",\"position\":1,\"name\":\"Accueil\",\"item\":\"https:\/\/exceladvisor.org\/de\/\"},{\"@type\":\"ListItem\",\"position\":2,\"name\":\"Wie addiere ich die werte nach jahr?\"}]},{\"@type\":\"WebSite\",\"@id\":\"https:\/\/exceladvisor.org\/de\/#website\",\"url\":\"https:\/\/exceladvisor.org\/de\/\",\"name\":\"Excel Advisor\",\"description\":\"Ihr Leitfaden zur Datendominanz\",\"publisher\":{\"@id\":\"https:\/\/exceladvisor.org\/de\/#organization\"},\"potentialAction\":[{\"@type\":\"SearchAction\",\"target\":{\"@type\":\"EntryPoint\",\"urlTemplate\":\"https:\/\/exceladvisor.org\/de\/?s={search_term_string}\"},\"query-input\":{\"@type\":\"PropertyValueSpecification\",\"valueRequired\":true,\"valueName\":\"search_term_string\"}}],\"inLanguage\":\"de\"},{\"@type\":\"Organization\",\"@id\":\"https:\/\/exceladvisor.org\/de\/#organization\",\"name\":\"Excel Advisor\",\"url\":\"https:\/\/exceladvisor.org\/de\/\",\"logo\":{\"@type\":\"ImageObject\",\"inLanguage\":\"de\",\"@id\":\"https:\/\/exceladvisor.org\/de\/#\/schema\/logo\/image\/\",\"url\":\"https:\/\/exceladvisor.org\/de\/wp-content\/uploads\/2023\/11\/exceladvisor.org_.png\",\"contentUrl\":\"https:\/\/exceladvisor.org\/de\/wp-content\/uploads\/2023\/11\/exceladvisor.org_.png\",\"width\":105,\"height\":36,\"caption\":\"Excel Advisor\"},\"image\":{\"@id\":\"https:\/\/exceladvisor.org\/de\/#\/schema\/logo\/image\/\"}}]}<\/script>\n<!-- \/ Yoast SEO plugin. -->","yoast_head_json":{"title":"Wie addiere ich die Werte nach Jahr? (Leitfaden 2023)","description":"In diesem Tutorial lernen wir, wie man eine Formel schreibt, um Werte basierend auf dem Jahr zu addieren. Daf\u00fcr haben wir","robots":{"index":"index","follow":"follow","max-snippet":"max-snippet:-1","max-image-preview":"max-image-preview:large","max-video-preview":"max-video-preview:-1"},"canonical":"https:\/\/exceladvisor.org\/de\/sumif-jahr-2\/","og_locale":"de_DE","og_type":"article","og_title":"Wie addiere ich die Werte nach Jahr? (Leitfaden 2023)","og_description":"In diesem Tutorial lernen wir, wie man eine Formel schreibt, um Werte basierend auf dem Jahr zu addieren. Daf\u00fcr haben wir","og_url":"https:\/\/exceladvisor.org\/de\/sumif-jahr-2\/","og_site_name":"Excel Advisor","article_modified_time":"2023-12-03T11:13:24+00:00","og_image":[{"url":"https:\/\/exceladvisor.org\/wp-content\/uploads\/2023\/08\/1-an-de-fonction.png","type":"","width":"","height":""}],"twitter_card":"summary_large_image","twitter_misc":{"Gesch\u00e4tzte Lesezeit":"3\u00a0Minuten"},"schema":{"@context":"https:\/\/schema.org","@graph":[{"@type":"WebPage","@id":"https:\/\/exceladvisor.org\/de\/sumif-jahr-2\/","url":"https:\/\/exceladvisor.org\/de\/sumif-jahr-2\/","name":"Wie addiere ich die Werte nach Jahr? (Leitfaden 2023)","isPartOf":{"@id":"https:\/\/exceladvisor.org\/de\/#website"},"primaryImageOfPage":{"@id":"https:\/\/exceladvisor.org\/de\/sumif-jahr-2\/#primaryimage"},"image":{"@id":"https:\/\/exceladvisor.org\/de\/sumif-jahr-2\/#primaryimage"},"thumbnailUrl":"https:\/\/exceladvisor.org\/wp-content\/uploads\/2023\/08\/1-an-de-fonction.png","datePublished":"2023-11-09T19:18:18+00:00","dateModified":"2023-12-03T11:13:24+00:00","description":"In diesem Tutorial lernen wir, wie man eine Formel schreibt, um Werte basierend auf dem Jahr zu addieren. Daf\u00fcr haben wir","breadcrumb":{"@id":"https:\/\/exceladvisor.org\/de\/sumif-jahr-2\/#breadcrumb"},"inLanguage":"de","potentialAction":[{"@type":"ReadAction","target":["https:\/\/exceladvisor.org\/de\/sumif-jahr-2\/"]}]},{"@type":"ImageObject","inLanguage":"de","@id":"https:\/\/exceladvisor.org\/de\/sumif-jahr-2\/#primaryimage","url":"https:\/\/exceladvisor.org\/wp-content\/uploads\/2023\/08\/1-an-de-fonction.png","contentUrl":"https:\/\/exceladvisor.org\/wp-content\/uploads\/2023\/08\/1-an-de-fonction.png"},{"@type":"BreadcrumbList","@id":"https:\/\/exceladvisor.org\/de\/sumif-jahr-2\/#breadcrumb","itemListElement":[{"@type":"ListItem","position":1,"name":"Accueil","item":"https:\/\/exceladvisor.org\/de\/"},{"@type":"ListItem","position":2,"name":"Wie addiere ich die werte nach jahr?"}]},{"@type":"WebSite","@id":"https:\/\/exceladvisor.org\/de\/#website","url":"https:\/\/exceladvisor.org\/de\/","name":"Excel Advisor","description":"Ihr Leitfaden zur Datendominanz","publisher":{"@id":"https:\/\/exceladvisor.org\/de\/#organization"},"potentialAction":[{"@type":"SearchAction","target":{"@type":"EntryPoint","urlTemplate":"https:\/\/exceladvisor.org\/de\/?s={search_term_string}"},"query-input":{"@type":"PropertyValueSpecification","valueRequired":true,"valueName":"search_term_string"}}],"inLanguage":"de"},{"@type":"Organization","@id":"https:\/\/exceladvisor.org\/de\/#organization","name":"Excel Advisor","url":"https:\/\/exceladvisor.org\/de\/","logo":{"@type":"ImageObject","inLanguage":"de","@id":"https:\/\/exceladvisor.org\/de\/#\/schema\/logo\/image\/","url":"https:\/\/exceladvisor.org\/de\/wp-content\/uploads\/2023\/11\/exceladvisor.org_.png","contentUrl":"https:\/\/exceladvisor.org\/de\/wp-content\/uploads\/2023\/11\/exceladvisor.org_.png","width":105,"height":36,"caption":"Excel Advisor"},"image":{"@id":"https:\/\/exceladvisor.org\/de\/#\/schema\/logo\/image\/"}}]}},"yoast_meta":{"yoast_wpseo_title":"","yoast_wpseo_metadesc":"","yoast_wpseo_canonical":""},"_links":{"self":[{"href":"https:\/\/exceladvisor.org\/de\/wp-json\/wp\/v2\/pages\/3215","targetHints":{"allow":["GET"]}}],"collection":[{"href":"https:\/\/exceladvisor.org\/de\/wp-json\/wp\/v2\/pages"}],"about":[{"href":"https:\/\/exceladvisor.org\/de\/wp-json\/wp\/v2\/types\/page"}],"author":[{"embeddable":true,"href":"https:\/\/exceladvisor.org\/de\/wp-json\/wp\/v2\/users\/1"}],"replies":[{"embeddable":true,"href":"https:\/\/exceladvisor.org\/de\/wp-json\/wp\/v2\/comments?post=3215"}],"version-history":[{"count":1,"href":"https:\/\/exceladvisor.org\/de\/wp-json\/wp\/v2\/pages\/3215\/revisions"}],"predecessor-version":[{"id":3831,"href":"https:\/\/exceladvisor.org\/de\/wp-json\/wp\/v2\/pages\/3215\/revisions\/3831"}],"wp:attachment":[{"href":"https:\/\/exceladvisor.org\/de\/wp-json\/wp\/v2\/media?parent=3215"}],"curies":[{"name":"wp","href":"https:\/\/api.w.org\/{rel}","templated":true}]}}