{"id":3216,"date":"2023-11-09T19:08:31","date_gmt":"2023-11-09T19:08:31","guid":{"rendered":"https:\/\/exceladvisor.org\/de\/vsearch-ubereinstimmung\/"},"modified":"2023-12-03T13:04:48","modified_gmt":"2023-12-03T13:04:48","slug":"vsearch-ubereinstimmung","status":"publish","type":"page","link":"https:\/\/exceladvisor.org\/de\/vsearch-ubereinstimmung\/","title":{"rendered":"Wie verwende ich die vlookup match-kombination?"},"content":{"rendered":"<div class=\"excel-vor-dem-inhalt\" id=\"excel-3635691065\"><script type=\"text\/javascript\">\r\n\tatOptions = {\r\n\t\t'key' : 'c1158f160081d6540a8409e6925dab94',\r\n\t\t'format' : 'iframe',\r\n\t\t'height' : 250,\r\n\t\t'width' : 300,\r\n\t\t'params' : {}\r\n\t};\r\n<\/script>\r\n<script type=\"text\/javascript\" src=\"\/\/www.highperformanceformat.com\/c1158f160081d6540a8409e6925dab94\/invoke.js\"><\/script><\/div> <p>Die Kombination aus VLOOKUP und MATCH ist wie eine Supermacht. Wie wir alle wissen, ist SVERWEIS eine <a href=\"https:\/\/exceladvisor.org\/de\/excel-funktionen\/\">der beliebtesten Funktionen<\/a> .<\/p><p> RECHTS?<\/p><p> Dies kann Ihnen helfen, schnell einen Wert in einer Spalte zu finden. Wenn Sie es jedoch h\u00e4ufiger verwenden, werden Sie einige Probleme erkennen. Und das <span style=\"color: #000000;\">gr\u00f6\u00dfte Problem ist<\/span> , dass es nicht dynamisch ist.<\/p><p> In VLOOKUP ist col_index_no ein statischer Wert, weshalb VLOOKUP <strong><span style=\"color: #ff0000;\">nicht als dynamische Funktion funktioniert<\/span><\/strong> . Und hier m\u00fcssen Sie VLOOKUP mit MATCH kombinieren.<\/p><p> Wenn Sie mit <a href=\"https:\/\/exceladvisor.org\/de\/bidirektionale-suche\/\">mehrspaltigen<\/a> Daten arbeiten, ist es m\u00fchsam, deren Referenz zu \u00e4ndern. Sie m\u00fcssen dies manuell tun (die Spaltennummer \u00e4ndern).<\/p><p> Der beste Weg, dieses Problem zu beheben, besteht darin, die MATCH-Funktion in VLOOKUP f\u00fcr col_index_number zu verwenden. Heute erz\u00e4hle ich Ihnen in diesem Artikel alles, was Sie wissen m\u00fcssen, um diese Kombinationsformel zu verwenden.<\/p><h2 id=\"h-problems-with-vlookup\" class=\"wp-block-heading\"> Probleme mit SVERWEIS<\/h2><p> Ich habe die beiden Hauptgr\u00fcnde gefunden, eine Kombination dieser beiden Funktionen zu schaffen.<\/p><h3 id=\"h-1-static-reference\" class=\"wp-block-heading\"> 1. Statische Referenz<\/h3><p> Schauen Sie sich einfach die Datentabelle unten an, in der Sie die 12-Monats-Ums\u00e4tze f\u00fcr vier verschiedene Mitarbeiter sehen. <\/p><div class=\"wp-block-image\"><figure class=\"aligncenter\"><img decoding=\"async\" src=\"https:\/\/exceladvisor.org\/wp-content\/uploads\/2023\/08\/table-de-donnees-pour-utiliser-vlookup-et-faire-correspondre-min-1.png\" sizes=\"\" srcset=\"\" alt=\"Datentabelle zur Verwendung von Vlookup und Match\"><\/figure><\/div><p> Angenommen, Sie m\u00f6chten nach \u201eJohns\u201c Angebot f\u00fcr den Monat Februar suchen. Die Formel sollte so aussehen.<\/p><pre class=\"wp-block-code\"> <code class=\"language-excel-formula\" lang=\"excel-formula\">=VLOOKUP(\"May\",A1:E13,2,0)<\/code><\/pre><p> Und in dieser Formel haben Sie 2 als col_index_num erw\u00e4hnt, weil Johns Verkauf in der zweiten Spalte steht. <strong><span style=\"color: #000000;\">Aber was werden Sie tun, wenn Ihr Chef Ihnen sagt, Sie<\/span><\/strong> sollen den Verkaufswert f\u00fcr \u201ePeter\u201c ermitteln?<\/p><p> Sie m\u00fcssen den Wert in col_index_num \u00e4ndern, da er nicht dynamisch ist.<\/p><h3 id=\"h-2-add-or-delete-columns\" class=\"wp-block-heading\"> 2. Spalten hinzuf\u00fcgen oder entfernen<\/h3><p> Denken Sie jetzt anders. Sie m\u00fcssen direkt vor Johns Spalte eine neue Spalte f\u00fcr einen neuen Mitarbeiter hinzuf\u00fcgen.<\/p><p> Und hier ist Johns Spaltennummer 3 und Ihr Formelergebnis ist falsch. <\/p><div class=\"wp-block-image\"><figure class=\"aligncenter\"><img decoding=\"async\" src=\"https:\/\/exceladvisor.org\/wp-content\/uploads\/2023\/08\/vlookup-et-match-static-col-index-num-min-1.png\" sizes=\"\" srcset=\"\" alt=\"Vlookup und \u00dcbereinstimmung mit der statischen Spaltenindexnummer\"><\/figure><\/div><p> Da col_index_num ein statischer Wert ist, m\u00fcssen Sie ihn auch hier manuell von 2 auf 3 \u00e4ndern und noch einmal, wenn Sie etwas anderes ben\u00f6tigen.<\/p><p> An diesem Punkt wissen Sie eindeutig, dass Sie col_index_num dynamisch machen m\u00fcssen. Und daf\u00fcr ersetzen Sie es am besten durch die MATCH-Funktion.<\/p><h2 id=\"h-why-match-function\" class=\"wp-block-heading\"> Warum Match-Funktion?<\/h2><p> Bevor Sie VLOOKUP und MATCH kombinieren, m\u00fcssen Sie die Match-Funktion und ihre Funktionsweise verstehen. Die grundlegende Verwendung von MATCH besteht darin, die Zellennummer des Suchwerts in einem Bereich zu finden.<\/p><p> Syntax: MATCH(lookup_value,lookup_array,[match_type])<\/p><p> Es verf\u00fcgt haupts\u00e4chlich \u00fcber drei Argumente: den Suchwert, einen Bereich zum Durchsuchen des Werts und den \u00dcbereinstimmungstyp, um eine genaue \u00dcbereinstimmung oder eine Fuzzy-\u00dcbereinstimmung anzugeben.<\/p><p> In den folgenden Daten suche ich beispielsweise mit der Match-Funktion aus einer Kopfzeile nach dem Namen \u201eJohn\u201c. <\/p><div class=\"wp-block-image\"><figure class=\"aligncenter\"><img decoding=\"async\" src=\"https:\/\/exceladvisor.org\/wp-content\/uploads\/2023\/08\/comment-la-fonction-de-correspondance-fonctionne-dans-vlookup-et-la-fonction-de-correspondance-min-1.png\" sizes=\"\" srcset=\"\" alt=\"\"><\/figure><\/div><p> Und im Ergebnis wurde 2 zur\u00fcckgegeben, da sich der Name in der zweiten Zelle der Zeile befindet.<\/p><h2 id=\"h-vlookup-and-match-together\" class=\"wp-block-heading\"> VLOOKUP und MATCH zusammen<\/h2><p> Jetzt ist es an der Zeit, VLOOKUP und MATCH zusammenzuf\u00fchren. Fahren wir also mit unserem vorherigen Beispiel fort.<\/p><p> Lassen Sie uns zun\u00e4chst eine Formel erstellen, die beide Funktionen verwendet. Anschlie\u00dfend werden wir verstehen, wie diese beiden zusammenarbeiten.<\/p><p> Schritte zum Erstellen dieser Kombinationsformel:<\/p><ul><li> Geben Sie zun\u00e4chst in einer Zelle den Monatsnamen und in einer anderen Zelle den Namen des Mitarbeiters ein.<\/li><li> Geben Sie anschlie\u00dfend die folgende Formel in die dritte Zelle ein. <\/li><\/ul><pre class=\"wp-block-code\"> <code class=\"language-excel-formula\" lang=\"excel-formula\">=VLOOKUP(C15,A1:E13,MATCH(C16,A1:E1,0),0)<\/code><\/pre><div class=\"wp-block-image\"><figure class=\"aligncenter\"><img decoding=\"async\" src=\"https:\/\/exceladvisor.org\/wp-content\/uploads\/2023\/08\/entrez-la-formule-vlookup-et-faites-correspondre-min-1.png\" sizes=\"\" srcset=\"\" alt=\"\"><\/figure><\/div><p> In der Formel oben haben Sie VLOOKUP verwendet, um den Monat MAI zu finden, und f\u00fcr das Argument col_index_num haben Sie die Match-Funktion anstelle eines statischen Werts verwendet.<\/p><p> Und in der Match-Funktion haben Sie \u201eJohn\u201c (Name des Mitarbeiters) als Suchwert verwendet. <\/p><div class=\"wp-block-image\"><figure class=\"aligncenter\"><img decoding=\"async\" src=\"https:\/\/exceladvisor.org\/wp-content\/uploads\/2023\/08\/reference-au-nom-de-lemploye-dans-vlookup-et-correspondance-min-1.png\" sizes=\"\" srcset=\"\" alt=\"Verweis auf den Namen des Mitarbeiters in der Suche und Korrespondenz\"><\/figure><\/div><p> Hier hat die Match-Funktion die Zellennummer f\u00fcr \u201eJohn\u201c in der Zeile dar\u00fcber zur\u00fcckgegeben. Danach verwendete VLOOKUP diese Zellennummer, um den Wert zur\u00fcckzugeben. <\/p><div class=\"wp-block-image\"><figure class=\"aligncenter\"><img decoding=\"async\" src=\"https:\/\/exceladvisor.org\/wp-content\/uploads\/2023\/08\/numero-dindex-de-colonne-dynamique-avec-fonction-de-correspondance-1.gif\" sizes=\"\" srcset=\"\" alt=\"dynamische Spaltenindexnummer mit Match-Funktion\"><\/figure><\/div><p> Einfach ausgedr\u00fcckt teilt die MATCH-Funktion VLOOKUP die Spaltennummer mit, um den Wert zu erhalten.<\/p><h2 id=\"h-problems-solved\" class=\"wp-block-heading\"> Probleme gel\u00f6st?<\/h2><p> Oben haben Sie von zwei verschiedenen Problemen erfahren, die durch <strong>die statische col_index_num<\/strong> verursacht werden.<\/p><p> Und daf\u00fcr haben Sie VLOOKUP und MATCH kombiniert. Jetzt m\u00fcssen wir pr\u00fcfen, ob diese Probleme behoben sind oder nicht.<\/p><h3 id=\"h-1-static-reference-0\" class=\"wp-block-heading\"> 1. Statische Referenz<\/h3><p> Sie haben in der Match-Funktion auf den Namen des Mitarbeiters verwiesen, um die Spaltennummer f\u00fcr SVERWEIS zu erhalten.<\/p><p> Wenn Sie den Mitarbeiternamen in der Zelle \u00e4ndern, \u00e4ndert die Match-Funktion die Spaltennummer. Und wenn Sie den Wert eines anderen Mitarbeiters ermitteln m\u00f6chten, m\u00fcssen Sie den Namen des Mitarbeiters in der Zelle \u00e4ndern.<\/p><p> Auf diese Weise haben Sie eine dynamische col_index_number. <\/p><div class=\"wp-block-image\"><figure class=\"aligncenter\"><img decoding=\"async\" src=\"https:\/\/exceladvisor.org\/wp-content\/uploads\/2023\/08\/reference-dynamique-pour-le-numero-de-colonne-en-combinant-vlookup-et-match-1.gif\" sizes=\"\" srcset=\"\" alt=\"\"><\/figure><\/div><p> Endlich m\u00fcssen Sie die Formel nicht immer wieder \u00e4ndern.<\/p><h3 id=\"h-2-add-or-delete-columns-0\" class=\"wp-block-heading\"> 2. Spalten hinzuf\u00fcgen oder entfernen<\/h3><p> Vor dem Hinzuf\u00fcgen einer neuen Spalte befanden sich Johns Daten in der 2. Spalte und die Match-Funktion gab 2 zur\u00fcck. Und nach dem Einf\u00fcgen einer neuen Spalte befanden sich Johns Daten in der 3. Spalte und die Match-Funktion gab 3 zur\u00fcck.<\/p><p> Wenn Sie eine neue Spalte f\u00fcr einen neuen Mitarbeiter hinzuf\u00fcgen, wird der Formelwert nicht ge\u00e4ndert, da die Match-Funktion seinen Wert aktualisiert. <\/p><div class=\"wp-block-image\"><figure class=\"aligncenter\"><img decoding=\"async\" src=\"https:\/\/exceladvisor.org\/wp-content\/uploads\/2023\/08\/pas-de-changement-de-valeur-avec-vlookup-et-correspondance-lors-de-la-saisie-dune-nouvelle-colonne-1.gif\" sizes=\"\" srcset=\"\" alt=\"\"><\/figure><\/div><p> So erhalten Sie auch beim Einf\u00fcgen\/L\u00f6schen einer Spalte immer die richtige Spaltennummer. Die MATCH-Funktion gibt die richtige Spaltennummer zur\u00fcck. <\/p><div class=\"gb-container gb-container-bafb25cc gb-container-download-2\"><div class=\"gb-grid-wrapper gb-grid-wrapper-91201309\"><div class=\"gb-grid-column gb-grid-column-15a917ef\"><div class=\"gb-container gb-container-15a917ef\"><h2 class=\"gb-headline gb-headline-f2deb261 gb-headline-text gb-headline-download-2\"> Holen Sie sich die Excel-Datei <\/h2><\/div><\/div><div class=\"gb-grid-column gb-grid-column-18357188\"><div class=\"gb-container gb-container-18357188\"><div class=\"gb-container gb-container-76cbe15e\"> <a class=\"gb-button gb-button-cb63d00a gb-button-text gb-button-download-2\" href=\"https:\/\/exceladvisor.org\/wp-content\/uploads\/2023\/08\/vlookup-et-correspondance.xlsx\" rel=\"nofollow\">Herunterladen<\/a><\/div><\/div><\/div><\/div><\/div><div class=\"gb-container gb-container-0df56012 gb-container-mt\"> <a class=\"gb-button gb-button-f9f432f4 gb-button-text gb-button-mt-button\" href=\"https:\/\/exceladvisor.org\/de\/formeln\/\">Liste der Excel-Formeln<\/a><h2 class=\"gb-headline gb-headline-233444e8 gb-headline-text gb-headline-mt-heading\"> Verwandte Formeln <\/h2><div class=\"gb-grid-wrapper gb-grid-wrapper-a16fa65c gb-grid-wrapper-mt-grid\"><div class=\"gb-grid-column gb-grid-column-50d07e0d\"><div class=\"gb-container gb-container-50d07e0d\"><ul><li> <a href=\"https:\/\/exceladvisor.org\/de\/iferror-vlookup\/\">IFERROR mit VLOOKUP in Excel, um #N\/A in Excel zu ersetzen<\/a><\/li><li> <a href=\"https:\/\/exceladvisor.org\/de\/bidirektionale-suche\/\">F\u00fchren Sie eine bidirektionale Suche in Excel durch<\/a><\/li><li> <a href=\"https:\/\/exceladvisor.org\/de\/ruckwartssuche\/\">Reverse SVERWEIS (r\u00fcckw\u00e4rts: von rechts nach links) in Excel<\/a><\/li><li> <a href=\"https:\/\/exceladvisor.org\/de\/suchen-sie-nach-mehreren-kriterien\/\">SVERWEIS mit mehreren Kriterien in Excel<\/a><\/li><li> <a href=\"https:\/\/exceladvisor.org\/de\/platzhalter-mit-vlookup\/\">Platzhalter mit VLOOKUP in Excel<\/a><\/li><\/ul><\/div><\/div><\/div><\/div>","protected":false},"excerpt":{"rendered":"","protected":false},"author":1,"featured_media":0,"parent":0,"menu_order":0,"comment_status":"open","ping_status":"closed","template":"","meta":{"ub_ctt_via":"","footnotes":""},"class_list":["post-3216","page","type-page","status-publish","hentry"],"featured_image_src":null,"yoast_head":"<!-- This site is optimized with the Yoast SEO plugin v25.4 - https:\/\/yoast.com\/wordpress\/plugins\/seo\/ -->\n<title>Wie verwende ich die VLOOKUP MATCH-Kombination in Excel?<\/title>\n<meta name=\"description\" content=\"In VLOOKUP ist col_index_no ein statischer Wert, weshalb VLOOKUP nicht als dynamische Funktion funktioniert.\" \/>\n<meta name=\"robots\" content=\"index, follow, max-snippet:-1, max-image-preview:large, max-video-preview:-1\" \/>\n<link rel=\"canonical\" href=\"https:\/\/exceladvisor.org\/de\/vsearch-ubereinstimmung\/\" \/>\n<meta property=\"og:locale\" content=\"de_DE\" \/>\n<meta property=\"og:type\" content=\"article\" \/>\n<meta property=\"og:title\" content=\"Wie verwende ich die VLOOKUP MATCH-Kombination in Excel?\" \/>\n<meta property=\"og:description\" content=\"In VLOOKUP ist col_index_no ein statischer Wert, weshalb VLOOKUP nicht als dynamische Funktion funktioniert.\" \/>\n<meta property=\"og:url\" content=\"https:\/\/exceladvisor.org\/de\/vsearch-ubereinstimmung\/\" \/>\n<meta property=\"og:site_name\" content=\"Excel Advisor\" \/>\n<meta property=\"article:modified_time\" content=\"2023-12-03T13:04:48+00:00\" \/>\n<meta property=\"og:image\" content=\"https:\/\/exceladvisor.org\/wp-content\/uploads\/2023\/08\/table-de-donnees-pour-utiliser-vlookup-et-faire-correspondre-min-1.png\" \/>\n<meta name=\"twitter:card\" content=\"summary_large_image\" \/>\n<meta name=\"twitter:label1\" content=\"Gesch\u00e4tzte Lesezeit\" \/>\n\t<meta name=\"twitter:data1\" content=\"4\u00a0Minuten\" \/>\n<script type=\"application\/ld+json\" class=\"yoast-schema-graph\">{\"@context\":\"https:\/\/schema.org\",\"@graph\":[{\"@type\":\"WebPage\",\"@id\":\"https:\/\/exceladvisor.org\/de\/vsearch-ubereinstimmung\/\",\"url\":\"https:\/\/exceladvisor.org\/de\/vsearch-ubereinstimmung\/\",\"name\":\"Wie verwende ich die VLOOKUP MATCH-Kombination in Excel?\",\"isPartOf\":{\"@id\":\"https:\/\/exceladvisor.org\/de\/#website\"},\"primaryImageOfPage\":{\"@id\":\"https:\/\/exceladvisor.org\/de\/vsearch-ubereinstimmung\/#primaryimage\"},\"image\":{\"@id\":\"https:\/\/exceladvisor.org\/de\/vsearch-ubereinstimmung\/#primaryimage\"},\"thumbnailUrl\":\"https:\/\/exceladvisor.org\/wp-content\/uploads\/2023\/08\/table-de-donnees-pour-utiliser-vlookup-et-faire-correspondre-min-1.png\",\"datePublished\":\"2023-11-09T19:08:31+00:00\",\"dateModified\":\"2023-12-03T13:04:48+00:00\",\"description\":\"In VLOOKUP ist col_index_no ein statischer Wert, weshalb VLOOKUP nicht als dynamische Funktion funktioniert.\",\"breadcrumb\":{\"@id\":\"https:\/\/exceladvisor.org\/de\/vsearch-ubereinstimmung\/#breadcrumb\"},\"inLanguage\":\"de\",\"potentialAction\":[{\"@type\":\"ReadAction\",\"target\":[\"https:\/\/exceladvisor.org\/de\/vsearch-ubereinstimmung\/\"]}]},{\"@type\":\"ImageObject\",\"inLanguage\":\"de\",\"@id\":\"https:\/\/exceladvisor.org\/de\/vsearch-ubereinstimmung\/#primaryimage\",\"url\":\"https:\/\/exceladvisor.org\/wp-content\/uploads\/2023\/08\/table-de-donnees-pour-utiliser-vlookup-et-faire-correspondre-min-1.png\",\"contentUrl\":\"https:\/\/exceladvisor.org\/wp-content\/uploads\/2023\/08\/table-de-donnees-pour-utiliser-vlookup-et-faire-correspondre-min-1.png\"},{\"@type\":\"BreadcrumbList\",\"@id\":\"https:\/\/exceladvisor.org\/de\/vsearch-ubereinstimmung\/#breadcrumb\",\"itemListElement\":[{\"@type\":\"ListItem\",\"position\":1,\"name\":\"Accueil\",\"item\":\"https:\/\/exceladvisor.org\/de\/\"},{\"@type\":\"ListItem\",\"position\":2,\"name\":\"Wie verwende ich die vlookup match-kombination?\"}]},{\"@type\":\"WebSite\",\"@id\":\"https:\/\/exceladvisor.org\/de\/#website\",\"url\":\"https:\/\/exceladvisor.org\/de\/\",\"name\":\"Excel Advisor\",\"description\":\"Ihr Leitfaden zur Datendominanz\",\"publisher\":{\"@id\":\"https:\/\/exceladvisor.org\/de\/#organization\"},\"potentialAction\":[{\"@type\":\"SearchAction\",\"target\":{\"@type\":\"EntryPoint\",\"urlTemplate\":\"https:\/\/exceladvisor.org\/de\/?s={search_term_string}\"},\"query-input\":{\"@type\":\"PropertyValueSpecification\",\"valueRequired\":true,\"valueName\":\"search_term_string\"}}],\"inLanguage\":\"de\"},{\"@type\":\"Organization\",\"@id\":\"https:\/\/exceladvisor.org\/de\/#organization\",\"name\":\"Excel Advisor\",\"url\":\"https:\/\/exceladvisor.org\/de\/\",\"logo\":{\"@type\":\"ImageObject\",\"inLanguage\":\"de\",\"@id\":\"https:\/\/exceladvisor.org\/de\/#\/schema\/logo\/image\/\",\"url\":\"https:\/\/exceladvisor.org\/de\/wp-content\/uploads\/2023\/11\/exceladvisor.org_.png\",\"contentUrl\":\"https:\/\/exceladvisor.org\/de\/wp-content\/uploads\/2023\/11\/exceladvisor.org_.png\",\"width\":105,\"height\":36,\"caption\":\"Excel Advisor\"},\"image\":{\"@id\":\"https:\/\/exceladvisor.org\/de\/#\/schema\/logo\/image\/\"}}]}<\/script>\n<!-- \/ Yoast SEO plugin. -->","yoast_head_json":{"title":"Wie verwende ich die VLOOKUP MATCH-Kombination in Excel?","description":"In VLOOKUP ist col_index_no ein statischer Wert, weshalb VLOOKUP nicht als dynamische Funktion funktioniert.","robots":{"index":"index","follow":"follow","max-snippet":"max-snippet:-1","max-image-preview":"max-image-preview:large","max-video-preview":"max-video-preview:-1"},"canonical":"https:\/\/exceladvisor.org\/de\/vsearch-ubereinstimmung\/","og_locale":"de_DE","og_type":"article","og_title":"Wie verwende ich die VLOOKUP MATCH-Kombination in Excel?","og_description":"In VLOOKUP ist col_index_no ein statischer Wert, weshalb VLOOKUP nicht als dynamische Funktion funktioniert.","og_url":"https:\/\/exceladvisor.org\/de\/vsearch-ubereinstimmung\/","og_site_name":"Excel Advisor","article_modified_time":"2023-12-03T13:04:48+00:00","og_image":[{"url":"https:\/\/exceladvisor.org\/wp-content\/uploads\/2023\/08\/table-de-donnees-pour-utiliser-vlookup-et-faire-correspondre-min-1.png","type":"","width":"","height":""}],"twitter_card":"summary_large_image","twitter_misc":{"Gesch\u00e4tzte Lesezeit":"4\u00a0Minuten"},"schema":{"@context":"https:\/\/schema.org","@graph":[{"@type":"WebPage","@id":"https:\/\/exceladvisor.org\/de\/vsearch-ubereinstimmung\/","url":"https:\/\/exceladvisor.org\/de\/vsearch-ubereinstimmung\/","name":"Wie verwende ich die VLOOKUP MATCH-Kombination in Excel?","isPartOf":{"@id":"https:\/\/exceladvisor.org\/de\/#website"},"primaryImageOfPage":{"@id":"https:\/\/exceladvisor.org\/de\/vsearch-ubereinstimmung\/#primaryimage"},"image":{"@id":"https:\/\/exceladvisor.org\/de\/vsearch-ubereinstimmung\/#primaryimage"},"thumbnailUrl":"https:\/\/exceladvisor.org\/wp-content\/uploads\/2023\/08\/table-de-donnees-pour-utiliser-vlookup-et-faire-correspondre-min-1.png","datePublished":"2023-11-09T19:08:31+00:00","dateModified":"2023-12-03T13:04:48+00:00","description":"In VLOOKUP ist col_index_no ein statischer Wert, weshalb VLOOKUP nicht als dynamische Funktion funktioniert.","breadcrumb":{"@id":"https:\/\/exceladvisor.org\/de\/vsearch-ubereinstimmung\/#breadcrumb"},"inLanguage":"de","potentialAction":[{"@type":"ReadAction","target":["https:\/\/exceladvisor.org\/de\/vsearch-ubereinstimmung\/"]}]},{"@type":"ImageObject","inLanguage":"de","@id":"https:\/\/exceladvisor.org\/de\/vsearch-ubereinstimmung\/#primaryimage","url":"https:\/\/exceladvisor.org\/wp-content\/uploads\/2023\/08\/table-de-donnees-pour-utiliser-vlookup-et-faire-correspondre-min-1.png","contentUrl":"https:\/\/exceladvisor.org\/wp-content\/uploads\/2023\/08\/table-de-donnees-pour-utiliser-vlookup-et-faire-correspondre-min-1.png"},{"@type":"BreadcrumbList","@id":"https:\/\/exceladvisor.org\/de\/vsearch-ubereinstimmung\/#breadcrumb","itemListElement":[{"@type":"ListItem","position":1,"name":"Accueil","item":"https:\/\/exceladvisor.org\/de\/"},{"@type":"ListItem","position":2,"name":"Wie verwende ich die vlookup match-kombination?"}]},{"@type":"WebSite","@id":"https:\/\/exceladvisor.org\/de\/#website","url":"https:\/\/exceladvisor.org\/de\/","name":"Excel Advisor","description":"Ihr Leitfaden zur Datendominanz","publisher":{"@id":"https:\/\/exceladvisor.org\/de\/#organization"},"potentialAction":[{"@type":"SearchAction","target":{"@type":"EntryPoint","urlTemplate":"https:\/\/exceladvisor.org\/de\/?s={search_term_string}"},"query-input":{"@type":"PropertyValueSpecification","valueRequired":true,"valueName":"search_term_string"}}],"inLanguage":"de"},{"@type":"Organization","@id":"https:\/\/exceladvisor.org\/de\/#organization","name":"Excel Advisor","url":"https:\/\/exceladvisor.org\/de\/","logo":{"@type":"ImageObject","inLanguage":"de","@id":"https:\/\/exceladvisor.org\/de\/#\/schema\/logo\/image\/","url":"https:\/\/exceladvisor.org\/de\/wp-content\/uploads\/2023\/11\/exceladvisor.org_.png","contentUrl":"https:\/\/exceladvisor.org\/de\/wp-content\/uploads\/2023\/11\/exceladvisor.org_.png","width":105,"height":36,"caption":"Excel Advisor"},"image":{"@id":"https:\/\/exceladvisor.org\/de\/#\/schema\/logo\/image\/"}}]}},"yoast_meta":{"yoast_wpseo_title":"","yoast_wpseo_metadesc":"","yoast_wpseo_canonical":""},"_links":{"self":[{"href":"https:\/\/exceladvisor.org\/de\/wp-json\/wp\/v2\/pages\/3216","targetHints":{"allow":["GET"]}}],"collection":[{"href":"https:\/\/exceladvisor.org\/de\/wp-json\/wp\/v2\/pages"}],"about":[{"href":"https:\/\/exceladvisor.org\/de\/wp-json\/wp\/v2\/types\/page"}],"author":[{"embeddable":true,"href":"https:\/\/exceladvisor.org\/de\/wp-json\/wp\/v2\/users\/1"}],"replies":[{"embeddable":true,"href":"https:\/\/exceladvisor.org\/de\/wp-json\/wp\/v2\/comments?post=3216"}],"version-history":[{"count":1,"href":"https:\/\/exceladvisor.org\/de\/wp-json\/wp\/v2\/pages\/3216\/revisions"}],"predecessor-version":[{"id":4356,"href":"https:\/\/exceladvisor.org\/de\/wp-json\/wp\/v2\/pages\/3216\/revisions\/4356"}],"wp:attachment":[{"href":"https:\/\/exceladvisor.org\/de\/wp-json\/wp\/v2\/media?parent=3216"}],"curies":[{"name":"wp","href":"https:\/\/api.w.org\/{rel}","templated":true}]}}