{"id":3217,"date":"2023-11-09T17:38:58","date_gmt":"2023-11-09T17:38:58","guid":{"rendered":"https:\/\/exceladvisor.org\/de\/entfernen-sie-zusatzliche-leerzeichen\/"},"modified":"2023-12-03T11:19:12","modified_gmt":"2023-12-03T11:19:12","slug":"entfernen-sie-zusatzliche-leerzeichen","status":"publish","type":"page","link":"https:\/\/exceladvisor.org\/de\/entfernen-sie-zusatzliche-leerzeichen\/","title":{"rendered":"Wie entferne ich zus\u00e4tzliche leerzeichen in excel?"},"content":{"rendered":"<div class=\"excel-vor-dem-inhalt\" id=\"excel-3659871822\"><script type=\"text\/javascript\">\r\n\tatOptions = {\r\n\t\t'key' : 'c1158f160081d6540a8409e6925dab94',\r\n\t\t'format' : 'iframe',\r\n\t\t'height' : 250,\r\n\t\t'width' : 300,\r\n\t\t'params' : {}\r\n\t};\r\n<\/script>\r\n<script type=\"text\/javascript\" src=\"\/\/www.highperformanceformat.com\/c1158f160081d6540a8409e6925dab94\/invoke.js\"><\/script><\/div> <p>Saubere Daten sind unser Geburtsrecht, aber manchmal haben wir keinen Zugriff darauf.<\/p><p> Manchmal sind wir nicht in der Lage, unsere Daten so zu nutzen, wie wir es m\u00f6chten. Und einer der Hauptgr\u00fcnde, warum unsere Daten unbrauchbar werden, ist \u2026<\/p><p> Wenn Sie es also verwenden m\u00f6chten, m\u00fcssen wir sie alle l\u00f6schen. Wenn Sie dar\u00fcber nachdenken, kommt es h\u00e4ufig vor, dass Sie diese unerw\u00fcnschten Leerzeichen erhalten, wenn Sie Daten aus ERP-Systemen erhalten oder Formeln haben, die nicht korrekt geschrieben sind.<\/p><p> Wenn Sie also an Ihren Daten arbeiten, m\u00fcssen Sie diese zun\u00e4chst \u00fcberpr\u00fcfen.<\/p><p> Und im heutigen Beitrag zeige ich Ihnen die genauen 4 Methoden, um all diese unerw\u00fcnschten und zus\u00e4tzlichen Leerzeichen zu entfernen.<\/p><p> Stellen Sie sicher, dass <a href=\"https:\/\/exceladvisor.org\/wp-content\/uploads\/2023\/11\/supprimer-les-donnees-des-espaces.xlsx\" rel=\"nofollow\">Sie diese BEISPIELDATEI hier HERUNTERLADEN,<\/a> um mitzumachen. Lass uns anfangen. <\/p><h2 id=\"1-remove-extra-spaces-using-trim-function-trailing-and-leading\" class=\"wp-block-heading\"> 1. Entfernen Sie zus\u00e4tzliche Leerzeichen mit der TRIM-Funktion [Trailing and Leading].<\/h2><p> Manchmal werden in Ihren Daten nachgestellte und f\u00fchrende Leerzeichen angezeigt, und das sieht sehr unangenehm aus.<\/p><p> Aber wir haben eine sehr einfache und unkomplizierte Methode, diesen M\u00fcll zu entfernen, und Sie ben\u00f6tigen nur eine Funktion, um damit umzugehen.<\/p><p> Es ist TRIM.<\/p><p> Es entfernt alle unerw\u00fcnschten Leerzeichen aus einer Textzeichenfolge mit Ausnahme der Leerzeichen zwischen zwei W\u00f6rtern, siehe Beispiel unten. <\/p><div class=\"wp-block-image\"><figure class=\"aligncenter\"><img decoding=\"async\" src=\"https:\/\/exceladvisor.org\/wp-content\/uploads\/2023\/08\/supprimer-les-espaces-supplementaires-dune-cellule-dans-Excel-a-laide-de-la-fonction-trim.png\" sizes=\"\" srcset=\"\" alt=\"Entfernen Sie zus\u00e4tzliche Leerzeichen aus einer Zelle in Excel mithilfe der Trimmfunktion\"><\/figure><\/div><p> Wie Sie sehen, haben wir TRIM verwendet, um alle unerw\u00fcnschten Leerzeichen am Ende und Anfang der Zelle zu entfernen.<\/p><p> Es gibt 70 Zeichen in der Zelle und wenn Sie TRIM verwendet haben, wurde die Anzahl der Zeichen auf 41 reduziert, was bedeutet, dass alle 29 Leerzeichen aus der Zelle entfernt wurden.<\/p><h2 id=\"2-combine-clean-and-trim-to-remove-extra-space-of-line-break\" class=\"wp-block-heading\"> 2. Kombinieren Sie \u201eClean\u201c und \u201eTrim\u201c, um zus\u00e4tzlichen Leerraum aus dem Zeilenumbruch zu entfernen<\/h2><p> Es besteht auch die M\u00f6glichkeit, dass in einer Textzeichenfolge ein Zeilenumbruch auftritt. In dieser Situation m\u00fcssen Sie die Kombination CLEAN und TRIM verwenden, wobei die CLEAN-Funktion alle nicht druckbaren Zeichen entfernen kann, zu denen auch Zeilenumbr\u00fcche geh\u00f6ren. <\/p><div class=\"wp-block-image\"><figure class=\"aligncenter\"><img decoding=\"async\" src=\"https:\/\/exceladvisor.org\/wp-content\/uploads\/2023\/08\/supprimer-les-espaces-supplementaires-dune-cellule-dans-Excel-en-utilisant-la-fonction-propre.png\" sizes=\"\" srcset=\"\" alt=\"Entfernen Sie zus\u00e4tzliche Leerzeichen aus einer Zelle in Excel mithilfe der Clean-Funktion\"><\/figure><\/div><h3 id=\"how-it-works\" class=\"wp-block-heading\"> Wie es funktioniert<\/h3><p> Zuerst entfernt CLEAN alle nicht druckbaren Zeichen aus der Textzeichenfolge, dann entfernt TRIM alle unerw\u00fcnschten Leerzeichen aus der Textzeichenfolge au\u00dfer dem Leerzeichen zwischen zwei W\u00f6rtern. <\/p><h2 id=\"3-using-clean-trim-and-substitute-to-remove-all-the-spaces-from-a-cell\" class=\"wp-block-heading\"> 3. Verwenden Sie \u201eClean\u201c, \u201eTrim\u201c und \u201eSubstitute\u201c, um alle Leerzeichen aus einer Zelle zu entfernen<\/h2><p> Hier haben wir ein anderes Problem mit diesen Leerzeichen.<\/p><p> Manchmal m\u00f6chten Sie alle Arten von Leerzeichen aus einer Zelle entfernen. Durch Reinigen und Trimmen k\u00f6nnen jedoch nicht alle Arten von Zwischenr\u00e4umen entfernt werden.<\/p><p> Wenn Sie beispielsweise ein gesch\u00fctztes Leerzeichen in einer Zelle haben, k\u00f6nnen Sie es mit diesen beiden Funktionen nicht verarbeiten. Und f\u00fcr dieses Problem m\u00fcssen Sie CLEAN und TRIM mit SUBSTITUTE kombinieren.<\/p><p> Lassen Sie mich Ihnen ein Beispiel zeigen. Im folgenden Beispiel haben wir eine Liste von Mobiltelefonnummern in einer Tabelle und diese Nummern sind von unerw\u00fcnschten Leerzeichen umgeben.<\/p><p> Wir ben\u00f6tigen lediglich eine 10-stellige Handynummer. <\/p><div class=\"wp-block-image\"><figure class=\"aligncenter\"><img decoding=\"async\" src=\"https:\/\/exceladvisor.org\/wp-content\/uploads\/2023\/08\/supprimer-les-espaces-supplementaires-dune-cellule-dans-Excel-a-laide-de-trim-clean-substitut.png\" sizes=\"\" srcset=\"\" alt=\"Entfernen Sie zus\u00e4tzliche Leerzeichen aus einer Zelle in Excel mit sauberem Ersatz\"><\/figure><\/div><h3 id=\"how-it-works-1\" class=\"wp-block-heading\"> Wie es funktioniert<\/h3><p> SUBSTITUTE hilft Ihnen, ein bestimmtes Zeichen oder einen bestimmten Zeichensatz in einer Textzeichenfolge zu finden und es durch andere Zeichen oder ein einzelnes Zeichen zu ersetzen.<\/p><h2 id=\"4-using-find-and-replace-option-to-remove-all-the-spaces\" class=\"wp-block-heading\"> 4. Verwenden Sie die Option \u201eSuchen und Ersetzen\u201c, um alle Leerzeichen zu entfernen<\/h2><p> Ich habe eine andere M\u00f6glichkeit, das oben genannte Problem zu l\u00f6sen, und Sie m\u00fcssen daf\u00fcr keine Formel verwenden. Sie k\u00f6nnen <a href=\"https:\/\/exceladvisor.org\/de\/ersatz-finden\/\" data-wpil=\"url\">FIND und REPLACE<\/a> verwenden, um Leerzeichen in einer Zelle zu ersetzen. Hier sind die Schritte: <\/p><div class=\"wp-block-image\"><figure class=\"aligncenter\"><img decoding=\"async\" src=\"https:\/\/exceladvisor.org\/wp-content\/uploads\/2023\/08\/supprimer-les-espaces-supplementaires-dune-cellule-dans-Excel-a-laide-de-loption-de-remplacement-de-recherche.gif\" sizes=\"\" srcset=\"\" alt=\"Entfernen Sie zus\u00e4tzliche Leerzeichen aus einer Zelle in Excel mithilfe der Such-\/Ersetzungsoption\"><\/figure><\/div><ol><li> W\u00e4hlen Sie die Zelle oder den Zellbereich aus, aus der Sie Leerzeichen entfernen m\u00f6chten.<\/li><li> Verwenden Sie die Tastenkombination <strong>Strg + H<\/strong> , um die Option \u201eSuchen und Ersetzen\u201c zu aktivieren.<\/li><li> F\u00fcgen Sie in der Eingabeleiste \u201eSuchen nach\u201c mit der Leertaste ein Leerzeichen ein. \u201eErsetzen durch\u201c sollte leer bleiben.<\/li><li> Klicken Sie auf die Schaltfl\u00e4che \u201eAlle ersetzen\u201c. Sie erhalten eine Popup-Meldung \u00fcber die Anzahl der ersetzten Leerzeichen.<\/li><\/ol><p class=\"qt-tip\"> <strong><span style=\"color: #ff0000;\">Warnung:<\/span><\/strong> Verwenden Sie diese Methode nur, wenn Sie best\u00e4tigt haben, dass alle Arten von Leerzeichen aus ausgew\u00e4hlten Zellen entfernt werden sollen. <\/p><div class=\"gb-container gb-container-bafb25cc gb-container-download-2\"><div class=\"gb-grid-wrapper gb-grid-wrapper-91201309\"><div class=\"gb-grid-column gb-grid-column-15a917ef\"><div class=\"gb-container gb-container-15a917ef\"><h2 class=\"gb-headline gb-headline-f2deb261 gb-headline-text gb-headline-download-2\"> Holen Sie sich die Excel-Datei <\/h2><\/div><\/div><div class=\"gb-grid-column gb-grid-column-18357188\"><div class=\"gb-container gb-container-18357188\"><div class=\"gb-container gb-container-76cbe15e\"> <a class=\"gb-button gb-button-cb63d00a gb-button-text gb-button-download-2\" href=\"https:\/\/exceladvisor.org\/wp-content\/uploads\/2023\/11\/suppression-des-espaces-supplementaires.xlsx\" rel=\"nofollow\">Herunterladen<\/a><\/div><\/div><\/div><\/div><\/div><h2 id=\"conclusion\" class=\"wp-block-heading\"> Abschluss<\/h2><p> Zus\u00e4tzliche Leerzeichen sind immer irritierend. Aber jetzt haben Sie vier verschiedene Methoden, um sie zu entfernen, und Sie k\u00f6nnen jede dieser Methoden ausw\u00e4hlen, die Ihrer Meinung nach f\u00fcr Sie am besten geeignet ist.<\/p><p> Ich hoffe, das hilft Ihnen, gut mit Ihren Daten umzugehen, und jetzt m\u00fcssen Sie mir eines sagen.<\/p><p> <em>Kennen Sie eine andere M\u00f6glichkeit, mit diesem Problem umzugehen?<\/em><\/p><p> Bitte teilen Sie es mir im Kommentarfeld mit, ich w\u00fcrde mich freuen, von Ihnen zu h\u00f6ren und vergessen Sie nicht, diesen Tipp mit Ihren Freunden zu teilen.<\/p><div class=\"gb-container gb-container-4db6181c gb-container-mt\"> <a class=\"gb-button gb-button-c5897111 gb-button-text gb-button-mt-button\" href=\"https:\/\/exceladvisor.org\/de\/vba\/\">Was ist VBA<\/a><\/div>","protected":false},"excerpt":{"rendered":"","protected":false},"author":1,"featured_media":0,"parent":0,"menu_order":0,"comment_status":"open","ping_status":"closed","template":"","meta":{"ub_ctt_via":"","footnotes":""},"class_list":["post-3217","page","type-page","status-publish","hentry"],"featured_image_src":null,"yoast_head":"<!-- This site is optimized with the Yoast SEO plugin v25.4 - https:\/\/yoast.com\/wordpress\/plugins\/seo\/ -->\n<title>Wie entferne ich zus\u00e4tzliche Leerzeichen in Excel?<\/title>\n<meta name=\"description\" content=\"Sie erhalten diese unerw\u00fcnschten Leerzeichen. Und im heutigen Beitrag zeige ich Ihnen 4 Methoden zum Entfernen von Leerzeichen ...\" \/>\n<meta name=\"robots\" content=\"index, follow, max-snippet:-1, max-image-preview:large, max-video-preview:-1\" \/>\n<link rel=\"canonical\" href=\"https:\/\/exceladvisor.org\/de\/entfernen-sie-zusatzliche-leerzeichen\/\" \/>\n<meta property=\"og:locale\" content=\"de_DE\" \/>\n<meta property=\"og:type\" content=\"article\" \/>\n<meta property=\"og:title\" content=\"Wie entferne ich zus\u00e4tzliche Leerzeichen in Excel?\" \/>\n<meta property=\"og:description\" content=\"Sie erhalten diese unerw\u00fcnschten Leerzeichen. Und im heutigen Beitrag zeige ich Ihnen 4 Methoden zum Entfernen von Leerzeichen ...\" \/>\n<meta property=\"og:url\" content=\"https:\/\/exceladvisor.org\/de\/entfernen-sie-zusatzliche-leerzeichen\/\" \/>\n<meta property=\"og:site_name\" content=\"Excel Advisor\" \/>\n<meta property=\"article:modified_time\" content=\"2023-12-03T11:19:12+00:00\" \/>\n<meta property=\"og:image\" content=\"https:\/\/exceladvisor.org\/wp-content\/uploads\/2023\/08\/supprimer-les-espaces-supplementaires-dune-cellule-dans-Excel-a-laide-de-la-fonction-trim.png\" \/>\n<meta name=\"twitter:card\" content=\"summary_large_image\" \/>\n<meta name=\"twitter:label1\" content=\"Gesch\u00e4tzte Lesezeit\" \/>\n\t<meta name=\"twitter:data1\" content=\"4\u00a0Minuten\" \/>\n<script type=\"application\/ld+json\" class=\"yoast-schema-graph\">{\"@context\":\"https:\/\/schema.org\",\"@graph\":[{\"@type\":\"WebPage\",\"@id\":\"https:\/\/exceladvisor.org\/de\/entfernen-sie-zusatzliche-leerzeichen\/\",\"url\":\"https:\/\/exceladvisor.org\/de\/entfernen-sie-zusatzliche-leerzeichen\/\",\"name\":\"Wie entferne ich zus\u00e4tzliche Leerzeichen in Excel?\",\"isPartOf\":{\"@id\":\"https:\/\/exceladvisor.org\/de\/#website\"},\"primaryImageOfPage\":{\"@id\":\"https:\/\/exceladvisor.org\/de\/entfernen-sie-zusatzliche-leerzeichen\/#primaryimage\"},\"image\":{\"@id\":\"https:\/\/exceladvisor.org\/de\/entfernen-sie-zusatzliche-leerzeichen\/#primaryimage\"},\"thumbnailUrl\":\"https:\/\/exceladvisor.org\/wp-content\/uploads\/2023\/08\/supprimer-les-espaces-supplementaires-dune-cellule-dans-Excel-a-laide-de-la-fonction-trim.png\",\"datePublished\":\"2023-11-09T17:38:58+00:00\",\"dateModified\":\"2023-12-03T11:19:12+00:00\",\"description\":\"Sie erhalten diese unerw\u00fcnschten Leerzeichen. Und im heutigen Beitrag zeige ich Ihnen 4 Methoden zum Entfernen von Leerzeichen ...\",\"breadcrumb\":{\"@id\":\"https:\/\/exceladvisor.org\/de\/entfernen-sie-zusatzliche-leerzeichen\/#breadcrumb\"},\"inLanguage\":\"de\",\"potentialAction\":[{\"@type\":\"ReadAction\",\"target\":[\"https:\/\/exceladvisor.org\/de\/entfernen-sie-zusatzliche-leerzeichen\/\"]}]},{\"@type\":\"ImageObject\",\"inLanguage\":\"de\",\"@id\":\"https:\/\/exceladvisor.org\/de\/entfernen-sie-zusatzliche-leerzeichen\/#primaryimage\",\"url\":\"https:\/\/exceladvisor.org\/wp-content\/uploads\/2023\/08\/supprimer-les-espaces-supplementaires-dune-cellule-dans-Excel-a-laide-de-la-fonction-trim.png\",\"contentUrl\":\"https:\/\/exceladvisor.org\/wp-content\/uploads\/2023\/08\/supprimer-les-espaces-supplementaires-dune-cellule-dans-Excel-a-laide-de-la-fonction-trim.png\"},{\"@type\":\"BreadcrumbList\",\"@id\":\"https:\/\/exceladvisor.org\/de\/entfernen-sie-zusatzliche-leerzeichen\/#breadcrumb\",\"itemListElement\":[{\"@type\":\"ListItem\",\"position\":1,\"name\":\"Accueil\",\"item\":\"https:\/\/exceladvisor.org\/de\/\"},{\"@type\":\"ListItem\",\"position\":2,\"name\":\"Wie entferne ich zus\u00e4tzliche leerzeichen in excel?\"}]},{\"@type\":\"WebSite\",\"@id\":\"https:\/\/exceladvisor.org\/de\/#website\",\"url\":\"https:\/\/exceladvisor.org\/de\/\",\"name\":\"Excel Advisor\",\"description\":\"Ihr Leitfaden zur Datendominanz\",\"publisher\":{\"@id\":\"https:\/\/exceladvisor.org\/de\/#organization\"},\"potentialAction\":[{\"@type\":\"SearchAction\",\"target\":{\"@type\":\"EntryPoint\",\"urlTemplate\":\"https:\/\/exceladvisor.org\/de\/?s={search_term_string}\"},\"query-input\":{\"@type\":\"PropertyValueSpecification\",\"valueRequired\":true,\"valueName\":\"search_term_string\"}}],\"inLanguage\":\"de\"},{\"@type\":\"Organization\",\"@id\":\"https:\/\/exceladvisor.org\/de\/#organization\",\"name\":\"Excel Advisor\",\"url\":\"https:\/\/exceladvisor.org\/de\/\",\"logo\":{\"@type\":\"ImageObject\",\"inLanguage\":\"de\",\"@id\":\"https:\/\/exceladvisor.org\/de\/#\/schema\/logo\/image\/\",\"url\":\"https:\/\/exceladvisor.org\/de\/wp-content\/uploads\/2023\/11\/exceladvisor.org_.png\",\"contentUrl\":\"https:\/\/exceladvisor.org\/de\/wp-content\/uploads\/2023\/11\/exceladvisor.org_.png\",\"width\":105,\"height\":36,\"caption\":\"Excel Advisor\"},\"image\":{\"@id\":\"https:\/\/exceladvisor.org\/de\/#\/schema\/logo\/image\/\"}}]}<\/script>\n<!-- \/ Yoast SEO plugin. -->","yoast_head_json":{"title":"Wie entferne ich zus\u00e4tzliche Leerzeichen in Excel?","description":"Sie erhalten diese unerw\u00fcnschten Leerzeichen. Und im heutigen Beitrag zeige ich Ihnen 4 Methoden zum Entfernen von Leerzeichen ...","robots":{"index":"index","follow":"follow","max-snippet":"max-snippet:-1","max-image-preview":"max-image-preview:large","max-video-preview":"max-video-preview:-1"},"canonical":"https:\/\/exceladvisor.org\/de\/entfernen-sie-zusatzliche-leerzeichen\/","og_locale":"de_DE","og_type":"article","og_title":"Wie entferne ich zus\u00e4tzliche Leerzeichen in Excel?","og_description":"Sie erhalten diese unerw\u00fcnschten Leerzeichen. Und im heutigen Beitrag zeige ich Ihnen 4 Methoden zum Entfernen von Leerzeichen ...","og_url":"https:\/\/exceladvisor.org\/de\/entfernen-sie-zusatzliche-leerzeichen\/","og_site_name":"Excel Advisor","article_modified_time":"2023-12-03T11:19:12+00:00","og_image":[{"url":"https:\/\/exceladvisor.org\/wp-content\/uploads\/2023\/08\/supprimer-les-espaces-supplementaires-dune-cellule-dans-Excel-a-laide-de-la-fonction-trim.png","type":"","width":"","height":""}],"twitter_card":"summary_large_image","twitter_misc":{"Gesch\u00e4tzte Lesezeit":"4\u00a0Minuten"},"schema":{"@context":"https:\/\/schema.org","@graph":[{"@type":"WebPage","@id":"https:\/\/exceladvisor.org\/de\/entfernen-sie-zusatzliche-leerzeichen\/","url":"https:\/\/exceladvisor.org\/de\/entfernen-sie-zusatzliche-leerzeichen\/","name":"Wie entferne ich zus\u00e4tzliche Leerzeichen in Excel?","isPartOf":{"@id":"https:\/\/exceladvisor.org\/de\/#website"},"primaryImageOfPage":{"@id":"https:\/\/exceladvisor.org\/de\/entfernen-sie-zusatzliche-leerzeichen\/#primaryimage"},"image":{"@id":"https:\/\/exceladvisor.org\/de\/entfernen-sie-zusatzliche-leerzeichen\/#primaryimage"},"thumbnailUrl":"https:\/\/exceladvisor.org\/wp-content\/uploads\/2023\/08\/supprimer-les-espaces-supplementaires-dune-cellule-dans-Excel-a-laide-de-la-fonction-trim.png","datePublished":"2023-11-09T17:38:58+00:00","dateModified":"2023-12-03T11:19:12+00:00","description":"Sie erhalten diese unerw\u00fcnschten Leerzeichen. Und im heutigen Beitrag zeige ich Ihnen 4 Methoden zum Entfernen von Leerzeichen ...","breadcrumb":{"@id":"https:\/\/exceladvisor.org\/de\/entfernen-sie-zusatzliche-leerzeichen\/#breadcrumb"},"inLanguage":"de","potentialAction":[{"@type":"ReadAction","target":["https:\/\/exceladvisor.org\/de\/entfernen-sie-zusatzliche-leerzeichen\/"]}]},{"@type":"ImageObject","inLanguage":"de","@id":"https:\/\/exceladvisor.org\/de\/entfernen-sie-zusatzliche-leerzeichen\/#primaryimage","url":"https:\/\/exceladvisor.org\/wp-content\/uploads\/2023\/08\/supprimer-les-espaces-supplementaires-dune-cellule-dans-Excel-a-laide-de-la-fonction-trim.png","contentUrl":"https:\/\/exceladvisor.org\/wp-content\/uploads\/2023\/08\/supprimer-les-espaces-supplementaires-dune-cellule-dans-Excel-a-laide-de-la-fonction-trim.png"},{"@type":"BreadcrumbList","@id":"https:\/\/exceladvisor.org\/de\/entfernen-sie-zusatzliche-leerzeichen\/#breadcrumb","itemListElement":[{"@type":"ListItem","position":1,"name":"Accueil","item":"https:\/\/exceladvisor.org\/de\/"},{"@type":"ListItem","position":2,"name":"Wie entferne ich zus\u00e4tzliche leerzeichen in excel?"}]},{"@type":"WebSite","@id":"https:\/\/exceladvisor.org\/de\/#website","url":"https:\/\/exceladvisor.org\/de\/","name":"Excel Advisor","description":"Ihr Leitfaden zur Datendominanz","publisher":{"@id":"https:\/\/exceladvisor.org\/de\/#organization"},"potentialAction":[{"@type":"SearchAction","target":{"@type":"EntryPoint","urlTemplate":"https:\/\/exceladvisor.org\/de\/?s={search_term_string}"},"query-input":{"@type":"PropertyValueSpecification","valueRequired":true,"valueName":"search_term_string"}}],"inLanguage":"de"},{"@type":"Organization","@id":"https:\/\/exceladvisor.org\/de\/#organization","name":"Excel Advisor","url":"https:\/\/exceladvisor.org\/de\/","logo":{"@type":"ImageObject","inLanguage":"de","@id":"https:\/\/exceladvisor.org\/de\/#\/schema\/logo\/image\/","url":"https:\/\/exceladvisor.org\/de\/wp-content\/uploads\/2023\/11\/exceladvisor.org_.png","contentUrl":"https:\/\/exceladvisor.org\/de\/wp-content\/uploads\/2023\/11\/exceladvisor.org_.png","width":105,"height":36,"caption":"Excel Advisor"},"image":{"@id":"https:\/\/exceladvisor.org\/de\/#\/schema\/logo\/image\/"}}]}},"yoast_meta":{"yoast_wpseo_title":"","yoast_wpseo_metadesc":"","yoast_wpseo_canonical":""},"_links":{"self":[{"href":"https:\/\/exceladvisor.org\/de\/wp-json\/wp\/v2\/pages\/3217","targetHints":{"allow":["GET"]}}],"collection":[{"href":"https:\/\/exceladvisor.org\/de\/wp-json\/wp\/v2\/pages"}],"about":[{"href":"https:\/\/exceladvisor.org\/de\/wp-json\/wp\/v2\/types\/page"}],"author":[{"embeddable":true,"href":"https:\/\/exceladvisor.org\/de\/wp-json\/wp\/v2\/users\/1"}],"replies":[{"embeddable":true,"href":"https:\/\/exceladvisor.org\/de\/wp-json\/wp\/v2\/comments?post=3217"}],"version-history":[{"count":1,"href":"https:\/\/exceladvisor.org\/de\/wp-json\/wp\/v2\/pages\/3217\/revisions"}],"predecessor-version":[{"id":3918,"href":"https:\/\/exceladvisor.org\/de\/wp-json\/wp\/v2\/pages\/3217\/revisions\/3918"}],"wp:attachment":[{"href":"https:\/\/exceladvisor.org\/de\/wp-json\/wp\/v2\/media?parent=3217"}],"curies":[{"name":"wp","href":"https:\/\/api.w.org\/{rel}","templated":true}]}}