{"id":3218,"date":"2023-11-09T17:04:53","date_gmt":"2023-11-09T17:04:53","guid":{"rendered":"https:\/\/exceladvisor.org\/de\/mittagsschlaf-2\/"},"modified":"2023-12-03T11:21:24","modified_gmt":"2023-12-03T11:21:24","slug":"mittagsschlaf-2","status":"publish","type":"page","link":"https:\/\/exceladvisor.org\/de\/mittagsschlaf-2\/","title":{"rendered":"Wie f\u00fcge ich zeit in excel hinzu?"},"content":{"rendered":"<div class=\"excel-vor-dem-inhalt\" id=\"excel-144170860\"><script type=\"text\/javascript\">\r\n\tatOptions = {\r\n\t\t'key' : 'c1158f160081d6540a8409e6925dab94',\r\n\t\t'format' : 'iframe',\r\n\t\t'height' : 250,\r\n\t\t'width' : 300,\r\n\t\t'params' : {}\r\n\t};\r\n<\/script>\r\n<script type=\"text\/javascript\" src=\"\/\/www.highperformanceformat.com\/c1158f160081d6540a8409e6925dab94\/invoke.js\"><\/script><\/div> <p>Wenn Sie in Excel Zeitwerte addieren m\u00f6chten, m\u00fcssen Sie die Summenfunktion verwenden, um die Werte zu addieren, und dann m\u00fcssen Sie das Format \u00e4ndern, um die Gesamtzahl der Stunden und Minuten anzuzeigen. Nachfolgend finden Sie eine Liste der Zeitwerte, die wir in Zelle C2 addiert haben. <\/p><div class=\"wp-block-image\"><figure class=\"aligncenter size-full is-resized\"><img loading=\"lazy\" decoding=\"async\" class=\"wp-image-79498\" src=\"https:\/\/exceladvisor.org\/wp-content\/uploads\/2023\/08\/1-temps-de-somme-dans-excel.png\" sizes=\"auto, \" srcset=\"\" alt=\"Summe-Stunde-in-Excel\" width=\"573\" height=\"347\"><\/figure><\/div><p> In diesem Tutorial lernen wir, wie man diese Formel schreibt und die richtige Formatierung darauf anwendet.<\/p><h2 class=\"wp-block-heading\"> Schreiben Sie eine Formel zum Hinzuf\u00fcgen von Zeit in Excel<\/h2><ol type=\"1\"><li> Geben Sie zun\u00e4chst in Zelle C2 die Summenfunktion ein.<\/li><li> Geben Sie nun die Anfangsklammern ein.<\/li><li> Beziehen Sie sich anschlie\u00dfend auf den Zellbereich, in dem Sie Zeitwerte haben.<\/li><li> Geben Sie am Ende die schlie\u00dfenden Klammern ein und dr\u00fccken Sie die Eingabetaste, um das Ergebnis zu erhalten.<\/li><\/ol><p> Dadurch erhalten Sie eine Summe von Werten, aber dieses Format ist nicht korrekt und wir m\u00fcssen dieses Format mithilfe einer benutzerdefinierten Formatierung \u00e4ndern. <\/p><div class=\"wp-block-image\"><figure class=\"aligncenter size-full is-resized\"><img loading=\"lazy\" decoding=\"async\" class=\"wp-image-79499\" src=\"https:\/\/exceladvisor.org\/wp-content\/uploads\/2023\/08\/2-formule-pour-additionner-le-temps.png\" sizes=\"auto, \" srcset=\"\" alt=\"Formel zur Summierung der Zeit\" width=\"571\" height=\"346\"><\/figure><\/div><ol type=\"1\"><li> \u00d6ffnen Sie beim Ausw\u00e4hlen der Zelle die Formatierungsoption mit der Tastenkombination (Strg+1).<\/li><li> Klicken Sie nun auf die Option \u201eBenutzerdefiniert\u201c.<\/li><li> Klicken Sie anschlie\u00dfend auf die Formateingabeleiste.<\/li><li> Geben Sie als N\u00e4chstes [h]:mm in die Eingabeleiste ein.<\/li><li> Klicken Sie abschlie\u00dfend auf OK, um die Formatierung anzuwenden. <\/li><\/ol><div class=\"wp-block-image\"><figure class=\"aligncenter size-full is-resized\"><img loading=\"lazy\" decoding=\"async\" class=\"wp-image-79500\" src=\"https:\/\/exceladvisor.org\/wp-content\/uploads\/2023\/08\/3-changer-le-format-de-la-cellule.png\" sizes=\"auto, \" srcset=\"\" alt=\"Zellenformat \u00e4ndern\" width=\"570\" height=\"562\"><\/figure><\/div><p> Sobald Sie auf \u201eOK\u201c klicken, werden Ihnen die gesamten Stunden und Minuten angezeigt. <\/p><div class=\"wp-block-image\"><figure class=\"aligncenter size-full is-resized\"><img loading=\"lazy\" decoding=\"async\" class=\"wp-image-79501\" src=\"https:\/\/exceladvisor.org\/wp-content\/uploads\/2023\/08\/4-nombre-total-dheures-et-de-minutes.png\" sizes=\"auto, \" srcset=\"\" alt=\"Gesamtzahl der Stunden und Minuten\" width=\"577\" height=\"349\"><\/figure><\/div><h2 class=\"wp-block-heading\"> Das m\u00fcssen Sie verstehen<\/h2><p> Excel speichert Datum und Uhrzeit als Zahl im Backend und Sie haben das Format in der Zelle. Wenn Sie also Ihre Zeitwerte in Werte umwandeln, sehen diese wie folgt aus. <\/p><div class=\"wp-block-image\"><figure class=\"aligncenter size-full is-resized\"><img loading=\"lazy\" decoding=\"async\" class=\"wp-image-79502\" src=\"https:\/\/exceladvisor.org\/wp-content\/uploads\/2023\/08\/5-comprendre-les-valeurs-temporelles.png\" sizes=\"auto, \" srcset=\"\" alt=\"Zeitwerte verstehen\" width=\"306\" height=\"325\"><\/figure><\/div><p> <strong>Zeitwerte werden immer in Dezimalzahlen ausgedr\u00fcckt.<\/strong><\/p><p> Wenn Sie nun diese Werte addieren, ergibt das Ergebnis 1,4375.<\/p><p> Wie gesagt, Zeitwerte werden immer in Dezimalzahlen angegeben. Wenn Sie das Zeitformat (normales Zeitformat HH:MM AM\/PM) anwenden, zeigt Excel Ihnen die Zeit basierend auf dem verbleibenden Dezimalwert an, der 0,4375 betr\u00e4gt, und ber\u00fccksichtigen Sie die ganze Zahl das ist 1 als ganzer Tag. <\/p><div class=\"wp-block-image\"><figure class=\"aligncenter size-full is-resized\"><img loading=\"lazy\" decoding=\"async\" class=\"wp-image-79503\" src=\"https:\/\/exceladvisor.org\/wp-content\/uploads\/2023\/08\/6-valeurs-de-temps-toujours-en-decimal.png\" sizes=\"auto, \" srcset=\"\" alt=\"Zeitwerte immer in Dezimalzahl\" width=\"343\" height=\"395\"><\/figure><\/div><p> Um dieses Problem zu l\u00f6sen, m\u00fcssen Sie ein benutzerdefiniertes Format verwenden, das wir in unserer Methode verwendet haben. Wenn Sie dem Format Klammern hinzuf\u00fcgen, werden im Ergebnis die Gesamtstunden angezeigt. <\/p><pre class=\"wp-block-code\"> <code class=\"language-excel-formula\" lang=\"excel-formula\">[h]:mm<\/code><\/pre><div class=\"wp-block-image\"><figure class=\"aligncenter size-full is-resized\"><img loading=\"lazy\" decoding=\"async\" class=\"wp-image-79504\" src=\"https:\/\/exceladvisor.org\/wp-content\/uploads\/2023\/08\/7-format-personnalise-pour-le-nombre-total-dheures.png\" sizes=\"auto, \" srcset=\"\" alt=\"benutzerdefiniertes Format f\u00fcr Gesamtstunden\" width=\"473\" height=\"299\"><\/figure><\/div><div class=\"gb-container gb-container-52dfcee1 gb-container-sample-file\"><h2 class=\"gb-headline gb-headline-e289c143 gb-headline-text gb-headline-4f7959c2\"> Holen Sie sich die Excel-Datei<\/h2> <a class=\"gb-button gb-button-e88d6bee gb-button-text gb-button-button1\" href=\"https:\/\/exceladvisor.org\/wp-content\/uploads\/2023\/11\/temps-de-somme.xlsx\" rel=\"nofollow\">Herunterladen<\/a> <\/div><div class=\"wp-block-group more-tutorials is-layout-flow\"><div class=\"wp-block-group__inner-container\"><h2 class=\"wp-block-heading\"> Weitere Formeln<\/h2><ul><li> <a href=\"https:\/\/exceladvisor.org\/de\/fugen-sie-stunden-hinzu\/\">Addieren Sie Stunden zur Zeit in Excel<\/a><\/li><li> <a href=\"https:\/\/exceladvisor.org\/de\/fugen-sie-der-zeit-minuten-hinzu\/\">Addieren Sie Minuten zur Zeit in Excel<\/a><\/li><li> <a href=\"https:\/\/exceladvisor.org\/de\/zeitunterschied-berechnen\/\">Berechnen Sie den Zeitunterschied zwischen zwei Stunden in Excel<\/a><\/li><li> <a href=\"https:\/\/exceladvisor.org\/de\/zeitformat-andern\/\">Zeitformat in Excel \u00e4ndern<\/a><\/li><li> <a href=\"https:\/\/exceladvisor.org\/de\/wehrdienst\/\">Milit\u00e4rzeit (erhalten und subtrahieren) in Excel<\/a><\/li><\/ul><\/div><\/div>","protected":false},"excerpt":{"rendered":"","protected":false},"author":1,"featured_media":0,"parent":0,"menu_order":0,"comment_status":"open","ping_status":"closed","template":"","meta":{"ub_ctt_via":"","footnotes":""},"class_list":["post-3218","page","type-page","status-publish","hentry"],"featured_image_src":null,"yoast_head":"<!-- This site is optimized with the Yoast SEO plugin v25.4 - https:\/\/yoast.com\/wordpress\/plugins\/seo\/ -->\n<title>Wie f\u00fcge ich Zeit in Excel hinzu? (Tutorial 2023)<\/title>\n<meta name=\"description\" content=\"In diesem Tutorial lernen wir, wie man eine Formel schreibt, um die Zeitwerte eines Zellbereichs in Excel hinzuzuf\u00fcgen.\" \/>\n<meta name=\"robots\" content=\"index, follow, max-snippet:-1, max-image-preview:large, max-video-preview:-1\" \/>\n<link rel=\"canonical\" href=\"https:\/\/exceladvisor.org\/de\/mittagsschlaf-2\/\" \/>\n<meta property=\"og:locale\" content=\"de_DE\" \/>\n<meta property=\"og:type\" content=\"article\" \/>\n<meta property=\"og:title\" content=\"Wie f\u00fcge ich Zeit in Excel hinzu? (Tutorial 2023)\" \/>\n<meta property=\"og:description\" content=\"In diesem Tutorial lernen wir, wie man eine Formel schreibt, um die Zeitwerte eines Zellbereichs in Excel hinzuzuf\u00fcgen.\" \/>\n<meta property=\"og:url\" content=\"https:\/\/exceladvisor.org\/de\/mittagsschlaf-2\/\" \/>\n<meta property=\"og:site_name\" content=\"Excel Advisor\" \/>\n<meta property=\"article:modified_time\" content=\"2023-12-03T11:21:24+00:00\" \/>\n<meta property=\"og:image\" content=\"https:\/\/exceladvisor.org\/wp-content\/uploads\/2023\/08\/1-temps-de-somme-dans-excel.png\" \/>\n<meta name=\"twitter:card\" content=\"summary_large_image\" \/>\n<meta name=\"twitter:label1\" content=\"Gesch\u00e4tzte Lesezeit\" \/>\n\t<meta name=\"twitter:data1\" content=\"2\u00a0Minuten\" \/>\n<script type=\"application\/ld+json\" class=\"yoast-schema-graph\">{\"@context\":\"https:\/\/schema.org\",\"@graph\":[{\"@type\":\"WebPage\",\"@id\":\"https:\/\/exceladvisor.org\/de\/mittagsschlaf-2\/\",\"url\":\"https:\/\/exceladvisor.org\/de\/mittagsschlaf-2\/\",\"name\":\"Wie f\u00fcge ich Zeit in Excel hinzu? (Tutorial 2023)\",\"isPartOf\":{\"@id\":\"https:\/\/exceladvisor.org\/de\/#website\"},\"primaryImageOfPage\":{\"@id\":\"https:\/\/exceladvisor.org\/de\/mittagsschlaf-2\/#primaryimage\"},\"image\":{\"@id\":\"https:\/\/exceladvisor.org\/de\/mittagsschlaf-2\/#primaryimage\"},\"thumbnailUrl\":\"https:\/\/exceladvisor.org\/wp-content\/uploads\/2023\/08\/1-temps-de-somme-dans-excel.png\",\"datePublished\":\"2023-11-09T17:04:53+00:00\",\"dateModified\":\"2023-12-03T11:21:24+00:00\",\"description\":\"In diesem Tutorial lernen wir, wie man eine Formel schreibt, um die Zeitwerte eines Zellbereichs in Excel hinzuzuf\u00fcgen.\",\"breadcrumb\":{\"@id\":\"https:\/\/exceladvisor.org\/de\/mittagsschlaf-2\/#breadcrumb\"},\"inLanguage\":\"de\",\"potentialAction\":[{\"@type\":\"ReadAction\",\"target\":[\"https:\/\/exceladvisor.org\/de\/mittagsschlaf-2\/\"]}]},{\"@type\":\"ImageObject\",\"inLanguage\":\"de\",\"@id\":\"https:\/\/exceladvisor.org\/de\/mittagsschlaf-2\/#primaryimage\",\"url\":\"https:\/\/exceladvisor.org\/wp-content\/uploads\/2023\/08\/1-temps-de-somme-dans-excel.png\",\"contentUrl\":\"https:\/\/exceladvisor.org\/wp-content\/uploads\/2023\/08\/1-temps-de-somme-dans-excel.png\"},{\"@type\":\"BreadcrumbList\",\"@id\":\"https:\/\/exceladvisor.org\/de\/mittagsschlaf-2\/#breadcrumb\",\"itemListElement\":[{\"@type\":\"ListItem\",\"position\":1,\"name\":\"Accueil\",\"item\":\"https:\/\/exceladvisor.org\/de\/\"},{\"@type\":\"ListItem\",\"position\":2,\"name\":\"Wie f\u00fcge ich zeit in excel hinzu?\"}]},{\"@type\":\"WebSite\",\"@id\":\"https:\/\/exceladvisor.org\/de\/#website\",\"url\":\"https:\/\/exceladvisor.org\/de\/\",\"name\":\"Excel Advisor\",\"description\":\"Ihr Leitfaden zur Datendominanz\",\"publisher\":{\"@id\":\"https:\/\/exceladvisor.org\/de\/#organization\"},\"potentialAction\":[{\"@type\":\"SearchAction\",\"target\":{\"@type\":\"EntryPoint\",\"urlTemplate\":\"https:\/\/exceladvisor.org\/de\/?s={search_term_string}\"},\"query-input\":{\"@type\":\"PropertyValueSpecification\",\"valueRequired\":true,\"valueName\":\"search_term_string\"}}],\"inLanguage\":\"de\"},{\"@type\":\"Organization\",\"@id\":\"https:\/\/exceladvisor.org\/de\/#organization\",\"name\":\"Excel Advisor\",\"url\":\"https:\/\/exceladvisor.org\/de\/\",\"logo\":{\"@type\":\"ImageObject\",\"inLanguage\":\"de\",\"@id\":\"https:\/\/exceladvisor.org\/de\/#\/schema\/logo\/image\/\",\"url\":\"https:\/\/exceladvisor.org\/de\/wp-content\/uploads\/2023\/11\/exceladvisor.org_.png\",\"contentUrl\":\"https:\/\/exceladvisor.org\/de\/wp-content\/uploads\/2023\/11\/exceladvisor.org_.png\",\"width\":105,\"height\":36,\"caption\":\"Excel Advisor\"},\"image\":{\"@id\":\"https:\/\/exceladvisor.org\/de\/#\/schema\/logo\/image\/\"}}]}<\/script>\n<!-- \/ Yoast SEO plugin. -->","yoast_head_json":{"title":"Wie f\u00fcge ich Zeit in Excel hinzu? (Tutorial 2023)","description":"In diesem Tutorial lernen wir, wie man eine Formel schreibt, um die Zeitwerte eines Zellbereichs in Excel hinzuzuf\u00fcgen.","robots":{"index":"index","follow":"follow","max-snippet":"max-snippet:-1","max-image-preview":"max-image-preview:large","max-video-preview":"max-video-preview:-1"},"canonical":"https:\/\/exceladvisor.org\/de\/mittagsschlaf-2\/","og_locale":"de_DE","og_type":"article","og_title":"Wie f\u00fcge ich Zeit in Excel hinzu? (Tutorial 2023)","og_description":"In diesem Tutorial lernen wir, wie man eine Formel schreibt, um die Zeitwerte eines Zellbereichs in Excel hinzuzuf\u00fcgen.","og_url":"https:\/\/exceladvisor.org\/de\/mittagsschlaf-2\/","og_site_name":"Excel Advisor","article_modified_time":"2023-12-03T11:21:24+00:00","og_image":[{"url":"https:\/\/exceladvisor.org\/wp-content\/uploads\/2023\/08\/1-temps-de-somme-dans-excel.png","type":"","width":"","height":""}],"twitter_card":"summary_large_image","twitter_misc":{"Gesch\u00e4tzte Lesezeit":"2\u00a0Minuten"},"schema":{"@context":"https:\/\/schema.org","@graph":[{"@type":"WebPage","@id":"https:\/\/exceladvisor.org\/de\/mittagsschlaf-2\/","url":"https:\/\/exceladvisor.org\/de\/mittagsschlaf-2\/","name":"Wie f\u00fcge ich Zeit in Excel hinzu? (Tutorial 2023)","isPartOf":{"@id":"https:\/\/exceladvisor.org\/de\/#website"},"primaryImageOfPage":{"@id":"https:\/\/exceladvisor.org\/de\/mittagsschlaf-2\/#primaryimage"},"image":{"@id":"https:\/\/exceladvisor.org\/de\/mittagsschlaf-2\/#primaryimage"},"thumbnailUrl":"https:\/\/exceladvisor.org\/wp-content\/uploads\/2023\/08\/1-temps-de-somme-dans-excel.png","datePublished":"2023-11-09T17:04:53+00:00","dateModified":"2023-12-03T11:21:24+00:00","description":"In diesem Tutorial lernen wir, wie man eine Formel schreibt, um die Zeitwerte eines Zellbereichs in Excel hinzuzuf\u00fcgen.","breadcrumb":{"@id":"https:\/\/exceladvisor.org\/de\/mittagsschlaf-2\/#breadcrumb"},"inLanguage":"de","potentialAction":[{"@type":"ReadAction","target":["https:\/\/exceladvisor.org\/de\/mittagsschlaf-2\/"]}]},{"@type":"ImageObject","inLanguage":"de","@id":"https:\/\/exceladvisor.org\/de\/mittagsschlaf-2\/#primaryimage","url":"https:\/\/exceladvisor.org\/wp-content\/uploads\/2023\/08\/1-temps-de-somme-dans-excel.png","contentUrl":"https:\/\/exceladvisor.org\/wp-content\/uploads\/2023\/08\/1-temps-de-somme-dans-excel.png"},{"@type":"BreadcrumbList","@id":"https:\/\/exceladvisor.org\/de\/mittagsschlaf-2\/#breadcrumb","itemListElement":[{"@type":"ListItem","position":1,"name":"Accueil","item":"https:\/\/exceladvisor.org\/de\/"},{"@type":"ListItem","position":2,"name":"Wie f\u00fcge ich zeit in excel hinzu?"}]},{"@type":"WebSite","@id":"https:\/\/exceladvisor.org\/de\/#website","url":"https:\/\/exceladvisor.org\/de\/","name":"Excel Advisor","description":"Ihr Leitfaden zur Datendominanz","publisher":{"@id":"https:\/\/exceladvisor.org\/de\/#organization"},"potentialAction":[{"@type":"SearchAction","target":{"@type":"EntryPoint","urlTemplate":"https:\/\/exceladvisor.org\/de\/?s={search_term_string}"},"query-input":{"@type":"PropertyValueSpecification","valueRequired":true,"valueName":"search_term_string"}}],"inLanguage":"de"},{"@type":"Organization","@id":"https:\/\/exceladvisor.org\/de\/#organization","name":"Excel Advisor","url":"https:\/\/exceladvisor.org\/de\/","logo":{"@type":"ImageObject","inLanguage":"de","@id":"https:\/\/exceladvisor.org\/de\/#\/schema\/logo\/image\/","url":"https:\/\/exceladvisor.org\/de\/wp-content\/uploads\/2023\/11\/exceladvisor.org_.png","contentUrl":"https:\/\/exceladvisor.org\/de\/wp-content\/uploads\/2023\/11\/exceladvisor.org_.png","width":105,"height":36,"caption":"Excel Advisor"},"image":{"@id":"https:\/\/exceladvisor.org\/de\/#\/schema\/logo\/image\/"}}]}},"yoast_meta":{"yoast_wpseo_title":"","yoast_wpseo_metadesc":"","yoast_wpseo_canonical":""},"_links":{"self":[{"href":"https:\/\/exceladvisor.org\/de\/wp-json\/wp\/v2\/pages\/3218","targetHints":{"allow":["GET"]}}],"collection":[{"href":"https:\/\/exceladvisor.org\/de\/wp-json\/wp\/v2\/pages"}],"about":[{"href":"https:\/\/exceladvisor.org\/de\/wp-json\/wp\/v2\/types\/page"}],"author":[{"embeddable":true,"href":"https:\/\/exceladvisor.org\/de\/wp-json\/wp\/v2\/users\/1"}],"replies":[{"embeddable":true,"href":"https:\/\/exceladvisor.org\/de\/wp-json\/wp\/v2\/comments?post=3218"}],"version-history":[{"count":1,"href":"https:\/\/exceladvisor.org\/de\/wp-json\/wp\/v2\/pages\/3218\/revisions"}],"predecessor-version":[{"id":4062,"href":"https:\/\/exceladvisor.org\/de\/wp-json\/wp\/v2\/pages\/3218\/revisions\/4062"}],"wp:attachment":[{"href":"https:\/\/exceladvisor.org\/de\/wp-json\/wp\/v2\/media?parent=3218"}],"curies":[{"name":"wp","href":"https:\/\/api.w.org\/{rel}","templated":true}]}}