{"id":3219,"date":"2023-11-08T22:51:33","date_gmt":"2023-11-08T22:51:33","guid":{"rendered":"https:\/\/exceladvisor.org\/de\/xlookup-mit-mehreren-kriterien\/"},"modified":"2023-12-03T13:06:14","modified_gmt":"2023-12-03T13:06:14","slug":"xlookup-mit-mehreren-kriterien","status":"publish","type":"page","link":"https:\/\/exceladvisor.org\/de\/xlookup-mit-mehreren-kriterien\/","title":{"rendered":"Xlookup mit mehreren kriterien in excel"},"content":{"rendered":"<div class=\"excel-vor-dem-inhalt\" id=\"excel-336105356\"><script type=\"text\/javascript\">\r\n\tatOptions = {\r\n\t\t'key' : 'c1158f160081d6540a8409e6925dab94',\r\n\t\t'format' : 'iframe',\r\n\t\t'height' : 250,\r\n\t\t'width' : 300,\r\n\t\t'params' : {}\r\n\t};\r\n<\/script>\r\n<script type=\"text\/javascript\" src=\"\/\/www.highperformanceformat.com\/c1158f160081d6540a8409e6925dab94\/invoke.js\"><\/script><\/div> <p>Wenn Sie nach mehreren Kriterien suchen m\u00f6chten, k\u00f6nnen Sie XLOOKUP verwenden. Und in XLOOKUP gibt es zwei M\u00f6glichkeiten, dies zu tun. In diesem Tutorial werden wir uns beide Methoden im Detail ansehen und verstehen.<\/p><p> Im folgenden Beispiel haben wir eine Liste von Sch\u00fclern mit Rollennummern, Namen und Punktzahlen. <\/p><div class=\"wp-block-image\"><figure class=\"aligncenter size-full is-resized\"><img loading=\"lazy\" decoding=\"async\" class=\"wp-image-85860\" src=\"https:\/\/exceladvisor.org\/wp-content\/uploads\/2023\/08\/1-xlookup-avec-plusieurs-criteres.png\" sizes=\"auto, \" srcset=\"\" alt=\"xlookup-mit-mehreren-kriterien\" width=\"383\" height=\"407\"><\/figure><\/div><h2 class=\"wp-block-heading\"> Mehrere Kriterien mit XLOOKUP (Hilfsspaltenmethode)<\/h2><ol><li> F\u00fcgen Sie zun\u00e4chst eine neue Spalte hinzu, die als Hilfsspalte verwendet werden soll. <br><img loading=\"lazy\" decoding=\"async\" title=\"2-Neue-Spalte hinzuf\u00fcgen\" src=\"https:\/\/exceladvisor.org\/wp-content\/uploads\/2023\/08\/2-ajouter-une-nouvelle-colonne.png\" sizes=\"auto, \" srcset=\"\" alt=\"add-new-column\" width=\"524\" height=\"238\"><\/li><li> Jetzt m\u00fcssen Sie in der Spalte des Assistenten die Rollennummer und den Namen des Sch\u00fclers kombinieren. <br><img loading=\"lazy\" decoding=\"async\" title=\"3-Daten-in-einer-neuen-Spalte kombinieren\" src=\"https:\/\/exceladvisor.org\/wp-content\/uploads\/2023\/08\/3-combiner-les-donnees-dans-une-nouvelle-colonne.png\" sizes=\"auto, \" srcset=\"\" alt=\"combine-data-in-new-column\" width=\"523\" height=\"221\"><\/li><li> Erstellen Sie anschlie\u00dfend den verketteten Wert, nach dem gesucht werden soll. Schreiben Sie dann in zwei Zellen die Rollennummer und den Namen des Sch\u00fclers. <br><img loading=\"lazy\" decoding=\"async\" title=\"4-verketteten-Wert erstellen\" src=\"https:\/\/exceladvisor.org\/wp-content\/uploads\/2023\/08\/4-creer-une-valeur-concatenee.png\" sizes=\"auto, \" srcset=\"\" alt=\"create-concatenated-value\" width=\"665\" height=\"183\"><\/li><li> Geben Sie als N\u00e4chstes XLOOKUP ein und kombinieren Sie die Werte aus dem F2- und G2-Aufruf, um sie als Suchwert in der Funktion zu verwenden. <br><img loading=\"lazy\" decoding=\"async\" title=\"5-xlookup-with-combined-values\" src=\"https:\/\/exceladvisor.org\/wp-content\/uploads\/2023\/08\/5-xlookup-avec-des-valeurs-combinees.png\" sizes=\"auto, \" srcset=\"\" alt=\"xlookup-with-combined-values\" width=\"428\" height=\"97\"><\/li><li> Von dort aus bezeichnen Sie die Spalte \u201eAssist\u201c als \u201elookup_array\u201c und die Spalte \u201eScore\u201c als \u201ereturn_array\u201c. <br><img loading=\"lazy\" decoding=\"async\" title=\"6-auf-Hilfe-Spalte-als-Nachschlagetabelle verweisen\" src=\"https:\/\/exceladvisor.org\/wp-content\/uploads\/2023\/08\/6-se-referer-a-la-colonne-dassistance-en-tant-que-tableau-de-recherche.png\" sizes=\"auto, \" srcset=\"\" alt=\"refer-to-helper-column-as-lookup-array\" width=\"693\" height=\"353\"><\/li><li> Dr\u00fccken Sie am Ende die Eingabetaste, um das Ergebnis zu erhalten. <br><img loading=\"lazy\" decoding=\"async\" title=\"7-xlookup-Ergebnis-mit-mehreren-Kriterien\" src=\"https:\/\/exceladvisor.org\/wp-content\/uploads\/2023\/08\/7-resultat-xlookup-avec-plusieurs-criteres.png\" sizes=\"auto, \" srcset=\"\" alt=\"xlookup-result-with-multiple-criteria\" width=\"673\" height=\"266\"><\/li><\/ol><p> Sie k\u00f6nnen die anderen optionalen Argumente in XLOOKUP verwenden, wenn Sie m\u00f6chten.<\/p><h2 class=\"wp-block-heading\"> Mehrere Kriterien mit XLOOKUP (Array-Methode)<\/h2><p> Sie k\u00f6nnen eine Tabelle verwenden, wenn Sie die Hilfsspalte nicht verwenden m\u00f6chten. Beginnen wir mit dem Schreiben dieser Formel und lernen dann, wie sie funktioniert.<\/p><ol><li> Geben Sie XLOOKUP in eine Zelle ein und geben Sie in lookup_value 1 ein. <br><img loading=\"lazy\" decoding=\"async\" title=\"8-xlookup-array-Methode\" src=\"https:\/\/exceladvisor.org\/wp-content\/uploads\/2023\/08\/8-methode-de-tableau-xlookup.png\" sizes=\"auto, \" srcset=\"\" alt=\"xlookup-array-method\" width=\"673\" height=\"258\"><\/li><li> Jetzt m\u00fcssen wir eine Tabelle erstellen, um die Rollennummer in der Spalte \u201eRollennummer\u201c und den Namen in der Spalte \u201eName\u201c zu finden. Geben Sie also (A2:A20=E2)*(B2:B20=F2) in die Nachschlagetabelle ein. <br><img loading=\"lazy\" decoding=\"async\" title=\"9-erstelle-ein-board\" src=\"https:\/\/exceladvisor.org\/wp-content\/uploads\/2023\/08\/9-creer-un-tableau.png\" sizes=\"auto, \" srcset=\"\" alt=\"create-an-array\" width=\"630\" height=\"119\"><\/li><li> Beziehen Sie sich anschlie\u00dfend im return_array auf die Spalte \u201escore\u201c. <br><img loading=\"lazy\" decoding=\"async\" title=\"10-in-Return-Array-verweisen-auf eine andere Spalte\" src=\"https:\/\/exceladvisor.org\/wp-content\/uploads\/2023\/08\/10-dans-le-tableau-de-retour-renvoient-a-une-autre-colonne.png\" sizes=\"auto, \" srcset=\"\" alt=\"in-return-array-refer-another-column\" width=\"694\" height=\"91\"><\/li><li> Schlie\u00dfen Sie am Ende die Funktion und dr\u00fccken Sie die Eingabetaste, um das Ergebnis zu erhalten. <br><img loading=\"lazy\" decoding=\"async\" title=\"11-erhalte-das-ergebnis\" src=\"https:\/\/exceladvisor.org\/wp-content\/uploads\/2023\/08\/11-obtenir-le-resultat.png\" sizes=\"auto, \" srcset=\"\" alt=\"get-the-result\" width=\"632\" height=\"383\"><\/li><\/ol><p> Die Tabellen machen diese Formel wirkungsvoll. <\/p><div class=\"wp-block-image\"><figure class=\"aligncenter size-full is-resized\"><img loading=\"lazy\" decoding=\"async\" class=\"wp-image-85871\" src=\"https:\/\/exceladvisor.org\/wp-content\/uploads\/2023\/08\/12-tableaux-rendent-la-formule-puissante.png\" sizes=\"auto, \" srcset=\"\" alt=\"Tabellen machen Formeln leistungsstark\" width=\"643\" height=\"71\"><\/figure><\/div><p> Lassen Sie uns dies im Detail verstehen.<\/p><p> Im ersten Teil der Tabelle haben wir den Namen in der Namensspalte getestet und ein Array mit TRUE und FALSE zur\u00fcckgegeben. <\/p><div class=\"wp-block-image\"><figure class=\"aligncenter size-full is-resized\"><img loading=\"lazy\" decoding=\"async\" class=\"wp-image-85872\" src=\"https:\/\/exceladvisor.org\/wp-content\/uploads\/2023\/08\/13-tableau-renvoie-vrai-ou-faux.png\" sizes=\"auto, \" srcset=\"\" alt=\"Array gibt \u201ewahr oder falsch\u201c zur\u00fcck\" width=\"565\" height=\"227\"><\/figure><\/div><p> Sie k\u00f6nnen sehen, dass wir an der sechsten Position in der Tabelle TRUE haben. Dies ist die Position des gesuchten Namens in der Namensspalte. <\/p><div class=\"wp-block-image\"><figure class=\"aligncenter size-full is-resized\"><img loading=\"lazy\" decoding=\"async\" class=\"wp-image-85873\" src=\"https:\/\/exceladvisor.org\/wp-content\/uploads\/2023\/08\/14-vrai-fait-reference-a-la-position-de-la-valeur-referencee.png\" sizes=\"auto, \" srcset=\"\" alt=\"wahr-bezieht-sich-auf-die-position-des-referenzwerts\" width=\"684\" height=\"355\"><\/figure><\/div><p> Das Gleiche steht in der zweiten Tabelle, wo wir TRUE f\u00fcr die gesuchte Rollennummer haben. <\/p><div class=\"wp-block-image\"><figure class=\"aligncenter size-full is-resized\"><img loading=\"lazy\" decoding=\"async\" class=\"wp-image-85874\" src=\"https:\/\/exceladvisor.org\/wp-content\/uploads\/2023\/08\/15-vrai-pour-une-autre-valeur-de-recherche.png\" sizes=\"auto, \" srcset=\"\" alt=\"true-for-other-lookup-value\" width=\"642\" height=\"375\"><\/figure><\/div><p> Wenn Sie au\u00dferdem die beiden Arrays multiplizieren, erhalten Sie ein neues Array mit 0 und 1. In diesem Array steht 1 an der sechsten Position. <\/p><div class=\"wp-block-image\"><figure class=\"aligncenter size-full is-resized\"><img loading=\"lazy\" decoding=\"async\" class=\"wp-image-85875\" src=\"https:\/\/exceladvisor.org\/wp-content\/uploads\/2023\/08\/16-multiplier-les-deux-tableaux.png\" sizes=\"auto, \" srcset=\"\" alt=\"Beide Arrays multiplizieren\" width=\"700\" height=\"63\"><\/figure><\/div><p> Wir haben \u201elookup_value 1\u201c in der Funktion und das Array in \u201elookup_array 1\u201c befindet sich an der sechsten Position. Aus diesem Grund gibt XLOOKUP die Punktzahl ab der sechsten Position zur\u00fcck. <\/p><div class=\"gb-container gb-container-52dfcee1 gb-container-sample-file\"><h2 class=\"gb-headline gb-headline-e289c143 gb-headline-text gb-headline-4f7959c2\"> Holen Sie sich die Excel-Datei<\/h2> <a class=\"gb-button gb-button-e88d6bee gb-button-text gb-button-button1\" href=\"https:\/\/exceladvisor.org\/wp-content\/uploads\/2023\/08\/xlookup-plusieurs-criteres-2.xlsx\" rel=\"nofollow\">Herunterladen<\/a><\/div>","protected":false},"excerpt":{"rendered":"","protected":false},"author":1,"featured_media":0,"parent":0,"menu_order":0,"comment_status":"open","ping_status":"closed","template":"","meta":{"ub_ctt_via":"","footnotes":""},"class_list":["post-3219","page","type-page","status-publish","hentry"],"featured_image_src":null,"yoast_head":"<!-- This site is optimized with the Yoast SEO plugin v25.4 - https:\/\/yoast.com\/wordpress\/plugins\/seo\/ -->\n<title>XLOOKUP mit mehreren Kriterien in Excel \u2013 Excel Advisor<\/title>\n<meta name=\"description\" content=\"In diesem Tutorial erfahren Sie, wie Sie eine Excel-Formel schreiben, um XLOOKUP mit mehreren Kriterien zu verwenden. Lassen Sie uns das \u00fcberpr\u00fcfen...\" \/>\n<meta name=\"robots\" content=\"index, follow, max-snippet:-1, max-image-preview:large, max-video-preview:-1\" \/>\n<link rel=\"canonical\" href=\"https:\/\/exceladvisor.org\/de\/xlookup-mit-mehreren-kriterien\/\" \/>\n<meta property=\"og:locale\" content=\"de_DE\" \/>\n<meta property=\"og:type\" content=\"article\" \/>\n<meta property=\"og:title\" content=\"XLOOKUP mit mehreren Kriterien in Excel \u2013 Excel Advisor\" \/>\n<meta property=\"og:description\" content=\"In diesem Tutorial erfahren Sie, wie Sie eine Excel-Formel schreiben, um XLOOKUP mit mehreren Kriterien zu verwenden. Lassen Sie uns das \u00fcberpr\u00fcfen...\" \/>\n<meta property=\"og:url\" content=\"https:\/\/exceladvisor.org\/de\/xlookup-mit-mehreren-kriterien\/\" \/>\n<meta property=\"og:site_name\" content=\"Excel Advisor\" \/>\n<meta property=\"article:modified_time\" content=\"2023-12-03T13:06:14+00:00\" \/>\n<meta property=\"og:image\" content=\"https:\/\/exceladvisor.org\/wp-content\/uploads\/2023\/08\/1-xlookup-avec-plusieurs-criteres.png\" \/>\n<meta name=\"twitter:card\" content=\"summary_large_image\" \/>\n<meta name=\"twitter:label1\" content=\"Gesch\u00e4tzte Lesezeit\" \/>\n\t<meta name=\"twitter:data1\" content=\"2\u00a0Minuten\" \/>\n<script type=\"application\/ld+json\" class=\"yoast-schema-graph\">{\"@context\":\"https:\/\/schema.org\",\"@graph\":[{\"@type\":\"WebPage\",\"@id\":\"https:\/\/exceladvisor.org\/de\/xlookup-mit-mehreren-kriterien\/\",\"url\":\"https:\/\/exceladvisor.org\/de\/xlookup-mit-mehreren-kriterien\/\",\"name\":\"XLOOKUP mit mehreren Kriterien in Excel \u2013 Excel Advisor\",\"isPartOf\":{\"@id\":\"https:\/\/exceladvisor.org\/de\/#website\"},\"primaryImageOfPage\":{\"@id\":\"https:\/\/exceladvisor.org\/de\/xlookup-mit-mehreren-kriterien\/#primaryimage\"},\"image\":{\"@id\":\"https:\/\/exceladvisor.org\/de\/xlookup-mit-mehreren-kriterien\/#primaryimage\"},\"thumbnailUrl\":\"https:\/\/exceladvisor.org\/wp-content\/uploads\/2023\/08\/1-xlookup-avec-plusieurs-criteres.png\",\"datePublished\":\"2023-11-08T22:51:33+00:00\",\"dateModified\":\"2023-12-03T13:06:14+00:00\",\"description\":\"In diesem Tutorial erfahren Sie, wie Sie eine Excel-Formel schreiben, um XLOOKUP mit mehreren Kriterien zu verwenden. Lassen Sie uns das \u00fcberpr\u00fcfen...\",\"breadcrumb\":{\"@id\":\"https:\/\/exceladvisor.org\/de\/xlookup-mit-mehreren-kriterien\/#breadcrumb\"},\"inLanguage\":\"de\",\"potentialAction\":[{\"@type\":\"ReadAction\",\"target\":[\"https:\/\/exceladvisor.org\/de\/xlookup-mit-mehreren-kriterien\/\"]}]},{\"@type\":\"ImageObject\",\"inLanguage\":\"de\",\"@id\":\"https:\/\/exceladvisor.org\/de\/xlookup-mit-mehreren-kriterien\/#primaryimage\",\"url\":\"https:\/\/exceladvisor.org\/wp-content\/uploads\/2023\/08\/1-xlookup-avec-plusieurs-criteres.png\",\"contentUrl\":\"https:\/\/exceladvisor.org\/wp-content\/uploads\/2023\/08\/1-xlookup-avec-plusieurs-criteres.png\"},{\"@type\":\"BreadcrumbList\",\"@id\":\"https:\/\/exceladvisor.org\/de\/xlookup-mit-mehreren-kriterien\/#breadcrumb\",\"itemListElement\":[{\"@type\":\"ListItem\",\"position\":1,\"name\":\"Accueil\",\"item\":\"https:\/\/exceladvisor.org\/de\/\"},{\"@type\":\"ListItem\",\"position\":2,\"name\":\"Xlookup mit mehreren kriterien in excel\"}]},{\"@type\":\"WebSite\",\"@id\":\"https:\/\/exceladvisor.org\/de\/#website\",\"url\":\"https:\/\/exceladvisor.org\/de\/\",\"name\":\"Excel Advisor\",\"description\":\"Ihr Leitfaden zur Datendominanz\",\"publisher\":{\"@id\":\"https:\/\/exceladvisor.org\/de\/#organization\"},\"potentialAction\":[{\"@type\":\"SearchAction\",\"target\":{\"@type\":\"EntryPoint\",\"urlTemplate\":\"https:\/\/exceladvisor.org\/de\/?s={search_term_string}\"},\"query-input\":{\"@type\":\"PropertyValueSpecification\",\"valueRequired\":true,\"valueName\":\"search_term_string\"}}],\"inLanguage\":\"de\"},{\"@type\":\"Organization\",\"@id\":\"https:\/\/exceladvisor.org\/de\/#organization\",\"name\":\"Excel Advisor\",\"url\":\"https:\/\/exceladvisor.org\/de\/\",\"logo\":{\"@type\":\"ImageObject\",\"inLanguage\":\"de\",\"@id\":\"https:\/\/exceladvisor.org\/de\/#\/schema\/logo\/image\/\",\"url\":\"https:\/\/exceladvisor.org\/de\/wp-content\/uploads\/2023\/11\/exceladvisor.org_.png\",\"contentUrl\":\"https:\/\/exceladvisor.org\/de\/wp-content\/uploads\/2023\/11\/exceladvisor.org_.png\",\"width\":105,\"height\":36,\"caption\":\"Excel Advisor\"},\"image\":{\"@id\":\"https:\/\/exceladvisor.org\/de\/#\/schema\/logo\/image\/\"}}]}<\/script>\n<!-- \/ Yoast SEO plugin. -->","yoast_head_json":{"title":"XLOOKUP mit mehreren Kriterien in Excel \u2013 Excel Advisor","description":"In diesem Tutorial erfahren Sie, wie Sie eine Excel-Formel schreiben, um XLOOKUP mit mehreren Kriterien zu verwenden. Lassen Sie uns das \u00fcberpr\u00fcfen...","robots":{"index":"index","follow":"follow","max-snippet":"max-snippet:-1","max-image-preview":"max-image-preview:large","max-video-preview":"max-video-preview:-1"},"canonical":"https:\/\/exceladvisor.org\/de\/xlookup-mit-mehreren-kriterien\/","og_locale":"de_DE","og_type":"article","og_title":"XLOOKUP mit mehreren Kriterien in Excel \u2013 Excel Advisor","og_description":"In diesem Tutorial erfahren Sie, wie Sie eine Excel-Formel schreiben, um XLOOKUP mit mehreren Kriterien zu verwenden. Lassen Sie uns das \u00fcberpr\u00fcfen...","og_url":"https:\/\/exceladvisor.org\/de\/xlookup-mit-mehreren-kriterien\/","og_site_name":"Excel Advisor","article_modified_time":"2023-12-03T13:06:14+00:00","og_image":[{"url":"https:\/\/exceladvisor.org\/wp-content\/uploads\/2023\/08\/1-xlookup-avec-plusieurs-criteres.png","type":"","width":"","height":""}],"twitter_card":"summary_large_image","twitter_misc":{"Gesch\u00e4tzte Lesezeit":"2\u00a0Minuten"},"schema":{"@context":"https:\/\/schema.org","@graph":[{"@type":"WebPage","@id":"https:\/\/exceladvisor.org\/de\/xlookup-mit-mehreren-kriterien\/","url":"https:\/\/exceladvisor.org\/de\/xlookup-mit-mehreren-kriterien\/","name":"XLOOKUP mit mehreren Kriterien in Excel \u2013 Excel Advisor","isPartOf":{"@id":"https:\/\/exceladvisor.org\/de\/#website"},"primaryImageOfPage":{"@id":"https:\/\/exceladvisor.org\/de\/xlookup-mit-mehreren-kriterien\/#primaryimage"},"image":{"@id":"https:\/\/exceladvisor.org\/de\/xlookup-mit-mehreren-kriterien\/#primaryimage"},"thumbnailUrl":"https:\/\/exceladvisor.org\/wp-content\/uploads\/2023\/08\/1-xlookup-avec-plusieurs-criteres.png","datePublished":"2023-11-08T22:51:33+00:00","dateModified":"2023-12-03T13:06:14+00:00","description":"In diesem Tutorial erfahren Sie, wie Sie eine Excel-Formel schreiben, um XLOOKUP mit mehreren Kriterien zu verwenden. Lassen Sie uns das \u00fcberpr\u00fcfen...","breadcrumb":{"@id":"https:\/\/exceladvisor.org\/de\/xlookup-mit-mehreren-kriterien\/#breadcrumb"},"inLanguage":"de","potentialAction":[{"@type":"ReadAction","target":["https:\/\/exceladvisor.org\/de\/xlookup-mit-mehreren-kriterien\/"]}]},{"@type":"ImageObject","inLanguage":"de","@id":"https:\/\/exceladvisor.org\/de\/xlookup-mit-mehreren-kriterien\/#primaryimage","url":"https:\/\/exceladvisor.org\/wp-content\/uploads\/2023\/08\/1-xlookup-avec-plusieurs-criteres.png","contentUrl":"https:\/\/exceladvisor.org\/wp-content\/uploads\/2023\/08\/1-xlookup-avec-plusieurs-criteres.png"},{"@type":"BreadcrumbList","@id":"https:\/\/exceladvisor.org\/de\/xlookup-mit-mehreren-kriterien\/#breadcrumb","itemListElement":[{"@type":"ListItem","position":1,"name":"Accueil","item":"https:\/\/exceladvisor.org\/de\/"},{"@type":"ListItem","position":2,"name":"Xlookup mit mehreren kriterien in excel"}]},{"@type":"WebSite","@id":"https:\/\/exceladvisor.org\/de\/#website","url":"https:\/\/exceladvisor.org\/de\/","name":"Excel Advisor","description":"Ihr Leitfaden zur Datendominanz","publisher":{"@id":"https:\/\/exceladvisor.org\/de\/#organization"},"potentialAction":[{"@type":"SearchAction","target":{"@type":"EntryPoint","urlTemplate":"https:\/\/exceladvisor.org\/de\/?s={search_term_string}"},"query-input":{"@type":"PropertyValueSpecification","valueRequired":true,"valueName":"search_term_string"}}],"inLanguage":"de"},{"@type":"Organization","@id":"https:\/\/exceladvisor.org\/de\/#organization","name":"Excel Advisor","url":"https:\/\/exceladvisor.org\/de\/","logo":{"@type":"ImageObject","inLanguage":"de","@id":"https:\/\/exceladvisor.org\/de\/#\/schema\/logo\/image\/","url":"https:\/\/exceladvisor.org\/de\/wp-content\/uploads\/2023\/11\/exceladvisor.org_.png","contentUrl":"https:\/\/exceladvisor.org\/de\/wp-content\/uploads\/2023\/11\/exceladvisor.org_.png","width":105,"height":36,"caption":"Excel Advisor"},"image":{"@id":"https:\/\/exceladvisor.org\/de\/#\/schema\/logo\/image\/"}}]}},"yoast_meta":{"yoast_wpseo_title":"","yoast_wpseo_metadesc":"","yoast_wpseo_canonical":""},"_links":{"self":[{"href":"https:\/\/exceladvisor.org\/de\/wp-json\/wp\/v2\/pages\/3219","targetHints":{"allow":["GET"]}}],"collection":[{"href":"https:\/\/exceladvisor.org\/de\/wp-json\/wp\/v2\/pages"}],"about":[{"href":"https:\/\/exceladvisor.org\/de\/wp-json\/wp\/v2\/types\/page"}],"author":[{"embeddable":true,"href":"https:\/\/exceladvisor.org\/de\/wp-json\/wp\/v2\/users\/1"}],"replies":[{"embeddable":true,"href":"https:\/\/exceladvisor.org\/de\/wp-json\/wp\/v2\/comments?post=3219"}],"version-history":[{"count":1,"href":"https:\/\/exceladvisor.org\/de\/wp-json\/wp\/v2\/pages\/3219\/revisions"}],"predecessor-version":[{"id":4442,"href":"https:\/\/exceladvisor.org\/de\/wp-json\/wp\/v2\/pages\/3219\/revisions\/4442"}],"wp:attachment":[{"href":"https:\/\/exceladvisor.org\/de\/wp-json\/wp\/v2\/media?parent=3219"}],"curies":[{"name":"wp","href":"https:\/\/api.w.org\/{rel}","templated":true}]}}