{"id":3220,"date":"2023-11-08T22:28:31","date_gmt":"2023-11-08T22:28:31","guid":{"rendered":"https:\/\/exceladvisor.org\/de\/xlookup-alle-ubereinstimmungen-2\/"},"modified":"2023-12-03T11:12:38","modified_gmt":"2023-12-03T11:12:38","slug":"xlookup-alle-ubereinstimmungen-2","status":"publish","type":"page","link":"https:\/\/exceladvisor.org\/de\/xlookup-alle-ubereinstimmungen-2\/","title":{"rendered":"K\u00f6nnen wir alle \u00fcbereinstimmungen in xlookup zur\u00fcckgeben?"},"content":{"rendered":"<div class=\"excel-vor-dem-inhalt\" id=\"excel-2989630408\"><script type=\"text\/javascript\">\r\n\tatOptions = {\r\n\t\t'key' : 'c1158f160081d6540a8409e6925dab94',\r\n\t\t'format' : 'iframe',\r\n\t\t'height' : 250,\r\n\t\t'width' : 300,\r\n\t\t'params' : {}\r\n\t};\r\n<\/script>\r\n<script type=\"text\/javascript\" src=\"\/\/www.highperformanceformat.com\/c1158f160081d6540a8409e6925dab94\/invoke.js\"><\/script><\/div> <p><strong>Kurze Antwort: Das ist nicht m\u00f6glich.<\/strong> Aber machen Sie sich keine Sorgen, denn es gibt eine bessere Funktion, um das zu bekommen, was Sie wollen. Ja, alle \u00dcbereinstimmungen. Und die Funktion ist FILTER. <\/p><div class=\"wp-block-image\"><figure class=\"aligncenter size-full is-resized\"><img loading=\"lazy\" decoding=\"async\" class=\"wp-image-85877\" src=\"https:\/\/exceladvisor.org\/wp-content\/uploads\/2023\/08\/1-xlookup-renvoie-toutes-les-correspondances.png\" sizes=\"auto, \" srcset=\"\" alt=\"xlookup-returns-all-matches\" width=\"718\" height=\"458\"><\/figure><\/div><p> Im obigen Beispiel haben wir alle Daten, die EAST entsprechen, in der Zonenspalte.<\/p><h2 class=\"wp-block-heading\"> Die Formel<\/h2><p> So verwenden Sie diese Funktion, um alle \u00dcbereinstimmungen zu erhalten:<\/p><ol><li> Geben Sie zun\u00e4chst die FILTER-Funktion in eine Zelle ein. <br><img loading=\"lazy\" decoding=\"async\" title=\"2 Filterfunktion zum Abgleichen von Daten\" src=\"https:\/\/exceladvisor.org\/wp-content\/uploads\/2023\/08\/2-fonction-de-filtrage-pour-faire-correspondre-les-donnees.png\" sizes=\"auto, \" srcset=\"\" alt=\"filter-function-to-match-data\" width=\"647\" height=\"266\"><\/li><li> W\u00e4hlen Sie anschlie\u00dfend im Array-Argument den gesamten Datenbereich aus. <br><img loading=\"lazy\" decoding=\"async\" title=\"3-W\u00e4hlbereich\" src=\"https:\/\/exceladvisor.org\/wp-content\/uploads\/2023\/08\/3-selectionner-la-gamme-2.png\" sizes=\"auto, \" srcset=\"\" alt=\"select-the-range\" width=\"606\" height=\"353\"><\/li><li> W\u00e4hlen Sie dann im Include-Argument die Spalte aus, aus der Sie alle \u00fcbereinstimmenden Werte \u00fcberpr\u00fcfen m\u00f6chten. <br><img loading=\"lazy\" decoding=\"async\" title=\"4 Spalten, aus denen Sie Korrespondenzen pr\u00fcfen m\u00f6chten\" src=\"https:\/\/exceladvisor.org\/wp-content\/uploads\/2023\/08\/4-colonnes-a-partir-desquelles-vous-voulez-verifier-les-correspondances.png\" sizes=\"auto, \" srcset=\"\" alt=\"column-from-which-want-to-check-matches\" width=\"615\" height=\"124\"><\/li><li> Geben Sie im gleichen Argument nach diesem Spaltenbereich das Gleichheitszeichen (=) und den Wert ein, der auf \u00dcbereinstimmungen \u00fcberpr\u00fcft werden soll. Verwenden Sie auch hier doppelte Anf\u00fchrungszeichen, um den Text anzugeben. <br><img loading=\"lazy\" decoding=\"async\" title=\"5-Gleichheitszeichen-zu-\u00dcbereinstimmungswerte eingeben\" src=\"https:\/\/exceladvisor.org\/wp-content\/uploads\/2023\/08\/5-entrez-le-signe-egal-pour-faire-correspondre-les-valeurs.png\" sizes=\"auto, \" srcset=\"\" alt=\"enter-equal-sign-to-match-values\" width=\"593\" height=\"235\"><\/li><li> Schlie\u00dfen Sie die Funktion und dr\u00fccken Sie die Eingabetaste, um das Ergebnis zu erhalten.<\/li><\/ol><p> Und sobald Sie die Eingabetaste dr\u00fccken, wird ein Array mit allen \u00dcbereinstimmungen zur\u00fcckgegeben, bei denen der Boxwert \u201eOst\u201c ist. <\/p><div class=\"wp-block-image\"><figure class=\"aligncenter size-full is-resized\"><img loading=\"lazy\" decoding=\"async\" class=\"wp-image-85882\" src=\"https:\/\/exceladvisor.org\/wp-content\/uploads\/2023\/08\/6-tableaux-avec-toutes-les-correspondances.png\" sizes=\"auto, \" srcset=\"\" alt=\"Tabelle mit allen Korrespondenzen\" width=\"724\" height=\"311\"><\/figure><\/div><p> Ja, FILTER ist eine dynamische Array-Funktion, bei der Sie nicht STRG+UMSCHALT+EINGABETASTE verwenden m\u00fcssen, um das Ergebnis zu erhalten.<\/p><p> Es erh\u00e4lt automatisch die Antwort in einem Bereich, der auf seiner Gr\u00f6\u00dfe basiert. Sie m\u00fcssen also sicherstellen, dass in dem Bereich, in dem Sie die Funktion aufrufen, gen\u00fcgend Platz vorhanden ist, um alle \u00dcbereinstimmungen f\u00fcr Sie abzurufen.<\/p><p> Wenn Sie irgendwo im Bereich einen Wert haben, der von dem von der FILTER-Funktion zur\u00fcckgegebenen Array verwendet werden soll, erhalten Sie die <a href=\"https:\/\/exceladvisor.org\/de\/verschuttungsfehler\/\">Fehlermeldung #SPILL! Fehler<\/a> . <\/p><div class=\"wp-block-image\"><figure class=\"aligncenter size-full is-resized\"><img loading=\"lazy\" decoding=\"async\" class=\"wp-image-85883\" src=\"https:\/\/exceladvisor.org\/wp-content\/uploads\/2023\/08\/7-filtre-est-une-fonction-dynamique.png\" sizes=\"auto, \" srcset=\"\" alt=\"Der Filter ist eine dynamische Funktion\" width=\"722\" height=\"314\"><\/figure><\/div><div class=\"wp-block-group download-box is-layout-constrained\"><div class=\"wp-block-group__inner-container\"><h2 class=\"wp-block-heading\"> Laden Sie eine Beispieldatei herunter <\/h2><ul id=\"ub_styled_list-783c7262-bbc4-413a-8992-98444db87668\" class=\"ub_styled_list\"><li class=\"ub_styled_list_item\"> <a href=\"https:\/\/exceladvisor.org\/wp-content\/uploads\/2023\/08\/xlookup-toutes-les-correspondances.xlsx\" rel=\"nofollow\">Dateibeispiel<\/a><\/li><\/ul><\/div><\/div>","protected":false},"excerpt":{"rendered":"","protected":false},"author":1,"featured_media":0,"parent":0,"menu_order":0,"comment_status":"open","ping_status":"closed","template":"","meta":{"ub_ctt_via":"","footnotes":""},"class_list":["post-3220","page","type-page","status-publish","hentry"],"featured_image_src":null,"yoast_head":"<!-- This site is optimized with the Yoast SEO plugin v25.4 - https:\/\/yoast.com\/wordpress\/plugins\/seo\/ -->\n<title>K\u00f6nnen wir alle \u00dcbereinstimmungen in XLOOKUP zur\u00fcckgeben?<\/title>\n<meta name=\"description\" content=\"In diesem Tutorial lernen Sie, wie Sie eine Excel-Formel schreiben, um zu sehen, ob XLOOKUP alle \u00dcbereinstimmungen zur\u00fcckgeben kann oder nicht.\" \/>\n<meta name=\"robots\" content=\"index, follow, max-snippet:-1, max-image-preview:large, max-video-preview:-1\" \/>\n<link rel=\"canonical\" href=\"https:\/\/exceladvisor.org\/de\/xlookup-alle-ubereinstimmungen-2\/\" \/>\n<meta property=\"og:locale\" content=\"de_DE\" \/>\n<meta property=\"og:type\" content=\"article\" \/>\n<meta property=\"og:title\" content=\"K\u00f6nnen wir alle \u00dcbereinstimmungen in XLOOKUP zur\u00fcckgeben?\" \/>\n<meta property=\"og:description\" content=\"In diesem Tutorial lernen Sie, wie Sie eine Excel-Formel schreiben, um zu sehen, ob XLOOKUP alle \u00dcbereinstimmungen zur\u00fcckgeben kann oder nicht.\" \/>\n<meta property=\"og:url\" content=\"https:\/\/exceladvisor.org\/de\/xlookup-alle-ubereinstimmungen-2\/\" \/>\n<meta property=\"og:site_name\" content=\"Excel Advisor\" \/>\n<meta property=\"article:modified_time\" content=\"2023-12-03T11:12:38+00:00\" \/>\n<meta property=\"og:image\" content=\"https:\/\/exceladvisor.org\/wp-content\/uploads\/2023\/08\/1-xlookup-renvoie-toutes-les-correspondances.png\" \/>\n<meta name=\"twitter:card\" content=\"summary_large_image\" \/>\n<meta name=\"twitter:label1\" content=\"Gesch\u00e4tzte Lesezeit\" \/>\n\t<meta name=\"twitter:data1\" content=\"1\u00a0Minute\" \/>\n<script type=\"application\/ld+json\" class=\"yoast-schema-graph\">{\"@context\":\"https:\/\/schema.org\",\"@graph\":[{\"@type\":\"WebPage\",\"@id\":\"https:\/\/exceladvisor.org\/de\/xlookup-alle-ubereinstimmungen-2\/\",\"url\":\"https:\/\/exceladvisor.org\/de\/xlookup-alle-ubereinstimmungen-2\/\",\"name\":\"K\u00f6nnen wir alle \u00dcbereinstimmungen in XLOOKUP zur\u00fcckgeben?\",\"isPartOf\":{\"@id\":\"https:\/\/exceladvisor.org\/de\/#website\"},\"primaryImageOfPage\":{\"@id\":\"https:\/\/exceladvisor.org\/de\/xlookup-alle-ubereinstimmungen-2\/#primaryimage\"},\"image\":{\"@id\":\"https:\/\/exceladvisor.org\/de\/xlookup-alle-ubereinstimmungen-2\/#primaryimage\"},\"thumbnailUrl\":\"https:\/\/exceladvisor.org\/wp-content\/uploads\/2023\/08\/1-xlookup-renvoie-toutes-les-correspondances.png\",\"datePublished\":\"2023-11-08T22:28:31+00:00\",\"dateModified\":\"2023-12-03T11:12:38+00:00\",\"description\":\"In diesem Tutorial lernen Sie, wie Sie eine Excel-Formel schreiben, um zu sehen, ob XLOOKUP alle \u00dcbereinstimmungen zur\u00fcckgeben kann oder nicht.\",\"breadcrumb\":{\"@id\":\"https:\/\/exceladvisor.org\/de\/xlookup-alle-ubereinstimmungen-2\/#breadcrumb\"},\"inLanguage\":\"de\",\"potentialAction\":[{\"@type\":\"ReadAction\",\"target\":[\"https:\/\/exceladvisor.org\/de\/xlookup-alle-ubereinstimmungen-2\/\"]}]},{\"@type\":\"ImageObject\",\"inLanguage\":\"de\",\"@id\":\"https:\/\/exceladvisor.org\/de\/xlookup-alle-ubereinstimmungen-2\/#primaryimage\",\"url\":\"https:\/\/exceladvisor.org\/wp-content\/uploads\/2023\/08\/1-xlookup-renvoie-toutes-les-correspondances.png\",\"contentUrl\":\"https:\/\/exceladvisor.org\/wp-content\/uploads\/2023\/08\/1-xlookup-renvoie-toutes-les-correspondances.png\"},{\"@type\":\"BreadcrumbList\",\"@id\":\"https:\/\/exceladvisor.org\/de\/xlookup-alle-ubereinstimmungen-2\/#breadcrumb\",\"itemListElement\":[{\"@type\":\"ListItem\",\"position\":1,\"name\":\"Accueil\",\"item\":\"https:\/\/exceladvisor.org\/de\/\"},{\"@type\":\"ListItem\",\"position\":2,\"name\":\"K\u00f6nnen wir alle \u00fcbereinstimmungen in xlookup zur\u00fcckgeben?\"}]},{\"@type\":\"WebSite\",\"@id\":\"https:\/\/exceladvisor.org\/de\/#website\",\"url\":\"https:\/\/exceladvisor.org\/de\/\",\"name\":\"Excel Advisor\",\"description\":\"Ihr Leitfaden zur Datendominanz\",\"publisher\":{\"@id\":\"https:\/\/exceladvisor.org\/de\/#organization\"},\"potentialAction\":[{\"@type\":\"SearchAction\",\"target\":{\"@type\":\"EntryPoint\",\"urlTemplate\":\"https:\/\/exceladvisor.org\/de\/?s={search_term_string}\"},\"query-input\":{\"@type\":\"PropertyValueSpecification\",\"valueRequired\":true,\"valueName\":\"search_term_string\"}}],\"inLanguage\":\"de\"},{\"@type\":\"Organization\",\"@id\":\"https:\/\/exceladvisor.org\/de\/#organization\",\"name\":\"Excel Advisor\",\"url\":\"https:\/\/exceladvisor.org\/de\/\",\"logo\":{\"@type\":\"ImageObject\",\"inLanguage\":\"de\",\"@id\":\"https:\/\/exceladvisor.org\/de\/#\/schema\/logo\/image\/\",\"url\":\"https:\/\/exceladvisor.org\/de\/wp-content\/uploads\/2023\/11\/exceladvisor.org_.png\",\"contentUrl\":\"https:\/\/exceladvisor.org\/de\/wp-content\/uploads\/2023\/11\/exceladvisor.org_.png\",\"width\":105,\"height\":36,\"caption\":\"Excel Advisor\"},\"image\":{\"@id\":\"https:\/\/exceladvisor.org\/de\/#\/schema\/logo\/image\/\"}}]}<\/script>\n<!-- \/ Yoast SEO plugin. -->","yoast_head_json":{"title":"K\u00f6nnen wir alle \u00dcbereinstimmungen in XLOOKUP zur\u00fcckgeben?","description":"In diesem Tutorial lernen Sie, wie Sie eine Excel-Formel schreiben, um zu sehen, ob XLOOKUP alle \u00dcbereinstimmungen zur\u00fcckgeben kann oder nicht.","robots":{"index":"index","follow":"follow","max-snippet":"max-snippet:-1","max-image-preview":"max-image-preview:large","max-video-preview":"max-video-preview:-1"},"canonical":"https:\/\/exceladvisor.org\/de\/xlookup-alle-ubereinstimmungen-2\/","og_locale":"de_DE","og_type":"article","og_title":"K\u00f6nnen wir alle \u00dcbereinstimmungen in XLOOKUP zur\u00fcckgeben?","og_description":"In diesem Tutorial lernen Sie, wie Sie eine Excel-Formel schreiben, um zu sehen, ob XLOOKUP alle \u00dcbereinstimmungen zur\u00fcckgeben kann oder nicht.","og_url":"https:\/\/exceladvisor.org\/de\/xlookup-alle-ubereinstimmungen-2\/","og_site_name":"Excel Advisor","article_modified_time":"2023-12-03T11:12:38+00:00","og_image":[{"url":"https:\/\/exceladvisor.org\/wp-content\/uploads\/2023\/08\/1-xlookup-renvoie-toutes-les-correspondances.png","type":"","width":"","height":""}],"twitter_card":"summary_large_image","twitter_misc":{"Gesch\u00e4tzte Lesezeit":"1\u00a0Minute"},"schema":{"@context":"https:\/\/schema.org","@graph":[{"@type":"WebPage","@id":"https:\/\/exceladvisor.org\/de\/xlookup-alle-ubereinstimmungen-2\/","url":"https:\/\/exceladvisor.org\/de\/xlookup-alle-ubereinstimmungen-2\/","name":"K\u00f6nnen wir alle \u00dcbereinstimmungen in XLOOKUP zur\u00fcckgeben?","isPartOf":{"@id":"https:\/\/exceladvisor.org\/de\/#website"},"primaryImageOfPage":{"@id":"https:\/\/exceladvisor.org\/de\/xlookup-alle-ubereinstimmungen-2\/#primaryimage"},"image":{"@id":"https:\/\/exceladvisor.org\/de\/xlookup-alle-ubereinstimmungen-2\/#primaryimage"},"thumbnailUrl":"https:\/\/exceladvisor.org\/wp-content\/uploads\/2023\/08\/1-xlookup-renvoie-toutes-les-correspondances.png","datePublished":"2023-11-08T22:28:31+00:00","dateModified":"2023-12-03T11:12:38+00:00","description":"In diesem Tutorial lernen Sie, wie Sie eine Excel-Formel schreiben, um zu sehen, ob XLOOKUP alle \u00dcbereinstimmungen zur\u00fcckgeben kann oder nicht.","breadcrumb":{"@id":"https:\/\/exceladvisor.org\/de\/xlookup-alle-ubereinstimmungen-2\/#breadcrumb"},"inLanguage":"de","potentialAction":[{"@type":"ReadAction","target":["https:\/\/exceladvisor.org\/de\/xlookup-alle-ubereinstimmungen-2\/"]}]},{"@type":"ImageObject","inLanguage":"de","@id":"https:\/\/exceladvisor.org\/de\/xlookup-alle-ubereinstimmungen-2\/#primaryimage","url":"https:\/\/exceladvisor.org\/wp-content\/uploads\/2023\/08\/1-xlookup-renvoie-toutes-les-correspondances.png","contentUrl":"https:\/\/exceladvisor.org\/wp-content\/uploads\/2023\/08\/1-xlookup-renvoie-toutes-les-correspondances.png"},{"@type":"BreadcrumbList","@id":"https:\/\/exceladvisor.org\/de\/xlookup-alle-ubereinstimmungen-2\/#breadcrumb","itemListElement":[{"@type":"ListItem","position":1,"name":"Accueil","item":"https:\/\/exceladvisor.org\/de\/"},{"@type":"ListItem","position":2,"name":"K\u00f6nnen wir alle \u00fcbereinstimmungen in xlookup zur\u00fcckgeben?"}]},{"@type":"WebSite","@id":"https:\/\/exceladvisor.org\/de\/#website","url":"https:\/\/exceladvisor.org\/de\/","name":"Excel Advisor","description":"Ihr Leitfaden zur Datendominanz","publisher":{"@id":"https:\/\/exceladvisor.org\/de\/#organization"},"potentialAction":[{"@type":"SearchAction","target":{"@type":"EntryPoint","urlTemplate":"https:\/\/exceladvisor.org\/de\/?s={search_term_string}"},"query-input":{"@type":"PropertyValueSpecification","valueRequired":true,"valueName":"search_term_string"}}],"inLanguage":"de"},{"@type":"Organization","@id":"https:\/\/exceladvisor.org\/de\/#organization","name":"Excel Advisor","url":"https:\/\/exceladvisor.org\/de\/","logo":{"@type":"ImageObject","inLanguage":"de","@id":"https:\/\/exceladvisor.org\/de\/#\/schema\/logo\/image\/","url":"https:\/\/exceladvisor.org\/de\/wp-content\/uploads\/2023\/11\/exceladvisor.org_.png","contentUrl":"https:\/\/exceladvisor.org\/de\/wp-content\/uploads\/2023\/11\/exceladvisor.org_.png","width":105,"height":36,"caption":"Excel Advisor"},"image":{"@id":"https:\/\/exceladvisor.org\/de\/#\/schema\/logo\/image\/"}}]}},"yoast_meta":{"yoast_wpseo_title":"","yoast_wpseo_metadesc":"","yoast_wpseo_canonical":""},"_links":{"self":[{"href":"https:\/\/exceladvisor.org\/de\/wp-json\/wp\/v2\/pages\/3220","targetHints":{"allow":["GET"]}}],"collection":[{"href":"https:\/\/exceladvisor.org\/de\/wp-json\/wp\/v2\/pages"}],"about":[{"href":"https:\/\/exceladvisor.org\/de\/wp-json\/wp\/v2\/types\/page"}],"author":[{"embeddable":true,"href":"https:\/\/exceladvisor.org\/de\/wp-json\/wp\/v2\/users\/1"}],"replies":[{"embeddable":true,"href":"https:\/\/exceladvisor.org\/de\/wp-json\/wp\/v2\/comments?post=3220"}],"version-history":[{"count":1,"href":"https:\/\/exceladvisor.org\/de\/wp-json\/wp\/v2\/pages\/3220\/revisions"}],"predecessor-version":[{"id":3774,"href":"https:\/\/exceladvisor.org\/de\/wp-json\/wp\/v2\/pages\/3220\/revisions\/3774"}],"wp:attachment":[{"href":"https:\/\/exceladvisor.org\/de\/wp-json\/wp\/v2\/media?parent=3220"}],"curies":[{"name":"wp","href":"https:\/\/api.w.org\/{rel}","templated":true}]}}