{"id":3221,"date":"2023-11-08T21:51:25","date_gmt":"2023-11-08T21:51:25","guid":{"rendered":"https:\/\/exceladvisor.org\/de\/divisionsfehler\/"},"modified":"2023-12-03T11:13:50","modified_gmt":"2023-12-03T11:13:50","slug":"divisionsfehler","status":"publish","type":"page","link":"https:\/\/exceladvisor.org\/de\/divisionsfehler\/","title":{"rendered":"Wie behebe ich den #div\/0-fehler in excel?"},"content":{"rendered":"<div class=\"excel-vor-dem-inhalt\" id=\"excel-4209458764\"><script type=\"text\/javascript\">\r\n\tatOptions = {\r\n\t\t'key' : 'c1158f160081d6540a8409e6925dab94',\r\n\t\t'format' : 'iframe',\r\n\t\t'height' : 250,\r\n\t\t'width' : 300,\r\n\t\t'params' : {}\r\n\t};\r\n<\/script>\r\n<script type=\"text\/javascript\" src=\"\/\/www.highperformanceformat.com\/c1158f160081d6540a8409e6925dab94\/invoke.js\"><\/script><\/div> <p>In Excel ist das #DIV\/0! Ein Fehler tritt auf, wenn Sie versuchen, eine Zahl durch eine Null zu dividieren, oder wenn Sie einen Wert haben, der Null entspricht und m\u00f6glicherweise ein leerer Wert ist. Deshalb erhalten Sie das Zeichen #DVI\/0! Dies zeigt an, dass Sie versuchen, einen Wert durch eine Null zu dividieren.<\/p><p> Im folgenden Beispiel sehen Sie, dass wir in Zelle A1 einen numerischen Wert haben und dann in Zelle B1 eine Null. Wenn Sie nun eine Formel in Zelle C1 eingeben. Sie erhalten diesen Fehler. <\/p><div class=\"wp-block-image\"><figure class=\"aligncenter size-full is-resized\"><img loading=\"lazy\" decoding=\"async\" class=\"wp-image-70613\" src=\"https:\/\/exceladvisor.org\/wp-content\/uploads\/2023\/08\/1-diviser-les-cellules.png\" sizes=\"auto, \" srcset=\"\" alt=\"geteilte Zellen\" width=\"413\" height=\"307\"><\/figure><\/div><h2 id=\"h-div-0-with-a-blank-cell\" class=\"wp-block-heading\"> #DIV\/0! Mit einer leeren Zelle<\/h2><p> Abgesehen davon, wenn Sie in der Formel einen Zellbezug verwenden und eine der Zellen bereits ein #DIV\/0 hat! Dieser Fehler wird im Ergebnis erneut angezeigt. <\/p><div class=\"wp-block-image\"><figure class=\"aligncenter size-full is-resized\"><img loading=\"lazy\" decoding=\"async\" class=\"wp-image-70614\" src=\"https:\/\/exceladvisor.org\/wp-content\/uploads\/2023\/08\/erreur-2-div0.png\" sizes=\"auto, \" srcset=\"\" alt=\"#div0-Fehler\" width=\"402\" height=\"319\"><\/figure><\/div><h2 id=\"h-div-0-error-with-an-average\" class=\"wp-block-heading\"> #DIV\/0! Fehler bei einem Durchschnitt<\/h2><p> Wenn Sie eine Durchschnittsfunktion verwenden, um den Durchschnitt eines numerischen Werts zu berechnen, und einer dieser Werte ein #DIV\/0 ist! Fehler, Sie erhalten den Fehler erneut im Ergebnis. Auch bei anderen Durchschnittsfunktionen wie AVERAGEA, AVERAGEIF und AVERAGEIFS tritt das gleiche Problem auf. <\/p><div class=\"wp-block-image\"><figure class=\"aligncenter size-full is-resized\"><img loading=\"lazy\" decoding=\"async\" class=\"wp-image-70615\" src=\"https:\/\/exceladvisor.org\/wp-content\/uploads\/2023\/08\/erreur-3-div0-avec-moyenne.png\" sizes=\"auto, \" srcset=\"\" alt=\"#div0-error-with-average\" width=\"401\" height=\"366\"><\/figure><\/div><h2 id=\"h-how-to-fix-div-0-divide-by-zero-error\" class=\"wp-block-heading\"> So beheben Sie #DIV\/0! (Dividiert durch Null) Fehler<\/h2><p> Der beste Weg, diesen Fehler zu beheben, besteht darin, die urspr\u00fcngliche Formel mit der IFERROR-Funktion zu umschlie\u00dfen, um eine Bedingung zu erstellen, wenn ein Fehler auftritt.<\/p><ol type=\"1\"><li> Wenn alle vorhanden sind, geben Sie zun\u00e4chst IFERROR in Zelle C1 ein und geben Sie die f\u00fchrenden Klammern ein.<\/li><li> Verwenden Sie anschlie\u00dfend im Wertargument die Divisionsformel.<\/li><li> Geben Sie nun ein Komma ein und geben Sie in value_if_error den Wert ein, den Sie erhalten m\u00f6chten, wenn #DIV\/0! Fehler oder ein anderer Fehler.<\/li><li> F\u00fcgen Sie am Ende die schlie\u00dfenden Klammern hinzu und dr\u00fccken Sie die Eingabetaste. <\/li><\/ol><div class=\"wp-block-image\"><figure class=\"aligncenter size-full is-resized\"><img loading=\"lazy\" decoding=\"async\" class=\"wp-image-70616\" src=\"https:\/\/exceladvisor.org\/wp-content\/uploads\/2023\/08\/4-corriger-lerreur.png\" sizes=\"auto, \" srcset=\"\" alt=\"Beheben Sie den Fehler\" width=\"537\" height=\"280\"><\/figure><\/div><pre class=\"wp-block-code\"> <code class=\"language-excel-formula\" lang=\"excel-formula\">=IFERROR(A1\/B1,\"There's an Error\")<\/code><\/pre><p> Dies ist eine der L\u00f6sungen, um sicherzustellen, dass Sie ein besser lesbares Ergebnis erhalten, wenn Sie versuchen, eine Zahl durch Null zu dividieren (#DIV\/0!).<\/p><h2 id=\"h-using-if-to-fix-div-0-error\" class=\"wp-block-heading\"> Verwenden Sie IF, um #DIV\/0 zu korrigieren! Fehler<\/h2><p> Abgesehen davon k\u00f6nnen Sie die IF-Bedingung auch verwenden, um einen Test zu erstellen, wenn ein Fehler vorliegt, und diesen Fehlerwert dann durch einen anderen zu ersetzen. <\/p><div class=\"wp-block-image\"><figure class=\"aligncenter size-full is-resized\"><img loading=\"lazy\" decoding=\"async\" class=\"wp-image-70617\" src=\"https:\/\/exceladvisor.org\/wp-content\/uploads\/2023\/08\/5-utiliser-if-pour-corriger-lerreur.png\" sizes=\"auto, \" srcset=\"\" alt=\"Verwenden Sie es, um den Fehler zu beheben\" width=\"598\" height=\"244\"><\/figure><\/div><p> Im obigen Beispiel haben wir die Funktionen IF und ISERROR verwendet, um die Bedingung zu erstellen. In der Formel haben wir zuerst die IF-Funktion verwendet und im ersten Argument von IF haben wir ISERROR verwendet, um zu testen, ob die Berechnung fehlerhaft ist.<\/p><p> Und wenn ein Fehler vorliegt, wird der von uns angegebene Wert zur\u00fcckgegeben. Wenn kein Fehler vorliegt, wird der Wert von A1 erneut durch die Werte von Zelle B1 dividiert. <\/p><div class=\"gb-container gb-container-bafb25cc gb-container-download-2\"><div class=\"gb-grid-wrapper gb-grid-wrapper-91201309 gb-grid-wrapper-download-2\"><div class=\"gb-grid-column gb-grid-column-15a917ef\"><div class=\"gb-container gb-container-15a917ef\"><h2 class=\"gb-headline gb-headline-f2deb261 gb-headline-text\"> Holen Sie sich die Excel-Datei <\/h2><\/div><\/div><div class=\"gb-grid-column gb-grid-column-18357188\"><div class=\"gb-container gb-container-18357188\"><div class=\"gb-container gb-container-76cbe15e\"> <a class=\"gb-button gb-button-509e8e50 gb-button-text gb-button-download-2\" href=\"https:\/\/exceladvisor.org\/wp-content\/uploads\/2023\/08\/erreur-div0.xlsx\" rel=\"nofollow\">Herunterladen<\/a><\/div><\/div><\/div><\/div><\/div><div class=\"gb-container gb-container-0df56012 gb-container-mt\"> <a class=\"gb-button gb-button-f9f432f4 gb-button-text gb-button-mt-button\" href=\"https:\/\/exceladvisor.org\/de\/formeln\/\">Liste der Excel-Formeln<\/a><h2 class=\"gb-headline gb-headline-233444e8 gb-headline-text gb-headline-mt-heading\"> Verwandte Formeln <\/h2><div class=\"gb-grid-wrapper gb-grid-wrapper-a16fa65c gb-grid-wrapper-mt-grid\"><div class=\"gb-grid-column gb-grid-column-50d07e0d\"><div class=\"gb-container gb-container-50d07e0d\"><ul><li> <a href=\"https:\/\/exceladvisor.org\/de\/verschuttungsfehler\/\">#VERBREITEN! Fehler<\/a><\/li><li> <a href=\"https:\/\/exceladvisor.org\/de\/wertfehler\/\">#VALUE Fehler<\/a><\/li><li> <a href=\"https:\/\/exceladvisor.org\/de\/fehler-ignorieren\/\">Ignorieren Sie alle Fehler in Excel<\/a> <\/li><\/ul><\/div><\/div><div class=\"gb-grid-column gb-grid-column-5b4a0cf9\"><div class=\"gb-container gb-container-5b4a0cf9\"><ul><li> <a href=\"https:\/\/exceladvisor.org\/de\/kein-fehler\/\">#N\/A Fehler in Excel<\/a><\/li><li> <a href=\"https:\/\/exceladvisor.org\/de\/referenzfehler\/\">#REF! Fehler in Excel<\/a><\/li><\/ul><\/div><\/div><\/div><\/div>","protected":false},"excerpt":{"rendered":"","protected":false},"author":1,"featured_media":0,"parent":0,"menu_order":0,"comment_status":"open","ping_status":"closed","template":"","meta":{"ub_ctt_via":"","footnotes":""},"class_list":["post-3221","page","type-page","status-publish","hentry"],"featured_image_src":null,"yoast_head":"<!-- This site is optimized with the Yoast SEO plugin v25.4 - https:\/\/yoast.com\/wordpress\/plugins\/seo\/ -->\n<title>Wie behebe ich den #DIV\/0-Fehler in Excel? (Tutorial 2023)<\/title>\n<meta name=\"description\" content=\"In diesem Formel-Tutorial erfahren Sie, wie Sie den #DIV\/0-Fehler in Excel mithilfe einer einfach zu befolgenden Methode im Detail beheben k\u00f6nnen.\" \/>\n<meta name=\"robots\" content=\"index, follow, max-snippet:-1, max-image-preview:large, max-video-preview:-1\" \/>\n<link rel=\"canonical\" href=\"https:\/\/exceladvisor.org\/de\/divisionsfehler\/\" \/>\n<meta property=\"og:locale\" content=\"de_DE\" \/>\n<meta property=\"og:type\" content=\"article\" \/>\n<meta property=\"og:title\" content=\"Wie behebe ich den #DIV\/0-Fehler in Excel? (Tutorial 2023)\" \/>\n<meta property=\"og:description\" content=\"In diesem Formel-Tutorial erfahren Sie, wie Sie den #DIV\/0-Fehler in Excel mithilfe einer einfach zu befolgenden Methode im Detail beheben k\u00f6nnen.\" \/>\n<meta property=\"og:url\" content=\"https:\/\/exceladvisor.org\/de\/divisionsfehler\/\" \/>\n<meta property=\"og:site_name\" content=\"Excel Advisor\" \/>\n<meta property=\"article:modified_time\" content=\"2023-12-03T11:13:50+00:00\" \/>\n<meta property=\"og:image\" content=\"https:\/\/exceladvisor.org\/wp-content\/uploads\/2023\/08\/1-diviser-les-cellules.png\" \/>\n<meta name=\"twitter:card\" content=\"summary_large_image\" \/>\n<meta name=\"twitter:label1\" content=\"Gesch\u00e4tzte Lesezeit\" \/>\n\t<meta name=\"twitter:data1\" content=\"2\u00a0Minuten\" \/>\n<script type=\"application\/ld+json\" class=\"yoast-schema-graph\">{\"@context\":\"https:\/\/schema.org\",\"@graph\":[{\"@type\":\"WebPage\",\"@id\":\"https:\/\/exceladvisor.org\/de\/divisionsfehler\/\",\"url\":\"https:\/\/exceladvisor.org\/de\/divisionsfehler\/\",\"name\":\"Wie behebe ich den #DIV\/0-Fehler in Excel? (Tutorial 2023)\",\"isPartOf\":{\"@id\":\"https:\/\/exceladvisor.org\/de\/#website\"},\"primaryImageOfPage\":{\"@id\":\"https:\/\/exceladvisor.org\/de\/divisionsfehler\/#primaryimage\"},\"image\":{\"@id\":\"https:\/\/exceladvisor.org\/de\/divisionsfehler\/#primaryimage\"},\"thumbnailUrl\":\"https:\/\/exceladvisor.org\/wp-content\/uploads\/2023\/08\/1-diviser-les-cellules.png\",\"datePublished\":\"2023-11-08T21:51:25+00:00\",\"dateModified\":\"2023-12-03T11:13:50+00:00\",\"description\":\"In diesem Formel-Tutorial erfahren Sie, wie Sie den #DIV\/0-Fehler in Excel mithilfe einer einfach zu befolgenden Methode im Detail beheben k\u00f6nnen.\",\"breadcrumb\":{\"@id\":\"https:\/\/exceladvisor.org\/de\/divisionsfehler\/#breadcrumb\"},\"inLanguage\":\"de\",\"potentialAction\":[{\"@type\":\"ReadAction\",\"target\":[\"https:\/\/exceladvisor.org\/de\/divisionsfehler\/\"]}]},{\"@type\":\"ImageObject\",\"inLanguage\":\"de\",\"@id\":\"https:\/\/exceladvisor.org\/de\/divisionsfehler\/#primaryimage\",\"url\":\"https:\/\/exceladvisor.org\/wp-content\/uploads\/2023\/08\/1-diviser-les-cellules.png\",\"contentUrl\":\"https:\/\/exceladvisor.org\/wp-content\/uploads\/2023\/08\/1-diviser-les-cellules.png\"},{\"@type\":\"BreadcrumbList\",\"@id\":\"https:\/\/exceladvisor.org\/de\/divisionsfehler\/#breadcrumb\",\"itemListElement\":[{\"@type\":\"ListItem\",\"position\":1,\"name\":\"Accueil\",\"item\":\"https:\/\/exceladvisor.org\/de\/\"},{\"@type\":\"ListItem\",\"position\":2,\"name\":\"Wie behebe ich den #div\/0-fehler in excel?\"}]},{\"@type\":\"WebSite\",\"@id\":\"https:\/\/exceladvisor.org\/de\/#website\",\"url\":\"https:\/\/exceladvisor.org\/de\/\",\"name\":\"Excel Advisor\",\"description\":\"Ihr Leitfaden zur Datendominanz\",\"publisher\":{\"@id\":\"https:\/\/exceladvisor.org\/de\/#organization\"},\"potentialAction\":[{\"@type\":\"SearchAction\",\"target\":{\"@type\":\"EntryPoint\",\"urlTemplate\":\"https:\/\/exceladvisor.org\/de\/?s={search_term_string}\"},\"query-input\":{\"@type\":\"PropertyValueSpecification\",\"valueRequired\":true,\"valueName\":\"search_term_string\"}}],\"inLanguage\":\"de\"},{\"@type\":\"Organization\",\"@id\":\"https:\/\/exceladvisor.org\/de\/#organization\",\"name\":\"Excel Advisor\",\"url\":\"https:\/\/exceladvisor.org\/de\/\",\"logo\":{\"@type\":\"ImageObject\",\"inLanguage\":\"de\",\"@id\":\"https:\/\/exceladvisor.org\/de\/#\/schema\/logo\/image\/\",\"url\":\"https:\/\/exceladvisor.org\/de\/wp-content\/uploads\/2023\/11\/exceladvisor.org_.png\",\"contentUrl\":\"https:\/\/exceladvisor.org\/de\/wp-content\/uploads\/2023\/11\/exceladvisor.org_.png\",\"width\":105,\"height\":36,\"caption\":\"Excel Advisor\"},\"image\":{\"@id\":\"https:\/\/exceladvisor.org\/de\/#\/schema\/logo\/image\/\"}}]}<\/script>\n<!-- \/ Yoast SEO plugin. -->","yoast_head_json":{"title":"Wie behebe ich den #DIV\/0-Fehler in Excel? (Tutorial 2023)","description":"In diesem Formel-Tutorial erfahren Sie, wie Sie den #DIV\/0-Fehler in Excel mithilfe einer einfach zu befolgenden Methode im Detail beheben k\u00f6nnen.","robots":{"index":"index","follow":"follow","max-snippet":"max-snippet:-1","max-image-preview":"max-image-preview:large","max-video-preview":"max-video-preview:-1"},"canonical":"https:\/\/exceladvisor.org\/de\/divisionsfehler\/","og_locale":"de_DE","og_type":"article","og_title":"Wie behebe ich den #DIV\/0-Fehler in Excel? (Tutorial 2023)","og_description":"In diesem Formel-Tutorial erfahren Sie, wie Sie den #DIV\/0-Fehler in Excel mithilfe einer einfach zu befolgenden Methode im Detail beheben k\u00f6nnen.","og_url":"https:\/\/exceladvisor.org\/de\/divisionsfehler\/","og_site_name":"Excel Advisor","article_modified_time":"2023-12-03T11:13:50+00:00","og_image":[{"url":"https:\/\/exceladvisor.org\/wp-content\/uploads\/2023\/08\/1-diviser-les-cellules.png","type":"","width":"","height":""}],"twitter_card":"summary_large_image","twitter_misc":{"Gesch\u00e4tzte Lesezeit":"2\u00a0Minuten"},"schema":{"@context":"https:\/\/schema.org","@graph":[{"@type":"WebPage","@id":"https:\/\/exceladvisor.org\/de\/divisionsfehler\/","url":"https:\/\/exceladvisor.org\/de\/divisionsfehler\/","name":"Wie behebe ich den #DIV\/0-Fehler in Excel? (Tutorial 2023)","isPartOf":{"@id":"https:\/\/exceladvisor.org\/de\/#website"},"primaryImageOfPage":{"@id":"https:\/\/exceladvisor.org\/de\/divisionsfehler\/#primaryimage"},"image":{"@id":"https:\/\/exceladvisor.org\/de\/divisionsfehler\/#primaryimage"},"thumbnailUrl":"https:\/\/exceladvisor.org\/wp-content\/uploads\/2023\/08\/1-diviser-les-cellules.png","datePublished":"2023-11-08T21:51:25+00:00","dateModified":"2023-12-03T11:13:50+00:00","description":"In diesem Formel-Tutorial erfahren Sie, wie Sie den #DIV\/0-Fehler in Excel mithilfe einer einfach zu befolgenden Methode im Detail beheben k\u00f6nnen.","breadcrumb":{"@id":"https:\/\/exceladvisor.org\/de\/divisionsfehler\/#breadcrumb"},"inLanguage":"de","potentialAction":[{"@type":"ReadAction","target":["https:\/\/exceladvisor.org\/de\/divisionsfehler\/"]}]},{"@type":"ImageObject","inLanguage":"de","@id":"https:\/\/exceladvisor.org\/de\/divisionsfehler\/#primaryimage","url":"https:\/\/exceladvisor.org\/wp-content\/uploads\/2023\/08\/1-diviser-les-cellules.png","contentUrl":"https:\/\/exceladvisor.org\/wp-content\/uploads\/2023\/08\/1-diviser-les-cellules.png"},{"@type":"BreadcrumbList","@id":"https:\/\/exceladvisor.org\/de\/divisionsfehler\/#breadcrumb","itemListElement":[{"@type":"ListItem","position":1,"name":"Accueil","item":"https:\/\/exceladvisor.org\/de\/"},{"@type":"ListItem","position":2,"name":"Wie behebe ich den #div\/0-fehler in excel?"}]},{"@type":"WebSite","@id":"https:\/\/exceladvisor.org\/de\/#website","url":"https:\/\/exceladvisor.org\/de\/","name":"Excel Advisor","description":"Ihr Leitfaden zur Datendominanz","publisher":{"@id":"https:\/\/exceladvisor.org\/de\/#organization"},"potentialAction":[{"@type":"SearchAction","target":{"@type":"EntryPoint","urlTemplate":"https:\/\/exceladvisor.org\/de\/?s={search_term_string}"},"query-input":{"@type":"PropertyValueSpecification","valueRequired":true,"valueName":"search_term_string"}}],"inLanguage":"de"},{"@type":"Organization","@id":"https:\/\/exceladvisor.org\/de\/#organization","name":"Excel Advisor","url":"https:\/\/exceladvisor.org\/de\/","logo":{"@type":"ImageObject","inLanguage":"de","@id":"https:\/\/exceladvisor.org\/de\/#\/schema\/logo\/image\/","url":"https:\/\/exceladvisor.org\/de\/wp-content\/uploads\/2023\/11\/exceladvisor.org_.png","contentUrl":"https:\/\/exceladvisor.org\/de\/wp-content\/uploads\/2023\/11\/exceladvisor.org_.png","width":105,"height":36,"caption":"Excel Advisor"},"image":{"@id":"https:\/\/exceladvisor.org\/de\/#\/schema\/logo\/image\/"}}]}},"yoast_meta":{"yoast_wpseo_title":"","yoast_wpseo_metadesc":"","yoast_wpseo_canonical":""},"_links":{"self":[{"href":"https:\/\/exceladvisor.org\/de\/wp-json\/wp\/v2\/pages\/3221","targetHints":{"allow":["GET"]}}],"collection":[{"href":"https:\/\/exceladvisor.org\/de\/wp-json\/wp\/v2\/pages"}],"about":[{"href":"https:\/\/exceladvisor.org\/de\/wp-json\/wp\/v2\/types\/page"}],"author":[{"embeddable":true,"href":"https:\/\/exceladvisor.org\/de\/wp-json\/wp\/v2\/users\/1"}],"replies":[{"embeddable":true,"href":"https:\/\/exceladvisor.org\/de\/wp-json\/wp\/v2\/comments?post=3221"}],"version-history":[{"count":1,"href":"https:\/\/exceladvisor.org\/de\/wp-json\/wp\/v2\/pages\/3221\/revisions"}],"predecessor-version":[{"id":3861,"href":"https:\/\/exceladvisor.org\/de\/wp-json\/wp\/v2\/pages\/3221\/revisions\/3861"}],"wp:attachment":[{"href":"https:\/\/exceladvisor.org\/de\/wp-json\/wp\/v2\/media?parent=3221"}],"curies":[{"name":"wp","href":"https:\/\/api.w.org\/{rel}","templated":true}]}}