{"id":3222,"date":"2023-11-08T21:48:39","date_gmt":"2023-11-08T21:48:39","guid":{"rendered":"https:\/\/exceladvisor.org\/de\/satzfall\/"},"modified":"2023-12-03T11:13:41","modified_gmt":"2023-12-03T11:13:41","slug":"satzfall","status":"publish","type":"page","link":"https:\/\/exceladvisor.org\/de\/satzfall\/","title":{"rendered":"Wie \u00e4ndere ich die gro\u00df-\/kleinschreibung eines satzes in excel?"},"content":{"rendered":"<div class=\"excel-vor-dem-inhalt\" id=\"excel-3896084225\"><script type=\"text\/javascript\">\r\n\tatOptions = {\r\n\t\t'key' : 'c1158f160081d6540a8409e6925dab94',\r\n\t\t'format' : 'iframe',\r\n\t\t'height' : 250,\r\n\t\t'width' : 300,\r\n\t\t'params' : {}\r\n\t};\r\n<\/script>\r\n<script type=\"text\/javascript\" src=\"\/\/www.highperformanceformat.com\/c1158f160081d6540a8409e6925dab94\/invoke.js\"><\/script><\/div> <p>In Excel haben wir drei spezifische Funktionen, um Text von einer Gro\u00df-\/Kleinschreibung in eine andere umzuwandeln. Es gibt zwar einen anderen Fall, in dem wir keine Funktionen oder andere Optionen haben.<\/p><p> Dies ist \u21e2 <strong>Fallsatz<\/strong><\/p><h2 class=\"wp-block-heading\"> <strong>Was ist ein Straffall?<\/strong><\/h2><p> Im Falle eines Satzes sollte f\u00fcr einen ganzen Satz der erste Buchstabe des ersten Wortes gro\u00df geschrieben werden und die restlichen Buchstaben des ersten Wortes und aller anderen W\u00f6rter sollten kleingeschrieben werden. <\/p><div class=\"wp-block-image\"><figure class=\"aligncenter\"><img decoding=\"async\" src=\"https:\/\/exceladvisor.org\/wp-content\/uploads\/2023\/08\/le-cas-de-la-phrase-dans-Excel-est-different-des-autres-cas-1.png\" sizes=\"\" srcset=\"\" alt=\"Die Gro\u00df- und Kleinschreibung von S\u00e4tzen in Excel unterscheidet sich von anderen Gro\u00df- und Kleinschreibungen\"><\/figure><\/div><p> Jetzt ist die Sache so. Wie konvertiert man in Excel normalen Text in Gro\u00df- und Kleinschreibung, wenn wir keine spezielle Funktion oder Option haben?<\/p><p> Die Antwort ist einfach. Wir k\u00f6nnen eine Formel erstellen, indem wir andere Textfunktionen kombinieren. Deshalb m\u00f6chte ich Ihnen heute in diesem Artikel eine einfache Formel vorstellen, mit der Sie in Excel die Normalschreibung in die Satzschreibung umwandeln k\u00f6nnen.<\/p><p> Lassen Sie uns fortfahren und <a href=\"https:\/\/exceladvisor.org\/wp-content\/uploads\/2023\/11\/phrase-cas-2.xlsx\" rel=\"nofollow\">diese Datei hier herunterladen,<\/a> um sie mitzuverfolgen.<\/p><h2 id=\"convert-to-sentence-case-in-excel\" class=\"wp-block-heading\"> Konvertieren Sie S\u00e4tze in Excel in Gro\u00df- und Kleinschreibung<\/h2><p> Um eine Formel f\u00fcr Satzf\u00e4lle zu erstellen, m\u00fcssen wir f\u00fcnf verschiedene Textfunktionen verwenden. Lassen Sie Ihren Text in Zelle A1, dann lautet die Formel:<\/p><pre class=\"wp-block-code\"> <code class=\"language-excel-formula\" lang=\"excel-formula\">=UPPER(LEFT(A1,1))&amp;LOWER(RIGHT(A1,LEN(A1)-1))<\/code><\/pre><h3 id=\"how-it-works\" class=\"wp-block-heading\"> Wie es funktioniert<\/h3><p> Um diese Formel zu verstehen, m\u00fcssen wir sie in zwei Teile teilen. <\/p><div class=\"wp-block-image\"><figure class=\"aligncenter\"><img decoding=\"async\" src=\"https:\/\/exceladvisor.org\/wp-content\/uploads\/2023\/08\/formule-pour-convertir-le-cas-de-la-phrase-dans-excel-1.png\" sizes=\"\" srcset=\"\" alt=\"\"><\/figure><\/div><p> Im ersten Teil gibt die linke Funktion das erste Zeichen zur\u00fcck, dann wandelt die obere Funktion es in Gro\u00dfbuchstaben um. <\/p><div class=\"wp-block-image\"><figure class=\"aligncenter\"><img decoding=\"async\" src=\"https:\/\/exceladvisor.org\/wp-content\/uploads\/2023\/08\/formule-pour-convertir-le-cas-de-la-phrase-dans-excel-partie-1-1.png\" sizes=\"\" srcset=\"\" alt=\"\"><\/figure><\/div><p> Im zweiten Teil werden wir den Rest des Textes in Kleinbuchstaben umwandeln, da wir die restlichen Buchstaben f\u00fcr die Satzschreibung in Kleinbuchstaben ben\u00f6tigen. <\/p><div class=\"wp-block-image\"><figure class=\"aligncenter\"><img decoding=\"async\" src=\"https:\/\/exceladvisor.org\/wp-content\/uploads\/2023\/08\/formule-pour-convertir-le-cas-de-la-phrase-dans-excel-partie-2-1.png\" sizes=\"\" srcset=\"\" alt=\"\"><\/figure><\/div><p> Und schlie\u00dflich gibt diese Kombination den Text in Gro\u00df-\/Kleinschreibung zur\u00fcck. <\/p><div class=\"wp-block-image\"><figure class=\"aligncenter\"><img decoding=\"async\" src=\"https:\/\/exceladvisor.org\/wp-content\/uploads\/2023\/08\/formule-pour-convertir-le-cas-de-la-phrase-dans-excel-partie-3-1.png\" sizes=\"\" srcset=\"\" alt=\"\"><\/figure><\/div><p> Ja das ist es.<\/p><h2 id=\"convert-to-sentence-case-for-more-than-one-sentence\" class=\"wp-block-heading\"> F\u00fcr mehr als einen Satz in Gro\u00df-\/Kleinschreibung umwandeln<\/h2><p> Die Formel, die wir oben gelernt haben, ist einfach und leicht anzuwenden. Aber haben Sie den gleichen Gedanken im Kopf wie ich gerade?<\/p><p> Was machen wir, wenn eine Zelle mehr als einen Satz enth\u00e4lt? Es ist verr\u00fcckt: Und wissen Sie, in dieser Situation oben ist die Formel nutzlos, wir k\u00f6nnen sie nicht verwenden.<\/p><p> Wir ben\u00f6tigen eine andere Formel, die den Text in die Gro\u00df- und Kleinschreibung umwandeln kann, wenn wir mehr als einen Satz haben. <\/p><pre class=\"wp-block-code\"> <code class=\"language-excel-formula\" lang=\"excel-formula\">=SUBSTITUTE(SUBSTITUTE(PROPER(SUBSTITUTE(SUBSTITUTE(LOWER(C12),\". \",\"9z9\"),\" \",\"zxz\")),\"9Z9\",\". \"),\"zxz\",\" \")<\/code><\/pre><div class=\"wp-block-image\"><figure class=\"aligncenter size-full\"><img decoding=\"async\" class=\"wp-image-14007\" src=\"https:\/\/exceladvisor.org\/wp-content\/uploads\/2023\/08\/cas-de-phrase-dans-excel-plusieurs-textes-1.png\" sizes=\"\" srcset=\"\" alt=\"Gro\u00df- und Kleinschreibung-in-Excel-Mehrfachtext\"><\/figure><\/div><h3 id=\"how-it-works\" class=\"wp-block-heading\"> Wie es funktioniert<\/h3><p> Sie m\u00f6chten also wissen, wie diese Formel funktioniert? RECHTS?<\/p><p> Nun, Sie m\u00fcssen die Nerven behalten und eine Minute bei mir bleiben. Wir m\u00fcssen diese Formel in drei verschiedene Teile unterteilen, wie ich es unten getan habe.<\/p><p> Im ersten Teil haben wir mit der Lower-Funktion und zwei Substitutionsfunktionen den Text in Kleinbuchstaben umgewandelt und alle Leerzeichen innerhalb von W\u00f6rtern durch \u201ezxz\u201c und die Leerzeichen und Punkte zwischen zwei S\u00e4tzen durch \u201e9z9\u201c ersetzt. <\/p><div class=\"wp-block-image\"><figure class=\"aligncenter\"><img decoding=\"async\" src=\"https:\/\/exceladvisor.org\/wp-content\/uploads\/2023\/08\/cas-de-phrase-dans-excel-plusieurs-textes-partie-1-1.png\" sizes=\"\" srcset=\"\" alt=\"\"><\/figure><\/div><p> An dieser Stelle haben wir keine Leerzeichen in unserem Text.<\/p><p> So weit, ist es gut.<\/p><p> Im zweiten Teil haben wir den gesamten Text mit der entsprechenden Funktion in die entsprechende Gro\u00df-\/Kleinschreibung umgewandelt. <\/p><div class=\"wp-block-image\"><figure class=\"aligncenter\"><img decoding=\"async\" src=\"https:\/\/exceladvisor.org\/wp-content\/uploads\/2023\/08\/cas-de-phrase-dans-excel-partie-de-texte-multiple-2-2-1.png\" sizes=\"\" srcset=\"\" alt=\"\"><\/figure><\/div><p> Ein Geheimnis, das Sie lernen m\u00fcssen: Immer wenn Sie einen Text in die richtige Gro\u00df-\/Kleinschreibung umwandeln und dieser Text eine Zahl enth\u00e4lt, behandelt die Funktion diesen Text als separate W\u00f6rter. Schauen Sie sich das Beispiel unten an. <\/p><div class=\"wp-block-image\"><figure class=\"aligncenter\"><img decoding=\"async\" src=\"https:\/\/exceladvisor.org\/wp-content\/uploads\/2023\/08\/cas-de-phrase-dans-excel-plusieurs-textes-1.png\" sizes=\"\" srcset=\"\" alt=\"\"><\/figure><\/div><p> Im dritten Teil haben wir erneut zwei Substitutionsfunktionen verwendet, um \u201ezxz\u201c durch ein Leerzeichen und \u201e9z9\u201c durch einen Punkt und ein Leerzeichen zu ersetzen. <\/p><div class=\"wp-block-image\"><figure class=\"aligncenter\"><img decoding=\"async\" src=\"https:\/\/exceladvisor.org\/wp-content\/uploads\/2023\/08\/cas-de-phrase-dans-excel-plusieurs-textes-partie-3-1.png\" sizes=\"\" srcset=\"\" alt=\"\"><\/figure><\/div><p> Auf diese Weise haben wir unseren aus mehreren S\u00e4tzen bestehenden Text in einen echten Satzfalltext umgewandelt. <\/p><div class=\"gb-container gb-container-bafb25cc gb-container-download-2\"><div class=\"gb-grid-wrapper gb-grid-wrapper-91201309\"><div class=\"gb-grid-column gb-grid-column-15a917ef\"><div class=\"gb-container gb-container-15a917ef\"><h2 class=\"gb-headline gb-headline-f2deb261 gb-headline-text gb-headline-download-2\"> Holen Sie sich die Excel-Datei <\/h2><\/div><\/div><div class=\"gb-grid-column gb-grid-column-18357188\"><div class=\"gb-container gb-container-18357188\"><div class=\"gb-container gb-container-76cbe15e\"> <a class=\"gb-button gb-button-cb63d00a gb-button-text gb-button-download-2\" href=\"https:\/\/exceladvisor.org\/wp-content\/uploads\/2023\/11\/phrase-cas-2.xlsx\" rel=\"nofollow\">Herunterladen<\/a><\/div><\/div><\/div><\/div><\/div><h2 id=\"conclusion\" class=\"wp-block-heading\"> Abschluss<\/h2><p> Manchmal verwenden wir Excel, um einen Text einzugeben, und es ist wahrscheinlich, dass wir ihn in der falschen Gro\u00df-\/Kleinschreibung eingeben. Und wenn Sie wissen, wie man Text in die Gro\u00df-\/Kleinschreibung umwandelt, k\u00f6nnen Sie Ihren Text leicht korrigieren.<\/p><p> Wenn Sie einen Satz haben, in dem Sie ein Fragezeichen anstelle eines Punkts haben, k\u00f6nnen Sie das Fragezeichen in der Formel verwenden und der Rest der Formel bleibt derselbe. Ich hoffe, dieser Formeltipp hilft Ihnen bei Ihrer Arbeit. Jetzt sag mir eins.<\/p><p> Haben Sie eine andere Methode, um diese Textkonvertierung durchzuf\u00fchren?<\/p><p> Teilen Sie mir Ihre Gedanken im Kommentarbereich mit, ich w\u00fcrde mich freuen, von Ihnen zu h\u00f6ren. Und vergessen Sie nicht, diesen Tipp mit Ihren Freunden zu teilen.<\/p><div class=\"gb-container gb-container-0df56012 gb-container-mt\"> <a class=\"gb-button gb-button-f9f432f4 gb-button-text gb-button-mt-button\" href=\"https:\/\/exceladvisor.org\/de\/formeln\/\">Liste der Excel-Formeln<\/a><h2 class=\"gb-headline gb-headline-233444e8 gb-headline-text gb-headline-mt-heading\"> Verwandte Formeln <\/h2><div class=\"gb-grid-wrapper gb-grid-wrapper-a16fa65c gb-grid-wrapper-mt-grid\"><div class=\"gb-grid-column gb-grid-column-50d07e0d\"><div class=\"gb-container gb-container-50d07e0d\"><ul><li> <a href=\"https:\/\/exceladvisor.org\/de\/schreiben-sie-den-ersten-buchstaben-gross\/\">Schreiben Sie den ersten Buchstaben in Excel gro\u00df<\/a><\/li><li> <a href=\"https:\/\/exceladvisor.org\/de\/spalte-zu-zeile\/\">\u00c4ndern Sie in Excel eine Spalte in eine Zeile (umgekehrt).<\/a><\/li><li> <a href=\"https:\/\/exceladvisor.org\/de\/geben-sie-die-vornamen-mit-komma-dazwischen-zuruck\/\">Geben Sie den Vor- und Nachnamen zur\u00fcck und f\u00fcgen Sie einen Befehl hinzu<\/a><\/li><li> <a href=\"https:\/\/exceladvisor.org\/de\/andern-sie-die-gross-kleinschreibung-des-textes\/\">\u00c4ndern Sie die Gro\u00df- und Kleinschreibung des Textes (Gro\u00df-, Klein- und Kleinschreibung).<\/a> <\/li><\/ul><\/div><\/div><div class=\"gb-grid-column gb-grid-column-5b4a0cf9\"><div class=\"gb-container gb-container-5b4a0cf9\"><\/div><\/div><\/div><\/div>","protected":false},"excerpt":{"rendered":"","protected":false},"author":1,"featured_media":0,"parent":0,"menu_order":0,"comment_status":"open","ping_status":"closed","template":"","meta":{"ub_ctt_via":"","footnotes":""},"class_list":["post-3222","page","type-page","status-publish","hentry"],"featured_image_src":null,"yoast_head":"<!-- This site is optimized with the Yoast SEO plugin v25.4 - https:\/\/yoast.com\/wordpress\/plugins\/seo\/ -->\n<title>\u25b7 Wie \u00e4ndere ich die Gro\u00df-\/Kleinschreibung eines Satzes in Excel?<\/title>\n<meta name=\"description\" content=\"Sie fragen sich vielleicht: Welcher Satzfall ist das eigentlich? Bei Text muss der erste Buchstabe des ersten Wortes gro\u00dfgeschrieben werden\" \/>\n<meta name=\"robots\" content=\"index, follow, max-snippet:-1, max-image-preview:large, max-video-preview:-1\" \/>\n<link rel=\"canonical\" href=\"https:\/\/exceladvisor.org\/de\/satzfall\/\" \/>\n<meta property=\"og:locale\" content=\"de_DE\" \/>\n<meta property=\"og:type\" content=\"article\" \/>\n<meta property=\"og:title\" content=\"\u25b7 Wie \u00e4ndere ich die Gro\u00df-\/Kleinschreibung eines Satzes in Excel?\" \/>\n<meta property=\"og:description\" content=\"Sie fragen sich vielleicht: Welcher Satzfall ist das eigentlich? Bei Text muss der erste Buchstabe des ersten Wortes gro\u00dfgeschrieben werden\" \/>\n<meta property=\"og:url\" content=\"https:\/\/exceladvisor.org\/de\/satzfall\/\" \/>\n<meta property=\"og:site_name\" content=\"Excel Advisor\" \/>\n<meta property=\"article:modified_time\" content=\"2023-12-03T11:13:41+00:00\" \/>\n<meta property=\"og:image\" content=\"https:\/\/exceladvisor.org\/wp-content\/uploads\/2023\/08\/le-cas-de-la-phrase-dans-Excel-est-different-des-autres-cas-1.png\" \/>\n<meta name=\"twitter:card\" content=\"summary_large_image\" \/>\n<meta name=\"twitter:label1\" content=\"Gesch\u00e4tzte Lesezeit\" \/>\n\t<meta name=\"twitter:data1\" content=\"4\u00a0Minuten\" \/>\n<script type=\"application\/ld+json\" class=\"yoast-schema-graph\">{\"@context\":\"https:\/\/schema.org\",\"@graph\":[{\"@type\":\"WebPage\",\"@id\":\"https:\/\/exceladvisor.org\/de\/satzfall\/\",\"url\":\"https:\/\/exceladvisor.org\/de\/satzfall\/\",\"name\":\"\u25b7 Wie \u00e4ndere ich die Gro\u00df-\/Kleinschreibung eines Satzes in Excel?\",\"isPartOf\":{\"@id\":\"https:\/\/exceladvisor.org\/de\/#website\"},\"primaryImageOfPage\":{\"@id\":\"https:\/\/exceladvisor.org\/de\/satzfall\/#primaryimage\"},\"image\":{\"@id\":\"https:\/\/exceladvisor.org\/de\/satzfall\/#primaryimage\"},\"thumbnailUrl\":\"https:\/\/exceladvisor.org\/wp-content\/uploads\/2023\/08\/le-cas-de-la-phrase-dans-Excel-est-different-des-autres-cas-1.png\",\"datePublished\":\"2023-11-08T21:48:39+00:00\",\"dateModified\":\"2023-12-03T11:13:41+00:00\",\"description\":\"Sie fragen sich vielleicht: Welcher Satzfall ist das eigentlich? Bei Text muss der erste Buchstabe des ersten Wortes gro\u00dfgeschrieben werden\",\"breadcrumb\":{\"@id\":\"https:\/\/exceladvisor.org\/de\/satzfall\/#breadcrumb\"},\"inLanguage\":\"de\",\"potentialAction\":[{\"@type\":\"ReadAction\",\"target\":[\"https:\/\/exceladvisor.org\/de\/satzfall\/\"]}]},{\"@type\":\"ImageObject\",\"inLanguage\":\"de\",\"@id\":\"https:\/\/exceladvisor.org\/de\/satzfall\/#primaryimage\",\"url\":\"https:\/\/exceladvisor.org\/wp-content\/uploads\/2023\/08\/le-cas-de-la-phrase-dans-Excel-est-different-des-autres-cas-1.png\",\"contentUrl\":\"https:\/\/exceladvisor.org\/wp-content\/uploads\/2023\/08\/le-cas-de-la-phrase-dans-Excel-est-different-des-autres-cas-1.png\"},{\"@type\":\"BreadcrumbList\",\"@id\":\"https:\/\/exceladvisor.org\/de\/satzfall\/#breadcrumb\",\"itemListElement\":[{\"@type\":\"ListItem\",\"position\":1,\"name\":\"Accueil\",\"item\":\"https:\/\/exceladvisor.org\/de\/\"},{\"@type\":\"ListItem\",\"position\":2,\"name\":\"Wie \u00e4ndere ich die gro\u00df-\/kleinschreibung eines satzes in excel?\"}]},{\"@type\":\"WebSite\",\"@id\":\"https:\/\/exceladvisor.org\/de\/#website\",\"url\":\"https:\/\/exceladvisor.org\/de\/\",\"name\":\"Excel Advisor\",\"description\":\"Ihr Leitfaden zur Datendominanz\",\"publisher\":{\"@id\":\"https:\/\/exceladvisor.org\/de\/#organization\"},\"potentialAction\":[{\"@type\":\"SearchAction\",\"target\":{\"@type\":\"EntryPoint\",\"urlTemplate\":\"https:\/\/exceladvisor.org\/de\/?s={search_term_string}\"},\"query-input\":{\"@type\":\"PropertyValueSpecification\",\"valueRequired\":true,\"valueName\":\"search_term_string\"}}],\"inLanguage\":\"de\"},{\"@type\":\"Organization\",\"@id\":\"https:\/\/exceladvisor.org\/de\/#organization\",\"name\":\"Excel Advisor\",\"url\":\"https:\/\/exceladvisor.org\/de\/\",\"logo\":{\"@type\":\"ImageObject\",\"inLanguage\":\"de\",\"@id\":\"https:\/\/exceladvisor.org\/de\/#\/schema\/logo\/image\/\",\"url\":\"https:\/\/exceladvisor.org\/de\/wp-content\/uploads\/2023\/11\/exceladvisor.org_.png\",\"contentUrl\":\"https:\/\/exceladvisor.org\/de\/wp-content\/uploads\/2023\/11\/exceladvisor.org_.png\",\"width\":105,\"height\":36,\"caption\":\"Excel Advisor\"},\"image\":{\"@id\":\"https:\/\/exceladvisor.org\/de\/#\/schema\/logo\/image\/\"}}]}<\/script>\n<!-- \/ Yoast SEO plugin. -->","yoast_head_json":{"title":"\u25b7 Wie \u00e4ndere ich die Gro\u00df-\/Kleinschreibung eines Satzes in Excel?","description":"Sie fragen sich vielleicht: Welcher Satzfall ist das eigentlich? Bei Text muss der erste Buchstabe des ersten Wortes gro\u00dfgeschrieben werden","robots":{"index":"index","follow":"follow","max-snippet":"max-snippet:-1","max-image-preview":"max-image-preview:large","max-video-preview":"max-video-preview:-1"},"canonical":"https:\/\/exceladvisor.org\/de\/satzfall\/","og_locale":"de_DE","og_type":"article","og_title":"\u25b7 Wie \u00e4ndere ich die Gro\u00df-\/Kleinschreibung eines Satzes in Excel?","og_description":"Sie fragen sich vielleicht: Welcher Satzfall ist das eigentlich? Bei Text muss der erste Buchstabe des ersten Wortes gro\u00dfgeschrieben werden","og_url":"https:\/\/exceladvisor.org\/de\/satzfall\/","og_site_name":"Excel Advisor","article_modified_time":"2023-12-03T11:13:41+00:00","og_image":[{"url":"https:\/\/exceladvisor.org\/wp-content\/uploads\/2023\/08\/le-cas-de-la-phrase-dans-Excel-est-different-des-autres-cas-1.png","type":"","width":"","height":""}],"twitter_card":"summary_large_image","twitter_misc":{"Gesch\u00e4tzte Lesezeit":"4\u00a0Minuten"},"schema":{"@context":"https:\/\/schema.org","@graph":[{"@type":"WebPage","@id":"https:\/\/exceladvisor.org\/de\/satzfall\/","url":"https:\/\/exceladvisor.org\/de\/satzfall\/","name":"\u25b7 Wie \u00e4ndere ich die Gro\u00df-\/Kleinschreibung eines Satzes in Excel?","isPartOf":{"@id":"https:\/\/exceladvisor.org\/de\/#website"},"primaryImageOfPage":{"@id":"https:\/\/exceladvisor.org\/de\/satzfall\/#primaryimage"},"image":{"@id":"https:\/\/exceladvisor.org\/de\/satzfall\/#primaryimage"},"thumbnailUrl":"https:\/\/exceladvisor.org\/wp-content\/uploads\/2023\/08\/le-cas-de-la-phrase-dans-Excel-est-different-des-autres-cas-1.png","datePublished":"2023-11-08T21:48:39+00:00","dateModified":"2023-12-03T11:13:41+00:00","description":"Sie fragen sich vielleicht: Welcher Satzfall ist das eigentlich? Bei Text muss der erste Buchstabe des ersten Wortes gro\u00dfgeschrieben werden","breadcrumb":{"@id":"https:\/\/exceladvisor.org\/de\/satzfall\/#breadcrumb"},"inLanguage":"de","potentialAction":[{"@type":"ReadAction","target":["https:\/\/exceladvisor.org\/de\/satzfall\/"]}]},{"@type":"ImageObject","inLanguage":"de","@id":"https:\/\/exceladvisor.org\/de\/satzfall\/#primaryimage","url":"https:\/\/exceladvisor.org\/wp-content\/uploads\/2023\/08\/le-cas-de-la-phrase-dans-Excel-est-different-des-autres-cas-1.png","contentUrl":"https:\/\/exceladvisor.org\/wp-content\/uploads\/2023\/08\/le-cas-de-la-phrase-dans-Excel-est-different-des-autres-cas-1.png"},{"@type":"BreadcrumbList","@id":"https:\/\/exceladvisor.org\/de\/satzfall\/#breadcrumb","itemListElement":[{"@type":"ListItem","position":1,"name":"Accueil","item":"https:\/\/exceladvisor.org\/de\/"},{"@type":"ListItem","position":2,"name":"Wie \u00e4ndere ich die gro\u00df-\/kleinschreibung eines satzes in excel?"}]},{"@type":"WebSite","@id":"https:\/\/exceladvisor.org\/de\/#website","url":"https:\/\/exceladvisor.org\/de\/","name":"Excel Advisor","description":"Ihr Leitfaden zur Datendominanz","publisher":{"@id":"https:\/\/exceladvisor.org\/de\/#organization"},"potentialAction":[{"@type":"SearchAction","target":{"@type":"EntryPoint","urlTemplate":"https:\/\/exceladvisor.org\/de\/?s={search_term_string}"},"query-input":{"@type":"PropertyValueSpecification","valueRequired":true,"valueName":"search_term_string"}}],"inLanguage":"de"},{"@type":"Organization","@id":"https:\/\/exceladvisor.org\/de\/#organization","name":"Excel Advisor","url":"https:\/\/exceladvisor.org\/de\/","logo":{"@type":"ImageObject","inLanguage":"de","@id":"https:\/\/exceladvisor.org\/de\/#\/schema\/logo\/image\/","url":"https:\/\/exceladvisor.org\/de\/wp-content\/uploads\/2023\/11\/exceladvisor.org_.png","contentUrl":"https:\/\/exceladvisor.org\/de\/wp-content\/uploads\/2023\/11\/exceladvisor.org_.png","width":105,"height":36,"caption":"Excel Advisor"},"image":{"@id":"https:\/\/exceladvisor.org\/de\/#\/schema\/logo\/image\/"}}]}},"yoast_meta":{"yoast_wpseo_title":"","yoast_wpseo_metadesc":"","yoast_wpseo_canonical":""},"_links":{"self":[{"href":"https:\/\/exceladvisor.org\/de\/wp-json\/wp\/v2\/pages\/3222","targetHints":{"allow":["GET"]}}],"collection":[{"href":"https:\/\/exceladvisor.org\/de\/wp-json\/wp\/v2\/pages"}],"about":[{"href":"https:\/\/exceladvisor.org\/de\/wp-json\/wp\/v2\/types\/page"}],"author":[{"embeddable":true,"href":"https:\/\/exceladvisor.org\/de\/wp-json\/wp\/v2\/users\/1"}],"replies":[{"embeddable":true,"href":"https:\/\/exceladvisor.org\/de\/wp-json\/wp\/v2\/comments?post=3222"}],"version-history":[{"count":1,"href":"https:\/\/exceladvisor.org\/de\/wp-json\/wp\/v2\/pages\/3222\/revisions"}],"predecessor-version":[{"id":3850,"href":"https:\/\/exceladvisor.org\/de\/wp-json\/wp\/v2\/pages\/3222\/revisions\/3850"}],"wp:attachment":[{"href":"https:\/\/exceladvisor.org\/de\/wp-json\/wp\/v2\/media?parent=3222"}],"curies":[{"name":"wp","href":"https:\/\/api.w.org\/{rel}","templated":true}]}}