{"id":3223,"date":"2023-11-08T21:24:45","date_gmt":"2023-11-08T21:24:45","guid":{"rendered":"https:\/\/exceladvisor.org\/de\/datum-wenn\/"},"modified":"2023-12-03T13:05:50","modified_gmt":"2023-12-03T13:05:50","slug":"datum-wenn","status":"publish","type":"page","link":"https:\/\/exceladvisor.org\/de\/datum-wenn\/","title":{"rendered":"Wie verwende ich die datedif-funktion in excel?"},"content":{"rendered":"<div class=\"excel-vor-dem-inhalt\" id=\"excel-1115091254\"><script type=\"text\/javascript\">\r\n\tatOptions = {\r\n\t\t'key' : 'c1158f160081d6540a8409e6925dab94',\r\n\t\t'format' : 'iframe',\r\n\t\t'height' : 250,\r\n\t\t'width' : 300,\r\n\t\t'params' : {}\r\n\t};\r\n<\/script>\r\n<script type=\"text\/javascript\" src=\"\/\/www.highperformanceformat.com\/c1158f160081d6540a8409e6925dab94\/invoke.js\"><\/script><\/div> <p>Versuchen Sie, \u201eDATEDIF\u201c in eine Zelle Ihrer Tabelle einzugeben. Sie werden nichts mit diesem Namen finden. <\/p><div class=\"wp-block-image\"><figure class=\"aligncenter\"><img decoding=\"async\" src=\"https:\/\/exceladvisor.org\/wp-content\/uploads\/2023\/08\/essayez-de-taper-datedif-dans-une-cellule.png\" sizes=\"\" srcset=\"\" alt=\"Versuchen Sie, dateif in eine Zelle einzugeben\"><\/figure><\/div><p> Selbst wenn Sie sich das Hilfesystem ansehen, wird nichts mit diesem Namen aufgef\u00fchrt. <\/p><div class=\"wp-block-image\"><figure class=\"aligncenter\"><img decoding=\"async\" src=\"https:\/\/exceladvisor.org\/wp-content\/uploads\/2023\/08\/essayez-de-rechercher-datedif-dans-la-selection-daide.png\" sizes=\"\" srcset=\"\" alt=\"Versuchen Sie, in der Hilfeauswahl nach \u201eDatedif\u201c zu suchen\"><\/figure><\/div><p> Wenn Sie jedoch zum Excel 2000-Hilfesystem zur\u00fcckkehren, finden Sie die dort dokumentierte DATEDIF-Funktion. Nun, es ist ein R\u00e4tsel, warum Microsoft die DATEDIF-Funktion aus der <a href=\"https:\/\/exceladvisor.org\/de\/excel-funktionen\/\">Funktionsliste<\/a> ausblenden muss.<\/p><p> Wenn Sie mich fragen, ist DATEDIF die beste Funktion, um die Differenz zwischen zwei Datumsangaben zu ermitteln. Und eines seiner besten Beispiele ist die Berechnung im Alter.<\/p><p> Die Frage ist nun: Wenn diese Funktion nicht vorhanden ist, wie k\u00f6nnen wir sie dann in allen neuen Excel-Versionen verwenden?<\/p><p> Und die Antwort lautet: Wir k\u00f6nnen es so verwenden, wie wir alle Funktionen in Excel verwenden. Der einzige Unterschied besteht darin, dass Excel beim Versuch, es einzuf\u00fcgen, seine Syntaxargumente nicht anzeigt. Deshalb m\u00f6chte ich Ihnen heute in diesem Artikel alle Details zur DATEDIF-Funktion mitteilen.<\/p><h2 id=\"tab-con-1\" class=\"wp-block-heading\"> Syntax<\/h2><p> DATEDIF(Datum1,Datum2,Intervall)<\/p><ul><li> <strong>Datum1:<\/strong> Das Datum, ab dem Sie mit der Berechnung Ihres Intervalls beginnen m\u00f6chten. Vereinfacht ausgedr\u00fcckt ist dies das Startdatum des Intervalls.<\/li><li> <strong>Datum2:<\/strong> Das Datum, an dem Sie das Intervall berechnen m\u00f6chten. Vereinfacht ausgedr\u00fcckt ist dies das Enddatum Ihres Intervalls.<\/li><li> <strong>Intervall:<\/strong> Stellt die Zeiteinheit dar, die von der Funktion zur\u00fcckgegeben wird. Wir haben sechs spezifische Textzeichenfolgen, um verschiedene Zeiteinheiten darzustellen.<\/li><\/ul><h2 id=\"tab-con-2\" class=\"wp-block-heading\"> Verwenden Sie unterschiedliche Intervalle<\/h2><p> Zur Berechnung der Differenz zwischen zwei Datumsangaben stehen Ihnen sechs verschiedene Intervalltypen zur Verf\u00fcgung.<\/p><h3 id=\"tab-con-3\" class=\"wp-block-heading\"> 1. \u201ey\u201c f\u00fcr Jahre<\/h3><p> Es werden die vollst\u00e4ndigen Jahre zwischen dem Startdatum und dem Enddatum zur\u00fcckgegeben, wobei dar\u00fcber hinausgehende Monate und Tage ignoriert werden. <\/p><div class=\"wp-block-image\"><figure class=\"aligncenter\"><img decoding=\"async\" src=\"https:\/\/exceladvisor.org\/wp-content\/uploads\/2023\/08\/en-utilisant-lintervalle-y-dans-datedif-pour-obtenir-des-annees.png\" sizes=\"\" srcset=\"\" alt=\"Verwenden Sie das y-Intervall in dateif, um Jahre zu erhalten\"><\/figure><\/div><p> Im obigen Beispiel haben Sie das Intervall zwischen zwei Datumsangaben mit \u201ey\u201c berechnet. Wenn Sie \u00fcberpr\u00fcfen, betr\u00e4gt der Unterschied zwischen diesen beiden Daten mehr als 25 Jahre (37 Tage mehr). Aber er gab nur die vollendeten Jahre zur\u00fcck, also 25.<\/p><h3 id=\"tab-con-4\" class=\"wp-block-heading\"> 2. \u201em\u201c f\u00fcr Monate<\/h3><p> Es wird die Anzahl der vollst\u00e4ndigen Monate zwischen dem Startdatum und dem Enddatum zur\u00fcckgegeben, wobei \u00fcbersch\u00fcssige Tage ignoriert werden. <\/p><div class=\"wp-block-image\"><figure class=\"aligncenter\"><img decoding=\"async\" src=\"https:\/\/exceladvisor.org\/wp-content\/uploads\/2023\/08\/en-utilisant-lintervalle-m-dans-datedif-pour-obtenir-les-mois-1.png\" sizes=\"\" srcset=\"\" alt=\"Verwenden Sie das m-Intervall in dateif, um Monate zu erhalten\"><\/figure><\/div><p> Als Ergebnis wurden 301 Monate zur\u00fcckgegeben, was der Gesamtzahl der vollen Monate entspricht, wobei die \u00fcbersch\u00fcssigen 7 Tage ignoriert werden.<\/p><h3 id=\"tab-con-5\" class=\"wp-block-heading\"> 3. \u201ed\u201c f\u00fcr Tage<\/h3><p> Es wird die Gesamtzahl der Tage zwischen dem Startdatum und dem Enddatum zur\u00fcckgegeben. Da Tage die kleinsten Einheiten zwischen zwei Daten sind, erhalten Sie hier die Gesamtzahl der Tage. <\/p><div class=\"wp-block-image\"><figure class=\"aligncenter\"><img decoding=\"async\" src=\"https:\/\/exceladvisor.org\/wp-content\/uploads\/2023\/08\/en-utilisant-d-intervalle-dans-datedif-pour-obtenir-des-jours.png\" sizes=\"\" srcset=\"\" alt=\"Verwenden Sie das d-Intervall in dateif, um Tage zu erhalten\"><\/figure><\/div><p> Im obigen Beispiel haben wir die Gesamtzahl der Tage zwischen dem Start- und Enddatum.<\/p><h3 id=\"tab-con-6\" class=\"wp-block-heading\"> 4. \u201eym\u201c f\u00fcr Monate \u00fcber Jahre<\/h3><p> Es werden vollst\u00e4ndige Monatszahlen \u00fcber ganze Jahre zur\u00fcckgegeben. Vereinfacht ausgedr\u00fcckt: Wenn zwischen zwei Daten ein Gesamtintervall von 25 Jahren, 1 Monat und 7 Tagen liegt, wird im Ergebnis 1 Monat zur\u00fcckgegeben. <\/p><div class=\"wp-block-image\"><figure class=\"aligncenter\"><img decoding=\"async\" src=\"https:\/\/exceladvisor.org\/wp-content\/uploads\/2023\/08\/en-utilisant-lintervalle-ym-dans-datedif-pour-obtenir-des-mois-sur-des-annees.png\" sizes=\"\" srcset=\"\" alt=\"Verwenden Sie das ym-Intervall in dateif, um Monate \u00fcber Jahre zu erhalten\"><\/figure><\/div><p> Im obigen Beispiel haben wir die Anzahl der vollen Monate berechnet, die nach aufeinanderfolgenden Jahren zwischen dem Startdatum und dem Enddatum verbleiben.<\/p><h3 id=\"tab-con-7\" class=\"wp-block-heading\"> 5. \u201eyd\u201c f\u00fcr Tage \u00fcber Jahre<\/h3><p> Es wird die Anzahl der Tage der abgeschlossenen Jahre zur\u00fcckgegeben. Vereinfacht ausgedr\u00fcckt: Wenn zwischen zwei Daten ein Gesamtintervall von 25 Jahren und 37 Tagen liegt, werden im Ergebnis 37 Tage zur\u00fcckgegeben. <\/p><div class=\"wp-block-image\"><figure class=\"aligncenter\"><img decoding=\"async\" src=\"https:\/\/exceladvisor.org\/wp-content\/uploads\/2023\/08\/en-utilisant-lintervalle-yd-dans-datedif-pour-obtenir-des-jours-sur-des-annees.png\" sizes=\"\" srcset=\"\" alt=\"Verwenden Sie das yd-Intervall in dateif, um Tage \u00fcber Jahre zu erhalten\"><\/figure><\/div><p> Im obigen Beispiel haben Sie die Anzahl der verbleibenden Tage nach den vollen Jahren zwischen dem Startdatum und dem Enddatum berechnet.<\/p><h3 id=\"tab-con-8\" class=\"wp-block-heading\"> 6. \u201emd\u201c f\u00fcr Tage \u00fcber Monate<\/h3><p> Es wird die Anzahl der \u00fcbersch\u00fcssigen Tage im gesamten Monat zur\u00fcckgegeben. Vereinfacht ausgedr\u00fcckt: Wenn zwischen zwei Daten ein Gesamtintervall von 301 Monaten und 7 Tagen liegt, werden im Ergebnis 7 Tage zur\u00fcckgegeben. <\/p><div class=\"wp-block-image\"><figure class=\"aligncenter\"><img decoding=\"async\" src=\"https:\/\/exceladvisor.org\/wp-content\/uploads\/2023\/08\/en-utilisant-lintervalle-md-dans-datedif-pour-obtenir-des-jours-sur-des-mois.png\" sizes=\"\" srcset=\"\" alt=\"Verwenden von MD-Intervall in dateif, um Tage aus Monaten zu erhalten\"><\/figure><\/div><p> Im obigen Beispiel haben wir die Anzahl der Tage berechnet, die nach den vollen Monaten zwischen dem Startdatum und dem Enddatum verbleiben. <\/p><div class=\"gb-container gb-container-bafb25cc gb-container-download-2\"><div class=\"gb-grid-wrapper gb-grid-wrapper-91201309\"><div class=\"gb-grid-column gb-grid-column-15a917ef\"><div class=\"gb-container gb-container-15a917ef\"><h2 class=\"gb-headline gb-headline-f2deb261 gb-headline-text gb-headline-download-2\"> Holen Sie sich die Excel-Datei <\/h2><\/div><\/div><div class=\"gb-grid-column gb-grid-column-18357188\"><div class=\"gb-container gb-container-18357188\"><div class=\"gb-container gb-container-76cbe15e\"> <a class=\"gb-button gb-button-cb63d00a gb-button-text gb-button-download-2\" href=\"https:\/\/exceladvisor.org\/wp-content\/uploads\/2023\/11\/date-si-2.xlsx\" rel=\"nofollow\">Herunterladen<\/a> <\/div><\/div><\/div><\/div><\/div><h2 id=\"steps-to-calculate-age-in-excel-using-datedif\" class=\"wp-block-heading\"> BEISPIEL: Berechnen Sie das Alter in Excel mit DATEDIF<\/h2><p> Hier m\u00fcssen Sie das Alter in einem Format berechnen, in dem Sie Jahre, Monate und Tage getrennt anzeigen k\u00f6nnen. Zum Beispiel 26 Jahre, 8 Monate und 17 Tage. Und daf\u00fcr m\u00fcssen wir DATEDIF dreimal kombinieren. <\/p><div class=\"wp-block-image\"><figure class=\"aligncenter\"><img decoding=\"async\" src=\"https:\/\/exceladvisor.org\/wp-content\/uploads\/2023\/08\/calculer-lage-dans-excel-en-utilisant-la-fonction-datedif-et-la-date-de-naissance.gif\" sizes=\"\" srcset=\"\" alt=\"Berechnen Sie das Alter in Excel mithilfe der Dateif-Funktion und des Geburtsdatums\"><\/figure><\/div><p> Hier sind die Schritte.<\/p><h3 id=\"1-calculate-completed-years-of-a-person-s-age\" class=\"wp-block-heading\"> 1. Berechnen Sie die vollendeten Lebensjahre einer Person<\/h3><p> Zun\u00e4chst m\u00fcssen Sie die Gesamtzahl der Jahre berechnen, die zwischen einem Geburtsdatum und dem heutigen Datum vergangen sind. Und daf\u00fcr lautet die Formel:<\/p><pre class=\"wp-block-code\"> <code class=\"language-excel-formula\" lang=\"excel-formula\">=DATEDIF(Date-of-Birth,TODAY(),\"y\")<\/code><\/pre><p> Dadurch werden die zwischen zwei Daten abgeschlossenen Jahre zur\u00fcckgegeben. <\/p><div class=\"wp-block-image\"><figure class=\"aligncenter\"><img decoding=\"async\" src=\"https:\/\/exceladvisor.org\/wp-content\/uploads\/2023\/08\/calculer-lage-dans-Excel-en-utilisant-la-fonction-datedif-en-utilisant-la-date-de-naissance-obtenir-les-annees-revolues.png\" sizes=\"\" srcset=\"\" alt=\"Berechnen Sie das Alter in Excel mithilfe der Funktion \u201eDatedif\u201c, verwenden Sie das Geburtsdatum und erhalten Sie abgeschlossene Jahre\"><\/figure><\/div><h3 id=\"2-calculate-completed-months-of-a-person-s-age-after-completed-years\" class=\"wp-block-heading\"> 2. Berechnen Sie die vollendeten Lebensmonate einer Person nach vollendeten Jahren<\/h3><p> Als n\u00e4chstes m\u00fcssen die abgeschlossenen Monate berechnet werden. Das hei\u00dft, wenn Sie 26 Jahre, 5 Monate und 19 Tage alt sind, m\u00fcssen wir 5 Monate zur\u00fcckerhalten.<\/p><p> Die folgende Formel kann verwendet werden:<\/p><pre class=\"wp-block-code\"> <code class=\"language-excel-formula\" lang=\"excel-formula\">=DATEDIF(Date-of-Birth,TODAY(),\"my\")<\/code><\/pre><p> Dadurch werden nach den abgeschlossenen Jahren die abgeschlossenen Monate zwischen dem Geburtsdatum und dem heutigen Datum zur\u00fcckgegeben. <\/p><div class=\"wp-block-image\"><figure class=\"aligncenter\"><img decoding=\"async\" src=\"https:\/\/exceladvisor.org\/wp-content\/uploads\/2023\/08\/calculer-lage-dans-excel-en-utilisant-la-fonction-datedif-en-utilisant-la-date-de-naissance-obtenir-les-mois-termines-2.png\" sizes=\"\" srcset=\"\" alt=\"Berechnen Sie das Alter in Excel mithilfe der Funktion \u201eDatedif\u201c, verwenden Sie das Geburtsdatum und erhalten Sie vollst\u00e4ndige Monate\"><\/figure><\/div><h3 id=\"3-calculate-completed-days-of-a-person-s-age-after-completed-years-and-months\" class=\"wp-block-heading\"> 3. Volle Tage im Alter einer Person nach vollen Jahren und Monaten<\/h3><p> Am Ende m\u00fcssen Sie die verbleibenden Tage nach Abschluss von Jahren und Monaten berechnen. Hier ist die Formel:<\/p><pre class=\"wp-block-code\"> <code class=\"language-excel-formula\" lang=\"excel-formula\">=DATEDIF(Date-of-Birth,TODAY(),\"md\")<\/code><\/pre><p> Dadurch werden nach Abschluss der Jahre und Monate die restlichen Tage zwischen dem Geburtsdatum und dem heutigen Datum zur\u00fcckgegeben. <\/p><div class=\"wp-block-image\"><figure class=\"aligncenter\"><img decoding=\"async\" src=\"https:\/\/exceladvisor.org\/wp-content\/uploads\/2023\/08\/calculer-lage-dans-Excel-en-utilisant-la-fonction-datedif-en-utilisant-la-date-de-naissance-obtenir-les-jours-complets.png\" sizes=\"\" srcset=\"\" alt=\"Berechnen Sie das Alter in Excel mit der Funktion \u201eDatedif\u201c, verwenden Sie das Geburtsdatum und erhalten Sie volle Tage\"><\/figure><\/div><h3 id=\"4-combine-all-three-formulas-to-get-actual-age\" class=\"wp-block-heading\"> 4. Kombinieren Sie die drei Formeln, um das tats\u00e4chliche Alter zu ermitteln<\/h3><p> Jetzt ist es an der Zeit, all dies zu kombinieren, um ein genaues Alter zu ermitteln. Geben Sie die folgende Formel in eine Zelle Ihrer Tabelle ein und ersetzen Sie \u201eGeburtsdatum\u201c durch Ihr tats\u00e4chliches Geburtsdatum. <\/p><pre class=\"wp-block-code\"> <code class=\"language-excel-formula\" lang=\"excel-formula\">=\"You age is \"&amp; DATEDIF(Date-of-Birth,TODAY(),\"y\") &amp;\" Year(s), \"&amp; DATEDIF(Date-of-Birth,TODAY(),\"ym\")&amp; \" Month(s) &amp; \"&amp; DATEDIF(Date-of-Birth,TODAY(),\"md\")&amp; \" Day(s).\"<\/code><\/pre><div class=\"wp-block-image\"><figure class=\"aligncenter\"><img decoding=\"async\" src=\"https:\/\/exceladvisor.org\/wp-content\/uploads\/2023\/08\/calculer-lage-dans-Excel-en-utilisant-la-fonction-datedif-en-utilisant-la-formule-combinee-de-date-de-naissance.png\" sizes=\"\" srcset=\"\" alt=\"\"><\/figure><\/div><p> Das ist alles. <\/p><div class=\"gb-container gb-container-887766f9 gb-container-download-2\"><div class=\"gb-grid-wrapper gb-grid-wrapper-49604f3e\"><div class=\"gb-grid-column gb-grid-column-6b9b731e\"><div class=\"gb-container gb-container-6b9b731e\"><h2 class=\"gb-headline gb-headline-f2537129 gb-headline-text gb-headline-download-2\"> Holen Sie sich die Excel-Datei <\/h2><\/div><\/div><div class=\"gb-grid-column gb-grid-column-ba062c0c\"><div class=\"gb-container gb-container-ba062c0c\"><div class=\"gb-container gb-container-863eb8a3\"> <a class=\"gb-button gb-button-d43e2cad gb-button-text gb-button-download-2\" href=\"https:\/\/exceladvisor.org\/wp-content\/uploads\/2023\/11\/calculer-lage-2.xlsx\" rel=\"nofollow\">Herunterladen<\/a><\/div><\/div><\/div><\/div><\/div><h2 class=\"wp-block-heading\"> Wichtige Punkte<\/h2><ul><li> Die Uhrzeit im Datum wird ignoriert.<\/li><li> Das Enddatum (Datum2) muss gr\u00f6\u00dfer als das Startdatum (Datum1) sein.<\/li><\/ul><div class=\"gb-container gb-container-0df56012 gb-container-mt\"> <a class=\"gb-button gb-button-f9f432f4 gb-button-text gb-button-mt-button\" href=\"https:\/\/exceladvisor.org\/de\/formeln\/\">Liste der Excel-Formeln<\/a><h2 class=\"gb-headline gb-headline-233444e8 gb-headline-text gb-headline-mt-heading\"> Verwandte Formeln <\/h2><div class=\"gb-grid-wrapper gb-grid-wrapper-a16fa65c gb-grid-wrapper-mt-grid\"><div class=\"gb-grid-column gb-grid-column-50d07e0d\"><div class=\"gb-container gb-container-50d07e0d\"><ul><li> <a href=\"https:\/\/exceladvisor.org\/de\/vergleichen-sie-zwei-daten\/\">Vergleichen Sie zwei Daten in Excel<\/a><\/li><li> <a href=\"https:\/\/exceladvisor.org\/de\/datum-in-zahl-umwandeln\/\">Konvertieren Sie ein Datum in eine Zahl in Excel<\/a><\/li><li> <a href=\"https:\/\/exceladvisor.org\/de\/text-bis-heute\/\">Konvertieren Sie Text in Excel in ein Datum<\/a><\/li><li> <a href=\"https:\/\/exceladvisor.org\/de\/datumsbereich\/\">Erstellen Sie einen Datumsbereich in Excel<\/a><\/li><li> <a href=\"https:\/\/exceladvisor.org\/de\/benutzerdefinierte-datumsformate\/\">Benutzerdefinierte Datumsformate in Excel<\/a> <\/li><\/ul><\/div><\/div><div class=\"gb-grid-column gb-grid-column-5b4a0cf9\"><div class=\"gb-container gb-container-5b4a0cf9\"><\/div><\/div><\/div><\/div>","protected":false},"excerpt":{"rendered":"","protected":false},"author":1,"featured_media":0,"parent":0,"menu_order":0,"comment_status":"open","ping_status":"closed","template":"","meta":{"ub_ctt_via":"","footnotes":""},"class_list":["post-3223","page","type-page","status-publish","hentry"],"featured_image_src":null,"yoast_head":"<!-- This site is optimized with the Yoast SEO plugin v25.4 - https:\/\/yoast.com\/wordpress\/plugins\/seo\/ -->\n<title>\u25b7 Wie verwende ich die DATEDIF-Funktion in Excel?<\/title>\n<meta name=\"description\" content=\"Die Verwendung der DatedIF-Funktion in Excel ist die beste M\u00f6glichkeit, die Tage zwischen zwei Datumsangaben zu berechnen. Sie k\u00f6nnen auch verwenden\" \/>\n<meta name=\"robots\" content=\"index, follow, max-snippet:-1, max-image-preview:large, max-video-preview:-1\" \/>\n<link rel=\"canonical\" href=\"https:\/\/exceladvisor.org\/de\/datum-wenn\/\" \/>\n<meta property=\"og:locale\" content=\"de_DE\" \/>\n<meta property=\"og:type\" content=\"article\" \/>\n<meta property=\"og:title\" content=\"\u25b7 Wie verwende ich die DATEDIF-Funktion in Excel?\" \/>\n<meta property=\"og:description\" content=\"Die Verwendung der DatedIF-Funktion in Excel ist die beste M\u00f6glichkeit, die Tage zwischen zwei Datumsangaben zu berechnen. Sie k\u00f6nnen auch verwenden\" \/>\n<meta property=\"og:url\" content=\"https:\/\/exceladvisor.org\/de\/datum-wenn\/\" \/>\n<meta property=\"og:site_name\" content=\"Excel Advisor\" \/>\n<meta property=\"article:modified_time\" content=\"2023-12-03T13:05:50+00:00\" \/>\n<meta property=\"og:image\" content=\"https:\/\/exceladvisor.org\/wp-content\/uploads\/2023\/08\/essayez-de-taper-datedif-dans-une-cellule.png\" \/>\n<meta name=\"twitter:card\" content=\"summary_large_image\" \/>\n<meta name=\"twitter:label1\" content=\"Gesch\u00e4tzte Lesezeit\" \/>\n\t<meta name=\"twitter:data1\" content=\"5\u00a0Minuten\" \/>\n<script type=\"application\/ld+json\" class=\"yoast-schema-graph\">{\"@context\":\"https:\/\/schema.org\",\"@graph\":[{\"@type\":\"WebPage\",\"@id\":\"https:\/\/exceladvisor.org\/de\/datum-wenn\/\",\"url\":\"https:\/\/exceladvisor.org\/de\/datum-wenn\/\",\"name\":\"\u25b7 Wie verwende ich die DATEDIF-Funktion in Excel?\",\"isPartOf\":{\"@id\":\"https:\/\/exceladvisor.org\/de\/#website\"},\"primaryImageOfPage\":{\"@id\":\"https:\/\/exceladvisor.org\/de\/datum-wenn\/#primaryimage\"},\"image\":{\"@id\":\"https:\/\/exceladvisor.org\/de\/datum-wenn\/#primaryimage\"},\"thumbnailUrl\":\"https:\/\/exceladvisor.org\/wp-content\/uploads\/2023\/08\/essayez-de-taper-datedif-dans-une-cellule.png\",\"datePublished\":\"2023-11-08T21:24:45+00:00\",\"dateModified\":\"2023-12-03T13:05:50+00:00\",\"description\":\"Die Verwendung der DatedIF-Funktion in Excel ist die beste M\u00f6glichkeit, die Tage zwischen zwei Datumsangaben zu berechnen. Sie k\u00f6nnen auch verwenden\",\"breadcrumb\":{\"@id\":\"https:\/\/exceladvisor.org\/de\/datum-wenn\/#breadcrumb\"},\"inLanguage\":\"de\",\"potentialAction\":[{\"@type\":\"ReadAction\",\"target\":[\"https:\/\/exceladvisor.org\/de\/datum-wenn\/\"]}]},{\"@type\":\"ImageObject\",\"inLanguage\":\"de\",\"@id\":\"https:\/\/exceladvisor.org\/de\/datum-wenn\/#primaryimage\",\"url\":\"https:\/\/exceladvisor.org\/wp-content\/uploads\/2023\/08\/essayez-de-taper-datedif-dans-une-cellule.png\",\"contentUrl\":\"https:\/\/exceladvisor.org\/wp-content\/uploads\/2023\/08\/essayez-de-taper-datedif-dans-une-cellule.png\"},{\"@type\":\"BreadcrumbList\",\"@id\":\"https:\/\/exceladvisor.org\/de\/datum-wenn\/#breadcrumb\",\"itemListElement\":[{\"@type\":\"ListItem\",\"position\":1,\"name\":\"Accueil\",\"item\":\"https:\/\/exceladvisor.org\/de\/\"},{\"@type\":\"ListItem\",\"position\":2,\"name\":\"Wie verwende ich die datedif-funktion in excel?\"}]},{\"@type\":\"WebSite\",\"@id\":\"https:\/\/exceladvisor.org\/de\/#website\",\"url\":\"https:\/\/exceladvisor.org\/de\/\",\"name\":\"Excel Advisor\",\"description\":\"Ihr Leitfaden zur Datendominanz\",\"publisher\":{\"@id\":\"https:\/\/exceladvisor.org\/de\/#organization\"},\"potentialAction\":[{\"@type\":\"SearchAction\",\"target\":{\"@type\":\"EntryPoint\",\"urlTemplate\":\"https:\/\/exceladvisor.org\/de\/?s={search_term_string}\"},\"query-input\":{\"@type\":\"PropertyValueSpecification\",\"valueRequired\":true,\"valueName\":\"search_term_string\"}}],\"inLanguage\":\"de\"},{\"@type\":\"Organization\",\"@id\":\"https:\/\/exceladvisor.org\/de\/#organization\",\"name\":\"Excel Advisor\",\"url\":\"https:\/\/exceladvisor.org\/de\/\",\"logo\":{\"@type\":\"ImageObject\",\"inLanguage\":\"de\",\"@id\":\"https:\/\/exceladvisor.org\/de\/#\/schema\/logo\/image\/\",\"url\":\"https:\/\/exceladvisor.org\/de\/wp-content\/uploads\/2023\/11\/exceladvisor.org_.png\",\"contentUrl\":\"https:\/\/exceladvisor.org\/de\/wp-content\/uploads\/2023\/11\/exceladvisor.org_.png\",\"width\":105,\"height\":36,\"caption\":\"Excel Advisor\"},\"image\":{\"@id\":\"https:\/\/exceladvisor.org\/de\/#\/schema\/logo\/image\/\"}}]}<\/script>\n<!-- \/ Yoast SEO plugin. -->","yoast_head_json":{"title":"\u25b7 Wie verwende ich die DATEDIF-Funktion in Excel?","description":"Die Verwendung der DatedIF-Funktion in Excel ist die beste M\u00f6glichkeit, die Tage zwischen zwei Datumsangaben zu berechnen. Sie k\u00f6nnen auch verwenden","robots":{"index":"index","follow":"follow","max-snippet":"max-snippet:-1","max-image-preview":"max-image-preview:large","max-video-preview":"max-video-preview:-1"},"canonical":"https:\/\/exceladvisor.org\/de\/datum-wenn\/","og_locale":"de_DE","og_type":"article","og_title":"\u25b7 Wie verwende ich die DATEDIF-Funktion in Excel?","og_description":"Die Verwendung der DatedIF-Funktion in Excel ist die beste M\u00f6glichkeit, die Tage zwischen zwei Datumsangaben zu berechnen. Sie k\u00f6nnen auch verwenden","og_url":"https:\/\/exceladvisor.org\/de\/datum-wenn\/","og_site_name":"Excel Advisor","article_modified_time":"2023-12-03T13:05:50+00:00","og_image":[{"url":"https:\/\/exceladvisor.org\/wp-content\/uploads\/2023\/08\/essayez-de-taper-datedif-dans-une-cellule.png","type":"","width":"","height":""}],"twitter_card":"summary_large_image","twitter_misc":{"Gesch\u00e4tzte Lesezeit":"5\u00a0Minuten"},"schema":{"@context":"https:\/\/schema.org","@graph":[{"@type":"WebPage","@id":"https:\/\/exceladvisor.org\/de\/datum-wenn\/","url":"https:\/\/exceladvisor.org\/de\/datum-wenn\/","name":"\u25b7 Wie verwende ich die DATEDIF-Funktion in Excel?","isPartOf":{"@id":"https:\/\/exceladvisor.org\/de\/#website"},"primaryImageOfPage":{"@id":"https:\/\/exceladvisor.org\/de\/datum-wenn\/#primaryimage"},"image":{"@id":"https:\/\/exceladvisor.org\/de\/datum-wenn\/#primaryimage"},"thumbnailUrl":"https:\/\/exceladvisor.org\/wp-content\/uploads\/2023\/08\/essayez-de-taper-datedif-dans-une-cellule.png","datePublished":"2023-11-08T21:24:45+00:00","dateModified":"2023-12-03T13:05:50+00:00","description":"Die Verwendung der DatedIF-Funktion in Excel ist die beste M\u00f6glichkeit, die Tage zwischen zwei Datumsangaben zu berechnen. Sie k\u00f6nnen auch verwenden","breadcrumb":{"@id":"https:\/\/exceladvisor.org\/de\/datum-wenn\/#breadcrumb"},"inLanguage":"de","potentialAction":[{"@type":"ReadAction","target":["https:\/\/exceladvisor.org\/de\/datum-wenn\/"]}]},{"@type":"ImageObject","inLanguage":"de","@id":"https:\/\/exceladvisor.org\/de\/datum-wenn\/#primaryimage","url":"https:\/\/exceladvisor.org\/wp-content\/uploads\/2023\/08\/essayez-de-taper-datedif-dans-une-cellule.png","contentUrl":"https:\/\/exceladvisor.org\/wp-content\/uploads\/2023\/08\/essayez-de-taper-datedif-dans-une-cellule.png"},{"@type":"BreadcrumbList","@id":"https:\/\/exceladvisor.org\/de\/datum-wenn\/#breadcrumb","itemListElement":[{"@type":"ListItem","position":1,"name":"Accueil","item":"https:\/\/exceladvisor.org\/de\/"},{"@type":"ListItem","position":2,"name":"Wie verwende ich die datedif-funktion in excel?"}]},{"@type":"WebSite","@id":"https:\/\/exceladvisor.org\/de\/#website","url":"https:\/\/exceladvisor.org\/de\/","name":"Excel Advisor","description":"Ihr Leitfaden zur Datendominanz","publisher":{"@id":"https:\/\/exceladvisor.org\/de\/#organization"},"potentialAction":[{"@type":"SearchAction","target":{"@type":"EntryPoint","urlTemplate":"https:\/\/exceladvisor.org\/de\/?s={search_term_string}"},"query-input":{"@type":"PropertyValueSpecification","valueRequired":true,"valueName":"search_term_string"}}],"inLanguage":"de"},{"@type":"Organization","@id":"https:\/\/exceladvisor.org\/de\/#organization","name":"Excel Advisor","url":"https:\/\/exceladvisor.org\/de\/","logo":{"@type":"ImageObject","inLanguage":"de","@id":"https:\/\/exceladvisor.org\/de\/#\/schema\/logo\/image\/","url":"https:\/\/exceladvisor.org\/de\/wp-content\/uploads\/2023\/11\/exceladvisor.org_.png","contentUrl":"https:\/\/exceladvisor.org\/de\/wp-content\/uploads\/2023\/11\/exceladvisor.org_.png","width":105,"height":36,"caption":"Excel Advisor"},"image":{"@id":"https:\/\/exceladvisor.org\/de\/#\/schema\/logo\/image\/"}}]}},"yoast_meta":{"yoast_wpseo_title":"","yoast_wpseo_metadesc":"","yoast_wpseo_canonical":""},"_links":{"self":[{"href":"https:\/\/exceladvisor.org\/de\/wp-json\/wp\/v2\/pages\/3223","targetHints":{"allow":["GET"]}}],"collection":[{"href":"https:\/\/exceladvisor.org\/de\/wp-json\/wp\/v2\/pages"}],"about":[{"href":"https:\/\/exceladvisor.org\/de\/wp-json\/wp\/v2\/types\/page"}],"author":[{"embeddable":true,"href":"https:\/\/exceladvisor.org\/de\/wp-json\/wp\/v2\/users\/1"}],"replies":[{"embeddable":true,"href":"https:\/\/exceladvisor.org\/de\/wp-json\/wp\/v2\/comments?post=3223"}],"version-history":[{"count":1,"href":"https:\/\/exceladvisor.org\/de\/wp-json\/wp\/v2\/pages\/3223\/revisions"}],"predecessor-version":[{"id":4240,"href":"https:\/\/exceladvisor.org\/de\/wp-json\/wp\/v2\/pages\/3223\/revisions\/4240"}],"wp:attachment":[{"href":"https:\/\/exceladvisor.org\/de\/wp-json\/wp\/v2\/media?parent=3223"}],"curies":[{"name":"wp","href":"https:\/\/api.w.org\/{rel}","templated":true}]}}