{"id":3224,"date":"2023-11-08T21:16:36","date_gmt":"2023-11-08T21:16:36","guid":{"rendered":"https:\/\/exceladvisor.org\/de\/summe-wenn-nicht-leer-2\/"},"modified":"2023-12-03T11:21:13","modified_gmt":"2023-12-03T11:21:13","slug":"summe-wenn-nicht-leer-2","status":"publish","type":"page","link":"https:\/\/exceladvisor.org\/de\/summe-wenn-nicht-leer-2\/","title":{"rendered":"Wie f\u00fcge ich nicht leere zellen hinzu?"},"content":{"rendered":"<div class=\"excel-vor-dem-inhalt\" id=\"excel-1165044306\"><script type=\"text\/javascript\">\r\n\tatOptions = {\r\n\t\t'key' : 'c1158f160081d6540a8409e6925dab94',\r\n\t\t'format' : 'iframe',\r\n\t\t'height' : 250,\r\n\t\t'width' : 300,\r\n\t\t'params' : {}\r\n\t};\r\n<\/script>\r\n<script type=\"text\/javascript\" src=\"\/\/www.highperformanceformat.com\/c1158f160081d6540a8409e6925dab94\/invoke.js\"><\/script><\/div> <p>Um den Wert nicht leerer Zellen zu summieren, m\u00fcssen Sie im Kriteriumsargument der Funktion einen nicht leeren Wert (\u201e&lt;&gt;\u201c unter Verwendung des Gr\u00f6\u00dfer-als- und Kleiner-als-Operators) angeben. Damit sucht SUMIF nur nach nicht leeren Zellen und ber\u00fccksichtigt nur darauf basierende [sum_range]-Werte. Nachfolgend haben wir die Spendensumme mit Namen berechnet. <\/p><div class=\"wp-block-image\"><figure class=\"aligncenter size-full is-resized\"><img loading=\"lazy\" decoding=\"async\" class=\"wp-image-77827\" src=\"https:\/\/exceladvisor.org\/wp-content\/uploads\/2023\/08\/1-somme-si-cellules-non-vides.png\" sizes=\"auto, \" srcset=\"\" alt=\"Sumif-nicht-leere-Zellen\" width=\"542\" height=\"431\"><\/figure><\/div><h2 class=\"wp-block-heading\"> Verwendung von SUMIF f\u00fcr nicht leere Zellen<\/h2><ol type=\"1\"><li> Geben Sie zun\u00e4chst in der Zelle =SUMMEWENN( ein.<\/li><li> Die Bereichskriterien beziehen sich nun auf den Bereich A2:A13.<\/li><li> Geben Sie als N\u00e4chstes mit \u201e&lt;&gt;\u201c die Kriterien f\u00fcr nicht leere Zellen ein.<\/li><li> Beziehen Sie sich anschlie\u00dfend im Argument [sum_range] auf den Bereich B2:B13.<\/li><li> Geben Sie am Ende die schlie\u00dfenden Klammern ein und dr\u00fccken Sie die Eingabetaste, um das Ergebnis zu erhalten. <\/li><\/ol><div class=\"wp-block-image\"><figure class=\"aligncenter size-full is-resized\"><img loading=\"lazy\" decoding=\"async\" class=\"wp-image-77828\" src=\"https:\/\/exceladvisor.org\/wp-content\/uploads\/2023\/08\/2-utiliser-sumif-pour-les-cellules-non-vides.png\" sizes=\"auto, \" srcset=\"\" alt=\"Verwenden Sie Sumif f\u00fcr nicht leere Zellen\" width=\"709\" height=\"201\"><\/figure><\/div><p> Wenn Sie die Formel eingeben und die Eingabetaste dr\u00fccken, wird die Spendensumme nur f\u00fcr die Zellen zur\u00fcckgegeben, in deren Namensspalte Sie einen Namen haben. <\/p><div class=\"wp-block-image\"><figure class=\"aligncenter size-full is-resized\"><img loading=\"lazy\" decoding=\"async\" class=\"wp-image-77829\" src=\"https:\/\/exceladvisor.org\/wp-content\/uploads\/2023\/08\/3-resultats-sumif-pour-les-cellules-non-vides.png\" sizes=\"auto, \" srcset=\"\" alt=\"Sumif-Ergebnis f\u00fcr nicht leere Zellen\" width=\"585\" height=\"446\"><\/figure><\/div><pre class=\"wp-block-code\"> <code class=\"language-excel-formula\" lang=\"excel-formula\">=SUMIF(A2:A13,\"&lt;&gt;\",B2:B13)<\/code><\/pre><h2 class=\"wp-block-heading\"> SUMPRODUCT zu SUM Nicht leere reale Zellen<\/h2><p> Nehmen wir an, Sie haben eine leere Zelle und in dieser Zelle befindet sich ein Leerzeichen. Jetzt <a href=\"https:\/\/exceladvisor.org\/de\/entfernen-sie-zusatzliche-leerzeichen\/\">sieht diese Zelle wie eine leere Zelle aus, aber nicht leer<\/a> . <\/p><div class=\"wp-block-image\"><figure class=\"aligncenter size-full is-resized\"><img loading=\"lazy\" decoding=\"async\" class=\"wp-image-77830\" src=\"https:\/\/exceladvisor.org\/wp-content\/uploads\/2023\/08\/4-sumproduct-pour-additionner-les-cellules-non-vides-reelles.png\" sizes=\"auto, \" srcset=\"\" alt=\"Summe-Produkt-zu-Real-Summe-nicht-leere-Zellen\" width=\"602\" height=\"303\"><\/figure><\/div><p> In diesem Fall berechnet SUMIF auch die Summe f\u00fcr diese Zelle. <\/p><div class=\"wp-block-image\"><figure class=\"aligncenter size-full is-resized\"><img loading=\"lazy\" decoding=\"async\" class=\"wp-image-77831\" src=\"https:\/\/exceladvisor.org\/wp-content\/uploads\/2023\/08\/5-comptes-de-sumif.png\" sizes=\"auto, \" srcset=\"\" alt=\"sumif-counts\" width=\"672\" height=\"229\"><\/figure><\/div><p> Um dieses Problem zu beheben, k\u00f6nnen Sie eine Kombination aus <a href=\"https:\/\/exceladvisor.org\/de\/summenprodukt-2\/\">SUMPRODUCT<\/a> , LEN und TRIM verwenden. Mit dieser Kombination k\u00f6nnen Sie eine Matrixformel erstellen. Siehe das Beispiel unten. <\/p><div class=\"wp-block-image\"><figure class=\"aligncenter size-full is-resized\"><img loading=\"lazy\" decoding=\"async\" class=\"wp-image-77832\" src=\"https:\/\/exceladvisor.org\/wp-content\/uploads\/2023\/08\/Combinaison-de-garnitures-a-6-sumproduct-len.png\" sizes=\"auto, \" srcset=\"\" alt=\"sumproduct-len-trim-combination\" width=\"697\" height=\"347\"><\/figure><\/div><pre class=\"wp-block-code\"> <code class=\"language-excel-formula\" lang=\"excel-formula\">=SUMPRODUCT(--(LEN(TRIM(A2:A13))&gt;0),B2:B13)<\/code><\/pre><p> Wenn Sie diese Funktion aufrufen, werden diese Leerzeichen mithilfe von TRIM aus den Zellen entfernt. Aber eines m\u00fcssen Sie \u00fcber SOMMEPROD wissen. Es kann eine ganze Tabelle in einer einzelnen Zelle aufnehmen, ohne die Tasten STRG+ALT+EINGABE zu verwenden.<\/p><p> Lassen Sie uns diese Formel nun in f\u00fcnf kleine Teile zerlegen, um sie zu verstehen und zu sehen, wie diese erstaunliche Formel funktioniert.<\/p><p> Im <strong>ersten Teil<\/strong> haben wir TRIM verwendet und auf die gesamte Namensspalte verwiesen. TRIM \u00fcbernimmt die Spaltenwerte und entfernt das Leerzeichen aus Zellen, in denen Sie nur Leerzeichen haben. Dies sind Zellen, die keinen Wert haben, aber wie nicht leere Zellen aussehen. <\/p><div class=\"wp-block-image\"><figure class=\"aligncenter size-full is-resized\"><img loading=\"lazy\" decoding=\"async\" class=\"wp-image-77833\" src=\"https:\/\/exceladvisor.org\/wp-content\/uploads\/2023\/08\/7-premiere-garniture-part1.png\" sizes=\"auto, \" srcset=\"\" alt=\"erster Teil\" width=\"460\" height=\"282\"><\/figure><\/div><p> Im <strong>zweiten Teil<\/strong> haben wir LEN, das die L\u00e4nge der Zeichen in der Namensspalte z\u00e4hlt. F\u00fcr alle Zellen, in denen Sie keine Werte haben, w\u00e4re die Zeichenanzahl Null. <\/p><div class=\"wp-block-image\"><figure class=\"aligncenter size-full is-resized\"><img loading=\"lazy\" decoding=\"async\" class=\"wp-image-77834\" src=\"https:\/\/exceladvisor.org\/wp-content\/uploads\/2023\/08\/partie-de-8-secondes.png\" sizes=\"auto, \" srcset=\"\" alt=\"zweiter Teil-zwei\" width=\"463\" height=\"240\"><\/figure><\/div><p> Wie Sie sehen, haben wir f\u00fcr alle nicht leeren Zellen Werte gr\u00f6\u00dfer Null.<\/p><p> Im <strong>dritten Teil<\/strong> haben wir einen Gr\u00f6\u00dfer-als-Operator verwendet, um das von LEN und TRIM zur\u00fcckgegebene Ergebnis zu vergleichen. Und es wandelt die Z\u00e4hlung in WAHR und FALSCH um. F\u00fcr eine Zahl gr\u00f6\u00dfer als Null ein TRUE und andernfalls FALSE. <\/p><div class=\"wp-block-image\"><figure class=\"aligncenter size-full is-resized\"><img loading=\"lazy\" decoding=\"async\" class=\"wp-image-77835\" src=\"https:\/\/exceladvisor.org\/wp-content\/uploads\/2023\/08\/9-utilise-plus-grand-que-loperateur.png\" sizes=\"auto, \" srcset=\"\" alt=\"verwendet-gr\u00f6\u00dfer-als-betreiber\" width=\"554\" height=\"130\"><\/figure><\/div><p> Im <strong>vierten Teil<\/strong> haben wir ein doppeltes Minuszeichen, das diese TRUE- und FALSE-Werte in 0 und 1 umwandelt. F\u00fcr TRUE eine 0 und f\u00fcr FALSE eine 1. <\/p><div class=\"wp-block-image\"><figure class=\"aligncenter size-full is-resized\"><img loading=\"lazy\" decoding=\"async\" class=\"wp-image-77836\" src=\"https:\/\/exceladvisor.org\/wp-content\/uploads\/2023\/08\/10-double-moins-pour-convertir-vrai-et-faux.png\" sizes=\"auto, \" srcset=\"\" alt=\"Doppeltes Minus, um \u201ewahr\u201c in \u201efalsch\u201c umzuwandeln\" width=\"554\" height=\"134\"><\/figure><\/div><p> Danach haben wir im f\u00fcnften Teil SUMPRODUCT mit zwei Arrays. Und wenn diese Arrays miteinander multipliziert werden, erh\u00e4lt man die Summe nur f\u00fcr die Zellen, die nicht leer sind und keinen unsichtbaren Platz haben. <\/p><div class=\"gb-container gb-container-52dfcee1 gb-container-sample-file\"><h2 class=\"gb-headline gb-headline-e289c143 gb-headline-text gb-headline-4f7959c2\"> Holen Sie sich die Excel-Datei<\/h2><p> <a class=\"gb-button gb-button-e88d6bee gb-button-text gb-button-button1\" href=\"https:\/\/exceladvisor.org\/wp-content\/uploads\/2023\/08\/somme-si-non-vide.xlsx\" rel=\"nofollow\">Herunterladen<\/a><\/p><\/div><div class=\"gb-container gb-container-0df56012 gb-container-mt\"> <a class=\"gb-button gb-button-f9f432f4 gb-button-text gb-button-mt-button\" href=\"https:\/\/exceladvisor.org\/de\/formeln\/\">Liste der Excel-Formeln<\/a><h2 class=\"gb-headline gb-headline-233444e8 gb-headline-text gb-headline-mt-heading\"> Verwandte Formeln <\/h2><div class=\"gb-grid-wrapper gb-grid-wrapper-a16fa65c gb-grid-wrapper-mt-grid\"><div class=\"gb-grid-column gb-grid-column-50d07e0d\"><div class=\"gb-container gb-container-50d07e0d\"><ul><li> <a href=\"https:\/\/exceladvisor.org\/de\/summe-wenn-grosser-als\/\">Summe gr\u00f6\u00dfer als Werte mit SUMIF<\/a><\/li><li> <a href=\"https:\/\/exceladvisor.org\/de\/summen-nicht-gleich\/\">Summe ungleicher Werte (SUMIFS) in Excel<\/a><\/li><li> <a href=\"https:\/\/exceladvisor.org\/de\/sumif-sumifs-oder-logik\/\">SUMIF\/SUMIFS mit ODER-Logik in Excel<\/a><\/li><li> <a href=\"https:\/\/exceladvisor.org\/de\/sumif-mit-platzhaltern\/\">SUMIF mit Platzhaltern in Excel<\/a><\/li><li> <a href=\"https:\/\/exceladvisor.org\/de\/summe-der-werte-zwischen-zwei-daten\/\">SUMIFS-Datumsbereich (Summe der Werte zwischen zwei Datumsfeldern)<\/a> <\/li><\/ul><\/div><\/div><div class=\"gb-grid-column gb-grid-column-5b4a0cf9\"><div class=\"gb-container gb-container-5b4a0cf9\"><\/div><\/div><\/div><\/div>","protected":false},"excerpt":{"rendered":"","protected":false},"author":1,"featured_media":0,"parent":0,"menu_order":0,"comment_status":"open","ping_status":"closed","template":"","meta":{"ub_ctt_via":"","footnotes":""},"class_list":["post-3224","page","type-page","status-publish","hentry"],"featured_image_src":null,"yoast_head":"<!-- This site is optimized with the Yoast SEO plugin v25.4 - https:\/\/yoast.com\/wordpress\/plugins\/seo\/ -->\n<title>\u25b7 Wie f\u00fcge ich nicht leere Zellen in Excel hinzu?<\/title>\n<meta name=\"description\" content=\"In diesem Tutorial erfahren Sie, wie Sie mit SUMIF nicht leere (nicht leere) Zellwerte eines Zellbereichs hinzuf\u00fcgen\" \/>\n<meta name=\"robots\" content=\"index, follow, max-snippet:-1, max-image-preview:large, max-video-preview:-1\" \/>\n<link rel=\"canonical\" href=\"https:\/\/exceladvisor.org\/de\/summe-wenn-nicht-leer-2\/\" \/>\n<meta property=\"og:locale\" content=\"de_DE\" \/>\n<meta property=\"og:type\" content=\"article\" \/>\n<meta property=\"og:title\" content=\"\u25b7 Wie f\u00fcge ich nicht leere Zellen in Excel hinzu?\" \/>\n<meta property=\"og:description\" content=\"In diesem Tutorial erfahren Sie, wie Sie mit SUMIF nicht leere (nicht leere) Zellwerte eines Zellbereichs hinzuf\u00fcgen\" \/>\n<meta property=\"og:url\" content=\"https:\/\/exceladvisor.org\/de\/summe-wenn-nicht-leer-2\/\" \/>\n<meta property=\"og:site_name\" content=\"Excel Advisor\" \/>\n<meta property=\"article:modified_time\" content=\"2023-12-03T11:21:13+00:00\" \/>\n<meta property=\"og:image\" content=\"https:\/\/exceladvisor.org\/wp-content\/uploads\/2023\/08\/1-somme-si-cellules-non-vides.png\" \/>\n<meta name=\"twitter:card\" content=\"summary_large_image\" \/>\n<meta name=\"twitter:label1\" content=\"Gesch\u00e4tzte Lesezeit\" \/>\n\t<meta name=\"twitter:data1\" content=\"3\u00a0Minuten\" \/>\n<script type=\"application\/ld+json\" class=\"yoast-schema-graph\">{\"@context\":\"https:\/\/schema.org\",\"@graph\":[{\"@type\":\"WebPage\",\"@id\":\"https:\/\/exceladvisor.org\/de\/summe-wenn-nicht-leer-2\/\",\"url\":\"https:\/\/exceladvisor.org\/de\/summe-wenn-nicht-leer-2\/\",\"name\":\"\u25b7 Wie f\u00fcge ich nicht leere Zellen in Excel hinzu?\",\"isPartOf\":{\"@id\":\"https:\/\/exceladvisor.org\/de\/#website\"},\"primaryImageOfPage\":{\"@id\":\"https:\/\/exceladvisor.org\/de\/summe-wenn-nicht-leer-2\/#primaryimage\"},\"image\":{\"@id\":\"https:\/\/exceladvisor.org\/de\/summe-wenn-nicht-leer-2\/#primaryimage\"},\"thumbnailUrl\":\"https:\/\/exceladvisor.org\/wp-content\/uploads\/2023\/08\/1-somme-si-cellules-non-vides.png\",\"datePublished\":\"2023-11-08T21:16:36+00:00\",\"dateModified\":\"2023-12-03T11:21:13+00:00\",\"description\":\"In diesem Tutorial erfahren Sie, wie Sie mit SUMIF nicht leere (nicht leere) Zellwerte eines Zellbereichs hinzuf\u00fcgen\",\"breadcrumb\":{\"@id\":\"https:\/\/exceladvisor.org\/de\/summe-wenn-nicht-leer-2\/#breadcrumb\"},\"inLanguage\":\"de\",\"potentialAction\":[{\"@type\":\"ReadAction\",\"target\":[\"https:\/\/exceladvisor.org\/de\/summe-wenn-nicht-leer-2\/\"]}]},{\"@type\":\"ImageObject\",\"inLanguage\":\"de\",\"@id\":\"https:\/\/exceladvisor.org\/de\/summe-wenn-nicht-leer-2\/#primaryimage\",\"url\":\"https:\/\/exceladvisor.org\/wp-content\/uploads\/2023\/08\/1-somme-si-cellules-non-vides.png\",\"contentUrl\":\"https:\/\/exceladvisor.org\/wp-content\/uploads\/2023\/08\/1-somme-si-cellules-non-vides.png\"},{\"@type\":\"BreadcrumbList\",\"@id\":\"https:\/\/exceladvisor.org\/de\/summe-wenn-nicht-leer-2\/#breadcrumb\",\"itemListElement\":[{\"@type\":\"ListItem\",\"position\":1,\"name\":\"Accueil\",\"item\":\"https:\/\/exceladvisor.org\/de\/\"},{\"@type\":\"ListItem\",\"position\":2,\"name\":\"Wie f\u00fcge ich nicht leere zellen hinzu?\"}]},{\"@type\":\"WebSite\",\"@id\":\"https:\/\/exceladvisor.org\/de\/#website\",\"url\":\"https:\/\/exceladvisor.org\/de\/\",\"name\":\"Excel Advisor\",\"description\":\"Ihr Leitfaden zur Datendominanz\",\"publisher\":{\"@id\":\"https:\/\/exceladvisor.org\/de\/#organization\"},\"potentialAction\":[{\"@type\":\"SearchAction\",\"target\":{\"@type\":\"EntryPoint\",\"urlTemplate\":\"https:\/\/exceladvisor.org\/de\/?s={search_term_string}\"},\"query-input\":{\"@type\":\"PropertyValueSpecification\",\"valueRequired\":true,\"valueName\":\"search_term_string\"}}],\"inLanguage\":\"de\"},{\"@type\":\"Organization\",\"@id\":\"https:\/\/exceladvisor.org\/de\/#organization\",\"name\":\"Excel Advisor\",\"url\":\"https:\/\/exceladvisor.org\/de\/\",\"logo\":{\"@type\":\"ImageObject\",\"inLanguage\":\"de\",\"@id\":\"https:\/\/exceladvisor.org\/de\/#\/schema\/logo\/image\/\",\"url\":\"https:\/\/exceladvisor.org\/de\/wp-content\/uploads\/2023\/11\/exceladvisor.org_.png\",\"contentUrl\":\"https:\/\/exceladvisor.org\/de\/wp-content\/uploads\/2023\/11\/exceladvisor.org_.png\",\"width\":105,\"height\":36,\"caption\":\"Excel Advisor\"},\"image\":{\"@id\":\"https:\/\/exceladvisor.org\/de\/#\/schema\/logo\/image\/\"}}]}<\/script>\n<!-- \/ Yoast SEO plugin. -->","yoast_head_json":{"title":"\u25b7 Wie f\u00fcge ich nicht leere Zellen in Excel hinzu?","description":"In diesem Tutorial erfahren Sie, wie Sie mit SUMIF nicht leere (nicht leere) Zellwerte eines Zellbereichs hinzuf\u00fcgen","robots":{"index":"index","follow":"follow","max-snippet":"max-snippet:-1","max-image-preview":"max-image-preview:large","max-video-preview":"max-video-preview:-1"},"canonical":"https:\/\/exceladvisor.org\/de\/summe-wenn-nicht-leer-2\/","og_locale":"de_DE","og_type":"article","og_title":"\u25b7 Wie f\u00fcge ich nicht leere Zellen in Excel hinzu?","og_description":"In diesem Tutorial erfahren Sie, wie Sie mit SUMIF nicht leere (nicht leere) Zellwerte eines Zellbereichs hinzuf\u00fcgen","og_url":"https:\/\/exceladvisor.org\/de\/summe-wenn-nicht-leer-2\/","og_site_name":"Excel Advisor","article_modified_time":"2023-12-03T11:21:13+00:00","og_image":[{"url":"https:\/\/exceladvisor.org\/wp-content\/uploads\/2023\/08\/1-somme-si-cellules-non-vides.png","type":"","width":"","height":""}],"twitter_card":"summary_large_image","twitter_misc":{"Gesch\u00e4tzte Lesezeit":"3\u00a0Minuten"},"schema":{"@context":"https:\/\/schema.org","@graph":[{"@type":"WebPage","@id":"https:\/\/exceladvisor.org\/de\/summe-wenn-nicht-leer-2\/","url":"https:\/\/exceladvisor.org\/de\/summe-wenn-nicht-leer-2\/","name":"\u25b7 Wie f\u00fcge ich nicht leere Zellen in Excel hinzu?","isPartOf":{"@id":"https:\/\/exceladvisor.org\/de\/#website"},"primaryImageOfPage":{"@id":"https:\/\/exceladvisor.org\/de\/summe-wenn-nicht-leer-2\/#primaryimage"},"image":{"@id":"https:\/\/exceladvisor.org\/de\/summe-wenn-nicht-leer-2\/#primaryimage"},"thumbnailUrl":"https:\/\/exceladvisor.org\/wp-content\/uploads\/2023\/08\/1-somme-si-cellules-non-vides.png","datePublished":"2023-11-08T21:16:36+00:00","dateModified":"2023-12-03T11:21:13+00:00","description":"In diesem Tutorial erfahren Sie, wie Sie mit SUMIF nicht leere (nicht leere) Zellwerte eines Zellbereichs hinzuf\u00fcgen","breadcrumb":{"@id":"https:\/\/exceladvisor.org\/de\/summe-wenn-nicht-leer-2\/#breadcrumb"},"inLanguage":"de","potentialAction":[{"@type":"ReadAction","target":["https:\/\/exceladvisor.org\/de\/summe-wenn-nicht-leer-2\/"]}]},{"@type":"ImageObject","inLanguage":"de","@id":"https:\/\/exceladvisor.org\/de\/summe-wenn-nicht-leer-2\/#primaryimage","url":"https:\/\/exceladvisor.org\/wp-content\/uploads\/2023\/08\/1-somme-si-cellules-non-vides.png","contentUrl":"https:\/\/exceladvisor.org\/wp-content\/uploads\/2023\/08\/1-somme-si-cellules-non-vides.png"},{"@type":"BreadcrumbList","@id":"https:\/\/exceladvisor.org\/de\/summe-wenn-nicht-leer-2\/#breadcrumb","itemListElement":[{"@type":"ListItem","position":1,"name":"Accueil","item":"https:\/\/exceladvisor.org\/de\/"},{"@type":"ListItem","position":2,"name":"Wie f\u00fcge ich nicht leere zellen hinzu?"}]},{"@type":"WebSite","@id":"https:\/\/exceladvisor.org\/de\/#website","url":"https:\/\/exceladvisor.org\/de\/","name":"Excel Advisor","description":"Ihr Leitfaden zur Datendominanz","publisher":{"@id":"https:\/\/exceladvisor.org\/de\/#organization"},"potentialAction":[{"@type":"SearchAction","target":{"@type":"EntryPoint","urlTemplate":"https:\/\/exceladvisor.org\/de\/?s={search_term_string}"},"query-input":{"@type":"PropertyValueSpecification","valueRequired":true,"valueName":"search_term_string"}}],"inLanguage":"de"},{"@type":"Organization","@id":"https:\/\/exceladvisor.org\/de\/#organization","name":"Excel Advisor","url":"https:\/\/exceladvisor.org\/de\/","logo":{"@type":"ImageObject","inLanguage":"de","@id":"https:\/\/exceladvisor.org\/de\/#\/schema\/logo\/image\/","url":"https:\/\/exceladvisor.org\/de\/wp-content\/uploads\/2023\/11\/exceladvisor.org_.png","contentUrl":"https:\/\/exceladvisor.org\/de\/wp-content\/uploads\/2023\/11\/exceladvisor.org_.png","width":105,"height":36,"caption":"Excel Advisor"},"image":{"@id":"https:\/\/exceladvisor.org\/de\/#\/schema\/logo\/image\/"}}]}},"yoast_meta":{"yoast_wpseo_title":"","yoast_wpseo_metadesc":"","yoast_wpseo_canonical":""},"_links":{"self":[{"href":"https:\/\/exceladvisor.org\/de\/wp-json\/wp\/v2\/pages\/3224","targetHints":{"allow":["GET"]}}],"collection":[{"href":"https:\/\/exceladvisor.org\/de\/wp-json\/wp\/v2\/pages"}],"about":[{"href":"https:\/\/exceladvisor.org\/de\/wp-json\/wp\/v2\/types\/page"}],"author":[{"embeddable":true,"href":"https:\/\/exceladvisor.org\/de\/wp-json\/wp\/v2\/users\/1"}],"replies":[{"embeddable":true,"href":"https:\/\/exceladvisor.org\/de\/wp-json\/wp\/v2\/comments?post=3224"}],"version-history":[{"count":1,"href":"https:\/\/exceladvisor.org\/de\/wp-json\/wp\/v2\/pages\/3224\/revisions"}],"predecessor-version":[{"id":4052,"href":"https:\/\/exceladvisor.org\/de\/wp-json\/wp\/v2\/pages\/3224\/revisions\/4052"}],"wp:attachment":[{"href":"https:\/\/exceladvisor.org\/de\/wp-json\/wp\/v2\/media?parent=3224"}],"curies":[{"name":"wp","href":"https:\/\/api.w.org\/{rel}","templated":true}]}}