{"id":3225,"date":"2023-11-08T20:55:33","date_gmt":"2023-11-08T20:55:33","guid":{"rendered":"https:\/\/exceladvisor.org\/de\/gesamtlinie\/"},"modified":"2023-12-03T11:20:59","modified_gmt":"2023-12-03T11:20:59","slug":"gesamtlinie","status":"publish","type":"page","link":"https:\/\/exceladvisor.org\/de\/gesamtlinie\/","title":{"rendered":"Wie f\u00fcge ich in excel eine gesamtzeile hinzu?"},"content":{"rendered":"<div class=\"excel-vor-dem-inhalt\" id=\"excel-1629096459\"><script type=\"text\/javascript\">\r\n\tatOptions = {\r\n\t\t'key' : 'c1158f160081d6540a8409e6925dab94',\r\n\t\t'format' : 'iframe',\r\n\t\t'height' : 250,\r\n\t\t'width' : 300,\r\n\t\t'params' : {}\r\n\t};\r\n<\/script>\r\n<script type=\"text\/javascript\" src=\"\/\/www.highperformanceformat.com\/c1158f160081d6540a8409e6925dab94\/invoke.js\"><\/script><\/div> <p>Wenn Sie in Excel mit Daten arbeiten, m\u00fcssen Sie m\u00f6glicherweise unten eine Summe angeben, um eine Summe aller Werte in jeder Spalte zu erhalten. <\/p><div class=\"wp-block-image\"><figure class=\"aligncenter size-full is-resized\"><img loading=\"lazy\" decoding=\"async\" class=\"wp-image-77879\" src=\"https:\/\/exceladvisor.org\/wp-content\/uploads\/2023\/08\/1-ajouter-une-ligne-totale-dans-les-donnees.png\" sizes=\"auto, \" srcset=\"\" alt=\"Add-total-row-in-data\" width=\"659\" height=\"269\"><\/figure><\/div><p> In diesem Tutorial erfahren Sie, wie Sie mit zwei schnellen Methoden eine Zeile mit der Summe hinzuf\u00fcgen.<\/p><ul><li> Gesamtzeile in einer Tabelle.<\/li><li> Gesamtsumme mit automatischer Summe.<\/li><\/ul><h2 class=\"wp-block-heading\"> F\u00fcgen Sie in Excel eine Gesamtzeile zu einer Tabelle hinzu<\/h2><ol><li> W\u00e4hlen Sie zun\u00e4chst eine der Zellen in den Daten aus und dr\u00fccken Sie die Tastenkombination Strg + T. Klicken Sie dann auf OK, um die Tabelle anzuwenden. <br><img loading=\"lazy\" decoding=\"async\" title=\"2-Gesamtzeilen-in-Excel-Tabelle hinzuf\u00fcgen\" src=\"https:\/\/exceladvisor.org\/wp-content\/uploads\/2023\/08\/2-ajouter-une-ligne-totale-dans-le-tableau-Excel.png\" sizes=\"auto, \" srcset=\"\" alt=\"add-total-row-in-excel-table\" width=\"531\" height=\"275\"><\/li><li> Gehen Sie als N\u00e4chstes zur Registerkarte \u201eTabelle\u201c und aktivieren Sie das Kontrollk\u00e4stchen \u201eGesamtzeile\u201c. <br><img loading=\"lazy\" decoding=\"async\" title=\"Kontrollk\u00e4stchen 3-checks-total-row\" src=\"https:\/\/exceladvisor.org\/wp-content\/uploads\/2023\/08\/Case-a-cocher-3-coches-pour-le-nombre-total-de-lignes.png\" sizes=\"auto, \" srcset=\"\" alt=\"tickmark-total-row-checkbox\" width=\"402\" height=\"148\"><\/li><li> Hier haben Sie unten in der Tabelle eine Gesamtzeile, in der Sie nur die Gesamtsumme f\u00fcr die letzte Spalte haben. <br><img loading=\"lazy\" decoding=\"async\" title=\"Insgesamt 4 Zeilen, die in der letzten Spalte hinzugef\u00fcgt wurden\" src=\"https:\/\/exceladvisor.org\/wp-content\/uploads\/2023\/08\/4-lignes-au-total-ajoutees-dans-la-derniere-colonne.png\" sizes=\"auto, \" srcset=\"\" alt=\"total-row-added-in-last-column\" width=\"601\" height=\"251\"><\/li><li> Jetzt m\u00fcssen Sie die Summe jeder Zelle in der Gesamtzeile ausw\u00e4hlen, um die Summe jeder Spalte zu erhalten. <br><img loading=\"lazy\" decoding=\"async\" title=\"5-W\u00e4hlen Sie die Summe f\u00fcr jede Zelle der Zeilen aus\" src=\"https:\/\/exceladvisor.org\/wp-content\/uploads\/2023\/08\/5-selectionner-la-somme-pour-chaque-cellule-de-lignes.png\" sizes=\"auto, \" srcset=\"\" alt=\"select-sum-for-each-cell-of-rows\" width=\"636\" height=\"274\"><\/li><li> Sobald Sie SUMME aus dem Dropdown-Men\u00fc f\u00fcr jede der Spalten in der Tabelle ausw\u00e4hlen, erhalten Sie eine Gesamtzeile. <br><img loading=\"lazy\" decoding=\"async\" title=\"6-Summen-Gesamtzeile\" src=\"https:\/\/exceladvisor.org\/wp-content\/uploads\/2023\/08\/Ligne-de-total-de-6-sommes.png\" sizes=\"auto, \" srcset=\"\" alt=\"sum-total-row\" width=\"631\" height=\"276\"><\/li><li> Sobald Sie die Tabelle auf die Daten angewendet haben, k\u00f6nnen Sie mit der rechten Maustaste darauf klicken, dann zur Tabelle navigieren und von dort aus auf die Gesamtzeile klicken. <br><img loading=\"lazy\" decoding=\"async\" title=\"7-Rechtsklick-und-Total-Line-Option\" src=\"https:\/\/exceladvisor.org\/wp-content\/uploads\/2023\/08\/7-clic-droit-et-option-de-ligne-totale.png\" sizes=\"auto, \" srcset=\"\" alt=\"right-click-and-total-row-option\" width=\"421\" height=\"399\"><\/li><\/ol><h2 class=\"wp-block-heading\"> F\u00fcgen Sie eine Gesamtzeile mit automatischer Summe hinzu<\/h2><ol><li> W\u00e4hlen Sie zun\u00e4chst die Zeile nach der letzten Datenzeile aus. <br><img loading=\"lazy\" decoding=\"async\" title=\"Insgesamt 8 Zeilen mit automatischer Summe\" src=\"https:\/\/exceladvisor.org\/wp-content\/uploads\/2023\/08\/8-lignes-au-total-avec-somme-automatique.png\" sizes=\"auto, \" srcset=\"\" alt=\"total-row-with-autosum\" width=\"596\" height=\"300\"><\/li><li> Dr\u00fccken Sie anschlie\u00dfend die Tastenkombination Alt + = ( <a href=\"https:\/\/exceladvisor.org\/de\/autosumme-2\/\">AutoSum<\/a> ), um die Summenfunktion in allen Zellen der Zeile hinzuzuf\u00fcgen und daraus eine Gesamtzeile f\u00fcr die Daten zu machen. <br><img loading=\"lazy\" decoding=\"async\" title=\"9-Tastenkombination-Alt-plus-Gleich dr\u00fccken\" src=\"https:\/\/exceladvisor.org\/wp-content\/uploads\/2023\/08\/9-appuyez-sur-le-raccourci-clavier-alt-plus-egal.png\" sizes=\"auto, \" srcset=\"\" alt=\"press-keyboard-shortcut-alt-plus-equal\" width=\"595\" height=\"297\"><\/li><\/ol><p> Abgesehen davon k\u00f6nnen Sie nach Auswahl der unteren Zeile zur Registerkarte \u201eStartseite\u201c gehen, die Gruppe bearbeiten und auf die Schaltfl\u00e4che \u201eAutosum\u201c klicken, um die Summenfunktion in allen Zellen hinzuzuf\u00fcgen. <\/p><div class=\"wp-block-image\"><figure class=\"aligncenter size-full is-resized\"><img loading=\"lazy\" decoding=\"async\" class=\"wp-image-77889\" src=\"https:\/\/exceladvisor.org\/wp-content\/uploads\/2023\/08\/10-icone-de-somme-automatique-de-longlet-daccueil.png\" sizes=\"auto, \" srcset=\"\" alt=\"Autosum-Symbol auf der Registerkarte \u201eStartseite\u201c.\" width=\"449\" height=\"198\"><\/figure><\/div><p> Sobald Sie auf die Schaltfl\u00e4che \u201eAutosum\u201c klicken, erhalten Sie die Gesamtwerte in der ausgew\u00e4hlten Zeile. <\/p><div class=\"gb-container gb-container-52dfcee1 gb-container-sample-file\"><h2 class=\"gb-headline gb-headline-e289c143 gb-headline-text gb-headline-4f7959c2\"> Holen Sie sich die Excel-Datei<\/h2><p> <a class=\"gb-button gb-button-e88d6bee gb-button-text gb-button-button1\" href=\"https:\/\/exceladvisor.org\/wp-content\/uploads\/2023\/11\/sumif-vlookup-2.xlsx\" rel=\"nofollow\">Herunterladen<\/a><\/p><\/div><div class=\"gb-container gb-container-0df56012 gb-container-mt\"> <a class=\"gb-button gb-button-f9f432f4 gb-button-text gb-button-mt-button\" href=\"https:\/\/exceladvisor.org\/de\/formeln\/\">Liste der Excel-Formeln<\/a><h2 class=\"gb-headline gb-headline-233444e8 gb-headline-text gb-headline-mt-heading\"> Verwandte Formeln <\/h2><div class=\"gb-grid-wrapper gb-grid-wrapper-a16fa65c gb-grid-wrapper-mt-grid\"><div class=\"gb-grid-column gb-grid-column-50d07e0d\"><div class=\"gb-container gb-container-50d07e0d\"><ul><li> <a href=\"https:\/\/exceladvisor.org\/de\/fugen-sie-die-gesamte-spalte-hinzu\/\">F\u00fcgen Sie eine ganze Spalte oder Zeile in Excel hinzu<\/a><\/li><li> <a href=\"https:\/\/exceladvisor.org\/de\/fugen-sie-nur-sichtbare-zellen-hinzu\/\">Summieren Sie nur sichtbare Zellen in Excel<\/a><\/li><li> <a href=\"https:\/\/exceladvisor.org\/de\/fugen-sie-zufallige-zellen-hinzu\/\">Summe zuf\u00e4lliger Zellen in Excel<\/a><\/li><li> <a href=\"https:\/\/exceladvisor.org\/de\/autosumme-1\/\">Verwenden Sie AutoSumme schnell in Excel<\/a> <\/li><\/ul><\/div><\/div><div class=\"gb-grid-column gb-grid-column-5b4a0cf9\"><div class=\"gb-container gb-container-5b4a0cf9\"><\/div><\/div><\/div><\/div>","protected":false},"excerpt":{"rendered":"","protected":false},"author":1,"featured_media":0,"parent":0,"menu_order":0,"comment_status":"open","ping_status":"closed","template":"","meta":{"ub_ctt_via":"","footnotes":""},"class_list":["post-3225","page","type-page","status-publish","hentry"],"featured_image_src":null,"yoast_head":"<!-- This site is optimized with the Yoast SEO plugin v25.4 - https:\/\/yoast.com\/wordpress\/plugins\/seo\/ -->\n<title>Wie f\u00fcge ich in Excel eine Gesamtzeile hinzu? - Excel-Berater<\/title>\n<meta name=\"description\" content=\"In diesem Tutorial lernen wir, wie man unten mit zwei verschiedenen, einfach zu befolgenden Methoden eine Gesamtzeile hinzuf\u00fcgt ...\" \/>\n<meta name=\"robots\" content=\"index, follow, max-snippet:-1, max-image-preview:large, max-video-preview:-1\" \/>\n<link rel=\"canonical\" href=\"https:\/\/exceladvisor.org\/de\/gesamtlinie\/\" \/>\n<meta property=\"og:locale\" content=\"de_DE\" \/>\n<meta property=\"og:type\" content=\"article\" \/>\n<meta property=\"og:title\" content=\"Wie f\u00fcge ich in Excel eine Gesamtzeile hinzu? - Excel-Berater\" \/>\n<meta property=\"og:description\" content=\"In diesem Tutorial lernen wir, wie man unten mit zwei verschiedenen, einfach zu befolgenden Methoden eine Gesamtzeile hinzuf\u00fcgt ...\" \/>\n<meta property=\"og:url\" content=\"https:\/\/exceladvisor.org\/de\/gesamtlinie\/\" \/>\n<meta property=\"og:site_name\" content=\"Excel Advisor\" \/>\n<meta property=\"article:modified_time\" content=\"2023-12-03T11:20:59+00:00\" \/>\n<meta property=\"og:image\" content=\"https:\/\/exceladvisor.org\/wp-content\/uploads\/2023\/08\/1-ajouter-une-ligne-totale-dans-les-donnees.png\" \/>\n<meta name=\"twitter:card\" content=\"summary_large_image\" \/>\n<meta name=\"twitter:label1\" content=\"Gesch\u00e4tzte Lesezeit\" \/>\n\t<meta name=\"twitter:data1\" content=\"2\u00a0Minuten\" \/>\n<script type=\"application\/ld+json\" class=\"yoast-schema-graph\">{\"@context\":\"https:\/\/schema.org\",\"@graph\":[{\"@type\":\"WebPage\",\"@id\":\"https:\/\/exceladvisor.org\/de\/gesamtlinie\/\",\"url\":\"https:\/\/exceladvisor.org\/de\/gesamtlinie\/\",\"name\":\"Wie f\u00fcge ich in Excel eine Gesamtzeile hinzu? - Excel-Berater\",\"isPartOf\":{\"@id\":\"https:\/\/exceladvisor.org\/de\/#website\"},\"primaryImageOfPage\":{\"@id\":\"https:\/\/exceladvisor.org\/de\/gesamtlinie\/#primaryimage\"},\"image\":{\"@id\":\"https:\/\/exceladvisor.org\/de\/gesamtlinie\/#primaryimage\"},\"thumbnailUrl\":\"https:\/\/exceladvisor.org\/wp-content\/uploads\/2023\/08\/1-ajouter-une-ligne-totale-dans-les-donnees.png\",\"datePublished\":\"2023-11-08T20:55:33+00:00\",\"dateModified\":\"2023-12-03T11:20:59+00:00\",\"description\":\"In diesem Tutorial lernen wir, wie man unten mit zwei verschiedenen, einfach zu befolgenden Methoden eine Gesamtzeile hinzuf\u00fcgt ...\",\"breadcrumb\":{\"@id\":\"https:\/\/exceladvisor.org\/de\/gesamtlinie\/#breadcrumb\"},\"inLanguage\":\"de\",\"potentialAction\":[{\"@type\":\"ReadAction\",\"target\":[\"https:\/\/exceladvisor.org\/de\/gesamtlinie\/\"]}]},{\"@type\":\"ImageObject\",\"inLanguage\":\"de\",\"@id\":\"https:\/\/exceladvisor.org\/de\/gesamtlinie\/#primaryimage\",\"url\":\"https:\/\/exceladvisor.org\/wp-content\/uploads\/2023\/08\/1-ajouter-une-ligne-totale-dans-les-donnees.png\",\"contentUrl\":\"https:\/\/exceladvisor.org\/wp-content\/uploads\/2023\/08\/1-ajouter-une-ligne-totale-dans-les-donnees.png\"},{\"@type\":\"BreadcrumbList\",\"@id\":\"https:\/\/exceladvisor.org\/de\/gesamtlinie\/#breadcrumb\",\"itemListElement\":[{\"@type\":\"ListItem\",\"position\":1,\"name\":\"Accueil\",\"item\":\"https:\/\/exceladvisor.org\/de\/\"},{\"@type\":\"ListItem\",\"position\":2,\"name\":\"Wie f\u00fcge ich in excel eine gesamtzeile hinzu?\"}]},{\"@type\":\"WebSite\",\"@id\":\"https:\/\/exceladvisor.org\/de\/#website\",\"url\":\"https:\/\/exceladvisor.org\/de\/\",\"name\":\"Excel Advisor\",\"description\":\"Ihr Leitfaden zur Datendominanz\",\"publisher\":{\"@id\":\"https:\/\/exceladvisor.org\/de\/#organization\"},\"potentialAction\":[{\"@type\":\"SearchAction\",\"target\":{\"@type\":\"EntryPoint\",\"urlTemplate\":\"https:\/\/exceladvisor.org\/de\/?s={search_term_string}\"},\"query-input\":{\"@type\":\"PropertyValueSpecification\",\"valueRequired\":true,\"valueName\":\"search_term_string\"}}],\"inLanguage\":\"de\"},{\"@type\":\"Organization\",\"@id\":\"https:\/\/exceladvisor.org\/de\/#organization\",\"name\":\"Excel Advisor\",\"url\":\"https:\/\/exceladvisor.org\/de\/\",\"logo\":{\"@type\":\"ImageObject\",\"inLanguage\":\"de\",\"@id\":\"https:\/\/exceladvisor.org\/de\/#\/schema\/logo\/image\/\",\"url\":\"https:\/\/exceladvisor.org\/de\/wp-content\/uploads\/2023\/11\/exceladvisor.org_.png\",\"contentUrl\":\"https:\/\/exceladvisor.org\/de\/wp-content\/uploads\/2023\/11\/exceladvisor.org_.png\",\"width\":105,\"height\":36,\"caption\":\"Excel Advisor\"},\"image\":{\"@id\":\"https:\/\/exceladvisor.org\/de\/#\/schema\/logo\/image\/\"}}]}<\/script>\n<!-- \/ Yoast SEO plugin. -->","yoast_head_json":{"title":"Wie f\u00fcge ich in Excel eine Gesamtzeile hinzu? - Excel-Berater","description":"In diesem Tutorial lernen wir, wie man unten mit zwei verschiedenen, einfach zu befolgenden Methoden eine Gesamtzeile hinzuf\u00fcgt ...","robots":{"index":"index","follow":"follow","max-snippet":"max-snippet:-1","max-image-preview":"max-image-preview:large","max-video-preview":"max-video-preview:-1"},"canonical":"https:\/\/exceladvisor.org\/de\/gesamtlinie\/","og_locale":"de_DE","og_type":"article","og_title":"Wie f\u00fcge ich in Excel eine Gesamtzeile hinzu? - Excel-Berater","og_description":"In diesem Tutorial lernen wir, wie man unten mit zwei verschiedenen, einfach zu befolgenden Methoden eine Gesamtzeile hinzuf\u00fcgt ...","og_url":"https:\/\/exceladvisor.org\/de\/gesamtlinie\/","og_site_name":"Excel Advisor","article_modified_time":"2023-12-03T11:20:59+00:00","og_image":[{"url":"https:\/\/exceladvisor.org\/wp-content\/uploads\/2023\/08\/1-ajouter-une-ligne-totale-dans-les-donnees.png","type":"","width":"","height":""}],"twitter_card":"summary_large_image","twitter_misc":{"Gesch\u00e4tzte Lesezeit":"2\u00a0Minuten"},"schema":{"@context":"https:\/\/schema.org","@graph":[{"@type":"WebPage","@id":"https:\/\/exceladvisor.org\/de\/gesamtlinie\/","url":"https:\/\/exceladvisor.org\/de\/gesamtlinie\/","name":"Wie f\u00fcge ich in Excel eine Gesamtzeile hinzu? - Excel-Berater","isPartOf":{"@id":"https:\/\/exceladvisor.org\/de\/#website"},"primaryImageOfPage":{"@id":"https:\/\/exceladvisor.org\/de\/gesamtlinie\/#primaryimage"},"image":{"@id":"https:\/\/exceladvisor.org\/de\/gesamtlinie\/#primaryimage"},"thumbnailUrl":"https:\/\/exceladvisor.org\/wp-content\/uploads\/2023\/08\/1-ajouter-une-ligne-totale-dans-les-donnees.png","datePublished":"2023-11-08T20:55:33+00:00","dateModified":"2023-12-03T11:20:59+00:00","description":"In diesem Tutorial lernen wir, wie man unten mit zwei verschiedenen, einfach zu befolgenden Methoden eine Gesamtzeile hinzuf\u00fcgt ...","breadcrumb":{"@id":"https:\/\/exceladvisor.org\/de\/gesamtlinie\/#breadcrumb"},"inLanguage":"de","potentialAction":[{"@type":"ReadAction","target":["https:\/\/exceladvisor.org\/de\/gesamtlinie\/"]}]},{"@type":"ImageObject","inLanguage":"de","@id":"https:\/\/exceladvisor.org\/de\/gesamtlinie\/#primaryimage","url":"https:\/\/exceladvisor.org\/wp-content\/uploads\/2023\/08\/1-ajouter-une-ligne-totale-dans-les-donnees.png","contentUrl":"https:\/\/exceladvisor.org\/wp-content\/uploads\/2023\/08\/1-ajouter-une-ligne-totale-dans-les-donnees.png"},{"@type":"BreadcrumbList","@id":"https:\/\/exceladvisor.org\/de\/gesamtlinie\/#breadcrumb","itemListElement":[{"@type":"ListItem","position":1,"name":"Accueil","item":"https:\/\/exceladvisor.org\/de\/"},{"@type":"ListItem","position":2,"name":"Wie f\u00fcge ich in excel eine gesamtzeile hinzu?"}]},{"@type":"WebSite","@id":"https:\/\/exceladvisor.org\/de\/#website","url":"https:\/\/exceladvisor.org\/de\/","name":"Excel Advisor","description":"Ihr Leitfaden zur Datendominanz","publisher":{"@id":"https:\/\/exceladvisor.org\/de\/#organization"},"potentialAction":[{"@type":"SearchAction","target":{"@type":"EntryPoint","urlTemplate":"https:\/\/exceladvisor.org\/de\/?s={search_term_string}"},"query-input":{"@type":"PropertyValueSpecification","valueRequired":true,"valueName":"search_term_string"}}],"inLanguage":"de"},{"@type":"Organization","@id":"https:\/\/exceladvisor.org\/de\/#organization","name":"Excel Advisor","url":"https:\/\/exceladvisor.org\/de\/","logo":{"@type":"ImageObject","inLanguage":"de","@id":"https:\/\/exceladvisor.org\/de\/#\/schema\/logo\/image\/","url":"https:\/\/exceladvisor.org\/de\/wp-content\/uploads\/2023\/11\/exceladvisor.org_.png","contentUrl":"https:\/\/exceladvisor.org\/de\/wp-content\/uploads\/2023\/11\/exceladvisor.org_.png","width":105,"height":36,"caption":"Excel Advisor"},"image":{"@id":"https:\/\/exceladvisor.org\/de\/#\/schema\/logo\/image\/"}}]}},"yoast_meta":{"yoast_wpseo_title":"","yoast_wpseo_metadesc":"","yoast_wpseo_canonical":""},"_links":{"self":[{"href":"https:\/\/exceladvisor.org\/de\/wp-json\/wp\/v2\/pages\/3225","targetHints":{"allow":["GET"]}}],"collection":[{"href":"https:\/\/exceladvisor.org\/de\/wp-json\/wp\/v2\/pages"}],"about":[{"href":"https:\/\/exceladvisor.org\/de\/wp-json\/wp\/v2\/types\/page"}],"author":[{"embeddable":true,"href":"https:\/\/exceladvisor.org\/de\/wp-json\/wp\/v2\/users\/1"}],"replies":[{"embeddable":true,"href":"https:\/\/exceladvisor.org\/de\/wp-json\/wp\/v2\/comments?post=3225"}],"version-history":[{"count":1,"href":"https:\/\/exceladvisor.org\/de\/wp-json\/wp\/v2\/pages\/3225\/revisions"}],"predecessor-version":[{"id":4039,"href":"https:\/\/exceladvisor.org\/de\/wp-json\/wp\/v2\/pages\/3225\/revisions\/4039"}],"wp:attachment":[{"href":"https:\/\/exceladvisor.org\/de\/wp-json\/wp\/v2\/media?parent=3225"}],"curies":[{"name":"wp","href":"https:\/\/api.w.org\/{rel}","templated":true}]}}