{"id":3226,"date":"2023-11-08T20:50:38","date_gmt":"2023-11-08T20:50:38","guid":{"rendered":"https:\/\/exceladvisor.org\/de\/summe-nach-datum\/"},"modified":"2023-12-03T11:21:21","modified_gmt":"2023-12-03T11:21:21","slug":"summe-nach-datum","status":"publish","type":"page","link":"https:\/\/exceladvisor.org\/de\/summe-nach-datum\/","title":{"rendered":"Wie f\u00fcge ich werte basierend auf einem datum hinzu?"},"content":{"rendered":"<div class=\"excel-vor-dem-inhalt\" id=\"excel-340042255\"><script type=\"text\/javascript\">\r\n\tatOptions = {\r\n\t\t'key' : 'c1158f160081d6540a8409e6925dab94',\r\n\t\t'format' : 'iframe',\r\n\t\t'height' : 250,\r\n\t\t'width' : 300,\r\n\t\t'params' : {}\r\n\t};\r\n<\/script>\r\n<script type=\"text\/javascript\" src=\"\/\/www.highperformanceformat.com\/c1158f160081d6540a8409e6925dab94\/invoke.js\"><\/script><\/div> <p>Um mit SUMIF datumsbasierte Werte als Kriterien hinzuzuf\u00fcgen, k\u00f6nnen Sie auf die Zelle verweisen, in der sich das Datum befindet, oder Sie k\u00f6nnen das Datum direkt in die Funktion eingeben. In SUMIFS haben Sie das Kriteriumsargument und in diesem Argument; Sie m\u00fcssen das Datum angeben, f\u00fcr das Sie die Werte hinzuf\u00fcgen m\u00f6chten. <\/p><div class=\"wp-block-image\"><figure class=\"aligncenter size-full is-resized\"><img loading=\"lazy\" decoding=\"async\" class=\"wp-image-77816\" src=\"https:\/\/exceladvisor.org\/wp-content\/uploads\/2023\/08\/1-somme-des-valeurs-basees-sur-les-dates.png\" sizes=\"auto, \" srcset=\"\" alt=\"Summenwerte-basierend-auf-Daten\" width=\"451\" height=\"474\"><\/figure><\/div><p> In diesem Tutorial erfahren Sie, wie Sie die SUMIF-Funktion von Excel f\u00fcr ein Datum verwenden.<\/p><h2 class=\"wp-block-heading\"> Verwenden Sie SUMIF nach Datum in Excel<\/h2><ol type=\"1\"><li> Geben Sie zun\u00e4chst <code>=SUMIF(<\/code> die Zelle ein, in der Sie die Summe haben m\u00f6chten.<\/li><li> Sehen Sie sich danach die Datumsspalte im Bereich A2:A15 an.<\/li><li> Verweisen Sie dann im Kriterienargument auf die Zelle, in der sich das Datum befindet.<\/li><li> Beziehen Sie sich nun im letzten Argument auf die Summenspalte, Bereich B2:B15.<\/li><li> Geben Sie am Ende die schlie\u00dfenden Klammern ein und dr\u00fccken Sie die Eingabetaste, um das Ergebnis zu erhalten. <\/li><\/ol><div class=\"wp-block-image\"><figure class=\"aligncenter size-full is-resized\"><img loading=\"lazy\" decoding=\"async\" class=\"wp-image-77817\" src=\"https:\/\/exceladvisor.org\/wp-content\/uploads\/2023\/08\/2-sumif-par-date-dans-excel.png\" sizes=\"auto, \" srcset=\"\" alt=\"Sumif-nach-Datum-in-Excel\" width=\"549\" height=\"465\"><\/figure><\/div><pre class=\"wp-block-code\"> <code class=\"language-Visual Basic\" lang=\"Visual Basic\">=SUMIF(A2:A15,D4,B2:B15)<\/code><\/pre><p> Mit der obenstehenden Formel erhalten Sie im Ergebnis die Summe f\u00fcr das Datum \u201e15.10.2022\u201c. <\/p><div class=\"wp-block-image\"><figure class=\"aligncenter size-full is-resized\"><img loading=\"lazy\" decoding=\"async\" class=\"wp-image-77818\" src=\"https:\/\/exceladvisor.org\/wp-content\/uploads\/2023\/08\/3-somme-si-par-date-result1.png\" sizes=\"auto, \" srcset=\"\" alt=\"Summe nach Ergebnisdatum\" width=\"457\" height=\"447\"><\/figure><\/div><p> Sie k\u00f6nnen das Datum auch als Wert in das Funktionsargument eingeben.<\/p><pre class=\"wp-block-code\"> <code class=\"language-excel-formula\" lang=\"excel-formula\">=SUMIF(A2:A15,\"15-Oct-2022\",B2:B15) =SUMIF(A2:A15,DATE(2022,10,15),B2:B15) =SUMIF(A2:A15,\"15-10-2022\",B2:B15)<\/code><\/pre><h2 class=\"wp-block-heading\"> SUM vor oder nach einem Datum mit SUMIF<\/h2><p> Sie k\u00f6nnen auch einen logischen Operator mit dem Datum verwenden, um es vor oder nach einem bestimmten Datum hinzuzuf\u00fcgen. Im folgenden Beispiel haben wir ein Gr\u00f6\u00dfer-als-Zeichen mit dem Datum. <\/p><div class=\"wp-block-image\"><figure class=\"aligncenter size-full is-resized\"><img loading=\"lazy\" decoding=\"async\" class=\"wp-image-77819\" src=\"https:\/\/exceladvisor.org\/wp-content\/uploads\/2023\/08\/4-somme-avant-ou-apres-la-date.png\" sizes=\"auto, \" srcset=\"\" alt=\"Summe vor oder nach dem Datum\" width=\"683\" height=\"443\"><\/figure><\/div><p> Wenn Sie die Eingabetaste dr\u00fccken, wird 2028 zur\u00fcckgegeben, was der Summe des Datums 15. November 2022 entspricht. <\/p><div class=\"wp-block-image\"><figure class=\"aligncenter size-full is-resized\"><img loading=\"lazy\" decoding=\"async\" class=\"wp-image-77820\" src=\"https:\/\/exceladvisor.org\/wp-content\/uploads\/2023\/08\/5-sumif-date-resultat.png\" sizes=\"auto, \" srcset=\"\" alt=\"sumif-date-result\" width=\"453\" height=\"446\"><\/figure><\/div><p> Ebenso k\u00f6nnen Sie einen Kleiner-als-Operator (&lt;) verwenden, um basierend auf Datumsangaben zu summieren, die vor dem Datum in Zelle D4 liegen. <\/p><div class=\"wp-block-image\"><figure class=\"aligncenter size-full\"><img loading=\"lazy\" decoding=\"async\" class=\"wp-image-77821\" src=\"https:\/\/exceladvisor.org\/wp-content\/uploads\/2023\/08\/6-sumif-avec-signe-inferieur.png\" sizes=\"auto, \" srcset=\"\" alt=\"Sumif-mit-Unterzeichen\" width=\"369\" height=\"152\"><\/figure><\/div><p> Hier sind einige andere Operatoren, die Sie verwenden k\u00f6nnen:<\/p><ul><li> Anders als &lt;&gt;<\/li><li> Gr\u00f6\u00dfer oder gleich &gt;=<\/li><li> Kleiner als und gleich &lt;= <\/li><\/ul><div class=\"gb-container gb-container-52dfcee1 gb-container-sample-file\"><h2 class=\"gb-headline gb-headline-e289c143 gb-headline-text gb-headline-4f7959c2\"> Holen Sie sich die Excel-Datei<\/h2> <a class=\"gb-button gb-button-e88d6bee gb-button-text gb-button-button1\" href=\"https:\/\/exceladvisor.org\/wp-content\/uploads\/2023\/08\/dates-de-somme.xlsx\" rel=\"nofollow\">Herunterladen<\/a><\/div><div class=\"gb-container gb-container-0df56012 gb-container-mt\"> <a class=\"gb-button gb-button-f9f432f4 gb-button-text gb-button-mt-button\" href=\"https:\/\/exceladvisor.org\/de\/formeln\/\">Liste der Excel-Formeln<\/a><h2 class=\"gb-headline gb-headline-233444e8 gb-headline-text gb-headline-mt-heading\"> Verwandte Formeln <\/h2><div class=\"gb-grid-wrapper gb-grid-wrapper-a16fa65c gb-grid-wrapper-mt-grid\"><div class=\"gb-grid-column gb-grid-column-50d07e0d\"><div class=\"gb-container gb-container-50d07e0d\"><ul><li> <a href=\"https:\/\/exceladvisor.org\/de\/summe-wenn-grosser-als\/\">Summe gr\u00f6\u00dfer als Werte mit SUMIF<\/a><\/li><li> <a href=\"https:\/\/exceladvisor.org\/de\/summen-nicht-gleich\/\">Summe ungleicher Werte (SUMIFS) in Excel<\/a><\/li><li> <a href=\"https:\/\/exceladvisor.org\/de\/sumif-sumifs-oder-logik\/\">SUMIF\/SUMIFS mit ODER-Logik in Excel<\/a><\/li><li> <a href=\"https:\/\/exceladvisor.org\/de\/sumif-mit-platzhaltern\/\">SUMIF mit Platzhaltern in Excel<\/a><\/li><li> <a href=\"https:\/\/exceladvisor.org\/de\/summe-der-werte-zwischen-zwei-daten\/\">SUMIFS-Datumsbereich (Summe der Werte zwischen zwei Datumsfeldern)<\/a> <\/li><\/ul><\/div><\/div><div class=\"gb-grid-column gb-grid-column-5b4a0cf9\"><div class=\"gb-container gb-container-5b4a0cf9\"><\/div><\/div><\/div><\/div>","protected":false},"excerpt":{"rendered":"","protected":false},"author":1,"featured_media":0,"parent":0,"menu_order":0,"comment_status":"open","ping_status":"closed","template":"","meta":{"ub_ctt_via":"","footnotes":""},"class_list":["post-3226","page","type-page","status-publish","hentry"],"featured_image_src":null,"yoast_head":"<!-- This site is optimized with the Yoast SEO plugin v25.4 - https:\/\/yoast.com\/wordpress\/plugins\/seo\/ -->\n<title>\u25b7 Wie f\u00fcge ich Werte basierend auf einem Datum hinzu?<\/title>\n<meta name=\"description\" content=\"In diesem Tutorial erfahren Sie, wie Sie mit SUMIF Werte basierend auf einem Datum hinzuf\u00fcgen, und Sie erfahren auch, wie das geht\" \/>\n<meta name=\"robots\" content=\"index, follow, max-snippet:-1, max-image-preview:large, max-video-preview:-1\" \/>\n<link rel=\"canonical\" href=\"https:\/\/exceladvisor.org\/de\/summe-nach-datum\/\" \/>\n<meta property=\"og:locale\" content=\"de_DE\" \/>\n<meta property=\"og:type\" content=\"article\" \/>\n<meta property=\"og:title\" content=\"\u25b7 Wie f\u00fcge ich Werte basierend auf einem Datum hinzu?\" \/>\n<meta property=\"og:description\" content=\"In diesem Tutorial erfahren Sie, wie Sie mit SUMIF Werte basierend auf einem Datum hinzuf\u00fcgen, und Sie erfahren auch, wie das geht\" \/>\n<meta property=\"og:url\" content=\"https:\/\/exceladvisor.org\/de\/summe-nach-datum\/\" \/>\n<meta property=\"og:site_name\" content=\"Excel Advisor\" \/>\n<meta property=\"article:modified_time\" content=\"2023-12-03T11:21:21+00:00\" \/>\n<meta property=\"og:image\" content=\"https:\/\/exceladvisor.org\/wp-content\/uploads\/2023\/08\/1-somme-des-valeurs-basees-sur-les-dates.png\" \/>\n<meta name=\"twitter:card\" content=\"summary_large_image\" \/>\n<meta name=\"twitter:label1\" content=\"Gesch\u00e4tzte Lesezeit\" \/>\n\t<meta name=\"twitter:data1\" content=\"2\u00a0Minuten\" \/>\n<script type=\"application\/ld+json\" class=\"yoast-schema-graph\">{\"@context\":\"https:\/\/schema.org\",\"@graph\":[{\"@type\":\"WebPage\",\"@id\":\"https:\/\/exceladvisor.org\/de\/summe-nach-datum\/\",\"url\":\"https:\/\/exceladvisor.org\/de\/summe-nach-datum\/\",\"name\":\"\u25b7 Wie f\u00fcge ich Werte basierend auf einem Datum hinzu?\",\"isPartOf\":{\"@id\":\"https:\/\/exceladvisor.org\/de\/#website\"},\"primaryImageOfPage\":{\"@id\":\"https:\/\/exceladvisor.org\/de\/summe-nach-datum\/#primaryimage\"},\"image\":{\"@id\":\"https:\/\/exceladvisor.org\/de\/summe-nach-datum\/#primaryimage\"},\"thumbnailUrl\":\"https:\/\/exceladvisor.org\/wp-content\/uploads\/2023\/08\/1-somme-des-valeurs-basees-sur-les-dates.png\",\"datePublished\":\"2023-11-08T20:50:38+00:00\",\"dateModified\":\"2023-12-03T11:21:21+00:00\",\"description\":\"In diesem Tutorial erfahren Sie, wie Sie mit SUMIF Werte basierend auf einem Datum hinzuf\u00fcgen, und Sie erfahren auch, wie das geht\",\"breadcrumb\":{\"@id\":\"https:\/\/exceladvisor.org\/de\/summe-nach-datum\/#breadcrumb\"},\"inLanguage\":\"de\",\"potentialAction\":[{\"@type\":\"ReadAction\",\"target\":[\"https:\/\/exceladvisor.org\/de\/summe-nach-datum\/\"]}]},{\"@type\":\"ImageObject\",\"inLanguage\":\"de\",\"@id\":\"https:\/\/exceladvisor.org\/de\/summe-nach-datum\/#primaryimage\",\"url\":\"https:\/\/exceladvisor.org\/wp-content\/uploads\/2023\/08\/1-somme-des-valeurs-basees-sur-les-dates.png\",\"contentUrl\":\"https:\/\/exceladvisor.org\/wp-content\/uploads\/2023\/08\/1-somme-des-valeurs-basees-sur-les-dates.png\"},{\"@type\":\"BreadcrumbList\",\"@id\":\"https:\/\/exceladvisor.org\/de\/summe-nach-datum\/#breadcrumb\",\"itemListElement\":[{\"@type\":\"ListItem\",\"position\":1,\"name\":\"Accueil\",\"item\":\"https:\/\/exceladvisor.org\/de\/\"},{\"@type\":\"ListItem\",\"position\":2,\"name\":\"Wie f\u00fcge ich werte basierend auf einem datum hinzu?\"}]},{\"@type\":\"WebSite\",\"@id\":\"https:\/\/exceladvisor.org\/de\/#website\",\"url\":\"https:\/\/exceladvisor.org\/de\/\",\"name\":\"Excel Advisor\",\"description\":\"Ihr Leitfaden zur Datendominanz\",\"publisher\":{\"@id\":\"https:\/\/exceladvisor.org\/de\/#organization\"},\"potentialAction\":[{\"@type\":\"SearchAction\",\"target\":{\"@type\":\"EntryPoint\",\"urlTemplate\":\"https:\/\/exceladvisor.org\/de\/?s={search_term_string}\"},\"query-input\":{\"@type\":\"PropertyValueSpecification\",\"valueRequired\":true,\"valueName\":\"search_term_string\"}}],\"inLanguage\":\"de\"},{\"@type\":\"Organization\",\"@id\":\"https:\/\/exceladvisor.org\/de\/#organization\",\"name\":\"Excel Advisor\",\"url\":\"https:\/\/exceladvisor.org\/de\/\",\"logo\":{\"@type\":\"ImageObject\",\"inLanguage\":\"de\",\"@id\":\"https:\/\/exceladvisor.org\/de\/#\/schema\/logo\/image\/\",\"url\":\"https:\/\/exceladvisor.org\/de\/wp-content\/uploads\/2023\/11\/exceladvisor.org_.png\",\"contentUrl\":\"https:\/\/exceladvisor.org\/de\/wp-content\/uploads\/2023\/11\/exceladvisor.org_.png\",\"width\":105,\"height\":36,\"caption\":\"Excel Advisor\"},\"image\":{\"@id\":\"https:\/\/exceladvisor.org\/de\/#\/schema\/logo\/image\/\"}}]}<\/script>\n<!-- \/ Yoast SEO plugin. -->","yoast_head_json":{"title":"\u25b7 Wie f\u00fcge ich Werte basierend auf einem Datum hinzu?","description":"In diesem Tutorial erfahren Sie, wie Sie mit SUMIF Werte basierend auf einem Datum hinzuf\u00fcgen, und Sie erfahren auch, wie das geht","robots":{"index":"index","follow":"follow","max-snippet":"max-snippet:-1","max-image-preview":"max-image-preview:large","max-video-preview":"max-video-preview:-1"},"canonical":"https:\/\/exceladvisor.org\/de\/summe-nach-datum\/","og_locale":"de_DE","og_type":"article","og_title":"\u25b7 Wie f\u00fcge ich Werte basierend auf einem Datum hinzu?","og_description":"In diesem Tutorial erfahren Sie, wie Sie mit SUMIF Werte basierend auf einem Datum hinzuf\u00fcgen, und Sie erfahren auch, wie das geht","og_url":"https:\/\/exceladvisor.org\/de\/summe-nach-datum\/","og_site_name":"Excel Advisor","article_modified_time":"2023-12-03T11:21:21+00:00","og_image":[{"url":"https:\/\/exceladvisor.org\/wp-content\/uploads\/2023\/08\/1-somme-des-valeurs-basees-sur-les-dates.png","type":"","width":"","height":""}],"twitter_card":"summary_large_image","twitter_misc":{"Gesch\u00e4tzte Lesezeit":"2\u00a0Minuten"},"schema":{"@context":"https:\/\/schema.org","@graph":[{"@type":"WebPage","@id":"https:\/\/exceladvisor.org\/de\/summe-nach-datum\/","url":"https:\/\/exceladvisor.org\/de\/summe-nach-datum\/","name":"\u25b7 Wie f\u00fcge ich Werte basierend auf einem Datum hinzu?","isPartOf":{"@id":"https:\/\/exceladvisor.org\/de\/#website"},"primaryImageOfPage":{"@id":"https:\/\/exceladvisor.org\/de\/summe-nach-datum\/#primaryimage"},"image":{"@id":"https:\/\/exceladvisor.org\/de\/summe-nach-datum\/#primaryimage"},"thumbnailUrl":"https:\/\/exceladvisor.org\/wp-content\/uploads\/2023\/08\/1-somme-des-valeurs-basees-sur-les-dates.png","datePublished":"2023-11-08T20:50:38+00:00","dateModified":"2023-12-03T11:21:21+00:00","description":"In diesem Tutorial erfahren Sie, wie Sie mit SUMIF Werte basierend auf einem Datum hinzuf\u00fcgen, und Sie erfahren auch, wie das geht","breadcrumb":{"@id":"https:\/\/exceladvisor.org\/de\/summe-nach-datum\/#breadcrumb"},"inLanguage":"de","potentialAction":[{"@type":"ReadAction","target":["https:\/\/exceladvisor.org\/de\/summe-nach-datum\/"]}]},{"@type":"ImageObject","inLanguage":"de","@id":"https:\/\/exceladvisor.org\/de\/summe-nach-datum\/#primaryimage","url":"https:\/\/exceladvisor.org\/wp-content\/uploads\/2023\/08\/1-somme-des-valeurs-basees-sur-les-dates.png","contentUrl":"https:\/\/exceladvisor.org\/wp-content\/uploads\/2023\/08\/1-somme-des-valeurs-basees-sur-les-dates.png"},{"@type":"BreadcrumbList","@id":"https:\/\/exceladvisor.org\/de\/summe-nach-datum\/#breadcrumb","itemListElement":[{"@type":"ListItem","position":1,"name":"Accueil","item":"https:\/\/exceladvisor.org\/de\/"},{"@type":"ListItem","position":2,"name":"Wie f\u00fcge ich werte basierend auf einem datum hinzu?"}]},{"@type":"WebSite","@id":"https:\/\/exceladvisor.org\/de\/#website","url":"https:\/\/exceladvisor.org\/de\/","name":"Excel Advisor","description":"Ihr Leitfaden zur Datendominanz","publisher":{"@id":"https:\/\/exceladvisor.org\/de\/#organization"},"potentialAction":[{"@type":"SearchAction","target":{"@type":"EntryPoint","urlTemplate":"https:\/\/exceladvisor.org\/de\/?s={search_term_string}"},"query-input":{"@type":"PropertyValueSpecification","valueRequired":true,"valueName":"search_term_string"}}],"inLanguage":"de"},{"@type":"Organization","@id":"https:\/\/exceladvisor.org\/de\/#organization","name":"Excel Advisor","url":"https:\/\/exceladvisor.org\/de\/","logo":{"@type":"ImageObject","inLanguage":"de","@id":"https:\/\/exceladvisor.org\/de\/#\/schema\/logo\/image\/","url":"https:\/\/exceladvisor.org\/de\/wp-content\/uploads\/2023\/11\/exceladvisor.org_.png","contentUrl":"https:\/\/exceladvisor.org\/de\/wp-content\/uploads\/2023\/11\/exceladvisor.org_.png","width":105,"height":36,"caption":"Excel Advisor"},"image":{"@id":"https:\/\/exceladvisor.org\/de\/#\/schema\/logo\/image\/"}}]}},"yoast_meta":{"yoast_wpseo_title":"","yoast_wpseo_metadesc":"","yoast_wpseo_canonical":""},"_links":{"self":[{"href":"https:\/\/exceladvisor.org\/de\/wp-json\/wp\/v2\/pages\/3226","targetHints":{"allow":["GET"]}}],"collection":[{"href":"https:\/\/exceladvisor.org\/de\/wp-json\/wp\/v2\/pages"}],"about":[{"href":"https:\/\/exceladvisor.org\/de\/wp-json\/wp\/v2\/types\/page"}],"author":[{"embeddable":true,"href":"https:\/\/exceladvisor.org\/de\/wp-json\/wp\/v2\/users\/1"}],"replies":[{"embeddable":true,"href":"https:\/\/exceladvisor.org\/de\/wp-json\/wp\/v2\/comments?post=3226"}],"version-history":[{"count":1,"href":"https:\/\/exceladvisor.org\/de\/wp-json\/wp\/v2\/pages\/3226\/revisions"}],"predecessor-version":[{"id":4059,"href":"https:\/\/exceladvisor.org\/de\/wp-json\/wp\/v2\/pages\/3226\/revisions\/4059"}],"wp:attachment":[{"href":"https:\/\/exceladvisor.org\/de\/wp-json\/wp\/v2\/media?parent=3226"}],"curies":[{"name":"wp","href":"https:\/\/api.w.org\/{rel}","templated":true}]}}