{"id":3228,"date":"2023-11-08T19:55:38","date_gmt":"2023-11-08T19:55:38","guid":{"rendered":"https:\/\/exceladvisor.org\/de\/sumif-suche\/"},"modified":"2023-12-03T13:03:41","modified_gmt":"2023-12-03T13:03:41","slug":"sumif-suche","status":"publish","type":"page","link":"https:\/\/exceladvisor.org\/de\/sumif-suche\/","title":{"rendered":"Wie kombiniere ich vlookup mit sumif?"},"content":{"rendered":"<div class=\"excel-vor-dem-inhalt\" id=\"excel-1102437297\"><script type=\"text\/javascript\">\r\n\tatOptions = {\r\n\t\t'key' : 'c1158f160081d6540a8409e6925dab94',\r\n\t\t'format' : 'iframe',\r\n\t\t'height' : 250,\r\n\t\t'width' : 300,\r\n\t\t'params' : {}\r\n\t};\r\n<\/script>\r\n<script type=\"text\/javascript\" src=\"\/\/www.highperformanceformat.com\/c1158f160081d6540a8409e6925dab94\/invoke.js\"><\/script><\/div> <p>Ja, Sie k\u00f6nnen VLOOKUP und SUMIF kombinieren. In SUMIF gibt es ein Kriterienargument, mit dem Sie SVERWEIS verwenden k\u00f6nnen, um einen dynamischen Wert zu erstellen. Dadurch k\u00f6nnen Sie die Kriterien \u00e4ndern, indem Sie den Suchwert in VLOOKUP \u00e4ndern. Die Verwendung dieser kombinierten Formel ist einzigartig. <\/p><div class=\"wp-block-image\"><figure class=\"aligncenter size-full is-resized\"><img loading=\"lazy\" decoding=\"async\" class=\"wp-image-77842\" src=\"https:\/\/exceladvisor.org\/wp-content\/uploads\/2023\/08\/1-combiner-vlookup-avec-sumif.png\" sizes=\"auto, \" srcset=\"\" alt=\"kombiniere-vlookup-mit-sumif\" width=\"578\" height=\"526\"><\/figure><\/div><p> In diesem Tutorial erfahren Sie, wie Sie SUMIF und VLOOKUP kombinieren, um eine Formel zu erstellen.<\/p><h2 class=\"wp-block-heading\"> Kombiniert SUMIF und SVERWEIS<\/h2><ol type=\"1\"><li> Geben Sie zun\u00e4chst in einer Zelle \u201e=SUMIF(\u201c ein. Beziehen Sie sich als Bereichsargument auf den Produkt-ID-Bereich, den Sie in Tabelle 1 haben.<\/li><li> Danach m\u00fcssen Sie in der zweiten Erweiterung die VLOOKUP-Funktion verwenden, um die Produkt-ID anhand des Produktnamens in der Zelle dar\u00fcber zu finden.<\/li><li> Verweisen Sie dann im dritten Argument von SUMIF auf die Mengenspalte, die als sum_range verwendet werden soll.<\/li><li> Geben Sie am Ende die schlie\u00dfenden Klammern ein und dr\u00fccken Sie die Eingabetaste, um das Ergebnis zu erhalten. <\/li><\/ol><div class=\"wp-block-image\"><figure class=\"aligncenter size-full is-resized\"><img loading=\"lazy\" decoding=\"async\" class=\"wp-image-77843\" src=\"https:\/\/exceladvisor.org\/wp-content\/uploads\/2023\/08\/2-sumif-et-vlookup-combines.png\" sizes=\"auto, \" srcset=\"\" alt=\"sumif-and-vlookup-kombiniert\" width=\"567\" height=\"349\"><\/figure><\/div><p class=\"formula\"> =SUMIF(A2:A13,SVERWEIS(B15,D1:E7,2,0),B2:B13) <\/p><div class=\"wp-block-image\"><figure class=\"aligncenter size-full is-resized\"><img loading=\"lazy\" decoding=\"async\" class=\"wp-image-77845\" src=\"https:\/\/exceladvisor.org\/wp-content\/uploads\/2023\/08\/3-sumif-avec-formule-vlookup.png\" sizes=\"auto, \" srcset=\"\" alt=\"Sumif-mit-vlookup-Formel\" width=\"619\" height=\"83\"><\/figure><\/div><h2 class=\"wp-block-heading\"> Wie funktioniert diese Formel?<\/h2><p> Teilen wir diese Formel in drei Teile auf: Im ersten Teil haben Sie den Bereich angegeben, in dem sich die Produkt-ID befindet. <\/p><div class=\"wp-block-image\"><figure class=\"aligncenter size-full is-resized\"><img loading=\"lazy\" decoding=\"async\" class=\"wp-image-77846\" src=\"https:\/\/exceladvisor.org\/wp-content\/uploads\/2023\/08\/formule-4-sumif-premiere-partie.png\" sizes=\"auto, \" srcset=\"\" alt=\"Sumif-Formel-erster-Teil\" width=\"536\" height=\"389\"><\/figure><\/div><p> Im zweiten Teil haben Sie den VLOOKUP, der den Produktnamen aus Zelle B15 \u00fcbernimmt und in Tabelle 2 danach sucht. F\u00fcr Kopfh\u00f6rer haben wir die Produkt-ID OT-356. <\/p><div class=\"wp-block-image\"><figure class=\"aligncenter size-full is-resized\"><img loading=\"lazy\" decoding=\"async\" class=\"wp-image-77847\" src=\"https:\/\/exceladvisor.org\/wp-content\/uploads\/2023\/08\/5-vlookup-en-deuxieme-partie.png\" sizes=\"auto, \" srcset=\"\" alt=\"vlookup-im-zweiten-Teil\" width=\"557\" height=\"417\"><\/figure><\/div><p> Im dritten Teil haben wir die Mengenspalte als sum_range. <\/p><div class=\"wp-block-image\"><figure class=\"aligncenter size-full is-resized\"><img loading=\"lazy\" decoding=\"async\" class=\"wp-image-77848\" src=\"https:\/\/exceladvisor.org\/wp-content\/uploads\/2023\/08\/6-troisieme-partie-contient-la-plage-de-somme.png\" sizes=\"auto, \" srcset=\"\" alt=\"Der dritte Teil enth\u00e4lt den Summenbereich\" width=\"566\" height=\"419\"><\/figure><\/div><p> Kurz gesagt hilft Ihnen VLOOKUP dabei, die Produkt-ID anhand des Produktnamens zu finden. Anschlie\u00dfend sucht SUMIF diese Produkt-ID in der Spalte \u201eProdukt-ID\u201c danach und summiert dann die Werte in der Spalte \u201eMenge\u201c.<\/p><p> Wie ich bereits sagte, wenn Sie SUMIF und VLOOKUP verwenden, wird Ihre Formel zu einer dynamischen Formel. Wenn Sie den Produktnamen in den Zellen \u00e4ndern, \u00e4ndert sich auch das Ergebnis. <\/p><div class=\"wp-block-image\"><figure class=\"aligncenter size-full is-resized\"><img loading=\"lazy\" decoding=\"async\" class=\"wp-image-77849\" src=\"https:\/\/exceladvisor.org\/wp-content\/uploads\/2023\/08\/7-sumif-vlookup-rend-la-formule-dynamique.png\" sizes=\"auto, \" srcset=\"\" alt=\"sumif-vlookup-make-dynamic-formula\" width=\"570\" height=\"350\"><\/figure><\/div><h2 class=\"wp-block-heading\"> SUMIF und VLOOKUP in mehreren Bl\u00e4ttern<\/h2><p> Sie k\u00f6nnen diese Kombination auch dann verwenden, wenn Sie die beiden Tabellen in mehreren Bl\u00e4ttern unterschiedlich haben. <\/p><div class=\"wp-block-image\"><figure class=\"aligncenter size-full is-resized\"><img loading=\"lazy\" decoding=\"async\" class=\"wp-image-77850\" src=\"https:\/\/exceladvisor.org\/wp-content\/uploads\/2023\/08\/8-sumif-vlookup-dans-plusieurs-feuilles.png\" sizes=\"auto, \" srcset=\"\" alt=\"sumif-vlookup-in-multiple-sheets\" width=\"572\" height=\"421\"><\/figure><\/div><p> Im obigen Beispiel befindet sich die Produktnamentabelle auf einem anderen Blatt. <\/p><div class=\"gb-container gb-container-52dfcee1 gb-container-sample-file\"><h2 class=\"gb-headline gb-headline-e289c143 gb-headline-text gb-headline-4f7959c2\"> Holen Sie sich die Excel-Datei<\/h2> <a class=\"gb-button gb-button-e88d6bee gb-button-text gb-button-button1\" href=\"https:\/\/exceladvisor.org\/wp-content\/uploads\/2023\/11\/sumif-vlookup-3.xlsx\" rel=\"nofollow\">Herunterladen<\/a><\/div><div class=\"gb-container gb-container-0df56012 gb-container-mt\"> <a class=\"gb-button gb-button-f9f432f4 gb-button-text gb-button-mt-button\" href=\"https:\/\/exceladvisor.org\/de\/formeln\/\">Liste der Excel-Formeln<\/a><h2 class=\"gb-headline gb-headline-233444e8 gb-headline-text gb-headline-mt-heading\"> Verwandte Formeln <\/h2><div class=\"gb-grid-wrapper gb-grid-wrapper-a16fa65c gb-grid-wrapper-mt-grid\"><div class=\"gb-grid-column gb-grid-column-50d07e0d\"><div class=\"gb-container gb-container-50d07e0d\"><ul><li> <a href=\"https:\/\/exceladvisor.org\/de\/summe-wenn-grosser-als\/\">Summe gr\u00f6\u00dfer als Werte mit SUMIF<\/a><\/li><li> <a href=\"https:\/\/exceladvisor.org\/de\/summen-nicht-gleich\/\">Summe ungleicher Werte (SUMIFS) in Excel<\/a><\/li><li> <a href=\"https:\/\/exceladvisor.org\/de\/sumif-sumifs-oder-logik\/\">SUMIF\/SUMIFS mit ODER-Logik in Excel<\/a><\/li><li> <a href=\"https:\/\/exceladvisor.org\/de\/sumif-mit-platzhaltern\/\">SUMIF mit Platzhaltern in Excel<\/a><\/li><li> <a href=\"https:\/\/exceladvisor.org\/de\/summe-der-werte-zwischen-zwei-daten\/\">SUMIFS-Datumsbereich (Summe der Werte zwischen zwei Datumsfeldern)<\/a><\/li><\/ul><\/div><\/div><\/div><\/div>","protected":false},"excerpt":{"rendered":"","protected":false},"author":1,"featured_media":0,"parent":0,"menu_order":0,"comment_status":"open","ping_status":"closed","template":"","meta":{"ub_ctt_via":"","footnotes":""},"class_list":["post-3228","page","type-page","status-publish","hentry"],"featured_image_src":null,"yoast_head":"<!-- This site is optimized with the Yoast SEO plugin v25.4 - https:\/\/yoast.com\/wordpress\/plugins\/seo\/ -->\n<title>Wie kombiniere ich VLOOKUP mit SUMIF?<\/title>\n<meta name=\"description\" content=\"In diesem Tutorial lernen wir, wie man SUMIF und VLOOKUP kombiniert. Mit dieser Funktionskombination k\u00f6nnen Sie \u00c4nderungen vornehmen\" \/>\n<meta name=\"robots\" content=\"index, follow, max-snippet:-1, max-image-preview:large, max-video-preview:-1\" \/>\n<link rel=\"canonical\" href=\"https:\/\/exceladvisor.org\/de\/sumif-suche\/\" \/>\n<meta property=\"og:locale\" content=\"de_DE\" \/>\n<meta property=\"og:type\" content=\"article\" \/>\n<meta property=\"og:title\" content=\"Wie kombiniere ich VLOOKUP mit SUMIF?\" \/>\n<meta property=\"og:description\" content=\"In diesem Tutorial lernen wir, wie man SUMIF und VLOOKUP kombiniert. Mit dieser Funktionskombination k\u00f6nnen Sie \u00c4nderungen vornehmen\" \/>\n<meta property=\"og:url\" content=\"https:\/\/exceladvisor.org\/de\/sumif-suche\/\" \/>\n<meta property=\"og:site_name\" content=\"Excel Advisor\" \/>\n<meta property=\"article:modified_time\" content=\"2023-12-03T13:03:41+00:00\" \/>\n<meta property=\"og:image\" content=\"https:\/\/exceladvisor.org\/wp-content\/uploads\/2023\/08\/1-combiner-vlookup-avec-sumif.png\" \/>\n<meta name=\"twitter:card\" content=\"summary_large_image\" \/>\n<meta name=\"twitter:label1\" content=\"Gesch\u00e4tzte Lesezeit\" \/>\n\t<meta name=\"twitter:data1\" content=\"2\u00a0Minuten\" \/>\n<script type=\"application\/ld+json\" class=\"yoast-schema-graph\">{\"@context\":\"https:\/\/schema.org\",\"@graph\":[{\"@type\":\"WebPage\",\"@id\":\"https:\/\/exceladvisor.org\/de\/sumif-suche\/\",\"url\":\"https:\/\/exceladvisor.org\/de\/sumif-suche\/\",\"name\":\"Wie kombiniere ich VLOOKUP mit SUMIF?\",\"isPartOf\":{\"@id\":\"https:\/\/exceladvisor.org\/de\/#website\"},\"primaryImageOfPage\":{\"@id\":\"https:\/\/exceladvisor.org\/de\/sumif-suche\/#primaryimage\"},\"image\":{\"@id\":\"https:\/\/exceladvisor.org\/de\/sumif-suche\/#primaryimage\"},\"thumbnailUrl\":\"https:\/\/exceladvisor.org\/wp-content\/uploads\/2023\/08\/1-combiner-vlookup-avec-sumif.png\",\"datePublished\":\"2023-11-08T19:55:38+00:00\",\"dateModified\":\"2023-12-03T13:03:41+00:00\",\"description\":\"In diesem Tutorial lernen wir, wie man SUMIF und VLOOKUP kombiniert. Mit dieser Funktionskombination k\u00f6nnen Sie \u00c4nderungen vornehmen\",\"breadcrumb\":{\"@id\":\"https:\/\/exceladvisor.org\/de\/sumif-suche\/#breadcrumb\"},\"inLanguage\":\"de\",\"potentialAction\":[{\"@type\":\"ReadAction\",\"target\":[\"https:\/\/exceladvisor.org\/de\/sumif-suche\/\"]}]},{\"@type\":\"ImageObject\",\"inLanguage\":\"de\",\"@id\":\"https:\/\/exceladvisor.org\/de\/sumif-suche\/#primaryimage\",\"url\":\"https:\/\/exceladvisor.org\/wp-content\/uploads\/2023\/08\/1-combiner-vlookup-avec-sumif.png\",\"contentUrl\":\"https:\/\/exceladvisor.org\/wp-content\/uploads\/2023\/08\/1-combiner-vlookup-avec-sumif.png\"},{\"@type\":\"BreadcrumbList\",\"@id\":\"https:\/\/exceladvisor.org\/de\/sumif-suche\/#breadcrumb\",\"itemListElement\":[{\"@type\":\"ListItem\",\"position\":1,\"name\":\"Accueil\",\"item\":\"https:\/\/exceladvisor.org\/de\/\"},{\"@type\":\"ListItem\",\"position\":2,\"name\":\"Wie kombiniere ich vlookup mit sumif?\"}]},{\"@type\":\"WebSite\",\"@id\":\"https:\/\/exceladvisor.org\/de\/#website\",\"url\":\"https:\/\/exceladvisor.org\/de\/\",\"name\":\"Excel Advisor\",\"description\":\"Ihr Leitfaden zur Datendominanz\",\"publisher\":{\"@id\":\"https:\/\/exceladvisor.org\/de\/#organization\"},\"potentialAction\":[{\"@type\":\"SearchAction\",\"target\":{\"@type\":\"EntryPoint\",\"urlTemplate\":\"https:\/\/exceladvisor.org\/de\/?s={search_term_string}\"},\"query-input\":{\"@type\":\"PropertyValueSpecification\",\"valueRequired\":true,\"valueName\":\"search_term_string\"}}],\"inLanguage\":\"de\"},{\"@type\":\"Organization\",\"@id\":\"https:\/\/exceladvisor.org\/de\/#organization\",\"name\":\"Excel Advisor\",\"url\":\"https:\/\/exceladvisor.org\/de\/\",\"logo\":{\"@type\":\"ImageObject\",\"inLanguage\":\"de\",\"@id\":\"https:\/\/exceladvisor.org\/de\/#\/schema\/logo\/image\/\",\"url\":\"https:\/\/exceladvisor.org\/de\/wp-content\/uploads\/2023\/11\/exceladvisor.org_.png\",\"contentUrl\":\"https:\/\/exceladvisor.org\/de\/wp-content\/uploads\/2023\/11\/exceladvisor.org_.png\",\"width\":105,\"height\":36,\"caption\":\"Excel Advisor\"},\"image\":{\"@id\":\"https:\/\/exceladvisor.org\/de\/#\/schema\/logo\/image\/\"}}]}<\/script>\n<!-- \/ Yoast SEO plugin. -->","yoast_head_json":{"title":"Wie kombiniere ich VLOOKUP mit SUMIF?","description":"In diesem Tutorial lernen wir, wie man SUMIF und VLOOKUP kombiniert. Mit dieser Funktionskombination k\u00f6nnen Sie \u00c4nderungen vornehmen","robots":{"index":"index","follow":"follow","max-snippet":"max-snippet:-1","max-image-preview":"max-image-preview:large","max-video-preview":"max-video-preview:-1"},"canonical":"https:\/\/exceladvisor.org\/de\/sumif-suche\/","og_locale":"de_DE","og_type":"article","og_title":"Wie kombiniere ich VLOOKUP mit SUMIF?","og_description":"In diesem Tutorial lernen wir, wie man SUMIF und VLOOKUP kombiniert. Mit dieser Funktionskombination k\u00f6nnen Sie \u00c4nderungen vornehmen","og_url":"https:\/\/exceladvisor.org\/de\/sumif-suche\/","og_site_name":"Excel Advisor","article_modified_time":"2023-12-03T13:03:41+00:00","og_image":[{"url":"https:\/\/exceladvisor.org\/wp-content\/uploads\/2023\/08\/1-combiner-vlookup-avec-sumif.png","type":"","width":"","height":""}],"twitter_card":"summary_large_image","twitter_misc":{"Gesch\u00e4tzte Lesezeit":"2\u00a0Minuten"},"schema":{"@context":"https:\/\/schema.org","@graph":[{"@type":"WebPage","@id":"https:\/\/exceladvisor.org\/de\/sumif-suche\/","url":"https:\/\/exceladvisor.org\/de\/sumif-suche\/","name":"Wie kombiniere ich VLOOKUP mit SUMIF?","isPartOf":{"@id":"https:\/\/exceladvisor.org\/de\/#website"},"primaryImageOfPage":{"@id":"https:\/\/exceladvisor.org\/de\/sumif-suche\/#primaryimage"},"image":{"@id":"https:\/\/exceladvisor.org\/de\/sumif-suche\/#primaryimage"},"thumbnailUrl":"https:\/\/exceladvisor.org\/wp-content\/uploads\/2023\/08\/1-combiner-vlookup-avec-sumif.png","datePublished":"2023-11-08T19:55:38+00:00","dateModified":"2023-12-03T13:03:41+00:00","description":"In diesem Tutorial lernen wir, wie man SUMIF und VLOOKUP kombiniert. Mit dieser Funktionskombination k\u00f6nnen Sie \u00c4nderungen vornehmen","breadcrumb":{"@id":"https:\/\/exceladvisor.org\/de\/sumif-suche\/#breadcrumb"},"inLanguage":"de","potentialAction":[{"@type":"ReadAction","target":["https:\/\/exceladvisor.org\/de\/sumif-suche\/"]}]},{"@type":"ImageObject","inLanguage":"de","@id":"https:\/\/exceladvisor.org\/de\/sumif-suche\/#primaryimage","url":"https:\/\/exceladvisor.org\/wp-content\/uploads\/2023\/08\/1-combiner-vlookup-avec-sumif.png","contentUrl":"https:\/\/exceladvisor.org\/wp-content\/uploads\/2023\/08\/1-combiner-vlookup-avec-sumif.png"},{"@type":"BreadcrumbList","@id":"https:\/\/exceladvisor.org\/de\/sumif-suche\/#breadcrumb","itemListElement":[{"@type":"ListItem","position":1,"name":"Accueil","item":"https:\/\/exceladvisor.org\/de\/"},{"@type":"ListItem","position":2,"name":"Wie kombiniere ich vlookup mit sumif?"}]},{"@type":"WebSite","@id":"https:\/\/exceladvisor.org\/de\/#website","url":"https:\/\/exceladvisor.org\/de\/","name":"Excel Advisor","description":"Ihr Leitfaden zur Datendominanz","publisher":{"@id":"https:\/\/exceladvisor.org\/de\/#organization"},"potentialAction":[{"@type":"SearchAction","target":{"@type":"EntryPoint","urlTemplate":"https:\/\/exceladvisor.org\/de\/?s={search_term_string}"},"query-input":{"@type":"PropertyValueSpecification","valueRequired":true,"valueName":"search_term_string"}}],"inLanguage":"de"},{"@type":"Organization","@id":"https:\/\/exceladvisor.org\/de\/#organization","name":"Excel Advisor","url":"https:\/\/exceladvisor.org\/de\/","logo":{"@type":"ImageObject","inLanguage":"de","@id":"https:\/\/exceladvisor.org\/de\/#\/schema\/logo\/image\/","url":"https:\/\/exceladvisor.org\/de\/wp-content\/uploads\/2023\/11\/exceladvisor.org_.png","contentUrl":"https:\/\/exceladvisor.org\/de\/wp-content\/uploads\/2023\/11\/exceladvisor.org_.png","width":105,"height":36,"caption":"Excel Advisor"},"image":{"@id":"https:\/\/exceladvisor.org\/de\/#\/schema\/logo\/image\/"}}]}},"yoast_meta":{"yoast_wpseo_title":"","yoast_wpseo_metadesc":"","yoast_wpseo_canonical":""},"_links":{"self":[{"href":"https:\/\/exceladvisor.org\/de\/wp-json\/wp\/v2\/pages\/3228","targetHints":{"allow":["GET"]}}],"collection":[{"href":"https:\/\/exceladvisor.org\/de\/wp-json\/wp\/v2\/pages"}],"about":[{"href":"https:\/\/exceladvisor.org\/de\/wp-json\/wp\/v2\/types\/page"}],"author":[{"embeddable":true,"href":"https:\/\/exceladvisor.org\/de\/wp-json\/wp\/v2\/users\/1"}],"replies":[{"embeddable":true,"href":"https:\/\/exceladvisor.org\/de\/wp-json\/wp\/v2\/comments?post=3228"}],"version-history":[{"count":1,"href":"https:\/\/exceladvisor.org\/de\/wp-json\/wp\/v2\/pages\/3228\/revisions"}],"predecessor-version":[{"id":4115,"href":"https:\/\/exceladvisor.org\/de\/wp-json\/wp\/v2\/pages\/3228\/revisions\/4115"}],"wp:attachment":[{"href":"https:\/\/exceladvisor.org\/de\/wp-json\/wp\/v2\/media?parent=3228"}],"curies":[{"name":"wp","href":"https:\/\/api.w.org\/{rel}","templated":true}]}}