{"id":3229,"date":"2023-11-08T19:50:50","date_gmt":"2023-11-08T19:50:50","guid":{"rendered":"https:\/\/exceladvisor.org\/de\/wenn-die-zelle-einen-teil-enthalt\/"},"modified":"2023-12-03T13:05:21","modified_gmt":"2023-12-03T13:05:21","slug":"wenn-die-zelle-einen-teil-enthalt","status":"publish","type":"page","link":"https:\/\/exceladvisor.org\/de\/wenn-die-zelle-einen-teil-enthalt\/","title":{"rendered":"Wie \u00fcberpr\u00fcfe ich, ob eine zelle teiltext enth\u00e4lt?"},"content":{"rendered":"<div class=\"excel-vor-dem-inhalt\" id=\"excel-1071107388\"><script type=\"text\/javascript\">\r\n\tatOptions = {\r\n\t\t'key' : 'c1158f160081d6540a8409e6925dab94',\r\n\t\t'format' : 'iframe',\r\n\t\t'height' : 250,\r\n\t\t'width' : 300,\r\n\t\t'params' : {}\r\n\t};\r\n<\/script>\r\n<script type=\"text\/javascript\" src=\"\/\/www.highperformanceformat.com\/c1158f160081d6540a8409e6925dab94\/invoke.js\"><\/script><\/div> <p>Um in Excel zu pr\u00fcfen, ob eine Zelle Teiltext enth\u00e4lt, m\u00fcssen Sie eine Formel mit WENN, Z\u00c4HLENWENN und Platzhaltern erstellen. Platzhalter helfen Ihnen beim Festlegen des Teiltexts, dann pr\u00fcft COUNTIF den Teilwert und IF gibt das darauf basierende Ergebnis zur\u00fcck. Diese Funktionskombination funktioniert perfekt. <\/p><div class=\"wp-block-image\"><figure class=\"aligncenter size-full is-resized\"><img loading=\"lazy\" decoding=\"async\" class=\"wp-image-77750\" src=\"https:\/\/exceladvisor.org\/wp-content\/uploads\/2023\/08\/1-verifier-si-la-cellule-contient-du-texte-partiel.png\" sizes=\"auto, \" srcset=\"\" alt=\"\u00dcberpr\u00fcfen Sie, ob die Zelle Teiltext enth\u00e4lt\" width=\"558\" height=\"275\"><\/figure><\/div><p> In diesem Tutorial lernen wir, wie man diese Formel schreibt.<\/p><h2 class=\"wp-block-heading\"> Excel-Formel: WENN eine Zelle Teiltext enth\u00e4lt<\/h2><ol type=\"1\"><li> Geben Sie zun\u00e4chst in Zelle B1 \u201e=IF(\u201c ein.<\/li><li> Geben Sie anschlie\u00dfend \u201eCOUNTIF(\u201c ein.<\/li><li> Beziehen Sie sich dann im ersten Argument von COUNTIF auf Zelle A1.<\/li><li> Geben Sie nun den Wert, den Sie \u00fcberpr\u00fcfen m\u00f6chten, mit einem Sternchen vor und nach diesem Wert ein und schlie\u00dfen Sie die Funktion.<\/li><li> Geben Sie am Ende \u201eY\u201c f\u00fcr value_if_true, \u201eN\u201c f\u00fcr value_if_false ein, geben Sie schlie\u00dfende Klammern ein und dr\u00fccken Sie die Eingabetaste. <\/li><\/ol><div class=\"wp-block-image\"><figure class=\"aligncenter size-full is-resized\"><img loading=\"lazy\" decoding=\"async\" class=\"wp-image-77751\" src=\"https:\/\/exceladvisor.org\/wp-content\/uploads\/2023\/08\/2-si-formule-pour-trouver-du-texte-partiel.png\" sizes=\"auto, \" srcset=\"\" alt=\"if-Formel zum Finden von Teiltext\" width=\"741\" height=\"167\"><\/figure><\/div><p class=\"formula\"> =WENN(Z\u00c4HLENWENN(A1,\u201c*Excel*\u201c),\u201cY\u201c,,,N\u201c)<\/p><p> Im folgenden Beispiel k\u00f6nnen Sie sehen, dass der erste Wert \u201eExcel\u201c ist und \u201eY\u201c zur\u00fcckgegeben wurde. Aber im zweiten Wert haben Sie diesen Wert nicht und er hat im Ergebnis \u201eN\u201c zur\u00fcckgegeben. <\/p><div class=\"wp-block-image\"><figure class=\"aligncenter size-full is-resized\"><img loading=\"lazy\" decoding=\"async\" class=\"wp-image-77752\" src=\"https:\/\/exceladvisor.org\/wp-content\/uploads\/2023\/08\/3-resultats-de-valeur-partielle.png\" sizes=\"auto, \" srcset=\"\" alt=\"Teilwertergebnisse\" width=\"527\" height=\"272\"><\/figure><\/div><p> Um diese Formel zu verstehen, m\u00fcssen Sie sie in zwei Teile zerlegen: <\/p><div class=\"wp-block-image\"><figure class=\"aligncenter size-full is-resized\"><img loading=\"lazy\" decoding=\"async\" class=\"wp-image-77753\" src=\"https:\/\/exceladvisor.org\/wp-content\/uploads\/2023\/08\/4-formule-de-rupture-en-deux-parties.png\" sizes=\"auto, \" srcset=\"\" alt=\"Teilen Sie die Formel in zwei Teile\" width=\"624\" height=\"352\"><\/figure><\/div><ul><li> Im ersten Teil verwenden wir COUNTIF mit Platzhaltern, die den Teilwert der Zelle \u00fcberpr\u00fcfen. Und wenn der Wert vorhanden ist, wird im Ergebnis 1 zur\u00fcckgegeben, andernfalls wird 2 zur\u00fcckgegeben.<\/li><li> Im zweiten Teil nimmt IF das Ergebnis von COUNTIF und verwendet 1 als TRUE und 0 als FALSE. Wenn es also WAHR ist, gibt es Y zur\u00fcck, und wenn es FALSCH ist, dann N.<\/li><\/ul><h2 class=\"wp-block-heading\"> WENN eine Zelle Teiltext enth\u00e4lt (SEARCH + ESTNUM)<\/h2><p> Sie k\u00f6nnen auch eine Formel verwenden, die LOOKUP, ISNUM und IF kombiniert, um zu pr\u00fcfen, ob ein Teilwert in einer Zelle vorhanden ist. <\/p><div class=\"wp-block-image\"><figure class=\"aligncenter size-full is-resized\"><img loading=\"lazy\" decoding=\"async\" class=\"wp-image-77755\" src=\"https:\/\/exceladvisor.org\/wp-content\/uploads\/2023\/08\/5-si-la-recherche-est-un-nombre-pour-trouver-une-partie-du-texte.png\" sizes=\"auto, \" srcset=\"\" alt=\"if-search-is-a-number-to-find-partial-text\" width=\"553\" height=\"387\"><\/figure><\/div><p id=\"formula\"> =IF(ISNUMBER(SEARCH(\u201cExcel*\u201d, A1)),\u201dY\u201d,\u201dN\u201d)<\/p><p> Diese Formel verwendet SUCHE und <a href=\"https:\/\/exceladvisor.org\/de\/platzhalter-2\/\" data-wpil=\"url\">Platzhalter<\/a> , um den Wert zu \u00fcberpr\u00fcfen. Wenn der Wert vorhanden ist, wird eine Zahl zur\u00fcckgegeben. Wenn der Wert nicht vorhanden ist, wird ein #WERT zur\u00fcckgegeben! Fehler.<\/p><p> Um diesen Fehler zu behandeln, m\u00fcssen Sie ISNUMBER und IF verwenden. ISNUMBER pr\u00fcft, ob das SEARCH-Ergebnis eine Zahl ist oder nicht und gibt TRUE oder FALSE zur\u00fcck.<\/p><p> Wenn nun das Ergebnis von ISNUMBER TRUE ist, gibt IF \u201eY\u201c zur\u00fcck, und wenn es FALSE ist, gibt IF \u201eN\u201c zur\u00fcck. <\/p><div class=\"gb-container gb-container-52dfcee1 gb-container-sample-file\"><h2 class=\"gb-headline gb-headline-e289c143 gb-headline-text gb-headline-4f7959c2\"> Holen Sie sich die Excel-Datei<\/h2><p> <a class=\"gb-button gb-button-e88d6bee gb-button-text gb-button-button1\" href=\"https:\/\/exceladvisor.org\/wp-content\/uploads\/2023\/11\/si-les-cellules-contiennent-du-texte-partiel.xlsx\" rel=\"nofollow\">Herunterladen<\/a><\/p><\/div><div class=\"gb-container gb-container-0df56012 gb-container-mt\"> <a class=\"gb-button gb-button-f9f432f4 gb-button-text gb-button-mt-button\" href=\"https:\/\/exceladvisor.org\/de\/formeln\/\">Liste der Excel-Formeln<\/a><h2 class=\"gb-headline gb-headline-233444e8 gb-headline-text gb-headline-mt-heading\"> Verwandte Formeln <\/h2><div class=\"gb-grid-wrapper gb-grid-wrapper-a16fa65c gb-grid-wrapper-mt-grid\"><div class=\"gb-grid-column gb-grid-column-50d07e0d\"><div class=\"gb-container gb-container-50d07e0d\"><ul><li> <a href=\"https:\/\/exceladvisor.org\/de\/wenn-null-dann-leer\/\">\u00dcberpr\u00fcfen Sie, ob 0 (Null) ist, und leeren Sie es dann in Excel<\/a><\/li><li> <a href=\"https:\/\/exceladvisor.org\/de\/uberprufen-sie-ob-ein-wert-in-einem-bereich-vorhanden-ist\/\">\u00dcberpr\u00fcfen Sie, ob in einem Bereich in Excel ein Wert vorhanden ist<\/a><\/li><li> <a href=\"https:\/\/exceladvisor.org\/de\/wenn-und-1\/\">Kombinieren Sie WENN- und UND-Funktionen in Excel<\/a><\/li><li> <a href=\"https:\/\/exceladvisor.org\/de\/wenn-oder-1\/\">Kombinieren Sie WENN- und ODER-Funktionen in Excel<\/a><\/li><li> <a href=\"https:\/\/exceladvisor.org\/de\/wenn-die-zelle-leer-ist\/\">IF Zelle ist leer (leer) mit IF + ISBLANK in Excel<\/a><\/li><li> <a href=\"https:\/\/exceladvisor.org\/de\/wenn-negativ-dann-null\/\">WENN negativ, dann Null (0) in Excel<\/a> <\/li><\/ul><\/div><\/div><div class=\"gb-grid-column gb-grid-column-5b4a0cf9\"><div class=\"gb-container gb-container-5b4a0cf9\"><\/div><\/div><\/div><\/div>","protected":false},"excerpt":{"rendered":"","protected":false},"author":1,"featured_media":0,"parent":0,"menu_order":0,"comment_status":"open","ping_status":"closed","template":"","meta":{"ub_ctt_via":"","footnotes":""},"class_list":["post-3229","page","type-page","status-publish","hentry"],"featured_image_src":null,"yoast_head":"<!-- This site is optimized with the Yoast SEO plugin v25.4 - https:\/\/yoast.com\/wordpress\/plugins\/seo\/ -->\n<title>\u25b7 Wie \u00fcberpr\u00fcfe ich, ob eine Zelle Teiltext enth\u00e4lt?<\/title>\n<meta name=\"description\" content=\"In diesem Tutorial lernen wir, wie man mit der IF-Funktion eine Bedingung schreibt, um zu pr\u00fcfen, ob eine Zelle Text enth\u00e4lt\" \/>\n<meta name=\"robots\" content=\"index, follow, max-snippet:-1, max-image-preview:large, max-video-preview:-1\" \/>\n<link rel=\"canonical\" href=\"https:\/\/exceladvisor.org\/de\/wenn-die-zelle-einen-teil-enthalt\/\" \/>\n<meta property=\"og:locale\" content=\"de_DE\" \/>\n<meta property=\"og:type\" content=\"article\" \/>\n<meta property=\"og:title\" content=\"\u25b7 Wie \u00fcberpr\u00fcfe ich, ob eine Zelle Teiltext enth\u00e4lt?\" \/>\n<meta property=\"og:description\" content=\"In diesem Tutorial lernen wir, wie man mit der IF-Funktion eine Bedingung schreibt, um zu pr\u00fcfen, ob eine Zelle Text enth\u00e4lt\" \/>\n<meta property=\"og:url\" content=\"https:\/\/exceladvisor.org\/de\/wenn-die-zelle-einen-teil-enthalt\/\" \/>\n<meta property=\"og:site_name\" content=\"Excel Advisor\" \/>\n<meta property=\"article:modified_time\" content=\"2023-12-03T13:05:21+00:00\" \/>\n<meta property=\"og:image\" content=\"https:\/\/exceladvisor.org\/wp-content\/uploads\/2023\/08\/1-verifier-si-la-cellule-contient-du-texte-partiel.png\" \/>\n<meta name=\"twitter:card\" content=\"summary_large_image\" \/>\n<meta name=\"twitter:label1\" content=\"Gesch\u00e4tzte Lesezeit\" \/>\n\t<meta name=\"twitter:data1\" content=\"2\u00a0Minuten\" \/>\n<script type=\"application\/ld+json\" class=\"yoast-schema-graph\">{\"@context\":\"https:\/\/schema.org\",\"@graph\":[{\"@type\":\"WebPage\",\"@id\":\"https:\/\/exceladvisor.org\/de\/wenn-die-zelle-einen-teil-enthalt\/\",\"url\":\"https:\/\/exceladvisor.org\/de\/wenn-die-zelle-einen-teil-enthalt\/\",\"name\":\"\u25b7 Wie \u00fcberpr\u00fcfe ich, ob eine Zelle Teiltext enth\u00e4lt?\",\"isPartOf\":{\"@id\":\"https:\/\/exceladvisor.org\/de\/#website\"},\"primaryImageOfPage\":{\"@id\":\"https:\/\/exceladvisor.org\/de\/wenn-die-zelle-einen-teil-enthalt\/#primaryimage\"},\"image\":{\"@id\":\"https:\/\/exceladvisor.org\/de\/wenn-die-zelle-einen-teil-enthalt\/#primaryimage\"},\"thumbnailUrl\":\"https:\/\/exceladvisor.org\/wp-content\/uploads\/2023\/08\/1-verifier-si-la-cellule-contient-du-texte-partiel.png\",\"datePublished\":\"2023-11-08T19:50:50+00:00\",\"dateModified\":\"2023-12-03T13:05:21+00:00\",\"description\":\"In diesem Tutorial lernen wir, wie man mit der IF-Funktion eine Bedingung schreibt, um zu pr\u00fcfen, ob eine Zelle Text enth\u00e4lt\",\"breadcrumb\":{\"@id\":\"https:\/\/exceladvisor.org\/de\/wenn-die-zelle-einen-teil-enthalt\/#breadcrumb\"},\"inLanguage\":\"de\",\"potentialAction\":[{\"@type\":\"ReadAction\",\"target\":[\"https:\/\/exceladvisor.org\/de\/wenn-die-zelle-einen-teil-enthalt\/\"]}]},{\"@type\":\"ImageObject\",\"inLanguage\":\"de\",\"@id\":\"https:\/\/exceladvisor.org\/de\/wenn-die-zelle-einen-teil-enthalt\/#primaryimage\",\"url\":\"https:\/\/exceladvisor.org\/wp-content\/uploads\/2023\/08\/1-verifier-si-la-cellule-contient-du-texte-partiel.png\",\"contentUrl\":\"https:\/\/exceladvisor.org\/wp-content\/uploads\/2023\/08\/1-verifier-si-la-cellule-contient-du-texte-partiel.png\"},{\"@type\":\"BreadcrumbList\",\"@id\":\"https:\/\/exceladvisor.org\/de\/wenn-die-zelle-einen-teil-enthalt\/#breadcrumb\",\"itemListElement\":[{\"@type\":\"ListItem\",\"position\":1,\"name\":\"Accueil\",\"item\":\"https:\/\/exceladvisor.org\/de\/\"},{\"@type\":\"ListItem\",\"position\":2,\"name\":\"Wie \u00fcberpr\u00fcfe ich, ob eine zelle teiltext enth\u00e4lt?\"}]},{\"@type\":\"WebSite\",\"@id\":\"https:\/\/exceladvisor.org\/de\/#website\",\"url\":\"https:\/\/exceladvisor.org\/de\/\",\"name\":\"Excel Advisor\",\"description\":\"Ihr Leitfaden zur Datendominanz\",\"publisher\":{\"@id\":\"https:\/\/exceladvisor.org\/de\/#organization\"},\"potentialAction\":[{\"@type\":\"SearchAction\",\"target\":{\"@type\":\"EntryPoint\",\"urlTemplate\":\"https:\/\/exceladvisor.org\/de\/?s={search_term_string}\"},\"query-input\":{\"@type\":\"PropertyValueSpecification\",\"valueRequired\":true,\"valueName\":\"search_term_string\"}}],\"inLanguage\":\"de\"},{\"@type\":\"Organization\",\"@id\":\"https:\/\/exceladvisor.org\/de\/#organization\",\"name\":\"Excel Advisor\",\"url\":\"https:\/\/exceladvisor.org\/de\/\",\"logo\":{\"@type\":\"ImageObject\",\"inLanguage\":\"de\",\"@id\":\"https:\/\/exceladvisor.org\/de\/#\/schema\/logo\/image\/\",\"url\":\"https:\/\/exceladvisor.org\/de\/wp-content\/uploads\/2023\/11\/exceladvisor.org_.png\",\"contentUrl\":\"https:\/\/exceladvisor.org\/de\/wp-content\/uploads\/2023\/11\/exceladvisor.org_.png\",\"width\":105,\"height\":36,\"caption\":\"Excel Advisor\"},\"image\":{\"@id\":\"https:\/\/exceladvisor.org\/de\/#\/schema\/logo\/image\/\"}}]}<\/script>\n<!-- \/ Yoast SEO plugin. -->","yoast_head_json":{"title":"\u25b7 Wie \u00fcberpr\u00fcfe ich, ob eine Zelle Teiltext enth\u00e4lt?","description":"In diesem Tutorial lernen wir, wie man mit der IF-Funktion eine Bedingung schreibt, um zu pr\u00fcfen, ob eine Zelle Text enth\u00e4lt","robots":{"index":"index","follow":"follow","max-snippet":"max-snippet:-1","max-image-preview":"max-image-preview:large","max-video-preview":"max-video-preview:-1"},"canonical":"https:\/\/exceladvisor.org\/de\/wenn-die-zelle-einen-teil-enthalt\/","og_locale":"de_DE","og_type":"article","og_title":"\u25b7 Wie \u00fcberpr\u00fcfe ich, ob eine Zelle Teiltext enth\u00e4lt?","og_description":"In diesem Tutorial lernen wir, wie man mit der IF-Funktion eine Bedingung schreibt, um zu pr\u00fcfen, ob eine Zelle Text enth\u00e4lt","og_url":"https:\/\/exceladvisor.org\/de\/wenn-die-zelle-einen-teil-enthalt\/","og_site_name":"Excel Advisor","article_modified_time":"2023-12-03T13:05:21+00:00","og_image":[{"url":"https:\/\/exceladvisor.org\/wp-content\/uploads\/2023\/08\/1-verifier-si-la-cellule-contient-du-texte-partiel.png","type":"","width":"","height":""}],"twitter_card":"summary_large_image","twitter_misc":{"Gesch\u00e4tzte Lesezeit":"2\u00a0Minuten"},"schema":{"@context":"https:\/\/schema.org","@graph":[{"@type":"WebPage","@id":"https:\/\/exceladvisor.org\/de\/wenn-die-zelle-einen-teil-enthalt\/","url":"https:\/\/exceladvisor.org\/de\/wenn-die-zelle-einen-teil-enthalt\/","name":"\u25b7 Wie \u00fcberpr\u00fcfe ich, ob eine Zelle Teiltext enth\u00e4lt?","isPartOf":{"@id":"https:\/\/exceladvisor.org\/de\/#website"},"primaryImageOfPage":{"@id":"https:\/\/exceladvisor.org\/de\/wenn-die-zelle-einen-teil-enthalt\/#primaryimage"},"image":{"@id":"https:\/\/exceladvisor.org\/de\/wenn-die-zelle-einen-teil-enthalt\/#primaryimage"},"thumbnailUrl":"https:\/\/exceladvisor.org\/wp-content\/uploads\/2023\/08\/1-verifier-si-la-cellule-contient-du-texte-partiel.png","datePublished":"2023-11-08T19:50:50+00:00","dateModified":"2023-12-03T13:05:21+00:00","description":"In diesem Tutorial lernen wir, wie man mit der IF-Funktion eine Bedingung schreibt, um zu pr\u00fcfen, ob eine Zelle Text enth\u00e4lt","breadcrumb":{"@id":"https:\/\/exceladvisor.org\/de\/wenn-die-zelle-einen-teil-enthalt\/#breadcrumb"},"inLanguage":"de","potentialAction":[{"@type":"ReadAction","target":["https:\/\/exceladvisor.org\/de\/wenn-die-zelle-einen-teil-enthalt\/"]}]},{"@type":"ImageObject","inLanguage":"de","@id":"https:\/\/exceladvisor.org\/de\/wenn-die-zelle-einen-teil-enthalt\/#primaryimage","url":"https:\/\/exceladvisor.org\/wp-content\/uploads\/2023\/08\/1-verifier-si-la-cellule-contient-du-texte-partiel.png","contentUrl":"https:\/\/exceladvisor.org\/wp-content\/uploads\/2023\/08\/1-verifier-si-la-cellule-contient-du-texte-partiel.png"},{"@type":"BreadcrumbList","@id":"https:\/\/exceladvisor.org\/de\/wenn-die-zelle-einen-teil-enthalt\/#breadcrumb","itemListElement":[{"@type":"ListItem","position":1,"name":"Accueil","item":"https:\/\/exceladvisor.org\/de\/"},{"@type":"ListItem","position":2,"name":"Wie \u00fcberpr\u00fcfe ich, ob eine zelle teiltext enth\u00e4lt?"}]},{"@type":"WebSite","@id":"https:\/\/exceladvisor.org\/de\/#website","url":"https:\/\/exceladvisor.org\/de\/","name":"Excel Advisor","description":"Ihr Leitfaden zur Datendominanz","publisher":{"@id":"https:\/\/exceladvisor.org\/de\/#organization"},"potentialAction":[{"@type":"SearchAction","target":{"@type":"EntryPoint","urlTemplate":"https:\/\/exceladvisor.org\/de\/?s={search_term_string}"},"query-input":{"@type":"PropertyValueSpecification","valueRequired":true,"valueName":"search_term_string"}}],"inLanguage":"de"},{"@type":"Organization","@id":"https:\/\/exceladvisor.org\/de\/#organization","name":"Excel Advisor","url":"https:\/\/exceladvisor.org\/de\/","logo":{"@type":"ImageObject","inLanguage":"de","@id":"https:\/\/exceladvisor.org\/de\/#\/schema\/logo\/image\/","url":"https:\/\/exceladvisor.org\/de\/wp-content\/uploads\/2023\/11\/exceladvisor.org_.png","contentUrl":"https:\/\/exceladvisor.org\/de\/wp-content\/uploads\/2023\/11\/exceladvisor.org_.png","width":105,"height":36,"caption":"Excel Advisor"},"image":{"@id":"https:\/\/exceladvisor.org\/de\/#\/schema\/logo\/image\/"}}]}},"yoast_meta":{"yoast_wpseo_title":"","yoast_wpseo_metadesc":"","yoast_wpseo_canonical":""},"_links":{"self":[{"href":"https:\/\/exceladvisor.org\/de\/wp-json\/wp\/v2\/pages\/3229","targetHints":{"allow":["GET"]}}],"collection":[{"href":"https:\/\/exceladvisor.org\/de\/wp-json\/wp\/v2\/pages"}],"about":[{"href":"https:\/\/exceladvisor.org\/de\/wp-json\/wp\/v2\/types\/page"}],"author":[{"embeddable":true,"href":"https:\/\/exceladvisor.org\/de\/wp-json\/wp\/v2\/users\/1"}],"replies":[{"embeddable":true,"href":"https:\/\/exceladvisor.org\/de\/wp-json\/wp\/v2\/comments?post=3229"}],"version-history":[{"count":1,"href":"https:\/\/exceladvisor.org\/de\/wp-json\/wp\/v2\/pages\/3229\/revisions"}],"predecessor-version":[{"id":4211,"href":"https:\/\/exceladvisor.org\/de\/wp-json\/wp\/v2\/pages\/3229\/revisions\/4211"}],"wp:attachment":[{"href":"https:\/\/exceladvisor.org\/de\/wp-json\/wp\/v2\/media?parent=3229"}],"curies":[{"name":"wp","href":"https:\/\/api.w.org\/{rel}","templated":true}]}}