{"id":3230,"date":"2023-11-08T13:20:18","date_gmt":"2023-11-08T13:20:18","guid":{"rendered":"https:\/\/exceladvisor.org\/de\/verkaufsbericht\/"},"modified":"2023-12-03T11:13:07","modified_gmt":"2023-12-03T11:13:07","slug":"verkaufsbericht","status":"publish","type":"page","link":"https:\/\/exceladvisor.org\/de\/verkaufsbericht\/","title":{"rendered":"Verkaufsberichtsvorlage in excel"},"content":{"rendered":"<div class=\"excel-vor-dem-inhalt\" id=\"excel-3954856127\"><script type=\"text\/javascript\">\r\n\tatOptions = {\r\n\t\t'key' : 'c1158f160081d6540a8409e6925dab94',\r\n\t\t'format' : 'iframe',\r\n\t\t'height' : 250,\r\n\t\t'width' : 300,\r\n\t\t'params' : {}\r\n\t};\r\n<\/script>\r\n<script type=\"text\/javascript\" src=\"\/\/www.highperformanceformat.com\/c1158f160081d6540a8409e6925dab94\/invoke.js\"><\/script><\/div> <div class=\"wp-block-image\"><figure class=\"aligncenter\">Eine der ersten Vorlagen, die ich in Excel erstellt habe, war f\u00fcr einen t\u00e4glichen Verkaufsbericht. Und dabei habe ich eines gelernt: Man braucht ein Format, das schnell und einfach zu verwenden ist.<\/figure><\/div><p> <em>Heute m\u00f6chte ich eines meiner Lieblingsdesigns mit Ihnen teilen, das ich fr\u00fcher mit meinem Chef geteilt habe. Ich bin mir ziemlich sicher, dass dieses t\u00e4gliche Verkaufsmuster Ihren Chef zum L\u00e4cheln bringen wird, selbst wenn die Verk\u00e4ufe r\u00fcckl\u00e4ufig sind. Und Sie wissen das Beste?<\/em><\/p><p> Dies ist eine einseitige Vorlage mit einem leicht verst\u00e4ndlichen Format. Aber bevor Sie es herunterladen, m\u00f6chte ich Ihnen erkl\u00e4ren, wie Sie es verwenden und welche Funktionen diese Vorlage bietet.<\/p><h2 id=\"tab-con-1\" class=\"wp-block-heading\"> Merkmale<\/h2><p> Einige wichtige Funktionen machen die Verwendung dieser Vorlage einfach. Lesen Sie also weiter, um einen detaillierten \u00dcberblick \u00fcber diese Funktionen zu erhalten.<\/p><h3 class=\"wp-block-heading\"> 1. T\u00e4glicher Umsatz im Vergleich zum monatlichen Ziel<\/h3><p> Um die t\u00e4gliche Leistung zu verfolgen, steht Ihnen ein Diagramm zur Verf\u00fcgung. In diesem Diagramm k\u00f6nnen Sie die t\u00e4gliche Leistung im Vergleich zum Ziel ermitteln. Um den Tagesumsatz mit dem Ziel zu vergleichen, haben wir in diesem Diagramm eine Ziellinie. <\/p><div class=\"wp-block-image\"><figure class=\"aligncenter\"><img decoding=\"async\" src=\"https:\/\/exceladvisor.org\/wp-content\/uploads\/2023\/08\/tableau-des-ventes-par-jour-dans-le-modele-de-rapport-des-ventes-quotidiennes-1.png\" sizes=\"\" srcset=\"\" alt=\"Verkaufsdiagramm pro Tag in der Vorlage f\u00fcr den t\u00e4glichen Verkaufsbericht\"><\/figure><\/div><p> Wenn Sie Ihr Monatsziel eingeben, wandelt diese Vorlage es in einen Tagesdurchschnitt um. Und dieses Ziel wird ein Ma\u00dfstab f\u00fcr Ihre t\u00e4gliche Leistung sein. Ein kleines Meldungsfeld oben erinnert Sie an den Tagesdurchschnitt, den Sie den ganzen Monat \u00fcber ben\u00f6tigen.<\/p><h3 class=\"wp-block-heading\"> 2. Gesamtziel versus Ist-Erreichung [Prozentsatz]<\/h3><p> Neben unserer Tagesumsatzgrafik gibt es eine <a style=\"outline: none;\" href=\"https:\/\/exceladvisor.org\/de\/thermometertabelle\/\">Thermometergrafik<\/a> , die den erzielten Gesamtprozentsatz anzeigt. <\/p><div class=\"wp-block-image\"><figure class=\"aligncenter\"><img decoding=\"async\" src=\"https:\/\/exceladvisor.org\/wp-content\/uploads\/2023\/08\/tableau-des-realisations-totales-dans-le-modele-de-rapport-des-ventes-quotidiennes-1.png\" sizes=\"\" srcset=\"\" alt=\"Tabelle der Gesamterfolge in der Vorlage f\u00fcr den t\u00e4glichen Verkaufsbericht\"><\/figure><\/div><p> Mithilfe dieses einfachen Diagramms k\u00f6nnen Sie nachverfolgen, was Sie seit Monatsbeginn erreicht haben.<\/p><h3 class=\"wp-block-heading\"> 3. Verk\u00e4ufe get\u00e4tigt<\/h3><p> Das erste Feld in diesem Abschnitt gibt einen schnellen \u00dcberblick \u00fcber die von Ihnen erzielten Verk\u00e4ufe im Vergleich zum Gesamtziel. <\/p><div class=\"wp-block-image\"><figure class=\"aligncenter\"><img decoding=\"async\" src=\"https:\/\/exceladvisor.org\/wp-content\/uploads\/2023\/08\/note-liminaire-sur-la-realisation-du-montant-dans-le-modele-de-rapport-de-vente-quotidien.png\" sizes=\"\" srcset=\"\" alt=\"Keynote zur Mengenerreichung in der Vorlage f\u00fcr den t\u00e4glichen Verkaufsbericht\"><\/figure><\/div><h3 class=\"wp-block-heading\"> 4. Durchschnitt pro Tag, um das Ziel zu erreichen<\/h3><p> Das n\u00e4chste Feld weist Sie auf den Tagesdurchschnitt hin, den Sie f\u00fcr die restlichen Tage des Monats verwalten m\u00fcssen.<\/p><p> Diese Zahl \u00e4ndert sich jeden Tag basierend auf Ihrer bisherigen Leistung im Monat. <\/p><div class=\"wp-block-image\"><figure class=\"aligncenter\"><img decoding=\"async\" src=\"https:\/\/exceladvisor.org\/wp-content\/uploads\/2023\/08\/moyenne-requise-dans-le-modele-de-rapport-de-ventes-quotidien-1.png\" sizes=\"\" srcset=\"\" alt=\"Durchschnitt erforderlich in der Vorlage f\u00fcr den t\u00e4glichen Verkaufsbericht\"><\/figure><\/div><p> Wenn Ihr Tagesumsatz unter dem erwarteten Tagesziel liegt, erh\u00f6ht sich dieser Wert oder umgekehrt.<\/p><h3 class=\"wp-block-heading\"> 5. Verbleibende Tage im Monat<\/h3><p> In diesem Feld werden Ihnen die verbleibenden Tage des Monats angezeigt, die ein entscheidender Faktor f\u00fcr Ihre Leistung sind. <\/p><div class=\"wp-block-image\"><figure class=\"aligncenter\"><img decoding=\"async\" src=\"https:\/\/exceladvisor.org\/wp-content\/uploads\/2023\/08\/jours-restants-dans-le-mois-dans-le-modele-de-rapport-des-ventes-quotidiennes-1.png\" sizes=\"\" srcset=\"\" alt=\"Verbleibende Tage in Monaten in der Vorlage f\u00fcr den t\u00e4glichen Verkaufsbericht\"><\/figure><\/div><p> Die Rechnung ist heutzutage dynamisch.<\/p><h3 class=\"wp-block-heading\"> 6. Abschnitt \u201eBesondere Hinweise\u201c.<\/h3><p> Wir haben auch ein spezielles Feld f\u00fcr Notizen und Bemerkungen. In diesem Abschnitt k\u00f6nnen Sie spezielle Notizen hinzuf\u00fcgen. <\/p><div class=\"wp-block-image\"><figure class=\"aligncenter\"><img decoding=\"async\" src=\"https:\/\/exceladvisor.org\/wp-content\/uploads\/2023\/08\/autres-remarques-dans-le-modele-de-rapport-de-ventes-quotidien-1.png\" sizes=\"\" srcset=\"\" alt=\"Weitere Hinweise in der Vorlage f\u00fcr den t\u00e4glichen Verkaufsbericht\"><\/figure><\/div><p> Fr\u00fcher habe ich Feedback von meinem Vertriebsteam eingeholt, bevor ich diesen Bericht an meinen Chef weitergeleitet habe. Sie k\u00f6nnen diesen Abschnitt nach Ihren W\u00fcnschen gestalten.<\/p><h2 id=\"tab-con-3\" class=\"wp-block-heading\"> Eingabedaten<\/h2><p> Wie ich Ihnen bereits sagte, ist die Erstellung dieser Vorlage sehr einfach. Sie m\u00fcssen lediglich die folgenden Daten eingeben.<\/p><h3 class=\"wp-block-heading\"> 1. Aktueller Monat<\/h3><p> Bevor Sie mit der Verfolgung Ihrer t\u00e4glichen Verk\u00e4ufe beginnen, stellen Sie sicher, dass Sie den aktuellen Monat ausw\u00e4hlen. Die Auswahl des aktuellen Monats ist wichtig, da dieser die Gesamtzahl der Tage definiert. Nehmen wir an, Sie haben \u201eSep\u201c ausgew\u00e4hlt, dann betr\u00e4gt die Gesamtzahl der Tage im Monat 30, und wenn Sie \u201eOkt\u201c ausw\u00e4hlen, betr\u00e4gt sie \u201e31\u201c.<\/p><p> W\u00e4hlen Sie dazu einfach \u00fcber dieses Dropdown-Men\u00fc den aktuellen Monat aus. <\/p><div class=\"wp-block-image\"><figure class=\"aligncenter\"><img decoding=\"async\" src=\"https:\/\/exceladvisor.org\/wp-content\/uploads\/2023\/08\/deroulant-pour-selectionner-le-mois-dans-le-modele-de-rapport-des-ventes-quotidiennes-1.png\" sizes=\"\" srcset=\"\" alt=\"Dropdown-Liste zur Auswahl des Monats in der Vorlage f\u00fcr den t\u00e4glichen Verkaufsbericht\"><\/figure><\/div><h3 class=\"wp-block-heading\"> 2. Monatliche Ziele<\/h3><p> Nachdem Sie Ihren aktuellen Monat ausgew\u00e4hlt haben, geben Sie als N\u00e4chstes Ihr Monatsziel ein. Es besteht ein direkter Zusammenhang zwischen Ihrem Monatsziel und der Gesamtzahl der Tage im Monat.<\/p><p> Sobald Sie Ihr Monatsziel eingeben, wird der durchschnittliche Tagesbedarf berechnet, den wir ben\u00f6tigen, um das Gesamtziel zu erreichen.<\/p><p> Wenn Sie ein Monatsziel von 50.000 US-Dollar haben und der Monat 31 Tage hat, betr\u00e4gt der Tagesdurchschnitt 1.613 US-Dollar pro Tag.<\/p><p> Geben Sie einfach Ihr Monatsziel in Zelle A34 ein. <\/p><div class=\"wp-block-image\"><figure class=\"aligncenter\"><img decoding=\"async\" src=\"https:\/\/exceladvisor.org\/wp-content\/uploads\/2023\/08\/objectif-mensuel-dans-le-modele-de-rapport-de-ventes-quotidien-1.png\" sizes=\"\" srcset=\"\" alt=\"Monatsziel in der Vorlage f\u00fcr den t\u00e4glichen Verkaufsbericht\"><\/figure><\/div><p> Kennen Sie die besten Aspekte dieses Verkaufsformats? Die Dateneingabe ist mit geringem Aufwand m\u00f6glich.<\/p><h3 class=\"wp-block-heading\"> 3. T\u00e4gliche Verk\u00e4ufe<\/h3><p> Hier ist nun das Wichtigste, was Sie brauchen, um am \u201eDay Wise Sale\u201c teilzunehmen. In der Tabelle unten k\u00f6nnen Sie Ihre Ums\u00e4tze tagesaktuell eintragen. Sobald Sie dies tun, wird die Berechnung im gesamten Modell aktualisiert. <\/p><div class=\"wp-block-image\"><figure class=\"aligncenter\"><img decoding=\"async\" src=\"https:\/\/exceladvisor.org\/wp-content\/uploads\/2023\/08\/entree-des-ventes-par-jour-dans-le-modele-de-rapport-des-ventes-quotidiennes-1.png\" sizes=\"\" srcset=\"\" alt=\"Eingabe der Verk\u00e4ufe pro Tag in die Vorlage f\u00fcr den t\u00e4glichen Verkaufsbericht\"><\/figure><\/div><p> Dies ist das Einzige, was Sie jeden Tag tun m\u00fcssen, da es sich bei den anderen um einmalige Eintr\u00e4ge handelt.<\/p><p> Wenn Sie einen 30-Tage-Monat ausgew\u00e4hlt haben, m\u00fcssen Sie nur Verk\u00e4ufe f\u00fcr 30 Tage eingeben. Und 31 Tage lang Eintrittsverk\u00e4ufe f\u00fcr 31 Tage. Diese Vorlage f\u00fcr den t\u00e4glichen Verkaufsbericht ist vollst\u00e4ndig dynamisch. Es besteht f\u00fcr Sie keine Notwendigkeit, \u00c4nderungen vorzunehmen. Aber wenn Sie es trotzdem anpassen m\u00f6chten, folgen Sie mir.<\/p><h2 id=\"tab-con-6\" class=\"wp-block-heading\"> Personalisierung<\/h2><p> Bevor Sie diese Vorlage anpassen, stellen Sie sicher, dass Sie die Tabelle entsperren. Und hier habe ich einige wichtige Punkte f\u00fcr Sie, wenn Sie diese Vorlage f\u00fcr den t\u00e4glichen Verkaufsbericht anpassen m\u00f6chten.<\/p><h3 class=\"wp-block-heading\"> 1. W\u00e4hrungsformat \u00e4ndern<\/h3><p> Als W\u00e4hrungsformat habe ich in dieser Vorlage Dollar verwendet. Wenn Sie dieses Format jedoch \u00e4ndern m\u00f6chten, nehmen Sie einfach diese kleine Anpassung vor.<\/p><ul><li> Gehen Sie zu Zelle A40, wo ich das $-Format eingef\u00fcgt habe. <\/li><\/ul><figure class=\"wp-block-image\"><img decoding=\"async\" src=\"https:\/\/exceladvisor.org\/wp-content\/uploads\/2023\/08\/changer-le-format-de-la-devise-dans-le-modele-de-rapport-des-ventes-quotidiennes-1.png\" sizes=\"\" srcset=\"\" alt=\"\u00c4ndern Sie das W\u00e4hrungsformat in der Vorlage f\u00fcr den t\u00e4glichen Verkaufsbericht\"><\/figure><ul><li> \u00c4ndern Sie einfach das Dollarformat nach Ihren W\u00fcnschen.<\/li><\/ul><p> Achten Sie darauf, das Zellenformat f\u00fcr Zelle A40 als Text beizubehalten.<\/p><h3 class=\"wp-block-heading\"> 2. Bearbeiten Sie die Er\u00f6ffnungsnachrichten<\/h3><p> Um einige Kernbotschaften zu \u00e4ndern, \u00e4ndern Sie hierf\u00fcr einfach AG26:AG37. Dieser Zellbereich enth\u00e4lt alle in dieser Vorlage verwendeten Nachrichten. Ich verstecke Nachrichten, indem ich die Schriftfarbe in Wei\u00df \u00e4ndere, um sicherzustellen, dass sie sichtbar sind.<\/p><h2 id=\"tab-con-4\" class=\"wp-block-heading\"> [Herunterladen]<\/h2><p> <a style=\"outline: none;\" href=\"https:\/\/exceladvisor.org\/wp-content\/uploads\/2023\/11\/modele-de-rapport-de-vente-quotidien-v2023.xlsx\" rel=\"nofollow\">Laden Sie diese Vorlage hier herunter,<\/a> um es selbst auszuprobieren.<\/p><h3 id=\"tab-con-2\" class=\"wp-block-heading\"> Abschluss<\/h3><p> Diese Vorlage f\u00fcr einen t\u00e4glichen Verkaufsbericht gibt Ihrem Chef einen schnellen \u00dcberblick \u00fcber die t\u00e4glichen Verk\u00e4ufe. Es ist eine Tatsache, dass jeder dieses Format in Sekundenschnelle verstehen kann, aber Tatsache ist, dass es super einfach vorzubereiten ist.<\/p><p> Vergessen Sie nicht, diese Vorlage mit Ihren Freunden zu teilen.<\/p><h2 class=\"wp-block-heading\"> Weitere Modelle<\/h2><ul><li> <a style=\"outline: none;\" href=\"https:\/\/exceladvisor.org\/de\/vorlage-fur-die-bestandsverwaltung-excel-vba-benutzerformulare\/\">Bestandsverfolgung in Excel<\/a><\/li><li> <a style=\"outline: none;\" href=\"https:\/\/exceladvisor.org\/de\/gantt-diagramm\/\">Gantt-Diagrammvorlage in Excel<\/a><\/li><li> <a style=\"outline: none;\" href=\"https:\/\/exceladvisor.org\/de\/kostenverfolgung\/\" data-wpil=\"url\">Vorlage f\u00fcr die monatliche Ausgabenverfolgung in Excel<\/a><\/li><\/ul>","protected":false},"excerpt":{"rendered":"","protected":false},"author":1,"featured_media":0,"parent":0,"menu_order":0,"comment_status":"open","ping_status":"closed","template":"","meta":{"ub_ctt_via":"","footnotes":""},"class_list":["post-3230","page","type-page","status-publish","hentry"],"featured_image_src":null,"yoast_head":"<!-- This site is optimized with the Yoast SEO plugin v25.4 - https:\/\/yoast.com\/wordpress\/plugins\/seo\/ -->\n<title>\u25b7 Verkaufsberichtsvorlage in Excel (kostenlos 2023)<\/title>\n<meta name=\"description\" content=\"Ich freue mich sehr, Ihnen diese Vorlage f\u00fcr den t\u00e4glichen Verkaufsbericht zur Verf\u00fcgung zu stellen. Wissen Sie, das Beste daran ist ein Modell\" \/>\n<meta name=\"robots\" content=\"index, follow, max-snippet:-1, max-image-preview:large, max-video-preview:-1\" \/>\n<link rel=\"canonical\" href=\"https:\/\/exceladvisor.org\/de\/verkaufsbericht\/\" \/>\n<meta property=\"og:locale\" content=\"de_DE\" \/>\n<meta property=\"og:type\" content=\"article\" \/>\n<meta property=\"og:title\" content=\"\u25b7 Verkaufsberichtsvorlage in Excel (kostenlos 2023)\" \/>\n<meta property=\"og:description\" content=\"Ich freue mich sehr, Ihnen diese Vorlage f\u00fcr den t\u00e4glichen Verkaufsbericht zur Verf\u00fcgung zu stellen. Wissen Sie, das Beste daran ist ein Modell\" \/>\n<meta property=\"og:url\" content=\"https:\/\/exceladvisor.org\/de\/verkaufsbericht\/\" \/>\n<meta property=\"og:site_name\" content=\"Excel Advisor\" \/>\n<meta property=\"article:modified_time\" content=\"2023-12-03T11:13:07+00:00\" \/>\n<meta property=\"og:image\" content=\"https:\/\/exceladvisor.org\/wp-content\/uploads\/2023\/08\/tableau-des-ventes-par-jour-dans-le-modele-de-rapport-des-ventes-quotidiennes-1.png\" \/>\n<meta name=\"twitter:card\" content=\"summary_large_image\" \/>\n<meta name=\"twitter:label1\" content=\"Gesch\u00e4tzte Lesezeit\" \/>\n\t<meta name=\"twitter:data1\" content=\"5\u00a0Minuten\" \/>\n<script type=\"application\/ld+json\" class=\"yoast-schema-graph\">{\"@context\":\"https:\/\/schema.org\",\"@graph\":[{\"@type\":\"WebPage\",\"@id\":\"https:\/\/exceladvisor.org\/de\/verkaufsbericht\/\",\"url\":\"https:\/\/exceladvisor.org\/de\/verkaufsbericht\/\",\"name\":\"\u25b7 Verkaufsberichtsvorlage in Excel (kostenlos 2023)\",\"isPartOf\":{\"@id\":\"https:\/\/exceladvisor.org\/de\/#website\"},\"primaryImageOfPage\":{\"@id\":\"https:\/\/exceladvisor.org\/de\/verkaufsbericht\/#primaryimage\"},\"image\":{\"@id\":\"https:\/\/exceladvisor.org\/de\/verkaufsbericht\/#primaryimage\"},\"thumbnailUrl\":\"https:\/\/exceladvisor.org\/wp-content\/uploads\/2023\/08\/tableau-des-ventes-par-jour-dans-le-modele-de-rapport-des-ventes-quotidiennes-1.png\",\"datePublished\":\"2023-11-08T13:20:18+00:00\",\"dateModified\":\"2023-12-03T11:13:07+00:00\",\"description\":\"Ich freue mich sehr, Ihnen diese Vorlage f\u00fcr den t\u00e4glichen Verkaufsbericht zur Verf\u00fcgung zu stellen. Wissen Sie, das Beste daran ist ein Modell\",\"breadcrumb\":{\"@id\":\"https:\/\/exceladvisor.org\/de\/verkaufsbericht\/#breadcrumb\"},\"inLanguage\":\"de\",\"potentialAction\":[{\"@type\":\"ReadAction\",\"target\":[\"https:\/\/exceladvisor.org\/de\/verkaufsbericht\/\"]}]},{\"@type\":\"ImageObject\",\"inLanguage\":\"de\",\"@id\":\"https:\/\/exceladvisor.org\/de\/verkaufsbericht\/#primaryimage\",\"url\":\"https:\/\/exceladvisor.org\/wp-content\/uploads\/2023\/08\/tableau-des-ventes-par-jour-dans-le-modele-de-rapport-des-ventes-quotidiennes-1.png\",\"contentUrl\":\"https:\/\/exceladvisor.org\/wp-content\/uploads\/2023\/08\/tableau-des-ventes-par-jour-dans-le-modele-de-rapport-des-ventes-quotidiennes-1.png\"},{\"@type\":\"BreadcrumbList\",\"@id\":\"https:\/\/exceladvisor.org\/de\/verkaufsbericht\/#breadcrumb\",\"itemListElement\":[{\"@type\":\"ListItem\",\"position\":1,\"name\":\"Accueil\",\"item\":\"https:\/\/exceladvisor.org\/de\/\"},{\"@type\":\"ListItem\",\"position\":2,\"name\":\"Verkaufsberichtsvorlage in excel\"}]},{\"@type\":\"WebSite\",\"@id\":\"https:\/\/exceladvisor.org\/de\/#website\",\"url\":\"https:\/\/exceladvisor.org\/de\/\",\"name\":\"Excel Advisor\",\"description\":\"Ihr Leitfaden zur Datendominanz\",\"publisher\":{\"@id\":\"https:\/\/exceladvisor.org\/de\/#organization\"},\"potentialAction\":[{\"@type\":\"SearchAction\",\"target\":{\"@type\":\"EntryPoint\",\"urlTemplate\":\"https:\/\/exceladvisor.org\/de\/?s={search_term_string}\"},\"query-input\":{\"@type\":\"PropertyValueSpecification\",\"valueRequired\":true,\"valueName\":\"search_term_string\"}}],\"inLanguage\":\"de\"},{\"@type\":\"Organization\",\"@id\":\"https:\/\/exceladvisor.org\/de\/#organization\",\"name\":\"Excel Advisor\",\"url\":\"https:\/\/exceladvisor.org\/de\/\",\"logo\":{\"@type\":\"ImageObject\",\"inLanguage\":\"de\",\"@id\":\"https:\/\/exceladvisor.org\/de\/#\/schema\/logo\/image\/\",\"url\":\"https:\/\/exceladvisor.org\/de\/wp-content\/uploads\/2023\/11\/exceladvisor.org_.png\",\"contentUrl\":\"https:\/\/exceladvisor.org\/de\/wp-content\/uploads\/2023\/11\/exceladvisor.org_.png\",\"width\":105,\"height\":36,\"caption\":\"Excel Advisor\"},\"image\":{\"@id\":\"https:\/\/exceladvisor.org\/de\/#\/schema\/logo\/image\/\"}}]}<\/script>\n<!-- \/ Yoast SEO plugin. -->","yoast_head_json":{"title":"\u25b7 Verkaufsberichtsvorlage in Excel (kostenlos 2023)","description":"Ich freue mich sehr, Ihnen diese Vorlage f\u00fcr den t\u00e4glichen Verkaufsbericht zur Verf\u00fcgung zu stellen. Wissen Sie, das Beste daran ist ein Modell","robots":{"index":"index","follow":"follow","max-snippet":"max-snippet:-1","max-image-preview":"max-image-preview:large","max-video-preview":"max-video-preview:-1"},"canonical":"https:\/\/exceladvisor.org\/de\/verkaufsbericht\/","og_locale":"de_DE","og_type":"article","og_title":"\u25b7 Verkaufsberichtsvorlage in Excel (kostenlos 2023)","og_description":"Ich freue mich sehr, Ihnen diese Vorlage f\u00fcr den t\u00e4glichen Verkaufsbericht zur Verf\u00fcgung zu stellen. Wissen Sie, das Beste daran ist ein Modell","og_url":"https:\/\/exceladvisor.org\/de\/verkaufsbericht\/","og_site_name":"Excel Advisor","article_modified_time":"2023-12-03T11:13:07+00:00","og_image":[{"url":"https:\/\/exceladvisor.org\/wp-content\/uploads\/2023\/08\/tableau-des-ventes-par-jour-dans-le-modele-de-rapport-des-ventes-quotidiennes-1.png","type":"","width":"","height":""}],"twitter_card":"summary_large_image","twitter_misc":{"Gesch\u00e4tzte Lesezeit":"5\u00a0Minuten"},"schema":{"@context":"https:\/\/schema.org","@graph":[{"@type":"WebPage","@id":"https:\/\/exceladvisor.org\/de\/verkaufsbericht\/","url":"https:\/\/exceladvisor.org\/de\/verkaufsbericht\/","name":"\u25b7 Verkaufsberichtsvorlage in Excel (kostenlos 2023)","isPartOf":{"@id":"https:\/\/exceladvisor.org\/de\/#website"},"primaryImageOfPage":{"@id":"https:\/\/exceladvisor.org\/de\/verkaufsbericht\/#primaryimage"},"image":{"@id":"https:\/\/exceladvisor.org\/de\/verkaufsbericht\/#primaryimage"},"thumbnailUrl":"https:\/\/exceladvisor.org\/wp-content\/uploads\/2023\/08\/tableau-des-ventes-par-jour-dans-le-modele-de-rapport-des-ventes-quotidiennes-1.png","datePublished":"2023-11-08T13:20:18+00:00","dateModified":"2023-12-03T11:13:07+00:00","description":"Ich freue mich sehr, Ihnen diese Vorlage f\u00fcr den t\u00e4glichen Verkaufsbericht zur Verf\u00fcgung zu stellen. Wissen Sie, das Beste daran ist ein Modell","breadcrumb":{"@id":"https:\/\/exceladvisor.org\/de\/verkaufsbericht\/#breadcrumb"},"inLanguage":"de","potentialAction":[{"@type":"ReadAction","target":["https:\/\/exceladvisor.org\/de\/verkaufsbericht\/"]}]},{"@type":"ImageObject","inLanguage":"de","@id":"https:\/\/exceladvisor.org\/de\/verkaufsbericht\/#primaryimage","url":"https:\/\/exceladvisor.org\/wp-content\/uploads\/2023\/08\/tableau-des-ventes-par-jour-dans-le-modele-de-rapport-des-ventes-quotidiennes-1.png","contentUrl":"https:\/\/exceladvisor.org\/wp-content\/uploads\/2023\/08\/tableau-des-ventes-par-jour-dans-le-modele-de-rapport-des-ventes-quotidiennes-1.png"},{"@type":"BreadcrumbList","@id":"https:\/\/exceladvisor.org\/de\/verkaufsbericht\/#breadcrumb","itemListElement":[{"@type":"ListItem","position":1,"name":"Accueil","item":"https:\/\/exceladvisor.org\/de\/"},{"@type":"ListItem","position":2,"name":"Verkaufsberichtsvorlage in excel"}]},{"@type":"WebSite","@id":"https:\/\/exceladvisor.org\/de\/#website","url":"https:\/\/exceladvisor.org\/de\/","name":"Excel Advisor","description":"Ihr Leitfaden zur Datendominanz","publisher":{"@id":"https:\/\/exceladvisor.org\/de\/#organization"},"potentialAction":[{"@type":"SearchAction","target":{"@type":"EntryPoint","urlTemplate":"https:\/\/exceladvisor.org\/de\/?s={search_term_string}"},"query-input":{"@type":"PropertyValueSpecification","valueRequired":true,"valueName":"search_term_string"}}],"inLanguage":"de"},{"@type":"Organization","@id":"https:\/\/exceladvisor.org\/de\/#organization","name":"Excel Advisor","url":"https:\/\/exceladvisor.org\/de\/","logo":{"@type":"ImageObject","inLanguage":"de","@id":"https:\/\/exceladvisor.org\/de\/#\/schema\/logo\/image\/","url":"https:\/\/exceladvisor.org\/de\/wp-content\/uploads\/2023\/11\/exceladvisor.org_.png","contentUrl":"https:\/\/exceladvisor.org\/de\/wp-content\/uploads\/2023\/11\/exceladvisor.org_.png","width":105,"height":36,"caption":"Excel Advisor"},"image":{"@id":"https:\/\/exceladvisor.org\/de\/#\/schema\/logo\/image\/"}}]}},"yoast_meta":{"yoast_wpseo_title":"","yoast_wpseo_metadesc":"","yoast_wpseo_canonical":""},"_links":{"self":[{"href":"https:\/\/exceladvisor.org\/de\/wp-json\/wp\/v2\/pages\/3230","targetHints":{"allow":["GET"]}}],"collection":[{"href":"https:\/\/exceladvisor.org\/de\/wp-json\/wp\/v2\/pages"}],"about":[{"href":"https:\/\/exceladvisor.org\/de\/wp-json\/wp\/v2\/types\/page"}],"author":[{"embeddable":true,"href":"https:\/\/exceladvisor.org\/de\/wp-json\/wp\/v2\/users\/1"}],"replies":[{"embeddable":true,"href":"https:\/\/exceladvisor.org\/de\/wp-json\/wp\/v2\/comments?post=3230"}],"version-history":[{"count":1,"href":"https:\/\/exceladvisor.org\/de\/wp-json\/wp\/v2\/pages\/3230\/revisions"}],"predecessor-version":[{"id":3810,"href":"https:\/\/exceladvisor.org\/de\/wp-json\/wp\/v2\/pages\/3230\/revisions\/3810"}],"wp:attachment":[{"href":"https:\/\/exceladvisor.org\/de\/wp-json\/wp\/v2\/media?parent=3230"}],"curies":[{"name":"wp","href":"https:\/\/api.w.org\/{rel}","templated":true}]}}