{"id":3231,"date":"2023-11-08T13:03:25","date_gmt":"2023-11-08T13:03:25","guid":{"rendered":"https:\/\/exceladvisor.org\/de\/kostenverfolgung\/"},"modified":"2023-12-03T11:12:31","modified_gmt":"2023-12-03T11:12:31","slug":"kostenverfolgung","status":"publish","type":"page","link":"https:\/\/exceladvisor.org\/de\/kostenverfolgung\/","title":{"rendered":"Excel-vorlage f\u00fcr die monatliche spesenabrechnung"},"content":{"rendered":"<div class=\"excel-vor-dem-inhalt\" id=\"excel-3564637481\"><script type=\"text\/javascript\">\r\n\tatOptions = {\r\n\t\t'key' : 'c1158f160081d6540a8409e6925dab94',\r\n\t\t'format' : 'iframe',\r\n\t\t'height' : 250,\r\n\t\t'width' : 300,\r\n\t\t'params' : {}\r\n\t};\r\n<\/script>\r\n<script type=\"text\/javascript\" src=\"\/\/www.highperformanceformat.com\/c1158f160081d6540a8409e6925dab94\/invoke.js\"><\/script><\/div> <p>Die Verfolgung Ihrer Ausgaben ist eines der wichtigsten Dinge, um erfolgreich zu sein. Aber manchmal ist es wirklich schwierig, den \u00dcberblick zu behalten.<\/p><p> Jedes Mal, wenn wir unser Geld irgendwo ausgeben, vergessen wir es nach ein paar Tagen. Und dann sind wir am Ende des Monats mit unseren Ausgaben v\u00f6llig leer. <\/p><figure class=\"wp-block-image\"><img decoding=\"async\" src=\"https:\/\/exceladvisor.org\/wp-content\/uploads\/2023\/08\/tableau-de-bord-principal-pour-le-modele-de-suivi-des-depenses-excel-1.png\" sizes=\"\" srcset=\"\" alt=\"Excel-Vorlage zur Spesenverfolgung kostenlos herunterladen\"><\/figure><p> Hier liegt also das Problem: Als Excel-Benutzer verbringen Sie die meiste Zeit mit der Arbeit an Excel. RECHTS?<\/p><p> Am besten haben Sie eine Vorlage zur Spesenverfolgung in Excel, damit wir mit wenigen Klicks darauf zugreifen k\u00f6nnen. Und hier habe ich einen einseitigen Kosten-Tracker f\u00fcr Sie.<\/p><p> Das Beste daran ist, dass diese Vorlage speziell f\u00fcr Leute gedacht ist, die ihre Ausgaben im Auge behalten m\u00f6chten, aber dennoch Schwierigkeiten haben, mit dem \u00dcberblick zu bleiben.<\/p><p> <em><strong><span style=\"color: #ff0000;\">Hey, Moment mal,<\/span> genau wie diese Vorlage, hier sind weitere Vorlagen, die Sie vielleicht in Erstaunen versetzen:<\/strong><\/em><\/p><ul><li> <a href=\"https:\/\/exceladvisor.org\/de\/gantt-diagramm\/\">Gantt-Diagrammvorlage f\u00fcr Projektmanager<\/a><\/li><li> <a href=\"https:\/\/exceladvisor.org\/de\/zinseszins\/\">Zinseszinsrechner<\/a><\/li><li> <a href=\"https:\/\/exceladvisor.org\/de\/verkaufsbericht\/\">Format des t\u00e4glichen Verkaufsberichts<\/a><\/li><li> <a href=\"https:\/\/exceladvisor.org\/de\/vorlage-fur-die-bestandsverwaltung-excel-vba-benutzerformulare\/\">Gebrauchsfertige Excel-Vorlage f\u00fcr die Bestandsverwaltung<\/a><\/li><\/ul><h2 id=\"tab-con-1\" class=\"wp-block-heading\"> Merkmale<\/h2><p> Wie ich Ihnen bereits sagte, handelt es sich um eine einseitige Vorlage, die jedoch leistungsstark genug ist, um Ihre Ausgaben zu verfolgen. Folgen Sie mir, um seine Funktionen zu entdecken.<\/p><h3 id=\"tab-con-2\" class=\"wp-block-heading\"> 1. Monatsbudget<\/h3><p> In dieser Vorlage k\u00f6nnen Sie ein Monatsbudget eingeben, das als Referenz f\u00fcr Ihre monatlichen Ausgaben dient. <\/p><div class=\"wp-block-image\"><figure class=\"aligncenter\"><img decoding=\"async\" src=\"https:\/\/exceladvisor.org\/wp-content\/uploads\/2023\/08\/section-budget-dans-le-modele-de-suivi-des-depenses-excel-1.png\" sizes=\"\" srcset=\"\" alt=\"Abschnitt \u201eBudget\u201c in der Excel-Vorlage zur Spesenverfolgung\"><\/figure><\/div><p> In diesem Abschnitt wird Ihnen das Budget des aktuellen Monats angezeigt, das Ihnen zur Verf\u00fcgung steht, und au\u00dferdem wird Ihnen die Erh\u00f6hung des Budgets des aktuellen Monats im Vergleich zum Budget des letzten Monats angezeigt.<\/p><h3 id=\"tab-con-3\" class=\"wp-block-heading\"> 2. Laufende Ausgaben<\/h3><p> In diesem Abschnitt erhalten Sie einen \u00dcberblick \u00fcber den Gesamtbetrag der Ausgaben f\u00fcr den aktuellen Monat. <\/p><div class=\"wp-block-image\"><figure class=\"aligncenter\"><img decoding=\"async\" src=\"https:\/\/exceladvisor.org\/wp-content\/uploads\/2023\/08\/section-des-depenses-reelles-dans-le-modele-de-suivi-des-depenses-excel-1.png\" sizes=\"\" srcset=\"\" alt=\"Abschnitt \u201etats\u00e4chliche Ausgaben\u201c in der Excel-Vorlage zur Spesenverfolgung\"><\/figure><\/div><p> Der Betrag wird sofort nach der Eingabe eines neuen Ausgabeneintrags aktualisiert. Und darunter gibt es auch eine kleine Meldung dar\u00fcber, wie viel Prozent des Budgets Sie verbraucht haben.<\/p><h3 id=\"tab-con-4\" class=\"wp-block-heading\"> 3. Unerwartete Ausgaben<\/h3><p> Wenn Sie manchmal mit unerwarteten Ausgaben konfrontiert werden, k\u00f6nnen Sie diese Ausgaben in dieser Vorlage nachverfolgen. <\/p><div class=\"wp-block-image\"><figure class=\"aligncenter\"><img decoding=\"async\" src=\"https:\/\/exceladvisor.org\/wp-content\/uploads\/2023\/08\/section-des-depenses-non-planifiees-dans-le-modele-de-suivi-des-depenses-excel-1.png\" sizes=\"\" srcset=\"\" alt=\"Abschnitt \u201eUngeplante Ausgaben\u201c in der Excel-Vorlage zur Kostenverfolgung\"><\/figure><\/div><p> In diesem Abschnitt erhalten Sie einen schnellen \u00dcberblick \u00fcber den Prozentsatz der unerwarteten Ausgaben im Vergleich zu Ihren Gesamtausgaben. Und auch eine kleine Nachricht \u00fcber die Anzahl der unerwarteten Ausgaben.<\/p><h3 id=\"tab-con-5\" class=\"wp-block-heading\"> 4. Ausgaben nach Kategorien<\/h3><p> Ja, Sie k\u00f6nnen Ihre Ausgaben auch in Kategorien verfolgen. <\/p><div class=\"wp-block-image\"><figure class=\"aligncenter\"><img decoding=\"async\" src=\"https:\/\/exceladvisor.org\/wp-content\/uploads\/2023\/08\/repartition-des-depenses-par-categorie-dans-le-modele-de-suivi-des-depenses-Excel-1.png\" sizes=\"\" srcset=\"\" alt=\"Aufschl\u00fcsselung der Ausgaben nach Kategorie in der Excel-Vorlage zur Spesenverfolgung\"><\/figure><\/div><p> In diesem Abschnitt wird Ihnen eine Zusammenfassung der prozentualen Anteile pro Kategorie angezeigt.<\/p><h3 id=\"tab-con-6\" class=\"wp-block-heading\"> 5. T\u00e4gliche Ausgaben<\/h3><p> Hier k\u00f6nnen Sie die H\u00f6he Ihrer t\u00e4glichen Ausgaben \u00fcberpr\u00fcfen. <\/p><div class=\"wp-block-image\"><figure class=\"aligncenter\"><img decoding=\"async\" src=\"https:\/\/exceladvisor.org\/wp-content\/uploads\/2023\/08\/depenses-mensuelles-quotidiennes-dans-le-modele-de-suivi-des-depenses-excel-1.png\" sizes=\"\" srcset=\"\" alt=\"T\u00e4gliche monatliche Ausgaben in der Excel-Kostenverfolgungsvorlage\"><\/figure><\/div><p> Es zeigt Ihnen Ihre t\u00e4glichen Ausgaben f\u00fcr Ihre Ausgaben. Auf diese Weise k\u00f6nnen Sie nachverfolgen, wie oft Sie im Monat Geld ausgeben.<\/p><h2 id=\"tab-con-7\" class=\"wp-block-heading\"> Wie man es benutzt<\/h2><p> Bitte folgen Sie mir, um zu erfahren, wie Sie diese Vorlage zur Nachverfolgung Ihrer Ausgaben verwenden k\u00f6nnen:<\/p><h3 id=\"tab-con-8\" class=\"wp-block-heading\"> 1. Geben Sie die Ausgaben ein<\/h3><p> Es ist ganz einfach, eine Ausgabe einzugeben. Hier sind die Schritte.<\/p><ul><li> Klicken Sie in Ihrem Hauptmodellblatt auf die Schaltfl\u00e4che \u201eDaten\u201c. <\/li><\/ul><div class=\"wp-block-image\"><figure class=\"aligncenter\"><img decoding=\"async\" src=\"https:\/\/exceladvisor.org\/wp-content\/uploads\/2023\/08\/bouton-de-saisie-de-donnees-dans-le-modele-de-suivi-des-depenses-Excel-1.png\" sizes=\"\" srcset=\"\" alt=\"Dateneingabeschaltfl\u00e4che in der Excel-Kostenverfolgungsvorlage\"><\/figure><\/div><ul><li> Sie werden zum Dateneingabeblatt weitergeleitet. <\/li><\/ul><div class=\"wp-block-image\"><figure class=\"aligncenter\"><img decoding=\"async\" src=\"https:\/\/exceladvisor.org\/wp-content\/uploads\/2023\/08\/feuille-de-saisie-de-donnees-dans-excel-feuille-de-suivi-des-depenses-1.png\" sizes=\"\" srcset=\"\" alt=\"Dateneingabeblatt im Excel-Ausgabenverfolgungsblatt\"><\/figure><\/div><ul><li> Tragen Sie nun Folgendes in das Datenblatt ein.<ol><li> Exp-ID [Manuelle Eingabe]<\/li><li> Spesendaten [Manuelle Eingabe]<\/li><li> Ausgabenkategorie [Dropdown-Liste]<\/li><li> Beschreibung der Ausgabe [Manuelle Eingabe]<\/li><li> Zahlungsart [Dropdown-Liste]<\/li><li> Ausgabentyp [Dropdown-Liste]<\/li><li> Betrag [Manuelle Eingabe]<\/li><\/ol><\/li><li> Nachdem Sie Ihre Spesendaten eingegeben haben, klicken Sie auf die Schaltfl\u00e4che \u201eVorlage\u201c, um zu Ihrer Hauptvorlage zur\u00fcckzukehren. <\/li><\/ul><div class=\"wp-block-image\"><figure class=\"aligncenter\"><img decoding=\"async\" src=\"https:\/\/exceladvisor.org\/wp-content\/uploads\/2023\/08\/bouton-de-retour-au-modele-principal-dans-le-modele-de-suivi-des-depenses-Excel-1.png\" sizes=\"\" srcset=\"\" alt=\"Schaltfl\u00e4che \u201eZur\u00fcck zur Hauptvorlage\u201c in der Excel-Kostenverfolgungsvorlage\"><\/figure><\/div><p> Dieses Modell ist super einfach zu verwalten. Wenn Sie eine Ausgabe eingeben, wird Ihre Vorlage automatisch aktualisiert.<\/p><h3 id=\"tab-con-9\" class=\"wp-block-heading\"> 2. \u00c4ndern Sie Monate und Jahre<\/h3><p> Angenommen, Sie m\u00f6chten Informationen zu einem beliebigen vorherigen Monat \u00fcberpr\u00fcfen, k\u00f6nnen Sie die Dropdown-Liste im Hauptabschnitt der Vorlage verwenden, um fr\u00fchere Monate und Jahre auszuw\u00e4hlen.<\/p><p> <strong>Dropdown-Liste \u201eMonat\u201c.<\/strong> <\/p><div class=\"wp-block-image\"><figure class=\"aligncenter\"><img decoding=\"async\" src=\"https:\/\/exceladvisor.org\/wp-content\/uploads\/2023\/08\/selectionner-le-mois-dans-le-modele-de-suivi-des-depenses-Excel-1.png\" sizes=\"\" srcset=\"\" alt=\"W\u00e4hlen Sie den Monat in der Excel-Vorlage zur Spesenverfolgung aus\"><\/figure><\/div><p> <strong>Dropdown-Liste \u201eJahr\u201c.<\/strong> <\/p><div class=\"wp-block-image\"><figure class=\"aligncenter\"><img decoding=\"async\" src=\"https:\/\/exceladvisor.org\/wp-content\/uploads\/2023\/08\/selectionnez-lannee-dans-le-modele-de-suivi-des-depenses-Excel-1.png\" sizes=\"\" srcset=\"\" alt=\"W\u00e4hlen Sie das Jahr in der Excel-Vorlage zur Spesenverfolgung aus\"><\/figure><\/div><h3 id=\"tab-con-10\" class=\"wp-block-heading\"> 3. F\u00fcgen Sie ein Monatsziel hinzu<\/h3><p> Wenn Sie ein monatliches Ziel f\u00fcr Ihre Ausgaben haben, k\u00f6nnen Sie dieses Ziel in Ihr Blatt eingeben. Verwenden Sie die Tabelle unten, um Ihr monatliches Ziel hinzuzuf\u00fcgen. <\/p><div class=\"wp-block-image\"><figure class=\"aligncenter\"><img decoding=\"async\" src=\"https:\/\/exceladvisor.org\/wp-content\/uploads\/2023\/08\/tableau-pour-entrer-le-budget-mensuel-dans-le-modele-de-suivi-des-depenses-Excel-1.png\" sizes=\"\" srcset=\"\" alt=\"Tabelle zur Eingabe des Monatsbudgets in der Excel-Vorlage zur Spesenverfolgung\"><\/figure><\/div><h3 id=\"tab-con-11\" class=\"wp-block-heading\"> 4. F\u00fcgen Sie eine neue Ausgabenkategorie hinzu<\/h3><p> Ich habe in dieser Ausgabenvorlage einige g\u00e4ngige Ausgabenkategorien verwendet. Und wenn Sie eine neue Kategorie hinzuf\u00fcgen m\u00f6chten, aktualisieren Sie sie in der Kategorietabelle. <\/p><div class=\"wp-block-image\"><figure class=\"aligncenter\"><img decoding=\"async\" src=\"https:\/\/exceladvisor.org\/wp-content\/uploads\/2023\/08\/ajouter-une-nouvelle-categorie-de-depenses-dans-le-modele-de-suivi-des-depenses-Excel-1.png\" sizes=\"\" srcset=\"\" alt=\"F\u00fcgen Sie eine neue Ausgabenkategorie in der Excel-Vorlage zur Spesenverfolgung hinzu\"><\/figure><\/div><p> Sobald Sie Ihre neue Kategorie zur Tabelle hinzuf\u00fcgen, wird sie automatisch in der Dropdown-Liste im Dateneingabeblatt und in der Kategorietabelle aktualisiert.<\/p><h3 id=\"tab-con-12\" class=\"wp-block-heading\"> 5. F\u00fcgen Sie eine neue Zahlungsmethode hinzu<\/h3><p> Genau wie Ausgabenkategorien k\u00f6nnen Sie eine neue Zahlungsmethode in der folgenden Tabelle aktualisieren. <\/p><div class=\"wp-block-image\"><figure class=\"aligncenter\"><img decoding=\"async\" src=\"https:\/\/exceladvisor.org\/wp-content\/uploads\/2023\/08\/paiement-en-mode-dans-le-modele-de-suivi-des-depenses-excel-1.png\" sizes=\"\" srcset=\"\" alt=\"Zahlungsmodus in der Excel-Vorlage zur Spesenverfolgung\"><\/figure><\/div><p> Sobald Sie Ihre neue Zahlung zur Tabelle hinzuf\u00fcgen, wird sie automatisch in der Dropdown-Liste auf dem Dateneingabeblatt aktualisiert. Verwenden Sie die Schaltfl\u00e4che \u201eEinstellungen\u201c in Ihrer Hauptvorlage, um auf die oben genannten Tabellen zuzugreifen. <\/p><div class=\"gb-container gb-container-52dfcee1 gb-container-sample-file\"><h2 class=\"gb-headline gb-headline-e289c143 gb-headline-text gb-headline-4f7959c2\"> Holen Sie sich die Excel-Datei<\/h2> <a class=\"gb-button gb-button-e88d6bee gb-button-text gb-button-button1\" href=\"https:\/\/exceladvisor.org\/wp-content\/uploads\/2023\/11\/modele-de-suivi-des-depenses-excel-version-2023-24.xlsx\" rel=\"nofollow\">Herunterladen<\/a><\/div><h2 class=\"wp-block-heading\"> Letzte Worte<\/h2><p> Dieser <span style=\"color: #000000;\">einseitige Ausgaben-Tracker<\/span> ist ein n\u00fctzliches Tool, wenn Sie Ihre Ausgaben verfolgen m\u00f6chten. Dies hilft Ihnen nicht nur bei der Nachverfolgung, sondern liefert Ihnen auch n\u00fctzliche Informationen. Und das Beste daran ist, dass Sie alles, was Sie in den letzten Monaten ausgegeben haben, sowie Ihre t\u00e4glichen Ausgaben \u00fcberpr\u00fcfen k\u00f6nnen.<\/p><p> Ich hoffe, diese Vorlage hilft Ihnen, Ihre Finanzen zu verbessern, aber jetzt sagen Sie mir noch etwas. <strong>Gibt es noch etwas, das wir in dieses Modell integrieren k\u00f6nnen, um es zu verbessern?<\/strong><\/p><p> Teilen Sie mir Ihre Gedanken unbedingt im Kommentarbereich mit, ich w\u00fcrde mich freuen, von Ihnen zu h\u00f6ren. Und vergessen Sie bitte nicht, dieses Muster mit Ihren Freunden zu teilen, ich bin sicher, dass es ihnen gefallen wird.<\/p>","protected":false},"excerpt":{"rendered":"","protected":false},"author":1,"featured_media":0,"parent":0,"menu_order":0,"comment_status":"open","ping_status":"closed","template":"","meta":{"ub_ctt_via":"","footnotes":""},"class_list":["post-3231","page","type-page","status-publish","hentry"],"featured_image_src":null,"yoast_head":"<!-- This site is optimized with the Yoast SEO plugin v25.4 - https:\/\/yoast.com\/wordpress\/plugins\/seo\/ -->\n<title>\u25b7 Excel-Vorlage zur Verfolgung monatlicher Ausgaben (kostenlos 2023)<\/title>\n<meta name=\"description\" content=\"Die Verfolgung Ihrer Ausgaben ist eines der wichtigsten Dinge, um erfolgreich zu sein. Und wenn es dir schwerf\u00e4llt, den \u00dcberblick \u00fcber deine Ausgaben zu behalten, Junge,\" \/>\n<meta name=\"robots\" content=\"index, follow, max-snippet:-1, max-image-preview:large, max-video-preview:-1\" \/>\n<link rel=\"canonical\" href=\"https:\/\/exceladvisor.org\/de\/kostenverfolgung\/\" \/>\n<meta property=\"og:locale\" content=\"de_DE\" \/>\n<meta property=\"og:type\" content=\"article\" \/>\n<meta property=\"og:title\" content=\"\u25b7 Excel-Vorlage zur Verfolgung monatlicher Ausgaben (kostenlos 2023)\" \/>\n<meta property=\"og:description\" content=\"Die Verfolgung Ihrer Ausgaben ist eines der wichtigsten Dinge, um erfolgreich zu sein. Und wenn es dir schwerf\u00e4llt, den \u00dcberblick \u00fcber deine Ausgaben zu behalten, Junge,\" \/>\n<meta property=\"og:url\" content=\"https:\/\/exceladvisor.org\/de\/kostenverfolgung\/\" \/>\n<meta property=\"og:site_name\" content=\"Excel Advisor\" \/>\n<meta property=\"article:modified_time\" content=\"2023-12-03T11:12:31+00:00\" \/>\n<meta property=\"og:image\" content=\"https:\/\/exceladvisor.org\/wp-content\/uploads\/2023\/08\/tableau-de-bord-principal-pour-le-modele-de-suivi-des-depenses-excel-1.png\" \/>\n<meta name=\"twitter:card\" content=\"summary_large_image\" \/>\n<meta name=\"twitter:label1\" content=\"Gesch\u00e4tzte Lesezeit\" \/>\n\t<meta name=\"twitter:data1\" content=\"4\u00a0Minuten\" \/>\n<script type=\"application\/ld+json\" class=\"yoast-schema-graph\">{\"@context\":\"https:\/\/schema.org\",\"@graph\":[{\"@type\":\"WebPage\",\"@id\":\"https:\/\/exceladvisor.org\/de\/kostenverfolgung\/\",\"url\":\"https:\/\/exceladvisor.org\/de\/kostenverfolgung\/\",\"name\":\"\u25b7 Excel-Vorlage zur Verfolgung monatlicher Ausgaben (kostenlos 2023)\",\"isPartOf\":{\"@id\":\"https:\/\/exceladvisor.org\/de\/#website\"},\"primaryImageOfPage\":{\"@id\":\"https:\/\/exceladvisor.org\/de\/kostenverfolgung\/#primaryimage\"},\"image\":{\"@id\":\"https:\/\/exceladvisor.org\/de\/kostenverfolgung\/#primaryimage\"},\"thumbnailUrl\":\"https:\/\/exceladvisor.org\/wp-content\/uploads\/2023\/08\/tableau-de-bord-principal-pour-le-modele-de-suivi-des-depenses-excel-1.png\",\"datePublished\":\"2023-11-08T13:03:25+00:00\",\"dateModified\":\"2023-12-03T11:12:31+00:00\",\"description\":\"Die Verfolgung Ihrer Ausgaben ist eines der wichtigsten Dinge, um erfolgreich zu sein. Und wenn es dir schwerf\u00e4llt, den \u00dcberblick \u00fcber deine Ausgaben zu behalten, Junge,\",\"breadcrumb\":{\"@id\":\"https:\/\/exceladvisor.org\/de\/kostenverfolgung\/#breadcrumb\"},\"inLanguage\":\"de\",\"potentialAction\":[{\"@type\":\"ReadAction\",\"target\":[\"https:\/\/exceladvisor.org\/de\/kostenverfolgung\/\"]}]},{\"@type\":\"ImageObject\",\"inLanguage\":\"de\",\"@id\":\"https:\/\/exceladvisor.org\/de\/kostenverfolgung\/#primaryimage\",\"url\":\"https:\/\/exceladvisor.org\/wp-content\/uploads\/2023\/08\/tableau-de-bord-principal-pour-le-modele-de-suivi-des-depenses-excel-1.png\",\"contentUrl\":\"https:\/\/exceladvisor.org\/wp-content\/uploads\/2023\/08\/tableau-de-bord-principal-pour-le-modele-de-suivi-des-depenses-excel-1.png\"},{\"@type\":\"BreadcrumbList\",\"@id\":\"https:\/\/exceladvisor.org\/de\/kostenverfolgung\/#breadcrumb\",\"itemListElement\":[{\"@type\":\"ListItem\",\"position\":1,\"name\":\"Accueil\",\"item\":\"https:\/\/exceladvisor.org\/de\/\"},{\"@type\":\"ListItem\",\"position\":2,\"name\":\"Excel-vorlage f\u00fcr die monatliche spesenabrechnung\"}]},{\"@type\":\"WebSite\",\"@id\":\"https:\/\/exceladvisor.org\/de\/#website\",\"url\":\"https:\/\/exceladvisor.org\/de\/\",\"name\":\"Excel Advisor\",\"description\":\"Ihr Leitfaden zur Datendominanz\",\"publisher\":{\"@id\":\"https:\/\/exceladvisor.org\/de\/#organization\"},\"potentialAction\":[{\"@type\":\"SearchAction\",\"target\":{\"@type\":\"EntryPoint\",\"urlTemplate\":\"https:\/\/exceladvisor.org\/de\/?s={search_term_string}\"},\"query-input\":{\"@type\":\"PropertyValueSpecification\",\"valueRequired\":true,\"valueName\":\"search_term_string\"}}],\"inLanguage\":\"de\"},{\"@type\":\"Organization\",\"@id\":\"https:\/\/exceladvisor.org\/de\/#organization\",\"name\":\"Excel Advisor\",\"url\":\"https:\/\/exceladvisor.org\/de\/\",\"logo\":{\"@type\":\"ImageObject\",\"inLanguage\":\"de\",\"@id\":\"https:\/\/exceladvisor.org\/de\/#\/schema\/logo\/image\/\",\"url\":\"https:\/\/exceladvisor.org\/de\/wp-content\/uploads\/2023\/11\/exceladvisor.org_.png\",\"contentUrl\":\"https:\/\/exceladvisor.org\/de\/wp-content\/uploads\/2023\/11\/exceladvisor.org_.png\",\"width\":105,\"height\":36,\"caption\":\"Excel Advisor\"},\"image\":{\"@id\":\"https:\/\/exceladvisor.org\/de\/#\/schema\/logo\/image\/\"}}]}<\/script>\n<!-- \/ Yoast SEO plugin. -->","yoast_head_json":{"title":"\u25b7 Excel-Vorlage zur Verfolgung monatlicher Ausgaben (kostenlos 2023)","description":"Die Verfolgung Ihrer Ausgaben ist eines der wichtigsten Dinge, um erfolgreich zu sein. Und wenn es dir schwerf\u00e4llt, den \u00dcberblick \u00fcber deine Ausgaben zu behalten, Junge,","robots":{"index":"index","follow":"follow","max-snippet":"max-snippet:-1","max-image-preview":"max-image-preview:large","max-video-preview":"max-video-preview:-1"},"canonical":"https:\/\/exceladvisor.org\/de\/kostenverfolgung\/","og_locale":"de_DE","og_type":"article","og_title":"\u25b7 Excel-Vorlage zur Verfolgung monatlicher Ausgaben (kostenlos 2023)","og_description":"Die Verfolgung Ihrer Ausgaben ist eines der wichtigsten Dinge, um erfolgreich zu sein. Und wenn es dir schwerf\u00e4llt, den \u00dcberblick \u00fcber deine Ausgaben zu behalten, Junge,","og_url":"https:\/\/exceladvisor.org\/de\/kostenverfolgung\/","og_site_name":"Excel Advisor","article_modified_time":"2023-12-03T11:12:31+00:00","og_image":[{"url":"https:\/\/exceladvisor.org\/wp-content\/uploads\/2023\/08\/tableau-de-bord-principal-pour-le-modele-de-suivi-des-depenses-excel-1.png","type":"","width":"","height":""}],"twitter_card":"summary_large_image","twitter_misc":{"Gesch\u00e4tzte Lesezeit":"4\u00a0Minuten"},"schema":{"@context":"https:\/\/schema.org","@graph":[{"@type":"WebPage","@id":"https:\/\/exceladvisor.org\/de\/kostenverfolgung\/","url":"https:\/\/exceladvisor.org\/de\/kostenverfolgung\/","name":"\u25b7 Excel-Vorlage zur Verfolgung monatlicher Ausgaben (kostenlos 2023)","isPartOf":{"@id":"https:\/\/exceladvisor.org\/de\/#website"},"primaryImageOfPage":{"@id":"https:\/\/exceladvisor.org\/de\/kostenverfolgung\/#primaryimage"},"image":{"@id":"https:\/\/exceladvisor.org\/de\/kostenverfolgung\/#primaryimage"},"thumbnailUrl":"https:\/\/exceladvisor.org\/wp-content\/uploads\/2023\/08\/tableau-de-bord-principal-pour-le-modele-de-suivi-des-depenses-excel-1.png","datePublished":"2023-11-08T13:03:25+00:00","dateModified":"2023-12-03T11:12:31+00:00","description":"Die Verfolgung Ihrer Ausgaben ist eines der wichtigsten Dinge, um erfolgreich zu sein. Und wenn es dir schwerf\u00e4llt, den \u00dcberblick \u00fcber deine Ausgaben zu behalten, Junge,","breadcrumb":{"@id":"https:\/\/exceladvisor.org\/de\/kostenverfolgung\/#breadcrumb"},"inLanguage":"de","potentialAction":[{"@type":"ReadAction","target":["https:\/\/exceladvisor.org\/de\/kostenverfolgung\/"]}]},{"@type":"ImageObject","inLanguage":"de","@id":"https:\/\/exceladvisor.org\/de\/kostenverfolgung\/#primaryimage","url":"https:\/\/exceladvisor.org\/wp-content\/uploads\/2023\/08\/tableau-de-bord-principal-pour-le-modele-de-suivi-des-depenses-excel-1.png","contentUrl":"https:\/\/exceladvisor.org\/wp-content\/uploads\/2023\/08\/tableau-de-bord-principal-pour-le-modele-de-suivi-des-depenses-excel-1.png"},{"@type":"BreadcrumbList","@id":"https:\/\/exceladvisor.org\/de\/kostenverfolgung\/#breadcrumb","itemListElement":[{"@type":"ListItem","position":1,"name":"Accueil","item":"https:\/\/exceladvisor.org\/de\/"},{"@type":"ListItem","position":2,"name":"Excel-vorlage f\u00fcr die monatliche spesenabrechnung"}]},{"@type":"WebSite","@id":"https:\/\/exceladvisor.org\/de\/#website","url":"https:\/\/exceladvisor.org\/de\/","name":"Excel Advisor","description":"Ihr Leitfaden zur Datendominanz","publisher":{"@id":"https:\/\/exceladvisor.org\/de\/#organization"},"potentialAction":[{"@type":"SearchAction","target":{"@type":"EntryPoint","urlTemplate":"https:\/\/exceladvisor.org\/de\/?s={search_term_string}"},"query-input":{"@type":"PropertyValueSpecification","valueRequired":true,"valueName":"search_term_string"}}],"inLanguage":"de"},{"@type":"Organization","@id":"https:\/\/exceladvisor.org\/de\/#organization","name":"Excel Advisor","url":"https:\/\/exceladvisor.org\/de\/","logo":{"@type":"ImageObject","inLanguage":"de","@id":"https:\/\/exceladvisor.org\/de\/#\/schema\/logo\/image\/","url":"https:\/\/exceladvisor.org\/de\/wp-content\/uploads\/2023\/11\/exceladvisor.org_.png","contentUrl":"https:\/\/exceladvisor.org\/de\/wp-content\/uploads\/2023\/11\/exceladvisor.org_.png","width":105,"height":36,"caption":"Excel Advisor"},"image":{"@id":"https:\/\/exceladvisor.org\/de\/#\/schema\/logo\/image\/"}}]}},"yoast_meta":{"yoast_wpseo_title":"","yoast_wpseo_metadesc":"","yoast_wpseo_canonical":""},"_links":{"self":[{"href":"https:\/\/exceladvisor.org\/de\/wp-json\/wp\/v2\/pages\/3231","targetHints":{"allow":["GET"]}}],"collection":[{"href":"https:\/\/exceladvisor.org\/de\/wp-json\/wp\/v2\/pages"}],"about":[{"href":"https:\/\/exceladvisor.org\/de\/wp-json\/wp\/v2\/types\/page"}],"author":[{"embeddable":true,"href":"https:\/\/exceladvisor.org\/de\/wp-json\/wp\/v2\/users\/1"}],"replies":[{"embeddable":true,"href":"https:\/\/exceladvisor.org\/de\/wp-json\/wp\/v2\/comments?post=3231"}],"version-history":[{"count":1,"href":"https:\/\/exceladvisor.org\/de\/wp-json\/wp\/v2\/pages\/3231\/revisions"}],"predecessor-version":[{"id":3764,"href":"https:\/\/exceladvisor.org\/de\/wp-json\/wp\/v2\/pages\/3231\/revisions\/3764"}],"wp:attachment":[{"href":"https:\/\/exceladvisor.org\/de\/wp-json\/wp\/v2\/media?parent=3231"}],"curies":[{"name":"wp","href":"https:\/\/api.w.org\/{rel}","templated":true}]}}