{"id":3232,"date":"2023-11-08T12:16:26","date_gmt":"2023-11-08T12:16:26","guid":{"rendered":"https:\/\/exceladvisor.org\/de\/dynamische-liste\/"},"modified":"2023-12-03T11:19:40","modified_gmt":"2023-12-03T11:19:40","slug":"dynamische-liste","status":"publish","type":"page","link":"https:\/\/exceladvisor.org\/de\/dynamische-liste\/","title":{"rendered":"Wie erstelle ich eine dynamische dropdown-liste in excel?"},"content":{"rendered":"<div class=\"excel-vor-dem-inhalt\" id=\"excel-2937409967\"><script type=\"text\/javascript\">\r\n\tatOptions = {\r\n\t\t'key' : 'c1158f160081d6540a8409e6925dab94',\r\n\t\t'format' : 'iframe',\r\n\t\t'height' : 250,\r\n\t\t'width' : 300,\r\n\t\t'params' : {}\r\n\t};\r\n<\/script>\r\n<script type=\"text\/javascript\" src=\"\/\/www.highperformanceformat.com\/c1158f160081d6540a8409e6925dab94\/invoke.js\"><\/script><\/div> <p>Eine Liste ist ein m\u00e4chtiges Werkzeug. Es kann Ihnen helfen, Ihre Dateneingabe einfach und schnell zu gestalten. Sie k\u00f6nnen eine Dropdown-Liste mit Ihren Dashboards, Diagrammen oder sogar mit normalen Daten verwenden.<\/p><p> Eines hat mich bei der Verwendung immer verr\u00fcckt gemacht: Sie m\u00fcssen die Datenquelle jedes Mal aktualisieren, wenn Sie einen neuen Eintrag hinzuf\u00fcgen. Je mehr Daten Sie hinzuf\u00fcgen, desto h\u00e4ufiger m\u00fcssen Sie diese aktualisieren.<\/p><p> Die beste L\u00f6sung hierf\u00fcr ist die Verwendung einer <span style=\"background-color: #ffff00;\"><strong><span style=\"color: #000000;\">dynamischen<\/span><\/strong><\/span> Liste, bei der Sie die Datenquelle nicht immer wieder aktualisieren m\u00fcssen. Aber lassen Sie mich Ihnen zun\u00e4chst ein Beispiel zeigen, das erkl\u00e4rt, warum Ihr Dropdown dynamisch sein sollte. Im folgenden Beispiel haben wir zwei verschiedene Dropdowns, in denen wir dieselbe Datenquelle verwendet haben. <\/p><div class=\"wp-block-image\"><figure class=\"aligncenter\"><img decoding=\"async\" src=\"https:\/\/exceladvisor.org\/wp-content\/uploads\/2023\/08\/Difference-entre-la-liste-deroulante-dynamique-dans-Excel-et-la-liste-deroulante-normale-1.gif\" sizes=\"\" srcset=\"\" alt=\"Unterschied zwischen dynamischer Dropdown-Liste in Excel und normaler Dropdown-Liste\"><\/figure><\/div><p> Wenn Sie der Quellliste einen neuen Eintrag hinzuf\u00fcgen, wird dieser Eintrag automatisch in der zweiten Dropdown-Liste aktualisiert.<\/p><p> An der normalen Dropdown-Liste \u00e4ndert sich jedoch nichts. Und wenn Sie Ihre Liste aktualisieren m\u00f6chten, m\u00fcssen Sie Ihren Datenquellenbereich aktualisieren.<\/p><p class=\"mynote\"> Wenn Sie Excel 2007 oder h\u00f6her verwenden, k\u00f6nnen Sie eine Excel-Tabelle verwenden, und wenn Sie immer noch Excel 2003 verwenden, k\u00f6nnen Sie einen benannten Bereich verwenden.<\/p><h2 class=\"wp-block-heading\"> 1. Verwenden einer Excel-Tabelle zum Erstellen einer dynamischen Dropdown-Liste<\/h2><p> Die beste Methode zum Erstellen einer dynamischen Dropdown-Liste ist die Verwendung einer Excel-Tabelle f\u00fcr die Quelldaten. <\/p><div class=\"wp-block-image\"><figure class=\"aligncenter\"><img decoding=\"async\" src=\"https:\/\/exceladvisor.org\/wp-content\/uploads\/2023\/08\/liste-a-utiliser-pour-creer-une-liste-deroulante-dynamique-dans-Excel-1.png\" sizes=\"\" srcset=\"\" alt=\"Liste, die zum Erstellen einer dynamischen Dropdown-Liste in Excel verwendet werden soll.\"><\/figure><\/div><p> Hier sind die einfachen Schritte zum Erstellen einer dynamischen Dropdown-Liste in Excel.<\/p><ul><li> \u00c4ndern Sie zun\u00e4chst Ihren normalen Bereich in ein Array.<ul><li> W\u00e4hlen Sie Ihre Liste aus.<\/li><li> Gehen Sie zu \u279c Tabelle einf\u00fcgen \u279c Tabellen \u279c Tabelle.<\/li><li> OK klicken. <\/li><\/ul><\/li><\/ul><div class=\"wp-block-image\"><figure class=\"aligncenter\"><img decoding=\"async\" src=\"https:\/\/exceladvisor.org\/wp-content\/uploads\/2023\/08\/appliquer-un-tableau-pour-creer-une-liste-deroulante-dynamique-dans-Excel-1.png\" sizes=\"\" srcset=\"\" alt=\"Wenden Sie eine Tabelle an, um eine dynamische Dropdown-Liste in Excel zu erstellen\"><\/figure><\/div><ul><li> Der n\u00e4chste Schritt besteht nun darin, auf die Datenquelle des Tabellenbereichs zu verweisen. Dazu m\u00fcssen wir die folgende Formel verwenden. <\/li><\/ul><div class=\"wp-block-image\"><figure class=\"aligncenter\"><img decoding=\"async\" src=\"https:\/\/exceladvisor.org\/wp-content\/uploads\/2023\/08\/utiliser-la-fonction-indirecte-pour-faire-reference-a-la-plage-de-la-table-pour-creer-une-liste-deroulante-dynamique-1.png\" sizes=\"\" srcset=\"\" alt=\"Verwenden Sie die indirekte Funktion, um auf den Tabellenbereich zu verweisen und eine dynamische Dropdown-Liste zu erstellen\"><\/figure><\/div><p> =INDIRECT(\u201cTabelle5[Monat]\u201d)<\/p><ul><li> Klicken Sie abschlie\u00dfend auf OK.<\/li><\/ul><p> Sie verf\u00fcgen jetzt \u00fcber eine dynamische Liste, die sofort aktualisiert wird, wenn Sie Ihre Quellliste aktualisieren.<\/p><p class=\"myalert\"> Wenn Sie versuchen, direkt auf den Tabellenbereich als Quelle zu verweisen, wird ein Fehler wie der folgende zur\u00fcckgegeben. <\/p><div class=\"wp-block-image\"><figure class=\"aligncenter\"><img decoding=\"async\" src=\"https:\/\/exceladvisor.org\/wp-content\/uploads\/2023\/08\/erreur-lors-de-la-reference-a-la-plage-du-tableau-pour-creer-une-liste-deroulante-dynamique-1.png\" sizes=\"\" srcset=\"\" alt=\"Fehler beim Verweisen auf den Array-Bereich, um ein dynamisches Dropdown-Men\u00fc zu erstellen\"><\/figure><\/div><h2 class=\"wp-block-heading\"> 2. Dynamikbereich f\u00fcr eine Dropdown-Liste mit OFFSET-Funktion<\/h2><p> Wenn Sie noch Excel 2003 oder fr\u00fcher verwenden, k\u00f6nnen Sie mit der Umschaltfunktion einen Dynamikbereich erstellen und diesen Dynamikbereich dann zum Erstellen einer Dropdown-Liste verwenden. Hier sind die einfachen Schritte zum Erstellen einer Dropdown-Liste mit dynamischem Bereich.<\/p><ul><li> Gehen Sie zu Formeln \u279c Definierte Namen \u279c Namensmanager \u279c Klicken Sie auf Neu.<\/li><li> Geben Sie im Namenseingabefeld einen Namen f\u00fcr den benannten Bereich ein (hier verwende ich \u201emonthList2003\u201c).<\/li><li> Geben Sie die Formel unten in \u201eBezieht sich auf\u201c ein und klicken Sie auf \u201eOK\u201c. <\/li><\/ul><div class=\"wp-block-image\"><figure class=\"aligncenter\"><img decoding=\"async\" src=\"https:\/\/exceladvisor.org\/wp-content\/uploads\/2023\/08\/creer-une-plage-dynamique-pour-creer-une-liste-deroulante-pour-Excel-2003-1.png\" sizes=\"\" srcset=\"\" alt=\"Erstellen Sie einen dynamischen Bereich, um eine Dropdown-Liste f\u00fcr Excel 2003 zu erstellen\"><\/figure><\/div><ul><li> Sie haben jetzt einen dynamischen Bereich \u201emonthList2003\u201c und k\u00f6nnen diesen Bereichsnamen verwenden, um eine dynamische Dropdown-Liste zu erstellen. <\/li><\/ul><div class=\"wp-block-image\"><figure class=\"aligncenter\"><img decoding=\"async\" src=\"https:\/\/exceladvisor.org\/wp-content\/uploads\/2023\/08\/utiliser-la-plage-dynamique-pour-creer-une-liste-deroulante-dynamique-pour-2003-1.png\" sizes=\"\" srcset=\"\" alt=\"Verwenden Sie den Dynamikbereich, um ein dynamisches Dropdown-Men\u00fc f\u00fcr 2003 zu erstellen\"><\/figure><\/div><h3 class=\"wp-block-heading\"> Wie funktioniert das<\/h3><p> Die Formel, die wir zum Erstellen eines dynamischen Bereichs verwendet haben, z\u00e4hlt die Werte in der Liste und erweitert den Quellbereich entsprechend. Dadurch wird Ihr Dropdown dynamisch.<\/p><p> <a href=\"https:\/\/exceladvisor.org\/wp-content\/uploads\/2023\/11\/liste-deroulante-dynamique-dans-excel.xlsx\" rel=\"nofollow\"><em>Beispieldatei<\/em><\/a><\/p><div class=\"gb-container gb-container-4db6181c gb-container-mt\"> <a class=\"gb-button gb-button-c5897111 gb-button-text gb-button-mt-button\" href=\"https:\/\/exceladvisor.org\/de\/excel-fortschritt\/\">Erweiterte Excel-Tutorials<\/a><h2 class=\"gb-headline gb-headline-665e5f6b gb-headline-text gb-headline-mt-heading\"> Verwandte Tutorials <\/h2><div class=\"gb-grid-wrapper gb-grid-wrapper-a20baf7c gb-grid-wrapper-mt-grid\"><div class=\"gb-grid-column gb-grid-column-65ddf67e\"><div class=\"gb-container gb-container-65ddf67e\"><ul><li> <a href=\"https:\/\/exceladvisor.org\/de\/datumsbereich-der-datenvalidierung\/\">Datenvalidierung mit Datumsbereich<\/a><\/li><li> <a href=\"https:\/\/exceladvisor.org\/de\/abhangige-dropdown-liste\/\">Abh\u00e4ngige Dropdown-Liste in Excel<\/a><\/li><li> <a href=\"https:\/\/exceladvisor.org\/de\/ja-nein-dropdown-liste\/\">Erstellen Sie in Excel eine Ja-Nein-Dropdown-Liste<\/a><\/li><li> <a href=\"https:\/\/exceladvisor.org\/de\/dropdown-liste-entfernen\/\">Dropdown-Liste (Datenvalidierung) in Excel entfernen<\/a><\/li><\/ul><\/div><\/div><\/div><\/div>","protected":false},"excerpt":{"rendered":"","protected":false},"author":1,"featured_media":0,"parent":0,"menu_order":0,"comment_status":"open","ping_status":"closed","template":"","meta":{"ub_ctt_via":"","footnotes":""},"class_list":["post-3232","page","type-page","status-publish","hentry"],"featured_image_src":null,"yoast_head":"<!-- This site is optimized with the Yoast SEO plugin v25.4 - https:\/\/yoast.com\/wordpress\/plugins\/seo\/ -->\n<title>Wie erstelle ich eine dynamische Liste in Excel? (Tutorial 2023)<\/title>\n<meta name=\"description\" content=\"Eine Dropdown-Liste ist ein leistungsstarkes Werkzeug. Aber w\u00e4hrend ich es benutzte, machte mich eines immer verr\u00fcckt: Ich muss die Quelle aktualisieren\" \/>\n<meta name=\"robots\" content=\"index, follow, max-snippet:-1, max-image-preview:large, max-video-preview:-1\" \/>\n<link rel=\"canonical\" href=\"https:\/\/exceladvisor.org\/de\/dynamische-liste\/\" \/>\n<meta property=\"og:locale\" content=\"de_DE\" \/>\n<meta property=\"og:type\" content=\"article\" \/>\n<meta property=\"og:title\" content=\"Wie erstelle ich eine dynamische Liste in Excel? (Tutorial 2023)\" \/>\n<meta property=\"og:description\" content=\"Eine Dropdown-Liste ist ein leistungsstarkes Werkzeug. Aber w\u00e4hrend ich es benutzte, machte mich eines immer verr\u00fcckt: Ich muss die Quelle aktualisieren\" \/>\n<meta property=\"og:url\" content=\"https:\/\/exceladvisor.org\/de\/dynamische-liste\/\" \/>\n<meta property=\"og:site_name\" content=\"Excel Advisor\" \/>\n<meta property=\"article:modified_time\" content=\"2023-12-03T11:19:40+00:00\" \/>\n<meta property=\"og:image\" content=\"https:\/\/exceladvisor.org\/wp-content\/uploads\/2023\/08\/Difference-entre-la-liste-deroulante-dynamique-dans-Excel-et-la-liste-deroulante-normale-1.gif\" \/>\n<meta name=\"twitter:card\" content=\"summary_large_image\" \/>\n<meta name=\"twitter:label1\" content=\"Gesch\u00e4tzte Lesezeit\" \/>\n\t<meta name=\"twitter:data1\" content=\"2\u00a0Minuten\" \/>\n<script type=\"application\/ld+json\" class=\"yoast-schema-graph\">{\"@context\":\"https:\/\/schema.org\",\"@graph\":[{\"@type\":\"WebPage\",\"@id\":\"https:\/\/exceladvisor.org\/de\/dynamische-liste\/\",\"url\":\"https:\/\/exceladvisor.org\/de\/dynamische-liste\/\",\"name\":\"Wie erstelle ich eine dynamische Liste in Excel? (Tutorial 2023)\",\"isPartOf\":{\"@id\":\"https:\/\/exceladvisor.org\/de\/#website\"},\"primaryImageOfPage\":{\"@id\":\"https:\/\/exceladvisor.org\/de\/dynamische-liste\/#primaryimage\"},\"image\":{\"@id\":\"https:\/\/exceladvisor.org\/de\/dynamische-liste\/#primaryimage\"},\"thumbnailUrl\":\"https:\/\/exceladvisor.org\/wp-content\/uploads\/2023\/08\/Difference-entre-la-liste-deroulante-dynamique-dans-Excel-et-la-liste-deroulante-normale-1.gif\",\"datePublished\":\"2023-11-08T12:16:26+00:00\",\"dateModified\":\"2023-12-03T11:19:40+00:00\",\"description\":\"Eine Dropdown-Liste ist ein leistungsstarkes Werkzeug. Aber w\u00e4hrend ich es benutzte, machte mich eines immer verr\u00fcckt: Ich muss die Quelle aktualisieren\",\"breadcrumb\":{\"@id\":\"https:\/\/exceladvisor.org\/de\/dynamische-liste\/#breadcrumb\"},\"inLanguage\":\"de\",\"potentialAction\":[{\"@type\":\"ReadAction\",\"target\":[\"https:\/\/exceladvisor.org\/de\/dynamische-liste\/\"]}]},{\"@type\":\"ImageObject\",\"inLanguage\":\"de\",\"@id\":\"https:\/\/exceladvisor.org\/de\/dynamische-liste\/#primaryimage\",\"url\":\"https:\/\/exceladvisor.org\/wp-content\/uploads\/2023\/08\/Difference-entre-la-liste-deroulante-dynamique-dans-Excel-et-la-liste-deroulante-normale-1.gif\",\"contentUrl\":\"https:\/\/exceladvisor.org\/wp-content\/uploads\/2023\/08\/Difference-entre-la-liste-deroulante-dynamique-dans-Excel-et-la-liste-deroulante-normale-1.gif\"},{\"@type\":\"BreadcrumbList\",\"@id\":\"https:\/\/exceladvisor.org\/de\/dynamische-liste\/#breadcrumb\",\"itemListElement\":[{\"@type\":\"ListItem\",\"position\":1,\"name\":\"Accueil\",\"item\":\"https:\/\/exceladvisor.org\/de\/\"},{\"@type\":\"ListItem\",\"position\":2,\"name\":\"Wie erstelle ich eine dynamische dropdown-liste in excel?\"}]},{\"@type\":\"WebSite\",\"@id\":\"https:\/\/exceladvisor.org\/de\/#website\",\"url\":\"https:\/\/exceladvisor.org\/de\/\",\"name\":\"Excel Advisor\",\"description\":\"Ihr Leitfaden zur Datendominanz\",\"publisher\":{\"@id\":\"https:\/\/exceladvisor.org\/de\/#organization\"},\"potentialAction\":[{\"@type\":\"SearchAction\",\"target\":{\"@type\":\"EntryPoint\",\"urlTemplate\":\"https:\/\/exceladvisor.org\/de\/?s={search_term_string}\"},\"query-input\":{\"@type\":\"PropertyValueSpecification\",\"valueRequired\":true,\"valueName\":\"search_term_string\"}}],\"inLanguage\":\"de\"},{\"@type\":\"Organization\",\"@id\":\"https:\/\/exceladvisor.org\/de\/#organization\",\"name\":\"Excel Advisor\",\"url\":\"https:\/\/exceladvisor.org\/de\/\",\"logo\":{\"@type\":\"ImageObject\",\"inLanguage\":\"de\",\"@id\":\"https:\/\/exceladvisor.org\/de\/#\/schema\/logo\/image\/\",\"url\":\"https:\/\/exceladvisor.org\/de\/wp-content\/uploads\/2023\/11\/exceladvisor.org_.png\",\"contentUrl\":\"https:\/\/exceladvisor.org\/de\/wp-content\/uploads\/2023\/11\/exceladvisor.org_.png\",\"width\":105,\"height\":36,\"caption\":\"Excel Advisor\"},\"image\":{\"@id\":\"https:\/\/exceladvisor.org\/de\/#\/schema\/logo\/image\/\"}}]}<\/script>\n<!-- \/ Yoast SEO plugin. -->","yoast_head_json":{"title":"Wie erstelle ich eine dynamische Liste in Excel? (Tutorial 2023)","description":"Eine Dropdown-Liste ist ein leistungsstarkes Werkzeug. Aber w\u00e4hrend ich es benutzte, machte mich eines immer verr\u00fcckt: Ich muss die Quelle aktualisieren","robots":{"index":"index","follow":"follow","max-snippet":"max-snippet:-1","max-image-preview":"max-image-preview:large","max-video-preview":"max-video-preview:-1"},"canonical":"https:\/\/exceladvisor.org\/de\/dynamische-liste\/","og_locale":"de_DE","og_type":"article","og_title":"Wie erstelle ich eine dynamische Liste in Excel? (Tutorial 2023)","og_description":"Eine Dropdown-Liste ist ein leistungsstarkes Werkzeug. Aber w\u00e4hrend ich es benutzte, machte mich eines immer verr\u00fcckt: Ich muss die Quelle aktualisieren","og_url":"https:\/\/exceladvisor.org\/de\/dynamische-liste\/","og_site_name":"Excel Advisor","article_modified_time":"2023-12-03T11:19:40+00:00","og_image":[{"url":"https:\/\/exceladvisor.org\/wp-content\/uploads\/2023\/08\/Difference-entre-la-liste-deroulante-dynamique-dans-Excel-et-la-liste-deroulante-normale-1.gif","type":"","width":"","height":""}],"twitter_card":"summary_large_image","twitter_misc":{"Gesch\u00e4tzte Lesezeit":"2\u00a0Minuten"},"schema":{"@context":"https:\/\/schema.org","@graph":[{"@type":"WebPage","@id":"https:\/\/exceladvisor.org\/de\/dynamische-liste\/","url":"https:\/\/exceladvisor.org\/de\/dynamische-liste\/","name":"Wie erstelle ich eine dynamische Liste in Excel? (Tutorial 2023)","isPartOf":{"@id":"https:\/\/exceladvisor.org\/de\/#website"},"primaryImageOfPage":{"@id":"https:\/\/exceladvisor.org\/de\/dynamische-liste\/#primaryimage"},"image":{"@id":"https:\/\/exceladvisor.org\/de\/dynamische-liste\/#primaryimage"},"thumbnailUrl":"https:\/\/exceladvisor.org\/wp-content\/uploads\/2023\/08\/Difference-entre-la-liste-deroulante-dynamique-dans-Excel-et-la-liste-deroulante-normale-1.gif","datePublished":"2023-11-08T12:16:26+00:00","dateModified":"2023-12-03T11:19:40+00:00","description":"Eine Dropdown-Liste ist ein leistungsstarkes Werkzeug. Aber w\u00e4hrend ich es benutzte, machte mich eines immer verr\u00fcckt: Ich muss die Quelle aktualisieren","breadcrumb":{"@id":"https:\/\/exceladvisor.org\/de\/dynamische-liste\/#breadcrumb"},"inLanguage":"de","potentialAction":[{"@type":"ReadAction","target":["https:\/\/exceladvisor.org\/de\/dynamische-liste\/"]}]},{"@type":"ImageObject","inLanguage":"de","@id":"https:\/\/exceladvisor.org\/de\/dynamische-liste\/#primaryimage","url":"https:\/\/exceladvisor.org\/wp-content\/uploads\/2023\/08\/Difference-entre-la-liste-deroulante-dynamique-dans-Excel-et-la-liste-deroulante-normale-1.gif","contentUrl":"https:\/\/exceladvisor.org\/wp-content\/uploads\/2023\/08\/Difference-entre-la-liste-deroulante-dynamique-dans-Excel-et-la-liste-deroulante-normale-1.gif"},{"@type":"BreadcrumbList","@id":"https:\/\/exceladvisor.org\/de\/dynamische-liste\/#breadcrumb","itemListElement":[{"@type":"ListItem","position":1,"name":"Accueil","item":"https:\/\/exceladvisor.org\/de\/"},{"@type":"ListItem","position":2,"name":"Wie erstelle ich eine dynamische dropdown-liste in excel?"}]},{"@type":"WebSite","@id":"https:\/\/exceladvisor.org\/de\/#website","url":"https:\/\/exceladvisor.org\/de\/","name":"Excel Advisor","description":"Ihr Leitfaden zur Datendominanz","publisher":{"@id":"https:\/\/exceladvisor.org\/de\/#organization"},"potentialAction":[{"@type":"SearchAction","target":{"@type":"EntryPoint","urlTemplate":"https:\/\/exceladvisor.org\/de\/?s={search_term_string}"},"query-input":{"@type":"PropertyValueSpecification","valueRequired":true,"valueName":"search_term_string"}}],"inLanguage":"de"},{"@type":"Organization","@id":"https:\/\/exceladvisor.org\/de\/#organization","name":"Excel Advisor","url":"https:\/\/exceladvisor.org\/de\/","logo":{"@type":"ImageObject","inLanguage":"de","@id":"https:\/\/exceladvisor.org\/de\/#\/schema\/logo\/image\/","url":"https:\/\/exceladvisor.org\/de\/wp-content\/uploads\/2023\/11\/exceladvisor.org_.png","contentUrl":"https:\/\/exceladvisor.org\/de\/wp-content\/uploads\/2023\/11\/exceladvisor.org_.png","width":105,"height":36,"caption":"Excel Advisor"},"image":{"@id":"https:\/\/exceladvisor.org\/de\/#\/schema\/logo\/image\/"}}]}},"yoast_meta":{"yoast_wpseo_title":"","yoast_wpseo_metadesc":"","yoast_wpseo_canonical":""},"_links":{"self":[{"href":"https:\/\/exceladvisor.org\/de\/wp-json\/wp\/v2\/pages\/3232","targetHints":{"allow":["GET"]}}],"collection":[{"href":"https:\/\/exceladvisor.org\/de\/wp-json\/wp\/v2\/pages"}],"about":[{"href":"https:\/\/exceladvisor.org\/de\/wp-json\/wp\/v2\/types\/page"}],"author":[{"embeddable":true,"href":"https:\/\/exceladvisor.org\/de\/wp-json\/wp\/v2\/users\/1"}],"replies":[{"embeddable":true,"href":"https:\/\/exceladvisor.org\/de\/wp-json\/wp\/v2\/comments?post=3232"}],"version-history":[{"count":1,"href":"https:\/\/exceladvisor.org\/de\/wp-json\/wp\/v2\/pages\/3232\/revisions"}],"predecessor-version":[{"id":3954,"href":"https:\/\/exceladvisor.org\/de\/wp-json\/wp\/v2\/pages\/3232\/revisions\/3954"}],"wp:attachment":[{"href":"https:\/\/exceladvisor.org\/de\/wp-json\/wp\/v2\/media?parent=3232"}],"curies":[{"name":"wp","href":"https:\/\/api.w.org\/{rel}","templated":true}]}}