{"id":3233,"date":"2023-11-08T10:24:09","date_gmt":"2023-11-08T10:24:09","guid":{"rendered":"https:\/\/exceladvisor.org\/de\/abhangige-dropdown-liste\/"},"modified":"2023-12-03T11:19:37","modified_gmt":"2023-12-03T11:19:37","slug":"abhangige-dropdown-liste","status":"publish","type":"page","link":"https:\/\/exceladvisor.org\/de\/abhangige-dropdown-liste\/","title":{"rendered":"Wie erstelle ich eine abh\u00e4ngige dropdown-liste in excel?"},"content":{"rendered":"<div class=\"excel-vor-dem-inhalt\" id=\"excel-306660849\"><script type=\"text\/javascript\">\r\n\tatOptions = {\r\n\t\t'key' : 'c1158f160081d6540a8409e6925dab94',\r\n\t\t'format' : 'iframe',\r\n\t\t'height' : 250,\r\n\t\t'width' : 300,\r\n\t\t'params' : {}\r\n\t};\r\n<\/script>\r\n<script type=\"text\/javascript\" src=\"\/\/www.highperformanceformat.com\/c1158f160081d6540a8409e6925dab94\/invoke.js\"><\/script><\/div> <p>Bei der abh\u00e4ngigen Dropdown-Liste werden Werte in einer Dropdown-Liste basierend auf der Auswahl des Werts in einer anderen Dropdown-Liste angezeigt.<\/p><p> Heute m\u00f6chte ich Ihnen in diesem Artikel einen einfachen 7-Schritte-Prozess zum Erstellen dieser Dropdown-Liste vorstellen. Aber zun\u00e4chst m\u00f6chte ich Ihnen erkl\u00e4ren, warum dies wichtig ist. Im folgenden Beispiel haben Sie zwei Dropdown-Listen. Das Gr\u00f6\u00dfen-Dropdown h\u00e4ngt vom Produkt-Dropdown ab. <\/p><div class=\"wp-block-image\"><figure class=\"aligncenter\"><img decoding=\"async\" src=\"https:\/\/exceladvisor.org\/wp-content\/uploads\/2023\/08\/liste-deroulante-dependante-a-deux-niveaux-1.gif\" sizes=\"\" srcset=\"\" alt=\"abh\u00e4ngige Dropdown-Liste mit zwei Ebenen\"><\/figure><\/div><p> Wenn Sie in der Produktzelle wei\u00dfes Papier ausw\u00e4hlen, werden in der Dropdown-Liste \u201eGr\u00f6\u00dfe\u201c \u201eKlein\u201c und \u201eMittel\u201c angezeigt. Wenn Sie jedoch graues Papier ausw\u00e4hlen, ist die Gr\u00f6\u00dfe mittel und gro\u00df.<\/p><p> Hier besteht die Grundidee beim Erstellen eines abh\u00e4ngigen Dropdown-Men\u00fcs darin, die richtige Gr\u00f6\u00dfe entsprechend dem Produktnamen zu erhalten. Lass uns anfangen.<\/p><h2 class=\"wp-block-heading\"> Schritte zum Erstellen einer abh\u00e4ngigen Dropdown-Liste in Excel<\/h2><p> Um ein abh\u00e4ngiges Dropdown zu erstellen, m\u00fcssen wir <a style=\"outline: none;\" href=\"http:\/\/www.exceltrick.com\/how_to\/named-range-in-excel\/\" target=\"_blank\" rel=\"noopener\">benannte Bereiche<\/a> und indirekte Funktionen verwenden.<\/p><ul><li> Zun\u00e4chst m\u00fcssen Sie benannte Bereiche f\u00fcr die Dropdown-Listen erstellen. W\u00e4hlen Sie dazu die Produktliste aus. Gehen Sie zu -&gt; Formeln -&gt; Definierte Namen -&gt; Aus Auswahl erstellen. <\/li><\/ul><div class=\"wp-block-image\"><figure class=\"aligncenter\"><img decoding=\"async\" src=\"https:\/\/exceladvisor.org\/wp-content\/uploads\/2023\/08\/comment-creer-une-liste-deroulante-dependante-dans-Excel-creer-une-plage-nommee-1.png\" sizes=\"\" srcset=\"\" alt=\"So erstellen Sie eine abh\u00e4ngige Dropdown-Liste in Excel: Erstellen Sie einen benannten Bereich\"><\/figure><\/div><ul><li> Sie erhalten ein Popup-Fenster. H\u00e4kchen bei \u201eOberste Zeile\u201c<\/li><li><\/li><li> &amp; OK klicken. <\/li><\/ul><div class=\"wp-block-image\"><figure class=\"aligncenter\"><img decoding=\"async\" src=\"https:\/\/exceladvisor.org\/wp-content\/uploads\/2023\/08\/comment-creer-une-liste-deroulante-dependante-dans-Excel-creer-une-plage-nommee-cliquez-sur-OK-1.png\" sizes=\"\" srcset=\"\" alt=\"So erstellen Sie eine abh\u00e4ngige Dropdown-Liste in Excel: Erstellen Sie einen benannten Bereich. Klicken Sie auf \u201eOK\u201c.\"><\/figure><\/div><ul><li> Erstellen Sie mit denselben Schritten zwei weitere benannte Bereiche f\u00fcr die Gr\u00f6\u00dfen. Einer ist f\u00fcr wei\u00dfes Papier und der zweite f\u00fcr graues Papier. <\/li><\/ul><div class=\"wp-block-image\"><figure class=\"aligncenter\"><img decoding=\"async\" src=\"https:\/\/exceladvisor.org\/wp-content\/uploads\/2023\/08\/comment-creer-une-liste-deroulante-dependante-dans-Excel-trois-plages-nommees-1.png\" sizes=\"\" srcset=\"\" alt=\"So erstellen Sie eine abh\u00e4ngige Dropdown-Liste in Excel mit drei benannten Bereichen\"><\/figure><\/div><p> Tipp: Wenn Sie mit dieser Methode einen benannten Bereich erstellen, wird der Wert in der ersten Zelle als Name und die restlichen Werte als Bereich betrachtet. Sie k\u00f6nnen hierf\u00fcr auch einen dynamischen benannten Bereich verwenden.<\/p><ul><li> W\u00e4hlen Sie nun die Zelle aus, in der Sie das Produkt-Dropdown hinzuf\u00fcgen m\u00f6chten, und navigieren Sie zu -&gt; Daten -&gt; Datentools -&gt; Datenvalidierung. <\/li><\/ul><div class=\"wp-block-image\"><figure class=\"aligncenter\"><img decoding=\"async\" src=\"https:\/\/exceladvisor.org\/wp-content\/uploads\/2023\/08\/comment-creer-une-liste-deroulante-dependante-dans-Excel-creer-une-liste-deroulante-pour-les-produits-1.png\" sizes=\"\" srcset=\"\" alt=\"So erstellen Sie eine abh\u00e4ngige Dropdown-Liste in Excel. Erstellen Sie eine Dropdown-Liste f\u00fcr Produkte\"><\/figure><\/div><ul><li> W\u00e4hlen Sie im Fenster \u201eDatenvalidierung\u201c \u201eListe\u201c aus, geben Sie unter \u201eQuelle\u201c die folgende Formel ein und klicken Sie dann auf \u201eOK\u201c. <\/li><\/ul><div class=\"wp-block-image\"><figure class=\"aligncenter\"><img decoding=\"async\" src=\"https:\/\/exceladvisor.org\/wp-content\/uploads\/2023\/08\/comment-creer-une-liste-deroulante-dependante-dans-la-fenetre-deroulante-Excel-1.png\" sizes=\"\" srcset=\"\" alt=\"So erstellen Sie eine abh\u00e4ngige Dropdown-Liste im Excel-Dropdown-Fenster\"><\/figure><\/div><p> =Indirekt(\u201eProdukt\u201c)<\/p><ul><li> W\u00e4hlen Sie die Zelle aus, in der Sie eine Gr\u00f6\u00dfen-Dropdown-Liste hinzuf\u00fcgen m\u00f6chten. Gehen Sie zu -&gt; Daten -&gt; Datentools -&gt; Datenvalidierung.<\/li><li> W\u00e4hlen Sie im Datenvalidierungsfenster \u201eListe\u201c aus, geben Sie unter \u201eQuelle\u201c die folgende Formel ein und klicken Sie auf \u201eOK\u201c. <\/li><\/ul><div class=\"wp-block-image\"><figure class=\"aligncenter\"><img decoding=\"async\" src=\"https:\/\/exceladvisor.org\/wp-content\/uploads\/2023\/08\/comment-creer-une-liste-deroulante-dependante-dans-la-fenetre-deroulante-Excel-1.png\" sizes=\"\" srcset=\"\" alt=\"So erstellen Sie eine abh\u00e4ngige Dropdown-Liste im Excel-Dropdown-Fenster\"><\/figure><\/div><p> =Indirekt(\u201cA5\u201d)<\/p><p> Endlich ist Ihr abh\u00e4ngiges Dropdown-Men\u00fc fertig. <\/p><div class=\"wp-block-image\"><figure class=\"aligncenter\"><img decoding=\"async\" src=\"https:\/\/exceladvisor.org\/wp-content\/uploads\/2023\/08\/liste-deroulante-dependante-a-deux-niveaux-1.gif\" sizes=\"\" srcset=\"\" alt=\"abh\u00e4ngige Dropdown-Liste mit zwei Ebenen\"><\/figure><\/div><h3 class=\"wp-block-heading\"> Wie es funktioniert<\/h3><p> Zuerst haben Sie drei benannte Bereiche erstellt. Als N\u00e4chstes haben wir einen benannten Bereich verwendet, um eine Dropdown-Liste mit Produkten zu erstellen. Danach haben Sie f\u00fcr das zweite Dropdown-Men\u00fc die indirekte Funktion verwendet und auf den Wert in der Produktzelle verwiesen.<\/p><p> Wie Sie bemerken, haben unsere Gr\u00f6\u00dfenbereiche einen Namen, der den Werten entspricht, die wir in der Produkt-Dropdown-Liste haben.<\/p><p> Wenn wir \u201eWhitePaperSheet\u201c in der Produktzelle und dann in der Gr\u00f6\u00dfenzelle ausw\u00e4hlen, verweist die indirekte Funktion auf den Bereich mit dem Namen \u201eWhitePaperSheet\u201c und wenn Sie \u201eGreyPaperSheet\u201c ausw\u00e4hlen, verweist sie auf den Bereich mit dem Namen \u201eGreyPaperSheet\u201c.<\/p><h2 class=\"wp-block-heading\"> Abh\u00e4ngige Dropdown-Liste mit drei Ebenen<\/h2><p> Im obigen Beispiel haben Sie eine abh\u00e4ngige Dropdown-Liste mit zwei Ebenen erstellt. Aber manchmal m\u00fcssen wir eine Liste mit Abh\u00e4ngigkeiten auf drei Ebenen erstellen. Erstellen Sie dazu einfach eine dritte Dropdown-Liste, die von der Auswahl der zweiten Dropdown-Liste abh\u00e4ngt.<\/p><p> Nehmen wir an, wir m\u00f6chten eine Dropdown-Liste mit den Gr\u00f6\u00dfen \u201eL\u00e4nge x Breite\u201c f\u00fcr die Papierbl\u00e4tter hinzuf\u00fcgen. <\/p><div class=\"wp-block-image\"><figure class=\"aligncenter\"><img decoding=\"async\" src=\"https:\/\/exceladvisor.org\/wp-content\/uploads\/2023\/08\/comment-creer-une-liste-deroulante-dependante-dans-Excel-avec-des-donnees-a-trois-niveaux-1.png\" sizes=\"\" srcset=\"\" alt=\"So erstellen Sie eine abh\u00e4ngige Dropdown-Liste in Excel mit dreistufigen Daten\"><\/figure><\/div><p> Dazu m\u00fcssen Sie eine dritte Dropdown-Liste erstellen, in der \u201eL\u00e4nge x Breite\u201c entsprechend der Gr\u00f6\u00dfenauswahl angezeigt wird.<\/p><p> Hier sind die Schritte:<\/p><ul><li> Erstellen Sie drei weitere benannte Bereiche mit der gleichen Methode wie oben. <\/li><\/ul><div class=\"wp-block-image\"><figure class=\"aligncenter\"><img decoding=\"async\" src=\"https:\/\/exceladvisor.org\/wp-content\/uploads\/2023\/08\/comment-creer-une-liste-deroulante-dependante-dans-Excel-avec-de-nouvelles-plages-nommees-de-donnees-a-trois-niveaux-1.png\" sizes=\"\" srcset=\"\" alt=\"So erstellen Sie eine abh\u00e4ngige Dropdown-Liste in Excel mit neuen benannten Bereichen von dreistufigen Daten\"><\/figure><\/div><ul><li> W\u00e4hlen Sie die Zelle aus, in die Sie Ihre dritte Dropdown-Liste einf\u00fcgen m\u00f6chten.<\/li><li> \u00d6ffnen Sie die Dropdown-Optionen und f\u00fcgen Sie die folgende Formel in die Quelle ein. <\/li><\/ul><div class=\"wp-block-image\"><figure class=\"aligncenter\"><img decoding=\"async\" src=\"https:\/\/exceladvisor.org\/wp-content\/uploads\/2023\/08\/comment-creer-une-liste-deroulante-dependante-dans-Excel-avec-une-liste-deroulante-a-trois-niveaux-1.png\" sizes=\"\" srcset=\"\" alt=\"So erstellen Sie eine abh\u00e4ngige Dropdown-Liste in Excel mit einer dreistufigen Dropdown-Liste\"><\/figure><\/div><p> =Indirekt(\u201cC5\u201d)<\/p><ul><li> OK klicken.<\/li><\/ul><p> Jetzt ist Ihre dreistufige Dropdown-Liste fertig <\/p><div class=\"wp-block-image\"><figure class=\"aligncenter\"><img decoding=\"async\" src=\"https:\/\/exceladvisor.org\/wp-content\/uploads\/2023\/08\/liste-deroulante-dependante-a-trois-niveaux-dans-Excel-pret.gif\" sizes=\"\" srcset=\"\" alt=\"Dreistufige abh\u00e4ngige Dropdown-Liste in Excel bereit\"><\/figure><\/div><p> <a href=\"https:\/\/exceladvisor.org\/wp-content\/uploads\/2023\/11\/liste-deroulante-dependante-a-trois-niveaux.xlsx\" target=\"_blank\" rel=\"noreferrer noopener nofollow\"><em>Laden Sie eine Beispieldatei herunter<\/em><\/a><\/p><div class=\"gb-container gb-container-4db6181c gb-container-mt\"> <a class=\"gb-button gb-button-c5897111 gb-button-text gb-button-mt-button\" href=\"https:\/\/exceladvisor.org\/de\/excel-fortschritt\/\">Erweiterte Excel-Tutorials<\/a><h2 class=\"gb-headline gb-headline-665e5f6b gb-headline-text gb-headline-mt-heading\"> Verwandte Tutorials <\/h2><div class=\"gb-grid-wrapper gb-grid-wrapper-a20baf7c gb-grid-wrapper-mt-grid\"><div class=\"gb-grid-column gb-grid-column-65ddf67e\"><div class=\"gb-container gb-container-65ddf67e\"><ul><li> <a href=\"https:\/\/exceladvisor.org\/de\/datumsbereich-der-datenvalidierung\/\">Datenvalidierung mit Datumsbereich<\/a><\/li><li> <a href=\"https:\/\/exceladvisor.org\/de\/dynamische-liste\/\">Dynamische Dropdown-Liste in Excel<\/a><\/li><li> <a href=\"https:\/\/exceladvisor.org\/de\/ja-nein-dropdown-liste\/\">Erstellen Sie in Excel eine Ja-Nein-Dropdown-Liste<\/a><\/li><li> <a href=\"https:\/\/exceladvisor.org\/de\/dropdown-liste-entfernen\/\">Dropdown-Liste (Datenvalidierung) in Excel entfernen<\/a> <\/li><\/ul><\/div><\/div><div class=\"gb-grid-column gb-grid-column-50067b57\"><div class=\"gb-container gb-container-50067b57\"><\/div><\/div><\/div><\/div>","protected":false},"excerpt":{"rendered":"","protected":false},"author":1,"featured_media":0,"parent":0,"menu_order":0,"comment_status":"open","ping_status":"closed","template":"","meta":{"ub_ctt_via":"","footnotes":""},"class_list":["post-3233","page","type-page","status-publish","hentry"],"featured_image_src":null,"yoast_head":"<!-- This site is optimized with the Yoast SEO plugin v25.4 - https:\/\/yoast.com\/wordpress\/plugins\/seo\/ -->\n<title>\u25b7 Wie erstelle ich eine abh\u00e4ngige Dropdown-Liste in Excel?<\/title>\n<meta name=\"description\" content=\"Eine abh\u00e4ngige Dropdown-Liste ist sehr n\u00fctzlich. In diesem Artikel erfahren Sie, wie Sie in Excel eine abh\u00e4ngige Dropdown-Liste erstellen\" \/>\n<meta name=\"robots\" content=\"index, follow, max-snippet:-1, max-image-preview:large, max-video-preview:-1\" \/>\n<link rel=\"canonical\" href=\"https:\/\/exceladvisor.org\/de\/abhangige-dropdown-liste\/\" \/>\n<meta property=\"og:locale\" content=\"de_DE\" \/>\n<meta property=\"og:type\" content=\"article\" \/>\n<meta property=\"og:title\" content=\"\u25b7 Wie erstelle ich eine abh\u00e4ngige Dropdown-Liste in Excel?\" \/>\n<meta property=\"og:description\" content=\"Eine abh\u00e4ngige Dropdown-Liste ist sehr n\u00fctzlich. In diesem Artikel erfahren Sie, wie Sie in Excel eine abh\u00e4ngige Dropdown-Liste erstellen\" \/>\n<meta property=\"og:url\" content=\"https:\/\/exceladvisor.org\/de\/abhangige-dropdown-liste\/\" \/>\n<meta property=\"og:site_name\" content=\"Excel Advisor\" \/>\n<meta property=\"article:modified_time\" content=\"2023-12-03T11:19:37+00:00\" \/>\n<meta property=\"og:image\" content=\"https:\/\/exceladvisor.org\/wp-content\/uploads\/2023\/08\/liste-deroulante-dependante-a-deux-niveaux-1.gif\" \/>\n<meta name=\"twitter:card\" content=\"summary_large_image\" \/>\n<meta name=\"twitter:label1\" content=\"Gesch\u00e4tzte Lesezeit\" \/>\n\t<meta name=\"twitter:data1\" content=\"3\u00a0Minuten\" \/>\n<script type=\"application\/ld+json\" class=\"yoast-schema-graph\">{\"@context\":\"https:\/\/schema.org\",\"@graph\":[{\"@type\":\"WebPage\",\"@id\":\"https:\/\/exceladvisor.org\/de\/abhangige-dropdown-liste\/\",\"url\":\"https:\/\/exceladvisor.org\/de\/abhangige-dropdown-liste\/\",\"name\":\"\u25b7 Wie erstelle ich eine abh\u00e4ngige Dropdown-Liste in Excel?\",\"isPartOf\":{\"@id\":\"https:\/\/exceladvisor.org\/de\/#website\"},\"primaryImageOfPage\":{\"@id\":\"https:\/\/exceladvisor.org\/de\/abhangige-dropdown-liste\/#primaryimage\"},\"image\":{\"@id\":\"https:\/\/exceladvisor.org\/de\/abhangige-dropdown-liste\/#primaryimage\"},\"thumbnailUrl\":\"https:\/\/exceladvisor.org\/wp-content\/uploads\/2023\/08\/liste-deroulante-dependante-a-deux-niveaux-1.gif\",\"datePublished\":\"2023-11-08T10:24:09+00:00\",\"dateModified\":\"2023-12-03T11:19:37+00:00\",\"description\":\"Eine abh\u00e4ngige Dropdown-Liste ist sehr n\u00fctzlich. In diesem Artikel erfahren Sie, wie Sie in Excel eine abh\u00e4ngige Dropdown-Liste erstellen\",\"breadcrumb\":{\"@id\":\"https:\/\/exceladvisor.org\/de\/abhangige-dropdown-liste\/#breadcrumb\"},\"inLanguage\":\"de\",\"potentialAction\":[{\"@type\":\"ReadAction\",\"target\":[\"https:\/\/exceladvisor.org\/de\/abhangige-dropdown-liste\/\"]}]},{\"@type\":\"ImageObject\",\"inLanguage\":\"de\",\"@id\":\"https:\/\/exceladvisor.org\/de\/abhangige-dropdown-liste\/#primaryimage\",\"url\":\"https:\/\/exceladvisor.org\/wp-content\/uploads\/2023\/08\/liste-deroulante-dependante-a-deux-niveaux-1.gif\",\"contentUrl\":\"https:\/\/exceladvisor.org\/wp-content\/uploads\/2023\/08\/liste-deroulante-dependante-a-deux-niveaux-1.gif\"},{\"@type\":\"BreadcrumbList\",\"@id\":\"https:\/\/exceladvisor.org\/de\/abhangige-dropdown-liste\/#breadcrumb\",\"itemListElement\":[{\"@type\":\"ListItem\",\"position\":1,\"name\":\"Accueil\",\"item\":\"https:\/\/exceladvisor.org\/de\/\"},{\"@type\":\"ListItem\",\"position\":2,\"name\":\"Wie erstelle ich eine abh\u00e4ngige dropdown-liste in excel?\"}]},{\"@type\":\"WebSite\",\"@id\":\"https:\/\/exceladvisor.org\/de\/#website\",\"url\":\"https:\/\/exceladvisor.org\/de\/\",\"name\":\"Excel Advisor\",\"description\":\"Ihr Leitfaden zur Datendominanz\",\"publisher\":{\"@id\":\"https:\/\/exceladvisor.org\/de\/#organization\"},\"potentialAction\":[{\"@type\":\"SearchAction\",\"target\":{\"@type\":\"EntryPoint\",\"urlTemplate\":\"https:\/\/exceladvisor.org\/de\/?s={search_term_string}\"},\"query-input\":{\"@type\":\"PropertyValueSpecification\",\"valueRequired\":true,\"valueName\":\"search_term_string\"}}],\"inLanguage\":\"de\"},{\"@type\":\"Organization\",\"@id\":\"https:\/\/exceladvisor.org\/de\/#organization\",\"name\":\"Excel Advisor\",\"url\":\"https:\/\/exceladvisor.org\/de\/\",\"logo\":{\"@type\":\"ImageObject\",\"inLanguage\":\"de\",\"@id\":\"https:\/\/exceladvisor.org\/de\/#\/schema\/logo\/image\/\",\"url\":\"https:\/\/exceladvisor.org\/de\/wp-content\/uploads\/2023\/11\/exceladvisor.org_.png\",\"contentUrl\":\"https:\/\/exceladvisor.org\/de\/wp-content\/uploads\/2023\/11\/exceladvisor.org_.png\",\"width\":105,\"height\":36,\"caption\":\"Excel Advisor\"},\"image\":{\"@id\":\"https:\/\/exceladvisor.org\/de\/#\/schema\/logo\/image\/\"}}]}<\/script>\n<!-- \/ Yoast SEO plugin. -->","yoast_head_json":{"title":"\u25b7 Wie erstelle ich eine abh\u00e4ngige Dropdown-Liste in Excel?","description":"Eine abh\u00e4ngige Dropdown-Liste ist sehr n\u00fctzlich. In diesem Artikel erfahren Sie, wie Sie in Excel eine abh\u00e4ngige Dropdown-Liste erstellen","robots":{"index":"index","follow":"follow","max-snippet":"max-snippet:-1","max-image-preview":"max-image-preview:large","max-video-preview":"max-video-preview:-1"},"canonical":"https:\/\/exceladvisor.org\/de\/abhangige-dropdown-liste\/","og_locale":"de_DE","og_type":"article","og_title":"\u25b7 Wie erstelle ich eine abh\u00e4ngige Dropdown-Liste in Excel?","og_description":"Eine abh\u00e4ngige Dropdown-Liste ist sehr n\u00fctzlich. In diesem Artikel erfahren Sie, wie Sie in Excel eine abh\u00e4ngige Dropdown-Liste erstellen","og_url":"https:\/\/exceladvisor.org\/de\/abhangige-dropdown-liste\/","og_site_name":"Excel Advisor","article_modified_time":"2023-12-03T11:19:37+00:00","og_image":[{"url":"https:\/\/exceladvisor.org\/wp-content\/uploads\/2023\/08\/liste-deroulante-dependante-a-deux-niveaux-1.gif","type":"","width":"","height":""}],"twitter_card":"summary_large_image","twitter_misc":{"Gesch\u00e4tzte Lesezeit":"3\u00a0Minuten"},"schema":{"@context":"https:\/\/schema.org","@graph":[{"@type":"WebPage","@id":"https:\/\/exceladvisor.org\/de\/abhangige-dropdown-liste\/","url":"https:\/\/exceladvisor.org\/de\/abhangige-dropdown-liste\/","name":"\u25b7 Wie erstelle ich eine abh\u00e4ngige Dropdown-Liste in Excel?","isPartOf":{"@id":"https:\/\/exceladvisor.org\/de\/#website"},"primaryImageOfPage":{"@id":"https:\/\/exceladvisor.org\/de\/abhangige-dropdown-liste\/#primaryimage"},"image":{"@id":"https:\/\/exceladvisor.org\/de\/abhangige-dropdown-liste\/#primaryimage"},"thumbnailUrl":"https:\/\/exceladvisor.org\/wp-content\/uploads\/2023\/08\/liste-deroulante-dependante-a-deux-niveaux-1.gif","datePublished":"2023-11-08T10:24:09+00:00","dateModified":"2023-12-03T11:19:37+00:00","description":"Eine abh\u00e4ngige Dropdown-Liste ist sehr n\u00fctzlich. In diesem Artikel erfahren Sie, wie Sie in Excel eine abh\u00e4ngige Dropdown-Liste erstellen","breadcrumb":{"@id":"https:\/\/exceladvisor.org\/de\/abhangige-dropdown-liste\/#breadcrumb"},"inLanguage":"de","potentialAction":[{"@type":"ReadAction","target":["https:\/\/exceladvisor.org\/de\/abhangige-dropdown-liste\/"]}]},{"@type":"ImageObject","inLanguage":"de","@id":"https:\/\/exceladvisor.org\/de\/abhangige-dropdown-liste\/#primaryimage","url":"https:\/\/exceladvisor.org\/wp-content\/uploads\/2023\/08\/liste-deroulante-dependante-a-deux-niveaux-1.gif","contentUrl":"https:\/\/exceladvisor.org\/wp-content\/uploads\/2023\/08\/liste-deroulante-dependante-a-deux-niveaux-1.gif"},{"@type":"BreadcrumbList","@id":"https:\/\/exceladvisor.org\/de\/abhangige-dropdown-liste\/#breadcrumb","itemListElement":[{"@type":"ListItem","position":1,"name":"Accueil","item":"https:\/\/exceladvisor.org\/de\/"},{"@type":"ListItem","position":2,"name":"Wie erstelle ich eine abh\u00e4ngige dropdown-liste in excel?"}]},{"@type":"WebSite","@id":"https:\/\/exceladvisor.org\/de\/#website","url":"https:\/\/exceladvisor.org\/de\/","name":"Excel Advisor","description":"Ihr Leitfaden zur Datendominanz","publisher":{"@id":"https:\/\/exceladvisor.org\/de\/#organization"},"potentialAction":[{"@type":"SearchAction","target":{"@type":"EntryPoint","urlTemplate":"https:\/\/exceladvisor.org\/de\/?s={search_term_string}"},"query-input":{"@type":"PropertyValueSpecification","valueRequired":true,"valueName":"search_term_string"}}],"inLanguage":"de"},{"@type":"Organization","@id":"https:\/\/exceladvisor.org\/de\/#organization","name":"Excel Advisor","url":"https:\/\/exceladvisor.org\/de\/","logo":{"@type":"ImageObject","inLanguage":"de","@id":"https:\/\/exceladvisor.org\/de\/#\/schema\/logo\/image\/","url":"https:\/\/exceladvisor.org\/de\/wp-content\/uploads\/2023\/11\/exceladvisor.org_.png","contentUrl":"https:\/\/exceladvisor.org\/de\/wp-content\/uploads\/2023\/11\/exceladvisor.org_.png","width":105,"height":36,"caption":"Excel Advisor"},"image":{"@id":"https:\/\/exceladvisor.org\/de\/#\/schema\/logo\/image\/"}}]}},"yoast_meta":{"yoast_wpseo_title":"","yoast_wpseo_metadesc":"","yoast_wpseo_canonical":""},"_links":{"self":[{"href":"https:\/\/exceladvisor.org\/de\/wp-json\/wp\/v2\/pages\/3233","targetHints":{"allow":["GET"]}}],"collection":[{"href":"https:\/\/exceladvisor.org\/de\/wp-json\/wp\/v2\/pages"}],"about":[{"href":"https:\/\/exceladvisor.org\/de\/wp-json\/wp\/v2\/types\/page"}],"author":[{"embeddable":true,"href":"https:\/\/exceladvisor.org\/de\/wp-json\/wp\/v2\/users\/1"}],"replies":[{"embeddable":true,"href":"https:\/\/exceladvisor.org\/de\/wp-json\/wp\/v2\/comments?post=3233"}],"version-history":[{"count":1,"href":"https:\/\/exceladvisor.org\/de\/wp-json\/wp\/v2\/pages\/3233\/revisions"}],"predecessor-version":[{"id":3950,"href":"https:\/\/exceladvisor.org\/de\/wp-json\/wp\/v2\/pages\/3233\/revisions\/3950"}],"wp:attachment":[{"href":"https:\/\/exceladvisor.org\/de\/wp-json\/wp\/v2\/media?parent=3233"}],"curies":[{"name":"wp","href":"https:\/\/api.w.org\/{rel}","templated":true}]}}