{"id":3235,"date":"2023-11-08T00:26:59","date_gmt":"2023-11-08T00:26:59","guid":{"rendered":"https:\/\/exceladvisor.org\/de\/andern-sie-die-gross-kleinschreibung-des-textes\/"},"modified":"2023-12-03T11:13:42","modified_gmt":"2023-12-03T11:13:42","slug":"andern-sie-die-gross-kleinschreibung-des-textes","status":"publish","type":"page","link":"https:\/\/exceladvisor.org\/de\/andern-sie-die-gross-kleinschreibung-des-textes\/","title":{"rendered":"Wie \u00e4ndere ich die gro\u00df-\/kleinschreibung von texten in excel?"},"content":{"rendered":"<div class=\"excel-vor-dem-inhalt\" id=\"excel-3424227813\"><script type=\"text\/javascript\">\r\n\tatOptions = {\r\n\t\t'key' : 'c1158f160081d6540a8409e6925dab94',\r\n\t\t'format' : 'iframe',\r\n\t\t'height' : 250,\r\n\t\t'width' : 300,\r\n\t\t'params' : {}\r\n\t};\r\n<\/script>\r\n<script type=\"text\/javascript\" src=\"\/\/www.highperformanceformat.com\/c1158f160081d6540a8409e6925dab94\/invoke.js\"><\/script><\/div> <p>In Excel gibt es drei Hauptfunktionen, mit denen Sie die Gro\u00df-\/Kleinschreibung einer Zeichenfolge \u00e4ndern k\u00f6nnen.<\/p><ul><li> UPPER, um die Gro\u00df-\/Kleinschreibung auf \u201eUpper\u201c zu \u00e4ndern.<\/li><li> SENKEN, um das Geh\u00e4use auf Absenken umzustellen.<\/li><li> OWN, um die Gro\u00df-\/Kleinschreibung des ersten Buchstabens jedes Wortes zu \u00e4ndern.<\/li><\/ul><p> In diesem Tutorial lernen wir, wie wir alle diese Funktionen zum Schreiben unserer Formeln verwenden.<\/p><h2 class=\"wp-block-heading\"> GROSSBUCHSTABEN<\/h2><p> In Excel gibt es eine Funktion namens UPPER CASE, mit der Sie die Gro\u00df- und Kleinschreibung einer Zeichenfolge in GROSSBUCHSTABEN \u00e4ndern k\u00f6nnen. <\/p><div class=\"wp-block-image\"><figure class=\"aligncenter size-full is-resized\"><img loading=\"lazy\" decoding=\"async\" class=\"wp-image-84417\" src=\"https:\/\/exceladvisor.org\/wp-content\/uploads\/2023\/08\/1-majuscule.png\" sizes=\"auto, \" srcset=\"\" alt=\"Gro\u00dfbuchstabe\" width=\"409\" height=\"380\"><\/figure><\/div><p> Im obigen Beispiel enth\u00e4lt Spalte A verschiedene Zeichenfolgen (Textwerte). Und wenn Sie UPPER verwenden und auf die Zelle verweisen, wird dieser Wert in einen Text in Gro\u00dfbuchstaben umgewandelt.<\/p><pre class=\"wp-block-code\"> <code class=\"language-excel-formula\" lang=\"excel-formula\">=UPPER(A1)<\/code><\/pre><h2 class=\"wp-block-heading\"> UNTERBUCHSTABEN<\/h2><p> Ebenso gibt es eine Funktion namens \u201eLower\u201c, um Text in Kleinbuchstaben umzuwandeln. <\/p><div class=\"wp-block-image\"><figure class=\"aligncenter size-full is-resized\"><img loading=\"lazy\" decoding=\"async\" class=\"wp-image-84418\" src=\"https:\/\/exceladvisor.org\/wp-content\/uploads\/2023\/08\/2-minuscules.png\" sizes=\"auto, \" srcset=\"\" alt=\"winzig\" width=\"391\" height=\"367\"><\/figure><\/div><p> Im obigen Beispiel verwenden wir die Funktion \u201eKleinbuchstaben\u201c und erhalten alle Zeichen im Ergebniswert als Kleinbuchstaben. Diese Funktion funktioniert genau entgegengesetzt zur \u201eUpper\u201c-Funktion, die wir im ersten Beispiel verwendet haben.<\/p><pre class=\"wp-block-code\"> <code class=\"language-excel-formula\" lang=\"excel-formula\">=LOWER(A1)<\/code><\/pre><h2 class=\"wp-block-heading\"> GUTER FALL<\/h2><p> Und dann haben wir die Funktion PROPER, die Text in Gro\u00df- und Kleinschreibung umwandelt, wobei der erste Buchstabe jedes Wortes gro\u00dfgeschrieben wird und der Rest in Kleinschreibung geschrieben wird. <\/p><div class=\"wp-block-image\"><figure class=\"aligncenter size-full is-resized\"><img loading=\"lazy\" decoding=\"async\" class=\"wp-image-84419\" src=\"https:\/\/exceladvisor.org\/wp-content\/uploads\/2023\/08\/3-bon-cas.png\" sizes=\"auto, \" srcset=\"\" alt=\"eigener Fall\" width=\"423\" height=\"395\"><\/figure><\/div><pre class=\"wp-block-code\"> <code class=\"language-excel-formula\" lang=\"excel-formula\">=PROPER(A1)<\/code><\/pre><p> Sie k\u00f6nnen im obigen Beispiel sehen; Der erste Buchstabe des Wortes wird gro\u00dfgeschrieben, die anderen werden kleingeschrieben. Und wenn Sie zwei W\u00f6rter haben, funktioniert es genauso.<\/p><p> Und wenn Sie m\u00f6chten, dass der erste Buchstabe des ersten Wortes gro\u00df geschrieben wird und die restlichen Buchstaben und alle anderen W\u00f6rter klein geschrieben werden, k\u00f6nnen Sie die folgende Formel verwenden.<\/p><pre class=\"wp-block-code\"> <code class=\"language-excel-formula\" lang=\"excel-formula\">=UPPER(LEFT(A1,1))&amp;LOWER(RIGHT(A1,LEN(A1)-1))<\/code><\/pre><div class=\"gb-container gb-container-52dfcee1 gb-container-sample-file\"><h2 class=\"gb-headline gb-headline-e289c143 gb-headline-text gb-headline-4f7959c2\"> Holen Sie sich die Excel-Datei<\/h2> <a class=\"gb-button gb-button-e88d6bee gb-button-text gb-button-button1\" href=\"https:\/\/exceladvisor.org\/wp-content\/uploads\/2023\/11\/changer-de-cas.xlsx\" rel=\"nofollow\">Herunterladen<\/a><\/div><div class=\"gb-container gb-container-0df56012 gb-container-mt\"> <a class=\"gb-button gb-button-f9f432f4 gb-button-text gb-button-mt-button\" href=\"https:\/\/exceladvisor.org\/de\/formeln\/\">Liste der Excel-Formeln<\/a><h2 class=\"gb-headline gb-headline-233444e8 gb-headline-text gb-headline-mt-heading\"> Verwandte Formeln <\/h2><div class=\"gb-grid-wrapper gb-grid-wrapper-a16fa65c gb-grid-wrapper-mt-grid\"><div class=\"gb-grid-column gb-grid-column-50d07e0d\"><div class=\"gb-container gb-container-50d07e0d\"><ul><li> <a href=\"https:\/\/exceladvisor.org\/de\/schreiben-sie-den-ersten-buchstaben-gross\/\">Schreiben Sie den ersten Buchstaben in Excel gro\u00df<\/a><\/li><li> <a href=\"https:\/\/exceladvisor.org\/de\/spalte-zu-zeile\/\">\u00c4ndern Sie in Excel eine Spalte in eine Zeile (umgekehrt).<\/a><\/li><li> <a href=\"https:\/\/exceladvisor.org\/de\/satzfall\/\">Wechseln Sie in Excel zur Gro\u00df-\/Kleinschreibung<\/a><\/li><li> <a href=\"https:\/\/exceladvisor.org\/de\/geben-sie-die-vornamen-mit-komma-dazwischen-zuruck\/\">Geben Sie den Vor- und Nachnamen zur\u00fcck und f\u00fcgen Sie dazwischen ein Komma ein<\/a> <\/li><\/ul><\/div><\/div><div class=\"gb-grid-column gb-grid-column-5b4a0cf9\"><div class=\"gb-container gb-container-5b4a0cf9\"><\/div><\/div><\/div><\/div>","protected":false},"excerpt":{"rendered":"","protected":false},"author":1,"featured_media":0,"parent":0,"menu_order":0,"comment_status":"open","ping_status":"closed","template":"","meta":{"ub_ctt_via":"","footnotes":""},"class_list":["post-3235","page","type-page","status-publish","hentry"],"featured_image_src":null,"yoast_head":"<!-- This site is optimized with the Yoast SEO plugin v25.4 - https:\/\/yoast.com\/wordpress\/plugins\/seo\/ -->\n<title>Wie \u00e4ndere ich die Gro\u00df-\/Kleinschreibung von Texten in Excel? (Leitfaden 2023)<\/title>\n<meta name=\"description\" content=\"In diesem Tutorial erfahren Sie, wie Sie mithilfe von drei Hauptfunktionen mehrere Excel-Formeln schreiben, um die Gro\u00df-\/Kleinschreibung von Text zu \u00e4ndern.\" \/>\n<meta name=\"robots\" content=\"index, follow, max-snippet:-1, max-image-preview:large, max-video-preview:-1\" \/>\n<link rel=\"canonical\" href=\"https:\/\/exceladvisor.org\/de\/andern-sie-die-gross-kleinschreibung-des-textes\/\" \/>\n<meta property=\"og:locale\" content=\"de_DE\" \/>\n<meta property=\"og:type\" content=\"article\" \/>\n<meta property=\"og:title\" content=\"Wie \u00e4ndere ich die Gro\u00df-\/Kleinschreibung von Texten in Excel? (Leitfaden 2023)\" \/>\n<meta property=\"og:description\" content=\"In diesem Tutorial erfahren Sie, wie Sie mithilfe von drei Hauptfunktionen mehrere Excel-Formeln schreiben, um die Gro\u00df-\/Kleinschreibung von Text zu \u00e4ndern.\" \/>\n<meta property=\"og:url\" content=\"https:\/\/exceladvisor.org\/de\/andern-sie-die-gross-kleinschreibung-des-textes\/\" \/>\n<meta property=\"og:site_name\" content=\"Excel Advisor\" \/>\n<meta property=\"article:modified_time\" content=\"2023-12-03T11:13:42+00:00\" \/>\n<meta property=\"og:image\" content=\"https:\/\/exceladvisor.org\/wp-content\/uploads\/2023\/08\/1-majuscule.png\" \/>\n<meta name=\"twitter:card\" content=\"summary_large_image\" \/>\n<meta name=\"twitter:label1\" content=\"Gesch\u00e4tzte Lesezeit\" \/>\n\t<meta name=\"twitter:data1\" content=\"2\u00a0Minuten\" \/>\n<script type=\"application\/ld+json\" class=\"yoast-schema-graph\">{\"@context\":\"https:\/\/schema.org\",\"@graph\":[{\"@type\":\"WebPage\",\"@id\":\"https:\/\/exceladvisor.org\/de\/andern-sie-die-gross-kleinschreibung-des-textes\/\",\"url\":\"https:\/\/exceladvisor.org\/de\/andern-sie-die-gross-kleinschreibung-des-textes\/\",\"name\":\"Wie \u00e4ndere ich die Gro\u00df-\/Kleinschreibung von Texten in Excel? (Leitfaden 2023)\",\"isPartOf\":{\"@id\":\"https:\/\/exceladvisor.org\/de\/#website\"},\"primaryImageOfPage\":{\"@id\":\"https:\/\/exceladvisor.org\/de\/andern-sie-die-gross-kleinschreibung-des-textes\/#primaryimage\"},\"image\":{\"@id\":\"https:\/\/exceladvisor.org\/de\/andern-sie-die-gross-kleinschreibung-des-textes\/#primaryimage\"},\"thumbnailUrl\":\"https:\/\/exceladvisor.org\/wp-content\/uploads\/2023\/08\/1-majuscule.png\",\"datePublished\":\"2023-11-08T00:26:59+00:00\",\"dateModified\":\"2023-12-03T11:13:42+00:00\",\"description\":\"In diesem Tutorial erfahren Sie, wie Sie mithilfe von drei Hauptfunktionen mehrere Excel-Formeln schreiben, um die Gro\u00df-\/Kleinschreibung von Text zu \u00e4ndern.\",\"breadcrumb\":{\"@id\":\"https:\/\/exceladvisor.org\/de\/andern-sie-die-gross-kleinschreibung-des-textes\/#breadcrumb\"},\"inLanguage\":\"de\",\"potentialAction\":[{\"@type\":\"ReadAction\",\"target\":[\"https:\/\/exceladvisor.org\/de\/andern-sie-die-gross-kleinschreibung-des-textes\/\"]}]},{\"@type\":\"ImageObject\",\"inLanguage\":\"de\",\"@id\":\"https:\/\/exceladvisor.org\/de\/andern-sie-die-gross-kleinschreibung-des-textes\/#primaryimage\",\"url\":\"https:\/\/exceladvisor.org\/wp-content\/uploads\/2023\/08\/1-majuscule.png\",\"contentUrl\":\"https:\/\/exceladvisor.org\/wp-content\/uploads\/2023\/08\/1-majuscule.png\"},{\"@type\":\"BreadcrumbList\",\"@id\":\"https:\/\/exceladvisor.org\/de\/andern-sie-die-gross-kleinschreibung-des-textes\/#breadcrumb\",\"itemListElement\":[{\"@type\":\"ListItem\",\"position\":1,\"name\":\"Accueil\",\"item\":\"https:\/\/exceladvisor.org\/de\/\"},{\"@type\":\"ListItem\",\"position\":2,\"name\":\"Wie \u00e4ndere ich die gro\u00df-\/kleinschreibung von texten in excel?\"}]},{\"@type\":\"WebSite\",\"@id\":\"https:\/\/exceladvisor.org\/de\/#website\",\"url\":\"https:\/\/exceladvisor.org\/de\/\",\"name\":\"Excel Advisor\",\"description\":\"Ihr Leitfaden zur Datendominanz\",\"publisher\":{\"@id\":\"https:\/\/exceladvisor.org\/de\/#organization\"},\"potentialAction\":[{\"@type\":\"SearchAction\",\"target\":{\"@type\":\"EntryPoint\",\"urlTemplate\":\"https:\/\/exceladvisor.org\/de\/?s={search_term_string}\"},\"query-input\":{\"@type\":\"PropertyValueSpecification\",\"valueRequired\":true,\"valueName\":\"search_term_string\"}}],\"inLanguage\":\"de\"},{\"@type\":\"Organization\",\"@id\":\"https:\/\/exceladvisor.org\/de\/#organization\",\"name\":\"Excel Advisor\",\"url\":\"https:\/\/exceladvisor.org\/de\/\",\"logo\":{\"@type\":\"ImageObject\",\"inLanguage\":\"de\",\"@id\":\"https:\/\/exceladvisor.org\/de\/#\/schema\/logo\/image\/\",\"url\":\"https:\/\/exceladvisor.org\/de\/wp-content\/uploads\/2023\/11\/exceladvisor.org_.png\",\"contentUrl\":\"https:\/\/exceladvisor.org\/de\/wp-content\/uploads\/2023\/11\/exceladvisor.org_.png\",\"width\":105,\"height\":36,\"caption\":\"Excel Advisor\"},\"image\":{\"@id\":\"https:\/\/exceladvisor.org\/de\/#\/schema\/logo\/image\/\"}}]}<\/script>\n<!-- \/ Yoast SEO plugin. -->","yoast_head_json":{"title":"Wie \u00e4ndere ich die Gro\u00df-\/Kleinschreibung von Texten in Excel? (Leitfaden 2023)","description":"In diesem Tutorial erfahren Sie, wie Sie mithilfe von drei Hauptfunktionen mehrere Excel-Formeln schreiben, um die Gro\u00df-\/Kleinschreibung von Text zu \u00e4ndern.","robots":{"index":"index","follow":"follow","max-snippet":"max-snippet:-1","max-image-preview":"max-image-preview:large","max-video-preview":"max-video-preview:-1"},"canonical":"https:\/\/exceladvisor.org\/de\/andern-sie-die-gross-kleinschreibung-des-textes\/","og_locale":"de_DE","og_type":"article","og_title":"Wie \u00e4ndere ich die Gro\u00df-\/Kleinschreibung von Texten in Excel? (Leitfaden 2023)","og_description":"In diesem Tutorial erfahren Sie, wie Sie mithilfe von drei Hauptfunktionen mehrere Excel-Formeln schreiben, um die Gro\u00df-\/Kleinschreibung von Text zu \u00e4ndern.","og_url":"https:\/\/exceladvisor.org\/de\/andern-sie-die-gross-kleinschreibung-des-textes\/","og_site_name":"Excel Advisor","article_modified_time":"2023-12-03T11:13:42+00:00","og_image":[{"url":"https:\/\/exceladvisor.org\/wp-content\/uploads\/2023\/08\/1-majuscule.png","type":"","width":"","height":""}],"twitter_card":"summary_large_image","twitter_misc":{"Gesch\u00e4tzte Lesezeit":"2\u00a0Minuten"},"schema":{"@context":"https:\/\/schema.org","@graph":[{"@type":"WebPage","@id":"https:\/\/exceladvisor.org\/de\/andern-sie-die-gross-kleinschreibung-des-textes\/","url":"https:\/\/exceladvisor.org\/de\/andern-sie-die-gross-kleinschreibung-des-textes\/","name":"Wie \u00e4ndere ich die Gro\u00df-\/Kleinschreibung von Texten in Excel? (Leitfaden 2023)","isPartOf":{"@id":"https:\/\/exceladvisor.org\/de\/#website"},"primaryImageOfPage":{"@id":"https:\/\/exceladvisor.org\/de\/andern-sie-die-gross-kleinschreibung-des-textes\/#primaryimage"},"image":{"@id":"https:\/\/exceladvisor.org\/de\/andern-sie-die-gross-kleinschreibung-des-textes\/#primaryimage"},"thumbnailUrl":"https:\/\/exceladvisor.org\/wp-content\/uploads\/2023\/08\/1-majuscule.png","datePublished":"2023-11-08T00:26:59+00:00","dateModified":"2023-12-03T11:13:42+00:00","description":"In diesem Tutorial erfahren Sie, wie Sie mithilfe von drei Hauptfunktionen mehrere Excel-Formeln schreiben, um die Gro\u00df-\/Kleinschreibung von Text zu \u00e4ndern.","breadcrumb":{"@id":"https:\/\/exceladvisor.org\/de\/andern-sie-die-gross-kleinschreibung-des-textes\/#breadcrumb"},"inLanguage":"de","potentialAction":[{"@type":"ReadAction","target":["https:\/\/exceladvisor.org\/de\/andern-sie-die-gross-kleinschreibung-des-textes\/"]}]},{"@type":"ImageObject","inLanguage":"de","@id":"https:\/\/exceladvisor.org\/de\/andern-sie-die-gross-kleinschreibung-des-textes\/#primaryimage","url":"https:\/\/exceladvisor.org\/wp-content\/uploads\/2023\/08\/1-majuscule.png","contentUrl":"https:\/\/exceladvisor.org\/wp-content\/uploads\/2023\/08\/1-majuscule.png"},{"@type":"BreadcrumbList","@id":"https:\/\/exceladvisor.org\/de\/andern-sie-die-gross-kleinschreibung-des-textes\/#breadcrumb","itemListElement":[{"@type":"ListItem","position":1,"name":"Accueil","item":"https:\/\/exceladvisor.org\/de\/"},{"@type":"ListItem","position":2,"name":"Wie \u00e4ndere ich die gro\u00df-\/kleinschreibung von texten in excel?"}]},{"@type":"WebSite","@id":"https:\/\/exceladvisor.org\/de\/#website","url":"https:\/\/exceladvisor.org\/de\/","name":"Excel Advisor","description":"Ihr Leitfaden zur Datendominanz","publisher":{"@id":"https:\/\/exceladvisor.org\/de\/#organization"},"potentialAction":[{"@type":"SearchAction","target":{"@type":"EntryPoint","urlTemplate":"https:\/\/exceladvisor.org\/de\/?s={search_term_string}"},"query-input":{"@type":"PropertyValueSpecification","valueRequired":true,"valueName":"search_term_string"}}],"inLanguage":"de"},{"@type":"Organization","@id":"https:\/\/exceladvisor.org\/de\/#organization","name":"Excel Advisor","url":"https:\/\/exceladvisor.org\/de\/","logo":{"@type":"ImageObject","inLanguage":"de","@id":"https:\/\/exceladvisor.org\/de\/#\/schema\/logo\/image\/","url":"https:\/\/exceladvisor.org\/de\/wp-content\/uploads\/2023\/11\/exceladvisor.org_.png","contentUrl":"https:\/\/exceladvisor.org\/de\/wp-content\/uploads\/2023\/11\/exceladvisor.org_.png","width":105,"height":36,"caption":"Excel Advisor"},"image":{"@id":"https:\/\/exceladvisor.org\/de\/#\/schema\/logo\/image\/"}}]}},"yoast_meta":{"yoast_wpseo_title":"","yoast_wpseo_metadesc":"","yoast_wpseo_canonical":""},"_links":{"self":[{"href":"https:\/\/exceladvisor.org\/de\/wp-json\/wp\/v2\/pages\/3235","targetHints":{"allow":["GET"]}}],"collection":[{"href":"https:\/\/exceladvisor.org\/de\/wp-json\/wp\/v2\/pages"}],"about":[{"href":"https:\/\/exceladvisor.org\/de\/wp-json\/wp\/v2\/types\/page"}],"author":[{"embeddable":true,"href":"https:\/\/exceladvisor.org\/de\/wp-json\/wp\/v2\/users\/1"}],"replies":[{"embeddable":true,"href":"https:\/\/exceladvisor.org\/de\/wp-json\/wp\/v2\/comments?post=3235"}],"version-history":[{"count":1,"href":"https:\/\/exceladvisor.org\/de\/wp-json\/wp\/v2\/pages\/3235\/revisions"}],"predecessor-version":[{"id":3851,"href":"https:\/\/exceladvisor.org\/de\/wp-json\/wp\/v2\/pages\/3235\/revisions\/3851"}],"wp:attachment":[{"href":"https:\/\/exceladvisor.org\/de\/wp-json\/wp\/v2\/media?parent=3235"}],"curies":[{"name":"wp","href":"https:\/\/api.w.org\/{rel}","templated":true}]}}