{"id":3236,"date":"2023-11-07T22:26:40","date_gmt":"2023-11-07T22:26:40","guid":{"rendered":"https:\/\/exceladvisor.org\/de\/platzhalter-2\/"},"modified":"2023-12-03T11:12:25","modified_gmt":"2023-12-03T11:12:25","slug":"platzhalter-2","status":"publish","type":"page","link":"https:\/\/exceladvisor.org\/de\/platzhalter-2\/","title":{"rendered":"Excel-platzhalter \u2013 sternchen*, fragezeichen?"},"content":{"rendered":"<div class=\"excel-vor-dem-inhalt\" id=\"excel-4167180610\"><script type=\"text\/javascript\">\r\n\tatOptions = {\r\n\t\t'key' : 'c1158f160081d6540a8409e6925dab94',\r\n\t\t'format' : 'iframe',\r\n\t\t'height' : 250,\r\n\t\t'width' : 300,\r\n\t\t'params' : {}\r\n\t};\r\n<\/script>\r\n<script type=\"text\/javascript\" src=\"\/\/www.highperformanceformat.com\/c1158f160081d6540a8409e6925dab94\/invoke.js\"><\/script><\/div> <p>Manchmal ist die Arbeit mit Daten nicht so einfach, manchmal stehen wir vor komplexen Problemen.<\/p><div class=\"gb-container gb-container-ab70ac7a\"><p> Angenommen, Sie m\u00f6chten in den Daten nach dem Text \u201eDelhi\u201c suchen. Aber in diesen Daten gibt es das Wort \u201eNeu-Delhi\u201c und nicht \u201eDelhi\u201c. In dieser Situation k\u00f6nnen Sie nun weder zuordnen noch suchen. Hier ben\u00f6tigen Sie eine M\u00f6glichkeit, die es Ihnen erm\u00f6glicht, nur den verf\u00fcgbaren Wert oder Teilwert (Delhi) zu verwenden, um den tats\u00e4chlichen Wert (Neu-Delhi) abzugleichen oder zu suchen.<\/p><p> Daf\u00fcr sind Excel-Platzhalter gedacht. Mit diesen Platzhaltern k\u00f6nnen Sie Text mit teilweiser \u00dcbereinstimmung suchen\/finden. In Excel liegt der gr\u00f6\u00dfte Vorteil dieser Zeichen in Such- und Textfunktionen. Dies gibt Ihnen mehr Flexibilit\u00e4t, wenn der Wert unbekannt oder teilweise verf\u00fcgbar ist.<\/p><\/div><p> Deshalb m\u00f6chte ich Ihnen heute in diesem Artikel erkl\u00e4ren, was Platzhalter sind, wie man sie verwendet, welche Typen es gibt und Beispiele f\u00fcr die Verwendung mit verschiedenen Funktionen. Lass uns anfangen.<\/p><h2 id=\"tab-con-3\" class=\"wp-block-heading\"> Was sind Excel-Platzhalter?<\/h2><p> Excel-Platzhalter sind spezielle Zeichentypen, die ein oder mehrere andere Zeichen darstellen. Es wird in regul\u00e4ren Ausdr\u00fccken verwendet und ersetzt diese durch unbekannte Zeichen. Einfach ausgedr\u00fcckt: Wenn Sie sich nicht sicher sind, welches Zeichen genau verwendet werden soll, k\u00f6nnen Sie dort einen Platzhalter verwenden.<\/p><h2 id=\"tab-con-1\" class=\"wp-block-heading\"> Excel-Platzhalterzeichentypen<\/h2><p> In Excel gibt es 3 verschiedene Platzhalter <strong><span style=\"background-color: #fff44f;\">Asterisk, Question Mark und Tilde<\/span><\/strong> . Und jeder von ihnen hat seine eigene Bedeutung und Verwendung.<\/p><p> Vorab werden wir jeden dieser Charaktere im Detail besprechen, damit Sie ihn in verschiedenen Situationen verwenden k\u00f6nnen.<\/p><h3 id=\"tab-con-5\" class=\"wp-block-heading\"> 1. Sternchen (*)<\/h3><p> Der Stern ist einer der beliebtesten Platzhalter. Es kann beliebig viele Zeichen (nacheinander) aus einem Text finden. Wenn Sie beispielsweise Pi* verwenden, erhalten Sie W\u00f6rter wie Pivot, Image, Picnic usw.<\/p><p> Wie Sie bemerken, haben alle diese W\u00f6rter Pi am Anfang und sp\u00e4ter unterschiedliche Zeichen. Lassen Sie uns anhand eines Beispiels verstehen, wie es funktioniert. Unten finden Sie Daten, in denen Sie St\u00e4dtenamen und deren Klassifizierung in einer einzigen Zelle haben. <\/p><div class=\"wp-block-image\"><figure class=\"aligncenter\"><img decoding=\"async\" src=\"https:\/\/exceladvisor.org\/wp-content\/uploads\/2023\/08\/donnees-de-ville-a-utiliser-avec-des-caracteres-generiques-asterisque-dans-Excel.png\" sizes=\"\" srcset=\"\" alt=\"Stadtdaten zur Verwendung mit Sternchen-Platzhaltern in Excel1\"><\/figure><\/div><p> Von hier aus m\u00fcssen Sie nun die Anzahl der St\u00e4dte in jeder Klassifizierung z\u00e4hlen. und daf\u00fcr k\u00f6nnen Sie ein Sternchen mit COUNTIF verwenden.<\/p><p> =COUNTIF(Stadt,Klassifizierung&amp;\u201c*\u201c) <\/p><div class=\"wp-block-image\"><figure class=\"aligncenter\"><img decoding=\"async\" src=\"https:\/\/exceladvisor.org\/wp-content\/uploads\/2023\/08\/formule-a-utiliser-avec-les-caracteres-generiques-asterisque-dans-Excel.png\" sizes=\"\" srcset=\"\" alt=\"Formel zur Verwendung mit Sternchen-Platzhaltern in Excel\"><\/figure><\/div><p> In dieser Formel haben Sie den Zellklassifizierungstext mit einem Sternchen kombiniert. Die Formel stimmt also nur mit dem Klassifizierungstext in der Zelle \u00fcberein und das Sternchen funktioniert wie die \u00fcbrigen Zeichen. Und am Ende erhalten Sie die Anzahl der St\u00e4dte entsprechend der Klassifizierung.<\/p><h3 class=\"wp-block-heading\"> 2. Fragezeichen<\/h3><p> Mit einem Fragezeichen k\u00f6nnen Sie ein einzelnes Zeichen in einem Text ersetzen. Einfach ausgedr\u00fcckt: Es hilft Ihnen, pr\u00e4ziser zu sein und trotzdem den teilweisen Abgleich zu verwenden. Wenn Sie beispielsweise C?amps verwenden, werden Champions und Schimpansen aus den Daten zur\u00fcckgegeben.<\/p><h3 class=\"wp-block-heading\"> 3. Tild\u00e9 (~)<\/h3><p> Der wahre Zweck einer Tilde besteht darin, den Effekt eines Platzhalters r\u00fcckg\u00e4ngig zu machen. Angenommen, Sie m\u00f6chten den genauen Ausdruck \u201epivot*\u201c finden. Wenn Sie \u201epivot*\u201c als Zeichenfolge verwenden, erhalten Sie jedes Wort, das Felder am Anfang hat (z. B. eine Pivot-Tabelle oder eine Pivot-Tabelle).<\/p><p> Speziell f\u00fcr die Pivot*-Zeichenfolge sollten Sie ~ verwenden. Dein Kanal w\u00e4re also Pivot~*. Hier stellt ~ sicher, dass Excel das n\u00e4chste Zeichen unver\u00e4ndert und nicht als Platzhalter liest.<\/p><h2 id=\"tab-con-2\" class=\"wp-block-heading\"> Platzhalter mit Excel-Funktionen<\/h2><p> Wir k\u00f6nnen die drei Platzhalter problemlos mit allen <a style=\"outline: none;\" href=\"https:\/\/exceladvisor.org\/de\/excel-funktionen\/\">Hauptfunktionen<\/a> verwenden. Funktionen wie VLOOKUP, HLOOKUP, SUMIF, SUMIFS, COUNTIF, COUNTIFS, SUCHE, FINDEN und <a href=\"https:\/\/exceladvisor.org\/de\/ruckwartssuche\/\">Reverse LOOKUP<\/a> .<\/p><p> Sie k\u00f6nnen diese Liste mit allen Funktionen erweitern, die Sie zum Abgleichen eines Werts, f\u00fcr Suchen oder zum Suchen von Text verwenden. Zuvor werde ich Ihnen einige Beispiele mit Funktionen + Such- und Ersetzungsoptionen + bedingter Formatierung + mit Zahlen vorstellen.<\/p><h3 class=\"wp-block-heading\"> 1. Mit SUMIF<\/h3><p> Nachfolgend finden Sie Daten mit Rechnungsnummern und deren Betrag. Und wir m\u00fcssen die Betr\u00e4ge addieren, bei denen die Rechnungsnummern mit \u201eProdukt-A\u201c beginnen. <\/p><div class=\"wp-block-image\"><figure class=\"aligncenter\"><img decoding=\"async\" src=\"https:\/\/exceladvisor.org\/wp-content\/uploads\/2023\/08\/donnees-pour-utiliser-des-caracteres-generiques-avec-sumif-excel.png\" sizes=\"\" srcset=\"\" alt=\"Daten zur Verwendung von Platzhaltern mit Sumif Excel\"><\/figure><\/div><p> Dazu k\u00f6nnen wir SUMIF mit Platzhaltern verwenden. Und die Formel wird sein:<\/p><p> =SUMWENN(F2:F11,\u201cProdukt-A*\u201c,G2:G11) <\/p><div class=\"wp-block-image\"><figure class=\"aligncenter\"><img decoding=\"async\" src=\"https:\/\/exceladvisor.org\/wp-content\/uploads\/2023\/08\/formule-pour-utiliser-des-caracteres-generiques-avec-sumif-excel.png\" sizes=\"\" srcset=\"\" alt=\"Formel zur Verwendung von Platzhaltern mit Sumif Excel\"><\/figure><\/div><p> Im obigen Beispiel haben wir am Ende ein Sternchen mit den Kriterien verwendet. Wie wir erfahren haben, kann ein Sternchen Teiltexte mit einer beliebigen Anzahl von Folgezeichen finden.<\/p><p> Und hier haben wir es mit \u201eProdukt-A\u201c verwendet. Es werden also Werte abgeglichen, bei denen \u201eProdukt-A\u201c am Anfang des Werts steht.<\/p><h3 id=\"tab-con-7\" class=\"wp-block-heading\"> 2. <a href=\"https:\/\/exceladvisor.org\/de\/platzhalter-mit-vlookup\/\">Mit VOOKUP<\/a><\/h3><p> Nehmen wir an, Sie haben eine Liste der Sch\u00fcler mit ihren vollst\u00e4ndigen Namen und Noten. Jetzt m\u00f6chten Sie VLOOKUP verwenden, um Markierungen in einer anderen Liste zu erhalten, in der Sie nur deren Vornamen haben. <\/p><div class=\"wp-block-image\"><figure class=\"aligncenter\"><img decoding=\"async\" src=\"https:\/\/exceladvisor.org\/wp-content\/uploads\/2023\/08\/utilisation-de-caracteres-generiques-Excel-avec-des-donnees-vlookup.png\" sizes=\"\" srcset=\"\" alt=\"\"><\/figure><\/div><p> Und daf\u00fcr lautet die Formel:<\/p><p> = <a href=\"https:\/\/exceladvisor.org\/de\/excel-suchfunktionen\/\" target=\"_blank\" rel=\"noopener\">VLOOKUP<\/a> (Vorname&amp;\u201c*\u201c,marks_table,2,0) <\/p><div class=\"wp-block-image\"><figure class=\"aligncenter\"><img decoding=\"async\" src=\"https:\/\/exceladvisor.org\/wp-content\/uploads\/2023\/08\/utilisation-de-caracteres-generiques-Excel-avec-la-formule-vlookup.png\" sizes=\"\" srcset=\"\" alt=\"\"><\/figure><\/div><p> Im obigen Beispiel haben Sie vlookup mit einem Sternchen verwendet, um Markierungen nur mit dem Vornamen zu erhalten.<\/p><h3 id=\"tab-con-8\" class=\"wp-block-heading\"> 3. Zu finden und zu ersetzen<\/h3><p> Die Verwendung von Platzhaltern beim Suchen und Ersetzen kann Wunder f\u00fcr Ihre Daten bewirken. <\/p><div class=\"wp-block-image\"><figure class=\"aligncenter\"><img decoding=\"async\" src=\"https:\/\/exceladvisor.org\/wp-content\/uploads\/2023\/08\/utiliser-des-caracteres-generiques-Excel-avec-les-options-de-remplacement-de-recherche.gif\" sizes=\"\" srcset=\"\" alt=\"Verwenden Sie Excel-Platzhalter mit Suchersetzungsoptionen\"><\/figure><\/div><p> Im obigen Beispiel haben Sie das Wort \u201eExceladvisor\u201c, das unterschiedliche Zeichen enth\u00e4lt.<\/p><p> Und Sie m\u00f6chten diese Zeichen durch ein einzelnes Leerzeichen ersetzen. Sie k\u00f6nnen dies sogar mit der Option \u201eErsetzen\u201c tun, allerdings m\u00fcssen Sie in diesem Fall jedes Zeichen einzeln ersetzen. Sie k\u00f6nnen jedoch ein Fragezeichen (?) verwenden, um alle anderen Zeichen durch ein Leerzeichen zu ersetzen.<\/p><p> Suchen Sie nach \u201eExcel?Advisor\u201c und \u00e4ndern Sie es in \u201eExcel Advisor\u201c, um alle unerw\u00fcnschten Zeichen zu entfernen.<\/p><h3 id=\"tab-con-9\" class=\"wp-block-heading\"> 4. In bedingter Formatierung<\/h3><p> Sie k\u00f6nnen diese Platzhalter auch bei bedingter Formatierung verwenden. Nehmen wir an, Sie m\u00f6chten in einer Liste die Namen von St\u00e4dten hervorheben, die mit dem Buchstaben A beginnen.<\/p><ul><li> W\u00e4hlen Sie zun\u00e4chst den ersten Eintrag in der Liste aus und gehen Sie dann zu Start \u2192 Stile \u2192 Bedingte Formatierung.<\/li><li> Klicken Sie nun auf die Option \u201eNeue Regel\u201c und w\u00e4hlen Sie \u201eEine Formel verwenden, um zu bestimmen, welche Zellen formatiert werden sollen\u201c.<\/li><li> Geben Sie im Formeleingabefeld =IF(COUNTIF(E2,&#8220;A*&#8220;),TRUE,FALSE) ein.<\/li><li> Legen Sie die gew\u00fcnschte Formatierung fest, die Sie zum Hervorheben verwenden m\u00f6chten. <\/li><\/ul><div class=\"wp-block-image\"><figure class=\"aligncenter\"><img decoding=\"async\" src=\"https:\/\/exceladvisor.org\/wp-content\/uploads\/2023\/08\/Caracteres-generiques-dans-Excel-8-1.png\" sizes=\"\" srcset=\"\" alt=\"\"><\/figure><\/div><ul><li> Jetzt habe ich in der ersten Zelle der Liste eine bedingte Formatierung verwendet und muss sie auf die gesamte Liste anwenden.<\/li><li> W\u00e4hlen Sie die erste Zelle aus, auf die Sie Ihre Formatierungsregel angewendet haben.<\/li><li> Gehen Sie zu Start \u2192 Zwischenablage \u2192 Format Painter.<\/li><li> W\u00e4hlen Sie die gesamte Liste aus und alle Namen, die mit dem Buchstaben A beginnen, werden hervorgehoben. <\/li><\/ul><div class=\"wp-block-image\"><figure class=\"aligncenter\"><img decoding=\"async\" src=\"https:\/\/exceladvisor.org\/wp-content\/uploads\/2023\/08\/Caracteres-generiques-dans-Excel-9-1.png\" sizes=\"\" srcset=\"\" alt=\"\"><\/figure><\/div><h3 id=\"tab-con-10\" class=\"wp-block-heading\"> 5. Werte filtern<\/h3><p> Platzhalter wirken in Filtern wie Magie. Nehmen wir an, Sie haben eine Liste von St\u00e4dten und m\u00f6chten St\u00e4dtenamen filtern, die mit A, B, C oder einem anderen Buchstaben beginnen. Sie k\u00f6nnen hierf\u00fcr A* oder B* oder C* verwenden. <\/p><div class=\"wp-block-image\"><figure class=\"aligncenter\"><img decoding=\"async\" src=\"https:\/\/exceladvisor.org\/wp-content\/uploads\/2023\/08\/utiliser-des-caracteres-generiques-Excel-avec-des-filtres.gif\" sizes=\"\" srcset=\"\" alt=\"Verwenden Sie Excel-Platzhalter mit Filtern\"><\/figure><\/div><p> Dadurch erhalten Sie den genauen Namen der St\u00e4dte, die mit diesem Buchstaben beginnen. Und wenn Sie nach einem Zeichen suchen m\u00f6chten, das mit einem bestimmten Buchstaben endet, k\u00f6nnen Sie es vor diesem Buchstaben (*A, *B,*C usw.) verwenden.<\/p><h3 id=\"tab-con-11\" class=\"wp-block-heading\"> 6. Mit Zahlen<\/h3><p> Sie k\u00f6nnen diese Platzhalter mit Zahlen verwenden, m\u00fcssen diese Zahlen jedoch in Text umwandeln. <\/p><div class=\"wp-block-image\"><figure class=\"aligncenter\"><img decoding=\"async\" src=\"https:\/\/exceladvisor.org\/wp-content\/uploads\/2023\/08\/utiliser-des-caracteres-generiques-dans-Excel-lorsque-vous-navez-que-des-chiffres.png\" sizes=\"\" srcset=\"\" alt=\"Verwenden Sie Platzhalter in Excel, wenn Sie nur Zahlen haben\"><\/figure><\/div><p> Im obigen Beispiel haben Sie die Match-Funktion und die Textfunktion verwendet, um einen teilweisen Match durchzuf\u00fchren. Die Textfunktion gibt ein Array zur\u00fcck, indem sie den gesamten Bereich in Text umwandelt und nach dieser \u00dcbereinstimmungsfunktion nach einem Wert sucht, der bei 98 beginnt.<\/p><h2 id=\"tab-con-4\" class=\"wp-block-heading\"> Beispieldatei<\/h2><p> <a style=\"outline: none;\" href=\"https:\/\/exceladvisor.org\/wp-content\/uploads\/2023\/11\/caracteres-generiques.xlsx\" rel=\"nofollow\">Laden Sie diese Beispieldatei hier herunter,<\/a> um mehr zu erfahren.<\/p><h2 id=\"tab-con-12\" class=\"wp-block-heading\"> Abschluss<\/h2><p> Mit Platzhaltern k\u00f6nnen Sie die Leistung von Funktionen verbessern, wenn Ihre Daten nicht im richtigen Format vorliegen.<\/p><p> Diese Zeichen helfen Ihnen, einen Wert mithilfe der teilweisen \u00dcbereinstimmung zu finden oder abzugleichen, was Ihnen die M\u00f6glichkeit gibt, mit unregelm\u00e4\u00dfigen Textwerten umzugehen. Und das Beste daran ist, dass Sie drei verschiedene Charaktere verwenden k\u00f6nnen.<\/p><p> <strong>Haben Sie diese Platzhalter schon einmal verwendet?<\/strong><\/p><p> Teilen Sie mir Ihre Gedanken im Kommentarbereich mit, ich w\u00fcrde mich freuen, von Ihnen zu h\u00f6ren. Und vergessen Sie nicht, diesen Tipp mit Ihren Freunden zu teilen.<\/p><div class=\"gb-container gb-container-0df56012 gb-container-mt\"> <a class=\"gb-button gb-button-f9f432f4 gb-button-text gb-button-mt-button\" href=\"https:\/\/exceladvisor.org\/de\/formeln\/\">Liste der Excel-Formeln<\/a><h2 class=\"gb-headline gb-headline-233444e8 gb-headline-text gb-headline-mt-heading\"> Verwandte Formeln <\/h2><div class=\"gb-grid-wrapper gb-grid-wrapper-a16fa65c gb-grid-wrapper-mt-grid\"><div class=\"gb-grid-column gb-grid-column-50d07e0d\"><div class=\"gb-container gb-container-50d07e0d\"><ul><li> <a href=\"https:\/\/exceladvisor.org\/de\/referenz-3d\/\">3D-Referenz in Excel<\/a><\/li><li> <a href=\"https:\/\/exceladvisor.org\/de\/formel-ausblenden\/\">Formel in Excel ausblenden<\/a><\/li><li> <a href=\"https:\/\/exceladvisor.org\/de\/r1c1\/\">R1C1-Referenzstil in Excel<\/a><\/li><\/ul><\/div><\/div><\/div><\/div>","protected":false},"excerpt":{"rendered":"","protected":false},"author":1,"featured_media":0,"parent":0,"menu_order":0,"comment_status":"open","ping_status":"closed","template":"","meta":{"ub_ctt_via":"","footnotes":""},"class_list":["post-3236","page","type-page","status-publish","hentry"],"featured_image_src":null,"yoast_head":"<!-- This site is optimized with the Yoast SEO plugin v25.4 - https:\/\/yoast.com\/wordpress\/plugins\/seo\/ -->\n<title>Excel-Platzhalter \u2013 Sternchen*, Fragezeichen?<\/title>\n<meta name=\"description\" content=\"Erfahren Sie, wie Sie Platzhalter in Excel verwenden, um Text mit teilweiser \u00dcbereinstimmung zu finden.\" \/>\n<meta name=\"robots\" content=\"index, follow, max-snippet:-1, max-image-preview:large, max-video-preview:-1\" \/>\n<link rel=\"canonical\" href=\"https:\/\/exceladvisor.org\/de\/platzhalter-2\/\" \/>\n<meta property=\"og:locale\" content=\"de_DE\" \/>\n<meta property=\"og:type\" content=\"article\" \/>\n<meta property=\"og:title\" content=\"Excel-Platzhalter \u2013 Sternchen*, Fragezeichen?\" \/>\n<meta property=\"og:description\" content=\"Erfahren Sie, wie Sie Platzhalter in Excel verwenden, um Text mit teilweiser \u00dcbereinstimmung zu finden.\" \/>\n<meta property=\"og:url\" content=\"https:\/\/exceladvisor.org\/de\/platzhalter-2\/\" \/>\n<meta property=\"og:site_name\" content=\"Excel Advisor\" \/>\n<meta property=\"article:modified_time\" content=\"2023-12-03T11:12:25+00:00\" \/>\n<meta property=\"og:image\" content=\"https:\/\/exceladvisor.org\/wp-content\/uploads\/2023\/08\/donnees-de-ville-a-utiliser-avec-des-caracteres-generiques-asterisque-dans-Excel.png\" \/>\n<meta name=\"twitter:card\" content=\"summary_large_image\" \/>\n<meta name=\"twitter:label1\" content=\"Gesch\u00e4tzte Lesezeit\" \/>\n\t<meta name=\"twitter:data1\" content=\"6\u00a0Minuten\" \/>\n<script type=\"application\/ld+json\" class=\"yoast-schema-graph\">{\"@context\":\"https:\/\/schema.org\",\"@graph\":[{\"@type\":\"WebPage\",\"@id\":\"https:\/\/exceladvisor.org\/de\/platzhalter-2\/\",\"url\":\"https:\/\/exceladvisor.org\/de\/platzhalter-2\/\",\"name\":\"Excel-Platzhalter \u2013 Sternchen*, Fragezeichen?\",\"isPartOf\":{\"@id\":\"https:\/\/exceladvisor.org\/de\/#website\"},\"primaryImageOfPage\":{\"@id\":\"https:\/\/exceladvisor.org\/de\/platzhalter-2\/#primaryimage\"},\"image\":{\"@id\":\"https:\/\/exceladvisor.org\/de\/platzhalter-2\/#primaryimage\"},\"thumbnailUrl\":\"https:\/\/exceladvisor.org\/wp-content\/uploads\/2023\/08\/donnees-de-ville-a-utiliser-avec-des-caracteres-generiques-asterisque-dans-Excel.png\",\"datePublished\":\"2023-11-07T22:26:40+00:00\",\"dateModified\":\"2023-12-03T11:12:25+00:00\",\"description\":\"Erfahren Sie, wie Sie Platzhalter in Excel verwenden, um Text mit teilweiser \u00dcbereinstimmung zu finden.\",\"breadcrumb\":{\"@id\":\"https:\/\/exceladvisor.org\/de\/platzhalter-2\/#breadcrumb\"},\"inLanguage\":\"de\",\"potentialAction\":[{\"@type\":\"ReadAction\",\"target\":[\"https:\/\/exceladvisor.org\/de\/platzhalter-2\/\"]}]},{\"@type\":\"ImageObject\",\"inLanguage\":\"de\",\"@id\":\"https:\/\/exceladvisor.org\/de\/platzhalter-2\/#primaryimage\",\"url\":\"https:\/\/exceladvisor.org\/wp-content\/uploads\/2023\/08\/donnees-de-ville-a-utiliser-avec-des-caracteres-generiques-asterisque-dans-Excel.png\",\"contentUrl\":\"https:\/\/exceladvisor.org\/wp-content\/uploads\/2023\/08\/donnees-de-ville-a-utiliser-avec-des-caracteres-generiques-asterisque-dans-Excel.png\"},{\"@type\":\"BreadcrumbList\",\"@id\":\"https:\/\/exceladvisor.org\/de\/platzhalter-2\/#breadcrumb\",\"itemListElement\":[{\"@type\":\"ListItem\",\"position\":1,\"name\":\"Accueil\",\"item\":\"https:\/\/exceladvisor.org\/de\/\"},{\"@type\":\"ListItem\",\"position\":2,\"name\":\"Excel-platzhalter \u2013 sternchen*, fragezeichen?\"}]},{\"@type\":\"WebSite\",\"@id\":\"https:\/\/exceladvisor.org\/de\/#website\",\"url\":\"https:\/\/exceladvisor.org\/de\/\",\"name\":\"Excel Advisor\",\"description\":\"Ihr Leitfaden zur Datendominanz\",\"publisher\":{\"@id\":\"https:\/\/exceladvisor.org\/de\/#organization\"},\"potentialAction\":[{\"@type\":\"SearchAction\",\"target\":{\"@type\":\"EntryPoint\",\"urlTemplate\":\"https:\/\/exceladvisor.org\/de\/?s={search_term_string}\"},\"query-input\":{\"@type\":\"PropertyValueSpecification\",\"valueRequired\":true,\"valueName\":\"search_term_string\"}}],\"inLanguage\":\"de\"},{\"@type\":\"Organization\",\"@id\":\"https:\/\/exceladvisor.org\/de\/#organization\",\"name\":\"Excel Advisor\",\"url\":\"https:\/\/exceladvisor.org\/de\/\",\"logo\":{\"@type\":\"ImageObject\",\"inLanguage\":\"de\",\"@id\":\"https:\/\/exceladvisor.org\/de\/#\/schema\/logo\/image\/\",\"url\":\"https:\/\/exceladvisor.org\/de\/wp-content\/uploads\/2023\/11\/exceladvisor.org_.png\",\"contentUrl\":\"https:\/\/exceladvisor.org\/de\/wp-content\/uploads\/2023\/11\/exceladvisor.org_.png\",\"width\":105,\"height\":36,\"caption\":\"Excel Advisor\"},\"image\":{\"@id\":\"https:\/\/exceladvisor.org\/de\/#\/schema\/logo\/image\/\"}}]}<\/script>\n<!-- \/ Yoast SEO plugin. -->","yoast_head_json":{"title":"Excel-Platzhalter \u2013 Sternchen*, Fragezeichen?","description":"Erfahren Sie, wie Sie Platzhalter in Excel verwenden, um Text mit teilweiser \u00dcbereinstimmung zu finden.","robots":{"index":"index","follow":"follow","max-snippet":"max-snippet:-1","max-image-preview":"max-image-preview:large","max-video-preview":"max-video-preview:-1"},"canonical":"https:\/\/exceladvisor.org\/de\/platzhalter-2\/","og_locale":"de_DE","og_type":"article","og_title":"Excel-Platzhalter \u2013 Sternchen*, Fragezeichen?","og_description":"Erfahren Sie, wie Sie Platzhalter in Excel verwenden, um Text mit teilweiser \u00dcbereinstimmung zu finden.","og_url":"https:\/\/exceladvisor.org\/de\/platzhalter-2\/","og_site_name":"Excel Advisor","article_modified_time":"2023-12-03T11:12:25+00:00","og_image":[{"url":"https:\/\/exceladvisor.org\/wp-content\/uploads\/2023\/08\/donnees-de-ville-a-utiliser-avec-des-caracteres-generiques-asterisque-dans-Excel.png","type":"","width":"","height":""}],"twitter_card":"summary_large_image","twitter_misc":{"Gesch\u00e4tzte Lesezeit":"6\u00a0Minuten"},"schema":{"@context":"https:\/\/schema.org","@graph":[{"@type":"WebPage","@id":"https:\/\/exceladvisor.org\/de\/platzhalter-2\/","url":"https:\/\/exceladvisor.org\/de\/platzhalter-2\/","name":"Excel-Platzhalter \u2013 Sternchen*, Fragezeichen?","isPartOf":{"@id":"https:\/\/exceladvisor.org\/de\/#website"},"primaryImageOfPage":{"@id":"https:\/\/exceladvisor.org\/de\/platzhalter-2\/#primaryimage"},"image":{"@id":"https:\/\/exceladvisor.org\/de\/platzhalter-2\/#primaryimage"},"thumbnailUrl":"https:\/\/exceladvisor.org\/wp-content\/uploads\/2023\/08\/donnees-de-ville-a-utiliser-avec-des-caracteres-generiques-asterisque-dans-Excel.png","datePublished":"2023-11-07T22:26:40+00:00","dateModified":"2023-12-03T11:12:25+00:00","description":"Erfahren Sie, wie Sie Platzhalter in Excel verwenden, um Text mit teilweiser \u00dcbereinstimmung zu finden.","breadcrumb":{"@id":"https:\/\/exceladvisor.org\/de\/platzhalter-2\/#breadcrumb"},"inLanguage":"de","potentialAction":[{"@type":"ReadAction","target":["https:\/\/exceladvisor.org\/de\/platzhalter-2\/"]}]},{"@type":"ImageObject","inLanguage":"de","@id":"https:\/\/exceladvisor.org\/de\/platzhalter-2\/#primaryimage","url":"https:\/\/exceladvisor.org\/wp-content\/uploads\/2023\/08\/donnees-de-ville-a-utiliser-avec-des-caracteres-generiques-asterisque-dans-Excel.png","contentUrl":"https:\/\/exceladvisor.org\/wp-content\/uploads\/2023\/08\/donnees-de-ville-a-utiliser-avec-des-caracteres-generiques-asterisque-dans-Excel.png"},{"@type":"BreadcrumbList","@id":"https:\/\/exceladvisor.org\/de\/platzhalter-2\/#breadcrumb","itemListElement":[{"@type":"ListItem","position":1,"name":"Accueil","item":"https:\/\/exceladvisor.org\/de\/"},{"@type":"ListItem","position":2,"name":"Excel-platzhalter \u2013 sternchen*, fragezeichen?"}]},{"@type":"WebSite","@id":"https:\/\/exceladvisor.org\/de\/#website","url":"https:\/\/exceladvisor.org\/de\/","name":"Excel Advisor","description":"Ihr Leitfaden zur Datendominanz","publisher":{"@id":"https:\/\/exceladvisor.org\/de\/#organization"},"potentialAction":[{"@type":"SearchAction","target":{"@type":"EntryPoint","urlTemplate":"https:\/\/exceladvisor.org\/de\/?s={search_term_string}"},"query-input":{"@type":"PropertyValueSpecification","valueRequired":true,"valueName":"search_term_string"}}],"inLanguage":"de"},{"@type":"Organization","@id":"https:\/\/exceladvisor.org\/de\/#organization","name":"Excel Advisor","url":"https:\/\/exceladvisor.org\/de\/","logo":{"@type":"ImageObject","inLanguage":"de","@id":"https:\/\/exceladvisor.org\/de\/#\/schema\/logo\/image\/","url":"https:\/\/exceladvisor.org\/de\/wp-content\/uploads\/2023\/11\/exceladvisor.org_.png","contentUrl":"https:\/\/exceladvisor.org\/de\/wp-content\/uploads\/2023\/11\/exceladvisor.org_.png","width":105,"height":36,"caption":"Excel Advisor"},"image":{"@id":"https:\/\/exceladvisor.org\/de\/#\/schema\/logo\/image\/"}}]}},"yoast_meta":{"yoast_wpseo_title":"","yoast_wpseo_metadesc":"","yoast_wpseo_canonical":""},"_links":{"self":[{"href":"https:\/\/exceladvisor.org\/de\/wp-json\/wp\/v2\/pages\/3236","targetHints":{"allow":["GET"]}}],"collection":[{"href":"https:\/\/exceladvisor.org\/de\/wp-json\/wp\/v2\/pages"}],"about":[{"href":"https:\/\/exceladvisor.org\/de\/wp-json\/wp\/v2\/types\/page"}],"author":[{"embeddable":true,"href":"https:\/\/exceladvisor.org\/de\/wp-json\/wp\/v2\/users\/1"}],"replies":[{"embeddable":true,"href":"https:\/\/exceladvisor.org\/de\/wp-json\/wp\/v2\/comments?post=3236"}],"version-history":[{"count":1,"href":"https:\/\/exceladvisor.org\/de\/wp-json\/wp\/v2\/pages\/3236\/revisions"}],"predecessor-version":[{"id":3756,"href":"https:\/\/exceladvisor.org\/de\/wp-json\/wp\/v2\/pages\/3236\/revisions\/3756"}],"wp:attachment":[{"href":"https:\/\/exceladvisor.org\/de\/wp-json\/wp\/v2\/media?parent=3236"}],"curies":[{"name":"wp","href":"https:\/\/api.w.org\/{rel}","templated":true}]}}