{"id":3237,"date":"2023-11-07T22:12:22","date_gmt":"2023-11-07T22:12:22","guid":{"rendered":"https:\/\/exceladvisor.org\/de\/jahr-und-monat-extrahieren\/"},"modified":"2023-12-03T11:20:02","modified_gmt":"2023-12-03T11:20:02","slug":"jahr-und-monat-extrahieren","status":"publish","type":"page","link":"https:\/\/exceladvisor.org\/de\/jahr-und-monat-extrahieren\/","title":{"rendered":"Wie extrahiere ich das jahr oder den monat aus einem datum?"},"content":{"rendered":"<div class=\"excel-vor-dem-inhalt\" id=\"excel-4007020765\"><script type=\"text\/javascript\">\r\n\tatOptions = {\r\n\t\t'key' : 'c1158f160081d6540a8409e6925dab94',\r\n\t\t'format' : 'iframe',\r\n\t\t'height' : 250,\r\n\t\t'width' : 300,\r\n\t\t'params' : {}\r\n\t};\r\n<\/script>\r\n<script type=\"text\/javascript\" src=\"\/\/www.highperformanceformat.com\/c1158f160081d6540a8409e6925dab94\/invoke.js\"><\/script><\/div> <p>Wenn Sie in Excel arbeiten, m\u00fcssen Sie das Jahr m\u00f6glicherweise nur aus einem Datum ermitteln. Nun, es gibt eine einfache Formel, die Sie daf\u00fcr verwenden k\u00f6nnen. In diesem Tutorial versuchen wir, ein Jahr oder einen Monat aus einem Datum in Excel zu extrahieren. <\/p><div class=\"wp-block-image\"><figure class=\"aligncenter size-full is-resized\"><img loading=\"lazy\" decoding=\"async\" class=\"wp-image-74940\" src=\"https:\/\/exceladvisor.org\/wp-content\/uploads\/2023\/08\/1-an-a-compter-de-la-date.png\" sizes=\"auto, \" srcset=\"\" alt=\"Jahr ab Datum\" width=\"473\" height=\"270\"><\/figure><\/div><h2 class=\"wp-block-heading\"> Extrahieren Sie das Jahr aus einem Datum<\/h2><p> Gehen Sie folgenderma\u00dfen vor, um das Jahr aus dem Datum in Zelle A1 zu ermitteln:<\/p><ol type=\"1\"><li> <a href=\"https:\/\/exceladvisor.org\/de\/zelle-bearbeiten\/\">Bearbeiten Sie zun\u00e4chst Zelle B1<\/a> und geben Sie das \u201e=\u201c ein.<\/li><li> Geben Sie anschlie\u00dfend die YEAR-Funktion und f\u00fchrende Klammern ein.<\/li><li> Schauen Sie sich nun Zelle A1 an, in der sich das Datum befindet.<\/li><li> Geben Sie am Ende schlie\u00dfende Klammern ein und dr\u00fccken Sie die Eingabetaste, um das Ergebnis zu erhalten. <\/li><\/ol><div class=\"wp-block-image\"><figure class=\"aligncenter size-full is-resized\"><img loading=\"lazy\" decoding=\"async\" class=\"wp-image-74941\" src=\"https:\/\/exceladvisor.org\/wp-content\/uploads\/2023\/08\/2-extraire-lannee-a-partir-de-la-date.png\" sizes=\"auto, \" srcset=\"\" alt=\"Jahr-seit-Datum extrahieren\" width=\"266\" height=\"101\"><\/figure><\/div><pre class=\"wp-block-code\"> <code class=\"language-excel-formula\" lang=\"excel-formula\">=YEAR(A1)<\/code><\/pre><h2 class=\"wp-block-heading\"> Extrahieren Sie den Monat aus einem Datum<\/h2><p> Wenn Sie in Zelle A1 ein Datum haben und den Monat daraus extrahieren m\u00f6chten, gehen Sie folgenderma\u00dfen vor:<\/p><ol><li> Geben Sie zun\u00e4chst in Zelle B1 \u201e=\u201c ein.<\/li><li> Geben Sie danach die MONTH-Funktion ein und beginnen Sie mit den Klammern.<\/li><li> Schauen Sie sich nun Zelle A1 an, in der sich das Datum befindet.<\/li><li> Geben Sie am Ende schlie\u00dfende Klammern ein und dr\u00fccken Sie die Eingabetaste, um das Ergebnis zu erhalten. <\/li><\/ol><div class=\"wp-block-image\"><figure class=\"aligncenter size-full is-resized\"><img loading=\"lazy\" decoding=\"async\" class=\"wp-image-74942\" src=\"https:\/\/exceladvisor.org\/wp-content\/uploads\/2023\/08\/3-extrait-mois-a-partir-de-la-date.png\" sizes=\"auto, \" srcset=\"\" alt=\"Auszug aus Monat und Datum\" width=\"501\" height=\"251\"><\/figure><\/div><pre class=\"wp-block-code\"> <code class=\"language-excel-formula\" lang=\"excel-formula\">=MONTH(A1)<\/code><\/pre><h2 class=\"wp-block-heading\"> Verwenden Sie die TEXT-Funktion, um das Jahr oder den Monat aus dem Datum abzurufen<\/h2><p> Neben den oben besprochenen Funktionen k\u00f6nnen Sie mit TEXT das Jahr und den Monat aus dem Datum ermitteln. In der Textfunktion m\u00fcssen Sie zwei Argumente festlegen: Das erste ist das Datum und das zweite ist der Formattext, den Sie aus dem Datum extrahieren m\u00f6chten.<\/p><p> Im folgenden Beispiel haben Sie die Textfunktion mit dem Textformat \u201eYYYY\u201c, die das Jahr vierstellig zur\u00fcckgibt. <\/p><div class=\"wp-block-image\"><figure class=\"aligncenter size-full is-resized\"><img loading=\"lazy\" decoding=\"async\" class=\"wp-image-74943\" src=\"https:\/\/exceladvisor.org\/wp-content\/uploads\/2023\/08\/4-fonction-de-texte-pour-obtenir-lannee.png\" sizes=\"auto, \" srcset=\"\" alt=\"Textfunktion, um das Jahr zu erhalten\" width=\"478\" height=\"227\"><\/figure><\/div><p> Und wenn Sie eine zweistellige Jahreszahl erhalten m\u00f6chten, k\u00f6nnen Sie den folgenden format_text verwenden. <\/p><div class=\"wp-block-image\"><figure class=\"aligncenter size-full is-resized\"><img loading=\"lazy\" decoding=\"async\" class=\"wp-image-74944\" src=\"https:\/\/exceladvisor.org\/wp-content\/uploads\/2023\/08\/5-fonction-de-texte-annee-a-deux-chiffres.png\" sizes=\"auto, \" srcset=\"\" alt=\"Textfunktion-zweistelliges Jahr\" width=\"472\" height=\"273\"><\/figure><\/div><p> Ebenso k\u00f6nnen Sie den format_text \u201eMMM\u201c verwenden, um den Monatswert aus dem Datum abzurufen. <\/p><div class=\"wp-block-image\"><figure class=\"aligncenter size-full is-resized\"><img loading=\"lazy\" decoding=\"async\" class=\"wp-image-74945\" src=\"https:\/\/exceladvisor.org\/wp-content\/uploads\/2023\/08\/6-fonction-de-texte-pour-obtenir-le-mois.png\" sizes=\"auto, \" srcset=\"\" alt=\"Textfunktion, um den Monat zu erhalten\" width=\"472\" height=\"275\"><\/figure><\/div><p> Um einen Monat im vollst\u00e4ndigen Namen zu erhalten. <\/p><div class=\"wp-block-image\"><figure class=\"aligncenter size-full is-resized\"><img loading=\"lazy\" decoding=\"async\" class=\"wp-image-74946\" src=\"https:\/\/exceladvisor.org\/wp-content\/uploads\/2023\/08\/7-mois-complet.png\" sizes=\"auto, \" srcset=\"\" alt=\"vollst\u00e4ndiger Monatsname\" width=\"482\" height=\"252\"><\/figure><\/div><p> Und nur die Zahl im Ergebnis zu bekommen. <\/p><div class=\"wp-block-image\"><figure class=\"aligncenter size-full is-resized\"><img loading=\"lazy\" decoding=\"async\" class=\"wp-image-74947\" src=\"https:\/\/exceladvisor.org\/wp-content\/uploads\/2023\/08\/8-obtenir-le-mois-en-nombre.png\" sizes=\"auto, \" srcset=\"\" alt=\"Get-Monat-als-Nummer\" width=\"474\" height=\"246\"><\/figure><\/div><h2 class=\"wp-block-heading\"> Benutzerdefinierte Formatierung verwenden. Erhalten Sie ein Jahr oder einen Monat f\u00fcr ein Datum<\/h2><p> Sie k\u00f6nnen auch eine benutzerdefinierte Formatierung verwenden, um ein Datum in ein Jahr oder einen Monat umzuwandeln. Diese Methode zeigt nur das Jahr oder den Monat f\u00fcr ein Datum an, das Sie in der Zelle haben. <\/p><div class=\"wp-block-image\"><figure class=\"aligncenter size-full is-resized\"><img loading=\"lazy\" decoding=\"async\" class=\"wp-image-74948\" src=\"https:\/\/exceladvisor.org\/wp-content\/uploads\/2023\/08\/9-formatage-personnalise-pour-obtenir-lannee.png\" sizes=\"auto, \" srcset=\"\" alt=\"Benutzerdefinierte Formatierung, um das Jahr zu erhalten\" width=\"641\" height=\"391\"><\/figure><\/div><ol type=\"1\"><li> W\u00e4hlen Sie die Zelle oder den Zellbereich aus, in der sich die Daten befinden.<\/li><li> \u00d6ffnen Sie die Formatoptionen <a href=\"https:\/\/exceladvisor.org\/de\/optionen-zum-offnen-von-zellenformaten\/\">mit Strg + 1<\/a> .<\/li><li> Klicken Sie auf die Option \u201eBenutzerdefiniert\u201c und dann auf den Eingabeleistentyp \u201eAAAA\u201c.<\/li><li> Und klicken Sie dann auf OK.<\/li><\/ol><p> Sobald Sie auf \u201eOK\u201c klicken, wird das Jahr anstelle des gesamten Datums angezeigt. <\/p><div class=\"wp-block-image\"><figure class=\"aligncenter size-full is-resized\"><img loading=\"lazy\" decoding=\"async\" class=\"wp-image-74949\" src=\"https:\/\/exceladvisor.org\/wp-content\/uploads\/2023\/08\/10-annee-de-spectacle-seulement.png\" sizes=\"auto, \" srcset=\"\" alt=\"Nur im Ausstellungsjahr\" width=\"380\" height=\"264\"><\/figure><\/div><p> Ebenso k\u00f6nnen Sie in der Eingabeleiste \u201eTyp\u201c das Monatsformat eingeben, um den Monat anstelle des Datums anzuzeigen. <\/p><div class=\"wp-block-image\"><figure class=\"aligncenter size-full is-resized\"><img loading=\"lazy\" decoding=\"async\" class=\"wp-image-74950\" src=\"https:\/\/exceladvisor.org\/wp-content\/uploads\/2023\/08\/11-saisir-le-mois-dans-la-barre-de-saisie.png\" sizes=\"auto, \" srcset=\"\" alt=\"Geben Sie den Monat in die Eingabeleiste ein\" width=\"619\" height=\"367\"><\/figure><\/div><div class=\"gb-container gb-container-52dfcee1 gb-container-sample-file\"><h2 class=\"gb-headline gb-headline-e289c143 gb-headline-text gb-headline-4f7959c2\"> Holen Sie sich die Excel-Datei<\/h2><p> <a class=\"gb-button gb-button-e88d6bee gb-button-text gb-button-button1\" href=\"https:\/\/exceladvisor.org\/wp-content\/uploads\/2023\/08\/extraire-lannee.xlsx\" rel=\"nofollow\">Herunterladen<\/a><\/p><\/div><div class=\"gb-container gb-container-0df56012 gb-container-mt\"> <a class=\"gb-button gb-button-f9f432f4 gb-button-text gb-button-mt-button\" href=\"https:\/\/exceladvisor.org\/de\/formeln\/\">Liste der Excel-Formeln<\/a><h2 class=\"gb-headline gb-headline-233444e8 gb-headline-text gb-headline-mt-heading\"> Verwandte Formeln <\/h2><div class=\"gb-grid-wrapper gb-grid-wrapper-a16fa65c gb-grid-wrapper-mt-grid\"><div class=\"gb-grid-column gb-grid-column-50d07e0d\"><div class=\"gb-container gb-container-50d07e0d\"><ul><li> <a href=\"https:\/\/exceladvisor.org\/de\/fugen-sie-die-bisherigen-jahre-hinzu\/\">F\u00fcgen Sie die bisherigen Jahre in Excel hinzu<\/a><\/li><li> <a href=\"https:\/\/exceladvisor.org\/de\/zahlen-sie-die-jahre-zwischen-zwei-daten\/\">Z\u00e4hlen Sie die Jahre zwischen zwei Daten in Excel<\/a><\/li><li> <a href=\"https:\/\/exceladvisor.org\/de\/holen-sie-sich-die-nummer-des-tages-des-jahres\/\">Ermitteln Sie die Anzahl der Tage im Jahr in Excel<\/a><\/li><li> <a href=\"https:\/\/exceladvisor.org\/de\/erhalten-sie-2-dienstjahre\/\">Erhalten Sie jahrelangen Service in Excel<\/a><\/li><li> <a href=\"https:\/\/exceladvisor.org\/de\/jahre-zwischen-daten\/\">Jahre zwischen Datumsangaben in Excel<\/a> <\/li><\/ul><\/div><\/div><div class=\"gb-grid-column gb-grid-column-5b4a0cf9\"><div class=\"gb-container gb-container-5b4a0cf9\"><\/div><\/div><\/div><\/div>","protected":false},"excerpt":{"rendered":"","protected":false},"author":1,"featured_media":0,"parent":0,"menu_order":0,"comment_status":"open","ping_status":"closed","template":"","meta":{"ub_ctt_via":"","footnotes":""},"class_list":["post-3237","page","type-page","status-publish","hentry"],"featured_image_src":null,"yoast_head":"<!-- This site is optimized with the Yoast SEO plugin v25.4 - https:\/\/yoast.com\/wordpress\/plugins\/seo\/ -->\n<title>Wie extrahiere ich das Jahr oder den Monat aus einem Datum? (Leitfaden 2023)<\/title>\n<meta name=\"description\" content=\"In diesem Formel-Tutorial erfahren Sie, wie Sie ein Jahr oder einen Monat aus einem Datumswert extrahieren. Wir werden drei lernen\" \/>\n<meta name=\"robots\" content=\"index, follow, max-snippet:-1, max-image-preview:large, max-video-preview:-1\" \/>\n<link rel=\"canonical\" href=\"https:\/\/exceladvisor.org\/de\/jahr-und-monat-extrahieren\/\" \/>\n<meta property=\"og:locale\" content=\"de_DE\" \/>\n<meta property=\"og:type\" content=\"article\" \/>\n<meta property=\"og:title\" content=\"Wie extrahiere ich das Jahr oder den Monat aus einem Datum? (Leitfaden 2023)\" \/>\n<meta property=\"og:description\" content=\"In diesem Formel-Tutorial erfahren Sie, wie Sie ein Jahr oder einen Monat aus einem Datumswert extrahieren. Wir werden drei lernen\" \/>\n<meta property=\"og:url\" content=\"https:\/\/exceladvisor.org\/de\/jahr-und-monat-extrahieren\/\" \/>\n<meta property=\"og:site_name\" content=\"Excel Advisor\" \/>\n<meta property=\"article:modified_time\" content=\"2023-12-03T11:20:02+00:00\" \/>\n<meta property=\"og:image\" content=\"https:\/\/exceladvisor.org\/wp-content\/uploads\/2023\/08\/1-an-a-compter-de-la-date.png\" \/>\n<meta name=\"twitter:card\" content=\"summary_large_image\" \/>\n<meta name=\"twitter:label1\" content=\"Gesch\u00e4tzte Lesezeit\" \/>\n\t<meta name=\"twitter:data1\" content=\"3\u00a0Minuten\" \/>\n<script type=\"application\/ld+json\" class=\"yoast-schema-graph\">{\"@context\":\"https:\/\/schema.org\",\"@graph\":[{\"@type\":\"WebPage\",\"@id\":\"https:\/\/exceladvisor.org\/de\/jahr-und-monat-extrahieren\/\",\"url\":\"https:\/\/exceladvisor.org\/de\/jahr-und-monat-extrahieren\/\",\"name\":\"Wie extrahiere ich das Jahr oder den Monat aus einem Datum? (Leitfaden 2023)\",\"isPartOf\":{\"@id\":\"https:\/\/exceladvisor.org\/de\/#website\"},\"primaryImageOfPage\":{\"@id\":\"https:\/\/exceladvisor.org\/de\/jahr-und-monat-extrahieren\/#primaryimage\"},\"image\":{\"@id\":\"https:\/\/exceladvisor.org\/de\/jahr-und-monat-extrahieren\/#primaryimage\"},\"thumbnailUrl\":\"https:\/\/exceladvisor.org\/wp-content\/uploads\/2023\/08\/1-an-a-compter-de-la-date.png\",\"datePublished\":\"2023-11-07T22:12:22+00:00\",\"dateModified\":\"2023-12-03T11:20:02+00:00\",\"description\":\"In diesem Formel-Tutorial erfahren Sie, wie Sie ein Jahr oder einen Monat aus einem Datumswert extrahieren. Wir werden drei lernen\",\"breadcrumb\":{\"@id\":\"https:\/\/exceladvisor.org\/de\/jahr-und-monat-extrahieren\/#breadcrumb\"},\"inLanguage\":\"de\",\"potentialAction\":[{\"@type\":\"ReadAction\",\"target\":[\"https:\/\/exceladvisor.org\/de\/jahr-und-monat-extrahieren\/\"]}]},{\"@type\":\"ImageObject\",\"inLanguage\":\"de\",\"@id\":\"https:\/\/exceladvisor.org\/de\/jahr-und-monat-extrahieren\/#primaryimage\",\"url\":\"https:\/\/exceladvisor.org\/wp-content\/uploads\/2023\/08\/1-an-a-compter-de-la-date.png\",\"contentUrl\":\"https:\/\/exceladvisor.org\/wp-content\/uploads\/2023\/08\/1-an-a-compter-de-la-date.png\"},{\"@type\":\"BreadcrumbList\",\"@id\":\"https:\/\/exceladvisor.org\/de\/jahr-und-monat-extrahieren\/#breadcrumb\",\"itemListElement\":[{\"@type\":\"ListItem\",\"position\":1,\"name\":\"Accueil\",\"item\":\"https:\/\/exceladvisor.org\/de\/\"},{\"@type\":\"ListItem\",\"position\":2,\"name\":\"Wie extrahiere ich das jahr oder den monat aus einem datum?\"}]},{\"@type\":\"WebSite\",\"@id\":\"https:\/\/exceladvisor.org\/de\/#website\",\"url\":\"https:\/\/exceladvisor.org\/de\/\",\"name\":\"Excel Advisor\",\"description\":\"Ihr Leitfaden zur Datendominanz\",\"publisher\":{\"@id\":\"https:\/\/exceladvisor.org\/de\/#organization\"},\"potentialAction\":[{\"@type\":\"SearchAction\",\"target\":{\"@type\":\"EntryPoint\",\"urlTemplate\":\"https:\/\/exceladvisor.org\/de\/?s={search_term_string}\"},\"query-input\":{\"@type\":\"PropertyValueSpecification\",\"valueRequired\":true,\"valueName\":\"search_term_string\"}}],\"inLanguage\":\"de\"},{\"@type\":\"Organization\",\"@id\":\"https:\/\/exceladvisor.org\/de\/#organization\",\"name\":\"Excel Advisor\",\"url\":\"https:\/\/exceladvisor.org\/de\/\",\"logo\":{\"@type\":\"ImageObject\",\"inLanguage\":\"de\",\"@id\":\"https:\/\/exceladvisor.org\/de\/#\/schema\/logo\/image\/\",\"url\":\"https:\/\/exceladvisor.org\/de\/wp-content\/uploads\/2023\/11\/exceladvisor.org_.png\",\"contentUrl\":\"https:\/\/exceladvisor.org\/de\/wp-content\/uploads\/2023\/11\/exceladvisor.org_.png\",\"width\":105,\"height\":36,\"caption\":\"Excel Advisor\"},\"image\":{\"@id\":\"https:\/\/exceladvisor.org\/de\/#\/schema\/logo\/image\/\"}}]}<\/script>\n<!-- \/ Yoast SEO plugin. -->","yoast_head_json":{"title":"Wie extrahiere ich das Jahr oder den Monat aus einem Datum? (Leitfaden 2023)","description":"In diesem Formel-Tutorial erfahren Sie, wie Sie ein Jahr oder einen Monat aus einem Datumswert extrahieren. Wir werden drei lernen","robots":{"index":"index","follow":"follow","max-snippet":"max-snippet:-1","max-image-preview":"max-image-preview:large","max-video-preview":"max-video-preview:-1"},"canonical":"https:\/\/exceladvisor.org\/de\/jahr-und-monat-extrahieren\/","og_locale":"de_DE","og_type":"article","og_title":"Wie extrahiere ich das Jahr oder den Monat aus einem Datum? (Leitfaden 2023)","og_description":"In diesem Formel-Tutorial erfahren Sie, wie Sie ein Jahr oder einen Monat aus einem Datumswert extrahieren. Wir werden drei lernen","og_url":"https:\/\/exceladvisor.org\/de\/jahr-und-monat-extrahieren\/","og_site_name":"Excel Advisor","article_modified_time":"2023-12-03T11:20:02+00:00","og_image":[{"url":"https:\/\/exceladvisor.org\/wp-content\/uploads\/2023\/08\/1-an-a-compter-de-la-date.png","type":"","width":"","height":""}],"twitter_card":"summary_large_image","twitter_misc":{"Gesch\u00e4tzte Lesezeit":"3\u00a0Minuten"},"schema":{"@context":"https:\/\/schema.org","@graph":[{"@type":"WebPage","@id":"https:\/\/exceladvisor.org\/de\/jahr-und-monat-extrahieren\/","url":"https:\/\/exceladvisor.org\/de\/jahr-und-monat-extrahieren\/","name":"Wie extrahiere ich das Jahr oder den Monat aus einem Datum? (Leitfaden 2023)","isPartOf":{"@id":"https:\/\/exceladvisor.org\/de\/#website"},"primaryImageOfPage":{"@id":"https:\/\/exceladvisor.org\/de\/jahr-und-monat-extrahieren\/#primaryimage"},"image":{"@id":"https:\/\/exceladvisor.org\/de\/jahr-und-monat-extrahieren\/#primaryimage"},"thumbnailUrl":"https:\/\/exceladvisor.org\/wp-content\/uploads\/2023\/08\/1-an-a-compter-de-la-date.png","datePublished":"2023-11-07T22:12:22+00:00","dateModified":"2023-12-03T11:20:02+00:00","description":"In diesem Formel-Tutorial erfahren Sie, wie Sie ein Jahr oder einen Monat aus einem Datumswert extrahieren. Wir werden drei lernen","breadcrumb":{"@id":"https:\/\/exceladvisor.org\/de\/jahr-und-monat-extrahieren\/#breadcrumb"},"inLanguage":"de","potentialAction":[{"@type":"ReadAction","target":["https:\/\/exceladvisor.org\/de\/jahr-und-monat-extrahieren\/"]}]},{"@type":"ImageObject","inLanguage":"de","@id":"https:\/\/exceladvisor.org\/de\/jahr-und-monat-extrahieren\/#primaryimage","url":"https:\/\/exceladvisor.org\/wp-content\/uploads\/2023\/08\/1-an-a-compter-de-la-date.png","contentUrl":"https:\/\/exceladvisor.org\/wp-content\/uploads\/2023\/08\/1-an-a-compter-de-la-date.png"},{"@type":"BreadcrumbList","@id":"https:\/\/exceladvisor.org\/de\/jahr-und-monat-extrahieren\/#breadcrumb","itemListElement":[{"@type":"ListItem","position":1,"name":"Accueil","item":"https:\/\/exceladvisor.org\/de\/"},{"@type":"ListItem","position":2,"name":"Wie extrahiere ich das jahr oder den monat aus einem datum?"}]},{"@type":"WebSite","@id":"https:\/\/exceladvisor.org\/de\/#website","url":"https:\/\/exceladvisor.org\/de\/","name":"Excel Advisor","description":"Ihr Leitfaden zur Datendominanz","publisher":{"@id":"https:\/\/exceladvisor.org\/de\/#organization"},"potentialAction":[{"@type":"SearchAction","target":{"@type":"EntryPoint","urlTemplate":"https:\/\/exceladvisor.org\/de\/?s={search_term_string}"},"query-input":{"@type":"PropertyValueSpecification","valueRequired":true,"valueName":"search_term_string"}}],"inLanguage":"de"},{"@type":"Organization","@id":"https:\/\/exceladvisor.org\/de\/#organization","name":"Excel Advisor","url":"https:\/\/exceladvisor.org\/de\/","logo":{"@type":"ImageObject","inLanguage":"de","@id":"https:\/\/exceladvisor.org\/de\/#\/schema\/logo\/image\/","url":"https:\/\/exceladvisor.org\/de\/wp-content\/uploads\/2023\/11\/exceladvisor.org_.png","contentUrl":"https:\/\/exceladvisor.org\/de\/wp-content\/uploads\/2023\/11\/exceladvisor.org_.png","width":105,"height":36,"caption":"Excel Advisor"},"image":{"@id":"https:\/\/exceladvisor.org\/de\/#\/schema\/logo\/image\/"}}]}},"yoast_meta":{"yoast_wpseo_title":"","yoast_wpseo_metadesc":"","yoast_wpseo_canonical":""},"_links":{"self":[{"href":"https:\/\/exceladvisor.org\/de\/wp-json\/wp\/v2\/pages\/3237","targetHints":{"allow":["GET"]}}],"collection":[{"href":"https:\/\/exceladvisor.org\/de\/wp-json\/wp\/v2\/pages"}],"about":[{"href":"https:\/\/exceladvisor.org\/de\/wp-json\/wp\/v2\/types\/page"}],"author":[{"embeddable":true,"href":"https:\/\/exceladvisor.org\/de\/wp-json\/wp\/v2\/users\/1"}],"replies":[{"embeddable":true,"href":"https:\/\/exceladvisor.org\/de\/wp-json\/wp\/v2\/comments?post=3237"}],"version-history":[{"count":1,"href":"https:\/\/exceladvisor.org\/de\/wp-json\/wp\/v2\/pages\/3237\/revisions"}],"predecessor-version":[{"id":3982,"href":"https:\/\/exceladvisor.org\/de\/wp-json\/wp\/v2\/pages\/3237\/revisions\/3982"}],"wp:attachment":[{"href":"https:\/\/exceladvisor.org\/de\/wp-json\/wp\/v2\/media?parent=3237"}],"curies":[{"name":"wp","href":"https:\/\/api.w.org\/{rel}","templated":true}]}}