{"id":3238,"date":"2023-11-07T21:54:41","date_gmt":"2023-11-07T21:54:41","guid":{"rendered":"https:\/\/exceladvisor.org\/de\/richtig-falsch\/"},"modified":"2023-12-03T11:13:08","modified_gmt":"2023-12-03T11:13:08","slug":"richtig-falsch","status":"publish","type":"page","link":"https:\/\/exceladvisor.org\/de\/richtig-falsch\/","title":{"rendered":"Wahr und falsch in excel (boolesche werte)"},"content":{"rendered":"<div class=\"excel-vor-dem-inhalt\" id=\"excel-3576443290\"><script type=\"text\/javascript\">\r\n\tatOptions = {\r\n\t\t'key' : 'c1158f160081d6540a8409e6925dab94',\r\n\t\t'format' : 'iframe',\r\n\t\t'height' : 250,\r\n\t\t'width' : 300,\r\n\t\t'params' : {}\r\n\t};\r\n<\/script>\r\n<script type=\"text\/javascript\" src=\"\/\/www.highperformanceformat.com\/c1158f160081d6540a8409e6925dab94\/invoke.js\"><\/script><\/div> <p>TRUE und FALSE sind boolesche Werte. Beide Werte stellen das Ergebnis einer Bedingung dar. Beispielsweise ist 1 = 1 WAHR und 1 = 2 FALSCH. In beiden F\u00e4llen haben wir einen booleschen Wert, der Ihnen hilft, das Ergebnis zu verstehen. Diese werden auch Wahrheitswerte genannt.<\/p><p> In Excel gibt es zwei M\u00f6glichkeiten, diese booleschen Werte zu verwenden.<\/p><ul><li> Sie geben sie in eine Zelle ein.<\/li><li> Sie erhalten sie entsprechend zur\u00fcck.<\/li><\/ul><p> In den meisten F\u00e4llen (bei der Arbeit in Excel) m\u00fcssen Sie sie nicht manuell in eine Zelle eingeben. Und es gibt mehrere andere M\u00f6glichkeiten, mit denen Sie in einer Zelle entsprechend WAHR und FALSCH ermitteln k\u00f6nnen.<\/p><p class=\"qt-tip\"> <strong>Hinweis:<\/strong> TRUE und FALSE entsprechen 1 bzw. 0.<\/p><h2 class=\"wp-block-heading\"> Verwenden Sie die Funktionen TRUE und FALSE<\/h2><p> In Excel gibt es zwei spezielle Funktionen, TRUE und FALSE, um die beiden booleschen Werte zu erhalten. <\/p><div class=\"wp-block-image\"><figure class=\"aligncenter size-full is-resized\"><img loading=\"lazy\" decoding=\"async\" class=\"wp-image-89018\" src=\"https:\/\/exceladvisor.org\/wp-content\/uploads\/2023\/08\/1-vrai-ou-faux-dans-excel.png\" sizes=\"auto, \" srcset=\"\" alt=\"wahr oder falsch in Excel\" width=\"378\" height=\"256\"><\/figure><\/div><p> Bei diesen Funktionen m\u00fcssen Sie kein Argument in der Funktion angeben.<\/p><pre class=\"wp-block-preformatted\"> =TRUE()\n=FALSE()<\/pre><h2 class=\"wp-block-heading\"> Erhalten Sie das Ergebnis, indem Sie es unter bestimmten Bedingungen testen<\/h2><p> Wenn Sie eine Bedingung testen, ist das Ergebnis immer TURE oder FALSE. Und das sind die Situationen, in denen man in Excel h\u00e4ufig mit WAHR und FALSCH zu tun hat.<\/p><p> Wenn Sie 1 = 1 testen, gibt Ihre Formel WAHR zur\u00fcck. <\/p><div class=\"wp-block-image\"><figure class=\"aligncenter size-full is-resized\"><img loading=\"lazy\" decoding=\"async\" class=\"wp-image-89019\" src=\"https:\/\/exceladvisor.org\/wp-content\/uploads\/2023\/08\/2-formule-renvoie-vrai.png\" sizes=\"auto, \" srcset=\"\" alt=\"Formel gibt True zur\u00fcck\" width=\"427\" height=\"239\"><\/figure><\/div><p> Wenn Sie jedoch 1=2 testen, gibt Ihre Formel FALSE zur\u00fcck. <\/p><div class=\"wp-block-image\"><figure class=\"aligncenter size-full is-resized\"><img loading=\"lazy\" decoding=\"async\" class=\"wp-image-89020\" src=\"https:\/\/exceladvisor.org\/wp-content\/uploads\/2023\/08\/3-formule-renvoie-faux.png\" sizes=\"auto, \" srcset=\"\" alt=\"Formel gibt \u201efalse\u201c zur\u00fcck\" width=\"423\" height=\"201\"><\/figure><\/div><p> TRUE und FALSE sind die Grundlagen f\u00fcr die Darstellung des Ergebnisses einer Bedingung in Excel. Obwohl die IF-Funktion in Excel auch mit TRUE und FALSE funktioniert. <\/p><div class=\"wp-block-image\"><figure class=\"aligncenter size-full is-resized\"><img loading=\"lazy\" decoding=\"async\" class=\"wp-image-89021\" src=\"https:\/\/exceladvisor.org\/wp-content\/uploads\/2023\/08\/4-vrai-et-faux-expriment-le-resultat-de-la-condition.png\" sizes=\"auto, \" srcset=\"\" alt=\"Wahr und falsch dr\u00fccken das Ergebnis der Bedingung aus\" width=\"266\" height=\"128\"><\/figure><\/div><p> Die gesamte Arbeit der IF-Funktion basiert auf den Werten TRUE und FALSE.<\/p><h2 class=\"wp-block-heading\"> Verwendung logischer Operatoren<\/h2><p> In Excel gibt es logische Operatoren, die Ihnen beim Ermitteln der Testbedingungen helfen. Diese logischen Operatoren geben auch Ergebnisse in den Werten TRUE und FALSE zur\u00fcck.<\/p><ul><li> Gr\u00f6\u00dfer als &lt;<\/li><li> Weniger als &gt;<\/li><li> <a href=\"https:\/\/exceladvisor.org\/de\/ist-nicht-gleich\/\">Entspricht nicht<\/a> &lt;&gt; <\/li><\/ul><div class=\"wp-block-image\"><figure class=\"aligncenter size-full is-resized\"><img loading=\"lazy\" decoding=\"async\" class=\"wp-image-89022\" src=\"https:\/\/exceladvisor.org\/wp-content\/uploads\/2023\/08\/5-utiliser-des-operations-logiques.png\" sizes=\"auto, \" srcset=\"\" alt=\"Verwenden Sie logische Operationen\" width=\"530\" height=\"306\"><\/figure><\/div><p> Selbst wenn wir die Testwerte untereinander testen, erhalten wir das Ergebnis WAHR oder FALSCH.<\/p><h2 class=\"wp-block-heading\"> WAHR-FALSCH zur 1:0-Konvertierung<\/h2><p> Es gibt zwei M\u00f6glichkeiten, boolesche Werte in 0 und 1 umzuwandeln.<\/p><ul><li> Funktion N<\/li><li> Doppeltes Minuszeichen <\/li><\/ul><div class=\"wp-block-image\"><figure class=\"aligncenter size-full is-resized\"><img loading=\"lazy\" decoding=\"async\" class=\"wp-image-89023\" src=\"https:\/\/exceladvisor.org\/wp-content\/uploads\/2023\/08\/6-convertir-vrai-faux.png\" sizes=\"auto, \" srcset=\"\" alt=\"konvertieren-wahr-falsch\" width=\"732\" height=\"160\"><\/figure><\/div><p> Im obigen Beispiel haben wir zuerst die N-Funktion verwendet, dann das doppelte Minuszeichen (\u2013) und beides TRUE und FALSE in 1 und 0 umgewandelt.<\/p><p> Von den beiden Methoden bietet die Verwendung eines doppelten Minuszeichens kaum Vorteile. Wenn Sie beispielsweise Zellen mit TRUE z\u00e4hlen m\u00f6chten, k\u00f6nnen Sie dies mit SUM verwenden. <\/p><div class=\"wp-block-image\"><figure class=\"aligncenter size-full is-resized\"><img loading=\"lazy\" decoding=\"async\" class=\"wp-image-89024\" src=\"https:\/\/exceladvisor.org\/wp-content\/uploads\/2023\/08\/7-converti-vrai-et-faux-en-1-et-0.png\" sizes=\"auto, \" srcset=\"\" alt=\"wahr-und-falsch-in-1-und-0 umgewandelt\" width=\"448\" height=\"321\"><\/figure><\/div><figure class=\"wp-block-embed\"><div class=\"wp-block-embed__wrapper\"> &gt; <a href=\"https:\/\/exceladvisor.org\/wp-content\/uploads\/2023\/11\/FAUX.xlsx\"><strong>Laden Sie die Beispieldatei herunter<\/strong><\/a><\/div><\/figure>","protected":false},"excerpt":{"rendered":"","protected":false},"author":1,"featured_media":0,"parent":0,"menu_order":0,"comment_status":"open","ping_status":"closed","template":"","meta":{"ub_ctt_via":"","footnotes":""},"class_list":["post-3238","page","type-page","status-publish","hentry"],"featured_image_src":null,"yoast_head":"<!-- This site is optimized with the Yoast SEO plugin v25.4 - https:\/\/yoast.com\/wordpress\/plugins\/seo\/ -->\n<title>\u25b7 WAHR und FALSCH in Excel (Boolesche Werte)<\/title>\n<meta name=\"description\" content=\"In Excel sind TRUE und FALSE boolesche Werte. Beide Werte stellen das Ergebnis einer Bedingung dar. Zum Beispiel...\" \/>\n<meta name=\"robots\" content=\"index, follow, max-snippet:-1, max-image-preview:large, max-video-preview:-1\" \/>\n<link rel=\"canonical\" href=\"https:\/\/exceladvisor.org\/de\/richtig-falsch\/\" \/>\n<meta property=\"og:locale\" content=\"de_DE\" \/>\n<meta property=\"og:type\" content=\"article\" \/>\n<meta property=\"og:title\" content=\"\u25b7 WAHR und FALSCH in Excel (Boolesche Werte)\" \/>\n<meta property=\"og:description\" content=\"In Excel sind TRUE und FALSE boolesche Werte. Beide Werte stellen das Ergebnis einer Bedingung dar. Zum Beispiel...\" \/>\n<meta property=\"og:url\" content=\"https:\/\/exceladvisor.org\/de\/richtig-falsch\/\" \/>\n<meta property=\"og:site_name\" content=\"Excel Advisor\" \/>\n<meta property=\"article:modified_time\" content=\"2023-12-03T11:13:08+00:00\" \/>\n<meta property=\"og:image\" content=\"https:\/\/exceladvisor.org\/wp-content\/uploads\/2023\/08\/1-vrai-ou-faux-dans-excel.png\" \/>\n<meta name=\"twitter:card\" content=\"summary_large_image\" \/>\n<meta name=\"twitter:label1\" content=\"Gesch\u00e4tzte Lesezeit\" \/>\n\t<meta name=\"twitter:data1\" content=\"2\u00a0Minuten\" \/>\n<script type=\"application\/ld+json\" class=\"yoast-schema-graph\">{\"@context\":\"https:\/\/schema.org\",\"@graph\":[{\"@type\":\"WebPage\",\"@id\":\"https:\/\/exceladvisor.org\/de\/richtig-falsch\/\",\"url\":\"https:\/\/exceladvisor.org\/de\/richtig-falsch\/\",\"name\":\"\u25b7 WAHR und FALSCH in Excel (Boolesche Werte)\",\"isPartOf\":{\"@id\":\"https:\/\/exceladvisor.org\/de\/#website\"},\"primaryImageOfPage\":{\"@id\":\"https:\/\/exceladvisor.org\/de\/richtig-falsch\/#primaryimage\"},\"image\":{\"@id\":\"https:\/\/exceladvisor.org\/de\/richtig-falsch\/#primaryimage\"},\"thumbnailUrl\":\"https:\/\/exceladvisor.org\/wp-content\/uploads\/2023\/08\/1-vrai-ou-faux-dans-excel.png\",\"datePublished\":\"2023-11-07T21:54:41+00:00\",\"dateModified\":\"2023-12-03T11:13:08+00:00\",\"description\":\"In Excel sind TRUE und FALSE boolesche Werte. Beide Werte stellen das Ergebnis einer Bedingung dar. Zum Beispiel...\",\"breadcrumb\":{\"@id\":\"https:\/\/exceladvisor.org\/de\/richtig-falsch\/#breadcrumb\"},\"inLanguage\":\"de\",\"potentialAction\":[{\"@type\":\"ReadAction\",\"target\":[\"https:\/\/exceladvisor.org\/de\/richtig-falsch\/\"]}]},{\"@type\":\"ImageObject\",\"inLanguage\":\"de\",\"@id\":\"https:\/\/exceladvisor.org\/de\/richtig-falsch\/#primaryimage\",\"url\":\"https:\/\/exceladvisor.org\/wp-content\/uploads\/2023\/08\/1-vrai-ou-faux-dans-excel.png\",\"contentUrl\":\"https:\/\/exceladvisor.org\/wp-content\/uploads\/2023\/08\/1-vrai-ou-faux-dans-excel.png\"},{\"@type\":\"BreadcrumbList\",\"@id\":\"https:\/\/exceladvisor.org\/de\/richtig-falsch\/#breadcrumb\",\"itemListElement\":[{\"@type\":\"ListItem\",\"position\":1,\"name\":\"Accueil\",\"item\":\"https:\/\/exceladvisor.org\/de\/\"},{\"@type\":\"ListItem\",\"position\":2,\"name\":\"Wahr und falsch in excel (boolesche werte)\"}]},{\"@type\":\"WebSite\",\"@id\":\"https:\/\/exceladvisor.org\/de\/#website\",\"url\":\"https:\/\/exceladvisor.org\/de\/\",\"name\":\"Excel Advisor\",\"description\":\"Ihr Leitfaden zur Datendominanz\",\"publisher\":{\"@id\":\"https:\/\/exceladvisor.org\/de\/#organization\"},\"potentialAction\":[{\"@type\":\"SearchAction\",\"target\":{\"@type\":\"EntryPoint\",\"urlTemplate\":\"https:\/\/exceladvisor.org\/de\/?s={search_term_string}\"},\"query-input\":{\"@type\":\"PropertyValueSpecification\",\"valueRequired\":true,\"valueName\":\"search_term_string\"}}],\"inLanguage\":\"de\"},{\"@type\":\"Organization\",\"@id\":\"https:\/\/exceladvisor.org\/de\/#organization\",\"name\":\"Excel Advisor\",\"url\":\"https:\/\/exceladvisor.org\/de\/\",\"logo\":{\"@type\":\"ImageObject\",\"inLanguage\":\"de\",\"@id\":\"https:\/\/exceladvisor.org\/de\/#\/schema\/logo\/image\/\",\"url\":\"https:\/\/exceladvisor.org\/de\/wp-content\/uploads\/2023\/11\/exceladvisor.org_.png\",\"contentUrl\":\"https:\/\/exceladvisor.org\/de\/wp-content\/uploads\/2023\/11\/exceladvisor.org_.png\",\"width\":105,\"height\":36,\"caption\":\"Excel Advisor\"},\"image\":{\"@id\":\"https:\/\/exceladvisor.org\/de\/#\/schema\/logo\/image\/\"}}]}<\/script>\n<!-- \/ Yoast SEO plugin. -->","yoast_head_json":{"title":"\u25b7 WAHR und FALSCH in Excel (Boolesche Werte)","description":"In Excel sind TRUE und FALSE boolesche Werte. Beide Werte stellen das Ergebnis einer Bedingung dar. Zum Beispiel...","robots":{"index":"index","follow":"follow","max-snippet":"max-snippet:-1","max-image-preview":"max-image-preview:large","max-video-preview":"max-video-preview:-1"},"canonical":"https:\/\/exceladvisor.org\/de\/richtig-falsch\/","og_locale":"de_DE","og_type":"article","og_title":"\u25b7 WAHR und FALSCH in Excel (Boolesche Werte)","og_description":"In Excel sind TRUE und FALSE boolesche Werte. Beide Werte stellen das Ergebnis einer Bedingung dar. Zum Beispiel...","og_url":"https:\/\/exceladvisor.org\/de\/richtig-falsch\/","og_site_name":"Excel Advisor","article_modified_time":"2023-12-03T11:13:08+00:00","og_image":[{"url":"https:\/\/exceladvisor.org\/wp-content\/uploads\/2023\/08\/1-vrai-ou-faux-dans-excel.png","type":"","width":"","height":""}],"twitter_card":"summary_large_image","twitter_misc":{"Gesch\u00e4tzte Lesezeit":"2\u00a0Minuten"},"schema":{"@context":"https:\/\/schema.org","@graph":[{"@type":"WebPage","@id":"https:\/\/exceladvisor.org\/de\/richtig-falsch\/","url":"https:\/\/exceladvisor.org\/de\/richtig-falsch\/","name":"\u25b7 WAHR und FALSCH in Excel (Boolesche Werte)","isPartOf":{"@id":"https:\/\/exceladvisor.org\/de\/#website"},"primaryImageOfPage":{"@id":"https:\/\/exceladvisor.org\/de\/richtig-falsch\/#primaryimage"},"image":{"@id":"https:\/\/exceladvisor.org\/de\/richtig-falsch\/#primaryimage"},"thumbnailUrl":"https:\/\/exceladvisor.org\/wp-content\/uploads\/2023\/08\/1-vrai-ou-faux-dans-excel.png","datePublished":"2023-11-07T21:54:41+00:00","dateModified":"2023-12-03T11:13:08+00:00","description":"In Excel sind TRUE und FALSE boolesche Werte. Beide Werte stellen das Ergebnis einer Bedingung dar. Zum Beispiel...","breadcrumb":{"@id":"https:\/\/exceladvisor.org\/de\/richtig-falsch\/#breadcrumb"},"inLanguage":"de","potentialAction":[{"@type":"ReadAction","target":["https:\/\/exceladvisor.org\/de\/richtig-falsch\/"]}]},{"@type":"ImageObject","inLanguage":"de","@id":"https:\/\/exceladvisor.org\/de\/richtig-falsch\/#primaryimage","url":"https:\/\/exceladvisor.org\/wp-content\/uploads\/2023\/08\/1-vrai-ou-faux-dans-excel.png","contentUrl":"https:\/\/exceladvisor.org\/wp-content\/uploads\/2023\/08\/1-vrai-ou-faux-dans-excel.png"},{"@type":"BreadcrumbList","@id":"https:\/\/exceladvisor.org\/de\/richtig-falsch\/#breadcrumb","itemListElement":[{"@type":"ListItem","position":1,"name":"Accueil","item":"https:\/\/exceladvisor.org\/de\/"},{"@type":"ListItem","position":2,"name":"Wahr und falsch in excel (boolesche werte)"}]},{"@type":"WebSite","@id":"https:\/\/exceladvisor.org\/de\/#website","url":"https:\/\/exceladvisor.org\/de\/","name":"Excel Advisor","description":"Ihr Leitfaden zur Datendominanz","publisher":{"@id":"https:\/\/exceladvisor.org\/de\/#organization"},"potentialAction":[{"@type":"SearchAction","target":{"@type":"EntryPoint","urlTemplate":"https:\/\/exceladvisor.org\/de\/?s={search_term_string}"},"query-input":{"@type":"PropertyValueSpecification","valueRequired":true,"valueName":"search_term_string"}}],"inLanguage":"de"},{"@type":"Organization","@id":"https:\/\/exceladvisor.org\/de\/#organization","name":"Excel Advisor","url":"https:\/\/exceladvisor.org\/de\/","logo":{"@type":"ImageObject","inLanguage":"de","@id":"https:\/\/exceladvisor.org\/de\/#\/schema\/logo\/image\/","url":"https:\/\/exceladvisor.org\/de\/wp-content\/uploads\/2023\/11\/exceladvisor.org_.png","contentUrl":"https:\/\/exceladvisor.org\/de\/wp-content\/uploads\/2023\/11\/exceladvisor.org_.png","width":105,"height":36,"caption":"Excel Advisor"},"image":{"@id":"https:\/\/exceladvisor.org\/de\/#\/schema\/logo\/image\/"}}]}},"yoast_meta":{"yoast_wpseo_title":"","yoast_wpseo_metadesc":"","yoast_wpseo_canonical":""},"_links":{"self":[{"href":"https:\/\/exceladvisor.org\/de\/wp-json\/wp\/v2\/pages\/3238","targetHints":{"allow":["GET"]}}],"collection":[{"href":"https:\/\/exceladvisor.org\/de\/wp-json\/wp\/v2\/pages"}],"about":[{"href":"https:\/\/exceladvisor.org\/de\/wp-json\/wp\/v2\/types\/page"}],"author":[{"embeddable":true,"href":"https:\/\/exceladvisor.org\/de\/wp-json\/wp\/v2\/users\/1"}],"replies":[{"embeddable":true,"href":"https:\/\/exceladvisor.org\/de\/wp-json\/wp\/v2\/comments?post=3238"}],"version-history":[{"count":1,"href":"https:\/\/exceladvisor.org\/de\/wp-json\/wp\/v2\/pages\/3238\/revisions"}],"predecessor-version":[{"id":3811,"href":"https:\/\/exceladvisor.org\/de\/wp-json\/wp\/v2\/pages\/3238\/revisions\/3811"}],"wp:attachment":[{"href":"https:\/\/exceladvisor.org\/de\/wp-json\/wp\/v2\/media?parent=3238"}],"curies":[{"name":"wp","href":"https:\/\/api.w.org\/{rel}","templated":true}]}}