{"id":3239,"date":"2023-11-07T16:11:29","date_gmt":"2023-11-07T16:11:29","guid":{"rendered":"https:\/\/exceladvisor.org\/de\/spalten-vergleichen\/"},"modified":"2023-12-03T13:05:23","modified_gmt":"2023-12-03T13:05:23","slug":"spalten-vergleichen","status":"publish","type":"page","link":"https:\/\/exceladvisor.org\/de\/spalten-vergleichen\/","title":{"rendered":"Wie vergleiche ich zwei spalten in excel?"},"content":{"rendered":"<div class=\"excel-vor-dem-inhalt\" id=\"excel-2737797875\"><script type=\"text\/javascript\">\r\n\tatOptions = {\r\n\t\t'key' : 'c1158f160081d6540a8409e6925dab94',\r\n\t\t'format' : 'iframe',\r\n\t\t'height' : 250,\r\n\t\t'width' : 300,\r\n\t\t'params' : {}\r\n\t};\r\n<\/script>\r\n<script type=\"text\/javascript\" src=\"\/\/www.highperformanceformat.com\/c1158f160081d6540a8409e6925dab94\/invoke.js\"><\/script><\/div> <p>In Excel ist die bedingte Formatierung die einfachste M\u00f6glichkeit, zwei Spalten zu vergleichen. Damit k\u00f6nnen Sie zwei Spalten auf verschiedene Weise vergleichen. In diesem Tutorial lernen wir verschiedene Methoden zur Verwendung der bedingten Formatierung f\u00fcr den Spaltenvergleich kennen.<\/p><h2 class=\"wp-block-heading\"> Vergleichen Sie zwei Spalten pro Zeile<\/h2><p> Mit dieser Methode k\u00f6nnen Sie die beiden Zellen in jeder Spaltenzeile vergleichen und die Zellen mit demselben Wert hervorheben.<\/p><ol><li> W\u00e4hlen Sie zun\u00e4chst beide Spalten in den Daten aus. <br><img loading=\"lazy\" decoding=\"async\" title=\"1-beide-Spalten ausw\u00e4hlen\" src=\"https:\/\/exceladvisor.org\/wp-content\/uploads\/2023\/08\/1-selectionner-les-deux-colonnes.png\" sizes=\"auto, \" srcset=\"\" alt=\"1-select-both-columns\" width=\"290\" height=\"335\"><\/li><li> Gehen Sie als N\u00e4chstes zur Registerkarte \u201eStartseite\u201c &gt; \u201eBedingte Formatierung\u201c &gt; \u201eNeue Regel\u201c. <br><img loading=\"lazy\" decoding=\"async\" title=\"2-bedingte-Formatierung-neue-Regel\" src=\"https:\/\/exceladvisor.org\/wp-content\/uploads\/2023\/08\/2-nouvelle-regle-de-mise-en-forme-conditionnelle.png\" sizes=\"auto, \" srcset=\"\" alt=\"2-conditional-formatting-new-rule\" width=\"296\" height=\"397\"><\/li><li> Klicken Sie dort auf \u201eEine Formel verwenden, um zu bestimmen, welche Zellen formatiert werden sollen\u201c. <br><img loading=\"lazy\" decoding=\"async\" title=\"3-w\u00e4hlen-Sie-verwenden-eine-Formel-zur-Bestimmung\" src=\"https:\/\/exceladvisor.org\/wp-content\/uploads\/2023\/08\/3-selectionnez-utiliser-une-formule-pour-determiner.png\" sizes=\"auto, \" srcset=\"\" alt=\"3-select-use-a-formula-to-determine\" width=\"563\" height=\"202\"><\/li><li> Geben Sie als N\u00e4chstes in der Formelleiste die Formel =$A2&lt;&gt;$B2 ein und klicken Sie dann auf \u201eFormat\u2026\u201c, um das Format festzulegen. <br><img loading=\"lazy\" decoding=\"async\" title=\"4-Geben Sie die Formel ein und legen Sie das Format fest\" src=\"https:\/\/exceladvisor.org\/wp-content\/uploads\/2023\/08\/4-entrez-la-formule-et-specifiez-le-format.png\" sizes=\"auto, \" srcset=\"\" alt=\"4-enter-formula-and-specify-format\" width=\"565\" height=\"209\"><\/li><li> Nachdem Sie das Format angegeben haben, klicken Sie auf \u201eOK\u201c, um die bedingte Formatierung anzuwenden, und erneut auf \u201eOK\u201c, um den Regelmanager zu schlie\u00dfen. <br><img loading=\"lazy\" decoding=\"async\" title=\"5-Schlie\u00dfe-die-Regeln-Manager\" src=\"https:\/\/exceladvisor.org\/wp-content\/uploads\/2023\/08\/5-fermer-le-gestionnaire-de-regles.png\" sizes=\"auto, \" srcset=\"\" alt=\"5-close-the-rules-manager\" width=\"580\" height=\"217\"><\/li><\/ol><p> Und sobald Sie auf \u201eOK\u201c klicken, werden die Zellen in beiden Spalten hervorgehoben, in denen die Werte gleich sind. <\/p><div class=\"wp-block-image\"><figure class=\"aligncenter size-full is-resized\"><img loading=\"lazy\" decoding=\"async\" class=\"wp-image-90468\" src=\"https:\/\/exceladvisor.org\/wp-content\/uploads\/2023\/08\/6-cellules-en-surbrillance-avec-les-memes-valeurs.png\" sizes=\"auto, \" srcset=\"\" alt=\"Hervorgehobene Zellen mit denselben Werten\" width=\"280\" height=\"331\"><\/figure><\/div><h2 class=\"wp-block-heading\"> Vergleichen Sie alle Werte in allen Spalten<\/h2><p> Im Gegensatz zur ersten Methode k\u00f6nnen Sie beide Werte, die Duplikate sind, in Spalten hervorheben. W\u00e4hlen Sie dazu beide Spalten aus und gehen Sie zur Registerkarte \u201eStartseite\u201c &gt; \u201eBedingte Formatierung\u201c &gt; \u201eZellenhervorhebungsregeln\u201c &gt; \u201eDoppelte Werte\u201c. <\/p><div class=\"wp-block-image\"><figure class=\"aligncenter size-full is-resized\"><img loading=\"lazy\" decoding=\"async\" class=\"wp-image-90469\" src=\"https:\/\/exceladvisor.org\/wp-content\/uploads\/2023\/08\/7-selectionner-les-valeurs-en-double.png\" sizes=\"auto, \" srcset=\"\" alt=\"W\u00e4hlen Sie doppelte Werte aus\" width=\"530\" height=\"440\"><\/figure><\/div><p> W\u00e4hlen Sie im Dialogfeld \u201eDoppelte Werte\u201c die Werte aus, die Sie hervorheben m\u00f6chten, und die Farbe, die Sie anwenden m\u00f6chten. <\/p><div class=\"wp-block-image\"><figure class=\"aligncenter size-full is-resized\"><img loading=\"lazy\" decoding=\"async\" class=\"wp-image-90470\" src=\"https:\/\/exceladvisor.org\/wp-content\/uploads\/2023\/08\/8-selectionnez-doublon-pour-mettre-en-surbrillance-les-doublons.png\" sizes=\"auto, \" srcset=\"\" alt=\"Duplikate ausw\u00e4hlen, um Duplikate hervorzuheben\" width=\"388\" height=\"160\"><\/figure><\/div><p> Klicken Sie abschlie\u00dfend auf OK, um die bedingte Formatierung anzuwenden. <\/p><div class=\"wp-block-image\"><figure class=\"aligncenter size-full is-resized\"><img loading=\"lazy\" decoding=\"async\" class=\"wp-image-90471\" src=\"https:\/\/exceladvisor.org\/wp-content\/uploads\/2023\/08\/9-valeurs-en-double-mises-en-evidence.png\" sizes=\"auto, \" srcset=\"\" alt=\"hervorgehobene doppelte Werte\" width=\"285\" height=\"324\"><\/figure><\/div><p> Sobald Sie auf \u201eOK\u201c klicken, werden alle Zellen, in denen es in beiden Spalten doppelte Werte gibt, mit dem von Ihnen ausgew\u00e4hlten Format hervorgehoben. Wenn Sie jedoch eindeutige Zellen in beiden Spalten hervorheben m\u00f6chten, m\u00fcssen Sie \u201eEinzelne\u201c aus der Dropdown-Liste ausw\u00e4hlen. <\/p><div class=\"wp-block-image\"><figure class=\"aligncenter size-full is-resized\"><img loading=\"lazy\" decoding=\"async\" class=\"wp-image-90472\" src=\"https:\/\/exceladvisor.org\/wp-content\/uploads\/2023\/08\/10-selectionnez-unique-pour-mettre-en-evidence-les-valeurs-uniques.png\" sizes=\"auto, \" srcset=\"\" alt=\"Select-Unique-To-Highlight-Unique-Values\" width=\"381\" height=\"156\"><\/figure><\/div><p> Und wenn Sie auf \u201eOK\u201c klicken, wird anhand des Vergleichs in beiden Spalten hervorgehoben, wo die Werte eindeutig sind. <\/p><div class=\"wp-block-image\"><figure class=\"aligncenter size-full is-resized\"><img loading=\"lazy\" decoding=\"async\" class=\"wp-image-90473\" src=\"https:\/\/exceladvisor.org\/wp-content\/uploads\/2023\/08\/11-valeurs-uniques-mises-en-avant.png\" sizes=\"auto, \" srcset=\"\" alt=\"einzelne Werte hervorgehoben\" width=\"260\" height=\"311\"><\/figure><\/div><div class=\"gb-container gb-container-52dfcee1 gb-container-sample-file\"><h2 class=\"gb-headline gb-headline-e289c143 gb-headline-text gb-headline-4f7959c2\"> Holen Sie sich die Excel-Datei<\/h2> <a class=\"gb-button gb-button-e88d6bee gb-button-text gb-button-button1\" href=\"https:\/\/exceladvisor.org\/wp-content\/uploads\/2023\/08\/comparer-la-mise-en-forme-conditionnelle-des-colonnes.xlsx\" rel=\"nofollow\">Herunterladen<\/a><\/div><div class=\"gb-container gb-container-6076ba72 gb-container-mt\"> <a class=\"gb-button gb-button-76e6a499 gb-button-text gb-button-mt-button\" href=\"https:\/\/exceladvisor.org\/de\/excel-grundlagen\/\">Lernen Sie die Grundlagen von Excel<\/a><h2 class=\"gb-headline gb-headline-a9e9e206 gb-headline-text gb-headline-mt-heading\"> Erfahren Sie mehr \u00fcber <a href=\"https:\/\/exceladvisor.org\/de\/bedingte-formatierung\/\">bedingte Formatierung<\/a> <\/h2><div class=\"gb-grid-wrapper gb-grid-wrapper-790317cb gb-grid-wrapper-mt-grid\"><div class=\"gb-grid-column gb-grid-column-a9845ede\"><div class=\"gb-container gb-container-a9845ede\"><ul><li> <a href=\"https:\/\/exceladvisor.org\/de\/wenden-sie-eine-bedingte-formatierung-an\/\">Wenden Sie eine bedingte Formatierung auf eine Pivot-Tabelle an<\/a><\/li><li> <a href=\"https:\/\/exceladvisor.org\/de\/zuruckziehen\/\">Bedingte Formatierung entfernen<\/a><\/li><li> <a href=\"https:\/\/exceladvisor.org\/de\/leere-zellen\/\">Wenden Sie bedingte Formatierung auf leere Zellen in Excel an<\/a><\/li><li> <a href=\"https:\/\/exceladvisor.org\/de\/eine-andere-zelle\/\">Wenden Sie eine bedingte Formatierung basierend auf einer anderen Zelle an<\/a><\/li><li> <a href=\"https:\/\/exceladvisor.org\/de\/eine-weitere-spalte\/\">Wenden Sie eine bedingte Formatierung basierend auf einer anderen Spalte an<\/a> <\/li><\/ul><\/div><\/div><div class=\"gb-grid-column gb-grid-column-ec8ff319\"><div class=\"gb-container gb-container-ec8ff319\"><\/div><\/div><\/div><\/div>","protected":false},"excerpt":{"rendered":"","protected":false},"author":1,"featured_media":0,"parent":0,"menu_order":0,"comment_status":"open","ping_status":"closed","template":"","meta":{"ub_ctt_via":"","footnotes":""},"class_list":["post-3239","page","type-page","status-publish","hentry"],"featured_image_src":null,"yoast_head":"<!-- This site is optimized with the Yoast SEO plugin v25.4 - https:\/\/yoast.com\/wordpress\/plugins\/seo\/ -->\n<title>Wie vergleiche ich zwei Spalten in Excel? [Leitfaden 2023]<\/title>\n<meta name=\"description\" content=\"Dieses Tutorial hilft Ihnen, zwei Spalten mithilfe der bedingten Formatierung in Excel zu vergleichen. Lassen Sie uns das \u00fcberpr\u00fcfen ...\" \/>\n<meta name=\"robots\" content=\"index, follow, max-snippet:-1, max-image-preview:large, max-video-preview:-1\" \/>\n<link rel=\"canonical\" href=\"https:\/\/exceladvisor.org\/de\/spalten-vergleichen\/\" \/>\n<meta property=\"og:locale\" content=\"de_DE\" \/>\n<meta property=\"og:type\" content=\"article\" \/>\n<meta property=\"og:title\" content=\"Wie vergleiche ich zwei Spalten in Excel? [Leitfaden 2023]\" \/>\n<meta property=\"og:description\" content=\"Dieses Tutorial hilft Ihnen, zwei Spalten mithilfe der bedingten Formatierung in Excel zu vergleichen. Lassen Sie uns das \u00fcberpr\u00fcfen ...\" \/>\n<meta property=\"og:url\" content=\"https:\/\/exceladvisor.org\/de\/spalten-vergleichen\/\" \/>\n<meta property=\"og:site_name\" content=\"Excel Advisor\" \/>\n<meta property=\"article:modified_time\" content=\"2023-12-03T13:05:23+00:00\" \/>\n<meta property=\"og:image\" content=\"https:\/\/exceladvisor.org\/wp-content\/uploads\/2023\/08\/1-selectionner-les-deux-colonnes.png\" \/>\n<meta name=\"twitter:card\" content=\"summary_large_image\" \/>\n<meta name=\"twitter:label1\" content=\"Gesch\u00e4tzte Lesezeit\" \/>\n\t<meta name=\"twitter:data1\" content=\"2\u00a0Minuten\" \/>\n<script type=\"application\/ld+json\" class=\"yoast-schema-graph\">{\"@context\":\"https:\/\/schema.org\",\"@graph\":[{\"@type\":\"WebPage\",\"@id\":\"https:\/\/exceladvisor.org\/de\/spalten-vergleichen\/\",\"url\":\"https:\/\/exceladvisor.org\/de\/spalten-vergleichen\/\",\"name\":\"Wie vergleiche ich zwei Spalten in Excel? [Leitfaden 2023]\",\"isPartOf\":{\"@id\":\"https:\/\/exceladvisor.org\/de\/#website\"},\"primaryImageOfPage\":{\"@id\":\"https:\/\/exceladvisor.org\/de\/spalten-vergleichen\/#primaryimage\"},\"image\":{\"@id\":\"https:\/\/exceladvisor.org\/de\/spalten-vergleichen\/#primaryimage\"},\"thumbnailUrl\":\"https:\/\/exceladvisor.org\/wp-content\/uploads\/2023\/08\/1-selectionner-les-deux-colonnes.png\",\"datePublished\":\"2023-11-07T16:11:29+00:00\",\"dateModified\":\"2023-12-03T13:05:23+00:00\",\"description\":\"Dieses Tutorial hilft Ihnen, zwei Spalten mithilfe der bedingten Formatierung in Excel zu vergleichen. Lassen Sie uns das \u00fcberpr\u00fcfen ...\",\"breadcrumb\":{\"@id\":\"https:\/\/exceladvisor.org\/de\/spalten-vergleichen\/#breadcrumb\"},\"inLanguage\":\"de\",\"potentialAction\":[{\"@type\":\"ReadAction\",\"target\":[\"https:\/\/exceladvisor.org\/de\/spalten-vergleichen\/\"]}]},{\"@type\":\"ImageObject\",\"inLanguage\":\"de\",\"@id\":\"https:\/\/exceladvisor.org\/de\/spalten-vergleichen\/#primaryimage\",\"url\":\"https:\/\/exceladvisor.org\/wp-content\/uploads\/2023\/08\/1-selectionner-les-deux-colonnes.png\",\"contentUrl\":\"https:\/\/exceladvisor.org\/wp-content\/uploads\/2023\/08\/1-selectionner-les-deux-colonnes.png\"},{\"@type\":\"BreadcrumbList\",\"@id\":\"https:\/\/exceladvisor.org\/de\/spalten-vergleichen\/#breadcrumb\",\"itemListElement\":[{\"@type\":\"ListItem\",\"position\":1,\"name\":\"Accueil\",\"item\":\"https:\/\/exceladvisor.org\/de\/\"},{\"@type\":\"ListItem\",\"position\":2,\"name\":\"Wie vergleiche ich zwei spalten in excel?\"}]},{\"@type\":\"WebSite\",\"@id\":\"https:\/\/exceladvisor.org\/de\/#website\",\"url\":\"https:\/\/exceladvisor.org\/de\/\",\"name\":\"Excel Advisor\",\"description\":\"Ihr Leitfaden zur Datendominanz\",\"publisher\":{\"@id\":\"https:\/\/exceladvisor.org\/de\/#organization\"},\"potentialAction\":[{\"@type\":\"SearchAction\",\"target\":{\"@type\":\"EntryPoint\",\"urlTemplate\":\"https:\/\/exceladvisor.org\/de\/?s={search_term_string}\"},\"query-input\":{\"@type\":\"PropertyValueSpecification\",\"valueRequired\":true,\"valueName\":\"search_term_string\"}}],\"inLanguage\":\"de\"},{\"@type\":\"Organization\",\"@id\":\"https:\/\/exceladvisor.org\/de\/#organization\",\"name\":\"Excel Advisor\",\"url\":\"https:\/\/exceladvisor.org\/de\/\",\"logo\":{\"@type\":\"ImageObject\",\"inLanguage\":\"de\",\"@id\":\"https:\/\/exceladvisor.org\/de\/#\/schema\/logo\/image\/\",\"url\":\"https:\/\/exceladvisor.org\/de\/wp-content\/uploads\/2023\/11\/exceladvisor.org_.png\",\"contentUrl\":\"https:\/\/exceladvisor.org\/de\/wp-content\/uploads\/2023\/11\/exceladvisor.org_.png\",\"width\":105,\"height\":36,\"caption\":\"Excel Advisor\"},\"image\":{\"@id\":\"https:\/\/exceladvisor.org\/de\/#\/schema\/logo\/image\/\"}}]}<\/script>\n<!-- \/ Yoast SEO plugin. -->","yoast_head_json":{"title":"Wie vergleiche ich zwei Spalten in Excel? [Leitfaden 2023]","description":"Dieses Tutorial hilft Ihnen, zwei Spalten mithilfe der bedingten Formatierung in Excel zu vergleichen. Lassen Sie uns das \u00fcberpr\u00fcfen ...","robots":{"index":"index","follow":"follow","max-snippet":"max-snippet:-1","max-image-preview":"max-image-preview:large","max-video-preview":"max-video-preview:-1"},"canonical":"https:\/\/exceladvisor.org\/de\/spalten-vergleichen\/","og_locale":"de_DE","og_type":"article","og_title":"Wie vergleiche ich zwei Spalten in Excel? [Leitfaden 2023]","og_description":"Dieses Tutorial hilft Ihnen, zwei Spalten mithilfe der bedingten Formatierung in Excel zu vergleichen. Lassen Sie uns das \u00fcberpr\u00fcfen ...","og_url":"https:\/\/exceladvisor.org\/de\/spalten-vergleichen\/","og_site_name":"Excel Advisor","article_modified_time":"2023-12-03T13:05:23+00:00","og_image":[{"url":"https:\/\/exceladvisor.org\/wp-content\/uploads\/2023\/08\/1-selectionner-les-deux-colonnes.png","type":"","width":"","height":""}],"twitter_card":"summary_large_image","twitter_misc":{"Gesch\u00e4tzte Lesezeit":"2\u00a0Minuten"},"schema":{"@context":"https:\/\/schema.org","@graph":[{"@type":"WebPage","@id":"https:\/\/exceladvisor.org\/de\/spalten-vergleichen\/","url":"https:\/\/exceladvisor.org\/de\/spalten-vergleichen\/","name":"Wie vergleiche ich zwei Spalten in Excel? [Leitfaden 2023]","isPartOf":{"@id":"https:\/\/exceladvisor.org\/de\/#website"},"primaryImageOfPage":{"@id":"https:\/\/exceladvisor.org\/de\/spalten-vergleichen\/#primaryimage"},"image":{"@id":"https:\/\/exceladvisor.org\/de\/spalten-vergleichen\/#primaryimage"},"thumbnailUrl":"https:\/\/exceladvisor.org\/wp-content\/uploads\/2023\/08\/1-selectionner-les-deux-colonnes.png","datePublished":"2023-11-07T16:11:29+00:00","dateModified":"2023-12-03T13:05:23+00:00","description":"Dieses Tutorial hilft Ihnen, zwei Spalten mithilfe der bedingten Formatierung in Excel zu vergleichen. Lassen Sie uns das \u00fcberpr\u00fcfen ...","breadcrumb":{"@id":"https:\/\/exceladvisor.org\/de\/spalten-vergleichen\/#breadcrumb"},"inLanguage":"de","potentialAction":[{"@type":"ReadAction","target":["https:\/\/exceladvisor.org\/de\/spalten-vergleichen\/"]}]},{"@type":"ImageObject","inLanguage":"de","@id":"https:\/\/exceladvisor.org\/de\/spalten-vergleichen\/#primaryimage","url":"https:\/\/exceladvisor.org\/wp-content\/uploads\/2023\/08\/1-selectionner-les-deux-colonnes.png","contentUrl":"https:\/\/exceladvisor.org\/wp-content\/uploads\/2023\/08\/1-selectionner-les-deux-colonnes.png"},{"@type":"BreadcrumbList","@id":"https:\/\/exceladvisor.org\/de\/spalten-vergleichen\/#breadcrumb","itemListElement":[{"@type":"ListItem","position":1,"name":"Accueil","item":"https:\/\/exceladvisor.org\/de\/"},{"@type":"ListItem","position":2,"name":"Wie vergleiche ich zwei spalten in excel?"}]},{"@type":"WebSite","@id":"https:\/\/exceladvisor.org\/de\/#website","url":"https:\/\/exceladvisor.org\/de\/","name":"Excel Advisor","description":"Ihr Leitfaden zur Datendominanz","publisher":{"@id":"https:\/\/exceladvisor.org\/de\/#organization"},"potentialAction":[{"@type":"SearchAction","target":{"@type":"EntryPoint","urlTemplate":"https:\/\/exceladvisor.org\/de\/?s={search_term_string}"},"query-input":{"@type":"PropertyValueSpecification","valueRequired":true,"valueName":"search_term_string"}}],"inLanguage":"de"},{"@type":"Organization","@id":"https:\/\/exceladvisor.org\/de\/#organization","name":"Excel Advisor","url":"https:\/\/exceladvisor.org\/de\/","logo":{"@type":"ImageObject","inLanguage":"de","@id":"https:\/\/exceladvisor.org\/de\/#\/schema\/logo\/image\/","url":"https:\/\/exceladvisor.org\/de\/wp-content\/uploads\/2023\/11\/exceladvisor.org_.png","contentUrl":"https:\/\/exceladvisor.org\/de\/wp-content\/uploads\/2023\/11\/exceladvisor.org_.png","width":105,"height":36,"caption":"Excel Advisor"},"image":{"@id":"https:\/\/exceladvisor.org\/de\/#\/schema\/logo\/image\/"}}]}},"yoast_meta":{"yoast_wpseo_title":"","yoast_wpseo_metadesc":"","yoast_wpseo_canonical":""},"_links":{"self":[{"href":"https:\/\/exceladvisor.org\/de\/wp-json\/wp\/v2\/pages\/3239","targetHints":{"allow":["GET"]}}],"collection":[{"href":"https:\/\/exceladvisor.org\/de\/wp-json\/wp\/v2\/pages"}],"about":[{"href":"https:\/\/exceladvisor.org\/de\/wp-json\/wp\/v2\/types\/page"}],"author":[{"embeddable":true,"href":"https:\/\/exceladvisor.org\/de\/wp-json\/wp\/v2\/users\/1"}],"replies":[{"embeddable":true,"href":"https:\/\/exceladvisor.org\/de\/wp-json\/wp\/v2\/comments?post=3239"}],"version-history":[{"count":1,"href":"https:\/\/exceladvisor.org\/de\/wp-json\/wp\/v2\/pages\/3239\/revisions"}],"predecessor-version":[{"id":4213,"href":"https:\/\/exceladvisor.org\/de\/wp-json\/wp\/v2\/pages\/3239\/revisions\/4213"}],"wp:attachment":[{"href":"https:\/\/exceladvisor.org\/de\/wp-json\/wp\/v2\/media?parent=3239"}],"curies":[{"name":"wp","href":"https:\/\/api.w.org\/{rel}","templated":true}]}}