{"id":3240,"date":"2023-11-07T15:58:06","date_gmt":"2023-11-07T15:58:06","guid":{"rendered":"https:\/\/exceladvisor.org\/de\/markieren-sie-linien\/"},"modified":"2023-12-03T11:21:42","modified_gmt":"2023-12-03T11:21:42","slug":"markieren-sie-linien","status":"publish","type":"page","link":"https:\/\/exceladvisor.org\/de\/markieren-sie-linien\/","title":{"rendered":"Wie hebe ich zeilen in excel hervor?"},"content":{"rendered":"<div class=\"excel-vor-dem-inhalt\" id=\"excel-2575001303\"><script type=\"text\/javascript\">\r\n\tatOptions = {\r\n\t\t'key' : 'c1158f160081d6540a8409e6925dab94',\r\n\t\t'format' : 'iframe',\r\n\t\t'height' : 250,\r\n\t\t'width' : 300,\r\n\t\t'params' : {}\r\n\t};\r\n<\/script>\r\n<script type=\"text\/javascript\" src=\"\/\/www.highperformanceformat.com\/c1158f160081d6540a8409e6925dab94\/invoke.js\"><\/script><\/div> <p>In Excel k\u00f6nnen Sie mithilfe der bedingten Formatierung die Hervorhebung ganzer Zeilen verwenden. Wenn eine Bedingung wahr ist, sollte die Zeile mit der angegebenen Farbe hervorgehoben werden. Unten haben wir beispielsweise eine Tabelle mit Bestandsdaten. <\/p><div class=\"wp-block-image\"><figure class=\"aligncenter size-full is-resized\"><img loading=\"lazy\" decoding=\"async\" class=\"wp-image-90896\" src=\"https:\/\/exceladvisor.org\/wp-content\/uploads\/2023\/08\/1-mettre-en-surbrillance-les-lignes-a-laide-de-la-mise-en-forme-conditionnelle.png\" sizes=\"auto, \" srcset=\"\" alt=\"Hervorheben von Zeilen mithilfe bedingter Formatierung\" width=\"544\" height=\"304\"><\/figure><\/div><h2 class=\"wp-block-heading\"> 1. Markieren Sie eine Zeile basierend auf einem Wert (Text).<\/h2><ol><li> W\u00e4hlen Sie die gesamte Tabelle, alle Zeilen und Spalten aus. <br><img loading=\"lazy\" decoding=\"async\" title=\"2-Alle-Zeilen-und-Spalten-ausw\u00e4hlen\" src=\"https:\/\/exceladvisor.org\/wp-content\/uploads\/2023\/08\/2-selectionner-toutes-les-lignes-et-colonnes.png\" sizes=\"auto, \" srcset=\"\" alt=\"2-select-all-rows-and-columns\" width=\"493\" height=\"273\"><\/li><li> Gehen Sie zu Bedingte Formatierung &gt; Neue Regel. <br><img loading=\"lazy\" decoding=\"async\" title=\"3-bedingte-Formatierung-neue-Regel\" src=\"https:\/\/exceladvisor.org\/wp-content\/uploads\/2023\/08\/3-mise-en-forme-conditionnelle-nouvelle-regle-2.png\" sizes=\"auto, \" srcset=\"\" alt=\"3-conditional-formatting-new-rule\" width=\"424\" height=\"431\"><\/li><li> Klicken Sie im Dialogfeld \u201eNeue Regel\u201c auf \u201eEine Formel verwenden, um zu bestimmen, welche Zelle formatiert werden soll\u2026\u201c. <br><img loading=\"lazy\" decoding=\"async\" title=\"4-w\u00e4hlen-Sie-verwenden-eine-Formel-zur-Bestimmung\" src=\"https:\/\/exceladvisor.org\/wp-content\/uploads\/2023\/08\/4-selectionner-utiliser-une-formule-pour-determiner.png\" sizes=\"auto, \" srcset=\"\" alt=\"4-select-use-a-formaula-to-determine\" width=\"568\" height=\"178\"><\/li><li> Geben Sie im Feld \u201eWerte formatieren, bei denen diese Formel wahr ist\u201c die Formel =$B2= \u201eCanapes\u201c ein. <br><img loading=\"lazy\" decoding=\"async\" title=\"5-Formel-im-Werte-Format eingeben\" src=\"https:\/\/exceladvisor.org\/wp-content\/uploads\/2023\/08\/5-entrer-la-formule-dans-les-valeurs-de-format.png\" sizes=\"auto, \" srcset=\"\" alt=\"5-enter-formula-in-format-values\" width=\"596\" height=\"114\"><\/li><li> Klicken Sie anschlie\u00dfend auf die Schaltfl\u00e4che \u201eFormatieren\u201c, um die Spalte anzugeben, die Sie auf die Zeilen anwenden m\u00f6chten. <br><img loading=\"lazy\" decoding=\"async\" title=\"6-Klick-Formatierungsschaltfl\u00e4che\" src=\"https:\/\/exceladvisor.org\/wp-content\/uploads\/2023\/08\/bouton-format-6-clics-2.png\" sizes=\"auto, \" srcset=\"\" alt=\"6-click-format-button\" width=\"571\" height=\"211\"><\/li><li> Klicken Sie abschlie\u00dfend auf \u201eOK\u201c und dann erneut auf \u201eOK\u201c, um die bedingte Formatierung anzuwenden.<\/li><\/ol><p> Wenn Sie auf \u201eOK\u201c klicken, werden die Zeilen hervorgehoben, in denen der Produktname \u201eSofas\u201c lautet. <\/p><div class=\"wp-block-image\"><figure class=\"aligncenter size-full is-resized\"><img loading=\"lazy\" decoding=\"async\" class=\"wp-image-90902\" src=\"https:\/\/exceladvisor.org\/wp-content\/uploads\/2023\/08\/7-mettre-en-evidence-les-lignes.png\" sizes=\"auto, \" srcset=\"\" alt=\"Markieren Sie Linien\" width=\"534\" height=\"294\"><\/figure><\/div><h2 class=\"wp-block-heading\"> 2. Markieren Sie eine Zeile basierend auf einem Wert (Teiltext).<\/h2><p> Und wenn Sie eine Formel zum \u00dcberpr\u00fcfen von Teiltexten schreiben m\u00f6chten, verwenden Sie die SEARCH-Funktion. Im folgenden Beispiel m\u00fcssen wir alle Zeilen hervorheben, in deren Produktspalte \u201eHS-\u201c steht. <\/p><div class=\"wp-block-image\"><figure class=\"aligncenter size-full is-resized\"><img loading=\"lazy\" decoding=\"async\" class=\"wp-image-90903\" src=\"https:\/\/exceladvisor.org\/wp-content\/uploads\/2023\/08\/8-lignes-en-surbrillance-basees-sur-du-texte-partiel.png\" sizes=\"auto, \" srcset=\"\" alt=\"teilweise textbasierte Zeilenhervorhebung\" width=\"551\" height=\"398\"><\/figure><\/div><p> Und sobald Sie auf \u201eOK\u201c klicken, werden alle Zeilen hervorgehoben, in denen der Teiltext \u201eHS-\u201c vorkommt. <\/p><div class=\"wp-block-image\"><figure class=\"aligncenter size-full is-resized\"><img loading=\"lazy\" decoding=\"async\" class=\"wp-image-90904\" src=\"https:\/\/exceladvisor.org\/wp-content\/uploads\/2023\/08\/9-mettre-en-surbrillance-toutes-les-lignes-avec-du-texte-partiel.png\" sizes=\"auto, \" srcset=\"\" alt=\"Alle Zeilen mit Teiltext hervorheben\" width=\"476\" height=\"274\"><\/figure><\/div><h2 class=\"wp-block-heading\"> 3. Markieren Sie eine Zeile basierend auf einem Wert (Zahl).<\/h2><p> Nehmen wir nun an, Sie m\u00f6chten Zeilen hervorheben, in denen die Alterungstage mehr als 25 Tage betragen. In diesem Fall m\u00fcssen Sie die gleichen Schritte ausf\u00fchren, die wir oben verwendet haben. Aber die Formel muss anders sein. <\/p><div class=\"wp-block-image\"><figure class=\"aligncenter size-full is-resized\"><img loading=\"lazy\" decoding=\"async\" class=\"wp-image-90905\" src=\"https:\/\/exceladvisor.org\/wp-content\/uploads\/2023\/08\/10-lignes-de-surbrillance-basees-sur-des-nombres.png\" sizes=\"auto, \" srcset=\"\" alt=\"Hervorheben von Linien basierend auf Zahlen\" width=\"501\" height=\"362\"><\/figure><\/div><p> Sie m\u00fcssen die Formel =$D2&gt;=25 verwenden. Diese Formel pr\u00fcft, ob der Zellenwert <a href=\"https:\/\/exceladvisor.org\/de\/grosser-als-gleich\/\">gr\u00f6\u00dfer oder gleich<\/a> 25 ist. Wenn dies der Fall ist, markieren Sie die gesamte Tabellenzeile. <\/p><div class=\"wp-block-image\"><figure class=\"aligncenter size-full is-resized\"><img loading=\"lazy\" decoding=\"async\" class=\"wp-image-90906\" src=\"https:\/\/exceladvisor.org\/wp-content\/uploads\/2023\/08\/11-mettre-en-surbrillance-toutes-les-lignes-avec-le-numero-de-reference-donne.png\" sizes=\"auto, \" srcset=\"\" alt=\"Alle Zeilen mit der angegebenen Referenznummer hervorheben\" width=\"452\" height=\"288\"><\/figure><\/div><h2 class=\"wp-block-heading\"> 4. Markieren Sie Zeilen basierend auf mehreren Bedingungen<\/h2><p> Sie k\u00f6nnen auch eine Formel erstellen, um mehrere Bedingungen zu testen. Sie k\u00f6nnen in der Formel UND-ODER-Funktionen verwenden. <\/p><pre class=\"wp-block-code\"> <code class=\"language-excel-formula\" lang=\"excel-formula\">=AND($D2&gt;=25,$C2&gt;=15)<\/code><\/pre><div class=\"wp-block-image\"><figure class=\"aligncenter size-full is-resized\"><img loading=\"lazy\" decoding=\"async\" class=\"wp-image-90907\" src=\"https:\/\/exceladvisor.org\/wp-content\/uploads\/2023\/08\/12-lignes-de-surbrillance-basees-sur-plusieurs-conditions.png\" sizes=\"auto, \" srcset=\"\" alt=\"Markieren Sie Zeilen basierend auf mehreren Bedingungen\" width=\"537\" height=\"388\"><\/figure><\/div><p> Wenn Sie diese Formel in das Dialogfeld \u201eNeue Regel\u201c eingeben, werden Zeilen basierend auf zwei Bedingungen hervorgehoben:<\/p><ul><li> Die Alterung in Tagen muss gr\u00f6\u00dfer oder gleich 25 sein.<\/li><li> Die Menge muss gr\u00f6\u00dfer oder gleich 15 sein.<\/li><\/ul><p> Deshalb haben wir in der Formel AND verwendet, das Ihnen hilft, zwei oder mehr Bedingungen gleichzeitig zu testen und nur dann TRUE zur\u00fcckgibt, wenn beide Bedingungen TRUE sind.<\/p><h2 class=\"wp-block-heading\"> 5. Markieren Sie die Zeile, WENN eine der Zellen leer ist<\/h2><p> Nehmen wir an, Sie m\u00f6chten eine Bedingung erstellen, dass, wenn eine der Zellen in einer Zeile leer ist, die gesamte Zeile mit einer von Ihnen definierten Farbe hervorgehoben werden soll.<\/p><p> W\u00e4hlen Sie die Daten aus und gehen Sie dann zur Registerkarte \u201eStartseite\u201c &gt; \u201eBedingte Formatierung\u201c &gt; \u201eNeue Regel\u201c &gt; \u201eBestimmen Sie mithilfe einer Formel, welche Zellen formatiert werden sollen\u201c. Geben Sie die Formel =COUNTIF($A2:$D2\u201c, \u201e\u201c)&gt;0 ein und klicken Sie dann auf die Schaltfl\u00e4che \u201eFormat\u201c, um die Formatierung festzulegen. <\/p><div class=\"wp-block-image\"><figure class=\"aligncenter size-full is-resized\"><img loading=\"lazy\" decoding=\"async\" class=\"wp-image-90908\" src=\"https:\/\/exceladvisor.org\/wp-content\/uploads\/2023\/08\/13-ligne-en-surbrillance-si-une-cellule-est-vide.png\" sizes=\"auto, \" srcset=\"\" alt=\"Zeile hervorheben, wenn eine Zelle leer ist\" width=\"521\" height=\"376\"><\/figure><\/div><p> Und sobald Sie auf \u201eOK\u201c klicken, werden alle Zeilen hervorgehoben, in denen auch nur eine einzige Zelle leer ist. <\/p><div class=\"wp-block-image\"><figure class=\"aligncenter size-full is-resized\"><img loading=\"lazy\" decoding=\"async\" class=\"wp-image-90909\" src=\"https:\/\/exceladvisor.org\/wp-content\/uploads\/2023\/08\/14-lignes-en-surbrillance-avec-une-cellule-vide.png\" sizes=\"auto, \" srcset=\"\" alt=\"Hervorgehobene Zeilen mit leerer Zelle\" width=\"408\" height=\"277\"><\/figure><\/div><h2 class=\"wp-block-heading\"> 6. Markieren Sie mit der Dropdown-Liste eine Zeile mit dynamischem Wert<\/h2><p> Sie k\u00f6nnen auch eine Dropdown-Liste erstellen, aus der Sie den Wert ausw\u00e4hlen k\u00f6nnen. Die bedingte Formatierung verwendet dann diesen Wert, um die Zeilen hervorzuheben. Erstellen Sie also zun\u00e4chst eine Dropdown-Liste. Gehen Sie als N\u00e4chstes zur Registerkarte \u201eDaten\u201c &gt; \u201eDatenvalidierung\u201c. <\/p><div class=\"wp-block-image\"><figure class=\"aligncenter size-full is-resized\"><img loading=\"lazy\" decoding=\"async\" class=\"wp-image-90910\" src=\"https:\/\/exceladvisor.org\/wp-content\/uploads\/2023\/08\/15-lignes-de-surbrillance-avec-valeur-dynamique.png\" sizes=\"auto, \" srcset=\"\" alt=\"Zeilen mit dynamischem Wert hervorheben\" width=\"622\" height=\"199\"><\/figure><\/div><p> W\u00e4hlen Sie im Dialogfeld \u201eDatenvalidierung\u201c die Liste aus dem Dropdown-Men\u00fc \u201eZulassen\u201c aus und geben Sie die folgende Formel ein: <\/p><pre class=\"wp-block-code\"> <code class=\"language-excel-formula\" lang=\"excel-formula\">=OFFSET($B$2, 0, 0, COUNTA($B$2:$B$11), 1)<\/code><\/pre><div class=\"wp-block-image\"><figure class=\"aligncenter size-full is-resized\"><img loading=\"lazy\" decoding=\"async\" class=\"wp-image-90911\" src=\"https:\/\/exceladvisor.org\/wp-content\/uploads\/2023\/08\/16-boite-de-dialogue-de-validation-des-donnees.png\" sizes=\"auto, \" srcset=\"\" alt=\"Dialog zur Datenvalidierung\" width=\"600\" height=\"396\"><\/figure><\/div><p> Klicken Sie abschlie\u00dfend auf OK, um eine Dropdown-Liste mit dem Produktnamen anzuzeigen. <\/p><div class=\"wp-block-image\"><figure class=\"aligncenter size-full is-resized\"><img loading=\"lazy\" decoding=\"async\" class=\"wp-image-90912\" src=\"https:\/\/exceladvisor.org\/wp-content\/uploads\/2023\/08\/17-liste-deroulante.png\" sizes=\"auto, \" srcset=\"\" alt=\"die Dropdown-Liste\" width=\"250\" height=\"184\"><\/figure><\/div><p> W\u00e4hlen Sie anschlie\u00dfend die Daten aus und \u00f6ffnen Sie das Dialogfeld f\u00fcr die neue Bedingungsformatierungsregel. Klicken Sie anschlie\u00dfend auf \u201eEine Formel verwenden, um zu bestimmen, welche Zellen formatiert werden sollen\u201c und geben Sie dann die folgende Formel in das Feld \u201eWerte formatieren, bei denen diese Formel wahr ist\u201c ein.<\/p><p> Klicken Sie au\u00dferdem unbedingt auf die Schaltfl\u00e4che \u201eFormat\u201c, um die Farbe anzugeben, mit der die Linie hervorgehoben werden soll. <\/p><div class=\"wp-block-image\"><figure class=\"aligncenter size-full is-resized\"><img loading=\"lazy\" decoding=\"async\" class=\"wp-image-90913\" src=\"https:\/\/exceladvisor.org\/wp-content\/uploads\/2023\/08\/18-bouton-de-format-pour-specifier-la-couleur.png\" sizes=\"auto, \" srcset=\"\" alt=\"Schaltfl\u00e4che \u201eFormatieren\u201c zum Festlegen der Farbe\" width=\"642\" height=\"370\"><\/figure><\/div><p> Klicken Sie am Ende auf , um die Regel anzuwenden. Und wenn Sie den Wert im Dropdown-Men\u00fc \u00e4ndern, werden die Zeilen basierend auf dem Wert im Dropdown-Men\u00fc hervorgehoben. Diese bedingte Formatierungsregel verwendet daher die Werte aus der Zelle-F1-Dropdown-Liste der Zelle. <\/p><div class=\"wp-block-image\"><figure class=\"aligncenter size-full is-resized\"><img loading=\"lazy\" decoding=\"async\" class=\"wp-image-90914\" src=\"https:\/\/exceladvisor.org\/wp-content\/uploads\/2023\/08\/19-lignes-mises-en-surbrillance-en-fonction-des-valeurs-deroulantes.png\" sizes=\"auto, \" srcset=\"\" alt=\"Hervorgehobene-Linien-basierend-auf-Dropdown-Werten\" width=\"588\" height=\"298\"><\/figure><\/div><div class=\"gb-container gb-container-52dfcee1 gb-container-sample-file\"><h2 class=\"gb-headline gb-headline-e289c143 gb-headline-text gb-headline-4f7959c2\"> Holen Sie sich die Excel-Datei<\/h2> <a class=\"gb-button gb-button-e88d6bee gb-button-text gb-button-button1\" href=\"https:\/\/exceladvisor.org\/wp-content\/uploads\/2023\/08\/mise-en-surbrillance-des-lignes-mise-en-forme-conditionnelle.xlsx\" rel=\"nofollow\">Herunterladen<\/a><\/div><div class=\"gb-container gb-container-6076ba72 gb-container-mt\"> <a class=\"gb-button gb-button-76e6a499 gb-button-text gb-button-mt-button\" href=\"https:\/\/exceladvisor.org\/de\/excel-grundlagen\/\">Lernen Sie die Grundlagen von Excel<\/a><h2 class=\"gb-headline gb-headline-a9e9e206 gb-headline-text gb-headline-mt-heading\"> Erfahren Sie mehr \u00fcber <a href=\"https:\/\/exceladvisor.org\/de\/bedingte-formatierung\/\">bedingte Formatierung<\/a> <\/h2><div class=\"gb-grid-wrapper gb-grid-wrapper-790317cb gb-grid-wrapper-mt-grid\"><div class=\"gb-grid-column gb-grid-column-a9845ede\"><div class=\"gb-container gb-container-a9845ede\"><ul><li> <a href=\"https:\/\/exceladvisor.org\/de\/wenden-sie-eine-bedingte-formatierung-an\/\">Wenden Sie eine bedingte Formatierung auf eine Pivot-Tabelle an<\/a><\/li><li> <a href=\"https:\/\/exceladvisor.org\/de\/zuruckziehen\/\">Bedingte Formatierung entfernen<\/a><\/li><li> <a href=\"https:\/\/exceladvisor.org\/de\/leere-zellen\/\">Wenden Sie bedingte Formatierung auf leere Zellen in Excel an<\/a><\/li><li> <a href=\"https:\/\/exceladvisor.org\/de\/spalten-vergleichen\/\">Vergleichen Sie zwei Spalten mithilfe der bedingten Formatierung<\/a><\/li><li> <a href=\"https:\/\/exceladvisor.org\/de\/eine-andere-zelle\/\">Wenden Sie eine bedingte Formatierung basierend auf einer anderen Zelle an<\/a> <\/li><\/ul><\/div><\/div><div class=\"gb-grid-column gb-grid-column-ec8ff319\"><div class=\"gb-container gb-container-ec8ff319\"><\/div><\/div><\/div><\/div>","protected":false},"excerpt":{"rendered":"","protected":false},"author":1,"featured_media":0,"parent":0,"menu_order":0,"comment_status":"open","ping_status":"closed","template":"","meta":{"ub_ctt_via":"","footnotes":""},"class_list":["post-3240","page","type-page","status-publish","hentry"],"featured_image_src":null,"yoast_head":"<!-- This site is optimized with the Yoast SEO plugin v25.4 - https:\/\/yoast.com\/wordpress\/plugins\/seo\/ -->\n<title>\u25b7 Wie hebe ich Zeilen in Excel hervor? [Leiten]<\/title>\n<meta name=\"description\" content=\"Dieses Tutorial hilft Ihnen, Zeilen mithilfe der bedingten Formatierung in Excel hervorzuheben. Lassen Sie uns das \u00fcberpr\u00fcfen ...\" \/>\n<meta name=\"robots\" content=\"index, follow, max-snippet:-1, max-image-preview:large, max-video-preview:-1\" \/>\n<link rel=\"canonical\" href=\"https:\/\/exceladvisor.org\/de\/markieren-sie-linien\/\" \/>\n<meta property=\"og:locale\" content=\"de_DE\" \/>\n<meta property=\"og:type\" content=\"article\" \/>\n<meta property=\"og:title\" content=\"\u25b7 Wie hebe ich Zeilen in Excel hervor? [Leiten]\" \/>\n<meta property=\"og:description\" content=\"Dieses Tutorial hilft Ihnen, Zeilen mithilfe der bedingten Formatierung in Excel hervorzuheben. Lassen Sie uns das \u00fcberpr\u00fcfen ...\" \/>\n<meta property=\"og:url\" content=\"https:\/\/exceladvisor.org\/de\/markieren-sie-linien\/\" \/>\n<meta property=\"og:site_name\" content=\"Excel Advisor\" \/>\n<meta property=\"article:modified_time\" content=\"2023-12-03T11:21:42+00:00\" \/>\n<meta property=\"og:image\" content=\"https:\/\/exceladvisor.org\/wp-content\/uploads\/2023\/08\/1-mettre-en-surbrillance-les-lignes-a-laide-de-la-mise-en-forme-conditionnelle.png\" \/>\n<meta name=\"twitter:card\" content=\"summary_large_image\" \/>\n<meta name=\"twitter:label1\" content=\"Gesch\u00e4tzte Lesezeit\" \/>\n\t<meta name=\"twitter:data1\" content=\"4\u00a0Minuten\" \/>\n<script type=\"application\/ld+json\" class=\"yoast-schema-graph\">{\"@context\":\"https:\/\/schema.org\",\"@graph\":[{\"@type\":\"WebPage\",\"@id\":\"https:\/\/exceladvisor.org\/de\/markieren-sie-linien\/\",\"url\":\"https:\/\/exceladvisor.org\/de\/markieren-sie-linien\/\",\"name\":\"\u25b7 Wie hebe ich Zeilen in Excel hervor? [Leiten]\",\"isPartOf\":{\"@id\":\"https:\/\/exceladvisor.org\/de\/#website\"},\"primaryImageOfPage\":{\"@id\":\"https:\/\/exceladvisor.org\/de\/markieren-sie-linien\/#primaryimage\"},\"image\":{\"@id\":\"https:\/\/exceladvisor.org\/de\/markieren-sie-linien\/#primaryimage\"},\"thumbnailUrl\":\"https:\/\/exceladvisor.org\/wp-content\/uploads\/2023\/08\/1-mettre-en-surbrillance-les-lignes-a-laide-de-la-mise-en-forme-conditionnelle.png\",\"datePublished\":\"2023-11-07T15:58:06+00:00\",\"dateModified\":\"2023-12-03T11:21:42+00:00\",\"description\":\"Dieses Tutorial hilft Ihnen, Zeilen mithilfe der bedingten Formatierung in Excel hervorzuheben. Lassen Sie uns das \u00fcberpr\u00fcfen ...\",\"breadcrumb\":{\"@id\":\"https:\/\/exceladvisor.org\/de\/markieren-sie-linien\/#breadcrumb\"},\"inLanguage\":\"de\",\"potentialAction\":[{\"@type\":\"ReadAction\",\"target\":[\"https:\/\/exceladvisor.org\/de\/markieren-sie-linien\/\"]}]},{\"@type\":\"ImageObject\",\"inLanguage\":\"de\",\"@id\":\"https:\/\/exceladvisor.org\/de\/markieren-sie-linien\/#primaryimage\",\"url\":\"https:\/\/exceladvisor.org\/wp-content\/uploads\/2023\/08\/1-mettre-en-surbrillance-les-lignes-a-laide-de-la-mise-en-forme-conditionnelle.png\",\"contentUrl\":\"https:\/\/exceladvisor.org\/wp-content\/uploads\/2023\/08\/1-mettre-en-surbrillance-les-lignes-a-laide-de-la-mise-en-forme-conditionnelle.png\"},{\"@type\":\"BreadcrumbList\",\"@id\":\"https:\/\/exceladvisor.org\/de\/markieren-sie-linien\/#breadcrumb\",\"itemListElement\":[{\"@type\":\"ListItem\",\"position\":1,\"name\":\"Accueil\",\"item\":\"https:\/\/exceladvisor.org\/de\/\"},{\"@type\":\"ListItem\",\"position\":2,\"name\":\"Wie hebe ich zeilen in excel hervor?\"}]},{\"@type\":\"WebSite\",\"@id\":\"https:\/\/exceladvisor.org\/de\/#website\",\"url\":\"https:\/\/exceladvisor.org\/de\/\",\"name\":\"Excel Advisor\",\"description\":\"Ihr Leitfaden zur Datendominanz\",\"publisher\":{\"@id\":\"https:\/\/exceladvisor.org\/de\/#organization\"},\"potentialAction\":[{\"@type\":\"SearchAction\",\"target\":{\"@type\":\"EntryPoint\",\"urlTemplate\":\"https:\/\/exceladvisor.org\/de\/?s={search_term_string}\"},\"query-input\":{\"@type\":\"PropertyValueSpecification\",\"valueRequired\":true,\"valueName\":\"search_term_string\"}}],\"inLanguage\":\"de\"},{\"@type\":\"Organization\",\"@id\":\"https:\/\/exceladvisor.org\/de\/#organization\",\"name\":\"Excel Advisor\",\"url\":\"https:\/\/exceladvisor.org\/de\/\",\"logo\":{\"@type\":\"ImageObject\",\"inLanguage\":\"de\",\"@id\":\"https:\/\/exceladvisor.org\/de\/#\/schema\/logo\/image\/\",\"url\":\"https:\/\/exceladvisor.org\/de\/wp-content\/uploads\/2023\/11\/exceladvisor.org_.png\",\"contentUrl\":\"https:\/\/exceladvisor.org\/de\/wp-content\/uploads\/2023\/11\/exceladvisor.org_.png\",\"width\":105,\"height\":36,\"caption\":\"Excel Advisor\"},\"image\":{\"@id\":\"https:\/\/exceladvisor.org\/de\/#\/schema\/logo\/image\/\"}}]}<\/script>\n<!-- \/ Yoast SEO plugin. -->","yoast_head_json":{"title":"\u25b7 Wie hebe ich Zeilen in Excel hervor? [Leiten]","description":"Dieses Tutorial hilft Ihnen, Zeilen mithilfe der bedingten Formatierung in Excel hervorzuheben. Lassen Sie uns das \u00fcberpr\u00fcfen ...","robots":{"index":"index","follow":"follow","max-snippet":"max-snippet:-1","max-image-preview":"max-image-preview:large","max-video-preview":"max-video-preview:-1"},"canonical":"https:\/\/exceladvisor.org\/de\/markieren-sie-linien\/","og_locale":"de_DE","og_type":"article","og_title":"\u25b7 Wie hebe ich Zeilen in Excel hervor? [Leiten]","og_description":"Dieses Tutorial hilft Ihnen, Zeilen mithilfe der bedingten Formatierung in Excel hervorzuheben. Lassen Sie uns das \u00fcberpr\u00fcfen ...","og_url":"https:\/\/exceladvisor.org\/de\/markieren-sie-linien\/","og_site_name":"Excel Advisor","article_modified_time":"2023-12-03T11:21:42+00:00","og_image":[{"url":"https:\/\/exceladvisor.org\/wp-content\/uploads\/2023\/08\/1-mettre-en-surbrillance-les-lignes-a-laide-de-la-mise-en-forme-conditionnelle.png","type":"","width":"","height":""}],"twitter_card":"summary_large_image","twitter_misc":{"Gesch\u00e4tzte Lesezeit":"4\u00a0Minuten"},"schema":{"@context":"https:\/\/schema.org","@graph":[{"@type":"WebPage","@id":"https:\/\/exceladvisor.org\/de\/markieren-sie-linien\/","url":"https:\/\/exceladvisor.org\/de\/markieren-sie-linien\/","name":"\u25b7 Wie hebe ich Zeilen in Excel hervor? [Leiten]","isPartOf":{"@id":"https:\/\/exceladvisor.org\/de\/#website"},"primaryImageOfPage":{"@id":"https:\/\/exceladvisor.org\/de\/markieren-sie-linien\/#primaryimage"},"image":{"@id":"https:\/\/exceladvisor.org\/de\/markieren-sie-linien\/#primaryimage"},"thumbnailUrl":"https:\/\/exceladvisor.org\/wp-content\/uploads\/2023\/08\/1-mettre-en-surbrillance-les-lignes-a-laide-de-la-mise-en-forme-conditionnelle.png","datePublished":"2023-11-07T15:58:06+00:00","dateModified":"2023-12-03T11:21:42+00:00","description":"Dieses Tutorial hilft Ihnen, Zeilen mithilfe der bedingten Formatierung in Excel hervorzuheben. Lassen Sie uns das \u00fcberpr\u00fcfen ...","breadcrumb":{"@id":"https:\/\/exceladvisor.org\/de\/markieren-sie-linien\/#breadcrumb"},"inLanguage":"de","potentialAction":[{"@type":"ReadAction","target":["https:\/\/exceladvisor.org\/de\/markieren-sie-linien\/"]}]},{"@type":"ImageObject","inLanguage":"de","@id":"https:\/\/exceladvisor.org\/de\/markieren-sie-linien\/#primaryimage","url":"https:\/\/exceladvisor.org\/wp-content\/uploads\/2023\/08\/1-mettre-en-surbrillance-les-lignes-a-laide-de-la-mise-en-forme-conditionnelle.png","contentUrl":"https:\/\/exceladvisor.org\/wp-content\/uploads\/2023\/08\/1-mettre-en-surbrillance-les-lignes-a-laide-de-la-mise-en-forme-conditionnelle.png"},{"@type":"BreadcrumbList","@id":"https:\/\/exceladvisor.org\/de\/markieren-sie-linien\/#breadcrumb","itemListElement":[{"@type":"ListItem","position":1,"name":"Accueil","item":"https:\/\/exceladvisor.org\/de\/"},{"@type":"ListItem","position":2,"name":"Wie hebe ich zeilen in excel hervor?"}]},{"@type":"WebSite","@id":"https:\/\/exceladvisor.org\/de\/#website","url":"https:\/\/exceladvisor.org\/de\/","name":"Excel Advisor","description":"Ihr Leitfaden zur Datendominanz","publisher":{"@id":"https:\/\/exceladvisor.org\/de\/#organization"},"potentialAction":[{"@type":"SearchAction","target":{"@type":"EntryPoint","urlTemplate":"https:\/\/exceladvisor.org\/de\/?s={search_term_string}"},"query-input":{"@type":"PropertyValueSpecification","valueRequired":true,"valueName":"search_term_string"}}],"inLanguage":"de"},{"@type":"Organization","@id":"https:\/\/exceladvisor.org\/de\/#organization","name":"Excel Advisor","url":"https:\/\/exceladvisor.org\/de\/","logo":{"@type":"ImageObject","inLanguage":"de","@id":"https:\/\/exceladvisor.org\/de\/#\/schema\/logo\/image\/","url":"https:\/\/exceladvisor.org\/de\/wp-content\/uploads\/2023\/11\/exceladvisor.org_.png","contentUrl":"https:\/\/exceladvisor.org\/de\/wp-content\/uploads\/2023\/11\/exceladvisor.org_.png","width":105,"height":36,"caption":"Excel Advisor"},"image":{"@id":"https:\/\/exceladvisor.org\/de\/#\/schema\/logo\/image\/"}}]}},"yoast_meta":{"yoast_wpseo_title":"","yoast_wpseo_metadesc":"","yoast_wpseo_canonical":""},"_links":{"self":[{"href":"https:\/\/exceladvisor.org\/de\/wp-json\/wp\/v2\/pages\/3240","targetHints":{"allow":["GET"]}}],"collection":[{"href":"https:\/\/exceladvisor.org\/de\/wp-json\/wp\/v2\/pages"}],"about":[{"href":"https:\/\/exceladvisor.org\/de\/wp-json\/wp\/v2\/types\/page"}],"author":[{"embeddable":true,"href":"https:\/\/exceladvisor.org\/de\/wp-json\/wp\/v2\/users\/1"}],"replies":[{"embeddable":true,"href":"https:\/\/exceladvisor.org\/de\/wp-json\/wp\/v2\/comments?post=3240"}],"version-history":[{"count":1,"href":"https:\/\/exceladvisor.org\/de\/wp-json\/wp\/v2\/pages\/3240\/revisions"}],"predecessor-version":[{"id":4079,"href":"https:\/\/exceladvisor.org\/de\/wp-json\/wp\/v2\/pages\/3240\/revisions\/4079"}],"wp:attachment":[{"href":"https:\/\/exceladvisor.org\/de\/wp-json\/wp\/v2\/media?parent=3240"}],"curies":[{"name":"wp","href":"https:\/\/api.w.org\/{rel}","templated":true}]}}