{"id":3241,"date":"2023-11-07T15:27:39","date_gmt":"2023-11-07T15:27:39","guid":{"rendered":"https:\/\/exceladvisor.org\/de\/farbskalen\/"},"modified":"2023-12-03T13:05:43","modified_gmt":"2023-12-03T13:05:43","slug":"farbskalen","status":"publish","type":"page","link":"https:\/\/exceladvisor.org\/de\/farbskalen\/","title":{"rendered":"Wie wende ich farbskalen in excel an?"},"content":{"rendered":"<div class=\"excel-vor-dem-inhalt\" id=\"excel-7690975\"><script type=\"text\/javascript\">\r\n\tatOptions = {\r\n\t\t'key' : 'c1158f160081d6540a8409e6925dab94',\r\n\t\t'format' : 'iframe',\r\n\t\t'height' : 250,\r\n\t\t'width' : 300,\r\n\t\t'params' : {}\r\n\t};\r\n<\/script>\r\n<script type=\"text\/javascript\" src=\"\/\/www.highperformanceformat.com\/c1158f160081d6540a8409e6925dab94\/invoke.js\"><\/script><\/div> <h2 class=\"wp-block-heading\">Was sind Farbskalen?<\/h2><p> Die Farbskala ist eine bedingte Formatierungsoption, die Sie auf einen Bereich von Zellen anwenden k\u00f6nnen, um diese mit Farbschattierungen hervorzuheben, die auf dem Wert einer bestimmten Zelle basieren. Beispielsweise werden Zellen mit h\u00f6heren Werten gr\u00fcn und niedrigere rot.<\/p><p> In Excel gibt es zwei M\u00f6glichkeiten, Farbskalen zu verwenden.<\/p><ul><li> Vordefinierte Farbskalen<\/li><li> Benutzerdefinierte Farbskalen<\/li><\/ul><p> Und in diesem Tutorial werden wir beide M\u00f6glichkeiten im Detail besprechen.<\/p><h2 class=\"wp-block-heading\"> Schritte zum Anwenden der Farbskala in Excel<\/h2><ol type=\"1\"><li> W\u00e4hlen Sie den Bereich aus, auf den Sie es anwenden m\u00f6chten.<\/li><li> Gehen Sie zur Startseite und klicken Sie dann auf Bedingte Formatierung.<\/li><li> Gehen Sie zu Farbskalen und platzieren Sie den Cursor auf der Farbskala, die Sie anwenden m\u00f6chten.<\/li><li> Klicken Sie abschlie\u00dfend auf die Farbskala, die Sie anwenden m\u00f6chten. <\/li><\/ol><div class=\"wp-block-image\"><figure class=\"aligncenter size-full is-resized\"><img loading=\"lazy\" decoding=\"async\" class=\"wp-image-91264\" src=\"https:\/\/exceladvisor.org\/wp-content\/uploads\/2023\/08\/1-appliquer-une-echelle-de-couleurs-dans-Excel-avec-une-mise-en-forme-conditionnelle.png\" sizes=\"auto, \" srcset=\"\" alt=\"Anwenden einer Farbskala in Excel mit bedingter Formatierung\" width=\"637\" height=\"481\"><\/figure><\/div><p> Es gibt 12 vordefinierte Farbskalen, die Sie hier verwenden k\u00f6nnen. Jede dieser Farbskalen ist einzigartig. Und die von uns angewendeten Farbskalen bestehen aus drei Farben; Gr\u00fcn, Gelb und Rot, das hei\u00dft Gr\u00fcn f\u00fcr h\u00f6here Werte, Gelb f\u00fcr mittlere Werte und Rot f\u00fcr niedrigere Werte.<\/p><p class=\"qt-tip\"> <strong>Hinweis<\/strong> : Wenn Sie die Zahlen aus den Farbskalen ausblenden m\u00f6chten, \u00f6ffnen Sie die Optionen \u201eZellen formatieren\u201c (Strg + 1), klicken Sie auf \u201eBenutzerdefiniert\u201c und geben Sie ;;;; ein. in der Eingabeleiste und klicken Sie dann auf OK.<\/p><h2 class=\"wp-block-heading\"> Erstellen Sie eine benutzerdefinierte Farbskala<\/h2><p> Zus\u00e4tzlich zu den vordefinierten Skalen k\u00f6nnen Sie eine benutzerdefinierte Regel erstellen, um die Farbskala auf einen Bereich von Zellen anzuwenden. Dazu m\u00fcssen Sie in den Farbskalenoptionen auf \u201eWeitere Regeln\u201c klicken. <\/p><div class=\"wp-block-image\"><figure class=\"aligncenter size-full is-resized\"><img loading=\"lazy\" decoding=\"async\" class=\"wp-image-91265\" src=\"https:\/\/exceladvisor.org\/wp-content\/uploads\/2023\/08\/2-echelles-de-couleurs-personnalisees-avec-mise-en-forme-conditionnelle.png\" sizes=\"auto, \" srcset=\"\" alt=\"benutzerdefinierte Farbskala mit bedingter Formatierung\" width=\"371\" height=\"441\"><\/figure><\/div><p> Wenn Sie darauf klicken, erscheint ein neues Dialogfeld, in dem Sie eine benutzerdefinierte Farbskala erstellen k\u00f6nnen. <\/p><div class=\"wp-block-image\"><figure class=\"aligncenter size-full is-resized\"><img loading=\"lazy\" decoding=\"async\" class=\"wp-image-91266\" src=\"https:\/\/exceladvisor.org\/wp-content\/uploads\/2023\/08\/3-creer-une-echelle-de-couleurs-personnalisee-nouvelle-mise-en-forme-conditionnelle-de-la-boite-de-dialogue.png\" sizes=\"auto, \" srcset=\"\" alt=\"Erstellen-benutzerdefinierter-Farbskala-neuer-Dialog-bedingte-Formatierung\" width=\"538\" height=\"430\"><\/figure><\/div><p> In diesem Dialogfeld k\u00f6nnen Sie \u201eFormatstil\u201c ausw\u00e4hlen, um eine Zwei-Farben-Skala oder eine Drei-Farben-Skala anzuwenden. <\/p><div class=\"wp-block-image\"><figure class=\"aligncenter size-full is-resized\"><img loading=\"lazy\" decoding=\"async\" class=\"wp-image-91267\" src=\"https:\/\/exceladvisor.org\/wp-content\/uploads\/2023\/08\/Boite-de-dialogue-de-style-a-4-formats-pour-appliquer-une-mise-en-forme-conditionnelle.png\" sizes=\"auto, \" srcset=\"\" alt=\"Formatstildialog zum Anwenden der bedingten Formatierung\" width=\"285\" height=\"137\"><\/figure><\/div><p> Nachdem Sie die Skala ausgew\u00e4hlt haben, die Sie anwenden m\u00f6chten, haben Sie f\u00fcnf M\u00f6glichkeiten, eine Regel zu erstellen:<\/p><h3 class=\"wp-block-heading\"> 1. Niedrigster\/h\u00f6chster Wert<\/h3><p> Dies ist die Standardmethode zum Erstellen einer Regel, und vordefinierte Regeln basieren darauf. Es nimmt den unteren und den oberen Wert des von Ihnen ausgew\u00e4hlten Bereichs und erstellt darauf basierend eine Regel.<\/p><h3 class=\"wp-block-heading\"> 2. Prozentsatz<\/h3><p> Mit Prozentsatz k\u00f6nnen Sie den Prozentsatz f\u00fcr niedrige, mittlere und hohe Werte (3-Skala) oder niedrige und hohe Werte (2-Skala) angeben. Wenn Sie beispielsweise 10 % als niedrigsten Prozentsatz angeben, wird der dunkelste Farbton der unteren Farbe auf die niedrigsten 10 %-Werte angewendet. Und wenn Sie 80 % des h\u00f6chsten Prozentsatzes verwenden, wird der dunkelste Farbton der h\u00f6chsten Farbe auf die oberen 20 % angewendet. <\/p><div class=\"wp-block-image\"><figure class=\"aligncenter size-full is-resized\"><img loading=\"lazy\" decoding=\"async\" class=\"wp-image-91268\" src=\"https:\/\/exceladvisor.org\/wp-content\/uploads\/2023\/08\/Mise-en-forme-conditionnelle-de-lechelle-de-couleurs-a-5-.png\" sizes=\"auto, \" srcset=\"\" alt=\"Bedingte Formatierung der Farbskala in Prozent\" width=\"670\" height=\"513\"><\/figure><\/div><h3 class=\"wp-block-heading\"> 3. Perzentil<\/h3><p> Perzentil funktioniert bei der Anwendung von Farbskalen anders. Im folgenden Beispiel haben wir 80 f\u00fcr den h\u00f6chsten Wert verwendet, also das oberste 20. Perzentil. Dadurch wird eine Gruppe von Spitzenwerten erstellt und auf alle diese Zellen wird derselbe Farbton angewendet. <\/p><div class=\"wp-block-image\"><figure class=\"aligncenter size-full is-resized\"><img loading=\"lazy\" decoding=\"async\" class=\"wp-image-91269\" src=\"https:\/\/exceladvisor.org\/wp-content\/uploads\/2023\/08\/Mise-en-forme-conditionnelle-de-lechelle-de-couleurs-a-6-centiles.png\" sizes=\"auto, \" srcset=\"\" alt=\"Perzentil-Farbskala-bedingte-Formatierung\" width=\"739\" height=\"529\"><\/figure><\/div><p> Das Gleiche gilt f\u00fcr die Werte des niedrigsten Perzentils und des niedrigsten 10. Perzentils. Alle Werte in dieser Wertegruppe erhalten genau die Farbe, die Sie in der Mindestfarbe angegeben haben.<\/p><p> <em><strong>Schnelle Links, um mehr zu erfahren<\/strong> \u2013 <a href=\"https:\/\/www.reddit.com\/r\/sheets\/comments\/pss0rd\/conditional_formatting_percent_vs_percentile\/\" target=\"_blank\" rel=\"noreferrer noopener nofollow\">Link<\/a><\/em><\/p><h3 class=\"wp-block-heading\"> 4.Nummer<\/h3><p> Mit 0number k\u00f6nnen Sie eine benutzerdefinierte Nummer festlegen, indem Sie diese eingeben. Diese Option ist ideal, wenn Zahlen nach einem Standard verwendet werden. Angenommen, Sie m\u00f6chten eine Farbe anwenden, die auf den Mindest- und H\u00f6chstwerten 0 und 100 basiert. <\/p><div class=\"wp-block-image\"><figure class=\"aligncenter size-full is-resized\"><img loading=\"lazy\" decoding=\"async\" class=\"wp-image-91270\" src=\"https:\/\/exceladvisor.org\/wp-content\/uploads\/2023\/08\/Mise-en-forme-conditionnelle-de-lechelle-de-couleurs-a-7-chiffres.png\" sizes=\"auto, \" srcset=\"\" alt=\"Zahlen-Farbskala-bedingte-Formatierung\" width=\"682\" height=\"522\"><\/figure><\/div><h3 class=\"wp-block-heading\"> 5. Formular<\/h3><p> Manchmal m\u00fcssen Sie den Wert m\u00f6glicherweise mithilfe einer Formel ermitteln. Nehmen wir an, Sie m\u00f6chten die Farbskala auf eine Spalte anwenden, m\u00f6chten aber die Minimal-, Median- und Maximalwerte aus einer anderen Spalte erhalten. <\/p><div class=\"wp-block-image\"><figure class=\"aligncenter size-full is-resized\"><img loading=\"lazy\" decoding=\"async\" class=\"wp-image-91271\" src=\"https:\/\/exceladvisor.org\/wp-content\/uploads\/2023\/08\/Mise-en-forme-conditionnelle-de-lechelle-de-couleurs-a-8-formules.png\" sizes=\"auto, \" srcset=\"\" alt=\"Farbskalenformel-bedingte-Formatierung\" width=\"709\" height=\"454\"><\/figure><\/div><h2 class=\"wp-block-heading\"> Erstellen einer Farbskala mit mehr als 3 Farben<\/h2><p> Wir haben keine M\u00f6glichkeit, eine Skala mit 4 oder mehr Farben zu erstellen. In diesem Fall k\u00f6nnen Sie f\u00fcnf bedingte Regeln erstellen. Unten haben wir eine 5-Farben-Skala, in der wir f\u00fcnf verschiedene Lineale verwendet haben. <\/p><div class=\"wp-block-image\"><figure class=\"aligncenter size-full is-resized\"><img loading=\"lazy\" decoding=\"async\" class=\"wp-image-91272\" src=\"https:\/\/exceladvisor.org\/wp-content\/uploads\/2023\/08\/9-autres-echelles-de-couleurs-mise-en-forme-conditionnelle.png\" sizes=\"auto, \" srcset=\"\" alt=\"Mehr-Farbskalen-bedingte-Formatierung\" width=\"634\" height=\"307\"><\/figure><\/div><p> Jede dieser f\u00fcnf Regeln verwendet f\u00fcnf verschiedene Bedingungen. <\/p><div class=\"wp-block-image\"><figure class=\"aligncenter size-full is-resized\"><img loading=\"lazy\" decoding=\"async\" class=\"wp-image-91273\" src=\"https:\/\/exceladvisor.org\/wp-content\/uploads\/2023\/08\/10-echelles-de-couleurs-a-cinq-regles-de-mise-en-forme-conditionnelle.png\" sizes=\"auto, \" srcset=\"\" alt=\"F\u00fcnf-Regeln-Farbskala-bedingte-Formatierung\" width=\"597\" height=\"261\"><\/figure><\/div><p> Diese f\u00fcnf Formeln berechnen f\u00fcnf verschiedene Zahlenbl\u00f6cke im Bereich.<\/p><ol type=\"1\"><li> Unter 2000<\/li><li> Von 2000 bis 3999<\/li><li> Von 4000 bis 5999<\/li><li> Von 6000 bis 7999<\/li><li> \u00dcber 8000<\/li><\/ol><p> Und f\u00fcr jede Formel gibt es eine definierte Farbe, die angewendet werden kann. <\/p><div class=\"gb-container gb-container-52dfcee1 gb-container-sample-file\"><h2 class=\"gb-headline gb-headline-e289c143 gb-headline-text gb-headline-4f7959c2\"> Holen Sie sich die Excel-Datei<\/h2> <a class=\"gb-button gb-button-e88d6bee gb-button-text gb-button-button1\" href=\"https:\/\/exceladvisor.org\/wp-content\/uploads\/2023\/11\/echelles-de-couleurs-2.xlsx\" rel=\"nofollow\">Herunterladen<\/a><\/div><div class=\"gb-container gb-container-6076ba72 gb-container-mt\"> <a class=\"gb-button gb-button-76e6a499 gb-button-text gb-button-mt-button\" href=\"https:\/\/exceladvisor.org\/de\/excel-grundlagen\/\">Lernen Sie die Grundlagen von Excel<\/a><h2 class=\"gb-headline gb-headline-a9e9e206 gb-headline-text gb-headline-mt-heading\"> Erfahren Sie mehr \u00fcber <a href=\"https:\/\/exceladvisor.org\/de\/bedingte-formatierung\/\">bedingte Formatierung<\/a> <\/h2><div class=\"gb-grid-wrapper gb-grid-wrapper-790317cb gb-grid-wrapper-mt-grid\"><div class=\"gb-grid-column gb-grid-column-a9845ede\"><div class=\"gb-container gb-container-a9845ede\"><ul><li> <a href=\"https:\/\/exceladvisor.org\/de\/wenden-sie-eine-bedingte-formatierung-an\/\">Wenden Sie eine bedingte Formatierung auf eine Pivot-Tabelle an<\/a><\/li><li> <a href=\"https:\/\/exceladvisor.org\/de\/zuruckziehen\/\">Bedingte Formatierung entfernen<\/a><\/li><li> <a href=\"https:\/\/exceladvisor.org\/de\/leere-zellen\/\">Wenden Sie bedingte Formatierung auf leere Zellen in Excel an<\/a><\/li><li> <a href=\"https:\/\/exceladvisor.org\/de\/spalten-vergleichen\/\">Vergleichen Sie zwei Spalten mithilfe der bedingten Formatierung<\/a><\/li><li> <a href=\"https:\/\/exceladvisor.org\/de\/eine-andere-zelle\/\">Wenden Sie eine bedingte Formatierung basierend auf einer anderen Zelle an<\/a><\/li><\/ul><\/div><\/div><\/div><\/div>","protected":false},"excerpt":{"rendered":"","protected":false},"author":1,"featured_media":0,"parent":0,"menu_order":0,"comment_status":"open","ping_status":"closed","template":"","meta":{"ub_ctt_via":"","footnotes":""},"class_list":["post-3241","page","type-page","status-publish","hentry"],"featured_image_src":null,"yoast_head":"<!-- This site is optimized with the Yoast SEO plugin v25.4 - https:\/\/yoast.com\/wordpress\/plugins\/seo\/ -->\n<title>Wie wende ich Farbskalen in Excel an?<\/title>\n<meta name=\"robots\" content=\"index, follow, max-snippet:-1, max-image-preview:large, max-video-preview:-1\" \/>\n<link rel=\"canonical\" href=\"https:\/\/exceladvisor.org\/de\/farbskalen\/\" \/>\n<meta property=\"og:locale\" content=\"de_DE\" \/>\n<meta property=\"og:type\" content=\"article\" \/>\n<meta property=\"og:title\" content=\"Wie wende ich Farbskalen in Excel an?\" \/>\n<meta property=\"og:url\" content=\"https:\/\/exceladvisor.org\/de\/farbskalen\/\" \/>\n<meta property=\"og:site_name\" content=\"Excel Advisor\" \/>\n<meta property=\"article:modified_time\" content=\"2023-12-03T13:05:43+00:00\" \/>\n<meta property=\"og:image\" content=\"https:\/\/exceladvisor.org\/wp-content\/uploads\/2023\/08\/1-appliquer-une-echelle-de-couleurs-dans-Excel-avec-une-mise-en-forme-conditionnelle.png\" \/>\n<meta name=\"twitter:card\" content=\"summary_large_image\" \/>\n<meta name=\"twitter:label1\" content=\"Gesch\u00e4tzte Lesezeit\" \/>\n\t<meta name=\"twitter:data1\" content=\"4\u00a0Minuten\" \/>\n<script type=\"application\/ld+json\" class=\"yoast-schema-graph\">{\"@context\":\"https:\/\/schema.org\",\"@graph\":[{\"@type\":\"WebPage\",\"@id\":\"https:\/\/exceladvisor.org\/de\/farbskalen\/\",\"url\":\"https:\/\/exceladvisor.org\/de\/farbskalen\/\",\"name\":\"Wie wende ich Farbskalen in Excel an?\",\"isPartOf\":{\"@id\":\"https:\/\/exceladvisor.org\/de\/#website\"},\"primaryImageOfPage\":{\"@id\":\"https:\/\/exceladvisor.org\/de\/farbskalen\/#primaryimage\"},\"image\":{\"@id\":\"https:\/\/exceladvisor.org\/de\/farbskalen\/#primaryimage\"},\"thumbnailUrl\":\"https:\/\/exceladvisor.org\/wp-content\/uploads\/2023\/08\/1-appliquer-une-echelle-de-couleurs-dans-Excel-avec-une-mise-en-forme-conditionnelle.png\",\"datePublished\":\"2023-11-07T15:27:39+00:00\",\"dateModified\":\"2023-12-03T13:05:43+00:00\",\"breadcrumb\":{\"@id\":\"https:\/\/exceladvisor.org\/de\/farbskalen\/#breadcrumb\"},\"inLanguage\":\"de\",\"potentialAction\":[{\"@type\":\"ReadAction\",\"target\":[\"https:\/\/exceladvisor.org\/de\/farbskalen\/\"]}]},{\"@type\":\"ImageObject\",\"inLanguage\":\"de\",\"@id\":\"https:\/\/exceladvisor.org\/de\/farbskalen\/#primaryimage\",\"url\":\"https:\/\/exceladvisor.org\/wp-content\/uploads\/2023\/08\/1-appliquer-une-echelle-de-couleurs-dans-Excel-avec-une-mise-en-forme-conditionnelle.png\",\"contentUrl\":\"https:\/\/exceladvisor.org\/wp-content\/uploads\/2023\/08\/1-appliquer-une-echelle-de-couleurs-dans-Excel-avec-une-mise-en-forme-conditionnelle.png\"},{\"@type\":\"BreadcrumbList\",\"@id\":\"https:\/\/exceladvisor.org\/de\/farbskalen\/#breadcrumb\",\"itemListElement\":[{\"@type\":\"ListItem\",\"position\":1,\"name\":\"Accueil\",\"item\":\"https:\/\/exceladvisor.org\/de\/\"},{\"@type\":\"ListItem\",\"position\":2,\"name\":\"Wie wende ich farbskalen in excel an?\"}]},{\"@type\":\"WebSite\",\"@id\":\"https:\/\/exceladvisor.org\/de\/#website\",\"url\":\"https:\/\/exceladvisor.org\/de\/\",\"name\":\"Excel Advisor\",\"description\":\"Ihr Leitfaden zur Datendominanz\",\"publisher\":{\"@id\":\"https:\/\/exceladvisor.org\/de\/#organization\"},\"potentialAction\":[{\"@type\":\"SearchAction\",\"target\":{\"@type\":\"EntryPoint\",\"urlTemplate\":\"https:\/\/exceladvisor.org\/de\/?s={search_term_string}\"},\"query-input\":{\"@type\":\"PropertyValueSpecification\",\"valueRequired\":true,\"valueName\":\"search_term_string\"}}],\"inLanguage\":\"de\"},{\"@type\":\"Organization\",\"@id\":\"https:\/\/exceladvisor.org\/de\/#organization\",\"name\":\"Excel Advisor\",\"url\":\"https:\/\/exceladvisor.org\/de\/\",\"logo\":{\"@type\":\"ImageObject\",\"inLanguage\":\"de\",\"@id\":\"https:\/\/exceladvisor.org\/de\/#\/schema\/logo\/image\/\",\"url\":\"https:\/\/exceladvisor.org\/de\/wp-content\/uploads\/2023\/11\/exceladvisor.org_.png\",\"contentUrl\":\"https:\/\/exceladvisor.org\/de\/wp-content\/uploads\/2023\/11\/exceladvisor.org_.png\",\"width\":105,\"height\":36,\"caption\":\"Excel Advisor\"},\"image\":{\"@id\":\"https:\/\/exceladvisor.org\/de\/#\/schema\/logo\/image\/\"}}]}<\/script>\n<!-- \/ Yoast SEO plugin. -->","yoast_head_json":{"title":"Wie wende ich Farbskalen in Excel an?","robots":{"index":"index","follow":"follow","max-snippet":"max-snippet:-1","max-image-preview":"max-image-preview:large","max-video-preview":"max-video-preview:-1"},"canonical":"https:\/\/exceladvisor.org\/de\/farbskalen\/","og_locale":"de_DE","og_type":"article","og_title":"Wie wende ich Farbskalen in Excel an?","og_url":"https:\/\/exceladvisor.org\/de\/farbskalen\/","og_site_name":"Excel Advisor","article_modified_time":"2023-12-03T13:05:43+00:00","og_image":[{"url":"https:\/\/exceladvisor.org\/wp-content\/uploads\/2023\/08\/1-appliquer-une-echelle-de-couleurs-dans-Excel-avec-une-mise-en-forme-conditionnelle.png","type":"","width":"","height":""}],"twitter_card":"summary_large_image","twitter_misc":{"Gesch\u00e4tzte Lesezeit":"4\u00a0Minuten"},"schema":{"@context":"https:\/\/schema.org","@graph":[{"@type":"WebPage","@id":"https:\/\/exceladvisor.org\/de\/farbskalen\/","url":"https:\/\/exceladvisor.org\/de\/farbskalen\/","name":"Wie wende ich Farbskalen in Excel an?","isPartOf":{"@id":"https:\/\/exceladvisor.org\/de\/#website"},"primaryImageOfPage":{"@id":"https:\/\/exceladvisor.org\/de\/farbskalen\/#primaryimage"},"image":{"@id":"https:\/\/exceladvisor.org\/de\/farbskalen\/#primaryimage"},"thumbnailUrl":"https:\/\/exceladvisor.org\/wp-content\/uploads\/2023\/08\/1-appliquer-une-echelle-de-couleurs-dans-Excel-avec-une-mise-en-forme-conditionnelle.png","datePublished":"2023-11-07T15:27:39+00:00","dateModified":"2023-12-03T13:05:43+00:00","breadcrumb":{"@id":"https:\/\/exceladvisor.org\/de\/farbskalen\/#breadcrumb"},"inLanguage":"de","potentialAction":[{"@type":"ReadAction","target":["https:\/\/exceladvisor.org\/de\/farbskalen\/"]}]},{"@type":"ImageObject","inLanguage":"de","@id":"https:\/\/exceladvisor.org\/de\/farbskalen\/#primaryimage","url":"https:\/\/exceladvisor.org\/wp-content\/uploads\/2023\/08\/1-appliquer-une-echelle-de-couleurs-dans-Excel-avec-une-mise-en-forme-conditionnelle.png","contentUrl":"https:\/\/exceladvisor.org\/wp-content\/uploads\/2023\/08\/1-appliquer-une-echelle-de-couleurs-dans-Excel-avec-une-mise-en-forme-conditionnelle.png"},{"@type":"BreadcrumbList","@id":"https:\/\/exceladvisor.org\/de\/farbskalen\/#breadcrumb","itemListElement":[{"@type":"ListItem","position":1,"name":"Accueil","item":"https:\/\/exceladvisor.org\/de\/"},{"@type":"ListItem","position":2,"name":"Wie wende ich farbskalen in excel an?"}]},{"@type":"WebSite","@id":"https:\/\/exceladvisor.org\/de\/#website","url":"https:\/\/exceladvisor.org\/de\/","name":"Excel Advisor","description":"Ihr Leitfaden zur Datendominanz","publisher":{"@id":"https:\/\/exceladvisor.org\/de\/#organization"},"potentialAction":[{"@type":"SearchAction","target":{"@type":"EntryPoint","urlTemplate":"https:\/\/exceladvisor.org\/de\/?s={search_term_string}"},"query-input":{"@type":"PropertyValueSpecification","valueRequired":true,"valueName":"search_term_string"}}],"inLanguage":"de"},{"@type":"Organization","@id":"https:\/\/exceladvisor.org\/de\/#organization","name":"Excel Advisor","url":"https:\/\/exceladvisor.org\/de\/","logo":{"@type":"ImageObject","inLanguage":"de","@id":"https:\/\/exceladvisor.org\/de\/#\/schema\/logo\/image\/","url":"https:\/\/exceladvisor.org\/de\/wp-content\/uploads\/2023\/11\/exceladvisor.org_.png","contentUrl":"https:\/\/exceladvisor.org\/de\/wp-content\/uploads\/2023\/11\/exceladvisor.org_.png","width":105,"height":36,"caption":"Excel Advisor"},"image":{"@id":"https:\/\/exceladvisor.org\/de\/#\/schema\/logo\/image\/"}}]}},"yoast_meta":{"yoast_wpseo_title":"","yoast_wpseo_metadesc":"","yoast_wpseo_canonical":""},"_links":{"self":[{"href":"https:\/\/exceladvisor.org\/de\/wp-json\/wp\/v2\/pages\/3241","targetHints":{"allow":["GET"]}}],"collection":[{"href":"https:\/\/exceladvisor.org\/de\/wp-json\/wp\/v2\/pages"}],"about":[{"href":"https:\/\/exceladvisor.org\/de\/wp-json\/wp\/v2\/types\/page"}],"author":[{"embeddable":true,"href":"https:\/\/exceladvisor.org\/de\/wp-json\/wp\/v2\/users\/1"}],"replies":[{"embeddable":true,"href":"https:\/\/exceladvisor.org\/de\/wp-json\/wp\/v2\/comments?post=3241"}],"version-history":[{"count":1,"href":"https:\/\/exceladvisor.org\/de\/wp-json\/wp\/v2\/pages\/3241\/revisions"}],"predecessor-version":[{"id":4410,"href":"https:\/\/exceladvisor.org\/de\/wp-json\/wp\/v2\/pages\/3241\/revisions\/4410"}],"wp:attachment":[{"href":"https:\/\/exceladvisor.org\/de\/wp-json\/wp\/v2\/media?parent=3241"}],"curies":[{"name":"wp","href":"https:\/\/api.w.org\/{rel}","templated":true}]}}