{"id":3242,"date":"2023-11-07T15:19:24","date_gmt":"2023-11-07T15:19:24","guid":{"rendered":"https:\/\/exceladvisor.org\/de\/datenbalken\/"},"modified":"2023-12-03T11:20:25","modified_gmt":"2023-12-03T11:20:25","slug":"datenbalken","status":"publish","type":"page","link":"https:\/\/exceladvisor.org\/de\/datenbalken\/","title":{"rendered":"Wie f\u00fcge ich datenbalken in excel hinzu?"},"content":{"rendered":"<div class=\"excel-vor-dem-inhalt\" id=\"excel-3301683303\"><script type=\"text\/javascript\">\r\n\tatOptions = {\r\n\t\t'key' : 'c1158f160081d6540a8409e6925dab94',\r\n\t\t'format' : 'iframe',\r\n\t\t'height' : 250,\r\n\t\t'width' : 300,\r\n\t\t'params' : {}\r\n\t};\r\n<\/script>\r\n<script type=\"text\/javascript\" src=\"\/\/www.highperformanceformat.com\/c1158f160081d6540a8409e6925dab94\/invoke.js\"><\/script><\/div> <p>In Excel k\u00f6nnen Sie mithilfe der bedingten Formatierung Datenbalken zu einer oder mehreren Zellen hinzuf\u00fcgen. Bei der bedingten Formatierung haben Sie zwei M\u00f6glichkeiten, sie hinzuzuf\u00fcgen:<\/p><ul><li> Vordefinierte Datenbalken<\/li><li> Benutzerdefinierte Datenleisten<\/li><\/ul><p> In diesem Tutorial schauen wir uns beide Methoden an und lernen, wie man sie zur schnellen Analyse von Daten verwendet.<\/p><h2 class=\"wp-block-heading\"> Schritte zum Hinzuf\u00fcgen von Datenbalken in Excel aus bedingter Formatierung<\/h2><ol type=\"1\"><li> W\u00e4hlen Sie zun\u00e4chst die Daten aus, die Sie zur Datenleiste hinzuf\u00fcgen m\u00f6chten.<\/li><li> Gehen Sie zur Startseite und klicken Sie auf das Dropdown-Men\u00fc \u201eBedingte Formatierung\u201c.<\/li><li> Navigieren Sie von dort zur Option \u201eDatenleiste\u201c.<\/li><li> Klicken Sie abschlie\u00dfend auf den Datenleistenstil, den Sie anwenden m\u00f6chten. <\/li><\/ol><div class=\"wp-block-image\"><figure class=\"aligncenter size-full is-resized\"><img loading=\"lazy\" decoding=\"async\" class=\"wp-image-91289\" src=\"https:\/\/exceladvisor.org\/wp-content\/uploads\/2023\/08\/1-barres-de-donnees-dans-Excel-a-partir-de-la-mise-en-forme-conditionnelle.png\" sizes=\"auto, \" srcset=\"\" alt=\"Datenbalken in Excel durch bedingte Formatierung\" width=\"672\" height=\"494\"><\/figure><\/div><p> Und sobald Sie auf die neue Datenleiste klicken, die Sie auf die Daten anwenden m\u00f6chten; Sie werden es sofort bekommen. Diese vordefinierten Datenbankregeln sind recht einfach anzuwenden.<\/p><p> Wenn Sie eine davon ausw\u00e4hlen, werden die h\u00f6chsten Werte der ausgew\u00e4hlten Daten \u00fcbernommen und eine vollst\u00e4ndige Datenleiste hinzugef\u00fcgt. Und dann verwenden Sie diesen Wert, um Balken zu den restlichen Zellen hinzuzuf\u00fcgen. <\/p><div class=\"wp-block-image\"><figure class=\"aligncenter size-full is-resized\"><img loading=\"lazy\" decoding=\"async\" class=\"wp-image-91290\" src=\"https:\/\/exceladvisor.org\/wp-content\/uploads\/2023\/08\/2-valeurs-les-plus-elevees-de-la-mise-en-forme-conditionnelle-des-donnees-selectionnees.png\" sizes=\"auto, \" srcset=\"\" alt=\"h\u00f6chste-werte-der-bedingten-formatierung-ausgew\u00e4hlte-daten\" width=\"327\" height=\"290\"><\/figure><\/div><p> Es gibt 12 Datenbalken, die Sie schnell auf die Daten anwenden k\u00f6nnen.<\/p><h2 class=\"wp-block-heading\"> Datenleisten mit benutzerdefinierten Einstellungen hinzuf\u00fcgen (mehr Regeln)<\/h2><p> Gehen Sie zun\u00e4chst zu Start &gt; Bedingte Formatierung &gt; Datenleisten &gt; Weitere Regeln. <\/p><div class=\"wp-block-image\"><figure class=\"aligncenter size-full is-resized\"><img loading=\"lazy\" decoding=\"async\" class=\"wp-image-91291\" src=\"https:\/\/exceladvisor.org\/wp-content\/uploads\/2023\/08\/3-barres-de-donnees-avec-mise-en-forme-conditionnelle-des-parametres-personnalises.png\" sizes=\"auto, \" srcset=\"\" alt=\"Datenleisten-mit-benutzerdefinierten-Parametern-bedingte-Formatierung\" width=\"368\" height=\"402\"><\/figure><\/div><p> Sobald Sie darauf klicken, wird ein Dialogfeld angezeigt, in dem Sie benutzerdefinierte Einstellungen zum Hinzuf\u00fcgen von Datenbalken verwenden k\u00f6nnen. <\/p><div class=\"wp-block-image\"><figure class=\"aligncenter size-full is-resized\"><img loading=\"lazy\" decoding=\"async\" class=\"wp-image-91292\" src=\"https:\/\/exceladvisor.org\/wp-content\/uploads\/2023\/08\/4-utiliser-les-parametres-personnalises-pour-ajouter-la-mise-en-forme-conditionnelle-des-barres-de-donnees.png\" sizes=\"auto, \" srcset=\"\" alt=\"Verwenden Sie benutzerdefinierte Parameter, um eine bedingte Datenleistenformatierung hinzuzuf\u00fcgen\" width=\"557\" height=\"539\"><\/figure><\/div><p> In diesem Dialogfeld haben Sie viele Optionen zum Erstellen einer benutzerdefinierten Datenleistenregel. Sie k\u00f6nnen beispielsweise \u00fcber das Dropdown-Men\u00fc \u201eTyp\u201c \u00e4ndern, wie Sie Datenbalken anwenden. <\/p><div class=\"wp-block-image\"><figure class=\"aligncenter size-full is-resized\"><img loading=\"lazy\" decoding=\"async\" class=\"wp-image-91293\" src=\"https:\/\/exceladvisor.org\/wp-content\/uploads\/2023\/08\/5-changer-la-facon-dont-vous-appliquez-la-mise-en-forme-conditionnelle-des-barres-de-donnees.png\" sizes=\"auto, \" srcset=\"\" alt=\"\u00c4ndern, wie man die bedingte Datenleistenformatierung anwendet\" width=\"585\" height=\"149\"><\/figure><\/div><h3 class=\"wp-block-heading\"> 1. Am niedrigsten und am h\u00f6chsten<\/h3><p> Mit dieser Option \u00fcbernimmt Excel die niedrigste und h\u00f6chste Zahl aus den Daten selbst. Wie Sie im folgenden Beispiel sehen k\u00f6nnen, verf\u00fcgt die niedrigste Zahl in den Daten \u00fcber keinen Datenbalken und die h\u00f6chste Zahl in den Daten \u00fcber einen vollst\u00e4ndigen Datenbalken. <\/p><div class=\"wp-block-image\"><figure class=\"aligncenter size-full is-resized\"><img loading=\"lazy\" decoding=\"async\" class=\"wp-image-91294\" src=\"https:\/\/exceladvisor.org\/wp-content\/uploads\/2023\/08\/6-nombre-le-plus-eleve-dans-la-mise-en-forme-conditionnelle-des-donnees.png\" sizes=\"auto, \" srcset=\"\" alt=\"h\u00f6chste Zahl bei der bedingten Datenformatierung\" width=\"664\" height=\"320\"><\/figure><\/div><h3 class=\"wp-block-heading\"> 2. Zahlen<\/h3><p> Mit der Option \u201eZahlen\u201c k\u00f6nnen Sie die niedrigste und h\u00f6chste Zahl selbst festlegen. Und dieser Zahlenbereich wird beim Hinzuf\u00fcgen der Datenleiste ber\u00fccksichtigt.<\/p><p> Im folgenden Beispiel ist die niedrigste Zahl 0 und die h\u00f6chste Zahl 4000, weshalb alle Datenbalken im Vergleich zur Breite der Zelle erheblich klein sind. <\/p><div class=\"wp-block-image\"><figure class=\"aligncenter size-full is-resized\"><img loading=\"lazy\" decoding=\"async\" class=\"wp-image-91295\" src=\"https:\/\/exceladvisor.org\/wp-content\/uploads\/2023\/08\/Mise-en-forme-conditionnelle-des-barres-de-donnees-a-7-chiffres.png\" sizes=\"auto, \" srcset=\"\" alt=\"Zahlen-Datenleisten-bedingte-Formatierung\" width=\"705\" height=\"337\"><\/figure><\/div><h3 class=\"wp-block-heading\"> 3. Prozentsatz<\/h3><p> Mit Prozentsatz k\u00f6nnen Sie den niedrigsten und h\u00f6chsten \u00c4quivalentwert eines Prozentsatzes festlegen. Im Beispiel unten haben wir 20 % f\u00fcr das Minimum und 80 % f\u00fcr das Maximum. <\/p><div class=\"wp-block-image\"><figure class=\"aligncenter size-full is-resized\"><img loading=\"lazy\" decoding=\"async\" class=\"wp-image-91296\" src=\"https:\/\/exceladvisor.org\/wp-content\/uploads\/2023\/08\/Mise-en-forme-conditionnelle-de-8-barres-de-donnees-de-pourcentage.png\" sizes=\"auto, \" srcset=\"\" alt=\"Prozentdatenbalken-bedingte-Formatierung\" width=\"740\" height=\"349\"><\/figure><\/div><p> Die Gesamtsumme der Werte betr\u00e4gt 14733 und 20 % sind 2946,6. Wenn Sie nun die beiden niedrigsten Werte sehen, 1161 und 1201, also 2362, deckt das den gr\u00f6\u00dften Teil der unteren 20 % der M\u00fcnze ab. Deshalb haben Sie in diesen beiden Zellen keinen Balken.<\/p><p> Wenn Sie 80 % als Maximum verwenden, bedeutet das auch, dass die h\u00f6chsten 20 % der Werte ber\u00fccksichtigt werden. Und die ersten beiden Werte sind 1874 und 1651, und die Summe f\u00fcr beide betr\u00e4gt 3525, und 3525 ist gr\u00f6\u00dfer als 20 % der Summe der Werte.<\/p><p> Aus diesem Grund haben Sie in der Zelle mit 1874 einen durchgezogenen Balken und in der Zelle mit dem Wert 1651 einen deutlich breiteren Balken als die anderen Werte.<\/p><h3 class=\"wp-block-heading\"> 4. Perzentil<\/h3><p> Mit Perzentil k\u00f6nnen Sie eine Gruppe von Ober- und Unterwerten erstellen und einen genauen Datenbalken erhalten. Aufsetzen&#8216; <\/p><div class=\"wp-block-image\"><figure class=\"aligncenter size-full is-resized\"><img loading=\"lazy\" decoding=\"async\" class=\"wp-image-91297\" src=\"https:\/\/exceladvisor.org\/wp-content\/uploads\/2023\/08\/Mise-en-forme-conditionnelle-des-barres-de-donnees-a-9-centiles.png\" sizes=\"auto, \" srcset=\"\" alt=\"Perzentil-Datenbalken-bedingte Formatierung\" width=\"695\" height=\"378\"><\/figure><\/div><p> Angenommen, Sie geben das 70. Perzentil f\u00fcr die Spitze an, also die ersten 30 Perzentilwerte. Unsere Daten haben zehn Werte, und die oberen 30 Perzentile werden die oberen drei sein. Und deshalb k\u00f6nnen Sie in den Daten sehen, dass die Zellen mit den ersten drei Werten Datenbalken in voller Breite haben.<\/p><p> Als Minimum haben wir 30 mit einem Durchschnitt von 30 Perzentilen der niedrigeren Werte verwendet. Und da wir zehn Werte in den Daten haben, sind die unteren 30 Perzentilwerte 3. Und deshalb haben die unteren drei Werte keinen Datenbalken.<\/p><p> Und andere Zellen verf\u00fcgen \u00fcber Datenbalken, die auf Werten basieren.<\/p><h3 class=\"wp-block-heading\"> 5. Formular<\/h3><p> Sie k\u00f6nnen auch eine Formel verwenden, um die minimale und maximale Anzahl von Datenbalken festzulegen. Normalerweise m\u00fcssen Sie dies nicht die meiste Zeit tun, aber es gibt bestimmte Situationen, in denen Sie es tun m\u00fcssen. <\/p><div class=\"wp-block-image\"><figure class=\"aligncenter size-full is-resized\"><img loading=\"lazy\" decoding=\"async\" class=\"wp-image-91298\" src=\"https:\/\/exceladvisor.org\/wp-content\/uploads\/2023\/08\/10-barres-de-donnees-de-formule-mise-en-forme-conditionnelle.png\" sizes=\"auto, \" srcset=\"\" alt=\"Bedingte Formatierung der Datenleistenformel\" width=\"732\" height=\"398\"><\/figure><\/div><p> Sie k\u00f6nnen im obigen Beispiel sehen; Wir haben die Funktionen MIN und MAX verwendet, um Formeln zu erstellen, um die Mindest- und H\u00f6chstwerte von Spalte B zu erhalten und die Datenbalken auf Spalte A anzuwenden.<\/p><h3 class=\"wp-block-heading\"> 6. Automatisch<\/h3><p> Wir verwenden die gleiche Methode, indem wir Datenbalken mit den vordefinierten Regeln anwenden.<\/p><h2 class=\"wp-block-heading\"> Benutzerdefinierte Formatierung f\u00fcr die Datenleiste<\/h2><p> Sie haben auch die M\u00f6glichkeit, die Formatierung der Datenbalken nach Bedarf zu \u00e4ndern. <\/p><div class=\"wp-block-image\"><figure class=\"aligncenter size-full is-resized\"><img loading=\"lazy\" decoding=\"async\" class=\"wp-image-91299\" src=\"https:\/\/exceladvisor.org\/wp-content\/uploads\/2023\/08\/11-mises-en-forme-personnalisees-des-barres-de-donnees-mise-en-forme-conditionnelle.png\" sizes=\"auto, \" srcset=\"\" alt=\"benutzerdefinierte-formatierung-datenleisten-bedingte-formatierung\" width=\"514\" height=\"174\"><\/figure><\/div><ol type=\"1\"><li> Sie k\u00f6nnen den Farbtyp von Vollton auf Farbverlauf und von Farbverlauf auf Vollton \u00e4ndern.<\/li><li> Es besteht die M\u00f6glichkeit, einen Rahmen um die Leiste hinzuzuf\u00fcgen.<\/li><li> Und Sie k\u00f6nnen die Richtung der Leiste von links nach rechts oder von rechts nach links \u00e4ndern.<\/li><\/ol><p> Und wenn Sie irgendwie nur die Balken anzeigen und die Zahlen ausblenden m\u00f6chten, k\u00f6nnen Sie das Kontrollk\u00e4stchen \u201eNur Balken anzeigen\u201c aktivieren. <\/p><div class=\"wp-block-image\"><figure class=\"aligncenter size-full is-resized\"><img loading=\"lazy\" decoding=\"async\" class=\"wp-image-91300\" src=\"https:\/\/exceladvisor.org\/wp-content\/uploads\/2023\/08\/12-masquer-les-nombres-barres-de-donnees-mise-en-forme-conditionnelle.png\" sizes=\"auto, \" srcset=\"\" alt=\"hide-numbers-data-bars-bedingte-Formatierung\" width=\"697\" height=\"341\"><\/figure><\/div><div class=\"gb-container gb-container-52dfcee1 gb-container-sample-file\"><h2 class=\"gb-headline gb-headline-e289c143 gb-headline-text gb-headline-4f7959c2\"> Holen Sie sich die Excel-Datei<\/h2> <a class=\"gb-button gb-button-e88d6bee gb-button-text gb-button-button1\" href=\"https:\/\/exceladvisor.org\/wp-content\/uploads\/2023\/11\/barre-de-donnees.xlsx\" rel=\"nofollow\">Herunterladen<\/a><\/div><div class=\"gb-container gb-container-6076ba72 gb-container-mt\"> <a class=\"gb-button gb-button-76e6a499 gb-button-text gb-button-mt-button\" href=\"https:\/\/exceladvisor.org\/de\/excel-grundlagen\/\">Lernen Sie die Grundlagen von Excel<\/a><h2 class=\"gb-headline gb-headline-a9e9e206 gb-headline-text gb-headline-mt-heading\"> Erfahren Sie mehr \u00fcber <a href=\"https:\/\/exceladvisor.org\/de\/bedingte-formatierung\/\">bedingte Formatierung<\/a> <\/h2><div class=\"gb-grid-wrapper gb-grid-wrapper-790317cb gb-grid-wrapper-mt-grid\"><div class=\"gb-grid-column gb-grid-column-a9845ede\"><div class=\"gb-container gb-container-a9845ede\"><ul><li> <a href=\"https:\/\/exceladvisor.org\/de\/wenden-sie-eine-bedingte-formatierung-an\/\">Wenden Sie eine bedingte Formatierung auf eine Pivot-Tabelle an<\/a><\/li><li> <a href=\"https:\/\/exceladvisor.org\/de\/zuruckziehen\/\">Bedingte Formatierung entfernen<\/a><\/li><li> <a href=\"https:\/\/exceladvisor.org\/de\/leere-zellen\/\">Wenden Sie bedingte Formatierung auf leere Zellen in Excel an<\/a><\/li><li> <a href=\"https:\/\/exceladvisor.org\/de\/spalten-vergleichen\/\">Vergleichen Sie zwei Spalten mithilfe der bedingten Formatierung<\/a><\/li><li> <a href=\"https:\/\/exceladvisor.org\/de\/eine-andere-zelle\/\">Wenden Sie eine bedingte Formatierung basierend auf einer anderen Zelle an<\/a><\/li><\/ul><\/div><\/div><\/div><\/div>","protected":false},"excerpt":{"rendered":"","protected":false},"author":1,"featured_media":0,"parent":0,"menu_order":0,"comment_status":"open","ping_status":"closed","template":"","meta":{"ub_ctt_via":"","footnotes":""},"class_list":["post-3242","page","type-page","status-publish","hentry"],"featured_image_src":null,"yoast_head":"<!-- This site is optimized with the Yoast SEO plugin v25.4 - https:\/\/yoast.com\/wordpress\/plugins\/seo\/ -->\n<title>\u25b7 Wie f\u00fcge ich Datenbalken in Excel hinzu? (2023)<\/title>\n<meta name=\"robots\" content=\"index, follow, max-snippet:-1, max-image-preview:large, max-video-preview:-1\" \/>\n<link rel=\"canonical\" href=\"https:\/\/exceladvisor.org\/de\/datenbalken\/\" \/>\n<meta property=\"og:locale\" content=\"de_DE\" \/>\n<meta property=\"og:type\" content=\"article\" \/>\n<meta property=\"og:title\" content=\"\u25b7 Wie f\u00fcge ich Datenbalken in Excel hinzu? (2023)\" \/>\n<meta property=\"og:url\" content=\"https:\/\/exceladvisor.org\/de\/datenbalken\/\" \/>\n<meta property=\"og:site_name\" content=\"Excel Advisor\" \/>\n<meta property=\"article:modified_time\" content=\"2023-12-03T11:20:25+00:00\" \/>\n<meta property=\"og:image\" content=\"https:\/\/exceladvisor.org\/wp-content\/uploads\/2023\/08\/1-barres-de-donnees-dans-Excel-a-partir-de-la-mise-en-forme-conditionnelle.png\" \/>\n<meta name=\"twitter:card\" content=\"summary_large_image\" \/>\n<meta name=\"twitter:label1\" content=\"Gesch\u00e4tzte Lesezeit\" \/>\n\t<meta name=\"twitter:data1\" content=\"4\u00a0Minuten\" \/>\n<script type=\"application\/ld+json\" class=\"yoast-schema-graph\">{\"@context\":\"https:\/\/schema.org\",\"@graph\":[{\"@type\":\"WebPage\",\"@id\":\"https:\/\/exceladvisor.org\/de\/datenbalken\/\",\"url\":\"https:\/\/exceladvisor.org\/de\/datenbalken\/\",\"name\":\"\u25b7 Wie f\u00fcge ich Datenbalken in Excel hinzu? (2023)\",\"isPartOf\":{\"@id\":\"https:\/\/exceladvisor.org\/de\/#website\"},\"primaryImageOfPage\":{\"@id\":\"https:\/\/exceladvisor.org\/de\/datenbalken\/#primaryimage\"},\"image\":{\"@id\":\"https:\/\/exceladvisor.org\/de\/datenbalken\/#primaryimage\"},\"thumbnailUrl\":\"https:\/\/exceladvisor.org\/wp-content\/uploads\/2023\/08\/1-barres-de-donnees-dans-Excel-a-partir-de-la-mise-en-forme-conditionnelle.png\",\"datePublished\":\"2023-11-07T15:19:24+00:00\",\"dateModified\":\"2023-12-03T11:20:25+00:00\",\"breadcrumb\":{\"@id\":\"https:\/\/exceladvisor.org\/de\/datenbalken\/#breadcrumb\"},\"inLanguage\":\"de\",\"potentialAction\":[{\"@type\":\"ReadAction\",\"target\":[\"https:\/\/exceladvisor.org\/de\/datenbalken\/\"]}]},{\"@type\":\"ImageObject\",\"inLanguage\":\"de\",\"@id\":\"https:\/\/exceladvisor.org\/de\/datenbalken\/#primaryimage\",\"url\":\"https:\/\/exceladvisor.org\/wp-content\/uploads\/2023\/08\/1-barres-de-donnees-dans-Excel-a-partir-de-la-mise-en-forme-conditionnelle.png\",\"contentUrl\":\"https:\/\/exceladvisor.org\/wp-content\/uploads\/2023\/08\/1-barres-de-donnees-dans-Excel-a-partir-de-la-mise-en-forme-conditionnelle.png\"},{\"@type\":\"BreadcrumbList\",\"@id\":\"https:\/\/exceladvisor.org\/de\/datenbalken\/#breadcrumb\",\"itemListElement\":[{\"@type\":\"ListItem\",\"position\":1,\"name\":\"Accueil\",\"item\":\"https:\/\/exceladvisor.org\/de\/\"},{\"@type\":\"ListItem\",\"position\":2,\"name\":\"Wie f\u00fcge ich datenbalken in excel hinzu?\"}]},{\"@type\":\"WebSite\",\"@id\":\"https:\/\/exceladvisor.org\/de\/#website\",\"url\":\"https:\/\/exceladvisor.org\/de\/\",\"name\":\"Excel Advisor\",\"description\":\"Ihr Leitfaden zur Datendominanz\",\"publisher\":{\"@id\":\"https:\/\/exceladvisor.org\/de\/#organization\"},\"potentialAction\":[{\"@type\":\"SearchAction\",\"target\":{\"@type\":\"EntryPoint\",\"urlTemplate\":\"https:\/\/exceladvisor.org\/de\/?s={search_term_string}\"},\"query-input\":{\"@type\":\"PropertyValueSpecification\",\"valueRequired\":true,\"valueName\":\"search_term_string\"}}],\"inLanguage\":\"de\"},{\"@type\":\"Organization\",\"@id\":\"https:\/\/exceladvisor.org\/de\/#organization\",\"name\":\"Excel Advisor\",\"url\":\"https:\/\/exceladvisor.org\/de\/\",\"logo\":{\"@type\":\"ImageObject\",\"inLanguage\":\"de\",\"@id\":\"https:\/\/exceladvisor.org\/de\/#\/schema\/logo\/image\/\",\"url\":\"https:\/\/exceladvisor.org\/de\/wp-content\/uploads\/2023\/11\/exceladvisor.org_.png\",\"contentUrl\":\"https:\/\/exceladvisor.org\/de\/wp-content\/uploads\/2023\/11\/exceladvisor.org_.png\",\"width\":105,\"height\":36,\"caption\":\"Excel Advisor\"},\"image\":{\"@id\":\"https:\/\/exceladvisor.org\/de\/#\/schema\/logo\/image\/\"}}]}<\/script>\n<!-- \/ Yoast SEO plugin. -->","yoast_head_json":{"title":"\u25b7 Wie f\u00fcge ich Datenbalken in Excel hinzu? (2023)","robots":{"index":"index","follow":"follow","max-snippet":"max-snippet:-1","max-image-preview":"max-image-preview:large","max-video-preview":"max-video-preview:-1"},"canonical":"https:\/\/exceladvisor.org\/de\/datenbalken\/","og_locale":"de_DE","og_type":"article","og_title":"\u25b7 Wie f\u00fcge ich Datenbalken in Excel hinzu? (2023)","og_url":"https:\/\/exceladvisor.org\/de\/datenbalken\/","og_site_name":"Excel Advisor","article_modified_time":"2023-12-03T11:20:25+00:00","og_image":[{"url":"https:\/\/exceladvisor.org\/wp-content\/uploads\/2023\/08\/1-barres-de-donnees-dans-Excel-a-partir-de-la-mise-en-forme-conditionnelle.png","type":"","width":"","height":""}],"twitter_card":"summary_large_image","twitter_misc":{"Gesch\u00e4tzte Lesezeit":"4\u00a0Minuten"},"schema":{"@context":"https:\/\/schema.org","@graph":[{"@type":"WebPage","@id":"https:\/\/exceladvisor.org\/de\/datenbalken\/","url":"https:\/\/exceladvisor.org\/de\/datenbalken\/","name":"\u25b7 Wie f\u00fcge ich Datenbalken in Excel hinzu? (2023)","isPartOf":{"@id":"https:\/\/exceladvisor.org\/de\/#website"},"primaryImageOfPage":{"@id":"https:\/\/exceladvisor.org\/de\/datenbalken\/#primaryimage"},"image":{"@id":"https:\/\/exceladvisor.org\/de\/datenbalken\/#primaryimage"},"thumbnailUrl":"https:\/\/exceladvisor.org\/wp-content\/uploads\/2023\/08\/1-barres-de-donnees-dans-Excel-a-partir-de-la-mise-en-forme-conditionnelle.png","datePublished":"2023-11-07T15:19:24+00:00","dateModified":"2023-12-03T11:20:25+00:00","breadcrumb":{"@id":"https:\/\/exceladvisor.org\/de\/datenbalken\/#breadcrumb"},"inLanguage":"de","potentialAction":[{"@type":"ReadAction","target":["https:\/\/exceladvisor.org\/de\/datenbalken\/"]}]},{"@type":"ImageObject","inLanguage":"de","@id":"https:\/\/exceladvisor.org\/de\/datenbalken\/#primaryimage","url":"https:\/\/exceladvisor.org\/wp-content\/uploads\/2023\/08\/1-barres-de-donnees-dans-Excel-a-partir-de-la-mise-en-forme-conditionnelle.png","contentUrl":"https:\/\/exceladvisor.org\/wp-content\/uploads\/2023\/08\/1-barres-de-donnees-dans-Excel-a-partir-de-la-mise-en-forme-conditionnelle.png"},{"@type":"BreadcrumbList","@id":"https:\/\/exceladvisor.org\/de\/datenbalken\/#breadcrumb","itemListElement":[{"@type":"ListItem","position":1,"name":"Accueil","item":"https:\/\/exceladvisor.org\/de\/"},{"@type":"ListItem","position":2,"name":"Wie f\u00fcge ich datenbalken in excel hinzu?"}]},{"@type":"WebSite","@id":"https:\/\/exceladvisor.org\/de\/#website","url":"https:\/\/exceladvisor.org\/de\/","name":"Excel Advisor","description":"Ihr Leitfaden zur Datendominanz","publisher":{"@id":"https:\/\/exceladvisor.org\/de\/#organization"},"potentialAction":[{"@type":"SearchAction","target":{"@type":"EntryPoint","urlTemplate":"https:\/\/exceladvisor.org\/de\/?s={search_term_string}"},"query-input":{"@type":"PropertyValueSpecification","valueRequired":true,"valueName":"search_term_string"}}],"inLanguage":"de"},{"@type":"Organization","@id":"https:\/\/exceladvisor.org\/de\/#organization","name":"Excel Advisor","url":"https:\/\/exceladvisor.org\/de\/","logo":{"@type":"ImageObject","inLanguage":"de","@id":"https:\/\/exceladvisor.org\/de\/#\/schema\/logo\/image\/","url":"https:\/\/exceladvisor.org\/de\/wp-content\/uploads\/2023\/11\/exceladvisor.org_.png","contentUrl":"https:\/\/exceladvisor.org\/de\/wp-content\/uploads\/2023\/11\/exceladvisor.org_.png","width":105,"height":36,"caption":"Excel Advisor"},"image":{"@id":"https:\/\/exceladvisor.org\/de\/#\/schema\/logo\/image\/"}}]}},"yoast_meta":{"yoast_wpseo_title":"","yoast_wpseo_metadesc":"","yoast_wpseo_canonical":""},"_links":{"self":[{"href":"https:\/\/exceladvisor.org\/de\/wp-json\/wp\/v2\/pages\/3242","targetHints":{"allow":["GET"]}}],"collection":[{"href":"https:\/\/exceladvisor.org\/de\/wp-json\/wp\/v2\/pages"}],"about":[{"href":"https:\/\/exceladvisor.org\/de\/wp-json\/wp\/v2\/types\/page"}],"author":[{"embeddable":true,"href":"https:\/\/exceladvisor.org\/de\/wp-json\/wp\/v2\/users\/1"}],"replies":[{"embeddable":true,"href":"https:\/\/exceladvisor.org\/de\/wp-json\/wp\/v2\/comments?post=3242"}],"version-history":[{"count":1,"href":"https:\/\/exceladvisor.org\/de\/wp-json\/wp\/v2\/pages\/3242\/revisions"}],"predecessor-version":[{"id":4005,"href":"https:\/\/exceladvisor.org\/de\/wp-json\/wp\/v2\/pages\/3242\/revisions\/4005"}],"wp:attachment":[{"href":"https:\/\/exceladvisor.org\/de\/wp-json\/wp\/v2\/media?parent=3242"}],"curies":[{"name":"wp","href":"https:\/\/api.w.org\/{rel}","templated":true}]}}