{"id":3243,"date":"2023-11-07T14:55:12","date_gmt":"2023-11-07T14:55:12","guid":{"rendered":"https:\/\/exceladvisor.org\/de\/duplikate-finden-2\/"},"modified":"2023-12-03T11:20:18","modified_gmt":"2023-12-03T11:20:18","slug":"duplikate-finden-2","status":"publish","type":"page","link":"https:\/\/exceladvisor.org\/de\/duplikate-finden-2\/","title":{"rendered":"Wie finde und markiere ich duplikate?"},"content":{"rendered":"<div class=\"excel-vor-dem-inhalt\" id=\"excel-3831935193\"><script type=\"text\/javascript\">\r\n\tatOptions = {\r\n\t\t'key' : 'c1158f160081d6540a8409e6925dab94',\r\n\t\t'format' : 'iframe',\r\n\t\t'height' : 250,\r\n\t\t'width' : 300,\r\n\t\t'params' : {}\r\n\t};\r\n<\/script>\r\n<script type=\"text\/javascript\" src=\"\/\/www.highperformanceformat.com\/c1158f160081d6540a8409e6925dab94\/invoke.js\"><\/script><\/div> <p>Die Verwendung der bedingten Formatierung ist die beste M\u00f6glichkeit, doppelte Werte in Excel schnell hervorzuheben. Und in diesem Tutorial lernen wir diese Schritte im Detail.<\/p><h2 id=\"0-steps-to-highlight-the-duplicates\" class=\"wp-block-heading\"> Schritte zum Hervorheben von Duplikaten<\/h2><ol><li> W\u00e4hlen Sie den Zellbereich aus, in dem Sie die Daten haben. <br><img loading=\"lazy\" decoding=\"async\" title=\"1-Bereich ausw\u00e4hlen, Duplikate suchen und hervorheben\" src=\"https:\/\/exceladvisor.org\/wp-content\/uploads\/2023\/08\/1-selectionnez-la-gamme-trouver-et-mettre-en-surbrillance-les-doublons.png\" sizes=\"auto, \" srcset=\"\" alt=\"1-select-the-range-find-and-highlight-duplicates\" width=\"488\" height=\"168\"><\/li><li> Gehen Sie als N\u00e4chstes zu \u201eStartseite\u201c &gt; \u201eBedingte Formatierung\u201c &gt; \u201eZellenhervorhebungsregeln\u201c &gt; \u201eDoppelte Werte\u201c. <br><img loading=\"lazy\" decoding=\"async\" title=\"2-Gehen Sie nach Hause, um die Duplikate zu finden und zu duplizieren\" src=\"https:\/\/exceladvisor.org\/wp-content\/uploads\/2023\/08\/2-aller-a-laccueil-trouver-et-mettre-en-surbrillance-les-doublons.png\" sizes=\"auto, \" srcset=\"\" alt=\"2-go-to-home-find-and-highlight-duplicates\" width=\"339\" height=\"392\"><\/li><li> Jetzt steht Ihnen ein Dialogfeld zur Verf\u00fcgung, in dem Sie die Farbe angeben k\u00f6nnen, die Sie auf Zellen mit doppelten Werten anwenden m\u00f6chten. <br><img loading=\"lazy\" decoding=\"async\" title=\"3-ein-Dialogfeld zum Festlegen der Farbe, zum Suchen und Hervorheben von Duplikaten\" src=\"https:\/\/exceladvisor.org\/wp-content\/uploads\/2023\/08\/3-une-boite-de-dialogue-pour-specifier-la-couleur-trouver-et-mettre-en-evidence-les-doublons.png\" sizes=\"auto, \" srcset=\"\" alt=\"3-a-dialog-box-to-specify-the-color-find-and-highlight-duplicates\" width=\"579\" height=\"210\"><\/li><li> Und sobald Sie auf \u201eOK\u201c klicken, werden alle Zellen rot hervorgehoben. <br><img loading=\"lazy\" decoding=\"async\" title=\"4-alle-hervorgehobenen-Zellen-Duplikate-finden-und-hervorheben\" src=\"https:\/\/exceladvisor.org\/wp-content\/uploads\/2023\/08\/4-toutes-les-cellules-en-surbrillance-trouvent-et-mettent-en-surbrillance-les-doublons.png\" sizes=\"auto, \" srcset=\"\" alt=\"4-all-the-cells-highlighted-find-and-highlight-duplicates\" width=\"494\" height=\"171\"><\/li><\/ol><p> Wie gesagt, dies ist der schnellste Weg, doppelte Werte in einer Reihe von Zellen hervorzuheben und zu finden. Dies ist die vordefinierte Regel der bedingten Formatierung, die Sie verwenden k\u00f6nnen. Mit derselben Option k\u00f6nnen Sie auch eindeutige Werte finden. Sie k\u00f6nnen es \u00fcber das Dropdown-Men\u00fc \u00e4ndern. <\/p><div class=\"wp-block-image\"><figure class=\"aligncenter size-full is-resized\"><img loading=\"lazy\" decoding=\"async\" class=\"wp-image-91375\" src=\"https:\/\/exceladvisor.org\/wp-content\/uploads\/2023\/08\/5-regles-predefinies-pour-trouver-et-mettre-en-evidence-les-doublons.png\" sizes=\"auto, \" srcset=\"\" alt=\"vordefinierte Regel zum Suchen und Hervorheben von Duplikaten\" width=\"378\" height=\"121\"><\/figure><\/div><p> Und wenn Sie m\u00f6chten, k\u00f6nnen Sie auch die unterschiedlichen Formatierungen verwenden. Es gibt sechs vordefinierte Formatierungen, die Sie verwenden k\u00f6nnen, oder Sie k\u00f6nnen die Formatierung aus der benutzerdefinierten Formatierungsoption ausw\u00e4hlen. <\/p><div class=\"wp-block-image\"><figure class=\"aligncenter size-full is-resized\"><img loading=\"lazy\" decoding=\"async\" class=\"wp-image-91376\" src=\"https:\/\/exceladvisor.org\/wp-content\/uploads\/2023\/08\/6-options-de-formatage-personnalisees-pour-trouver-et-mettre-en-surbrillance-les-doublons.png\" sizes=\"auto, \" srcset=\"\" alt=\"benutzerdefinierte Formatierungsoption zum Suchen und Hervorheben von Duplikaten\" width=\"443\" height=\"251\"><\/figure><\/div><h2 id=\"1-highlighting-triplicates-with-conditional-formatting\" class=\"wp-block-heading\"> Hervorheben von Dreifachkopien mit bedingter Formatierung<\/h2><p> Sie k\u00f6nnen auch Hervorhebungswerte verwenden, die Tripel sind, nicht nur Tripel, sondern alle Werte, die mehr als dreimal in den Daten vorkommen. Wir haben keine vordefinierte Regel, aber wir k\u00f6nnen mithilfe einer Formel eine benutzerdefinierte Regel erstellen.<\/p><ol type=\"1\"><li> W\u00e4hlen Sie die Daten aus, aus denen Sie Werte hervorheben m\u00f6chten.<\/li><li> Gehen Sie zu Start &gt; Bedingte Formatierung &gt; Neue Regel.<\/li><li> Klicken Sie dann auf \u201eEine Formel verwenden, um zu bestimmen, welche Zellen formatiert werden sollen\u201c.<\/li><li> Geben Sie die Formel ein (=COUNTIF($A$1:$E$7,A1)&gt;2) und klicken Sie auf die Schaltfl\u00e4che \u201eFormatieren\u201c, um die Zellenformatierung anzuwenden.<\/li><li> Dr\u00fccken Sie am Ende die Eingabetaste, um die Regel anzuwenden. <\/li><\/ol><div class=\"wp-block-image\"><figure class=\"aligncenter size-full is-resized\"><img loading=\"lazy\" decoding=\"async\" class=\"wp-image-91377\" src=\"https:\/\/exceladvisor.org\/wp-content\/uploads\/2023\/08\/7-surlignage-en-trois-exemplaires-avec-mise-en-forme-conditionnelle.png\" sizes=\"auto, \" srcset=\"\" alt=\"Dreifache Hervorhebung mit bedingter Formatierung\" width=\"543\" height=\"357\"><\/figure><\/div><p> Und sobald Sie die Eingabetaste dr\u00fccken, werden alle Orte hervorgehoben, an denen Sie mehr als zweimal vorgekommen sind. <\/p><div class=\"wp-block-image\"><figure class=\"aligncenter size-full is-resized\"><img loading=\"lazy\" decoding=\"async\" class=\"wp-image-91378\" src=\"https:\/\/exceladvisor.org\/wp-content\/uploads\/2023\/08\/8-se-sont-produites-plus-de-deux-fois-trouver-et-mettre-en-evidence-les-doublons.png\" sizes=\"auto, \" srcset=\"\" alt=\"produziert mehr als zweimal Duplikate zum Suchen und Hervorheben\" width=\"584\" height=\"202\"><\/figure><\/div><p> Im obigen Beispiel k\u00f6nnen Sie sehen, dass wir im gesamten Datensatz alle Werte haben, deren Vorkommen gr\u00f6\u00dfer als 2 ist. Und die Formel, die wir verwendet haben, ist ziemlich einfach.<\/p><pre class=\"wp-block-code\"> <code class=\"language-excel-formula\" lang=\"excel-formula\">=COUNTIF($A$1:$E$7,A1)&gt;2<\/code><\/pre><p> In dieser Formel haben wir COUNTIF verwendet, um den Wert jeder Zelle im gesamten Bereich zu z\u00e4hlen. Und wenn die Anzahl der Werte mehr als 2 betr\u00e4gt, wird im Ergebnis TRUE zur\u00fcckgegeben. Und wenn es wahr ist, wird die Regel der bedingten Formatierung angewendet.<\/p><p> Hier ist ein weiteres Beispiel, bei dem wir einen Zellbezug auf Zelle G3 verwendet haben. Jetzt ist die Regel dynamisch und wenn Sie den Wert in der Zelle \u00e4ndern, wird diese Zahl verwendet, um zu testen, ob der Wert im Bereich vorkommt. <\/p><div class=\"wp-block-image\"><figure class=\"aligncenter size-full is-resized\"><img loading=\"lazy\" decoding=\"async\" class=\"wp-image-91379\" src=\"https:\/\/exceladvisor.org\/wp-content\/uploads\/2023\/08\/9-tester-loccurrence-pour-trouver-et-mettre-en-evidence-les-doublons.png\" sizes=\"auto, \" srcset=\"\" alt=\"Testvorkommen, um Duplikate zu finden und hervorzuheben\" width=\"643\" height=\"421\"><\/figure><\/div><p> Das Beste an der Verwendung der bedingten Formatierung zum Suchen und Hervorheben von Duplikaten ist, dass sie schnell und vordefiniert ist. F\u00fcr die Nutzung ist kein zus\u00e4tzlicher Aufwand erforderlich. <\/p><div class=\"gb-container gb-container-52dfcee1 gb-container-sample-file\"><h2 id=\"2-get-the-excel-file\" class=\"gb-headline gb-headline-e289c143 gb-headline-text gb-headline-4f7959c2\"> Holen Sie sich die Excel-Datei<\/h2> <a class=\"gb-button gb-button-e88d6bee gb-button-text gb-button-button1\" href=\"https:\/\/exceladvisor.org\/wp-content\/uploads\/2023\/08\/trouver-des-doublons.xlsx\" rel=\"nofollow\">Herunterladen<\/a><\/div><div class=\"gb-container gb-container-6076ba72 gb-container-mt\"> <a class=\"gb-button gb-button-76e6a499 gb-button-text gb-button-mt-button\" href=\"https:\/\/exceladvisor.org\/de\/excel-grundlagen\/\">Lernen Sie die Grundlagen von Excel<\/a><h2 class=\"gb-headline gb-headline-a9e9e206 gb-headline-text gb-headline-mt-heading\"> Erfahren Sie mehr \u00fcber <a href=\"https:\/\/exceladvisor.org\/de\/bedingte-formatierung\/\">bedingte Formatierung<\/a> <\/h2><div class=\"gb-grid-wrapper gb-grid-wrapper-790317cb gb-grid-wrapper-mt-grid\"><div class=\"gb-grid-column gb-grid-column-a9845ede\"><div class=\"gb-container gb-container-a9845ede\"><ul><li> <a href=\"https:\/\/exceladvisor.org\/de\/wenden-sie-eine-bedingte-formatierung-an\/\">Wenden Sie eine bedingte Formatierung auf eine Pivot-Tabelle an<\/a><\/li><li> <a href=\"https:\/\/exceladvisor.org\/de\/zuruckziehen\/\">Bedingte Formatierung entfernen<\/a><\/li><li> <a href=\"https:\/\/exceladvisor.org\/de\/leere-zellen\/\">Wenden Sie bedingte Formatierung auf leere Zellen in Excel an<\/a><\/li><li> <a href=\"https:\/\/exceladvisor.org\/de\/spalten-vergleichen\/\">Vergleichen Sie zwei Spalten mithilfe der bedingten Formatierung<\/a><\/li><li> <a href=\"https:\/\/exceladvisor.org\/de\/eine-andere-zelle\/\">Wenden Sie eine bedingte Formatierung basierend auf einer anderen Zelle an<\/a> <\/li><\/ul><\/div><\/div><div class=\"gb-grid-column gb-grid-column-ec8ff319\"><div class=\"gb-container gb-container-ec8ff319\"><\/div><\/div><\/div><\/div>","protected":false},"excerpt":{"rendered":"","protected":false},"author":1,"featured_media":0,"parent":0,"menu_order":0,"comment_status":"open","ping_status":"closed","template":"","meta":{"ub_ctt_via":"","footnotes":""},"class_list":["post-3243","page","type-page","status-publish","hentry"],"featured_image_src":null,"yoast_head":"<!-- This site is optimized with the Yoast SEO plugin v25.4 - https:\/\/yoast.com\/wordpress\/plugins\/seo\/ -->\n<title>Wie finde und markiere ich Duplikate in Excel?<\/title>\n<meta name=\"description\" content=\"Der beste Weg, doppelte Werte aus einem Zellbereich zu identifizieren, ist die Verwendung der bedingten Formatierung.\" \/>\n<meta name=\"robots\" content=\"index, follow, max-snippet:-1, max-image-preview:large, max-video-preview:-1\" \/>\n<link rel=\"canonical\" href=\"https:\/\/exceladvisor.org\/de\/duplikate-finden-2\/\" \/>\n<meta property=\"og:locale\" content=\"de_DE\" \/>\n<meta property=\"og:type\" content=\"article\" \/>\n<meta property=\"og:title\" content=\"Wie finde und markiere ich Duplikate in Excel?\" \/>\n<meta property=\"og:description\" content=\"Der beste Weg, doppelte Werte aus einem Zellbereich zu identifizieren, ist die Verwendung der bedingten Formatierung.\" \/>\n<meta property=\"og:url\" content=\"https:\/\/exceladvisor.org\/de\/duplikate-finden-2\/\" \/>\n<meta property=\"og:site_name\" content=\"Excel Advisor\" \/>\n<meta property=\"article:modified_time\" content=\"2023-12-03T11:20:18+00:00\" \/>\n<meta property=\"og:image\" content=\"https:\/\/exceladvisor.org\/wp-content\/uploads\/2023\/08\/1-selectionnez-la-gamme-trouver-et-mettre-en-surbrillance-les-doublons.png\" \/>\n<meta name=\"twitter:card\" content=\"summary_large_image\" \/>\n<meta name=\"twitter:label1\" content=\"Gesch\u00e4tzte Lesezeit\" \/>\n\t<meta name=\"twitter:data1\" content=\"3\u00a0Minuten\" \/>\n<script type=\"application\/ld+json\" class=\"yoast-schema-graph\">{\"@context\":\"https:\/\/schema.org\",\"@graph\":[{\"@type\":\"WebPage\",\"@id\":\"https:\/\/exceladvisor.org\/de\/duplikate-finden-2\/\",\"url\":\"https:\/\/exceladvisor.org\/de\/duplikate-finden-2\/\",\"name\":\"Wie finde und markiere ich Duplikate in Excel?\",\"isPartOf\":{\"@id\":\"https:\/\/exceladvisor.org\/de\/#website\"},\"primaryImageOfPage\":{\"@id\":\"https:\/\/exceladvisor.org\/de\/duplikate-finden-2\/#primaryimage\"},\"image\":{\"@id\":\"https:\/\/exceladvisor.org\/de\/duplikate-finden-2\/#primaryimage\"},\"thumbnailUrl\":\"https:\/\/exceladvisor.org\/wp-content\/uploads\/2023\/08\/1-selectionnez-la-gamme-trouver-et-mettre-en-surbrillance-les-doublons.png\",\"datePublished\":\"2023-11-07T14:55:12+00:00\",\"dateModified\":\"2023-12-03T11:20:18+00:00\",\"description\":\"Der beste Weg, doppelte Werte aus einem Zellbereich zu identifizieren, ist die Verwendung der bedingten Formatierung.\",\"breadcrumb\":{\"@id\":\"https:\/\/exceladvisor.org\/de\/duplikate-finden-2\/#breadcrumb\"},\"inLanguage\":\"de\",\"potentialAction\":[{\"@type\":\"ReadAction\",\"target\":[\"https:\/\/exceladvisor.org\/de\/duplikate-finden-2\/\"]}]},{\"@type\":\"ImageObject\",\"inLanguage\":\"de\",\"@id\":\"https:\/\/exceladvisor.org\/de\/duplikate-finden-2\/#primaryimage\",\"url\":\"https:\/\/exceladvisor.org\/wp-content\/uploads\/2023\/08\/1-selectionnez-la-gamme-trouver-et-mettre-en-surbrillance-les-doublons.png\",\"contentUrl\":\"https:\/\/exceladvisor.org\/wp-content\/uploads\/2023\/08\/1-selectionnez-la-gamme-trouver-et-mettre-en-surbrillance-les-doublons.png\"},{\"@type\":\"BreadcrumbList\",\"@id\":\"https:\/\/exceladvisor.org\/de\/duplikate-finden-2\/#breadcrumb\",\"itemListElement\":[{\"@type\":\"ListItem\",\"position\":1,\"name\":\"Accueil\",\"item\":\"https:\/\/exceladvisor.org\/de\/\"},{\"@type\":\"ListItem\",\"position\":2,\"name\":\"Wie finde und markiere ich duplikate?\"}]},{\"@type\":\"WebSite\",\"@id\":\"https:\/\/exceladvisor.org\/de\/#website\",\"url\":\"https:\/\/exceladvisor.org\/de\/\",\"name\":\"Excel Advisor\",\"description\":\"Ihr Leitfaden zur Datendominanz\",\"publisher\":{\"@id\":\"https:\/\/exceladvisor.org\/de\/#organization\"},\"potentialAction\":[{\"@type\":\"SearchAction\",\"target\":{\"@type\":\"EntryPoint\",\"urlTemplate\":\"https:\/\/exceladvisor.org\/de\/?s={search_term_string}\"},\"query-input\":{\"@type\":\"PropertyValueSpecification\",\"valueRequired\":true,\"valueName\":\"search_term_string\"}}],\"inLanguage\":\"de\"},{\"@type\":\"Organization\",\"@id\":\"https:\/\/exceladvisor.org\/de\/#organization\",\"name\":\"Excel Advisor\",\"url\":\"https:\/\/exceladvisor.org\/de\/\",\"logo\":{\"@type\":\"ImageObject\",\"inLanguage\":\"de\",\"@id\":\"https:\/\/exceladvisor.org\/de\/#\/schema\/logo\/image\/\",\"url\":\"https:\/\/exceladvisor.org\/de\/wp-content\/uploads\/2023\/11\/exceladvisor.org_.png\",\"contentUrl\":\"https:\/\/exceladvisor.org\/de\/wp-content\/uploads\/2023\/11\/exceladvisor.org_.png\",\"width\":105,\"height\":36,\"caption\":\"Excel Advisor\"},\"image\":{\"@id\":\"https:\/\/exceladvisor.org\/de\/#\/schema\/logo\/image\/\"}}]}<\/script>\n<!-- \/ Yoast SEO plugin. -->","yoast_head_json":{"title":"Wie finde und markiere ich Duplikate in Excel?","description":"Der beste Weg, doppelte Werte aus einem Zellbereich zu identifizieren, ist die Verwendung der bedingten Formatierung.","robots":{"index":"index","follow":"follow","max-snippet":"max-snippet:-1","max-image-preview":"max-image-preview:large","max-video-preview":"max-video-preview:-1"},"canonical":"https:\/\/exceladvisor.org\/de\/duplikate-finden-2\/","og_locale":"de_DE","og_type":"article","og_title":"Wie finde und markiere ich Duplikate in Excel?","og_description":"Der beste Weg, doppelte Werte aus einem Zellbereich zu identifizieren, ist die Verwendung der bedingten Formatierung.","og_url":"https:\/\/exceladvisor.org\/de\/duplikate-finden-2\/","og_site_name":"Excel Advisor","article_modified_time":"2023-12-03T11:20:18+00:00","og_image":[{"url":"https:\/\/exceladvisor.org\/wp-content\/uploads\/2023\/08\/1-selectionnez-la-gamme-trouver-et-mettre-en-surbrillance-les-doublons.png","type":"","width":"","height":""}],"twitter_card":"summary_large_image","twitter_misc":{"Gesch\u00e4tzte Lesezeit":"3\u00a0Minuten"},"schema":{"@context":"https:\/\/schema.org","@graph":[{"@type":"WebPage","@id":"https:\/\/exceladvisor.org\/de\/duplikate-finden-2\/","url":"https:\/\/exceladvisor.org\/de\/duplikate-finden-2\/","name":"Wie finde und markiere ich Duplikate in Excel?","isPartOf":{"@id":"https:\/\/exceladvisor.org\/de\/#website"},"primaryImageOfPage":{"@id":"https:\/\/exceladvisor.org\/de\/duplikate-finden-2\/#primaryimage"},"image":{"@id":"https:\/\/exceladvisor.org\/de\/duplikate-finden-2\/#primaryimage"},"thumbnailUrl":"https:\/\/exceladvisor.org\/wp-content\/uploads\/2023\/08\/1-selectionnez-la-gamme-trouver-et-mettre-en-surbrillance-les-doublons.png","datePublished":"2023-11-07T14:55:12+00:00","dateModified":"2023-12-03T11:20:18+00:00","description":"Der beste Weg, doppelte Werte aus einem Zellbereich zu identifizieren, ist die Verwendung der bedingten Formatierung.","breadcrumb":{"@id":"https:\/\/exceladvisor.org\/de\/duplikate-finden-2\/#breadcrumb"},"inLanguage":"de","potentialAction":[{"@type":"ReadAction","target":["https:\/\/exceladvisor.org\/de\/duplikate-finden-2\/"]}]},{"@type":"ImageObject","inLanguage":"de","@id":"https:\/\/exceladvisor.org\/de\/duplikate-finden-2\/#primaryimage","url":"https:\/\/exceladvisor.org\/wp-content\/uploads\/2023\/08\/1-selectionnez-la-gamme-trouver-et-mettre-en-surbrillance-les-doublons.png","contentUrl":"https:\/\/exceladvisor.org\/wp-content\/uploads\/2023\/08\/1-selectionnez-la-gamme-trouver-et-mettre-en-surbrillance-les-doublons.png"},{"@type":"BreadcrumbList","@id":"https:\/\/exceladvisor.org\/de\/duplikate-finden-2\/#breadcrumb","itemListElement":[{"@type":"ListItem","position":1,"name":"Accueil","item":"https:\/\/exceladvisor.org\/de\/"},{"@type":"ListItem","position":2,"name":"Wie finde und markiere ich duplikate?"}]},{"@type":"WebSite","@id":"https:\/\/exceladvisor.org\/de\/#website","url":"https:\/\/exceladvisor.org\/de\/","name":"Excel Advisor","description":"Ihr Leitfaden zur Datendominanz","publisher":{"@id":"https:\/\/exceladvisor.org\/de\/#organization"},"potentialAction":[{"@type":"SearchAction","target":{"@type":"EntryPoint","urlTemplate":"https:\/\/exceladvisor.org\/de\/?s={search_term_string}"},"query-input":{"@type":"PropertyValueSpecification","valueRequired":true,"valueName":"search_term_string"}}],"inLanguage":"de"},{"@type":"Organization","@id":"https:\/\/exceladvisor.org\/de\/#organization","name":"Excel Advisor","url":"https:\/\/exceladvisor.org\/de\/","logo":{"@type":"ImageObject","inLanguage":"de","@id":"https:\/\/exceladvisor.org\/de\/#\/schema\/logo\/image\/","url":"https:\/\/exceladvisor.org\/de\/wp-content\/uploads\/2023\/11\/exceladvisor.org_.png","contentUrl":"https:\/\/exceladvisor.org\/de\/wp-content\/uploads\/2023\/11\/exceladvisor.org_.png","width":105,"height":36,"caption":"Excel Advisor"},"image":{"@id":"https:\/\/exceladvisor.org\/de\/#\/schema\/logo\/image\/"}}]}},"yoast_meta":{"yoast_wpseo_title":"","yoast_wpseo_metadesc":"","yoast_wpseo_canonical":""},"_links":{"self":[{"href":"https:\/\/exceladvisor.org\/de\/wp-json\/wp\/v2\/pages\/3243","targetHints":{"allow":["GET"]}}],"collection":[{"href":"https:\/\/exceladvisor.org\/de\/wp-json\/wp\/v2\/pages"}],"about":[{"href":"https:\/\/exceladvisor.org\/de\/wp-json\/wp\/v2\/types\/page"}],"author":[{"embeddable":true,"href":"https:\/\/exceladvisor.org\/de\/wp-json\/wp\/v2\/users\/1"}],"replies":[{"embeddable":true,"href":"https:\/\/exceladvisor.org\/de\/wp-json\/wp\/v2\/comments?post=3243"}],"version-history":[{"count":1,"href":"https:\/\/exceladvisor.org\/de\/wp-json\/wp\/v2\/pages\/3243\/revisions"}],"predecessor-version":[{"id":3998,"href":"https:\/\/exceladvisor.org\/de\/wp-json\/wp\/v2\/pages\/3243\/revisions\/3998"}],"wp:attachment":[{"href":"https:\/\/exceladvisor.org\/de\/wp-json\/wp\/v2\/media?parent=3243"}],"curies":[{"name":"wp","href":"https:\/\/api.w.org\/{rel}","templated":true}]}}