{"id":3244,"date":"2023-11-07T02:05:28","date_gmt":"2023-11-07T02:05:28","guid":{"rendered":"https:\/\/exceladvisor.org\/de\/entfernen-sie-unerwunschte-zeichen\/"},"modified":"2023-12-03T11:19:11","modified_gmt":"2023-12-03T11:19:11","slug":"entfernen-sie-unerwunschte-zeichen","status":"publish","type":"page","link":"https:\/\/exceladvisor.org\/de\/entfernen-sie-unerwunschte-zeichen\/","title":{"rendered":"Wie entferne ich unerw\u00fcnschte zeichen in excel?"},"content":{"rendered":"<div class=\"excel-vor-dem-inhalt\" id=\"excel-2076604449\"><script type=\"text\/javascript\">\r\n\tatOptions = {\r\n\t\t'key' : 'c1158f160081d6540a8409e6925dab94',\r\n\t\t'format' : 'iframe',\r\n\t\t'height' : 250,\r\n\t\t'width' : 300,\r\n\t\t'params' : {}\r\n\t};\r\n<\/script>\r\n<script type=\"text\/javascript\" src=\"\/\/www.highperformanceformat.com\/c1158f160081d6540a8409e6925dab94\/invoke.js\"><\/script><\/div> <p>Wenn Sie in Excel mit Daten arbeiten, m\u00fcssen Sie m\u00f6glicherweise mit unerw\u00fcnschten Zeichen umgehen. In diesem Fall k\u00f6nnen Sie mit SUBSTITUTE eine Formel schreiben, die diese unerw\u00fcnschten Zeichen entfernen kann. Und in diesem Tutorial lernen wir, wie man diese Formel schreibt.<\/p><h2 class=\"wp-block-heading\"> Formel zum Entfernen unerw\u00fcnschter Zeichen<\/h2><p> Befolgen Sie diese Schritte, um diese Formel zu schreiben:<\/p><ol type=\"1\"><li> Geben Sie zun\u00e4chst in einer Zelle die REPLACE-Funktion ein.<\/li><li> Beziehen Sie sich als N\u00e4chstes auf die Zelle, in der sich der Originaltext befindet.<\/li><li> Geben Sie anschlie\u00dfend das Zeichen ein, das Sie entfernen m\u00f6chten (verwenden Sie doppelte Anf\u00fchrungszeichen).<\/li><li> Geben Sie nun ein Leerzeichen in doppelte Anf\u00fchrungszeichen ein.<\/li><li> Dr\u00fccken Sie am Ende die Eingabetaste, um das Ergebnis zu erhalten. <\/li><\/ol><div class=\"wp-block-image\"><figure class=\"aligncenter size-full is-resized\"><img loading=\"lazy\" decoding=\"async\" class=\"alignnone size-full wp-image-13492\" src=\"https:\/\/exceladvisor.org\/wp-content\/uploads\/2023\/11\/supprimer-le-caractere-indesirable.png\" alt=\"Entfernen Sie unerw\u00fcnschte Zeichen\" width=\"500\" height=\"183\" srcset=\"https:\/\/exceladvisor.org\/wp-content\/uploads\/2023\/11\/supprimer-le-caractere-indesirable.png 500w, https:\/\/exceladvisor.org\/wp-content\/uploads\/2023\/11\/supprimer-le-caractere-indesirable-300x110.png 300w\" sizes=\"auto, (max-width: 500px) 100vw, 500px\"><\/figure><\/div><pre class=\"wp-block-code\"> <code class=\"language-excel-formula\" lang=\"excel-formula\">=SUBSTITUTE(A1,\"@\",\" \")<\/code><\/pre><p> Diese Formel entfernt das \u201e@\u201c-Zeichen aus dem Wert in Zelle A1 und ersetzt es durch kein Zeichen. Anstatt es durch nichts zu ersetzen, k\u00f6nnen Sie auch Leerzeichen verwenden.<\/p><pre class=\"wp-block-code\"> <code class=\"language-excel-formula\" lang=\"excel-formula\">=SUBSTITUTE(A1,\"@\",\"\")<\/code><\/pre><p> Die Verwendung der SUBSTITUTE-Funktion ist die schnellste M\u00f6glichkeit, unerw\u00fcnschte Zeichen aus einer Zeichenfolge zu entfernen. Und wenn Sie zwei oder mehr Zeichen aus einer einzelnen Zelle entfernen m\u00f6chten, m\u00fcssen Sie die REPLACE-Funktion zweimal verwenden. <\/p><div class=\"wp-block-image\"><figure class=\"aligncenter size-full is-resized\"><img loading=\"lazy\" decoding=\"async\" class=\"alignnone size-full wp-image-13490\" src=\"https:\/\/exceladvisor.org\/wp-content\/uploads\/2023\/11\/supprimer-plusieurs-caracteres-indesirable.png\" alt=\"Mehrere Junk-Zeichen entfernen\" width=\"500\" height=\"220\" srcset=\"https:\/\/exceladvisor.org\/wp-content\/uploads\/2023\/11\/supprimer-plusieurs-caracteres-indesirable.png 500w, https:\/\/exceladvisor.org\/wp-content\/uploads\/2023\/11\/supprimer-plusieurs-caracteres-indesirable-300x132.png 300w\" sizes=\"auto, (max-width: 500px) 100vw, 500px\"><\/figure><\/div><p> Im obigen Beispiel haben Sie drei verschiedene Zeichen, die wir nicht in der Textzeichenfolge haben m\u00f6chten. Jetzt m\u00fcssen Sie also ein verschachteltes SUBSTITUTE verwenden, um diese Zeichen zu entfernen.<\/p><pre class=\"wp-block-code\"> <code class=\"language-excel-formula\" lang=\"excel-formula\">=SUBSTITUTE(SUBSTITUTE(SUBSTITUTE(A2,\"@\",\"\"),\"!\",\"\"),\"-\",\"\")<\/code><\/pre><p> Sie haben drei SUBSTITUTE-Funktionen; Die Formel entfernt mit jeder Funktion ein unerw\u00fcnschtes Zeichen. <\/p><div class=\"gb-container gb-container-52dfcee1 gb-container-sample-file\"><h2 class=\"gb-headline gb-headline-e289c143 gb-headline-text gb-headline-4f7959c2\"> Holen Sie sich die Excel-Datei<\/h2><p> <a class=\"gb-button gb-button-e88d6bee gb-button-text gb-button-button1\" href=\"https:\/\/exceladvisor.org\/wp-content\/uploads\/2023\/11\/caracteres-indesirables.xlsx\" rel=\"nofollow\">Herunterladen<\/a><\/p><\/div><div class=\"gb-container gb-container-4db6181c gb-container-mt\"> <a class=\"gb-button gb-button-c5897111 gb-button-text gb-button-mt-button\" href=\"https:\/\/exceladvisor.org\/de\/vba\/\">Was ist VBA<\/a><h2 class=\"gb-headline gb-headline-665e5f6b gb-headline-text gb-headline-mt-heading\"> Verwandte Tutorials <\/h2><div class=\"gb-grid-wrapper gb-grid-wrapper-a20baf7c gb-grid-wrapper-mt-grid\"><div class=\"gb-grid-column gb-grid-column-65ddf67e\"><div class=\"gb-container gb-container-65ddf67e\"><ul><li> Entfernen Sie das erste Zeichen aus einer Zelle in Excel<\/li><li> <a href=\"https:\/\/exceladvisor.org\/de\/entfernen-sie-zusatzliche-leerzeichen\/\">Entfernen Sie zus\u00e4tzliche Leerzeichen in Excel<\/a><\/li><li> <a href=\"https:\/\/exceladvisor.org\/de\/das-erste-letzte-wort-bekommen\/\">Separate Namen in Excel \u2013 (Vor- und Nachname)<\/a><\/li><li> <a href=\"https:\/\/exceladvisor.org\/de\/extrahiere-das-letzte-wort-2\/\">Extrahieren Sie das letzte Wort aus einer Zelle<\/a><\/li><li> <a href=\"https:\/\/exceladvisor.org\/de\/zeilenumbruch-2-entfernen\/\">Zeilenumbruch aus einer Zelle entfernen<\/a><\/li><\/ul><\/div><\/div><\/div><\/div>","protected":false},"excerpt":{"rendered":"","protected":false},"author":1,"featured_media":0,"parent":0,"menu_order":0,"comment_status":"open","ping_status":"closed","template":"","meta":{"ub_ctt_via":"","footnotes":""},"class_list":["post-3244","page","type-page","status-publish","hentry"],"featured_image_src":null,"yoast_head":"<!-- This site is optimized with the Yoast SEO plugin v25.4 - https:\/\/yoast.com\/wordpress\/plugins\/seo\/ -->\n<title>Entfernen Sie unerw\u00fcnschte Zeichen in Excel<\/title>\n<meta name=\"description\" content=\"In diesem Tutorial erfahren Sie, wie Sie eine Excel-Formel schreiben, um unerw\u00fcnschte Zeichen zu entfernen. Lassen Sie uns das \u00fcberpr\u00fcfen ...\" \/>\n<meta name=\"robots\" content=\"index, follow, max-snippet:-1, max-image-preview:large, max-video-preview:-1\" \/>\n<link rel=\"canonical\" href=\"https:\/\/exceladvisor.org\/de\/entfernen-sie-unerwunschte-zeichen\/\" \/>\n<meta property=\"og:locale\" content=\"de_DE\" \/>\n<meta property=\"og:type\" content=\"article\" \/>\n<meta property=\"og:title\" content=\"Entfernen Sie unerw\u00fcnschte Zeichen in Excel\" \/>\n<meta property=\"og:description\" content=\"In diesem Tutorial erfahren Sie, wie Sie eine Excel-Formel schreiben, um unerw\u00fcnschte Zeichen zu entfernen. Lassen Sie uns das \u00fcberpr\u00fcfen ...\" \/>\n<meta property=\"og:url\" content=\"https:\/\/exceladvisor.org\/de\/entfernen-sie-unerwunschte-zeichen\/\" \/>\n<meta property=\"og:site_name\" content=\"Excel Advisor\" \/>\n<meta property=\"article:modified_time\" content=\"2023-12-03T11:19:11+00:00\" \/>\n<meta property=\"og:image\" content=\"https:\/\/exceladvisor.org\/wp-content\/uploads\/2023\/11\/supprimer-le-caractere-indesirable.png\" \/>\n<meta name=\"twitter:card\" content=\"summary_large_image\" \/>\n<meta name=\"twitter:label1\" content=\"Gesch\u00e4tzte Lesezeit\" \/>\n\t<meta name=\"twitter:data1\" content=\"1\u00a0Minute\" \/>\n<script type=\"application\/ld+json\" class=\"yoast-schema-graph\">{\"@context\":\"https:\/\/schema.org\",\"@graph\":[{\"@type\":\"WebPage\",\"@id\":\"https:\/\/exceladvisor.org\/de\/entfernen-sie-unerwunschte-zeichen\/\",\"url\":\"https:\/\/exceladvisor.org\/de\/entfernen-sie-unerwunschte-zeichen\/\",\"name\":\"Entfernen Sie unerw\u00fcnschte Zeichen in Excel\",\"isPartOf\":{\"@id\":\"https:\/\/exceladvisor.org\/de\/#website\"},\"primaryImageOfPage\":{\"@id\":\"https:\/\/exceladvisor.org\/de\/entfernen-sie-unerwunschte-zeichen\/#primaryimage\"},\"image\":{\"@id\":\"https:\/\/exceladvisor.org\/de\/entfernen-sie-unerwunschte-zeichen\/#primaryimage\"},\"thumbnailUrl\":\"https:\/\/exceladvisor.org\/wp-content\/uploads\/2023\/11\/supprimer-le-caractere-indesirable.png\",\"datePublished\":\"2023-11-07T02:05:28+00:00\",\"dateModified\":\"2023-12-03T11:19:11+00:00\",\"description\":\"In diesem Tutorial erfahren Sie, wie Sie eine Excel-Formel schreiben, um unerw\u00fcnschte Zeichen zu entfernen. Lassen Sie uns das \u00fcberpr\u00fcfen ...\",\"breadcrumb\":{\"@id\":\"https:\/\/exceladvisor.org\/de\/entfernen-sie-unerwunschte-zeichen\/#breadcrumb\"},\"inLanguage\":\"de\",\"potentialAction\":[{\"@type\":\"ReadAction\",\"target\":[\"https:\/\/exceladvisor.org\/de\/entfernen-sie-unerwunschte-zeichen\/\"]}]},{\"@type\":\"ImageObject\",\"inLanguage\":\"de\",\"@id\":\"https:\/\/exceladvisor.org\/de\/entfernen-sie-unerwunschte-zeichen\/#primaryimage\",\"url\":\"https:\/\/exceladvisor.org\/wp-content\/uploads\/2023\/11\/supprimer-le-caractere-indesirable.png\",\"contentUrl\":\"https:\/\/exceladvisor.org\/wp-content\/uploads\/2023\/11\/supprimer-le-caractere-indesirable.png\"},{\"@type\":\"BreadcrumbList\",\"@id\":\"https:\/\/exceladvisor.org\/de\/entfernen-sie-unerwunschte-zeichen\/#breadcrumb\",\"itemListElement\":[{\"@type\":\"ListItem\",\"position\":1,\"name\":\"Accueil\",\"item\":\"https:\/\/exceladvisor.org\/de\/\"},{\"@type\":\"ListItem\",\"position\":2,\"name\":\"Wie entferne ich unerw\u00fcnschte zeichen in excel?\"}]},{\"@type\":\"WebSite\",\"@id\":\"https:\/\/exceladvisor.org\/de\/#website\",\"url\":\"https:\/\/exceladvisor.org\/de\/\",\"name\":\"Excel Advisor\",\"description\":\"Ihr Leitfaden zur Datendominanz\",\"publisher\":{\"@id\":\"https:\/\/exceladvisor.org\/de\/#organization\"},\"potentialAction\":[{\"@type\":\"SearchAction\",\"target\":{\"@type\":\"EntryPoint\",\"urlTemplate\":\"https:\/\/exceladvisor.org\/de\/?s={search_term_string}\"},\"query-input\":{\"@type\":\"PropertyValueSpecification\",\"valueRequired\":true,\"valueName\":\"search_term_string\"}}],\"inLanguage\":\"de\"},{\"@type\":\"Organization\",\"@id\":\"https:\/\/exceladvisor.org\/de\/#organization\",\"name\":\"Excel Advisor\",\"url\":\"https:\/\/exceladvisor.org\/de\/\",\"logo\":{\"@type\":\"ImageObject\",\"inLanguage\":\"de\",\"@id\":\"https:\/\/exceladvisor.org\/de\/#\/schema\/logo\/image\/\",\"url\":\"https:\/\/exceladvisor.org\/de\/wp-content\/uploads\/2023\/11\/exceladvisor.org_.png\",\"contentUrl\":\"https:\/\/exceladvisor.org\/de\/wp-content\/uploads\/2023\/11\/exceladvisor.org_.png\",\"width\":105,\"height\":36,\"caption\":\"Excel Advisor\"},\"image\":{\"@id\":\"https:\/\/exceladvisor.org\/de\/#\/schema\/logo\/image\/\"}}]}<\/script>\n<!-- \/ Yoast SEO plugin. -->","yoast_head_json":{"title":"Entfernen Sie unerw\u00fcnschte Zeichen in Excel","description":"In diesem Tutorial erfahren Sie, wie Sie eine Excel-Formel schreiben, um unerw\u00fcnschte Zeichen zu entfernen. Lassen Sie uns das \u00fcberpr\u00fcfen ...","robots":{"index":"index","follow":"follow","max-snippet":"max-snippet:-1","max-image-preview":"max-image-preview:large","max-video-preview":"max-video-preview:-1"},"canonical":"https:\/\/exceladvisor.org\/de\/entfernen-sie-unerwunschte-zeichen\/","og_locale":"de_DE","og_type":"article","og_title":"Entfernen Sie unerw\u00fcnschte Zeichen in Excel","og_description":"In diesem Tutorial erfahren Sie, wie Sie eine Excel-Formel schreiben, um unerw\u00fcnschte Zeichen zu entfernen. Lassen Sie uns das \u00fcberpr\u00fcfen ...","og_url":"https:\/\/exceladvisor.org\/de\/entfernen-sie-unerwunschte-zeichen\/","og_site_name":"Excel Advisor","article_modified_time":"2023-12-03T11:19:11+00:00","og_image":[{"url":"https:\/\/exceladvisor.org\/wp-content\/uploads\/2023\/11\/supprimer-le-caractere-indesirable.png","type":"","width":"","height":""}],"twitter_card":"summary_large_image","twitter_misc":{"Gesch\u00e4tzte Lesezeit":"1\u00a0Minute"},"schema":{"@context":"https:\/\/schema.org","@graph":[{"@type":"WebPage","@id":"https:\/\/exceladvisor.org\/de\/entfernen-sie-unerwunschte-zeichen\/","url":"https:\/\/exceladvisor.org\/de\/entfernen-sie-unerwunschte-zeichen\/","name":"Entfernen Sie unerw\u00fcnschte Zeichen in Excel","isPartOf":{"@id":"https:\/\/exceladvisor.org\/de\/#website"},"primaryImageOfPage":{"@id":"https:\/\/exceladvisor.org\/de\/entfernen-sie-unerwunschte-zeichen\/#primaryimage"},"image":{"@id":"https:\/\/exceladvisor.org\/de\/entfernen-sie-unerwunschte-zeichen\/#primaryimage"},"thumbnailUrl":"https:\/\/exceladvisor.org\/wp-content\/uploads\/2023\/11\/supprimer-le-caractere-indesirable.png","datePublished":"2023-11-07T02:05:28+00:00","dateModified":"2023-12-03T11:19:11+00:00","description":"In diesem Tutorial erfahren Sie, wie Sie eine Excel-Formel schreiben, um unerw\u00fcnschte Zeichen zu entfernen. Lassen Sie uns das \u00fcberpr\u00fcfen ...","breadcrumb":{"@id":"https:\/\/exceladvisor.org\/de\/entfernen-sie-unerwunschte-zeichen\/#breadcrumb"},"inLanguage":"de","potentialAction":[{"@type":"ReadAction","target":["https:\/\/exceladvisor.org\/de\/entfernen-sie-unerwunschte-zeichen\/"]}]},{"@type":"ImageObject","inLanguage":"de","@id":"https:\/\/exceladvisor.org\/de\/entfernen-sie-unerwunschte-zeichen\/#primaryimage","url":"https:\/\/exceladvisor.org\/wp-content\/uploads\/2023\/11\/supprimer-le-caractere-indesirable.png","contentUrl":"https:\/\/exceladvisor.org\/wp-content\/uploads\/2023\/11\/supprimer-le-caractere-indesirable.png"},{"@type":"BreadcrumbList","@id":"https:\/\/exceladvisor.org\/de\/entfernen-sie-unerwunschte-zeichen\/#breadcrumb","itemListElement":[{"@type":"ListItem","position":1,"name":"Accueil","item":"https:\/\/exceladvisor.org\/de\/"},{"@type":"ListItem","position":2,"name":"Wie entferne ich unerw\u00fcnschte zeichen in excel?"}]},{"@type":"WebSite","@id":"https:\/\/exceladvisor.org\/de\/#website","url":"https:\/\/exceladvisor.org\/de\/","name":"Excel Advisor","description":"Ihr Leitfaden zur Datendominanz","publisher":{"@id":"https:\/\/exceladvisor.org\/de\/#organization"},"potentialAction":[{"@type":"SearchAction","target":{"@type":"EntryPoint","urlTemplate":"https:\/\/exceladvisor.org\/de\/?s={search_term_string}"},"query-input":{"@type":"PropertyValueSpecification","valueRequired":true,"valueName":"search_term_string"}}],"inLanguage":"de"},{"@type":"Organization","@id":"https:\/\/exceladvisor.org\/de\/#organization","name":"Excel Advisor","url":"https:\/\/exceladvisor.org\/de\/","logo":{"@type":"ImageObject","inLanguage":"de","@id":"https:\/\/exceladvisor.org\/de\/#\/schema\/logo\/image\/","url":"https:\/\/exceladvisor.org\/de\/wp-content\/uploads\/2023\/11\/exceladvisor.org_.png","contentUrl":"https:\/\/exceladvisor.org\/de\/wp-content\/uploads\/2023\/11\/exceladvisor.org_.png","width":105,"height":36,"caption":"Excel Advisor"},"image":{"@id":"https:\/\/exceladvisor.org\/de\/#\/schema\/logo\/image\/"}}]}},"yoast_meta":{"yoast_wpseo_title":"","yoast_wpseo_metadesc":"","yoast_wpseo_canonical":""},"_links":{"self":[{"href":"https:\/\/exceladvisor.org\/de\/wp-json\/wp\/v2\/pages\/3244","targetHints":{"allow":["GET"]}}],"collection":[{"href":"https:\/\/exceladvisor.org\/de\/wp-json\/wp\/v2\/pages"}],"about":[{"href":"https:\/\/exceladvisor.org\/de\/wp-json\/wp\/v2\/types\/page"}],"author":[{"embeddable":true,"href":"https:\/\/exceladvisor.org\/de\/wp-json\/wp\/v2\/users\/1"}],"replies":[{"embeddable":true,"href":"https:\/\/exceladvisor.org\/de\/wp-json\/wp\/v2\/comments?post=3244"}],"version-history":[{"count":1,"href":"https:\/\/exceladvisor.org\/de\/wp-json\/wp\/v2\/pages\/3244\/revisions"}],"predecessor-version":[{"id":3916,"href":"https:\/\/exceladvisor.org\/de\/wp-json\/wp\/v2\/pages\/3244\/revisions\/3916"}],"wp:attachment":[{"href":"https:\/\/exceladvisor.org\/de\/wp-json\/wp\/v2\/media?parent=3244"}],"curies":[{"name":"wp","href":"https:\/\/api.w.org\/{rel}","templated":true}]}}