{"id":3245,"date":"2023-11-07T01:38:23","date_gmt":"2023-11-07T01:38:23","guid":{"rendered":"https:\/\/exceladvisor.org\/de\/zwischensumme-wenn-2\/"},"modified":"2023-12-03T13:05:25","modified_gmt":"2023-12-03T13:05:25","slug":"zwischensumme-wenn-2","status":"publish","type":"page","link":"https:\/\/exceladvisor.org\/de\/zwischensumme-wenn-2\/","title":{"rendered":"Wie verwende ich zwischensumme mit if in excel?"},"content":{"rendered":"<div class=\"excel-vor-dem-inhalt\" id=\"excel-4234743926\"><script type=\"text\/javascript\">\r\n\tatOptions = {\r\n\t\t'key' : 'c1158f160081d6540a8409e6925dab94',\r\n\t\t'format' : 'iframe',\r\n\t\t'height' : 250,\r\n\t\t'width' : 300,\r\n\t\t'params' : {}\r\n\t};\r\n<\/script>\r\n<script type=\"text\/javascript\" src=\"\/\/www.highperformanceformat.com\/c1158f160081d6540a8409e6925dab94\/invoke.js\"><\/script><\/div> <p><strong>DIESE FORMEL IST PURE MAGIE.<\/strong><\/p><p> Wenn Sie in Excel eine ZWISCHENSUMME-Formel mit IF (Bedingung) schreiben m\u00f6chten, m\u00fcssen Sie dazu mehrere Funktionen verwenden. Aber bevor wir das tun, wollen wir die Daten verstehen, die wir f\u00fcr dieses Beispiel haben. <\/p><div class=\"wp-block-image\"><figure class=\"aligncenter size-full is-resized\"><img loading=\"lazy\" decoding=\"async\" class=\"wp-image-82611\" src=\"https:\/\/exceladvisor.org\/wp-content\/uploads\/2023\/08\/1-sous-total-avec-if.png\" sizes=\"auto, \" srcset=\"\" alt=\"Zwischensumme-mit-wenn\" width=\"720\" height=\"334\"><\/figure><\/div><p> Im obigen Beispiel haben Sie drei Spalten:<\/p><ul><li> Name<\/li><li> Alterstafel<\/li><li> Geschlecht<\/li><\/ul><p> Und wenn Sie eine Tabelle aus der Spalte \u201eAlterstabelle\u201c filtern, wird die Anzahl der Frauen in Zelle F1 angezeigt. Das bedeutet also, dass wir eine Formel haben, die die Anzahl der gefilterten Werte anzeigt, jedoch mit einer Bedingung.<\/p><p> Die Formel, die wir haben:<\/p><pre class=\"wp-block-code\"> <code class=\"language-excel-formula\" lang=\"excel-formula\">=SUMPRODUCT((C2:C41=E1)*(SUBTOTAL(3,OFFSET(C2,ROW(C2:C41)-MIN(ROW(C2:C41)),0))))<\/code><\/pre><h2 class=\"wp-block-heading\"> Die ZWISCHENSUMME IF-Formel verstehen<\/h2><p> Diese Formel verwendet f\u00fcnf Funktionen: SUMPRODUCT, SUBTOTAL, OFFSET, ROW und MAX. Um diese Formel zu verstehen, m\u00fcssen wir sie daher in mehrere Teile aufteilen.<\/p><h3 class=\"wp-block-heading\"> 1.ZEILE(C2:C41)-2.0)<\/h3><p> Dieser Teil der Formel verwendet die Funktionen MIN und ROW. <\/p><div class=\"wp-block-image\"><figure class=\"aligncenter size-full is-resized\"><img loading=\"lazy\" decoding=\"async\" class=\"wp-image-82621\" src=\"https:\/\/exceladvisor.org\/wp-content\/uploads\/2023\/08\/2-min-et-fonction-rangee1.png\" sizes=\"auto, \" srcset=\"\" alt=\"Min-and-Row-Funktion\" width=\"780\" height=\"110\"><\/figure><\/div><ul><li> In ROW haben wir auf die Spalten \u201eGeschlecht\u201c verwiesen und es wird ein Array mit Zeilennummern zur\u00fcckgegeben.<\/li><li> Danach \u00fcbernimmt MIN die Array- oder Zeilennummern und gibt die minimale Zeilennummer zur\u00fcck. Deshalb haben wir in diesem Teil der Formel 2.<\/li><\/ul><h3 class=\"wp-block-heading\"> 2.ZEILE(C2:C41)<\/h3><p> In diesem Teil haben wir nur die ROW-Funktion, die ein Array von Zeilennummern zur\u00fcckgibt. <\/p><div class=\"wp-block-image\"><figure class=\"aligncenter size-full is-resized\"><img loading=\"lazy\" decoding=\"async\" class=\"wp-image-82612\" src=\"https:\/\/exceladvisor.org\/wp-content\/uploads\/2023\/08\/Fonction-a-3-lignes-pour-renvoyer-un-tableau-de-numeros-de-lignes.png\" sizes=\"auto, \" srcset=\"\" alt=\"Zeilenfunktion, die ein Array von Zeilennummern zur\u00fcckgibt\" width=\"726\" height=\"136\"><\/figure><\/div><h3 class=\"wp-block-heading\"> 3. OFFSET(C2,LINE(C2:C41)-MIN(LINE(C2:C41)),0)<\/h3><p> Wir haben jetzt die OFFSET-Funktion. Es hilft Ihnen, einen Verweis auf einen Bereich zu erstellen, indem Sie einen Zellbezug als Ausgangspunkt verwenden. Im <strong>Referenzargument<\/strong> haben wir uns auf Zelle C2 bezogen, die erste Zelle, in der unser Geschlechtsbereich beginnt. <\/p><div class=\"wp-block-image\"><figure class=\"aligncenter size-full is-resized\"><img loading=\"lazy\" decoding=\"async\" class=\"wp-image-82613\" src=\"https:\/\/exceladvisor.org\/wp-content\/uploads\/2023\/08\/4-fonction-decalage.png\" sizes=\"auto, \" srcset=\"\" alt=\"Offset-Funktion\" width=\"489\" height=\"94\"><\/figure><\/div><p> Im Linienargument haben wir diesen Teil der Formel, die oben in den ersten beiden Teilen besprochen wurde. Danach haben wir im Argument cols 0 verwendet. Mit all dem gibt OFFSET ein Array aller Werte in der Spalte \u201eSex\u201c zur\u00fcck. <\/p><div class=\"wp-block-image\"><figure class=\"aligncenter size-full is-resized\"><img loading=\"lazy\" decoding=\"async\" class=\"wp-image-82614\" src=\"https:\/\/exceladvisor.org\/wp-content\/uploads\/2023\/08\/5-decalage-renvoie-la-valeur-des-colonnes-de-sexe.png\" sizes=\"auto, \" srcset=\"\" alt=\"offset-returns-value-of-sex-columns\" width=\"619\" height=\"207\"><\/figure><\/div><h3 class=\"wp-block-heading\"> 4. ZWISCHENSUMME(3,OFFSET(C2,LINE(C2:C41)-MIN(LINE(C2:C41)),0))<\/h3><p> Wir haben das vom OFFSET zur\u00fcckgegebene Array in der ZWISCHENSUMME verwendet. Und in function_num haben wir 3 verwendet, was SUBTOTAL anweist, die COUNTA-Funktion zur Berechnung zu verwenden.<\/p><p> Wenn Sie einen Filter f\u00fcr die Spalte \u201eAltersgruppe\u201c verwenden, gibt dieser ZWISCHENSUMME-Teil der Formel ein Array mit 0 und 1 zur\u00fcck. <\/p><div class=\"wp-block-image\"><figure class=\"aligncenter size-full is-resized\"><img loading=\"lazy\" decoding=\"async\" class=\"wp-image-82615\" src=\"https:\/\/exceladvisor.org\/wp-content\/uploads\/2023\/08\/6-sous-total-a-utiliser-counta.png\" sizes=\"auto, \" srcset=\"\" alt=\"Zwischensumme, die verwendet werden soll\" width=\"635\" height=\"140\"><\/figure><\/div><p> In dieser Tabelle haben wir 1 f\u00fcr Werte, die dem Wert entsprechen, auf den wir den Filter angewendet haben. Siehe das Beispiel unten: <\/p><div class=\"wp-block-image\"><figure class=\"aligncenter size-full is-resized\"><img loading=\"lazy\" decoding=\"async\" class=\"wp-image-82616\" src=\"https:\/\/exceladvisor.org\/wp-content\/uploads\/2023\/08\/7-valeurs-equivalentes-aux-valeurs-appliquees.png\" sizes=\"auto, \" srcset=\"\" alt=\"Werte, die den angewendeten Werten entsprechen\" width=\"552\" height=\"247\"><\/figure><\/div><h3 class=\"wp-block-heading\"> 5. (C2:C41=E1)<\/h3><p> Dieser Teil der Formel gibt durch Testen einer Bedingung ein Array zur\u00fcck. In dieser Bedingung testen wir, ob der Bereichswert \u201eWeiblich\u201c ist, und er gibt im Array TRUE und FALSE zur\u00fcck. <\/p><div class=\"wp-block-image\"><figure class=\"aligncenter size-full is-resized\"><img loading=\"lazy\" decoding=\"async\" class=\"wp-image-82617\" src=\"https:\/\/exceladvisor.org\/wp-content\/uploads\/2023\/08\/8-renvoie-vrai-et-faux-dans-le-tableau.png\" sizes=\"auto, \" srcset=\"\" alt=\"Gibt \u201ewahr\u201c und \u201efalsch\u201c im Array zur\u00fcck\" width=\"448\" height=\"320\"><\/figure><\/div><p> In dieser Tabelle haben wir WAHR f\u00fcr den Wert \u201eWeiblich\u201c und FALSCH f\u00fcr die anderen.<\/p><h3 class=\"wp-block-heading\"> 7. Letzter Teil<\/h3><p> Am Ende haben wir zwei Tabellen in SUMPRODUCT. Und wir haben auch einen Sternchenoperator zwischen diesen Arrays. <\/p><div class=\"wp-block-image\"><figure class=\"aligncenter size-full is-resized\"><img loading=\"lazy\" decoding=\"async\" class=\"wp-image-82618\" src=\"https:\/\/exceladvisor.org\/wp-content\/uploads\/2023\/08\/9-deux-tableaux-en-sumproduct.png\" sizes=\"auto, \" srcset=\"\" alt=\"insgesamt zwei Gem\u00e4lde entstanden\" width=\"659\" height=\"151\"><\/figure><\/div><p> Wenn wir die beiden Tabellen miteinander multiplizieren, erhalten wir eine einzige Tabelle mit 0 und 1. In dieser Tabelle steht eins (1) f\u00fcr den Wert \u201eWeiblich\u201c im Geschlecht und 21-30 f\u00fcr \u201eAltersgruppe\u201c. <\/p><div class=\"wp-block-image\"><figure class=\"aligncenter size-full is-resized\"><img loading=\"lazy\" decoding=\"async\" class=\"wp-image-82619\" src=\"https:\/\/exceladvisor.org\/wp-content\/uploads\/2023\/08\/10-tableau-unique-avec-zero-et-un.png\" sizes=\"auto, \" srcset=\"\" alt=\"einzelnes Array mit Null und Eins\" width=\"572\" height=\"84\"><\/figure><\/div><p> Am Ende gibt SUMPRODUCT die Summe mithilfe dieses Arrays zur\u00fcck. Und diese Summe ist die Anzahl der Zellen mit dem Wert \u201eWeiblich\u201c in der Spalte \u201eGeschlecht\u201c, wenn Sie in der Spalte \u201eAltersgruppe\u201c nach 21\u201330 Jahren filtern. <\/p><div class=\"wp-block-image\"><figure class=\"aligncenter size-full is-resized\"><img loading=\"lazy\" decoding=\"async\" class=\"wp-image-82620\" src=\"https:\/\/exceladvisor.org\/wp-content\/uploads\/2023\/08\/11-sumproduct-renvoie-la-somme-en-utilisant-arroay1.png\" sizes=\"auto, \" srcset=\"\" alt=\"sumproduct-returns-sum-by-using-array\" width=\"733\" height=\"340\"><\/figure><\/div><div class=\"gb-container gb-container-52dfcee1 gb-container-sample-file\"><h2 class=\"gb-headline gb-headline-e289c143 gb-headline-text gb-headline-4f7959c2\"> Holen Sie sich die Excel-Datei<\/h2> <a class=\"gb-button gb-button-e88d6bee gb-button-text gb-button-button1\" href=\"https:\/\/exceladvisor.org\/wp-content\/uploads\/2023\/08\/sous-total-si.xlsx\" rel=\"nofollow\">Herunterladen<\/a><\/div><div class=\"gb-container gb-container-0df56012 gb-container-mt\"> <a class=\"gb-button gb-button-f9f432f4 gb-button-text gb-button-mt-button\" href=\"https:\/\/exceladvisor.org\/de\/formeln\/\">Liste der Excel-Formeln<\/a><h2 class=\"gb-headline gb-headline-233444e8 gb-headline-text gb-headline-mt-heading\"> Verwandte Formeln <\/h2><div class=\"gb-grid-wrapper gb-grid-wrapper-a16fa65c gb-grid-wrapper-mt-grid\"><div class=\"gb-grid-column gb-grid-column-50d07e0d\"><div class=\"gb-container gb-container-50d07e0d\"><ul><li> <a href=\"https:\/\/exceladvisor.org\/de\/wenn-null-dann-leer\/\">\u00dcberpr\u00fcfen Sie, ob 0 (Null) ist, und leeren Sie es dann in Excel<\/a><\/li><li> <a href=\"https:\/\/exceladvisor.org\/de\/uberprufen-sie-ob-ein-wert-in-einem-bereich-vorhanden-ist\/\">\u00dcberpr\u00fcfen Sie, ob in einem Bereich in Excel ein Wert vorhanden ist<\/a><\/li><li> <a href=\"https:\/\/exceladvisor.org\/de\/wenn-und-1\/\">Kombinieren Sie WENN- und UND-Funktionen in Excel<\/a><\/li><li> <a href=\"https:\/\/exceladvisor.org\/de\/wenn-oder-1\/\">Kombinieren Sie WENN- und ODER-Funktionen in Excel<\/a><\/li><li> <a href=\"https:\/\/exceladvisor.org\/de\/wenn-die-zelle-leer-ist\/\">IF Zelle ist leer (leer) mit IF + ISBLANK in Excel<\/a><\/li><\/ul><\/div><\/div><\/div><\/div>","protected":false},"excerpt":{"rendered":"","protected":false},"author":1,"featured_media":0,"parent":0,"menu_order":0,"comment_status":"open","ping_status":"closed","template":"","meta":{"ub_ctt_via":"","footnotes":""},"class_list":["post-3245","page","type-page","status-publish","hentry"],"featured_image_src":null,"yoast_head":"<!-- This site is optimized with the Yoast SEO plugin v25.4 - https:\/\/yoast.com\/wordpress\/plugins\/seo\/ -->\n<title>Wie verwende ich ZWISCHENSUMME mit IF in Excel? (Tutorial 2023)<\/title>\n<meta name=\"description\" content=\"In diesem Tutorial erfahren Sie, wie Sie eine Excel-Formel schreiben, um ZWISCHENSUMME mit IF (bedingte ZWISCHENSUMME) zu verwenden. Lassen Sie uns das \u00fcberpr\u00fcfen ...\" \/>\n<meta name=\"robots\" content=\"index, follow, max-snippet:-1, max-image-preview:large, max-video-preview:-1\" \/>\n<link rel=\"canonical\" href=\"https:\/\/exceladvisor.org\/de\/zwischensumme-wenn-2\/\" \/>\n<meta property=\"og:locale\" content=\"de_DE\" \/>\n<meta property=\"og:type\" content=\"article\" \/>\n<meta property=\"og:title\" content=\"Wie verwende ich ZWISCHENSUMME mit IF in Excel? (Tutorial 2023)\" \/>\n<meta property=\"og:description\" content=\"In diesem Tutorial erfahren Sie, wie Sie eine Excel-Formel schreiben, um ZWISCHENSUMME mit IF (bedingte ZWISCHENSUMME) zu verwenden. Lassen Sie uns das \u00fcberpr\u00fcfen ...\" \/>\n<meta property=\"og:url\" content=\"https:\/\/exceladvisor.org\/de\/zwischensumme-wenn-2\/\" \/>\n<meta property=\"og:site_name\" content=\"Excel Advisor\" \/>\n<meta property=\"article:modified_time\" content=\"2023-12-03T13:05:25+00:00\" \/>\n<meta property=\"og:image\" content=\"https:\/\/exceladvisor.org\/wp-content\/uploads\/2023\/08\/1-sous-total-avec-if.png\" \/>\n<meta name=\"twitter:card\" content=\"summary_large_image\" \/>\n<meta name=\"twitter:label1\" content=\"Gesch\u00e4tzte Lesezeit\" \/>\n\t<meta name=\"twitter:data1\" content=\"3\u00a0Minuten\" \/>\n<script type=\"application\/ld+json\" class=\"yoast-schema-graph\">{\"@context\":\"https:\/\/schema.org\",\"@graph\":[{\"@type\":\"WebPage\",\"@id\":\"https:\/\/exceladvisor.org\/de\/zwischensumme-wenn-2\/\",\"url\":\"https:\/\/exceladvisor.org\/de\/zwischensumme-wenn-2\/\",\"name\":\"Wie verwende ich ZWISCHENSUMME mit IF in Excel? (Tutorial 2023)\",\"isPartOf\":{\"@id\":\"https:\/\/exceladvisor.org\/de\/#website\"},\"primaryImageOfPage\":{\"@id\":\"https:\/\/exceladvisor.org\/de\/zwischensumme-wenn-2\/#primaryimage\"},\"image\":{\"@id\":\"https:\/\/exceladvisor.org\/de\/zwischensumme-wenn-2\/#primaryimage\"},\"thumbnailUrl\":\"https:\/\/exceladvisor.org\/wp-content\/uploads\/2023\/08\/1-sous-total-avec-if.png\",\"datePublished\":\"2023-11-07T01:38:23+00:00\",\"dateModified\":\"2023-12-03T13:05:25+00:00\",\"description\":\"In diesem Tutorial erfahren Sie, wie Sie eine Excel-Formel schreiben, um ZWISCHENSUMME mit IF (bedingte ZWISCHENSUMME) zu verwenden. Lassen Sie uns das \u00fcberpr\u00fcfen ...\",\"breadcrumb\":{\"@id\":\"https:\/\/exceladvisor.org\/de\/zwischensumme-wenn-2\/#breadcrumb\"},\"inLanguage\":\"de\",\"potentialAction\":[{\"@type\":\"ReadAction\",\"target\":[\"https:\/\/exceladvisor.org\/de\/zwischensumme-wenn-2\/\"]}]},{\"@type\":\"ImageObject\",\"inLanguage\":\"de\",\"@id\":\"https:\/\/exceladvisor.org\/de\/zwischensumme-wenn-2\/#primaryimage\",\"url\":\"https:\/\/exceladvisor.org\/wp-content\/uploads\/2023\/08\/1-sous-total-avec-if.png\",\"contentUrl\":\"https:\/\/exceladvisor.org\/wp-content\/uploads\/2023\/08\/1-sous-total-avec-if.png\"},{\"@type\":\"BreadcrumbList\",\"@id\":\"https:\/\/exceladvisor.org\/de\/zwischensumme-wenn-2\/#breadcrumb\",\"itemListElement\":[{\"@type\":\"ListItem\",\"position\":1,\"name\":\"Accueil\",\"item\":\"https:\/\/exceladvisor.org\/de\/\"},{\"@type\":\"ListItem\",\"position\":2,\"name\":\"Wie verwende ich zwischensumme mit if in excel?\"}]},{\"@type\":\"WebSite\",\"@id\":\"https:\/\/exceladvisor.org\/de\/#website\",\"url\":\"https:\/\/exceladvisor.org\/de\/\",\"name\":\"Excel Advisor\",\"description\":\"Ihr Leitfaden zur Datendominanz\",\"publisher\":{\"@id\":\"https:\/\/exceladvisor.org\/de\/#organization\"},\"potentialAction\":[{\"@type\":\"SearchAction\",\"target\":{\"@type\":\"EntryPoint\",\"urlTemplate\":\"https:\/\/exceladvisor.org\/de\/?s={search_term_string}\"},\"query-input\":{\"@type\":\"PropertyValueSpecification\",\"valueRequired\":true,\"valueName\":\"search_term_string\"}}],\"inLanguage\":\"de\"},{\"@type\":\"Organization\",\"@id\":\"https:\/\/exceladvisor.org\/de\/#organization\",\"name\":\"Excel Advisor\",\"url\":\"https:\/\/exceladvisor.org\/de\/\",\"logo\":{\"@type\":\"ImageObject\",\"inLanguage\":\"de\",\"@id\":\"https:\/\/exceladvisor.org\/de\/#\/schema\/logo\/image\/\",\"url\":\"https:\/\/exceladvisor.org\/de\/wp-content\/uploads\/2023\/11\/exceladvisor.org_.png\",\"contentUrl\":\"https:\/\/exceladvisor.org\/de\/wp-content\/uploads\/2023\/11\/exceladvisor.org_.png\",\"width\":105,\"height\":36,\"caption\":\"Excel Advisor\"},\"image\":{\"@id\":\"https:\/\/exceladvisor.org\/de\/#\/schema\/logo\/image\/\"}}]}<\/script>\n<!-- \/ Yoast SEO plugin. -->","yoast_head_json":{"title":"Wie verwende ich ZWISCHENSUMME mit IF in Excel? (Tutorial 2023)","description":"In diesem Tutorial erfahren Sie, wie Sie eine Excel-Formel schreiben, um ZWISCHENSUMME mit IF (bedingte ZWISCHENSUMME) zu verwenden. Lassen Sie uns das \u00fcberpr\u00fcfen ...","robots":{"index":"index","follow":"follow","max-snippet":"max-snippet:-1","max-image-preview":"max-image-preview:large","max-video-preview":"max-video-preview:-1"},"canonical":"https:\/\/exceladvisor.org\/de\/zwischensumme-wenn-2\/","og_locale":"de_DE","og_type":"article","og_title":"Wie verwende ich ZWISCHENSUMME mit IF in Excel? (Tutorial 2023)","og_description":"In diesem Tutorial erfahren Sie, wie Sie eine Excel-Formel schreiben, um ZWISCHENSUMME mit IF (bedingte ZWISCHENSUMME) zu verwenden. Lassen Sie uns das \u00fcberpr\u00fcfen ...","og_url":"https:\/\/exceladvisor.org\/de\/zwischensumme-wenn-2\/","og_site_name":"Excel Advisor","article_modified_time":"2023-12-03T13:05:25+00:00","og_image":[{"url":"https:\/\/exceladvisor.org\/wp-content\/uploads\/2023\/08\/1-sous-total-avec-if.png","type":"","width":"","height":""}],"twitter_card":"summary_large_image","twitter_misc":{"Gesch\u00e4tzte Lesezeit":"3\u00a0Minuten"},"schema":{"@context":"https:\/\/schema.org","@graph":[{"@type":"WebPage","@id":"https:\/\/exceladvisor.org\/de\/zwischensumme-wenn-2\/","url":"https:\/\/exceladvisor.org\/de\/zwischensumme-wenn-2\/","name":"Wie verwende ich ZWISCHENSUMME mit IF in Excel? (Tutorial 2023)","isPartOf":{"@id":"https:\/\/exceladvisor.org\/de\/#website"},"primaryImageOfPage":{"@id":"https:\/\/exceladvisor.org\/de\/zwischensumme-wenn-2\/#primaryimage"},"image":{"@id":"https:\/\/exceladvisor.org\/de\/zwischensumme-wenn-2\/#primaryimage"},"thumbnailUrl":"https:\/\/exceladvisor.org\/wp-content\/uploads\/2023\/08\/1-sous-total-avec-if.png","datePublished":"2023-11-07T01:38:23+00:00","dateModified":"2023-12-03T13:05:25+00:00","description":"In diesem Tutorial erfahren Sie, wie Sie eine Excel-Formel schreiben, um ZWISCHENSUMME mit IF (bedingte ZWISCHENSUMME) zu verwenden. Lassen Sie uns das \u00fcberpr\u00fcfen ...","breadcrumb":{"@id":"https:\/\/exceladvisor.org\/de\/zwischensumme-wenn-2\/#breadcrumb"},"inLanguage":"de","potentialAction":[{"@type":"ReadAction","target":["https:\/\/exceladvisor.org\/de\/zwischensumme-wenn-2\/"]}]},{"@type":"ImageObject","inLanguage":"de","@id":"https:\/\/exceladvisor.org\/de\/zwischensumme-wenn-2\/#primaryimage","url":"https:\/\/exceladvisor.org\/wp-content\/uploads\/2023\/08\/1-sous-total-avec-if.png","contentUrl":"https:\/\/exceladvisor.org\/wp-content\/uploads\/2023\/08\/1-sous-total-avec-if.png"},{"@type":"BreadcrumbList","@id":"https:\/\/exceladvisor.org\/de\/zwischensumme-wenn-2\/#breadcrumb","itemListElement":[{"@type":"ListItem","position":1,"name":"Accueil","item":"https:\/\/exceladvisor.org\/de\/"},{"@type":"ListItem","position":2,"name":"Wie verwende ich zwischensumme mit if in excel?"}]},{"@type":"WebSite","@id":"https:\/\/exceladvisor.org\/de\/#website","url":"https:\/\/exceladvisor.org\/de\/","name":"Excel Advisor","description":"Ihr Leitfaden zur Datendominanz","publisher":{"@id":"https:\/\/exceladvisor.org\/de\/#organization"},"potentialAction":[{"@type":"SearchAction","target":{"@type":"EntryPoint","urlTemplate":"https:\/\/exceladvisor.org\/de\/?s={search_term_string}"},"query-input":{"@type":"PropertyValueSpecification","valueRequired":true,"valueName":"search_term_string"}}],"inLanguage":"de"},{"@type":"Organization","@id":"https:\/\/exceladvisor.org\/de\/#organization","name":"Excel Advisor","url":"https:\/\/exceladvisor.org\/de\/","logo":{"@type":"ImageObject","inLanguage":"de","@id":"https:\/\/exceladvisor.org\/de\/#\/schema\/logo\/image\/","url":"https:\/\/exceladvisor.org\/de\/wp-content\/uploads\/2023\/11\/exceladvisor.org_.png","contentUrl":"https:\/\/exceladvisor.org\/de\/wp-content\/uploads\/2023\/11\/exceladvisor.org_.png","width":105,"height":36,"caption":"Excel Advisor"},"image":{"@id":"https:\/\/exceladvisor.org\/de\/#\/schema\/logo\/image\/"}}]}},"yoast_meta":{"yoast_wpseo_title":"","yoast_wpseo_metadesc":"","yoast_wpseo_canonical":""},"_links":{"self":[{"href":"https:\/\/exceladvisor.org\/de\/wp-json\/wp\/v2\/pages\/3245","targetHints":{"allow":["GET"]}}],"collection":[{"href":"https:\/\/exceladvisor.org\/de\/wp-json\/wp\/v2\/pages"}],"about":[{"href":"https:\/\/exceladvisor.org\/de\/wp-json\/wp\/v2\/types\/page"}],"author":[{"embeddable":true,"href":"https:\/\/exceladvisor.org\/de\/wp-json\/wp\/v2\/users\/1"}],"replies":[{"embeddable":true,"href":"https:\/\/exceladvisor.org\/de\/wp-json\/wp\/v2\/comments?post=3245"}],"version-history":[{"count":1,"href":"https:\/\/exceladvisor.org\/de\/wp-json\/wp\/v2\/pages\/3245\/revisions"}],"predecessor-version":[{"id":4393,"href":"https:\/\/exceladvisor.org\/de\/wp-json\/wp\/v2\/pages\/3245\/revisions\/4393"}],"wp:attachment":[{"href":"https:\/\/exceladvisor.org\/de\/wp-json\/wp\/v2\/media?parent=3245"}],"curies":[{"name":"wp","href":"https:\/\/api.w.org\/{rel}","templated":true}]}}