{"id":3246,"date":"2023-11-06T23:45:43","date_gmt":"2023-11-06T23:45:43","guid":{"rendered":"https:\/\/exceladvisor.org\/de\/vergleichen-sie-zwei-zellen\/"},"modified":"2023-12-03T13:05:24","modified_gmt":"2023-12-03T13:05:24","slug":"vergleichen-sie-zwei-zellen","status":"publish","type":"page","link":"https:\/\/exceladvisor.org\/de\/vergleichen-sie-zwei-zellen\/","title":{"rendered":"Wie vergleiche ich zwei zellen in excel?"},"content":{"rendered":"<div class=\"excel-vor-dem-inhalt\" id=\"excel-436808089\"><script type=\"text\/javascript\">\r\n\tatOptions = {\r\n\t\t'key' : 'c1158f160081d6540a8409e6925dab94',\r\n\t\t'format' : 'iframe',\r\n\t\t'height' : 250,\r\n\t\t'width' : 300,\r\n\t\t'params' : {}\r\n\t};\r\n<\/script>\r\n<script type=\"text\/javascript\" src=\"\/\/www.highperformanceformat.com\/c1158f160081d6540a8409e6925dab94\/invoke.js\"><\/script><\/div> <p>Um zwei Zellen in Excel zu vergleichen, k\u00f6nnen Sie den Gleichheitsoperator verwenden, wenn Sie auf beide Zellen verweisen. Und im Ergebnis erhalten Sie TRUE, wenn beide Werte gleich sind, und wenn die Werte nicht gleich sind, erhalten Sie FALSE im Ergebnis.<\/p><p> Im folgenden Beispiel haben wir zwei Werte in den Zellen A1 bzw. B1, und jetzt m\u00fcssen Sie die beiden Zellen vergleichen. <\/p><div class=\"wp-block-image\"><figure class=\"aligncenter size-full is-resized\"><img loading=\"lazy\" decoding=\"async\" class=\"wp-image-70595\" src=\"https:\/\/exceladvisor.org\/wp-content\/uploads\/2023\/08\/1-comparer-deux-cellules.png\" sizes=\"auto, \" srcset=\"\" alt=\"Vergleiche zwei Zellen\" width=\"383\" height=\"276\"><\/figure><\/div><p> In diesem Tutorial werden wir die verschiedenen Methoden entdecken, die Sie verwenden k\u00f6nnen.<\/p><h2 class=\"wp-block-heading\"> Vergleichen Sie zwei Zellen mit dem Gleichheitsoperator<\/h2><ol type=\"1\"><li> Geben Sie zun\u00e4chst in Zelle C1 den Gleichheitsoperator ein, um die Formel zu starten.<\/li><li> Schauen Sie sich danach Zelle A1 an, in der wir die ersten Werte haben.<\/li><li> Geben Sie als N\u00e4chstes den Gleichheitsoperator ein, um die Zellwerte zu vergleichen.<\/li><li> Beziehen Sie sich nun auf Zelle B1, in der Sie den zweiten Wert haben.<\/li><li> Dr\u00fccken Sie am Ende die Eingabetaste, um das Ergebnis zu erhalten. <\/li><\/ol><div class=\"wp-block-image\"><figure class=\"aligncenter size-full is-resized\"><img loading=\"lazy\" decoding=\"async\" class=\"wp-image-70596\" src=\"https:\/\/exceladvisor.org\/wp-content\/uploads\/2023\/08\/2-comparer-les-cellules-en-utilisant-loperateur-egal.png\" sizes=\"auto, \" srcset=\"\" alt=\"Vergleichen Sie Zellen mit dem Gleichheitsoperator\" width=\"394\" height=\"283\"><\/figure><\/div><p> Wie Sie sehen, haben wir im Ergebnis FALSE, was bedeutet, dass die beiden Werte in den Zellen nicht gleich sind. Wenn Sie jedoch den Wert der Zelle B1 auf \u201eJa\u201c \u00e4ndern, erhalten Sie im Ergebnis TRUE. <\/p><div class=\"wp-block-image\"><figure class=\"aligncenter size-full is-resized\"><img loading=\"lazy\" decoding=\"async\" class=\"wp-image-70597\" src=\"https:\/\/exceladvisor.org\/wp-content\/uploads\/2023\/08\/Resultat-de-3-cellules-comparees.png\" sizes=\"auto, \" srcset=\"\" alt=\"Ergebnis der verglichenen Zellen\" width=\"417\" height=\"277\"><\/figure><\/div><p> Es ist daher eine schnelle und einfache M\u00f6glichkeit, zwei Zellen zu vergleichen und das Ergebnis WAHR oder FALSCH zu erhalten.<\/p><pre class=\"wp-block-code\"> <code class=\"language-excel-formula\" lang=\"excel-formula\">=A1=B1<\/code><\/pre><h2 class=\"wp-block-heading\"> Verwenden Sie die Funktion EXACT, um die Textwerte zweier Zellen abzugleichen<\/h2><p> Es gibt auch eine Funktion in Excel, die Sie verwenden k\u00f6nnen, und sie ist GENAU. Mit der EXACT-Funktion gleichen Sie die Textwerte zweier Zellen ab und Sie k\u00f6nnen auf die Zellen verweisen, die Sie vergleichen m\u00f6chten. Im Ergebnis wird TRUE oder FALSE zur\u00fcckgegeben.<\/p><p> Wir verwenden das gleiche Beispiel:<\/p><ol type=\"1\"><li> Geben Sie zun\u00e4chst in Zelle C1 die Funktion EXACT ein.<\/li><li> Beziehen Sie sich danach auf Zelle A1.<\/li><li> Geben Sie dann einen Befehl ein.<\/li><li> Beziehen Sie sich nun auf Zelle B1.<\/li><li> Geben Sie am Ende die schlie\u00dfenden Klammern ein und dr\u00fccken Sie die Eingabetaste, um das Ergebnis zu erhalten. <\/li><\/ol><div class=\"wp-block-image\"><figure class=\"aligncenter size-full is-resized\"><img loading=\"lazy\" decoding=\"async\" class=\"wp-image-70598\" src=\"https:\/\/exceladvisor.org\/wp-content\/uploads\/2023\/08\/4-fonctions-exactes-a-comparer.png\" sizes=\"auto, \" srcset=\"\" alt=\"genaue-funktion-zu-vergleichen\" width=\"446\" height=\"252\"><\/figure><\/div><p> Sie k\u00f6nnen sehen, dass wir im Ergebnis FALSE haben, weil die Werte in den Zellen A1 und B1 nicht gleich sind.<\/p><pre class=\"wp-block-code\"> <code class=\"language-excel-formula\" lang=\"excel-formula\">=EXACT(A1,B1)<\/code><\/pre><h2 class=\"wp-block-heading\"> Verwenden der Funktion \u201eIF Create Condition\u201c zum Vergleichen zweier Werte<\/h2><p> Bei beiden oben besprochenen Methoden erhalten wir das Ergebnis WAHR oder FALSCH, aber was ist, wenn Sie f\u00fcr beide F\u00e4lle ein benutzerdefiniertes Ergebnis haben m\u00f6chten? In diesem Fall k\u00f6nnen Sie die IF-Funktion verwenden, um eine Bedingung zu erstellen und ein benutzerdefiniertes Ergebnis zu erhalten.<\/p><ol type=\"1\"><li> Geben Sie zun\u00e4chst in Zelle C1 die IF-Funktion ein.<\/li><li> Verwenden Sie anschlie\u00dfend dieselbe Methode zum Vergleichen von Zellen wie bei der ersten Methode.<\/li><li> Geben Sie dann im zweiten Argument der Funktion den Wert ein, den Sie erhalten m\u00f6chten, wenn die beiden Werte \u00fcbereinstimmen.<\/li><li> Geben Sie nun im dritten Argument der Funktion den Wert ein, den Sie erhalten m\u00f6chten, wenn die beiden Werte nicht \u00fcbereinstimmen.<\/li><li> Geben Sie am Ende die schlie\u00dfenden Klammern ein und schlie\u00dfen Sie die Funktion. <\/li><\/ol><div class=\"wp-block-image\"><figure class=\"aligncenter size-full is-resized\"><img loading=\"lazy\" decoding=\"async\" class=\"wp-image-70599\" src=\"https:\/\/exceladvisor.org\/wp-content\/uploads\/2023\/08\/5-utilisation-si-comparaison-de-cellules.png\" sizes=\"auto, \" srcset=\"\" alt=\"Verwenden-wenn-Vergleichszellen\" width=\"537\" height=\"252\"><\/figure><\/div><p> Wie Sie sehen, haben wir im Ergebnis den Wert \u201eKeine \u00dcbereinstimmung\u201c, da die Werte der beiden Zellen nicht gleich sind.<\/p><pre class=\"wp-block-code\"> <code class=\"language-excel-formula\" lang=\"excel-formula\">=IF(A1=B1,\"Matched\",\"Not Matched\")<\/code><\/pre><div class=\"gb-container gb-container-52dfcee1 gb-container-sample-file\"><h2 class=\"gb-headline gb-headline-e289c143 gb-headline-text gb-headline-4f7959c2\"> Holen Sie sich die Excel-Datei<\/h2> <a class=\"gb-button gb-button-e88d6bee gb-button-text gb-button-button1\" href=\"https:\/\/exceladvisor.org\/wp-content\/uploads\/2023\/11\/9-comparer-deux-cellules.xlsx\" rel=\"nofollow\">Herunterladen<\/a><\/div><div class=\"gb-container gb-container-0df56012 gb-container-mt\"> <a class=\"gb-button gb-button-f9f432f4 gb-button-text gb-button-mt-button\" href=\"https:\/\/exceladvisor.org\/de\/formeln\/\">Liste der Excel-Formeln<\/a><h2 class=\"gb-headline gb-headline-233444e8 gb-headline-text gb-headline-mt-heading\"> Verwandte Formeln <\/h2><div class=\"gb-grid-wrapper gb-grid-wrapper-a16fa65c gb-grid-wrapper-mt-grid\"><div class=\"gb-grid-column gb-grid-column-50d07e0d\"><div class=\"gb-container gb-container-50d07e0d\"><ul><li> <a href=\"https:\/\/exceladvisor.org\/de\/bedingtes-ranking-summenproduktrang-wenn\/\">Bedingtes Ranking in Excel mit der Funktion SUMPRODUCT [RANKIF].<\/a><\/li><li> <a href=\"https:\/\/exceladvisor.org\/de\/zustand-im-gesamtprodukt\/\">SUMPRODUCT IF zum Erstellen einer bedingten Formel in Excel<\/a> <\/li><\/ul><\/div><\/div><div class=\"gb-grid-column gb-grid-column-5b4a0cf9\"><div class=\"gb-container gb-container-5b4a0cf9\"><\/div><\/div><\/div><\/div>","protected":false},"excerpt":{"rendered":"","protected":false},"author":1,"featured_media":0,"parent":0,"menu_order":0,"comment_status":"open","ping_status":"closed","template":"","meta":{"ub_ctt_via":"","footnotes":""},"class_list":["post-3246","page","type-page","status-publish","hentry"],"featured_image_src":null,"yoast_head":"<!-- This site is optimized with the Yoast SEO plugin v25.4 - https:\/\/yoast.com\/wordpress\/plugins\/seo\/ -->\n<title>Wie vergleiche ich zwei Zellen in Excel? - Excel-Berater<\/title>\n<meta name=\"description\" content=\"In diesem Formel-Tutorial erfahren Sie, wie Sie zwei Zellen miteinander vergleichen. Sie lernen auch eine Funktion daf\u00fcr...\" \/>\n<meta name=\"robots\" content=\"index, follow, max-snippet:-1, max-image-preview:large, max-video-preview:-1\" \/>\n<link rel=\"canonical\" href=\"https:\/\/exceladvisor.org\/de\/vergleichen-sie-zwei-zellen\/\" \/>\n<meta property=\"og:locale\" content=\"de_DE\" \/>\n<meta property=\"og:type\" content=\"article\" \/>\n<meta property=\"og:title\" content=\"Wie vergleiche ich zwei Zellen in Excel? - Excel-Berater\" \/>\n<meta property=\"og:description\" content=\"In diesem Formel-Tutorial erfahren Sie, wie Sie zwei Zellen miteinander vergleichen. Sie lernen auch eine Funktion daf\u00fcr...\" \/>\n<meta property=\"og:url\" content=\"https:\/\/exceladvisor.org\/de\/vergleichen-sie-zwei-zellen\/\" \/>\n<meta property=\"og:site_name\" content=\"Excel Advisor\" \/>\n<meta property=\"article:modified_time\" content=\"2023-12-03T13:05:24+00:00\" \/>\n<meta property=\"og:image\" content=\"https:\/\/exceladvisor.org\/wp-content\/uploads\/2023\/08\/1-comparer-deux-cellules.png\" \/>\n<meta name=\"twitter:card\" content=\"summary_large_image\" \/>\n<meta name=\"twitter:label1\" content=\"Gesch\u00e4tzte Lesezeit\" \/>\n\t<meta name=\"twitter:data1\" content=\"3\u00a0Minuten\" \/>\n<script type=\"application\/ld+json\" class=\"yoast-schema-graph\">{\"@context\":\"https:\/\/schema.org\",\"@graph\":[{\"@type\":\"WebPage\",\"@id\":\"https:\/\/exceladvisor.org\/de\/vergleichen-sie-zwei-zellen\/\",\"url\":\"https:\/\/exceladvisor.org\/de\/vergleichen-sie-zwei-zellen\/\",\"name\":\"Wie vergleiche ich zwei Zellen in Excel? - Excel-Berater\",\"isPartOf\":{\"@id\":\"https:\/\/exceladvisor.org\/de\/#website\"},\"primaryImageOfPage\":{\"@id\":\"https:\/\/exceladvisor.org\/de\/vergleichen-sie-zwei-zellen\/#primaryimage\"},\"image\":{\"@id\":\"https:\/\/exceladvisor.org\/de\/vergleichen-sie-zwei-zellen\/#primaryimage\"},\"thumbnailUrl\":\"https:\/\/exceladvisor.org\/wp-content\/uploads\/2023\/08\/1-comparer-deux-cellules.png\",\"datePublished\":\"2023-11-06T23:45:43+00:00\",\"dateModified\":\"2023-12-03T13:05:24+00:00\",\"description\":\"In diesem Formel-Tutorial erfahren Sie, wie Sie zwei Zellen miteinander vergleichen. Sie lernen auch eine Funktion daf\u00fcr...\",\"breadcrumb\":{\"@id\":\"https:\/\/exceladvisor.org\/de\/vergleichen-sie-zwei-zellen\/#breadcrumb\"},\"inLanguage\":\"de\",\"potentialAction\":[{\"@type\":\"ReadAction\",\"target\":[\"https:\/\/exceladvisor.org\/de\/vergleichen-sie-zwei-zellen\/\"]}]},{\"@type\":\"ImageObject\",\"inLanguage\":\"de\",\"@id\":\"https:\/\/exceladvisor.org\/de\/vergleichen-sie-zwei-zellen\/#primaryimage\",\"url\":\"https:\/\/exceladvisor.org\/wp-content\/uploads\/2023\/08\/1-comparer-deux-cellules.png\",\"contentUrl\":\"https:\/\/exceladvisor.org\/wp-content\/uploads\/2023\/08\/1-comparer-deux-cellules.png\"},{\"@type\":\"BreadcrumbList\",\"@id\":\"https:\/\/exceladvisor.org\/de\/vergleichen-sie-zwei-zellen\/#breadcrumb\",\"itemListElement\":[{\"@type\":\"ListItem\",\"position\":1,\"name\":\"Accueil\",\"item\":\"https:\/\/exceladvisor.org\/de\/\"},{\"@type\":\"ListItem\",\"position\":2,\"name\":\"Wie vergleiche ich zwei zellen in excel?\"}]},{\"@type\":\"WebSite\",\"@id\":\"https:\/\/exceladvisor.org\/de\/#website\",\"url\":\"https:\/\/exceladvisor.org\/de\/\",\"name\":\"Excel Advisor\",\"description\":\"Ihr Leitfaden zur Datendominanz\",\"publisher\":{\"@id\":\"https:\/\/exceladvisor.org\/de\/#organization\"},\"potentialAction\":[{\"@type\":\"SearchAction\",\"target\":{\"@type\":\"EntryPoint\",\"urlTemplate\":\"https:\/\/exceladvisor.org\/de\/?s={search_term_string}\"},\"query-input\":{\"@type\":\"PropertyValueSpecification\",\"valueRequired\":true,\"valueName\":\"search_term_string\"}}],\"inLanguage\":\"de\"},{\"@type\":\"Organization\",\"@id\":\"https:\/\/exceladvisor.org\/de\/#organization\",\"name\":\"Excel Advisor\",\"url\":\"https:\/\/exceladvisor.org\/de\/\",\"logo\":{\"@type\":\"ImageObject\",\"inLanguage\":\"de\",\"@id\":\"https:\/\/exceladvisor.org\/de\/#\/schema\/logo\/image\/\",\"url\":\"https:\/\/exceladvisor.org\/de\/wp-content\/uploads\/2023\/11\/exceladvisor.org_.png\",\"contentUrl\":\"https:\/\/exceladvisor.org\/de\/wp-content\/uploads\/2023\/11\/exceladvisor.org_.png\",\"width\":105,\"height\":36,\"caption\":\"Excel Advisor\"},\"image\":{\"@id\":\"https:\/\/exceladvisor.org\/de\/#\/schema\/logo\/image\/\"}}]}<\/script>\n<!-- \/ Yoast SEO plugin. -->","yoast_head_json":{"title":"Wie vergleiche ich zwei Zellen in Excel? - Excel-Berater","description":"In diesem Formel-Tutorial erfahren Sie, wie Sie zwei Zellen miteinander vergleichen. Sie lernen auch eine Funktion daf\u00fcr...","robots":{"index":"index","follow":"follow","max-snippet":"max-snippet:-1","max-image-preview":"max-image-preview:large","max-video-preview":"max-video-preview:-1"},"canonical":"https:\/\/exceladvisor.org\/de\/vergleichen-sie-zwei-zellen\/","og_locale":"de_DE","og_type":"article","og_title":"Wie vergleiche ich zwei Zellen in Excel? - Excel-Berater","og_description":"In diesem Formel-Tutorial erfahren Sie, wie Sie zwei Zellen miteinander vergleichen. Sie lernen auch eine Funktion daf\u00fcr...","og_url":"https:\/\/exceladvisor.org\/de\/vergleichen-sie-zwei-zellen\/","og_site_name":"Excel Advisor","article_modified_time":"2023-12-03T13:05:24+00:00","og_image":[{"url":"https:\/\/exceladvisor.org\/wp-content\/uploads\/2023\/08\/1-comparer-deux-cellules.png","type":"","width":"","height":""}],"twitter_card":"summary_large_image","twitter_misc":{"Gesch\u00e4tzte Lesezeit":"3\u00a0Minuten"},"schema":{"@context":"https:\/\/schema.org","@graph":[{"@type":"WebPage","@id":"https:\/\/exceladvisor.org\/de\/vergleichen-sie-zwei-zellen\/","url":"https:\/\/exceladvisor.org\/de\/vergleichen-sie-zwei-zellen\/","name":"Wie vergleiche ich zwei Zellen in Excel? - Excel-Berater","isPartOf":{"@id":"https:\/\/exceladvisor.org\/de\/#website"},"primaryImageOfPage":{"@id":"https:\/\/exceladvisor.org\/de\/vergleichen-sie-zwei-zellen\/#primaryimage"},"image":{"@id":"https:\/\/exceladvisor.org\/de\/vergleichen-sie-zwei-zellen\/#primaryimage"},"thumbnailUrl":"https:\/\/exceladvisor.org\/wp-content\/uploads\/2023\/08\/1-comparer-deux-cellules.png","datePublished":"2023-11-06T23:45:43+00:00","dateModified":"2023-12-03T13:05:24+00:00","description":"In diesem Formel-Tutorial erfahren Sie, wie Sie zwei Zellen miteinander vergleichen. Sie lernen auch eine Funktion daf\u00fcr...","breadcrumb":{"@id":"https:\/\/exceladvisor.org\/de\/vergleichen-sie-zwei-zellen\/#breadcrumb"},"inLanguage":"de","potentialAction":[{"@type":"ReadAction","target":["https:\/\/exceladvisor.org\/de\/vergleichen-sie-zwei-zellen\/"]}]},{"@type":"ImageObject","inLanguage":"de","@id":"https:\/\/exceladvisor.org\/de\/vergleichen-sie-zwei-zellen\/#primaryimage","url":"https:\/\/exceladvisor.org\/wp-content\/uploads\/2023\/08\/1-comparer-deux-cellules.png","contentUrl":"https:\/\/exceladvisor.org\/wp-content\/uploads\/2023\/08\/1-comparer-deux-cellules.png"},{"@type":"BreadcrumbList","@id":"https:\/\/exceladvisor.org\/de\/vergleichen-sie-zwei-zellen\/#breadcrumb","itemListElement":[{"@type":"ListItem","position":1,"name":"Accueil","item":"https:\/\/exceladvisor.org\/de\/"},{"@type":"ListItem","position":2,"name":"Wie vergleiche ich zwei zellen in excel?"}]},{"@type":"WebSite","@id":"https:\/\/exceladvisor.org\/de\/#website","url":"https:\/\/exceladvisor.org\/de\/","name":"Excel Advisor","description":"Ihr Leitfaden zur Datendominanz","publisher":{"@id":"https:\/\/exceladvisor.org\/de\/#organization"},"potentialAction":[{"@type":"SearchAction","target":{"@type":"EntryPoint","urlTemplate":"https:\/\/exceladvisor.org\/de\/?s={search_term_string}"},"query-input":{"@type":"PropertyValueSpecification","valueRequired":true,"valueName":"search_term_string"}}],"inLanguage":"de"},{"@type":"Organization","@id":"https:\/\/exceladvisor.org\/de\/#organization","name":"Excel Advisor","url":"https:\/\/exceladvisor.org\/de\/","logo":{"@type":"ImageObject","inLanguage":"de","@id":"https:\/\/exceladvisor.org\/de\/#\/schema\/logo\/image\/","url":"https:\/\/exceladvisor.org\/de\/wp-content\/uploads\/2023\/11\/exceladvisor.org_.png","contentUrl":"https:\/\/exceladvisor.org\/de\/wp-content\/uploads\/2023\/11\/exceladvisor.org_.png","width":105,"height":36,"caption":"Excel Advisor"},"image":{"@id":"https:\/\/exceladvisor.org\/de\/#\/schema\/logo\/image\/"}}]}},"yoast_meta":{"yoast_wpseo_title":"","yoast_wpseo_metadesc":"","yoast_wpseo_canonical":""},"_links":{"self":[{"href":"https:\/\/exceladvisor.org\/de\/wp-json\/wp\/v2\/pages\/3246","targetHints":{"allow":["GET"]}}],"collection":[{"href":"https:\/\/exceladvisor.org\/de\/wp-json\/wp\/v2\/pages"}],"about":[{"href":"https:\/\/exceladvisor.org\/de\/wp-json\/wp\/v2\/types\/page"}],"author":[{"embeddable":true,"href":"https:\/\/exceladvisor.org\/de\/wp-json\/wp\/v2\/users\/1"}],"replies":[{"embeddable":true,"href":"https:\/\/exceladvisor.org\/de\/wp-json\/wp\/v2\/comments?post=3246"}],"version-history":[{"count":1,"href":"https:\/\/exceladvisor.org\/de\/wp-json\/wp\/v2\/pages\/3246\/revisions"}],"predecessor-version":[{"id":4214,"href":"https:\/\/exceladvisor.org\/de\/wp-json\/wp\/v2\/pages\/3246\/revisions\/4214"}],"wp:attachment":[{"href":"https:\/\/exceladvisor.org\/de\/wp-json\/wp\/v2\/media?parent=3246"}],"curies":[{"name":"wp","href":"https:\/\/api.w.org\/{rel}","templated":true}]}}