{"id":3247,"date":"2023-11-06T23:37:18","date_gmt":"2023-11-06T23:37:18","guid":{"rendered":"https:\/\/exceladvisor.org\/de\/auf-den-nachsten-tausender-runden\/"},"modified":"2023-12-03T13:04:47","modified_gmt":"2023-12-03T13:04:47","slug":"auf-den-nachsten-tausender-runden","status":"publish","type":"page","link":"https:\/\/exceladvisor.org\/de\/auf-den-nachsten-tausender-runden\/","title":{"rendered":"Wie rundet man eine zahl auf die n\u00e4chsten 100 und 10?"},"content":{"rendered":"<div class=\"excel-vor-dem-inhalt\" id=\"excel-1470587405\"><script type=\"text\/javascript\">\r\n\tatOptions = {\r\n\t\t'key' : 'c1158f160081d6540a8409e6925dab94',\r\n\t\t'format' : 'iframe',\r\n\t\t'height' : 250,\r\n\t\t'width' : 300,\r\n\t\t'params' : {}\r\n\t};\r\n<\/script>\r\n<script type=\"text\/javascript\" src=\"\/\/www.highperformanceformat.com\/c1158f160081d6540a8409e6925dab94\/invoke.js\"><\/script><\/div> <p>Wenn Sie zu den Menschen geh\u00f6ren, die mit statistischen Daten arbeiten oder viele Daten analysieren, k\u00f6nnte diese Formel in vielerlei Hinsicht n\u00fctzlich f\u00fcr Sie sein. Hier lernen wir, wie man eine Zahl auf die n\u00e4chsten 1000, 100 und 10 rundet.<\/p><h2 class=\"wp-block-heading\"> Runden Sie eine Zahl auf die n\u00e4chsten Tausend<\/h2><p> In Excel gibt es eine Funktion namens ROUND, mit der Sie eine Zahl auf die n\u00e4chsten Tausend runden k\u00f6nnen. Hier habe ich die Zahl \u201e123456789\u201c und m\u00f6chte diese Zahl runden. <\/p><div class=\"wp-block-image\"><figure class=\"aligncenter size-full is-resized\"><img loading=\"lazy\" decoding=\"async\" class=\"wp-image-67143\" src=\"https:\/\/exceladvisor.org\/wp-content\/uploads\/2023\/08\/1-cellule-avec-valeur-numerique.png\" sizes=\"auto, \" srcset=\"\" alt=\"Zelle mit numerischem Wert\" width=\"457\" height=\"175\"><\/figure><\/div><p> Sie k\u00f6nnen die folgenden Schritte verwenden.<\/p><ol type=\"1\"><li> <a href=\"https:\/\/exceladvisor.org\/de\/zelle-bearbeiten\/\">Bearbeiten Sie zun\u00e4chst Zelle<\/a> B1 und beginnen Sie mit der Eingabe der ROUND-Funktion \u201e=ROUND(\u201c.<\/li><li> Schauen Sie sich nun Zelle A1 an, in der sich die Zahl befindet, die Sie runden m\u00f6chten.<\/li><li> Geben Sie dann im zweiten Argument -3 ein.<\/li><li> Geben Sie am Ende die schlie\u00dfende Klammer ein und dr\u00fccken Sie die Eingabetaste, um das Ergebnis zu erhalten. <\/li><\/ol><div class=\"wp-block-image\"><figure class=\"aligncenter size-full is-resized\"><img loading=\"lazy\" decoding=\"async\" class=\"wp-image-67144\" src=\"https:\/\/exceladvisor.org\/wp-content\/uploads\/2023\/08\/2-fonction-darrondi-au-1000-le-plus-proche.png\" sizes=\"auto, \" srcset=\"\" alt=\"Rundungsfunktion auf die n\u00e4chsten 1000\" width=\"522\" height=\"209\"><\/figure><\/div><pre class=\"wp-block-code\"> <code class=\"language-excel-formula\" lang=\"excel-formula\">=ROUND(A1,-3)<\/code><\/pre><p> Sobald Sie die Eingabetaste dr\u00fccken, wird 123457000 zur\u00fcckgegeben, was dann auf die 1000er-Version von 123456789 gerundet wird. Da Sie die letzten vier Ziffern 6789 haben, wurde es auf 7000 gerundet. <\/p><div class=\"wp-block-image\"><figure class=\"aligncenter size-full is-resized\"><img loading=\"lazy\" decoding=\"async\" class=\"wp-image-67145\" src=\"https:\/\/exceladvisor.org\/wp-content\/uploads\/2023\/08\/Resultat-de-la-fonction-3-tours.png\" sizes=\"auto, \" srcset=\"\" alt=\"Ergebnis der Rundungsfunktion\" width=\"544\" height=\"178\"><\/figure><\/div><p> Wenn Sie diese Zahl jedoch in 123456489 \u00e4ndern und am Ende 6489 haben, rundet dieselbe Funktion sie auf 123456000. <\/p><div class=\"wp-block-image\"><figure class=\"aligncenter size-full is-resized\"><img loading=\"lazy\" decoding=\"async\" class=\"wp-image-67146\" src=\"https:\/\/exceladvisor.org\/wp-content\/uploads\/2023\/08\/4-types-de-resultats-de-fonction-ronde.png\" sizes=\"auto, \" srcset=\"\" alt=\"Round-Function-Result-Types\" width=\"534\" height=\"192\"><\/figure><\/div><p> Die ROUND-Funktion ist intelligent genug, um zu erkennen, auf welche Seite die Zahl gerundet werden soll. Es kann jedoch vorkommen, dass Sie eine Zahl auf die n\u00e4chsten Tausend abrunden oder aufrunden m\u00fcssen.<\/p><pre class=\"wp-block-code\"> <code class=\"language-excel-formula\" lang=\"excel-formula\">=ROUNDDOWN(123456789,-3) = 123456000 =ROUNDUP(123456489,-3) = 123457000<\/code><\/pre><h2 class=\"wp-block-heading\"> Andere Methoden zum Runden einer Zahl auf die n\u00e4chsten Tausend<\/h2><p> Es gibt mehrere M\u00f6glichkeiten, es zu verwenden:<\/p><ul><li> <strong>FLOOR-Funktion<\/strong> : FLOOR(123456789,1000) = 123457000<ul><li> In dieser Funktion m\u00fcssen Sie eine positive 1000 verwenden, um eine positive Zahl zu runden, und eine negative -1000, um eine negative Zahl zu runden.<\/li><\/ul><\/li><li> <strong>CEILING-Funktion<\/strong> : CEILING (C1,1000) = 123457000<ul><li> In dieser Funktion m\u00fcssen Sie eine positive 1000 verwenden, um eine positive Zahl zu runden, und eine negative -1000, um eine negative Zahl zu runden.<\/li><\/ul><\/li><\/ul><h2 class=\"wp-block-heading\"> Eine Zahl auf die n\u00e4chste 100 runden<\/h2><p> Ebenso k\u00f6nnen Sie die ROUND-Funktion verwenden, um eine Zahl auf die n\u00e4chsten Hundert zu runden. Verwenden Sie dazu einfach -2 im Argument num_digit. <\/p><pre class=\"wp-block-code\"> <code class=\"language-excel-formula\" lang=\"excel-formula\">=ROUND(A1,-2)<\/code><\/pre><div class=\"wp-block-image\"><figure class=\"aligncenter size-full is-resized\"><img loading=\"lazy\" decoding=\"async\" class=\"wp-image-67147\" src=\"https:\/\/exceladvisor.org\/wp-content\/uploads\/2023\/08\/5-arrondir-un-nombre-au-100-le-plus-proche.png\" sizes=\"auto, \" srcset=\"\" alt=\"Zahl-auf-die-n\u00e4chste-100-gerundet\" width=\"466\" height=\"201\"><\/figure><\/div><h2 class=\"wp-block-heading\"> Eine Zahl auf die n\u00e4chste 10 runden<\/h2><p> Und wenn Sie eine Zahl auf die n\u00e4chste Zehnerrunde runden m\u00f6chten, verwenden Sie die ROUND-Funktion wie folgt. <\/p><div class=\"wp-block-image\"><figure class=\"aligncenter size-full is-resized\"><img loading=\"lazy\" decoding=\"async\" class=\"wp-image-67148\" src=\"https:\/\/exceladvisor.org\/wp-content\/uploads\/2023\/08\/6-arrondir-un-nombre-au-10-le-plus-proche.png\" sizes=\"auto, \" srcset=\"\" alt=\"Runden Sie eine Zahl auf die n\u00e4chste 10\" width=\"483\" height=\"189\"><\/figure><\/div><pre class=\"wp-block-code\"> <code class=\"language-excel-formula\" lang=\"excel-formula\">=ROUND(A1,-1)<\/code><\/pre><div class=\"gb-container gb-container-52dfcee1 gb-container-sample-file\"><h2 class=\"gb-headline gb-headline-e289c143 gb-headline-text gb-headline-4f7959c2\"> Holen Sie sich die Excel-Datei<\/h2><p> <a class=\"gb-button gb-button-e88d6bee gb-button-text gb-button-button1\" href=\"https:\/\/exceladvisor.org\/wp-content\/uploads\/2023\/11\/arrondir-au-millier-le-plus-proche-100-10.xlsx\" rel=\"nofollow\">Herunterladen<\/a><\/p><\/div><div class=\"gb-container gb-container-0df56012 gb-container-mt\"> <a class=\"gb-button gb-button-f9f432f4 gb-button-text gb-button-mt-button\" href=\"https:\/\/exceladvisor.org\/de\/formeln\/\">Liste der Excel-Formeln<\/a><h2 class=\"gb-headline gb-headline-233444e8 gb-headline-text gb-headline-mt-heading\"> Verwandte Formeln <\/h2><div class=\"gb-grid-wrapper gb-grid-wrapper-a16fa65c gb-grid-wrapper-mt-grid\"><div class=\"gb-grid-column gb-grid-column-50d07e0d\"><div class=\"gb-container gb-container-50d07e0d\"><ul><li> <a href=\"https:\/\/exceladvisor.org\/de\/auf-die-nachste-5-runden\/\">Runden Sie in Excel auf die n\u00e4chste 0,5, 5,50 (unten-oben).<\/a><\/li><li> <a href=\"https:\/\/exceladvisor.org\/de\/runder-prozentsatz-2\/\">Runde Werte in Prozent<\/a> <\/li><\/ul><\/div><\/div><div class=\"gb-grid-column gb-grid-column-5b4a0cf9\"><div class=\"gb-container gb-container-5b4a0cf9\"><\/div><\/div><\/div><\/div>","protected":false},"excerpt":{"rendered":"","protected":false},"author":1,"featured_media":0,"parent":0,"menu_order":0,"comment_status":"open","ping_status":"closed","template":"","meta":{"ub_ctt_via":"","footnotes":""},"class_list":["post-3247","page","type-page","status-publish","hentry"],"featured_image_src":null,"yoast_head":"<!-- This site is optimized with the Yoast SEO plugin v25.4 - https:\/\/yoast.com\/wordpress\/plugins\/seo\/ -->\n<title>Wie rundet man eine Zahl auf die n\u00e4chsten 100 und 10?<\/title>\n<meta name=\"description\" content=\"In diesem Tutorial lernen Sie verschiedene M\u00f6glichkeiten kennen, eine Zahl in Excel mit verschiedenen Methoden auf die n\u00e4chsten 1000, 100 und 10 zu runden\" \/>\n<meta name=\"robots\" content=\"index, follow, max-snippet:-1, max-image-preview:large, max-video-preview:-1\" \/>\n<link rel=\"canonical\" href=\"https:\/\/exceladvisor.org\/de\/auf-den-nachsten-tausender-runden\/\" \/>\n<meta property=\"og:locale\" content=\"de_DE\" \/>\n<meta property=\"og:type\" content=\"article\" \/>\n<meta property=\"og:title\" content=\"Wie rundet man eine Zahl auf die n\u00e4chsten 100 und 10?\" \/>\n<meta property=\"og:description\" content=\"In diesem Tutorial lernen Sie verschiedene M\u00f6glichkeiten kennen, eine Zahl in Excel mit verschiedenen Methoden auf die n\u00e4chsten 1000, 100 und 10 zu runden\" \/>\n<meta property=\"og:url\" content=\"https:\/\/exceladvisor.org\/de\/auf-den-nachsten-tausender-runden\/\" \/>\n<meta property=\"og:site_name\" content=\"Excel Advisor\" \/>\n<meta property=\"article:modified_time\" content=\"2023-12-03T13:04:47+00:00\" \/>\n<meta property=\"og:image\" content=\"https:\/\/exceladvisor.org\/wp-content\/uploads\/2023\/08\/1-cellule-avec-valeur-numerique.png\" \/>\n<meta name=\"twitter:card\" content=\"summary_large_image\" \/>\n<meta name=\"twitter:label1\" content=\"Gesch\u00e4tzte Lesezeit\" \/>\n\t<meta name=\"twitter:data1\" content=\"2\u00a0Minuten\" \/>\n<script type=\"application\/ld+json\" class=\"yoast-schema-graph\">{\"@context\":\"https:\/\/schema.org\",\"@graph\":[{\"@type\":\"WebPage\",\"@id\":\"https:\/\/exceladvisor.org\/de\/auf-den-nachsten-tausender-runden\/\",\"url\":\"https:\/\/exceladvisor.org\/de\/auf-den-nachsten-tausender-runden\/\",\"name\":\"Wie rundet man eine Zahl auf die n\u00e4chsten 100 und 10?\",\"isPartOf\":{\"@id\":\"https:\/\/exceladvisor.org\/de\/#website\"},\"primaryImageOfPage\":{\"@id\":\"https:\/\/exceladvisor.org\/de\/auf-den-nachsten-tausender-runden\/#primaryimage\"},\"image\":{\"@id\":\"https:\/\/exceladvisor.org\/de\/auf-den-nachsten-tausender-runden\/#primaryimage\"},\"thumbnailUrl\":\"https:\/\/exceladvisor.org\/wp-content\/uploads\/2023\/08\/1-cellule-avec-valeur-numerique.png\",\"datePublished\":\"2023-11-06T23:37:18+00:00\",\"dateModified\":\"2023-12-03T13:04:47+00:00\",\"description\":\"In diesem Tutorial lernen Sie verschiedene M\u00f6glichkeiten kennen, eine Zahl in Excel mit verschiedenen Methoden auf die n\u00e4chsten 1000, 100 und 10 zu runden\",\"breadcrumb\":{\"@id\":\"https:\/\/exceladvisor.org\/de\/auf-den-nachsten-tausender-runden\/#breadcrumb\"},\"inLanguage\":\"de\",\"potentialAction\":[{\"@type\":\"ReadAction\",\"target\":[\"https:\/\/exceladvisor.org\/de\/auf-den-nachsten-tausender-runden\/\"]}]},{\"@type\":\"ImageObject\",\"inLanguage\":\"de\",\"@id\":\"https:\/\/exceladvisor.org\/de\/auf-den-nachsten-tausender-runden\/#primaryimage\",\"url\":\"https:\/\/exceladvisor.org\/wp-content\/uploads\/2023\/08\/1-cellule-avec-valeur-numerique.png\",\"contentUrl\":\"https:\/\/exceladvisor.org\/wp-content\/uploads\/2023\/08\/1-cellule-avec-valeur-numerique.png\"},{\"@type\":\"BreadcrumbList\",\"@id\":\"https:\/\/exceladvisor.org\/de\/auf-den-nachsten-tausender-runden\/#breadcrumb\",\"itemListElement\":[{\"@type\":\"ListItem\",\"position\":1,\"name\":\"Accueil\",\"item\":\"https:\/\/exceladvisor.org\/de\/\"},{\"@type\":\"ListItem\",\"position\":2,\"name\":\"Wie rundet man eine zahl auf die n\u00e4chsten 100 und 10?\"}]},{\"@type\":\"WebSite\",\"@id\":\"https:\/\/exceladvisor.org\/de\/#website\",\"url\":\"https:\/\/exceladvisor.org\/de\/\",\"name\":\"Excel Advisor\",\"description\":\"Ihr Leitfaden zur Datendominanz\",\"publisher\":{\"@id\":\"https:\/\/exceladvisor.org\/de\/#organization\"},\"potentialAction\":[{\"@type\":\"SearchAction\",\"target\":{\"@type\":\"EntryPoint\",\"urlTemplate\":\"https:\/\/exceladvisor.org\/de\/?s={search_term_string}\"},\"query-input\":{\"@type\":\"PropertyValueSpecification\",\"valueRequired\":true,\"valueName\":\"search_term_string\"}}],\"inLanguage\":\"de\"},{\"@type\":\"Organization\",\"@id\":\"https:\/\/exceladvisor.org\/de\/#organization\",\"name\":\"Excel Advisor\",\"url\":\"https:\/\/exceladvisor.org\/de\/\",\"logo\":{\"@type\":\"ImageObject\",\"inLanguage\":\"de\",\"@id\":\"https:\/\/exceladvisor.org\/de\/#\/schema\/logo\/image\/\",\"url\":\"https:\/\/exceladvisor.org\/de\/wp-content\/uploads\/2023\/11\/exceladvisor.org_.png\",\"contentUrl\":\"https:\/\/exceladvisor.org\/de\/wp-content\/uploads\/2023\/11\/exceladvisor.org_.png\",\"width\":105,\"height\":36,\"caption\":\"Excel Advisor\"},\"image\":{\"@id\":\"https:\/\/exceladvisor.org\/de\/#\/schema\/logo\/image\/\"}}]}<\/script>\n<!-- \/ Yoast SEO plugin. -->","yoast_head_json":{"title":"Wie rundet man eine Zahl auf die n\u00e4chsten 100 und 10?","description":"In diesem Tutorial lernen Sie verschiedene M\u00f6glichkeiten kennen, eine Zahl in Excel mit verschiedenen Methoden auf die n\u00e4chsten 1000, 100 und 10 zu runden","robots":{"index":"index","follow":"follow","max-snippet":"max-snippet:-1","max-image-preview":"max-image-preview:large","max-video-preview":"max-video-preview:-1"},"canonical":"https:\/\/exceladvisor.org\/de\/auf-den-nachsten-tausender-runden\/","og_locale":"de_DE","og_type":"article","og_title":"Wie rundet man eine Zahl auf die n\u00e4chsten 100 und 10?","og_description":"In diesem Tutorial lernen Sie verschiedene M\u00f6glichkeiten kennen, eine Zahl in Excel mit verschiedenen Methoden auf die n\u00e4chsten 1000, 100 und 10 zu runden","og_url":"https:\/\/exceladvisor.org\/de\/auf-den-nachsten-tausender-runden\/","og_site_name":"Excel Advisor","article_modified_time":"2023-12-03T13:04:47+00:00","og_image":[{"url":"https:\/\/exceladvisor.org\/wp-content\/uploads\/2023\/08\/1-cellule-avec-valeur-numerique.png","type":"","width":"","height":""}],"twitter_card":"summary_large_image","twitter_misc":{"Gesch\u00e4tzte Lesezeit":"2\u00a0Minuten"},"schema":{"@context":"https:\/\/schema.org","@graph":[{"@type":"WebPage","@id":"https:\/\/exceladvisor.org\/de\/auf-den-nachsten-tausender-runden\/","url":"https:\/\/exceladvisor.org\/de\/auf-den-nachsten-tausender-runden\/","name":"Wie rundet man eine Zahl auf die n\u00e4chsten 100 und 10?","isPartOf":{"@id":"https:\/\/exceladvisor.org\/de\/#website"},"primaryImageOfPage":{"@id":"https:\/\/exceladvisor.org\/de\/auf-den-nachsten-tausender-runden\/#primaryimage"},"image":{"@id":"https:\/\/exceladvisor.org\/de\/auf-den-nachsten-tausender-runden\/#primaryimage"},"thumbnailUrl":"https:\/\/exceladvisor.org\/wp-content\/uploads\/2023\/08\/1-cellule-avec-valeur-numerique.png","datePublished":"2023-11-06T23:37:18+00:00","dateModified":"2023-12-03T13:04:47+00:00","description":"In diesem Tutorial lernen Sie verschiedene M\u00f6glichkeiten kennen, eine Zahl in Excel mit verschiedenen Methoden auf die n\u00e4chsten 1000, 100 und 10 zu runden","breadcrumb":{"@id":"https:\/\/exceladvisor.org\/de\/auf-den-nachsten-tausender-runden\/#breadcrumb"},"inLanguage":"de","potentialAction":[{"@type":"ReadAction","target":["https:\/\/exceladvisor.org\/de\/auf-den-nachsten-tausender-runden\/"]}]},{"@type":"ImageObject","inLanguage":"de","@id":"https:\/\/exceladvisor.org\/de\/auf-den-nachsten-tausender-runden\/#primaryimage","url":"https:\/\/exceladvisor.org\/wp-content\/uploads\/2023\/08\/1-cellule-avec-valeur-numerique.png","contentUrl":"https:\/\/exceladvisor.org\/wp-content\/uploads\/2023\/08\/1-cellule-avec-valeur-numerique.png"},{"@type":"BreadcrumbList","@id":"https:\/\/exceladvisor.org\/de\/auf-den-nachsten-tausender-runden\/#breadcrumb","itemListElement":[{"@type":"ListItem","position":1,"name":"Accueil","item":"https:\/\/exceladvisor.org\/de\/"},{"@type":"ListItem","position":2,"name":"Wie rundet man eine zahl auf die n\u00e4chsten 100 und 10?"}]},{"@type":"WebSite","@id":"https:\/\/exceladvisor.org\/de\/#website","url":"https:\/\/exceladvisor.org\/de\/","name":"Excel Advisor","description":"Ihr Leitfaden zur Datendominanz","publisher":{"@id":"https:\/\/exceladvisor.org\/de\/#organization"},"potentialAction":[{"@type":"SearchAction","target":{"@type":"EntryPoint","urlTemplate":"https:\/\/exceladvisor.org\/de\/?s={search_term_string}"},"query-input":{"@type":"PropertyValueSpecification","valueRequired":true,"valueName":"search_term_string"}}],"inLanguage":"de"},{"@type":"Organization","@id":"https:\/\/exceladvisor.org\/de\/#organization","name":"Excel Advisor","url":"https:\/\/exceladvisor.org\/de\/","logo":{"@type":"ImageObject","inLanguage":"de","@id":"https:\/\/exceladvisor.org\/de\/#\/schema\/logo\/image\/","url":"https:\/\/exceladvisor.org\/de\/wp-content\/uploads\/2023\/11\/exceladvisor.org_.png","contentUrl":"https:\/\/exceladvisor.org\/de\/wp-content\/uploads\/2023\/11\/exceladvisor.org_.png","width":105,"height":36,"caption":"Excel Advisor"},"image":{"@id":"https:\/\/exceladvisor.org\/de\/#\/schema\/logo\/image\/"}}]}},"yoast_meta":{"yoast_wpseo_title":"","yoast_wpseo_metadesc":"","yoast_wpseo_canonical":""},"_links":{"self":[{"href":"https:\/\/exceladvisor.org\/de\/wp-json\/wp\/v2\/pages\/3247","targetHints":{"allow":["GET"]}}],"collection":[{"href":"https:\/\/exceladvisor.org\/de\/wp-json\/wp\/v2\/pages"}],"about":[{"href":"https:\/\/exceladvisor.org\/de\/wp-json\/wp\/v2\/types\/page"}],"author":[{"embeddable":true,"href":"https:\/\/exceladvisor.org\/de\/wp-json\/wp\/v2\/users\/1"}],"replies":[{"embeddable":true,"href":"https:\/\/exceladvisor.org\/de\/wp-json\/wp\/v2\/comments?post=3247"}],"version-history":[{"count":1,"href":"https:\/\/exceladvisor.org\/de\/wp-json\/wp\/v2\/pages\/3247\/revisions"}],"predecessor-version":[{"id":4177,"href":"https:\/\/exceladvisor.org\/de\/wp-json\/wp\/v2\/pages\/3247\/revisions\/4177"}],"wp:attachment":[{"href":"https:\/\/exceladvisor.org\/de\/wp-json\/wp\/v2\/media?parent=3247"}],"curies":[{"name":"wp","href":"https:\/\/api.w.org\/{rel}","templated":true}]}}