{"id":3249,"date":"2023-11-06T22:52:07","date_gmt":"2023-11-06T22:52:07","guid":{"rendered":"https:\/\/exceladvisor.org\/de\/verschuttungsfehler\/"},"modified":"2023-12-03T11:12:46","modified_gmt":"2023-12-03T11:12:46","slug":"verschuttungsfehler","status":"publish","type":"page","link":"https:\/\/exceladvisor.org\/de\/verschuttungsfehler\/","title":{"rendered":"So beheben sie #spread! fehler in excel?"},"content":{"rendered":"<div class=\"excel-vor-dem-inhalt\" id=\"excel-4229195323\"><script type=\"text\/javascript\">\r\n\tatOptions = {\r\n\t\t'key' : 'c1158f160081d6540a8409e6925dab94',\r\n\t\t'format' : 'iframe',\r\n\t\t'height' : 250,\r\n\t\t'width' : 300,\r\n\t\t'params' : {}\r\n\t};\r\n<\/script>\r\n<script type=\"text\/javascript\" src=\"\/\/www.highperformanceformat.com\/c1158f160081d6540a8409e6925dab94\/invoke.js\"><\/script><\/div> <h2 id=\"h-spill-range-is-not-blank\" class=\"wp-block-heading\">Der \u00dcberlaufbereich ist nicht leer<\/h2><p> In Excel erhalten Sie den #SPILL! Fehler, wenn Sie eine dynamische Funktion verwenden, die das Ergebnis in einem Bereich von mehreren Zellen zur\u00fcckgibt, dieser Bereich jedoch bereits Werte enth\u00e4lt und diese dynamische Funktion die Werte jetzt nicht \u00fcberschreiben kann, um das Ergebnis in diesem Bereich zur\u00fcckzugeben. Um nun das Ergebnis zu erhalten, m\u00fcssen Sie die Werte aus dem Bereich l\u00f6schen. <\/p><div class=\"wp-block-image\"><figure class=\"aligncenter size-full is-resized\"><img loading=\"lazy\" decoding=\"async\" class=\"wp-image-72518\" src=\"https:\/\/exceladvisor.org\/wp-content\/uploads\/2023\/08\/1-plage-de-deversement.png\" sizes=\"auto, \" srcset=\"\" alt=\"Entladebereich\" width=\"462\" height=\"317\"><\/figure><\/div><p> Im obigen Beispiel k\u00f6nnen Sie sehen, dass wir die RANDARRAY-Funktion verwenden, die Zufallswerte in einem bestimmten, von Ihnen definierten Zellbereich zur\u00fcckgibt. Und in der Funktion definiere ich f\u00fcnf Zeilen und f\u00fcnf Spalten f\u00fcr die Ergebniswerte, also den Bereich A1:E5.<\/p><p> Nun, wie Sie in Zelle B3 sehen k\u00f6nnen, habe ich dort bereits einen Wert und das ist der Grund, warum diese dynamische Formel ihr Ergebnis nicht erweitern kann und den #SPILL zur\u00fcckgibt! Fehler. <\/p><div class=\"wp-block-image\"><figure class=\"aligncenter size-full is-resized\"><img loading=\"lazy\" decoding=\"async\" class=\"wp-image-72519\" src=\"https:\/\/exceladvisor.org\/wp-content\/uploads\/2023\/08\/2-valeur-dans-la-plage-de-deversement.png\" sizes=\"auto, \" srcset=\"\" alt=\"Bereich der \u00dcberlaufwerte\" width=\"395\" height=\"414\"><\/figure><\/div><p> Um dieses Problem zu l\u00f6sen, m\u00fcssen Sie den Wert aus Zelle B3 entfernen und die dynamische Funktion (RANDARRAY) erweitert und das Ergebnis im Bereich A1:E5 zur\u00fcckgeben, der f\u00fcnf Zeilen und f\u00fcnf Spalten umfasst.<\/p><h2 id=\"h-spill-range-error-in-a-table\" class=\"wp-block-heading\"> \u00dcberlaufbereichsfehler in einem Array<\/h2><p> Wenn Sie dynamische Arrays verwenden, besteht in diesem Fall die M\u00f6glichkeit, dass Sie den Fehler #SPILL! erhalten. Fehler. Der Grund liegt darin, dass <strong><mark class=\"has-inline-color\" style=\"background-color: #fdde6c;\">Tabellen noch keine dynamischen Formeln unterst\u00fctzen<\/mark><\/strong> . <\/p><div class=\"wp-block-image\"><figure class=\"aligncenter size-full is-resized\"><img loading=\"lazy\" decoding=\"async\" class=\"wp-image-72520\" src=\"https:\/\/exceladvisor.org\/wp-content\/uploads\/2023\/08\/3-erreur-de-plage-de-deversement-dans-le-tableau.png\" sizes=\"auto, \" srcset=\"\" alt=\"Spill-Range-Error-in-Table\" width=\"501\" height=\"466\"><\/figure><\/div><p> Im obigen Beispiel haben wir Tabelle1, in der wir versuchen, die Zufallszahl in einer Spalte und zehn Zeilen abzurufen, aber da wir die Tabelle verwenden, wurde ein \u00dcberlauffehler zur\u00fcckgegeben.<\/p><p> Laut Microsoft gibt es in Excel-Tabellen noch keine Unterst\u00fctzung f\u00fcr dynamische Funktionen. Die L\u00f6sung besteht darin, die Tabelle in einen Normalbereich umzuwandeln oder Ihre Formel in einen Normalbereich zu verschieben.<\/p><p class=\"myalert\"> Und wenn Sie Ihre Tabelle in einen normalen Bereich umwandeln, stellen Sie sicher, dass Sie die Formel l\u00f6schen und erneut eingeben, da sonst immer der Fehler f\u00fcr alle Werte au\u00dfer dem letzten Wert angezeigt wird. <\/p><div class=\"wp-block-image\"><figure class=\"aligncenter size-full is-resized\"><img loading=\"lazy\" decoding=\"async\" class=\"wp-image-72521\" src=\"https:\/\/exceladvisor.org\/wp-content\/uploads\/2023\/08\/4-supprimer-et-saisir-a-nouveau-la-formule.png\" sizes=\"auto, \" srcset=\"\" alt=\"L\u00f6schen-und-neue-Eingabe-der-Formel\" width=\"387\" height=\"550\"><\/figure><\/div><p> Wenn Sie die Tabelle in einen normalen Bereich konvertieren, versucht Excel, die dynamische Formel auf andere Zellen auszudehnen, aber diese Zellen weisen immer noch den \u00dcberlauffehler auf (mit Ausnahme der letzten Zelle mit der Formel), weshalb die dynamische Formel dies nicht kann Holen Sie sich das Ergebnis f\u00fcr Sie.<\/p><h2 id=\"h-spill-error-problem-with-vlookup\" class=\"wp-block-heading\"> #VERBREITEN! Fehlerproblem mit SVERWEIS<\/h2><p> Es kann vorkommen, dass bei VLOOKUP der Spill-Fehler auftritt. Nun, es ist nicht \u00fcblich, dass dieser <a href=\"https:\/\/exceladvisor.org\/de\/iferror-vlookup\/\">Fehler beim VLOOKUP<\/a> auftritt, aber es besteht die M\u00f6glichkeit, dass er auftritt. Um es zu verstehen, m\u00fcssen Sie die Situation verstehen und wissen, wie Sie die Formel falsch verwenden. <\/p><div class=\"wp-block-image\"><figure class=\"aligncenter size-full is-resized\"><img loading=\"lazy\" decoding=\"async\" class=\"wp-image-72522\" src=\"https:\/\/exceladvisor.org\/wp-content\/uploads\/2023\/08\/5-erreur-de-deversement-avec-vlookup.png\" sizes=\"auto, \" srcset=\"\" alt=\"Spill-error-with-vlookup\" width=\"410\" height=\"395\"><\/figure><\/div><p> In der obigen Formel habe ich mich im Suchwert nicht auf eine einzelne Zelle, sondern auf die gesamte Spalte bezogen, wodurch es sich um eine dynamische Formel handelt.<\/p><p> Da ich mich nun auf die gesamte Spalte beziehe, habe ich insgesamt 1048576 Zellen und mit der dynamischen Formel gibt Excel 1048576 Ergebnisse zur\u00fcck. Richtig?<\/p><p><mark class=\"has-inline-color\" style=\"background-color: #fdde6c;\"> <strong>Jetzt ist das Problem<\/strong><\/mark> Um die 1048576-Ergebnisse zu erhalten, ben\u00f6tige ich 1048576 Zellen, mir fehlt jedoch eine Zelle, da meine Formel bei D2 beginnt. <\/p><div class=\"wp-block-image\"><figure class=\"aligncenter size-full is-resized\"><img loading=\"lazy\" decoding=\"async\" class=\"wp-image-72523\" src=\"https:\/\/exceladvisor.org\/wp-content\/uploads\/2023\/08\/6-formule-de-recherche-v.png\" sizes=\"auto, \" srcset=\"\" alt=\"vlookup-Formel\" width=\"447\" height=\"414\"><\/figure><\/div><p> Und wenn ich dieselbe Formel aus der ersten Zelle einer Spalte verwende, erhalte ich alle Formeln korrekt.<\/p><h2 id=\"h-merge-cell-can-also-cause-a-spill-error\" class=\"wp-block-heading\"> Auch das Zusammenf\u00fchren von Zellen kann zu einem #SPILL f\u00fchren! Fehler<\/h2><p> Wenn Sie beim Eingeben einer dynamischen Formel eine verbundene Zelle im \u00dcberlaufbereich haben, erhalten Sie auch in diesem Fall den \u00dcberlauffehler im Ergebnis. <\/p><div class=\"wp-block-image\"><figure class=\"aligncenter size-full is-resized\"><img loading=\"lazy\" decoding=\"async\" class=\"wp-image-72524\" src=\"https:\/\/exceladvisor.org\/wp-content\/uploads\/2023\/08\/7-cellule-de-fusion-provoque-une-erreur-de-debordement.png\" sizes=\"auto, \" srcset=\"\" alt=\"Das Zusammenf\u00fchren von Zellen verursacht einen \u00dcberlauffehler\" width=\"465\" height=\"357\"><\/figure><\/div><p> Im obigen Beispiel haben wir eine zusammengef\u00fchrte Zelle f\u00fcr den Bereich B2:C3 und wenn wir versuchen, RANDARRAY in Zelle A1 einzugeben, wird der \u00dcberlauffehler in Zelle A1 zur\u00fcckgegeben, da ein Ergebnis in einer zusammengef\u00fchrten Zelle nicht neu geschrieben werden kann.<\/p><h2 id=\"h-selecting-obstructing-cells-to-fix-the-spill-error\" class=\"wp-block-heading\"> Auswahl verstopfender Zellen zur Reparatur des #SPILL! Fehler<\/h2><p> Wenn Sie auf die Zelle klicken, in der Sie den #SPILL haben! Fehler, es gibt ein Dropdown-Men\u00fc, in dem Sie einige Optionen haben, um damit umzugehen. <\/p><div class=\"wp-block-image\"><figure class=\"aligncenter size-full is-resized\"><img loading=\"lazy\" decoding=\"async\" class=\"wp-image-72525\" src=\"https:\/\/exceladvisor.org\/wp-content\/uploads\/2023\/08\/8-cellules-obstruantes-selectionnees.png\" sizes=\"auto, \" srcset=\"\" alt=\"W\u00e4hlen Sie blockierende Zellen aus\" width=\"389\" height=\"377\"><\/figure><\/div><p> An dritter Stelle wird eine Option zur Auswahl behindernder Zellen angezeigt, also Zellen, die das Ergebnis blockieren. Und sobald Sie auf diese Option klicken, werden alle Zellen ausgew\u00e4hlt, die einen Wert haben. <\/p><div class=\"wp-block-image\"><figure class=\"aligncenter size-full is-resized\"><img loading=\"lazy\" decoding=\"async\" class=\"wp-image-72526\" src=\"https:\/\/exceladvisor.org\/wp-content\/uploads\/2023\/08\/9-cellules-ont-deja-une-valeur.png\" sizes=\"auto, \" srcset=\"\" alt=\"Zelle-bereits-Werte\" width=\"429\" height=\"212\"><\/figure><\/div><p> Wenn Sie mehrere Zellen haben, werden alle diese Zellen ausgew\u00e4hlt und Sie k\u00f6nnen die Werte aus diesen Zellen entfernen, um das Ergebnis innerhalb des in der Formel definierten Bereichs zu erhalten. <\/p><div class=\"wp-block-image\"><figure class=\"aligncenter size-full is-resized\"><img loading=\"lazy\" decoding=\"async\" class=\"wp-image-72527\" src=\"https:\/\/exceladvisor.org\/wp-content\/uploads\/2023\/08\/10-cellules-multiples-ayant-une-valeur.png\" sizes=\"auto, \" srcset=\"\" alt=\"mehrere Zellen mit einem Wert\" width=\"476\" height=\"204\"><\/figure><\/div><h2 id=\"h-use-for-implicit-intersection\" class=\"wp-block-heading\"> Verwenden Sie @ f\u00fcr implizite Schnittmenge<\/h2><p> Wenn Sie eine dynamische Funktion verwenden, die einen \u00dcberlaufbereich verwendet (Ergebnis wird in mehreren Zellen zur\u00fcckgegeben), um #SPILL zu vermeiden! Wenn ein Fehler auftritt, k\u00f6nnen Sie den @-Operator am Anfang der Formel verwenden, damit die Formel die Ergebnisse in einer einzelnen Zelle statt in einem Array f\u00fcr mehrere Zellen zur\u00fcckgibt. <\/p><div class=\"wp-block-image\"><figure class=\"aligncenter size-full is-resized\"><img loading=\"lazy\" decoding=\"async\" class=\"wp-image-72528\" src=\"https:\/\/exceladvisor.org\/wp-content\/uploads\/2023\/08\/11-utilisation-pour-intersection-implicite.png\" sizes=\"auto, \" srcset=\"\" alt=\"use-@-for-implied-intersection\" width=\"497\" height=\"328\"><\/figure><\/div><div class=\"gb-container gb-container-52dfcee1 gb-container-sample-file\"><h2 class=\"gb-headline gb-headline-e289c143 gb-headline-text gb-headline-4f7959c2\"> Holen Sie sich die Excel-Datei<\/h2> <a class=\"gb-button gb-button-e88d6bee gb-button-text gb-button-button1\" href=\"https:\/\/exceladvisor.org\/wp-content\/uploads\/2023\/11\/erreur-de-deversement-2.xlsx\" rel=\"nofollow\">Herunterladen<\/a><\/div><div class=\"gb-container gb-container-0df56012 gb-container-mt\"> <a class=\"gb-button gb-button-f9f432f4 gb-button-text gb-button-mt-button\" href=\"https:\/\/exceladvisor.org\/de\/formeln\/\">Liste der Excel-Formeln<\/a><h2 class=\"gb-headline gb-headline-233444e8 gb-headline-text gb-headline-mt-heading\"> Verwandte Formeln <\/h2><div class=\"gb-grid-wrapper gb-grid-wrapper-a16fa65c gb-grid-wrapper-mt-grid\"><div class=\"gb-grid-column gb-grid-column-50d07e0d\"><div class=\"gb-container gb-container-50d07e0d\"><ul><li> <a href=\"https:\/\/exceladvisor.org\/de\/divisionsfehler\/\">Fehler #DIV\/0<\/a><\/li><li> <a href=\"https:\/\/exceladvisor.org\/de\/wertfehler\/\">#VALUE Fehler<\/a><\/li><li> <a href=\"https:\/\/exceladvisor.org\/de\/fehler-ignorieren\/\">Ignorieren Sie alle Fehler in Excel<\/a> <\/li><\/ul><\/div><\/div><div class=\"gb-grid-column gb-grid-column-5b4a0cf9\"><div class=\"gb-container gb-container-5b4a0cf9\"><ul><li> <a href=\"https:\/\/exceladvisor.org\/de\/kein-fehler\/\">#N\/A Fehler in Excel<\/a><\/li><li> <a href=\"https:\/\/exceladvisor.org\/de\/referenzfehler\/\">#REF! Fehler in Excel<\/a><\/li><\/ul><\/div><\/div><\/div><\/div>","protected":false},"excerpt":{"rendered":"","protected":false},"author":1,"featured_media":0,"parent":0,"menu_order":0,"comment_status":"open","ping_status":"closed","template":"","meta":{"ub_ctt_via":"","footnotes":""},"class_list":["post-3249","page","type-page","status-publish","hentry"],"featured_image_src":null,"yoast_head":"<!-- This site is optimized with the Yoast SEO plugin v25.4 - https:\/\/yoast.com\/wordpress\/plugins\/seo\/ -->\n<title>So beheben Sie #SPREAD! Fehler in Excel? (Tutorial 2023)<\/title>\n<meta name=\"description\" content=\"Es gibt viele Gr\u00fcnde, warum Sie einen #SPILL bekommen! Fehler im Ergebnis einer dynamischen Funktion, und in diesem Tutorial wir\" \/>\n<meta name=\"robots\" content=\"index, follow, max-snippet:-1, max-image-preview:large, max-video-preview:-1\" \/>\n<link rel=\"canonical\" href=\"https:\/\/exceladvisor.org\/de\/verschuttungsfehler\/\" \/>\n<meta property=\"og:locale\" content=\"de_DE\" \/>\n<meta property=\"og:type\" content=\"article\" \/>\n<meta property=\"og:title\" content=\"So beheben Sie #SPREAD! Fehler in Excel? (Tutorial 2023)\" \/>\n<meta property=\"og:description\" content=\"Es gibt viele Gr\u00fcnde, warum Sie einen #SPILL bekommen! Fehler im Ergebnis einer dynamischen Funktion, und in diesem Tutorial wir\" \/>\n<meta property=\"og:url\" content=\"https:\/\/exceladvisor.org\/de\/verschuttungsfehler\/\" \/>\n<meta property=\"og:site_name\" content=\"Excel Advisor\" \/>\n<meta property=\"article:modified_time\" content=\"2023-12-03T11:12:46+00:00\" \/>\n<meta property=\"og:image\" content=\"https:\/\/exceladvisor.org\/wp-content\/uploads\/2023\/08\/1-plage-de-deversement.png\" \/>\n<meta name=\"twitter:card\" content=\"summary_large_image\" \/>\n<meta name=\"twitter:label1\" content=\"Gesch\u00e4tzte Lesezeit\" \/>\n\t<meta name=\"twitter:data1\" content=\"4\u00a0Minuten\" \/>\n<script type=\"application\/ld+json\" class=\"yoast-schema-graph\">{\"@context\":\"https:\/\/schema.org\",\"@graph\":[{\"@type\":\"WebPage\",\"@id\":\"https:\/\/exceladvisor.org\/de\/verschuttungsfehler\/\",\"url\":\"https:\/\/exceladvisor.org\/de\/verschuttungsfehler\/\",\"name\":\"So beheben Sie #SPREAD! Fehler in Excel? (Tutorial 2023)\",\"isPartOf\":{\"@id\":\"https:\/\/exceladvisor.org\/de\/#website\"},\"primaryImageOfPage\":{\"@id\":\"https:\/\/exceladvisor.org\/de\/verschuttungsfehler\/#primaryimage\"},\"image\":{\"@id\":\"https:\/\/exceladvisor.org\/de\/verschuttungsfehler\/#primaryimage\"},\"thumbnailUrl\":\"https:\/\/exceladvisor.org\/wp-content\/uploads\/2023\/08\/1-plage-de-deversement.png\",\"datePublished\":\"2023-11-06T22:52:07+00:00\",\"dateModified\":\"2023-12-03T11:12:46+00:00\",\"description\":\"Es gibt viele Gr\u00fcnde, warum Sie einen #SPILL bekommen! Fehler im Ergebnis einer dynamischen Funktion, und in diesem Tutorial wir\",\"breadcrumb\":{\"@id\":\"https:\/\/exceladvisor.org\/de\/verschuttungsfehler\/#breadcrumb\"},\"inLanguage\":\"de\",\"potentialAction\":[{\"@type\":\"ReadAction\",\"target\":[\"https:\/\/exceladvisor.org\/de\/verschuttungsfehler\/\"]}]},{\"@type\":\"ImageObject\",\"inLanguage\":\"de\",\"@id\":\"https:\/\/exceladvisor.org\/de\/verschuttungsfehler\/#primaryimage\",\"url\":\"https:\/\/exceladvisor.org\/wp-content\/uploads\/2023\/08\/1-plage-de-deversement.png\",\"contentUrl\":\"https:\/\/exceladvisor.org\/wp-content\/uploads\/2023\/08\/1-plage-de-deversement.png\"},{\"@type\":\"BreadcrumbList\",\"@id\":\"https:\/\/exceladvisor.org\/de\/verschuttungsfehler\/#breadcrumb\",\"itemListElement\":[{\"@type\":\"ListItem\",\"position\":1,\"name\":\"Accueil\",\"item\":\"https:\/\/exceladvisor.org\/de\/\"},{\"@type\":\"ListItem\",\"position\":2,\"name\":\"So beheben sie #spread! fehler in excel?\"}]},{\"@type\":\"WebSite\",\"@id\":\"https:\/\/exceladvisor.org\/de\/#website\",\"url\":\"https:\/\/exceladvisor.org\/de\/\",\"name\":\"Excel Advisor\",\"description\":\"Ihr Leitfaden zur Datendominanz\",\"publisher\":{\"@id\":\"https:\/\/exceladvisor.org\/de\/#organization\"},\"potentialAction\":[{\"@type\":\"SearchAction\",\"target\":{\"@type\":\"EntryPoint\",\"urlTemplate\":\"https:\/\/exceladvisor.org\/de\/?s={search_term_string}\"},\"query-input\":{\"@type\":\"PropertyValueSpecification\",\"valueRequired\":true,\"valueName\":\"search_term_string\"}}],\"inLanguage\":\"de\"},{\"@type\":\"Organization\",\"@id\":\"https:\/\/exceladvisor.org\/de\/#organization\",\"name\":\"Excel Advisor\",\"url\":\"https:\/\/exceladvisor.org\/de\/\",\"logo\":{\"@type\":\"ImageObject\",\"inLanguage\":\"de\",\"@id\":\"https:\/\/exceladvisor.org\/de\/#\/schema\/logo\/image\/\",\"url\":\"https:\/\/exceladvisor.org\/de\/wp-content\/uploads\/2023\/11\/exceladvisor.org_.png\",\"contentUrl\":\"https:\/\/exceladvisor.org\/de\/wp-content\/uploads\/2023\/11\/exceladvisor.org_.png\",\"width\":105,\"height\":36,\"caption\":\"Excel Advisor\"},\"image\":{\"@id\":\"https:\/\/exceladvisor.org\/de\/#\/schema\/logo\/image\/\"}}]}<\/script>\n<!-- \/ Yoast SEO plugin. -->","yoast_head_json":{"title":"So beheben Sie #SPREAD! Fehler in Excel? (Tutorial 2023)","description":"Es gibt viele Gr\u00fcnde, warum Sie einen #SPILL bekommen! Fehler im Ergebnis einer dynamischen Funktion, und in diesem Tutorial wir","robots":{"index":"index","follow":"follow","max-snippet":"max-snippet:-1","max-image-preview":"max-image-preview:large","max-video-preview":"max-video-preview:-1"},"canonical":"https:\/\/exceladvisor.org\/de\/verschuttungsfehler\/","og_locale":"de_DE","og_type":"article","og_title":"So beheben Sie #SPREAD! Fehler in Excel? (Tutorial 2023)","og_description":"Es gibt viele Gr\u00fcnde, warum Sie einen #SPILL bekommen! Fehler im Ergebnis einer dynamischen Funktion, und in diesem Tutorial wir","og_url":"https:\/\/exceladvisor.org\/de\/verschuttungsfehler\/","og_site_name":"Excel Advisor","article_modified_time":"2023-12-03T11:12:46+00:00","og_image":[{"url":"https:\/\/exceladvisor.org\/wp-content\/uploads\/2023\/08\/1-plage-de-deversement.png","type":"","width":"","height":""}],"twitter_card":"summary_large_image","twitter_misc":{"Gesch\u00e4tzte Lesezeit":"4\u00a0Minuten"},"schema":{"@context":"https:\/\/schema.org","@graph":[{"@type":"WebPage","@id":"https:\/\/exceladvisor.org\/de\/verschuttungsfehler\/","url":"https:\/\/exceladvisor.org\/de\/verschuttungsfehler\/","name":"So beheben Sie #SPREAD! Fehler in Excel? (Tutorial 2023)","isPartOf":{"@id":"https:\/\/exceladvisor.org\/de\/#website"},"primaryImageOfPage":{"@id":"https:\/\/exceladvisor.org\/de\/verschuttungsfehler\/#primaryimage"},"image":{"@id":"https:\/\/exceladvisor.org\/de\/verschuttungsfehler\/#primaryimage"},"thumbnailUrl":"https:\/\/exceladvisor.org\/wp-content\/uploads\/2023\/08\/1-plage-de-deversement.png","datePublished":"2023-11-06T22:52:07+00:00","dateModified":"2023-12-03T11:12:46+00:00","description":"Es gibt viele Gr\u00fcnde, warum Sie einen #SPILL bekommen! Fehler im Ergebnis einer dynamischen Funktion, und in diesem Tutorial wir","breadcrumb":{"@id":"https:\/\/exceladvisor.org\/de\/verschuttungsfehler\/#breadcrumb"},"inLanguage":"de","potentialAction":[{"@type":"ReadAction","target":["https:\/\/exceladvisor.org\/de\/verschuttungsfehler\/"]}]},{"@type":"ImageObject","inLanguage":"de","@id":"https:\/\/exceladvisor.org\/de\/verschuttungsfehler\/#primaryimage","url":"https:\/\/exceladvisor.org\/wp-content\/uploads\/2023\/08\/1-plage-de-deversement.png","contentUrl":"https:\/\/exceladvisor.org\/wp-content\/uploads\/2023\/08\/1-plage-de-deversement.png"},{"@type":"BreadcrumbList","@id":"https:\/\/exceladvisor.org\/de\/verschuttungsfehler\/#breadcrumb","itemListElement":[{"@type":"ListItem","position":1,"name":"Accueil","item":"https:\/\/exceladvisor.org\/de\/"},{"@type":"ListItem","position":2,"name":"So beheben sie #spread! fehler in excel?"}]},{"@type":"WebSite","@id":"https:\/\/exceladvisor.org\/de\/#website","url":"https:\/\/exceladvisor.org\/de\/","name":"Excel Advisor","description":"Ihr Leitfaden zur Datendominanz","publisher":{"@id":"https:\/\/exceladvisor.org\/de\/#organization"},"potentialAction":[{"@type":"SearchAction","target":{"@type":"EntryPoint","urlTemplate":"https:\/\/exceladvisor.org\/de\/?s={search_term_string}"},"query-input":{"@type":"PropertyValueSpecification","valueRequired":true,"valueName":"search_term_string"}}],"inLanguage":"de"},{"@type":"Organization","@id":"https:\/\/exceladvisor.org\/de\/#organization","name":"Excel Advisor","url":"https:\/\/exceladvisor.org\/de\/","logo":{"@type":"ImageObject","inLanguage":"de","@id":"https:\/\/exceladvisor.org\/de\/#\/schema\/logo\/image\/","url":"https:\/\/exceladvisor.org\/de\/wp-content\/uploads\/2023\/11\/exceladvisor.org_.png","contentUrl":"https:\/\/exceladvisor.org\/de\/wp-content\/uploads\/2023\/11\/exceladvisor.org_.png","width":105,"height":36,"caption":"Excel Advisor"},"image":{"@id":"https:\/\/exceladvisor.org\/de\/#\/schema\/logo\/image\/"}}]}},"yoast_meta":{"yoast_wpseo_title":"","yoast_wpseo_metadesc":"","yoast_wpseo_canonical":""},"_links":{"self":[{"href":"https:\/\/exceladvisor.org\/de\/wp-json\/wp\/v2\/pages\/3249","targetHints":{"allow":["GET"]}}],"collection":[{"href":"https:\/\/exceladvisor.org\/de\/wp-json\/wp\/v2\/pages"}],"about":[{"href":"https:\/\/exceladvisor.org\/de\/wp-json\/wp\/v2\/types\/page"}],"author":[{"embeddable":true,"href":"https:\/\/exceladvisor.org\/de\/wp-json\/wp\/v2\/users\/1"}],"replies":[{"embeddable":true,"href":"https:\/\/exceladvisor.org\/de\/wp-json\/wp\/v2\/comments?post=3249"}],"version-history":[{"count":1,"href":"https:\/\/exceladvisor.org\/de\/wp-json\/wp\/v2\/pages\/3249\/revisions"}],"predecessor-version":[{"id":3784,"href":"https:\/\/exceladvisor.org\/de\/wp-json\/wp\/v2\/pages\/3249\/revisions\/3784"}],"wp:attachment":[{"href":"https:\/\/exceladvisor.org\/de\/wp-json\/wp\/v2\/media?parent=3249"}],"curies":[{"name":"wp","href":"https:\/\/api.w.org\/{rel}","templated":true}]}}