{"id":3250,"date":"2023-11-06T22:45:58","date_gmt":"2023-11-06T22:45:58","guid":{"rendered":"https:\/\/exceladvisor.org\/de\/zeitunterschied-berechnen\/"},"modified":"2023-12-03T11:14:09","modified_gmt":"2023-12-03T11:14:09","slug":"zeitunterschied-berechnen","status":"publish","type":"page","link":"https:\/\/exceladvisor.org\/de\/zeitunterschied-berechnen\/","title":{"rendered":"Wie berechnet man den zeitunterschied zwischen zwei stunden?"},"content":{"rendered":"<div class=\"excel-vor-dem-inhalt\" id=\"excel-3372934360\"><script type=\"text\/javascript\">\r\n\tatOptions = {\r\n\t\t'key' : 'c1158f160081d6540a8409e6925dab94',\r\n\t\t'format' : 'iframe',\r\n\t\t'height' : 250,\r\n\t\t'width' : 300,\r\n\t\t'params' : {}\r\n\t};\r\n<\/script>\r\n<script type=\"text\/javascript\" src=\"\/\/www.highperformanceformat.com\/c1158f160081d6540a8409e6925dab94\/invoke.js\"><\/script><\/div> <p>Wenn Sie mit Daten arbeiten, die \u00fcber Zeitwerte verf\u00fcgen, k\u00f6nnen die Tipps, die ich heute gebe, hilfreich f\u00fcr Sie sein. H\u00f6r zu.<\/p><p> In Excel <a href=\"https:\/\/exceladvisor.org\/de\/excel-funktionen\/\">gibt es viele Funktionen<\/a> zur Verwaltung von Datum und Uhrzeit. Es gibt jedoch keine spezielle Funktion, mit der Sie die Differenz zwischen Zeitwerten ermitteln k\u00f6nnen.<\/p><p> Wie Sie wissen, ist ein Zeitwert ein numerischer Wert, der als Zeit formatiert ist. Wenn Sie jedoch einen Wert von einem anderen subtrahieren, wird eine Dezimalzahl zur\u00fcckgegeben, und Sie m\u00fcssen ihn erneut als Zeit formatieren.<\/p><p> Aber hier ist der Schmerz:<\/p><p> Wenn Sie diesen Ergebniswert formatieren, werden diese Werte in Stunden und Minuten (beginnend bei 00:00) angezeigt, anstatt die tats\u00e4chliche Differenz in Stunden und Minuten anzuzeigen.<\/p><p> Wenn Sie also einen Unterschied von 5 Stunden und 30 Minuten haben, wird dieser als 05:00 angezeigt. Sie m\u00fcssen sich keine Sorgen mehr machen.<\/p><h2 id=\"tab-con-0\" class=\"wp-block-heading\"> 1. Ermitteln Sie die Differenz in Stunden und Minuten<\/h2><p> Dies ist eine der gebr\u00e4uchlichsten Methoden, um die Differenz zwischen zwei Zeiten zu ermitteln. Angenommen, Sie haben eine Start- und Endzeit (wie unten), bei der Sie die Differenz zwischen den beiden ermitteln m\u00fcssen. <\/p><div class=\"wp-block-image\"><figure class=\"aligncenter\"><img decoding=\"async\" src=\"https:\/\/exceladvisor.org\/wp-content\/uploads\/2023\/08\/calculer-la-difference-de-temps-entre-le-debut-et-la-fin-min.png\" sizes=\"\" srcset=\"\" alt=\"Berechnen Sie den Zeitunterschied zwischen Start und Ende\"><\/figure><\/div><ol><li> Erstens k\u00f6nnen Sie einfach die Endzeit von der Startzeit abziehen und erhalten so etwas wie unten. <br><img decoding=\"async\" title=\"berechne-zeitdifferenz-ableiten-start-ende-min\" src=\"https:\/\/exceladvisor.org\/wp-content\/uploads\/2023\/08\/calculer-le-decalage-horaire-deduire-debut-fin-min-1.png\" sizes=\"\" srcset=\"\" alt=\"calculate time difference deduct start end\"><\/li><li> Diese Zeit m\u00fcssen Sie nun noch in Stunden und Minuten umrechnen.<\/li><li> W\u00e4hlen Sie dazu die Zelle aus und \u00f6ffnen Sie die Formatoptionen (Strg + 1).<\/li><li> W\u00e4hlen Sie anschlie\u00dfend die Kategorie \u201eZeit\u201c und w\u00e4hlen Sie das zweite Zeitformat. <br><img decoding=\"async\" title=\"Berechnen Sie das Zeitdifferenzformat in Stunden und Minuten\" src=\"https:\/\/exceladvisor.org\/wp-content\/uploads\/2023\/08\/calculer-le-format-de-difference-de-temps-en-heure-et-miutes-min.png\" sizes=\"\" srcset=\"\" alt=\"calculate time difference format into hour and minutes\"><\/li><li> Klicken Sie am Ende auf OK. <br><img decoding=\"async\" title=\"Berechne-die-Zeitverschiebung-Stunden-Minuten-Min\" src=\"https:\/\/exceladvisor.org\/wp-content\/uploads\/2023\/08\/calculer-le-decalage-horaire-heures-miutes-min.png\" sizes=\"\" srcset=\"\" alt=\"calculate time difference hours minutes\"><\/li><\/ol><p> Sobald Sie dies tun, wird dieser Zeitunterschied in Stunden und Minuten anstelle des normalen Zeitformats konvertiert (formatiert).<\/p><h2 id=\"tab-con-1\" class=\"wp-block-heading\"> 2. Seien Sie in Stunden in Zahlen unterschiedlich<\/h2><p> Dies ist keine \u00fcbliche Methode, um Zeitunterschiede zu ermitteln, ist aber dennoch n\u00fctzlich und wichtig. Nehmen wir an, Sie m\u00f6chten die Differenz zwischen Startzeit und Endzeit in Stunden, aber nicht in normalen Zahlen ermitteln.<\/p><p> Wenn beispielsweise die Differenz zwischen der Startzeit und der Endzeit 4 Stunden und 30 Minuten betr\u00e4gt, sollte sie 4,5 Stunden betragen. Hier ist die Formel, die Sie verwenden sollten. <\/p><pre class=\"wp-block-code\"> <code class=\"language-excel-formula\" lang=\"excel-formula\">=(end_time-start_time)*24<\/code><\/pre><div class=\"wp-block-image\"><figure class=\"aligncenter\"><img decoding=\"async\" src=\"https:\/\/exceladvisor.org\/wp-content\/uploads\/2023\/08\/calculer-le-decalage-horaire-en-nombre-dheures-min.png\" sizes=\"\" srcset=\"\" alt=\"Berechnen Sie den Zeitunterschied in Stunden\"><\/figure><\/div><p> Sobald Sie diese Formel eingeben, werden Stunden als Ziffern und Minuten (falls vorhanden) als Dezimalzahlen zur\u00fcckgegeben.<\/p><h3 class=\"wp-block-heading\"> Wie funktioniert diese Formel?<\/h3><p> Wie ich bereits sagte, speichert Excel Datum und Uhrzeit in Zahlen, und wenn Sie die Endzeit von der Startzeit subtrahieren, wird eine Dezimalstelle zur\u00fcckgegeben. Und wenn Sie es mit 24 (der Gesamtzahl der Stunden eines Tages) multiplizieren, wird diese Dezimalzahl in die Anzahl der Stunden und Minuten umgewandelt.<\/p><h2 id=\"tab-con-2\" class=\"wp-block-heading\"> 3. Seien Sie unterschiedlich in den absolvierten Stunden<\/h2><p> Mit dieser einfachen Formel k\u00f6nnen Sie auch die zwischen zwei Zeitpunkten geleisteten Stunden berechnen. <\/p><pre class=\"wp-block-code\"> <code class=\"language-excel-formula\" lang=\"excel-formula\">=INT((end_time-start_time)*24)<\/code><\/pre><p class=\"has-text-align-center\"><img loading=\"lazy\" decoding=\"async\" src=\"https:\/\/exceladvisor.org\/wp-content\/uploads\/2023\/08\/calculer-le-decalage-horaire-heures-completes-min-1.png\" sizes=\"auto, \" srcset=\"\" alt=\"Berechnen Sie den Zeitunterschied in vollen Stunden\" width=\"476\" height=\"125\" data-id=\"20762\"><\/p><h3 class=\"wp-block-heading\"> Wie funktioniert diese Formel?<\/h3><p> Diese Formel ist dieselbe wie die Formel, die wir in der zweiten Methode verwendet haben. Der einzige Unterschied besteht darin, dass wir sie in INT eingeschlossen haben.<\/p><p> Die INT-Funktion gibt die Dezimalstelle des ganzzahligen Teils durch Abrunden zur\u00fcck. Mehr erfahren Sie hier. Wenn Sie also diese Formel eingeben, gibt sie zun\u00e4chst eine Dezimalzahl f\u00fcr die Stunden zur\u00fcck, dann entfernt INT den Bruchteil und gibt Ihnen die abgeschlossenen Stunden.<\/p><h2 id=\"tab-con-3\" class=\"wp-block-heading\"> 4. Ermitteln Sie die Differenz in Minuten<\/h2><p> Es gibt Zeiten, in denen Sie den Zeitunterschied in Minuten statt in Stunden ermitteln m\u00fcssen. In diesem Fall ist es am besten, die folgende Formel zu verwenden. <\/p><pre class=\"wp-block-code\"> <code class=\"language-excel-formula\" lang=\"excel-formula\">=(end_time-start_time)*1440<\/code><\/pre><div class=\"wp-block-image\"><figure class=\"aligncenter\"><img decoding=\"async\" src=\"https:\/\/exceladvisor.org\/wp-content\/uploads\/2023\/08\/calculer-le-decalage-horaire-en-minutes-min.png\" sizes=\"\" srcset=\"\" alt=\"Berechnen Sie den Zeitunterschied in Minuten\"><\/figure><\/div><p> In dieser Formel multiplizieren wir die Startzeit von der Endzeit und multiplizieren sie mit 1440, was der Gesamtzahl der Minuten entspricht, die wir in 24 Stunden haben. Und wenn Sie diese Formel eingeben, erhalten Sie in wenigen Minuten die Differenz zwischen zwei Werten.<\/p><p class=\"qt-tip\"> <strong><span style=\"color: #000000;\">Tipp<\/span><\/strong> <span style=\"color: #000000;\">:<\/span> Wenn Ihre Zeitwerte irgendwie Sekunden enthalten, verwenden Sie die folgende Formel, um die Gesamtzahl der vollst\u00e4ndigen Minuten zwischen der Startzeit und der Endzeit zu ermitteln.<\/p><h2 id=\"tab-con-4\" class=\"wp-block-heading\"> 5. Ermitteln Sie den Unterschied in Sekunden<\/h2><p> Wie in Minuten k\u00f6nnen wir die Differenz auch in Sekunden ermitteln. Sie m\u00fcssen lediglich die folgende Formel verwenden. <\/p><pre class=\"wp-block-code\"> <code class=\"language-excel-formula\" lang=\"excel-formula\">=(end_time-start_time)*86400<\/code><\/pre><div class=\"wp-block-image\"><figure class=\"aligncenter\"><img decoding=\"async\" src=\"https:\/\/exceladvisor.org\/wp-content\/uploads\/2023\/08\/calculer-la-difference-de-temps-en-secondes-min.png\" sizes=\"\" srcset=\"\" alt=\"Berechnen Sie den Zeitunterschied in Sekunden\"><\/figure><\/div><p> Hier ist 86400 die Gesamtsekunde in 24 Stunden und wenn Sie diese Formel eingeben, wird die Differenz zwischen der Start- und Endzeit in Sekunden zur\u00fcckgegeben.<\/p><h2 id=\"tab-con-5\" class=\"wp-block-heading\"> 6. Berechnen Sie die Differenz als negativen Wert<\/h2><p> In allen obigen Beispielen liegt die Endzeit gr\u00f6\u00dfer (sp\u00e4ter) als die Startzeit.<\/p><p> Nehmen wir an, Sie haben zwei Zeitwerte, bei denen die Endzeit vor der Startzeit liegt. Vereinfacht ausgedr\u00fcckt, wenn die Startzeit am ersten Tag 23:00 Uhr und die Endzeit am zweiten Tag 5:00 Uhr ist.<\/p><p> Die Endzeit ist tats\u00e4chlich kleiner als die Startzeit und die einfache Subtraktionsformel funktioniert nicht und gibt einen negativen Wert zur\u00fcck, der dazu f\u00fchrt, dass Excel eine Hash-Zeichenfolge anzeigt (z. B. ########). <\/p><div class=\"wp-block-image\"><figure class=\"aligncenter\"><img decoding=\"async\" src=\"https:\/\/exceladvisor.org\/wp-content\/uploads\/2023\/08\/calculer-lerreur-de-difference-de-temps-min.png\" sizes=\"\" srcset=\"\" alt=\"Berechnen Sie den Zeitdifferenzfehler\"><\/figure><\/div><p> Keine Sorge, daf\u00fcr k\u00f6nnen Sie eine bessere Formel verwenden. Die Formel lautet daher: <\/p><pre class=\"wp-block-code\"> <code class=\"language-excel-formula\" lang=\"excel-formula\">=IF(end&gt;start, end-start, 1-start+end)<\/code><\/pre><p class=\"has-text-align-center\"><img loading=\"lazy\" decoding=\"async\" src=\"https:\/\/exceladvisor.org\/wp-content\/uploads\/2023\/08\/calculer-la-difference-de-temps-valeur-negative-min.png\" sizes=\"auto, \" srcset=\"\" alt=\"Berechnen Sie den negativen Wert der Zeitdifferenz\" width=\"474\" height=\"124\" data-id=\"20771\"><\/p><h3 class=\"wp-block-heading\"> Wie funktioniert diese Formel?<\/h3><p> In dieser Formel haben Sie eine Bedingung: Wenn die Endzeit gr\u00f6\u00dfer als die Startzeit ist, wird einfach die Endzeit von der Startzeit abgezogen. Andernfalls wird zuerst die Startzeit von 1 abgezogen und dann zur Endzeit addiert.<\/p><p> Wenn Sie die Startzeit von 1 subtrahieren, erhalten Sie die Gesamtzeit f\u00fcr Tag 1, und wenn Sie sie zur Endzeit addieren, erhalten Sie die Gesamtzeit f\u00fcr Tag 1 und Tag 2, also die Gesamtdifferenz. <\/p><div class=\"gb-container gb-container-52dfcee1 gb-container-sample-file\"><h2 class=\"gb-headline gb-headline-e289c143 gb-headline-text gb-headline-4f7959c2\"> Holen Sie sich die Excel-Datei<\/h2><p> <a class=\"gb-button gb-button-e88d6bee gb-button-text gb-button-button1\" href=\"https:\/\/exceladvisor.org\/wp-content\/uploads\/2023\/11\/decalage-horaire-2.xlsx\" rel=\"nofollow\">Herunterladen<\/a><\/p><\/div><h2 class=\"wp-block-heading\"> Abschluss<\/h2><p> F\u00fcr Excel-Benutzer, die mit Zeitdaten arbeiten, ist es sehr wichtig, verschiedene Methoden zu kennen, um die Differenz zwischen zwei Zeiten zu ermitteln.<\/p><p> Und alle Methoden, die wir oben verwendet haben, k\u00f6nnen in verschiedenen Situationen verwendet werden, und ich bin sicher, dass Sie sie alle n\u00fctzlich fanden.<\/p><p> Aber eines musst du mir sagen.<\/p><p> <em>Kennen Sie eine andere Methode, mit der Sie die Differenz zwischen Startzeit und Endzeit ermitteln k\u00f6nnen?<\/em><\/p><p> Teilen Sie mir Ihre Gedanken im Kommentarbereich mit. Ich w\u00fcrde gerne von Ihnen h\u00f6ren und diesen Tipp unbedingt mit Ihren Freunden teilen. <\/p><div class=\"wp-block-group more-tutorials is-layout-flow\"><div class=\"wp-block-group__inner-container\"><h2 class=\"wp-block-heading\"> Weitere Formeln <\/h2><div class=\"wp-block-columns is-layout-flex wp-container-135\"><div class=\"wp-block-column is-layout-flow\"><ul><li> <a href=\"https:\/\/exceladvisor.org\/de\/fugen-sie-stunden-hinzu\/\">Addieren Sie Stunden zur Zeit in Excel<\/a><\/li><li> <a href=\"https:\/\/exceladvisor.org\/de\/fugen-sie-der-zeit-minuten-hinzu\/\">Addieren Sie Minuten zur Zeit in Excel<\/a><\/li><li> <a href=\"https:\/\/exceladvisor.org\/de\/zeitformat-andern\/\">Zeitformat in Excel \u00e4ndern<\/a><\/li><li> <a href=\"https:\/\/exceladvisor.org\/de\/wehrdienst\/\">Milit\u00e4rzeit (erhalten und subtrahieren) in Excel<\/a><\/li><li> <a href=\"https:\/\/exceladvisor.org\/de\/separates-datum-und-uhrzeit-2\/\">Separates Datum und Uhrzeit in Excel<\/a><\/li><\/ul><\/div><\/div><\/div><\/div>","protected":false},"excerpt":{"rendered":"","protected":false},"author":1,"featured_media":0,"parent":0,"menu_order":0,"comment_status":"open","ping_status":"closed","template":"","meta":{"ub_ctt_via":"","footnotes":""},"class_list":["post-3250","page","type-page","status-publish","hentry"],"featured_image_src":null,"yoast_head":"<!-- This site is optimized with the Yoast SEO plugin v25.4 - https:\/\/yoast.com\/wordpress\/plugins\/seo\/ -->\n<title>Den Zeitunterschied zwischen zwei Stunden in Excel berechnen?<\/title>\n<meta name=\"description\" content=\"Wenn Sie mit Daten arbeiten, die \u00fcber Zeitwerte verf\u00fcgen, k\u00f6nnen die Tipps, die ich heute gebe, hilfreich f\u00fcr Sie sein ...\" \/>\n<meta name=\"robots\" content=\"index, follow, max-snippet:-1, max-image-preview:large, max-video-preview:-1\" \/>\n<link rel=\"canonical\" href=\"https:\/\/exceladvisor.org\/de\/zeitunterschied-berechnen\/\" \/>\n<meta property=\"og:locale\" content=\"de_DE\" \/>\n<meta property=\"og:type\" content=\"article\" \/>\n<meta property=\"og:title\" content=\"Den Zeitunterschied zwischen zwei Stunden in Excel berechnen?\" \/>\n<meta property=\"og:description\" content=\"Wenn Sie mit Daten arbeiten, die \u00fcber Zeitwerte verf\u00fcgen, k\u00f6nnen die Tipps, die ich heute gebe, hilfreich f\u00fcr Sie sein ...\" \/>\n<meta property=\"og:url\" content=\"https:\/\/exceladvisor.org\/de\/zeitunterschied-berechnen\/\" \/>\n<meta property=\"og:site_name\" content=\"Excel Advisor\" \/>\n<meta property=\"article:modified_time\" content=\"2023-12-03T11:14:09+00:00\" \/>\n<meta property=\"og:image\" content=\"https:\/\/exceladvisor.org\/wp-content\/uploads\/2023\/08\/calculer-la-difference-de-temps-entre-le-debut-et-la-fin-min.png\" \/>\n<meta name=\"twitter:card\" content=\"summary_large_image\" \/>\n<meta name=\"twitter:label1\" content=\"Gesch\u00e4tzte Lesezeit\" \/>\n\t<meta name=\"twitter:data1\" content=\"5\u00a0Minuten\" \/>\n<script type=\"application\/ld+json\" class=\"yoast-schema-graph\">{\"@context\":\"https:\/\/schema.org\",\"@graph\":[{\"@type\":\"WebPage\",\"@id\":\"https:\/\/exceladvisor.org\/de\/zeitunterschied-berechnen\/\",\"url\":\"https:\/\/exceladvisor.org\/de\/zeitunterschied-berechnen\/\",\"name\":\"Den Zeitunterschied zwischen zwei Stunden in Excel berechnen?\",\"isPartOf\":{\"@id\":\"https:\/\/exceladvisor.org\/de\/#website\"},\"primaryImageOfPage\":{\"@id\":\"https:\/\/exceladvisor.org\/de\/zeitunterschied-berechnen\/#primaryimage\"},\"image\":{\"@id\":\"https:\/\/exceladvisor.org\/de\/zeitunterschied-berechnen\/#primaryimage\"},\"thumbnailUrl\":\"https:\/\/exceladvisor.org\/wp-content\/uploads\/2023\/08\/calculer-la-difference-de-temps-entre-le-debut-et-la-fin-min.png\",\"datePublished\":\"2023-11-06T22:45:58+00:00\",\"dateModified\":\"2023-12-03T11:14:09+00:00\",\"description\":\"Wenn Sie mit Daten arbeiten, die \u00fcber Zeitwerte verf\u00fcgen, k\u00f6nnen die Tipps, die ich heute gebe, hilfreich f\u00fcr Sie sein ...\",\"breadcrumb\":{\"@id\":\"https:\/\/exceladvisor.org\/de\/zeitunterschied-berechnen\/#breadcrumb\"},\"inLanguage\":\"de\",\"potentialAction\":[{\"@type\":\"ReadAction\",\"target\":[\"https:\/\/exceladvisor.org\/de\/zeitunterschied-berechnen\/\"]}]},{\"@type\":\"ImageObject\",\"inLanguage\":\"de\",\"@id\":\"https:\/\/exceladvisor.org\/de\/zeitunterschied-berechnen\/#primaryimage\",\"url\":\"https:\/\/exceladvisor.org\/wp-content\/uploads\/2023\/08\/calculer-la-difference-de-temps-entre-le-debut-et-la-fin-min.png\",\"contentUrl\":\"https:\/\/exceladvisor.org\/wp-content\/uploads\/2023\/08\/calculer-la-difference-de-temps-entre-le-debut-et-la-fin-min.png\"},{\"@type\":\"BreadcrumbList\",\"@id\":\"https:\/\/exceladvisor.org\/de\/zeitunterschied-berechnen\/#breadcrumb\",\"itemListElement\":[{\"@type\":\"ListItem\",\"position\":1,\"name\":\"Accueil\",\"item\":\"https:\/\/exceladvisor.org\/de\/\"},{\"@type\":\"ListItem\",\"position\":2,\"name\":\"Wie berechnet man den zeitunterschied zwischen zwei stunden?\"}]},{\"@type\":\"WebSite\",\"@id\":\"https:\/\/exceladvisor.org\/de\/#website\",\"url\":\"https:\/\/exceladvisor.org\/de\/\",\"name\":\"Excel Advisor\",\"description\":\"Ihr Leitfaden zur Datendominanz\",\"publisher\":{\"@id\":\"https:\/\/exceladvisor.org\/de\/#organization\"},\"potentialAction\":[{\"@type\":\"SearchAction\",\"target\":{\"@type\":\"EntryPoint\",\"urlTemplate\":\"https:\/\/exceladvisor.org\/de\/?s={search_term_string}\"},\"query-input\":{\"@type\":\"PropertyValueSpecification\",\"valueRequired\":true,\"valueName\":\"search_term_string\"}}],\"inLanguage\":\"de\"},{\"@type\":\"Organization\",\"@id\":\"https:\/\/exceladvisor.org\/de\/#organization\",\"name\":\"Excel Advisor\",\"url\":\"https:\/\/exceladvisor.org\/de\/\",\"logo\":{\"@type\":\"ImageObject\",\"inLanguage\":\"de\",\"@id\":\"https:\/\/exceladvisor.org\/de\/#\/schema\/logo\/image\/\",\"url\":\"https:\/\/exceladvisor.org\/de\/wp-content\/uploads\/2023\/11\/exceladvisor.org_.png\",\"contentUrl\":\"https:\/\/exceladvisor.org\/de\/wp-content\/uploads\/2023\/11\/exceladvisor.org_.png\",\"width\":105,\"height\":36,\"caption\":\"Excel Advisor\"},\"image\":{\"@id\":\"https:\/\/exceladvisor.org\/de\/#\/schema\/logo\/image\/\"}}]}<\/script>\n<!-- \/ Yoast SEO plugin. -->","yoast_head_json":{"title":"Den Zeitunterschied zwischen zwei Stunden in Excel berechnen?","description":"Wenn Sie mit Daten arbeiten, die \u00fcber Zeitwerte verf\u00fcgen, k\u00f6nnen die Tipps, die ich heute gebe, hilfreich f\u00fcr Sie sein ...","robots":{"index":"index","follow":"follow","max-snippet":"max-snippet:-1","max-image-preview":"max-image-preview:large","max-video-preview":"max-video-preview:-1"},"canonical":"https:\/\/exceladvisor.org\/de\/zeitunterschied-berechnen\/","og_locale":"de_DE","og_type":"article","og_title":"Den Zeitunterschied zwischen zwei Stunden in Excel berechnen?","og_description":"Wenn Sie mit Daten arbeiten, die \u00fcber Zeitwerte verf\u00fcgen, k\u00f6nnen die Tipps, die ich heute gebe, hilfreich f\u00fcr Sie sein ...","og_url":"https:\/\/exceladvisor.org\/de\/zeitunterschied-berechnen\/","og_site_name":"Excel Advisor","article_modified_time":"2023-12-03T11:14:09+00:00","og_image":[{"url":"https:\/\/exceladvisor.org\/wp-content\/uploads\/2023\/08\/calculer-la-difference-de-temps-entre-le-debut-et-la-fin-min.png","type":"","width":"","height":""}],"twitter_card":"summary_large_image","twitter_misc":{"Gesch\u00e4tzte Lesezeit":"5\u00a0Minuten"},"schema":{"@context":"https:\/\/schema.org","@graph":[{"@type":"WebPage","@id":"https:\/\/exceladvisor.org\/de\/zeitunterschied-berechnen\/","url":"https:\/\/exceladvisor.org\/de\/zeitunterschied-berechnen\/","name":"Den Zeitunterschied zwischen zwei Stunden in Excel berechnen?","isPartOf":{"@id":"https:\/\/exceladvisor.org\/de\/#website"},"primaryImageOfPage":{"@id":"https:\/\/exceladvisor.org\/de\/zeitunterschied-berechnen\/#primaryimage"},"image":{"@id":"https:\/\/exceladvisor.org\/de\/zeitunterschied-berechnen\/#primaryimage"},"thumbnailUrl":"https:\/\/exceladvisor.org\/wp-content\/uploads\/2023\/08\/calculer-la-difference-de-temps-entre-le-debut-et-la-fin-min.png","datePublished":"2023-11-06T22:45:58+00:00","dateModified":"2023-12-03T11:14:09+00:00","description":"Wenn Sie mit Daten arbeiten, die \u00fcber Zeitwerte verf\u00fcgen, k\u00f6nnen die Tipps, die ich heute gebe, hilfreich f\u00fcr Sie sein ...","breadcrumb":{"@id":"https:\/\/exceladvisor.org\/de\/zeitunterschied-berechnen\/#breadcrumb"},"inLanguage":"de","potentialAction":[{"@type":"ReadAction","target":["https:\/\/exceladvisor.org\/de\/zeitunterschied-berechnen\/"]}]},{"@type":"ImageObject","inLanguage":"de","@id":"https:\/\/exceladvisor.org\/de\/zeitunterschied-berechnen\/#primaryimage","url":"https:\/\/exceladvisor.org\/wp-content\/uploads\/2023\/08\/calculer-la-difference-de-temps-entre-le-debut-et-la-fin-min.png","contentUrl":"https:\/\/exceladvisor.org\/wp-content\/uploads\/2023\/08\/calculer-la-difference-de-temps-entre-le-debut-et-la-fin-min.png"},{"@type":"BreadcrumbList","@id":"https:\/\/exceladvisor.org\/de\/zeitunterschied-berechnen\/#breadcrumb","itemListElement":[{"@type":"ListItem","position":1,"name":"Accueil","item":"https:\/\/exceladvisor.org\/de\/"},{"@type":"ListItem","position":2,"name":"Wie berechnet man den zeitunterschied zwischen zwei stunden?"}]},{"@type":"WebSite","@id":"https:\/\/exceladvisor.org\/de\/#website","url":"https:\/\/exceladvisor.org\/de\/","name":"Excel Advisor","description":"Ihr Leitfaden zur Datendominanz","publisher":{"@id":"https:\/\/exceladvisor.org\/de\/#organization"},"potentialAction":[{"@type":"SearchAction","target":{"@type":"EntryPoint","urlTemplate":"https:\/\/exceladvisor.org\/de\/?s={search_term_string}"},"query-input":{"@type":"PropertyValueSpecification","valueRequired":true,"valueName":"search_term_string"}}],"inLanguage":"de"},{"@type":"Organization","@id":"https:\/\/exceladvisor.org\/de\/#organization","name":"Excel Advisor","url":"https:\/\/exceladvisor.org\/de\/","logo":{"@type":"ImageObject","inLanguage":"de","@id":"https:\/\/exceladvisor.org\/de\/#\/schema\/logo\/image\/","url":"https:\/\/exceladvisor.org\/de\/wp-content\/uploads\/2023\/11\/exceladvisor.org_.png","contentUrl":"https:\/\/exceladvisor.org\/de\/wp-content\/uploads\/2023\/11\/exceladvisor.org_.png","width":105,"height":36,"caption":"Excel Advisor"},"image":{"@id":"https:\/\/exceladvisor.org\/de\/#\/schema\/logo\/image\/"}}]}},"yoast_meta":{"yoast_wpseo_title":"","yoast_wpseo_metadesc":"","yoast_wpseo_canonical":""},"_links":{"self":[{"href":"https:\/\/exceladvisor.org\/de\/wp-json\/wp\/v2\/pages\/3250","targetHints":{"allow":["GET"]}}],"collection":[{"href":"https:\/\/exceladvisor.org\/de\/wp-json\/wp\/v2\/pages"}],"about":[{"href":"https:\/\/exceladvisor.org\/de\/wp-json\/wp\/v2\/types\/page"}],"author":[{"embeddable":true,"href":"https:\/\/exceladvisor.org\/de\/wp-json\/wp\/v2\/users\/1"}],"replies":[{"embeddable":true,"href":"https:\/\/exceladvisor.org\/de\/wp-json\/wp\/v2\/comments?post=3250"}],"version-history":[{"count":1,"href":"https:\/\/exceladvisor.org\/de\/wp-json\/wp\/v2\/pages\/3250\/revisions"}],"predecessor-version":[{"id":3887,"href":"https:\/\/exceladvisor.org\/de\/wp-json\/wp\/v2\/pages\/3250\/revisions\/3887"}],"wp:attachment":[{"href":"https:\/\/exceladvisor.org\/de\/wp-json\/wp\/v2\/media?parent=3250"}],"curies":[{"name":"wp","href":"https:\/\/api.w.org\/{rel}","templated":true}]}}