{"id":3251,"date":"2023-11-06T18:01:27","date_gmt":"2023-11-06T18:01:27","guid":{"rendered":"https:\/\/exceladvisor.org\/de\/zelle-enthalt-text\/"},"modified":"2023-12-03T11:21:53","modified_gmt":"2023-12-03T11:21:53","slug":"zelle-enthalt-text","status":"publish","type":"page","link":"https:\/\/exceladvisor.org\/de\/zelle-enthalt-text\/","title":{"rendered":"Wie kann ich einen bestimmten text in excel hervorheben?"},"content":{"rendered":"<div class=\"excel-vor-dem-inhalt\" id=\"excel-1058196711\"><script type=\"text\/javascript\">\r\n\tatOptions = {\r\n\t\t'key' : 'c1158f160081d6540a8409e6925dab94',\r\n\t\t'format' : 'iframe',\r\n\t\t'height' : 250,\r\n\t\t'width' : 300,\r\n\t\t'params' : {}\r\n\t};\r\n<\/script>\r\n<script type=\"text\/javascript\" src=\"\/\/www.highperformanceformat.com\/c1158f160081d6540a8409e6925dab94\/invoke.js\"><\/script><\/div> <p>In Excel k\u00f6nnen Sie, genau wie bei einer Formel, die bedingte Formatierung verwenden, um eine Zelle hervorzuheben, wenn sie bestimmten Text enth\u00e4lt. Hierzu gibt es zwei M\u00f6glichkeiten:<\/p><ul><li> Vordefinierte Option<\/li><li> Personalisierte Formel<\/li><\/ul><p> Und in diesem Tutorial lernen wir beide Methoden.<\/p><h2 class=\"wp-block-heading\"> Zellen mit Text<\/h2><ol><li> W\u00e4hlen Sie den Bereich aus, auf den Sie die bedingte Formatierung anwenden m\u00f6chten. <br><img loading=\"lazy\" decoding=\"async\" class=\"alignnone  wp-image-11894\" src=\"https:\/\/exceladvisor.org\/wp-content\/uploads\/2023\/11\/cellules-contenant-un-textes.jpg\" alt=\"Zellen, die Text enthalten\" width=\"245\" height=\"231\"><\/li><li> Gehen Sie als N\u00e4chstes zur Registerkarte \u201eStartseite\u201c &gt; \u201eBedingte Formatierung\u201c &gt; \u201eZellenhervorhebungsregel\u201c &gt; \u201eEnthaltender Text\u201c. <br><img loading=\"lazy\" decoding=\"async\" title=\"2-markieren Sie den Zellregeltext, der enth\u00e4lt\" src=\"https:\/\/exceladvisor.org\/wp-content\/uploads\/2023\/08\/2-mettez-en-surbrillance-le-texte-de-la-regle-de-cellule-qui-contient.png\" sizes=\"auto, \" srcset=\"\" alt=\"2-highlight-cell-rule-text-that-contains\" width=\"507\" height=\"431\"><\/li><li> Geben Sie dann im Dialogfeld den Text ein, nach dem Sie in den Daten suchen m\u00f6chten, und w\u00e4hlen Sie die Formatierung aus, die Sie auf die entsprechenden Zellen anwenden m\u00f6chten.<\/li><li> Klicken Sie abschlie\u00dfend auf OK, um die bedingte Formatierung anzuwenden.<\/li><\/ol><p> Und wenn Sie auf OK klicken, werden alle Zellen hervorgehoben, die den Text \u201eDaten\u201c enthalten.<\/p><h2 class=\"wp-block-heading\"> Markieren Sie Zellen mit Text mithilfe einer benutzerdefinierten Formel<\/h2><p> Und die gleiche Formatierung kann mit einer benutzerdefinierten Formel durchgef\u00fchrt werden, und diese Methode hat einen Vorteil.<\/p><p> Sie k\u00f6nnen eine Zelle f\u00fcr den Text angeben, nach dem Sie in den Daten suchen m\u00f6chten. Dies macht es zu einer dynamischen Methode; Sie m\u00fcssen die Option zur bedingten Formatierung nicht \u00f6ffnen, um sie zu bearbeiten.<\/p><ol><li> W\u00e4hlen Sie die Daten aus und gehen Sie zur Registerkarte \u201eStartseite\u201c &gt; \u201eBedingte Formatierung\u201c &gt; \u201eNeue Regel\u201c. <br><img loading=\"lazy\" decoding=\"async\" title=\"5-Bereich-Neue-Regel ausw\u00e4hlen\" src=\"https:\/\/exceladvisor.org\/wp-content\/uploads\/2023\/08\/5-selectionner-une-nouvelle-regle-de-plage.png\" sizes=\"auto, \" srcset=\"\" alt=\"5-select-range-new-rule\" width=\"351\" height=\"436\"><\/li><li> Klicken Sie im Dialogfeld \u201eNeue Regel\u201c auf \u201eFormel verwenden, um zu bestimmen, welche Zelle formatiert werden soll\u201c und geben Sie diese Formel in die Formeleingabeleiste ein =AND($C$1&lt;&gt; \u00bb\u201c,SEARCH($C $1,A1) &gt;0) <br><img loading=\"lazy\" decoding=\"async\" title=\"6-w\u00e4hlen-Sie-eine-Formel-verwenden-um-die-Formel-zu-bestimmen-und-einzugeben\" src=\"https:\/\/exceladvisor.org\/wp-content\/uploads\/2023\/08\/6-choisir-utiliser-une-formule-pour-determiner-et-entrer-la-formule.png\" sizes=\"auto, \" srcset=\"\" alt=\"6-choose-use-a-formula-to-determine-and-enter-formula\" width=\"540\" height=\"390\"><\/li><li> Klicken Sie anschlie\u00dfend auf \u201eFormat\u2026\u201c, um das Format anzugeben, das Sie auf die entsprechenden Zellen anwenden m\u00f6chten. <br><img loading=\"lazy\" decoding=\"async\" title=\"Formatieren Sie mit 7 Klicks, um das Format anzuwenden\" src=\"https:\/\/exceladvisor.org\/wp-content\/uploads\/2023\/08\/Format-en-7-clics-pour-appliquer-le-format.png\" sizes=\"auto, \" srcset=\"\" alt=\"7-click-format-to-apply-format\" width=\"554\" height=\"203\"><\/li><li> Klicken Sie abschlie\u00dfend im Dialogfeld auf \u201eOK\u201c und dann erneut auf \u201eOK\u201c, um die Formatierung anzuwenden.<\/li><\/ol><p> Wenn Sie den Text in Zelle A1 bearbeiten, \u00e4ndert sich die bedingte Formatierung in den Daten.<\/p><p> Die von uns verwendete Formel beschreibt zwei Bedingungen:<\/p><ul><li> Ob Zelle C1 leer ist oder nicht.<\/li><li> Ist der angegebene Text in den Daten enthalten oder nicht?<\/li><\/ul><p> Wenn beide Bedingungen erf\u00fcllt sind, werden die Zellen hervorgehoben, die diesen Text enthalten. <\/p><div class=\"gb-container gb-container-52dfcee1 gb-container-sample-file\"><h2 class=\"gb-headline gb-headline-e289c143 gb-headline-text gb-headline-4f7959c2\"> Holen Sie sich die Excel-Datei<\/h2><p> <a class=\"gb-button gb-button-e88d6bee gb-button-text gb-button-button1\" href=\"https:\/\/exceladvisor.org\/wp-content\/uploads\/2023\/11\/mise-en-forme-conditionnelle-de-texte-specifique.xlsx\" rel=\"nofollow\">Herunterladen<\/a><\/p><\/div><div class=\"gb-container gb-container-6076ba72 gb-container-mt\"> <a class=\"gb-button gb-button-76e6a499 gb-button-text gb-button-mt-button\" href=\"https:\/\/exceladvisor.org\/de\/excel-grundlagen\/\">Lernen Sie die Grundlagen von Excel<\/a><h2 class=\"gb-headline gb-headline-a9e9e206 gb-headline-text gb-headline-mt-heading\"> Erfahren Sie mehr \u00fcber <a href=\"https:\/\/exceladvisor.org\/de\/bedingte-formatierung\/\">bedingte Formatierung<\/a> <\/h2><div class=\"gb-grid-wrapper gb-grid-wrapper-790317cb gb-grid-wrapper-mt-grid\"><div class=\"gb-grid-column gb-grid-column-a9845ede\"><div class=\"gb-container gb-container-a9845ede\"><ul><li> <a href=\"https:\/\/exceladvisor.org\/de\/wenden-sie-eine-bedingte-formatierung-an\/\">Wenden Sie eine bedingte Formatierung auf eine Pivot-Tabelle an<\/a><\/li><li> <a href=\"https:\/\/exceladvisor.org\/de\/zuruckziehen\/\">Bedingte Formatierung entfernen<\/a><\/li><li> <a href=\"https:\/\/exceladvisor.org\/de\/leere-zellen\/\">Wenden Sie bedingte Formatierung auf leere Zellen in Excel an<\/a> <\/li><\/ul><\/div><\/div><div class=\"gb-grid-column gb-grid-column-ec8ff319\"><div class=\"gb-container gb-container-ec8ff319\"><ul><li> <a href=\"https:\/\/exceladvisor.org\/de\/es-funktioniert-nicht\/\">Warum bedingte Formatierung in Excel nicht funktioniert<\/a><\/li><li> <a href=\"https:\/\/exceladvisor.org\/de\/basierend-auf-datum-2\/\">Wenden Sie eine bedingte Formatierung basierend auf einem Datum an<\/a><\/li><li> <a href=\"https:\/\/exceladvisor.org\/de\/farbskalen\/\">Anwenden von Farbskalen mithilfe bedingter Formatierung<\/a><\/li><\/ul><\/div><\/div><\/div><\/div>","protected":false},"excerpt":{"rendered":"","protected":false},"author":1,"featured_media":0,"parent":0,"menu_order":0,"comment_status":"open","ping_status":"closed","template":"","meta":{"ub_ctt_via":"","footnotes":""},"class_list":["post-3251","page","type-page","status-publish","hentry"],"featured_image_src":null,"yoast_head":"<!-- This site is optimized with the Yoast SEO plugin v25.4 - https:\/\/yoast.com\/wordpress\/plugins\/seo\/ -->\n<title>Wie kann ich einen bestimmten Text in Excel hervorheben?<\/title>\n<meta name=\"description\" content=\"Dieses Tutorial hilft Ihnen, die bedingte Formatierung zu verwenden, um eine Zelle hervorzuheben, wenn sie bestimmten Text enth\u00e4lt.\" \/>\n<meta name=\"robots\" content=\"index, follow, max-snippet:-1, max-image-preview:large, max-video-preview:-1\" \/>\n<link rel=\"canonical\" href=\"https:\/\/exceladvisor.org\/de\/zelle-enthalt-text\/\" \/>\n<meta property=\"og:locale\" content=\"de_DE\" \/>\n<meta property=\"og:type\" content=\"article\" \/>\n<meta property=\"og:title\" content=\"Wie kann ich einen bestimmten Text in Excel hervorheben?\" \/>\n<meta property=\"og:description\" content=\"Dieses Tutorial hilft Ihnen, die bedingte Formatierung zu verwenden, um eine Zelle hervorzuheben, wenn sie bestimmten Text enth\u00e4lt.\" \/>\n<meta property=\"og:url\" content=\"https:\/\/exceladvisor.org\/de\/zelle-enthalt-text\/\" \/>\n<meta property=\"og:site_name\" content=\"Excel Advisor\" \/>\n<meta property=\"article:modified_time\" content=\"2023-12-03T11:21:53+00:00\" \/>\n<meta property=\"og:image\" content=\"https:\/\/exceladvisor.org\/wp-content\/uploads\/2023\/11\/cellules-contenant-un-textes.jpg\" \/>\n<meta name=\"twitter:card\" content=\"summary_large_image\" \/>\n<meta name=\"twitter:label1\" content=\"Gesch\u00e4tzte Lesezeit\" \/>\n\t<meta name=\"twitter:data1\" content=\"2\u00a0Minuten\" \/>\n<script type=\"application\/ld+json\" class=\"yoast-schema-graph\">{\"@context\":\"https:\/\/schema.org\",\"@graph\":[{\"@type\":\"WebPage\",\"@id\":\"https:\/\/exceladvisor.org\/de\/zelle-enthalt-text\/\",\"url\":\"https:\/\/exceladvisor.org\/de\/zelle-enthalt-text\/\",\"name\":\"Wie kann ich einen bestimmten Text in Excel hervorheben?\",\"isPartOf\":{\"@id\":\"https:\/\/exceladvisor.org\/de\/#website\"},\"primaryImageOfPage\":{\"@id\":\"https:\/\/exceladvisor.org\/de\/zelle-enthalt-text\/#primaryimage\"},\"image\":{\"@id\":\"https:\/\/exceladvisor.org\/de\/zelle-enthalt-text\/#primaryimage\"},\"thumbnailUrl\":\"https:\/\/exceladvisor.org\/wp-content\/uploads\/2023\/11\/cellules-contenant-un-textes.jpg\",\"datePublished\":\"2023-11-06T18:01:27+00:00\",\"dateModified\":\"2023-12-03T11:21:53+00:00\",\"description\":\"Dieses Tutorial hilft Ihnen, die bedingte Formatierung zu verwenden, um eine Zelle hervorzuheben, wenn sie bestimmten Text enth\u00e4lt.\",\"breadcrumb\":{\"@id\":\"https:\/\/exceladvisor.org\/de\/zelle-enthalt-text\/#breadcrumb\"},\"inLanguage\":\"de\",\"potentialAction\":[{\"@type\":\"ReadAction\",\"target\":[\"https:\/\/exceladvisor.org\/de\/zelle-enthalt-text\/\"]}]},{\"@type\":\"ImageObject\",\"inLanguage\":\"de\",\"@id\":\"https:\/\/exceladvisor.org\/de\/zelle-enthalt-text\/#primaryimage\",\"url\":\"https:\/\/exceladvisor.org\/wp-content\/uploads\/2023\/11\/cellules-contenant-un-textes.jpg\",\"contentUrl\":\"https:\/\/exceladvisor.org\/wp-content\/uploads\/2023\/11\/cellules-contenant-un-textes.jpg\"},{\"@type\":\"BreadcrumbList\",\"@id\":\"https:\/\/exceladvisor.org\/de\/zelle-enthalt-text\/#breadcrumb\",\"itemListElement\":[{\"@type\":\"ListItem\",\"position\":1,\"name\":\"Accueil\",\"item\":\"https:\/\/exceladvisor.org\/de\/\"},{\"@type\":\"ListItem\",\"position\":2,\"name\":\"Wie kann ich einen bestimmten text in excel hervorheben?\"}]},{\"@type\":\"WebSite\",\"@id\":\"https:\/\/exceladvisor.org\/de\/#website\",\"url\":\"https:\/\/exceladvisor.org\/de\/\",\"name\":\"Excel Advisor\",\"description\":\"Ihr Leitfaden zur Datendominanz\",\"publisher\":{\"@id\":\"https:\/\/exceladvisor.org\/de\/#organization\"},\"potentialAction\":[{\"@type\":\"SearchAction\",\"target\":{\"@type\":\"EntryPoint\",\"urlTemplate\":\"https:\/\/exceladvisor.org\/de\/?s={search_term_string}\"},\"query-input\":{\"@type\":\"PropertyValueSpecification\",\"valueRequired\":true,\"valueName\":\"search_term_string\"}}],\"inLanguage\":\"de\"},{\"@type\":\"Organization\",\"@id\":\"https:\/\/exceladvisor.org\/de\/#organization\",\"name\":\"Excel Advisor\",\"url\":\"https:\/\/exceladvisor.org\/de\/\",\"logo\":{\"@type\":\"ImageObject\",\"inLanguage\":\"de\",\"@id\":\"https:\/\/exceladvisor.org\/de\/#\/schema\/logo\/image\/\",\"url\":\"https:\/\/exceladvisor.org\/de\/wp-content\/uploads\/2023\/11\/exceladvisor.org_.png\",\"contentUrl\":\"https:\/\/exceladvisor.org\/de\/wp-content\/uploads\/2023\/11\/exceladvisor.org_.png\",\"width\":105,\"height\":36,\"caption\":\"Excel Advisor\"},\"image\":{\"@id\":\"https:\/\/exceladvisor.org\/de\/#\/schema\/logo\/image\/\"}}]}<\/script>\n<!-- \/ Yoast SEO plugin. -->","yoast_head_json":{"title":"Wie kann ich einen bestimmten Text in Excel hervorheben?","description":"Dieses Tutorial hilft Ihnen, die bedingte Formatierung zu verwenden, um eine Zelle hervorzuheben, wenn sie bestimmten Text enth\u00e4lt.","robots":{"index":"index","follow":"follow","max-snippet":"max-snippet:-1","max-image-preview":"max-image-preview:large","max-video-preview":"max-video-preview:-1"},"canonical":"https:\/\/exceladvisor.org\/de\/zelle-enthalt-text\/","og_locale":"de_DE","og_type":"article","og_title":"Wie kann ich einen bestimmten Text in Excel hervorheben?","og_description":"Dieses Tutorial hilft Ihnen, die bedingte Formatierung zu verwenden, um eine Zelle hervorzuheben, wenn sie bestimmten Text enth\u00e4lt.","og_url":"https:\/\/exceladvisor.org\/de\/zelle-enthalt-text\/","og_site_name":"Excel Advisor","article_modified_time":"2023-12-03T11:21:53+00:00","og_image":[{"url":"https:\/\/exceladvisor.org\/wp-content\/uploads\/2023\/11\/cellules-contenant-un-textes.jpg","type":"","width":"","height":""}],"twitter_card":"summary_large_image","twitter_misc":{"Gesch\u00e4tzte Lesezeit":"2\u00a0Minuten"},"schema":{"@context":"https:\/\/schema.org","@graph":[{"@type":"WebPage","@id":"https:\/\/exceladvisor.org\/de\/zelle-enthalt-text\/","url":"https:\/\/exceladvisor.org\/de\/zelle-enthalt-text\/","name":"Wie kann ich einen bestimmten Text in Excel hervorheben?","isPartOf":{"@id":"https:\/\/exceladvisor.org\/de\/#website"},"primaryImageOfPage":{"@id":"https:\/\/exceladvisor.org\/de\/zelle-enthalt-text\/#primaryimage"},"image":{"@id":"https:\/\/exceladvisor.org\/de\/zelle-enthalt-text\/#primaryimage"},"thumbnailUrl":"https:\/\/exceladvisor.org\/wp-content\/uploads\/2023\/11\/cellules-contenant-un-textes.jpg","datePublished":"2023-11-06T18:01:27+00:00","dateModified":"2023-12-03T11:21:53+00:00","description":"Dieses Tutorial hilft Ihnen, die bedingte Formatierung zu verwenden, um eine Zelle hervorzuheben, wenn sie bestimmten Text enth\u00e4lt.","breadcrumb":{"@id":"https:\/\/exceladvisor.org\/de\/zelle-enthalt-text\/#breadcrumb"},"inLanguage":"de","potentialAction":[{"@type":"ReadAction","target":["https:\/\/exceladvisor.org\/de\/zelle-enthalt-text\/"]}]},{"@type":"ImageObject","inLanguage":"de","@id":"https:\/\/exceladvisor.org\/de\/zelle-enthalt-text\/#primaryimage","url":"https:\/\/exceladvisor.org\/wp-content\/uploads\/2023\/11\/cellules-contenant-un-textes.jpg","contentUrl":"https:\/\/exceladvisor.org\/wp-content\/uploads\/2023\/11\/cellules-contenant-un-textes.jpg"},{"@type":"BreadcrumbList","@id":"https:\/\/exceladvisor.org\/de\/zelle-enthalt-text\/#breadcrumb","itemListElement":[{"@type":"ListItem","position":1,"name":"Accueil","item":"https:\/\/exceladvisor.org\/de\/"},{"@type":"ListItem","position":2,"name":"Wie kann ich einen bestimmten text in excel hervorheben?"}]},{"@type":"WebSite","@id":"https:\/\/exceladvisor.org\/de\/#website","url":"https:\/\/exceladvisor.org\/de\/","name":"Excel Advisor","description":"Ihr Leitfaden zur Datendominanz","publisher":{"@id":"https:\/\/exceladvisor.org\/de\/#organization"},"potentialAction":[{"@type":"SearchAction","target":{"@type":"EntryPoint","urlTemplate":"https:\/\/exceladvisor.org\/de\/?s={search_term_string}"},"query-input":{"@type":"PropertyValueSpecification","valueRequired":true,"valueName":"search_term_string"}}],"inLanguage":"de"},{"@type":"Organization","@id":"https:\/\/exceladvisor.org\/de\/#organization","name":"Excel Advisor","url":"https:\/\/exceladvisor.org\/de\/","logo":{"@type":"ImageObject","inLanguage":"de","@id":"https:\/\/exceladvisor.org\/de\/#\/schema\/logo\/image\/","url":"https:\/\/exceladvisor.org\/de\/wp-content\/uploads\/2023\/11\/exceladvisor.org_.png","contentUrl":"https:\/\/exceladvisor.org\/de\/wp-content\/uploads\/2023\/11\/exceladvisor.org_.png","width":105,"height":36,"caption":"Excel Advisor"},"image":{"@id":"https:\/\/exceladvisor.org\/de\/#\/schema\/logo\/image\/"}}]}},"yoast_meta":{"yoast_wpseo_title":"","yoast_wpseo_metadesc":"","yoast_wpseo_canonical":""},"_links":{"self":[{"href":"https:\/\/exceladvisor.org\/de\/wp-json\/wp\/v2\/pages\/3251","targetHints":{"allow":["GET"]}}],"collection":[{"href":"https:\/\/exceladvisor.org\/de\/wp-json\/wp\/v2\/pages"}],"about":[{"href":"https:\/\/exceladvisor.org\/de\/wp-json\/wp\/v2\/types\/page"}],"author":[{"embeddable":true,"href":"https:\/\/exceladvisor.org\/de\/wp-json\/wp\/v2\/users\/1"}],"replies":[{"embeddable":true,"href":"https:\/\/exceladvisor.org\/de\/wp-json\/wp\/v2\/comments?post=3251"}],"version-history":[{"count":1,"href":"https:\/\/exceladvisor.org\/de\/wp-json\/wp\/v2\/pages\/3251\/revisions"}],"predecessor-version":[{"id":4089,"href":"https:\/\/exceladvisor.org\/de\/wp-json\/wp\/v2\/pages\/3251\/revisions\/4089"}],"wp:attachment":[{"href":"https:\/\/exceladvisor.org\/de\/wp-json\/wp\/v2\/media?parent=3251"}],"curies":[{"name":"wp","href":"https:\/\/api.w.org\/{rel}","templated":true}]}}