{"id":3252,"date":"2023-11-06T17:36:48","date_gmt":"2023-11-06T17:36:48","guid":{"rendered":"https:\/\/exceladvisor.org\/de\/es-funktioniert-nicht\/"},"modified":"2023-12-03T11:13:09","modified_gmt":"2023-12-03T11:13:09","slug":"es-funktioniert-nicht","status":"publish","type":"page","link":"https:\/\/exceladvisor.org\/de\/es-funktioniert-nicht\/","title":{"rendered":"Wann funktioniert die bedingte formatierung?"},"content":{"rendered":"<div class=\"excel-vor-dem-inhalt\" id=\"excel-1620363101\"><script type=\"text\/javascript\">\r\n\tatOptions = {\r\n\t\t'key' : 'c1158f160081d6540a8409e6925dab94',\r\n\t\t'format' : 'iframe',\r\n\t\t'height' : 250,\r\n\t\t'width' : 300,\r\n\t\t'params' : {}\r\n\t};\r\n<\/script>\r\n<script type=\"text\/javascript\" src=\"\/\/www.highperformanceformat.com\/c1158f160081d6540a8409e6925dab94\/invoke.js\"><\/script><\/div> <p>Wenn Sie in Excel die bedingte Formatierung verwenden, ist die Wahrscheinlichkeit gro\u00df, dass Sie diese anwenden, aber sie funktioniert nicht. Und in dieser Situation m\u00fcssen Sie die von Ihnen verwendete Formatierung korrigieren.<\/p><p> Beim Anwenden vordefinierter bedingter Formatierungen treten m\u00f6glicherweise keine Probleme auf, bei der Verwendung benutzerdefinierter Formeln besteht jedoch eine Chance.<\/p><h2 class=\"wp-block-heading\"> Falsche Referenz<\/h2><p> Wenn Sie die bedingte Formatierung mithilfe der Formel anwenden, verweisen Sie m\u00f6glicherweise versehentlich auf eine andere Zelle. Sehen Sie sich das folgende Beispiel an: Der Bereich, in dem ich die bedingte Formatierungsregel anwenden m\u00f6chte, ist A2:A12. <\/p><div class=\"wp-block-image\"><figure class=\"aligncenter size-full is-resized\"><img loading=\"lazy\" decoding=\"async\" class=\"wp-image-90934\" src=\"https:\/\/exceladvisor.org\/wp-content\/uploads\/2023\/08\/1-reference-erronee.png\" sizes=\"auto, \" srcset=\"\" alt=\"falsche Referenz\" width=\"674\" height=\"419\"><\/figure><\/div><p> Und die Formel sollte sich auf Zelle A2 statt auf A1 beziehen. Und weil ich in der Formel auf A1 verwiesen habe, wurde die Regel falsch angewendet.<\/p><p> Sie k\u00f6nnen sehen, dass die Bedingung testet, ob der Wert gr\u00f6\u00dfer als 1200 ist oder nicht, und in der Zelle die Zelle auch dann hervorgehoben hat, wenn der Wert nicht gr\u00f6\u00dfer als 1200 ist. Dies alles aufgrund der falschen Referenz.<\/p><p> Wenn Sie mit bedingter Formatierung arbeiten, ist eine schlechte Referenzierung einer der Hauptgr\u00fcnde, warum sie nicht funktioniert.<\/p><h2 class=\"wp-block-heading\"> Das Ergebnis der Bedingung muss TRUE oder FALSE sein<\/h2><p> Wenn Sie eine Formel in der bedingten Formatierung verwenden, muss das Ergebnis dieser Formel WAHR oder FALSCH sein. Dann funktioniert nur die bedingte Formatierung. Das Ergebnis muss immer WAHR oder FALSCH sein, wenn Sie LOGISCHE OPERATOREN verwenden.<\/p><h2 class=\"wp-block-heading\"> Beim Kopieren und Einf\u00fcgen bedingter Formatierung<\/h2><p> Wenn Sie den absoluten Bezug in der Formel haben und versuchen, die bedingte Formatierung zu kopieren und in eine neue Zelle oder einen neuen Zellbereich einzuf\u00fcgen, wird das Format mit der falschen Bedingung angewendet. <\/p><div class=\"wp-block-image\"><figure class=\"aligncenter size-full is-resized\"><img loading=\"lazy\" decoding=\"async\" class=\"wp-image-90935\" src=\"https:\/\/exceladvisor.org\/wp-content\/uploads\/2023\/08\/2-copier-et-coller-la-mise-en-forme-conditionnelle.png\" sizes=\"auto, \" srcset=\"\" alt=\"Bedingte Formatierung durch Kopieren und Einf\u00fcgen\" width=\"614\" height=\"381\"><\/figure><\/div><p> Im obigen Beispiel ist unsere Referenz absolut; Sie k\u00f6nnen die Dollarzeichen sehen. Und wenn Sie versuchen, diese bedingte Formatierung zu kopieren und an einer neuen Stelle einzuf\u00fcgen, bezieht sie sich immer auf Zelle A2.<\/p><h2 class=\"wp-block-heading\"> Wenn Zahlen als Text formatiert sind<\/h2><p> Wenn Sie eine bedingte Formatierungsregel verwenden, bei der die Regel eine Bedingung f\u00fcr eine Zahl pr\u00fcfen muss, haben diese Zahlen ein Textformat. In diesem Fall funktioniert diese bedingte Formatierungsregel nicht ordnungsgem\u00e4\u00df. <\/p><div class=\"wp-block-image\"><figure class=\"aligncenter size-full is-resized\"><img loading=\"lazy\" decoding=\"async\" class=\"wp-image-90936\" src=\"https:\/\/exceladvisor.org\/wp-content\/uploads\/2023\/08\/3-lorsque-les-nombres-sont-formates-en-tant-que-texte.png\" sizes=\"auto, \" srcset=\"\" alt=\"Wenn Zahlen als Text formatiert werden\" width=\"668\" height=\"494\"><\/figure><\/div><p> Im obigen Beispiel verf\u00fcgen die Spalten A und B \u00fcber dieselbe bedingte Formatierungsregel, die auf Zahlen gr\u00f6\u00dfer als 1200 pr\u00fcft. In Spalte B wird die Zahl jedoch als Text eingegeben und das Regelformat hebt alle Zahlen hervor.<\/p><p> Im Vergleich dazu funktioniert in Spalte A, wo Zahlen als Zahlen gespeichert werden, die bedingte Formatierung gut. <\/p><div class=\"gb-container gb-container-52dfcee1 gb-container-sample-file\"><h2 class=\"gb-headline gb-headline-e289c143 gb-headline-text gb-headline-4f7959c2\"> Holen Sie sich die Excel-Datei<\/h2> <a class=\"gb-button gb-button-e88d6bee gb-button-text gb-button-button1\" href=\"https:\/\/exceladvisor.org\/wp-content\/uploads\/2023\/08\/la-mise-en-forme-conditionnelle-ne-fonctionne-pas.xlsx\" rel=\"nofollow\">Herunterladen<\/a><\/div><div class=\"gb-container gb-container-6076ba72 gb-container-mt\"> <a class=\"gb-button gb-button-76e6a499 gb-button-text gb-button-mt-button\" href=\"https:\/\/exceladvisor.org\/de\/excel-grundlagen\/\">Lernen Sie die Grundlagen von Excel<\/a><h2 class=\"gb-headline gb-headline-a9e9e206 gb-headline-text gb-headline-mt-heading\"> Erfahren Sie mehr \u00fcber <a href=\"https:\/\/exceladvisor.org\/de\/bedingte-formatierung\/\">bedingte Formatierung<\/a> <\/h2><div class=\"gb-grid-wrapper gb-grid-wrapper-790317cb gb-grid-wrapper-mt-grid\"><div class=\"gb-grid-column gb-grid-column-a9845ede\"><div class=\"gb-container gb-container-a9845ede\"><ul><li> <a href=\"https:\/\/exceladvisor.org\/de\/wenden-sie-eine-bedingte-formatierung-an\/\">Wenden Sie eine bedingte Formatierung auf eine Pivot-Tabelle an<\/a><\/li><li> <a href=\"https:\/\/exceladvisor.org\/de\/zuruckziehen\/\">Bedingte Formatierung entfernen<\/a><\/li><li> <a href=\"https:\/\/exceladvisor.org\/de\/leere-zellen\/\">Wenden Sie bedingte Formatierung auf leere Zellen in Excel an<\/a><\/li><li> <a href=\"https:\/\/exceladvisor.org\/de\/spalten-vergleichen\/\">Vergleichen Sie zwei Spalten mithilfe der bedingten Formatierung<\/a> <\/li><\/ul><\/div><\/div><div class=\"gb-grid-column gb-grid-column-ec8ff319\"><div class=\"gb-container gb-container-ec8ff319\"><\/div><\/div><\/div><\/div>","protected":false},"excerpt":{"rendered":"","protected":false},"author":1,"featured_media":0,"parent":0,"menu_order":0,"comment_status":"open","ping_status":"closed","template":"","meta":{"ub_ctt_via":"","footnotes":""},"class_list":["post-3252","page","type-page","status-publish","hentry"],"featured_image_src":null,"yoast_head":"<!-- This site is optimized with the Yoast SEO plugin v25.4 - https:\/\/yoast.com\/wordpress\/plugins\/seo\/ -->\n<title>Wenn die bedingte Formatierung in Excel nicht funktioniert?<\/title>\n<meta name=\"description\" content=\"Dieses Tutorial hilft Ihnen festzustellen, ob die bedingte Formatierung in Ihrer Excel-Datei funktioniert. Lassen Sie uns das \u00fcberpr\u00fcfen...\" \/>\n<meta name=\"robots\" content=\"index, follow, max-snippet:-1, max-image-preview:large, max-video-preview:-1\" \/>\n<link rel=\"canonical\" href=\"https:\/\/exceladvisor.org\/de\/es-funktioniert-nicht\/\" \/>\n<meta property=\"og:locale\" content=\"de_DE\" \/>\n<meta property=\"og:type\" content=\"article\" \/>\n<meta property=\"og:title\" content=\"Wenn die bedingte Formatierung in Excel nicht funktioniert?\" \/>\n<meta property=\"og:description\" content=\"Dieses Tutorial hilft Ihnen festzustellen, ob die bedingte Formatierung in Ihrer Excel-Datei funktioniert. Lassen Sie uns das \u00fcberpr\u00fcfen...\" \/>\n<meta property=\"og:url\" content=\"https:\/\/exceladvisor.org\/de\/es-funktioniert-nicht\/\" \/>\n<meta property=\"og:site_name\" content=\"Excel Advisor\" \/>\n<meta property=\"article:modified_time\" content=\"2023-12-03T11:13:09+00:00\" \/>\n<meta property=\"og:image\" content=\"https:\/\/exceladvisor.org\/wp-content\/uploads\/2023\/08\/1-reference-erronee.png\" \/>\n<meta name=\"twitter:card\" content=\"summary_large_image\" \/>\n<meta name=\"twitter:label1\" content=\"Gesch\u00e4tzte Lesezeit\" \/>\n\t<meta name=\"twitter:data1\" content=\"2\u00a0Minuten\" \/>\n<script type=\"application\/ld+json\" class=\"yoast-schema-graph\">{\"@context\":\"https:\/\/schema.org\",\"@graph\":[{\"@type\":\"WebPage\",\"@id\":\"https:\/\/exceladvisor.org\/de\/es-funktioniert-nicht\/\",\"url\":\"https:\/\/exceladvisor.org\/de\/es-funktioniert-nicht\/\",\"name\":\"Wenn die bedingte Formatierung in Excel nicht funktioniert?\",\"isPartOf\":{\"@id\":\"https:\/\/exceladvisor.org\/de\/#website\"},\"primaryImageOfPage\":{\"@id\":\"https:\/\/exceladvisor.org\/de\/es-funktioniert-nicht\/#primaryimage\"},\"image\":{\"@id\":\"https:\/\/exceladvisor.org\/de\/es-funktioniert-nicht\/#primaryimage\"},\"thumbnailUrl\":\"https:\/\/exceladvisor.org\/wp-content\/uploads\/2023\/08\/1-reference-erronee.png\",\"datePublished\":\"2023-11-06T17:36:48+00:00\",\"dateModified\":\"2023-12-03T11:13:09+00:00\",\"description\":\"Dieses Tutorial hilft Ihnen festzustellen, ob die bedingte Formatierung in Ihrer Excel-Datei funktioniert. Lassen Sie uns das \u00fcberpr\u00fcfen...\",\"breadcrumb\":{\"@id\":\"https:\/\/exceladvisor.org\/de\/es-funktioniert-nicht\/#breadcrumb\"},\"inLanguage\":\"de\",\"potentialAction\":[{\"@type\":\"ReadAction\",\"target\":[\"https:\/\/exceladvisor.org\/de\/es-funktioniert-nicht\/\"]}]},{\"@type\":\"ImageObject\",\"inLanguage\":\"de\",\"@id\":\"https:\/\/exceladvisor.org\/de\/es-funktioniert-nicht\/#primaryimage\",\"url\":\"https:\/\/exceladvisor.org\/wp-content\/uploads\/2023\/08\/1-reference-erronee.png\",\"contentUrl\":\"https:\/\/exceladvisor.org\/wp-content\/uploads\/2023\/08\/1-reference-erronee.png\"},{\"@type\":\"BreadcrumbList\",\"@id\":\"https:\/\/exceladvisor.org\/de\/es-funktioniert-nicht\/#breadcrumb\",\"itemListElement\":[{\"@type\":\"ListItem\",\"position\":1,\"name\":\"Accueil\",\"item\":\"https:\/\/exceladvisor.org\/de\/\"},{\"@type\":\"ListItem\",\"position\":2,\"name\":\"Wann funktioniert die bedingte formatierung?\"}]},{\"@type\":\"WebSite\",\"@id\":\"https:\/\/exceladvisor.org\/de\/#website\",\"url\":\"https:\/\/exceladvisor.org\/de\/\",\"name\":\"Excel Advisor\",\"description\":\"Ihr Leitfaden zur Datendominanz\",\"publisher\":{\"@id\":\"https:\/\/exceladvisor.org\/de\/#organization\"},\"potentialAction\":[{\"@type\":\"SearchAction\",\"target\":{\"@type\":\"EntryPoint\",\"urlTemplate\":\"https:\/\/exceladvisor.org\/de\/?s={search_term_string}\"},\"query-input\":{\"@type\":\"PropertyValueSpecification\",\"valueRequired\":true,\"valueName\":\"search_term_string\"}}],\"inLanguage\":\"de\"},{\"@type\":\"Organization\",\"@id\":\"https:\/\/exceladvisor.org\/de\/#organization\",\"name\":\"Excel Advisor\",\"url\":\"https:\/\/exceladvisor.org\/de\/\",\"logo\":{\"@type\":\"ImageObject\",\"inLanguage\":\"de\",\"@id\":\"https:\/\/exceladvisor.org\/de\/#\/schema\/logo\/image\/\",\"url\":\"https:\/\/exceladvisor.org\/de\/wp-content\/uploads\/2023\/11\/exceladvisor.org_.png\",\"contentUrl\":\"https:\/\/exceladvisor.org\/de\/wp-content\/uploads\/2023\/11\/exceladvisor.org_.png\",\"width\":105,\"height\":36,\"caption\":\"Excel Advisor\"},\"image\":{\"@id\":\"https:\/\/exceladvisor.org\/de\/#\/schema\/logo\/image\/\"}}]}<\/script>\n<!-- \/ Yoast SEO plugin. -->","yoast_head_json":{"title":"Wenn die bedingte Formatierung in Excel nicht funktioniert?","description":"Dieses Tutorial hilft Ihnen festzustellen, ob die bedingte Formatierung in Ihrer Excel-Datei funktioniert. Lassen Sie uns das \u00fcberpr\u00fcfen...","robots":{"index":"index","follow":"follow","max-snippet":"max-snippet:-1","max-image-preview":"max-image-preview:large","max-video-preview":"max-video-preview:-1"},"canonical":"https:\/\/exceladvisor.org\/de\/es-funktioniert-nicht\/","og_locale":"de_DE","og_type":"article","og_title":"Wenn die bedingte Formatierung in Excel nicht funktioniert?","og_description":"Dieses Tutorial hilft Ihnen festzustellen, ob die bedingte Formatierung in Ihrer Excel-Datei funktioniert. Lassen Sie uns das \u00fcberpr\u00fcfen...","og_url":"https:\/\/exceladvisor.org\/de\/es-funktioniert-nicht\/","og_site_name":"Excel Advisor","article_modified_time":"2023-12-03T11:13:09+00:00","og_image":[{"url":"https:\/\/exceladvisor.org\/wp-content\/uploads\/2023\/08\/1-reference-erronee.png","type":"","width":"","height":""}],"twitter_card":"summary_large_image","twitter_misc":{"Gesch\u00e4tzte Lesezeit":"2\u00a0Minuten"},"schema":{"@context":"https:\/\/schema.org","@graph":[{"@type":"WebPage","@id":"https:\/\/exceladvisor.org\/de\/es-funktioniert-nicht\/","url":"https:\/\/exceladvisor.org\/de\/es-funktioniert-nicht\/","name":"Wenn die bedingte Formatierung in Excel nicht funktioniert?","isPartOf":{"@id":"https:\/\/exceladvisor.org\/de\/#website"},"primaryImageOfPage":{"@id":"https:\/\/exceladvisor.org\/de\/es-funktioniert-nicht\/#primaryimage"},"image":{"@id":"https:\/\/exceladvisor.org\/de\/es-funktioniert-nicht\/#primaryimage"},"thumbnailUrl":"https:\/\/exceladvisor.org\/wp-content\/uploads\/2023\/08\/1-reference-erronee.png","datePublished":"2023-11-06T17:36:48+00:00","dateModified":"2023-12-03T11:13:09+00:00","description":"Dieses Tutorial hilft Ihnen festzustellen, ob die bedingte Formatierung in Ihrer Excel-Datei funktioniert. Lassen Sie uns das \u00fcberpr\u00fcfen...","breadcrumb":{"@id":"https:\/\/exceladvisor.org\/de\/es-funktioniert-nicht\/#breadcrumb"},"inLanguage":"de","potentialAction":[{"@type":"ReadAction","target":["https:\/\/exceladvisor.org\/de\/es-funktioniert-nicht\/"]}]},{"@type":"ImageObject","inLanguage":"de","@id":"https:\/\/exceladvisor.org\/de\/es-funktioniert-nicht\/#primaryimage","url":"https:\/\/exceladvisor.org\/wp-content\/uploads\/2023\/08\/1-reference-erronee.png","contentUrl":"https:\/\/exceladvisor.org\/wp-content\/uploads\/2023\/08\/1-reference-erronee.png"},{"@type":"BreadcrumbList","@id":"https:\/\/exceladvisor.org\/de\/es-funktioniert-nicht\/#breadcrumb","itemListElement":[{"@type":"ListItem","position":1,"name":"Accueil","item":"https:\/\/exceladvisor.org\/de\/"},{"@type":"ListItem","position":2,"name":"Wann funktioniert die bedingte formatierung?"}]},{"@type":"WebSite","@id":"https:\/\/exceladvisor.org\/de\/#website","url":"https:\/\/exceladvisor.org\/de\/","name":"Excel Advisor","description":"Ihr Leitfaden zur Datendominanz","publisher":{"@id":"https:\/\/exceladvisor.org\/de\/#organization"},"potentialAction":[{"@type":"SearchAction","target":{"@type":"EntryPoint","urlTemplate":"https:\/\/exceladvisor.org\/de\/?s={search_term_string}"},"query-input":{"@type":"PropertyValueSpecification","valueRequired":true,"valueName":"search_term_string"}}],"inLanguage":"de"},{"@type":"Organization","@id":"https:\/\/exceladvisor.org\/de\/#organization","name":"Excel Advisor","url":"https:\/\/exceladvisor.org\/de\/","logo":{"@type":"ImageObject","inLanguage":"de","@id":"https:\/\/exceladvisor.org\/de\/#\/schema\/logo\/image\/","url":"https:\/\/exceladvisor.org\/de\/wp-content\/uploads\/2023\/11\/exceladvisor.org_.png","contentUrl":"https:\/\/exceladvisor.org\/de\/wp-content\/uploads\/2023\/11\/exceladvisor.org_.png","width":105,"height":36,"caption":"Excel Advisor"},"image":{"@id":"https:\/\/exceladvisor.org\/de\/#\/schema\/logo\/image\/"}}]}},"yoast_meta":{"yoast_wpseo_title":"","yoast_wpseo_metadesc":"","yoast_wpseo_canonical":""},"_links":{"self":[{"href":"https:\/\/exceladvisor.org\/de\/wp-json\/wp\/v2\/pages\/3252","targetHints":{"allow":["GET"]}}],"collection":[{"href":"https:\/\/exceladvisor.org\/de\/wp-json\/wp\/v2\/pages"}],"about":[{"href":"https:\/\/exceladvisor.org\/de\/wp-json\/wp\/v2\/types\/page"}],"author":[{"embeddable":true,"href":"https:\/\/exceladvisor.org\/de\/wp-json\/wp\/v2\/users\/1"}],"replies":[{"embeddable":true,"href":"https:\/\/exceladvisor.org\/de\/wp-json\/wp\/v2\/comments?post=3252"}],"version-history":[{"count":1,"href":"https:\/\/exceladvisor.org\/de\/wp-json\/wp\/v2\/pages\/3252\/revisions"}],"predecessor-version":[{"id":3812,"href":"https:\/\/exceladvisor.org\/de\/wp-json\/wp\/v2\/pages\/3252\/revisions\/3812"}],"wp:attachment":[{"href":"https:\/\/exceladvisor.org\/de\/wp-json\/wp\/v2\/media?parent=3252"}],"curies":[{"name":"wp","href":"https:\/\/api.w.org\/{rel}","templated":true}]}}