{"id":3253,"date":"2023-11-06T17:32:27","date_gmt":"2023-11-06T17:32:27","guid":{"rendered":"https:\/\/exceladvisor.org\/de\/mehrere-bedingungen\/"},"modified":"2023-12-03T13:05:44","modified_gmt":"2023-12-03T13:05:44","slug":"mehrere-bedingungen","status":"publish","type":"page","link":"https:\/\/exceladvisor.org\/de\/mehrere-bedingungen\/","title":{"rendered":"Wie wende ich mehrere bedingungen in excel an?"},"content":{"rendered":"<div class=\"excel-vor-dem-inhalt\" id=\"excel-1509190176\"><script type=\"text\/javascript\">\r\n\tatOptions = {\r\n\t\t'key' : 'c1158f160081d6540a8409e6925dab94',\r\n\t\t'format' : 'iframe',\r\n\t\t'height' : 250,\r\n\t\t'width' : 300,\r\n\t\t'params' : {}\r\n\t};\r\n<\/script>\r\n<script type=\"text\/javascript\" src=\"\/\/www.highperformanceformat.com\/c1158f160081d6540a8409e6925dab94\/invoke.js\"><\/script><\/div> <p>In Excel k\u00f6nnen Sie bedingte Formatierung verwenden, um mehrere Bedingungen auf eine einzelne Zelle oder einen Zellbereich anzuwenden. Und es gibt zwei M\u00f6glichkeiten, dies zu tun:<\/p><ul><li> Wenden Sie die Regel zweimal an.<\/li><li> Oder Sie verwenden eine Formel, um zwei Bedingungen gleichzeitig zu testen.<\/li><\/ul><p> In diesem Tutorial erfahren Sie, wie Sie diese Methoden im Detail anwenden.<\/p><h2 class=\"wp-block-heading\"> Mehrere Bedingungen in der bedingten Formatierung (2 Bedingungen)<\/h2><ol><li> W\u00e4hlen Sie zun\u00e4chst den Zellbereich aus, auf den Sie die Bedingungen anwenden m\u00f6chten, und gehen Sie zu Bedingte Formatierung &gt; Zellenhervorhebungsregeln &gt; Gr\u00f6\u00dfer als. <br><img loading=\"lazy\" decoding=\"async\" title=\"1-mehrere-Bedingungen-in-bedingter-Formatierung\" src=\"https:\/\/exceladvisor.org\/wp-content\/uploads\/2023\/08\/1-conditions-multiples-dans-la-mise-en-forme-conditionnelle.png\" sizes=\"auto, \" srcset=\"\" alt=\"1-multiple-conditions-in-conditional-formatting\" width=\"443\" height=\"397\"><\/li><li> Geben Sie dort im Dialogfeld \u201e1500\u201c ein und w\u00e4hlen Sie die Formatierung aus, die auf Zellen \u00fcber 1500 angewendet werden soll. Klicken Sie anschlie\u00dfend auf \u201eOK\u201c, um die Regel anzuwenden. <br><img loading=\"lazy\" decoding=\"async\" title=\"2-Wert-gr\u00f6\u00dfer-als eingeben\" src=\"https:\/\/exceladvisor.org\/wp-content\/uploads\/2023\/08\/2-entrer-la-valeur-superieure-a.png\" sizes=\"auto, \" srcset=\"\" alt=\"2-enter-the-value-greater-than\" width=\"522\" height=\"348\"><\/li><li> Gehen Sie erneut zu Bedingte Formatierung &gt; Zellenhervorhebungsregel &gt; Kleiner als. <br><img loading=\"lazy\" decoding=\"async\" title=\"3-bedingte-Formatierung-weniger als\" src=\"https:\/\/exceladvisor.org\/wp-content\/uploads\/2023\/08\/3-mise-en-forme-conditionnelle-moins-de.png\" sizes=\"auto, \" srcset=\"\" alt=\"3-conditonal-formatting-less-than\" width=\"442\" height=\"449\"><\/li><li> Geben Sie anschlie\u00dfend im Dialogfeld die Zahl 700 ein und w\u00e4hlen Sie die Formatierung aus, die Sie auf den Bereich anwenden m\u00f6chten. Wenn Sie fertig sind, klicken Sie auf OK und wenden Sie die Regel an. <br><img loading=\"lazy\" decoding=\"async\" title=\"4-Wert-kleiner-als eingeben\" src=\"https:\/\/exceladvisor.org\/wp-content\/uploads\/2023\/08\/4-entrez-la-valeur-inferieure-a.png\" sizes=\"auto, \" srcset=\"\" alt=\"4-enter-the-less-than-value\" width=\"516\" height=\"342\"><\/li><\/ol><p> Hier haben Sie nun zwei Bedingungen, die auf denselben Zellbereich angewendet werden. In der ersten Bedingung werden Zellen mit einem Wert gr\u00f6\u00dfer als 1500 hervorgehoben. In der zweiten Bedingung werden Zellen hervorgehoben, deren Wert kleiner als 700 ist.<\/p><h2 class=\"wp-block-heading\"> Mehrere Bedingungen in der bedingten Formatierung (einzelne Formel)<\/h2><p> In diesem Teil der Bedingung m\u00fcssen Sie die Formel verwenden, um zwei Bedingungen in einer Regel zu testen.<\/p><ol><li> W\u00e4hlen Sie zun\u00e4chst den Zellbereich aus und gehen Sie zu Bedingte Formatierung &gt; Neue Regel. <br><img loading=\"lazy\" decoding=\"async\" title=\"5-bedingte-Formatierung-neue-Regel\" src=\"https:\/\/exceladvisor.org\/wp-content\/uploads\/2023\/08\/5-nouvelle-regle-de-mise-en-forme-conditionnelle.png\" sizes=\"auto, \" srcset=\"\" alt=\"5-conditional-formatting-new-rule\" width=\"316\" height=\"411\"><\/li><li> Klicken Sie im Dialogfeld auf \u201eEine Formel verwenden, um zu bestimmen, welche Zelle formatiert werden soll\u201c. <br><img loading=\"lazy\" decoding=\"async\" title=\"6-w\u00e4hlen-Sie-verwenden-eine-Formel-zur-Bestimmung-der-Zelle\" src=\"https:\/\/exceladvisor.org\/wp-content\/uploads\/2023\/08\/6-selectionner-utiliser-une-formule-pour-determiner-la-cellule.png\" sizes=\"auto, \" srcset=\"\" alt=\"6-select-use-a-formula-to-determine-cell\" width=\"516\" height=\"194\"><\/li><li> Geben Sie anschlie\u00dfend in der Formeleingabeleiste die Formel =IF(OR(A1&gt;1500,A1&lt;700),TRUE,FALSE) ein und klicken Sie dann auf \u201eFormat\u2026\u201c, um das Format anzugeben, das Sie auf Zellen anwenden m\u00f6chten. <br><img loading=\"lazy\" decoding=\"async\" title=\"7-Formel-in-Formel-Eingabeleiste eingeben\" src=\"https:\/\/exceladvisor.org\/wp-content\/uploads\/2023\/08\/7-entrer-la-formule-dans-la-barre-de-saisie-de-formule.png\" sizes=\"auto, \" srcset=\"\" alt=\"7-enter-formula-in-formula-input-bar\" width=\"504\" height=\"186\"><\/li><li> Klicken Sie am Ende auf OK, um die Regel anzuwenden.<\/li><\/ol><p> Sie haben jetzt alle Zellen hervorgehoben, deren Werte kleiner als 700 oder gr\u00f6\u00dfer als 1500 sind.<\/p><h2 class=\"wp-block-heading\"> Verwendung mehrerer Bedingungen mit mehreren Spalten<\/h2><p> Wenn Sie Zellen hervorheben m\u00f6chten, indem Sie mehrere Bedingungen auf zwei verschiedene Spalten anwenden, k\u00f6nnen Sie dies tun. <\/p><div class=\"wp-block-image\"><figure class=\"aligncenter size-full is-resized\"><img loading=\"lazy\" decoding=\"async\" class=\"wp-image-90928\" src=\"https:\/\/exceladvisor.org\/wp-content\/uploads\/2023\/08\/8-utiliser-plusieurs-conditions-avec-plusieurs-colonnes.png\" sizes=\"auto, \" srcset=\"\" alt=\"Verwenden Sie mehrere Bedingungen mit mehreren Spalten\" width=\"688\" height=\"465\"><\/figure><\/div><pre class=\"wp-block-code\"> <code class=\"language-excel-formula\" lang=\"excel-formula\">=IF(AND(B1=\"a\",OR(A1&lt;700,A1&gt;1500)),TRUE,FALSE)<\/code><\/pre><p> Bei der obigen bedingten Formatierung haben wir drei Bedingungen zum Testen verwendet:<\/p><ul><li> In Spalte B sollte es der Wert \u201ea\u201c sein.<\/li><li> Und in Spalte A muss der Wert kleiner als 700 oder gr\u00f6\u00dfer als 1500 sein.<\/li><\/ul><p> Das bedeutet, dass zuerst eine Bedingung in Spalte B getestet wird, dann zu Spalte A gewechselt wird und zwei weitere Bedingungen getestet werden, um die Zellen hervorzuheben. <\/p><div class=\"gb-container gb-container-52dfcee1 gb-container-sample-file\"><h2 class=\"gb-headline gb-headline-e289c143 gb-headline-text gb-headline-4f7959c2\"> Holen Sie sich die Excel-Datei<\/h2> <a class=\"gb-button gb-button-e88d6bee gb-button-text gb-button-button1\" href=\"https:\/\/exceladvisor.org\/wp-content\/uploads\/2023\/11\/conditions-multiples-mise-en-forme-conditionnelle.xlsx\" rel=\"nofollow\">Herunterladen<\/a><\/div><div class=\"gb-container gb-container-6076ba72 gb-container-mt\"> <a class=\"gb-button gb-button-76e6a499 gb-button-text gb-button-mt-button\" href=\"https:\/\/exceladvisor.org\/de\/excel-grundlagen\/\">Lernen Sie die Grundlagen von Excel<\/a><h2 class=\"gb-headline gb-headline-a9e9e206 gb-headline-text gb-headline-mt-heading\"> Erfahren Sie mehr \u00fcber <a href=\"https:\/\/exceladvisor.org\/de\/bedingte-formatierung\/\">bedingte Formatierung<\/a> <\/h2><div class=\"gb-grid-wrapper gb-grid-wrapper-790317cb gb-grid-wrapper-mt-grid\"><div class=\"gb-grid-column gb-grid-column-a9845ede\"><div class=\"gb-container gb-container-a9845ede\"><ul><li> <a href=\"https:\/\/exceladvisor.org\/de\/wenden-sie-eine-bedingte-formatierung-an\/\">Wenden Sie eine bedingte Formatierung auf eine Pivot-Tabelle an<\/a><\/li><li> <a href=\"https:\/\/exceladvisor.org\/de\/zuruckziehen\/\">Bedingte Formatierung entfernen<\/a><\/li><li> <a href=\"https:\/\/exceladvisor.org\/de\/leere-zellen\/\">Wenden Sie bedingte Formatierung auf leere Zellen in Excel an<\/a><\/li><li> <a href=\"https:\/\/exceladvisor.org\/de\/spalten-vergleichen\/\">Vergleichen Sie zwei Spalten mithilfe der bedingten Formatierung<\/a><\/li><\/ul><\/div><\/div><\/div><\/div>","protected":false},"excerpt":{"rendered":"","protected":false},"author":1,"featured_media":0,"parent":0,"menu_order":0,"comment_status":"open","ping_status":"closed","template":"","meta":{"ub_ctt_via":"","footnotes":""},"class_list":["post-3253","page","type-page","status-publish","hentry"],"featured_image_src":null,"yoast_head":"<!-- This site is optimized with the Yoast SEO plugin v25.4 - https:\/\/yoast.com\/wordpress\/plugins\/seo\/ -->\n<title>Wie wende ich mehrere Bedingungen in Excel an?<\/title>\n<meta name=\"description\" content=\"In diesem Tutorial erfahren Sie, wie Sie verschiedene Regeln f\u00fcr die bedingte Formatierung in Excel anwenden. Lassen Sie uns das \u00fcberpr\u00fcfen ...\" \/>\n<meta name=\"robots\" content=\"index, follow, max-snippet:-1, max-image-preview:large, max-video-preview:-1\" \/>\n<link rel=\"canonical\" href=\"https:\/\/exceladvisor.org\/de\/mehrere-bedingungen\/\" \/>\n<meta property=\"og:locale\" content=\"de_DE\" \/>\n<meta property=\"og:type\" content=\"article\" \/>\n<meta property=\"og:title\" content=\"Wie wende ich mehrere Bedingungen in Excel an?\" \/>\n<meta property=\"og:description\" content=\"In diesem Tutorial erfahren Sie, wie Sie verschiedene Regeln f\u00fcr die bedingte Formatierung in Excel anwenden. Lassen Sie uns das \u00fcberpr\u00fcfen ...\" \/>\n<meta property=\"og:url\" content=\"https:\/\/exceladvisor.org\/de\/mehrere-bedingungen\/\" \/>\n<meta property=\"og:site_name\" content=\"Excel Advisor\" \/>\n<meta property=\"article:modified_time\" content=\"2023-12-03T13:05:44+00:00\" \/>\n<meta property=\"og:image\" content=\"https:\/\/exceladvisor.org\/wp-content\/uploads\/2023\/08\/1-conditions-multiples-dans-la-mise-en-forme-conditionnelle.png\" \/>\n<meta name=\"twitter:card\" content=\"summary_large_image\" \/>\n<meta name=\"twitter:label1\" content=\"Gesch\u00e4tzte Lesezeit\" \/>\n\t<meta name=\"twitter:data1\" content=\"2\u00a0Minuten\" \/>\n<script type=\"application\/ld+json\" class=\"yoast-schema-graph\">{\"@context\":\"https:\/\/schema.org\",\"@graph\":[{\"@type\":\"WebPage\",\"@id\":\"https:\/\/exceladvisor.org\/de\/mehrere-bedingungen\/\",\"url\":\"https:\/\/exceladvisor.org\/de\/mehrere-bedingungen\/\",\"name\":\"Wie wende ich mehrere Bedingungen in Excel an?\",\"isPartOf\":{\"@id\":\"https:\/\/exceladvisor.org\/de\/#website\"},\"primaryImageOfPage\":{\"@id\":\"https:\/\/exceladvisor.org\/de\/mehrere-bedingungen\/#primaryimage\"},\"image\":{\"@id\":\"https:\/\/exceladvisor.org\/de\/mehrere-bedingungen\/#primaryimage\"},\"thumbnailUrl\":\"https:\/\/exceladvisor.org\/wp-content\/uploads\/2023\/08\/1-conditions-multiples-dans-la-mise-en-forme-conditionnelle.png\",\"datePublished\":\"2023-11-06T17:32:27+00:00\",\"dateModified\":\"2023-12-03T13:05:44+00:00\",\"description\":\"In diesem Tutorial erfahren Sie, wie Sie verschiedene Regeln f\u00fcr die bedingte Formatierung in Excel anwenden. Lassen Sie uns das \u00fcberpr\u00fcfen ...\",\"breadcrumb\":{\"@id\":\"https:\/\/exceladvisor.org\/de\/mehrere-bedingungen\/#breadcrumb\"},\"inLanguage\":\"de\",\"potentialAction\":[{\"@type\":\"ReadAction\",\"target\":[\"https:\/\/exceladvisor.org\/de\/mehrere-bedingungen\/\"]}]},{\"@type\":\"ImageObject\",\"inLanguage\":\"de\",\"@id\":\"https:\/\/exceladvisor.org\/de\/mehrere-bedingungen\/#primaryimage\",\"url\":\"https:\/\/exceladvisor.org\/wp-content\/uploads\/2023\/08\/1-conditions-multiples-dans-la-mise-en-forme-conditionnelle.png\",\"contentUrl\":\"https:\/\/exceladvisor.org\/wp-content\/uploads\/2023\/08\/1-conditions-multiples-dans-la-mise-en-forme-conditionnelle.png\"},{\"@type\":\"BreadcrumbList\",\"@id\":\"https:\/\/exceladvisor.org\/de\/mehrere-bedingungen\/#breadcrumb\",\"itemListElement\":[{\"@type\":\"ListItem\",\"position\":1,\"name\":\"Accueil\",\"item\":\"https:\/\/exceladvisor.org\/de\/\"},{\"@type\":\"ListItem\",\"position\":2,\"name\":\"Wie wende ich mehrere bedingungen in excel an?\"}]},{\"@type\":\"WebSite\",\"@id\":\"https:\/\/exceladvisor.org\/de\/#website\",\"url\":\"https:\/\/exceladvisor.org\/de\/\",\"name\":\"Excel Advisor\",\"description\":\"Ihr Leitfaden zur Datendominanz\",\"publisher\":{\"@id\":\"https:\/\/exceladvisor.org\/de\/#organization\"},\"potentialAction\":[{\"@type\":\"SearchAction\",\"target\":{\"@type\":\"EntryPoint\",\"urlTemplate\":\"https:\/\/exceladvisor.org\/de\/?s={search_term_string}\"},\"query-input\":{\"@type\":\"PropertyValueSpecification\",\"valueRequired\":true,\"valueName\":\"search_term_string\"}}],\"inLanguage\":\"de\"},{\"@type\":\"Organization\",\"@id\":\"https:\/\/exceladvisor.org\/de\/#organization\",\"name\":\"Excel Advisor\",\"url\":\"https:\/\/exceladvisor.org\/de\/\",\"logo\":{\"@type\":\"ImageObject\",\"inLanguage\":\"de\",\"@id\":\"https:\/\/exceladvisor.org\/de\/#\/schema\/logo\/image\/\",\"url\":\"https:\/\/exceladvisor.org\/de\/wp-content\/uploads\/2023\/11\/exceladvisor.org_.png\",\"contentUrl\":\"https:\/\/exceladvisor.org\/de\/wp-content\/uploads\/2023\/11\/exceladvisor.org_.png\",\"width\":105,\"height\":36,\"caption\":\"Excel Advisor\"},\"image\":{\"@id\":\"https:\/\/exceladvisor.org\/de\/#\/schema\/logo\/image\/\"}}]}<\/script>\n<!-- \/ Yoast SEO plugin. -->","yoast_head_json":{"title":"Wie wende ich mehrere Bedingungen in Excel an?","description":"In diesem Tutorial erfahren Sie, wie Sie verschiedene Regeln f\u00fcr die bedingte Formatierung in Excel anwenden. Lassen Sie uns das \u00fcberpr\u00fcfen ...","robots":{"index":"index","follow":"follow","max-snippet":"max-snippet:-1","max-image-preview":"max-image-preview:large","max-video-preview":"max-video-preview:-1"},"canonical":"https:\/\/exceladvisor.org\/de\/mehrere-bedingungen\/","og_locale":"de_DE","og_type":"article","og_title":"Wie wende ich mehrere Bedingungen in Excel an?","og_description":"In diesem Tutorial erfahren Sie, wie Sie verschiedene Regeln f\u00fcr die bedingte Formatierung in Excel anwenden. Lassen Sie uns das \u00fcberpr\u00fcfen ...","og_url":"https:\/\/exceladvisor.org\/de\/mehrere-bedingungen\/","og_site_name":"Excel Advisor","article_modified_time":"2023-12-03T13:05:44+00:00","og_image":[{"url":"https:\/\/exceladvisor.org\/wp-content\/uploads\/2023\/08\/1-conditions-multiples-dans-la-mise-en-forme-conditionnelle.png","type":"","width":"","height":""}],"twitter_card":"summary_large_image","twitter_misc":{"Gesch\u00e4tzte Lesezeit":"2\u00a0Minuten"},"schema":{"@context":"https:\/\/schema.org","@graph":[{"@type":"WebPage","@id":"https:\/\/exceladvisor.org\/de\/mehrere-bedingungen\/","url":"https:\/\/exceladvisor.org\/de\/mehrere-bedingungen\/","name":"Wie wende ich mehrere Bedingungen in Excel an?","isPartOf":{"@id":"https:\/\/exceladvisor.org\/de\/#website"},"primaryImageOfPage":{"@id":"https:\/\/exceladvisor.org\/de\/mehrere-bedingungen\/#primaryimage"},"image":{"@id":"https:\/\/exceladvisor.org\/de\/mehrere-bedingungen\/#primaryimage"},"thumbnailUrl":"https:\/\/exceladvisor.org\/wp-content\/uploads\/2023\/08\/1-conditions-multiples-dans-la-mise-en-forme-conditionnelle.png","datePublished":"2023-11-06T17:32:27+00:00","dateModified":"2023-12-03T13:05:44+00:00","description":"In diesem Tutorial erfahren Sie, wie Sie verschiedene Regeln f\u00fcr die bedingte Formatierung in Excel anwenden. Lassen Sie uns das \u00fcberpr\u00fcfen ...","breadcrumb":{"@id":"https:\/\/exceladvisor.org\/de\/mehrere-bedingungen\/#breadcrumb"},"inLanguage":"de","potentialAction":[{"@type":"ReadAction","target":["https:\/\/exceladvisor.org\/de\/mehrere-bedingungen\/"]}]},{"@type":"ImageObject","inLanguage":"de","@id":"https:\/\/exceladvisor.org\/de\/mehrere-bedingungen\/#primaryimage","url":"https:\/\/exceladvisor.org\/wp-content\/uploads\/2023\/08\/1-conditions-multiples-dans-la-mise-en-forme-conditionnelle.png","contentUrl":"https:\/\/exceladvisor.org\/wp-content\/uploads\/2023\/08\/1-conditions-multiples-dans-la-mise-en-forme-conditionnelle.png"},{"@type":"BreadcrumbList","@id":"https:\/\/exceladvisor.org\/de\/mehrere-bedingungen\/#breadcrumb","itemListElement":[{"@type":"ListItem","position":1,"name":"Accueil","item":"https:\/\/exceladvisor.org\/de\/"},{"@type":"ListItem","position":2,"name":"Wie wende ich mehrere bedingungen in excel an?"}]},{"@type":"WebSite","@id":"https:\/\/exceladvisor.org\/de\/#website","url":"https:\/\/exceladvisor.org\/de\/","name":"Excel Advisor","description":"Ihr Leitfaden zur Datendominanz","publisher":{"@id":"https:\/\/exceladvisor.org\/de\/#organization"},"potentialAction":[{"@type":"SearchAction","target":{"@type":"EntryPoint","urlTemplate":"https:\/\/exceladvisor.org\/de\/?s={search_term_string}"},"query-input":{"@type":"PropertyValueSpecification","valueRequired":true,"valueName":"search_term_string"}}],"inLanguage":"de"},{"@type":"Organization","@id":"https:\/\/exceladvisor.org\/de\/#organization","name":"Excel Advisor","url":"https:\/\/exceladvisor.org\/de\/","logo":{"@type":"ImageObject","inLanguage":"de","@id":"https:\/\/exceladvisor.org\/de\/#\/schema\/logo\/image\/","url":"https:\/\/exceladvisor.org\/de\/wp-content\/uploads\/2023\/11\/exceladvisor.org_.png","contentUrl":"https:\/\/exceladvisor.org\/de\/wp-content\/uploads\/2023\/11\/exceladvisor.org_.png","width":105,"height":36,"caption":"Excel Advisor"},"image":{"@id":"https:\/\/exceladvisor.org\/de\/#\/schema\/logo\/image\/"}}]}},"yoast_meta":{"yoast_wpseo_title":"","yoast_wpseo_metadesc":"","yoast_wpseo_canonical":""},"_links":{"self":[{"href":"https:\/\/exceladvisor.org\/de\/wp-json\/wp\/v2\/pages\/3253","targetHints":{"allow":["GET"]}}],"collection":[{"href":"https:\/\/exceladvisor.org\/de\/wp-json\/wp\/v2\/pages"}],"about":[{"href":"https:\/\/exceladvisor.org\/de\/wp-json\/wp\/v2\/types\/page"}],"author":[{"embeddable":true,"href":"https:\/\/exceladvisor.org\/de\/wp-json\/wp\/v2\/users\/1"}],"replies":[{"embeddable":true,"href":"https:\/\/exceladvisor.org\/de\/wp-json\/wp\/v2\/comments?post=3253"}],"version-history":[{"count":1,"href":"https:\/\/exceladvisor.org\/de\/wp-json\/wp\/v2\/pages\/3253\/revisions"}],"predecessor-version":[{"id":4411,"href":"https:\/\/exceladvisor.org\/de\/wp-json\/wp\/v2\/pages\/3253\/revisions\/4411"}],"wp:attachment":[{"href":"https:\/\/exceladvisor.org\/de\/wp-json\/wp\/v2\/media?parent=3253"}],"curies":[{"name":"wp","href":"https:\/\/api.w.org\/{rel}","templated":true}]}}